{"id":132,"date":"2024-12-31T09:52:54","date_gmt":"2024-12-31T01:52:54","guid":{"rendered":"http:\/\/www.cosmepak.com\/?post_type=product&#038;p=132"},"modified":"2025-09-10T13:07:52","modified_gmt":"2025-09-10T05:07:52","slug":"glass-bottle","status":"publish","type":"product","link":"https:\/\/www.cosmepak.com\/es\/product\/glass-bottle\/","title":{"rendered":"Botella de vidrio"},"content":{"rendered":"<table style=\"border-collapse: collapse; width: 100.146%; height: 216px;\">\n<tbody>\n<tr style=\"height: 24px;\">\n<td style=\"width: 35.4401%; height: 216px;\" rowspan=\"9\"><img fetchpriority=\"high\" decoding=\"async\" class=\"alignnone size-full wp-image-2724\" src=\"https:\/\/www.cosmepak.com\/wp-content\/uploads\/2025\/07\/\u8be6\u60c5-9.jpg\" alt=\"\" width=\"1000\" height=\"1000\" srcset=\"https:\/\/www.cosmepak.com\/wp-content\/uploads\/2025\/07\/\u8be6\u60c5-9.jpg 1000w, https:\/\/www.cosmepak.com\/wp-content\/uploads\/2025\/07\/\u8be6\u60c5-9-300x300.jpg 300w, https:\/\/www.cosmepak.com\/wp-content\/uploads\/2025\/07\/\u8be6\u60c5-9-150x150.jpg 150w, https:\/\/www.cosmepak.com\/wp-content\/uploads\/2025\/07\/\u8be6\u60c5-9-768x768.jpg 768w, https:\/\/www.cosmepak.com\/wp-content\/uploads\/2025\/07\/\u8be6\u60c5-9-12x12.jpg 12w, https:\/\/www.cosmepak.com\/wp-content\/uploads\/2025\/07\/\u8be6\u60c5-9-600x600.jpg 600w, https:\/\/www.cosmepak.com\/wp-content\/uploads\/2025\/07\/\u8be6\u60c5-9-100x100.jpg 100w\" sizes=\"(max-width: 1000px) 100vw, 1000px\" \/><\/td>\n<td style=\"width: 28.3233%; height: 24px; text-align: center;\">Nombre del producto<\/td>\n<td style=\"width: 66.401%; height: 24px; text-align: center;\">Botella de vidrio<\/td>\n<\/tr>\n<tr style=\"height: 24px;\">\n<td style=\"width: 28.3233%; height: 24px; text-align: center;\">Material<\/td>\n<td style=\"width: 66.401%; height: 24px; text-align: center;\">Vaso<\/td>\n<\/tr>\n<tr style=\"height: 24px;\">\n<td style=\"width: 28.3233%; height: 24px; text-align: center;\">Color<\/td>\n<td style=\"width: 66.401%; height: 24px; text-align: center;\">Personalizado<\/td>\n<\/tr>\n<tr style=\"height: 24px;\">\n<td style=\"width: 28.3233%; height: 24px; text-align: center;\">Tratamiento de obras de arte<\/td>\n<td style=\"width: 66.401%; height: 24px; text-align: center;\">Serigraf\u00eda \/ estampado en caliente \/ recubrimiento ~<\/td>\n<\/tr>\n<tr style=\"height: 24px;\">\n<td style=\"width: 28.3233%; height: 24px; text-align: center;\">Capacidad<\/td>\n<td style=\"width: 66.401%; height: 24px; text-align: center;\">30ml \/ 50ml \/ 100ml \/ 120ml \/ 30g \/ 50g<\/td>\n<\/tr>\n<tr style=\"height: 24px;\">\n<td style=\"width: 28.3233%; height: 24px; text-align: center;\">Moq<\/td>\n<td style=\"width: 66.401%; height: 24px; text-align: center;\">5000<\/td>\n<\/tr>\n<tr style=\"height: 24px;\">\n<td style=\"width: 28.3233%; height: 24px; text-align: center;\">Tiempo de entrega<\/td>\n<td style=\"width: 66.401%; height: 24px; text-align: center;\">45 d\u00edas despu\u00e9s de la recepci\u00f3n del dep\u00f3sito<\/td>\n<\/tr>\n<tr style=\"height: 24px;\">\n<td style=\"width: 28.3233%; height: 24px; text-align: center;\">Pago<\/td>\n<td style=\"width: 66.401%; height: 24px; text-align: center;\">Dep\u00f3sito del 50%, saldo del 50% pagado antes de cargar<\/td>\n<\/tr>\n<tr style=\"height: 24px;\">\n<td style=\"width: 28.3233%; height: 24px; text-align: center;\">Embalaje<\/td>\n<td style=\"width: 66.401%; height: 24px; text-align: center;\">Caja de papel kraft y paleta de madera<\/td>\n<\/tr>\n<\/tbody>\n<\/table>\n<p>Este conjunto de botellas de vidrio es perfecto para dispensar varios productos de cuidado de la piel, incluyendo lociones, cremas, sueros y t\u00f3ners. Hecho de vidrio de alta calidad, estas botellas ofrecen una sensaci\u00f3n premium y son ideales para porcionar con precisi\u00f3n. Ya sea que est\u00e9 produciendo lociones, cremas, sueros o t\u00f3ners, estas botellas aseguran un envasado f\u00e1cil y eficiente.<\/p>\n<p><img decoding=\"async\" class=\"size-full wp-image-2715 aligncenter\" src=\"https:\/\/www.cosmepak.com\/wp-content\/uploads\/2025\/07\/\u8be6\u60c5-12.jpg\" alt=\"\" width=\"800\" height=\"663\" srcset=\"https:\/\/www.cosmepak.com\/wp-content\/uploads\/2025\/07\/\u8be6\u60c5-12.jpg 800w, https:\/\/www.cosmepak.com\/wp-content\/uploads\/2025\/07\/\u8be6\u60c5-12-300x249.jpg 300w, https:\/\/www.cosmepak.com\/wp-content\/uploads\/2025\/07\/\u8be6\u60c5-12-768x636.jpg 768w, https:\/\/www.cosmepak.com\/wp-content\/uploads\/2025\/07\/\u8be6\u60c5-12-14x12.jpg 14w, https:\/\/www.cosmepak.com\/wp-content\/uploads\/2025\/07\/\u8be6\u60c5-12-600x497.jpg 600w\" sizes=\"(max-width: 800px) 100vw, 800px\" \/> <img decoding=\"async\" class=\"size-full wp-image-2716 aligncenter\" src=\"https:\/\/www.cosmepak.com\/wp-content\/uploads\/2025\/07\/\u8be6\u60c5-13.jpg\" alt=\"\" width=\"800\" height=\"785\" srcset=\"https:\/\/www.cosmepak.com\/wp-content\/uploads\/2025\/07\/\u8be6\u60c5-13.jpg 800w, https:\/\/www.cosmepak.com\/wp-content\/uploads\/2025\/07\/\u8be6\u60c5-13-300x294.jpg 300w, https:\/\/www.cosmepak.com\/wp-content\/uploads\/2025\/07\/\u8be6\u60c5-13-768x754.jpg 768w, https:\/\/www.cosmepak.com\/wp-content\/uploads\/2025\/07\/\u8be6\u60c5-13-12x12.jpg 12w, https:\/\/www.cosmepak.com\/wp-content\/uploads\/2025\/07\/\u8be6\u60c5-13-600x589.jpg 600w\" sizes=\"(max-width: 800px) 100vw, 800px\" \/> <img loading=\"lazy\" decoding=\"async\" class=\"size-full wp-image-2714 aligncenter\" src=\"https:\/\/www.cosmepak.com\/wp-content\/uploads\/2025\/07\/\u8be6\u60c5-11.jpg\" alt=\"\" width=\"1000\" height=\"479\" srcset=\"https:\/\/www.cosmepak.com\/wp-content\/uploads\/2025\/07\/\u8be6\u60c5-11.jpg 1000w, https:\/\/www.cosmepak.com\/wp-content\/uploads\/2025\/07\/\u8be6\u60c5-11-300x144.jpg 300w, https:\/\/www.cosmepak.com\/wp-content\/uploads\/2025\/07\/\u8be6\u60c5-11-768x368.jpg 768w, https:\/\/www.cosmepak.com\/wp-content\/uploads\/2025\/07\/\u8be6\u60c5-11-18x9.jpg 18w, https:\/\/www.cosmepak.com\/wp-content\/uploads\/2025\/07\/\u8be6\u60c5-11-600x287.jpg 600w\" sizes=\"(max-width: 1000px) 100vw, 1000px\" \/><\/p>\n<table style=\"border-collapse: collapse; width: 100%; height: 96px;\">\n<tbody>\n<tr style=\"height: 24px;\">\n<td style=\"width: 25%; height: 24px; text-align: center;\"><strong>Art\u00edculo<\/strong><\/td>\n<td style=\"width: 25%; height: 24px; text-align: center;\"><strong>Di\u00e1metro inferior<\/strong><\/td>\n<td style=\"width: 25%; height: 24px; text-align: center;\"><strong>\u00a0Altura<\/strong><\/td>\n<\/tr>\n<tr style=\"height: 24px;\">\n<td style=\"width: 25%; height: 24px; text-align: center;\">Tarro de 30 g<\/td>\n<td style=\"width: 25%; height: 24px; text-align: center;\">50 mm<\/td>\n<td style=\"width: 25%; height: 24px; text-align: center;\">43 mm<\/td>\n<\/tr>\n<tr style=\"height: 24px;\">\n<td style=\"width: 25%; height: 24px; text-align: center;\">frasco de 50g<\/td>\n<td style=\"width: 25%; height: 24px; text-align: center;\">75 mm<\/td>\n<td style=\"width: 25%; height: 24px; text-align: center;\">50 mm<\/td>\n<\/tr>\n<tr style=\"height: 24px;\">\n<td style=\"width: 25%; height: 24px; text-align: center;\">botella de 30 ml<\/td>\n<td style=\"width: 25%; height: 24px; text-align: center;\">29 mm<\/td>\n<td style=\"width: 25%; height: 24px; text-align: center;\">110 mm<\/td>\n<\/tr>\n<tr>\n<td style=\"width: 25%; text-align: center;\">botella de 50 ml<\/td>\n<td style=\"width: 25%; text-align: center;\">29 mm<\/td>\n<td style=\"width: 25%; text-align: center;\">140 mm<\/td>\n<\/tr>\n<tr>\n<td style=\"width: 25%; text-align: center;\">botella de 100 ml<\/td>\n<td style=\"width: 25%; text-align: center;\">33 mm<\/td>\n<td style=\"width: 25%; text-align: center;\">162 mm<\/td>\n<\/tr>\n<tr>\n<td style=\"width: 25%; text-align: center;\">botella de 120 ml<\/td>\n<td style=\"width: 25%; text-align: center;\">35 mm<\/td>\n<td style=\"width: 25%; text-align: center;\">170 mm<\/td>\n<\/tr>\n<\/tbody>\n<\/table>\n<p><img loading=\"lazy\" decoding=\"async\" class=\"wp-image-2720 aligncenter\" src=\"https:\/\/www.cosmepak.com\/wp-content\/uploads\/2025\/07\/\u4e3b\u56fe-3-1.jpg\" alt=\"\" width=\"1434\" height=\"1434\" srcset=\"https:\/\/www.cosmepak.com\/wp-content\/uploads\/2025\/07\/\u4e3b\u56fe-3-1.jpg 1000w, https:\/\/www.cosmepak.com\/wp-content\/uploads\/2025\/07\/\u4e3b\u56fe-3-1-300x300.jpg 300w, https:\/\/www.cosmepak.com\/wp-content\/uploads\/2025\/07\/\u4e3b\u56fe-3-1-150x150.jpg 150w, https:\/\/www.cosmepak.com\/wp-content\/uploads\/2025\/07\/\u4e3b\u56fe-3-1-768x768.jpg 768w, https:\/\/www.cosmepak.com\/wp-content\/uploads\/2025\/07\/\u4e3b\u56fe-3-1-12x12.jpg 12w, https:\/\/www.cosmepak.com\/wp-content\/uploads\/2025\/07\/\u4e3b\u56fe-3-1-600x600.jpg 600w, https:\/\/www.cosmepak.com\/wp-content\/uploads\/2025\/07\/\u4e3b\u56fe-3-1-100x100.jpg 100w\" sizes=\"(max-width: 1434px) 100vw, 1434px\" \/><\/p>\n<table style=\"border-collapse: collapse; width: 100%;\">\n<tbody>\n<tr>\n<td style=\"width: 25%;\"><img loading=\"lazy\" decoding=\"async\" class=\"alignnone size-full wp-image-2723\" src=\"https:\/\/www.cosmepak.com\/wp-content\/uploads\/2025\/07\/\u8be6\u60c5-19-1.jpg\" alt=\"\" width=\"1000\" height=\"1000\" srcset=\"https:\/\/www.cosmepak.com\/wp-content\/uploads\/2025\/07\/\u8be6\u60c5-19-1.jpg 1000w, https:\/\/www.cosmepak.com\/wp-content\/uploads\/2025\/07\/\u8be6\u60c5-19-1-300x300.jpg 300w, https:\/\/www.cosmepak.com\/wp-content\/uploads\/2025\/07\/\u8be6\u60c5-19-1-150x150.jpg 150w, https:\/\/www.cosmepak.com\/wp-content\/uploads\/2025\/07\/\u8be6\u60c5-19-1-768x768.jpg 768w, https:\/\/www.cosmepak.com\/wp-content\/uploads\/2025\/07\/\u8be6\u60c5-19-1-12x12.jpg 12w, https:\/\/www.cosmepak.com\/wp-content\/uploads\/2025\/07\/\u8be6\u60c5-19-1-600x600.jpg 600w, https:\/\/www.cosmepak.com\/wp-content\/uploads\/2025\/07\/\u8be6\u60c5-19-1-100x100.jpg 100w\" sizes=\"(max-width: 1000px) 100vw, 1000px\" \/><\/td>\n<td style=\"width: 25%;\"><img loading=\"lazy\" decoding=\"async\" class=\"alignnone size-full wp-image-2722\" src=\"https:\/\/www.cosmepak.com\/wp-content\/uploads\/2025\/07\/\u4e3b\u56fe-5-1.jpg\" alt=\"\" width=\"1000\" height=\"1000\" srcset=\"https:\/\/www.cosmepak.com\/wp-content\/uploads\/2025\/07\/\u4e3b\u56fe-5-1.jpg 1000w, https:\/\/www.cosmepak.com\/wp-content\/uploads\/2025\/07\/\u4e3b\u56fe-5-1-300x300.jpg 300w, https:\/\/www.cosmepak.com\/wp-content\/uploads\/2025\/07\/\u4e3b\u56fe-5-1-150x150.jpg 150w, https:\/\/www.cosmepak.com\/wp-content\/uploads\/2025\/07\/\u4e3b\u56fe-5-1-768x768.jpg 768w, https:\/\/www.cosmepak.com\/wp-content\/uploads\/2025\/07\/\u4e3b\u56fe-5-1-12x12.jpg 12w, https:\/\/www.cosmepak.com\/wp-content\/uploads\/2025\/07\/\u4e3b\u56fe-5-1-600x600.jpg 600w, https:\/\/www.cosmepak.com\/wp-content\/uploads\/2025\/07\/\u4e3b\u56fe-5-1-100x100.jpg 100w\" sizes=\"(max-width: 1000px) 100vw, 1000px\" \/><\/td>\n<td style=\"width: 25%;\"><img loading=\"lazy\" decoding=\"async\" class=\"alignnone size-full wp-image-2721\" src=\"https:\/\/www.cosmepak.com\/wp-content\/uploads\/2025\/07\/\u4e3b\u56fe-4.jpg\" alt=\"\" width=\"1000\" height=\"1000\" srcset=\"https:\/\/www.cosmepak.com\/wp-content\/uploads\/2025\/07\/\u4e3b\u56fe-4.jpg 1000w, https:\/\/www.cosmepak.com\/wp-content\/uploads\/2025\/07\/\u4e3b\u56fe-4-300x300.jpg 300w, https:\/\/www.cosmepak.com\/wp-content\/uploads\/2025\/07\/\u4e3b\u56fe-4-150x150.jpg 150w, https:\/\/www.cosmepak.com\/wp-content\/uploads\/2025\/07\/\u4e3b\u56fe-4-768x768.jpg 768w, https:\/\/www.cosmepak.com\/wp-content\/uploads\/2025\/07\/\u4e3b\u56fe-4-12x12.jpg 12w, https:\/\/www.cosmepak.com\/wp-content\/uploads\/2025\/07\/\u4e3b\u56fe-4-600x600.jpg 600w, https:\/\/www.cosmepak.com\/wp-content\/uploads\/2025\/07\/\u4e3b\u56fe-4-100x100.jpg 100w\" sizes=\"(max-width: 1000px) 100vw, 1000px\" \/><\/td>\n<td style=\"width: 25%;\"><img loading=\"lazy\" decoding=\"async\" class=\"alignnone size-full wp-image-2717\" src=\"https:\/\/www.cosmepak.com\/wp-content\/uploads\/2025\/07\/\u8be6\u60c5-16.jpg\" alt=\"\" width=\"1000\" height=\"1000\" srcset=\"https:\/\/www.cosmepak.com\/wp-content\/uploads\/2025\/07\/\u8be6\u60c5-16.jpg 1000w, https:\/\/www.cosmepak.com\/wp-content\/uploads\/2025\/07\/\u8be6\u60c5-16-300x300.jpg 300w, https:\/\/www.cosmepak.com\/wp-content\/uploads\/2025\/07\/\u8be6\u60c5-16-150x150.jpg 150w, https:\/\/www.cosmepak.com\/wp-content\/uploads\/2025\/07\/\u8be6\u60c5-16-768x768.jpg 768w, https:\/\/www.cosmepak.com\/wp-content\/uploads\/2025\/07\/\u8be6\u60c5-16-12x12.jpg 12w, https:\/\/www.cosmepak.com\/wp-content\/uploads\/2025\/07\/\u8be6\u60c5-16-600x600.jpg 600w, https:\/\/www.cosmepak.com\/wp-content\/uploads\/2025\/07\/\u8be6\u60c5-16-100x100.jpg 100w\" sizes=\"(max-width: 1000px) 100vw, 1000px\" \/><\/td>\n<\/tr>\n<\/tbody>\n<\/table>\n<p>1. Dise\u00f1o de cuello de botella en espiral: Ofrece excelente sellado y f\u00e1cil apertura.<br \/>\n2. fondo de la botella espesado: reforzado para la durabilidad y la distribuci\u00f3n uniforme del material, proporcionando un gran atractivo visual.<br \/>\n3. Tapa externa del PP: evita fugas y prensado accidental, con roscas internas claras para tornillar f\u00e1cilmente.<\/p>\n<p><img loading=\"lazy\" decoding=\"async\" class=\"alignnone wp-image-2725\" src=\"https:\/\/www.cosmepak.com\/wp-content\/uploads\/2025\/07\/\u8be6\u60c5-10.jpg\" alt=\"\" width=\"1385\" height=\"1385\" srcset=\"https:\/\/www.cosmepak.com\/wp-content\/uploads\/2025\/07\/\u8be6\u60c5-10.jpg 1000w, https:\/\/www.cosmepak.com\/wp-content\/uploads\/2025\/07\/\u8be6\u60c5-10-300x300.jpg 300w, https:\/\/www.cosmepak.com\/wp-content\/uploads\/2025\/07\/\u8be6\u60c5-10-150x150.jpg 150w, https:\/\/www.cosmepak.com\/wp-content\/uploads\/2025\/07\/\u8be6\u60c5-10-768x768.jpg 768w, https:\/\/www.cosmepak.com\/wp-content\/uploads\/2025\/07\/\u8be6\u60c5-10-12x12.jpg 12w, https:\/\/www.cosmepak.com\/wp-content\/uploads\/2025\/07\/\u8be6\u60c5-10-600x600.jpg 600w, https:\/\/www.cosmepak.com\/wp-content\/uploads\/2025\/07\/\u8be6\u60c5-10-100x100.jpg 100w\" sizes=\"(max-width: 1385px) 100vw, 1385px\" \/><\/p>\n<p>Dise\u00f1o personalizable: este producto permite la impresi\u00f3n y los colores personalizados, lo que permite a las empresas crear dise\u00f1os \u00fanicos y personalizados que se ajusten a su identidad y necesidades de su marca.<\/p>\n<p>Las muestras gratuitas incluyen: las muestras gratuitas se proporcionan con cada compra, lo que permite a los clientes probar productos antes de realizar un pedido.<\/p>\n<p>Material de vidrio de alta calidad: hecho de vidrio de alta calidad, esta botella garantiza una apariencia premium, perfecta para marcas de lujo y productos para el cuidado de la piel de alta gama.<\/p>\n<p>Entrega r\u00e1pida: con un tiempo de entrega de 45 d\u00edas, las empresas pueden almacenar r\u00e1pidamente botellas de vidrio personalizadas y satisfacer las necesidades de los clientes.<\/p>","protected":false},"excerpt":{"rendered":"<ol class=\"ai-center-markdown-ol\" start=\"1\">\n<li class=\"ai-center-markdown-li\">Juego de botellas de vidrio de alta calidad para loci\u00f3n, crema, t\u00f3ner y productos para el cuidado de la piel<\/li>\n<li class=\"ai-center-markdown-li\">Conjunto dispensador de vidrio premium para cremas, lociones y t\u00f3ners<\/li>\n<li class=\"ai-center-markdown-li\" data-spm-anchor-id=\"a2747.product_manager.0.i7.726371d2Z87E7X\">Conjunto de recipientes de vidrio elegante para el cuidado de la piel: loci\u00f3n, crema, t\u00f3ner<\/li>\n<\/ol>","protected":false},"featured_media":1283,"comment_status":"closed","ping_status":"closed","template":"","meta":{"_acf_changed":false},"product_brand":[],"product_cat":[19,46],"product_tag":[],"class_list":{"0":"post-132","1":"product","2":"type-product","3":"status-publish","4":"has-post-thumbnail","6":"product_cat-skincare-glass-bottle","7":"product_cat-skincare-product-set-package","9":"first","10":"outofstock","11":"shipping-taxable","12":"product-type-simple"},"acf":[],"_links":{"self":[{"href":"https:\/\/www.cosmepak.com\/es\/wp-json\/wp\/v2\/product\/132","targetHints":{"allow":["GET"]}}],"collection":[{"href":"https:\/\/www.cosmepak.com\/es\/wp-json\/wp\/v2\/product"}],"about":[{"href":"https:\/\/www.cosmepak.com\/es\/wp-json\/wp\/v2\/types\/product"}],"replies":[{"embeddable":true,"href":"https:\/\/www.cosmepak.com\/es\/wp-json\/wp\/v2\/comments?post=132"}],"wp:featuredmedia":[{"embeddable":true,"href":"https:\/\/www.cosmepak.com\/es\/wp-json\/wp\/v2\/media\/1283"}],"wp:attachment":[{"href":"https:\/\/www.cosmepak.com\/es\/wp-json\/wp\/v2\/media?parent=132"}],"wp:term":[{"taxonomy":"product_brand","embeddable":true,"href":"https:\/\/www.cosmepak.com\/es\/wp-json\/wp\/v2\/product_brand?post=132"},{"taxonomy":"product_cat","embeddable":true,"href":"https:\/\/www.cosmepak.com\/es\/wp-json\/wp\/v2\/product_cat?post=132"},{"taxonomy":"product_tag","embeddable":true,"href":"https:\/\/www.cosmepak.com\/es\/wp-json\/wp\/v2\/product_tag?post=132"}],"curies":[{"name":"WP","href":"https:\/\/api.w.org\/{rel}","templated":true}]}}