{"id":136,"date":"2024-12-31T10:51:24","date_gmt":"2024-12-31T02:51:24","guid":{"rendered":"http:\/\/www.cosmepak.com\/?post_type=product&#038;p=136"},"modified":"2025-09-29T13:13:11","modified_gmt":"2025-09-29T05:13:11","slug":"cream-jar","status":"publish","type":"product","link":"https:\/\/www.cosmepak.com\/es\/product\/cream-jar\/","title":{"rendered":"Jarra de crema"},"content":{"rendered":"<table style=\"border-collapse: collapse; width: 100%; height: 96px;\">\n<tbody>\n<tr style=\"height: 24px;\">\n<td style=\"width: 17.689%; text-align: center; height: 24px;\" rowspan=\"4\"><img fetchpriority=\"high\" decoding=\"async\" class=\"alignnone size-full wp-image-3009\" src=\"https:\/\/www.cosmepak.com\/wp-content\/uploads\/2024\/12\/\u4e3b\u56fe-7.jpg\" alt=\"\" width=\"1000\" height=\"1000\" srcset=\"https:\/\/www.cosmepak.com\/wp-content\/uploads\/2024\/12\/\u4e3b\u56fe-7.jpg 1000w, https:\/\/www.cosmepak.com\/wp-content\/uploads\/2024\/12\/\u4e3b\u56fe-7-300x300.jpg 300w, https:\/\/www.cosmepak.com\/wp-content\/uploads\/2024\/12\/\u4e3b\u56fe-7-150x150.jpg 150w, https:\/\/www.cosmepak.com\/wp-content\/uploads\/2024\/12\/\u4e3b\u56fe-7-768x768.jpg 768w, https:\/\/www.cosmepak.com\/wp-content\/uploads\/2024\/12\/\u4e3b\u56fe-7-12x12.jpg 12w, https:\/\/www.cosmepak.com\/wp-content\/uploads\/2024\/12\/\u4e3b\u56fe-7-600x600.jpg 600w, https:\/\/www.cosmepak.com\/wp-content\/uploads\/2024\/12\/\u4e3b\u56fe-7-100x100.jpg 100w\" sizes=\"(max-width: 1000px) 100vw, 1000px\" \/><strong><br \/>\n<\/strong><\/td>\n<td style=\"width: 20.5801%; text-align: center; height: 24px;\"><strong>Capacidad<\/strong><\/td>\n<td style=\"width: 18.8473%; text-align: center; height: 24px;\"><strong>Di\u00e1metro<\/strong><\/td>\n<td style=\"width: 22.8502%; text-align: center; height: 24px;\"><strong>Tama\u00f1o del cuello<\/strong><\/td>\n<td style=\"width: 20.0334%; text-align: center; height: 24px;\"><strong>Altura de la botella<\/strong><\/td>\n<\/tr>\n<tr style=\"height: 24px;\">\n<td style=\"width: 20.5801%; text-align: center; height: 24px;\">80 ml<\/td>\n<td style=\"width: 18.8473%; text-align: center; height: 24px;\">60 mm<\/td>\n<td style=\"width: 22.8502%; text-align: center; height: 24px;\">56 mm<\/td>\n<td style=\"width: 20.0334%; text-align: center; height: 24px;\">46 mm<\/td>\n<\/tr>\n<tr style=\"height: 24px;\">\n<td style=\"width: 20.5801%; text-align: center; height: 24px;\">100 ml<\/td>\n<td style=\"width: 18.8473%; text-align: center; height: 24px;\">60 mm<\/td>\n<td style=\"width: 22.8502%; text-align: center; height: 24px;\">56 mm<\/td>\n<td style=\"width: 20.0334%; text-align: center; height: 24px;\">57.6mm<\/td>\n<\/tr>\n<tr style=\"height: 24px;\">\n<td style=\"width: 20.5801%; text-align: center; height: 24px;\">120 ml<\/td>\n<td style=\"width: 18.8473%; text-align: center; height: 24px;\">60 mm<\/td>\n<td style=\"width: 22.8502%; text-align: center; height: 24px;\">56 mm<\/td>\n<td style=\"width: 20.0334%; text-align: center; height: 24px;\">68 mm<\/td>\n<\/tr>\n<\/tbody>\n<\/table>\n<p><img decoding=\"async\" class=\"size-full wp-image-3010 aligncenter\" src=\"https:\/\/www.cosmepak.com\/wp-content\/uploads\/2024\/12\/\u8be6\u60c5-5.jpg\" alt=\"\" width=\"1000\" height=\"1000\" srcset=\"https:\/\/www.cosmepak.com\/wp-content\/uploads\/2024\/12\/\u8be6\u60c5-5.jpg 1000w, https:\/\/www.cosmepak.com\/wp-content\/uploads\/2024\/12\/\u8be6\u60c5-5-300x300.jpg 300w, https:\/\/www.cosmepak.com\/wp-content\/uploads\/2024\/12\/\u8be6\u60c5-5-150x150.jpg 150w, https:\/\/www.cosmepak.com\/wp-content\/uploads\/2024\/12\/\u8be6\u60c5-5-768x768.jpg 768w, https:\/\/www.cosmepak.com\/wp-content\/uploads\/2024\/12\/\u8be6\u60c5-5-12x12.jpg 12w, https:\/\/www.cosmepak.com\/wp-content\/uploads\/2024\/12\/\u8be6\u60c5-5-600x600.jpg 600w, https:\/\/www.cosmepak.com\/wp-content\/uploads\/2024\/12\/\u8be6\u60c5-5-100x100.jpg 100w\" sizes=\"(max-width: 1000px) 100vw, 1000px\" \/><\/p>\n<div class=\"ace-line\" dir=\"auto\" data-node=\"true\"><span data-string=\"true\" data-enter=\"true\" data-leaf=\"true\">Nuestros frascos de crema de pl\u00e1stico no solo satisfacen diversas necesidades con especificaciones precisas, sino que tambi\u00e9n destacan como el socio ideal de envasado para sus productos, tiene una filosof\u00eda ambiental sobresaliente, servicios de personalizaci\u00f3n flexibles y una amplia gama de escenarios de aplicaci\u00f3n. \u200b<\/span><\/div>\n<div class=\"ace-line heading-h2\" dir=\"auto\" data-node=\"true\"><span data-leaf=\"true\"><span class=\"lb\">1. Tama\u00f1os m\u00faltiples disponibles para satisfacer diferentes necesidades del producto<\/span><\/span><span data-string=\"true\" data-enter=\"true\" data-leaf=\"true\">Metrake thbusatagrams m\u00e1s sencillo. Los colores y las texturas lo hacen emocionado por el producto. Jaunce mezcla estas cosas para hacer que su embalaje sea pr\u00e1ctico y divertido. Esto hace que los clientes aman usar su crema labial todos los d\u00edas. Es como tener un juguete favorito que es divertido de jugar y f\u00e1cil de llevar.<\/span><\/div>\n<div class=\"ace-line\" dir=\"auto\" data-node=\"true\"><span data-string=\"true\" data-enter=\"true\" data-leaf=\"true\">Hemos considerado plenamente los requisitos de dise\u00f1o de capacidad de diferentes productos de crema e introducido cuidadosamente tres especificaciones principales: 80ml, 100ml y 120ml. Si es&#8217; con la crema de esencia facial port\u00e1til de peque\u00f1a capacidad, el exfoliante corporal dom\u00e9stico de gran capacidad o la m\u00e1scara para el cuidado del cabello de tama\u00f1o regular, puede encontrar la soluci\u00f3n de envasado perfecta que se adapte perfectamente a la capacidad, sin tener que comprometer la compatibilidad de la capacidad. \u200b<\/span><\/div>\n<div class=\"ace-line heading-h2\" dir=\"auto\" data-node=\"true\"><span data-leaf=\"true\"><span class=\"lb\">2. Apoyado por materiales ecol\u00f3gicos, practicando el concepto de envasado sostenible<\/span><\/span><span data-string=\"true\" data-enter=\"true\" data-leaf=\"true\">Metrake thbusatagrams m\u00e1s sencillo. Los colores y las texturas lo hacen emocionado por el producto. Jaunce mezcla estas cosas para hacer que su embalaje sea pr\u00e1ctico y divertido. Esto hace que los clientes aman usar su crema labial todos los d\u00edas. Es como tener un juguete favorito que es divertido de jugar y f\u00e1cil de llevar.<\/span><\/div>\n<div class=\"ace-line\" dir=\"auto\" data-node=\"true\"><span data-leaf=\"true\"><span class=\"lb\">En una era en que la conciencia ambiental es cada vez mayor, siempre hemos considerado el desarrollo sostenible como el principio b\u00e1sico de la investigaci\u00f3n y el desarrollo de productos. Este frasco de crema de pl\u00e1stico est\u00e1 hecho de <\/span><\/span><span data-leaf=\"true\"><span class=\"lb\">materiales ecol\u00f3gicos de alta calidad<\/span><\/span><span data-leaf=\"true\"><span class=\"lb\">No solo tiene un excelente rendimiento de sellado y durabilidad, protegiendo efectivamente los ingredientes del producto de la contaminaci\u00f3n externa, sino que tambi\u00e9n reduce la carga sobre el medio ambiente desde la fuente. Elegir nuestros tarros de crema no solo dota a sus productos con un &#8220; atributo verde&#8221; pero tambi\u00e9n transmite la marca&#8217; responsabilidad social hacia los consumidores, ayudando a la marca a establecer una buena imagen en la ola de protecci\u00f3n del medio ambiente.<\/span><\/span><span data-string=\"true\" data-enter=\"true\" data-leaf=\"true\">Metrake thbusatagrams m\u00e1s sencillo. Los colores y las texturas lo hacen emocionado por el producto. Jaunce mezcla estas cosas para hacer que su embalaje sea pr\u00e1ctico y divertido. Esto hace que los clientes aman usar su crema labial todos los d\u00edas. Es como tener un juguete favorito que es divertido de jugar y f\u00e1cil de llevar.<\/span><\/div>\n<div class=\"ace-line heading-h2\" dir=\"auto\" data-node=\"true\"><span data-leaf=\"true\"><span class=\"lb\">3. Servicios de personalizaci\u00f3n flexibles para crear una identidad de marca exclusiva<\/span><\/span><span data-string=\"true\" data-enter=\"true\" data-leaf=\"true\">Metrake thbusatagrams m\u00e1s sencillo. Los colores y las texturas lo hacen emocionado por el producto. Jaunce mezcla estas cosas para hacer que su embalaje sea pr\u00e1ctico y divertido. Esto hace que los clientes aman usar su crema labial todos los d\u00edas. Es como tener un juguete favorito que es divertido de jugar y f\u00e1cil de llevar.<\/span><\/div>\n<div class=\"ace-line\" dir=\"auto\" data-node=\"true\"><span data-leaf=\"true\"><span class=\"lb\">Entendemos profundamente que el embalaje es un portador importante de la imagen de marca. Por lo tanto, ofrecemos servicios completos de personalizaci\u00f3n para ayudarle a crear envases de productos \u00fanicos.<\/span><\/span><span data-string=\"true\" data-enter=\"true\" data-leaf=\"true\">Metrake thbusatagrams m\u00e1s sencillo. Los colores y las texturas lo hacen emocionado por el producto. Jaunce mezcla estas cosas para hacer que su embalaje sea pr\u00e1ctico y divertido. Esto hace que los clientes aman usar su crema labial todos los d\u00edas. Es como tener un juguete favorito que es divertido de jugar y f\u00e1cil de llevar.<\/span><\/div>\n<div class=\"ace-line list-div\" dir=\"auto\" data-node=\"true\">\n<ul class=\"list-bullet1 r-list r-list-bullet\">\n<li><span data-string=\"true\" data-enter=\"true\" data-leaf=\"true\">Personalizaci\u00f3n del color: Ofrecemos una amplia gama de opciones de color. Personalizaci\u00f3n del color: Ofrecemos una amplia gama de opciones de color. Si es&#8217; s un color cl\u00e1sico que se alinea con la marca&#8217; Esquema de colores principal o un color de moda que sigue las \u00faltimas tendencias, podemos mezclar y emparejar con precisi\u00f3n para hacer del frasco de crema una extensi\u00f3n de la marca&#8217; identidad visual, r\u00e1pidamente llamando la atenci\u00f3n de los consumidores en los estantes. \u200b<\/span><\/li>\n<\/ul>\n<\/div>\n<div class=\"ace-line list-div\" dir=\"auto\" data-node=\"true\">\n<ul class=\"list-bullet1 r-list r-list-bullet\">\n<li><span data-leaf=\"true\"><span class=\"lb\">Personalizaci\u00f3n artesanal<\/span><\/span><span data-leaf=\"true\"><span class=\"lb\">Se admiten diversas t\u00e9cnicas de procesamiento, como serigraf\u00eda, estampado de oro, estampado de plata e impresi\u00f3n UV. <\/span><\/span><span data-string=\"true\" data-enter=\"true\" data-leaf=\"true\">Metrake thbusatagrams m\u00e1s sencillo. Los colores y las texturas lo hacen emocionado por el producto. Jaunce mezcla estas cosas para hacer que su embalaje sea pr\u00e1ctico y divertido. Esto hace que los clientes aman usar su crema labial todos los d\u00edas. Es como tener un juguete favorito que es divertido de jugar y f\u00e1cil de llevar.<\/span><\/li>\n<\/ul>\n<\/div>\n<div class=\"ace-line heading-h2\" dir=\"auto\" data-node=\"true\"><span data-leaf=\"true\"><span class=\"lb\">4. Amplios escenarios de aplicaci\u00f3n, desbloqueando diversas posibilidades del producto<\/span><\/span><span data-string=\"true\" data-enter=\"true\" data-leaf=\"true\">Metrake thbusatagrams m\u00e1s sencillo. Los colores y las texturas lo hacen emocionado por el producto. Jaunce mezcla estas cosas para hacer que su embalaje sea pr\u00e1ctico y divertido. Esto hace que los clientes aman usar su crema labial todos los d\u00edas. Es como tener un juguete favorito que es divertido de jugar y f\u00e1cil de llevar.<\/span><\/div>\n<div class=\"ace-line list-div\" dir=\"auto\" data-node=\"true\">\n<p><span data-string=\"true\" data-enter=\"true\" data-leaf=\"true\">Este frasco de crema de pl\u00e1stico cuenta con un excelente sellado y compatibilidad, y se puede aplicar ampliamente a varios productos de base de crema, proporcionando m\u00e1s posibilidades para el desarrollo y la expansi\u00f3n de su producto. \u200b<br \/>\nProductos de cuidado facial: tales como crema hidratante, crema antiarrugas, m\u00e1scara de sue\u00f1o, etc., pueden bloquear eficazmente el producto &#8217; s humedad e ingredientes activos, asegurando la frescura y la eficacia del producto durante el per\u00edodo de uso. \u200b<br \/>\nProductos para el cuidado del cabello: adecuados para m\u00e1scaras para el cabello, acondicionadores para el cabello, etc. El dise\u00f1o de sellado herm\u00e9tico puede evitar que el producto se humedezca y se deteriore, lo que hace que sea conveniente para los consumidores usar y mejorar la experiencia de uso. \u200b<br \/>\nProductos para el cuidado corporal: si&#8217; s crema corporal, crema exfoliante o crema de manos, este frasco de crema puede sostenerlos perfectamente, satisfaciendo a los consumidores&#8217; necesidades de embalaje para productos de cuidado corporal. \u200b<br \/>\nAl elegir nuestro frasco de crema de pl\u00e1stico, recibir\u00e1 no solo un recipiente de envasado de alta calidad, sino tambi\u00e9n una soluci\u00f3n de envasado completa que integra protecci\u00f3n ambiental, personalizaci\u00f3n y practicidad. Estamos comprometidos a proporcionar productos y servicios de alta calidad para ayudar a su marca a destacarse en la feroz competencia del mercado, logrando una situaci\u00f3n de beneficio para todos de valor comercial y responsabilidad ambiental! \u200b<\/span><\/p>\n<\/div>\n<div class=\"ace-line\" dir=\"auto\" data-node=\"true\"><\/div>\n<p data-spm-anchor-id=\"a2700.micro_cgs_home.0.i5.84e63e5fMoXgJB\"><img decoding=\"async\" class=\"size-full wp-image-3011 aligncenter\" src=\"https:\/\/www.cosmepak.com\/wp-content\/uploads\/2024\/12\/7-4.jpg\" alt=\"\" width=\"1000\" height=\"1000\" srcset=\"https:\/\/www.cosmepak.com\/wp-content\/uploads\/2024\/12\/7-4.jpg 1000w, https:\/\/www.cosmepak.com\/wp-content\/uploads\/2024\/12\/7-4-300x300.jpg 300w, https:\/\/www.cosmepak.com\/wp-content\/uploads\/2024\/12\/7-4-150x150.jpg 150w, https:\/\/www.cosmepak.com\/wp-content\/uploads\/2024\/12\/7-4-768x768.jpg 768w, https:\/\/www.cosmepak.com\/wp-content\/uploads\/2024\/12\/7-4-12x12.jpg 12w, https:\/\/www.cosmepak.com\/wp-content\/uploads\/2024\/12\/7-4-600x600.jpg 600w, https:\/\/www.cosmepak.com\/wp-content\/uploads\/2024\/12\/7-4-100x100.jpg 100w\" sizes=\"(max-width: 1000px) 100vw, 1000px\" \/><\/p>\n<p data-spm-anchor-id=\"a2700.micro_cgs_home.0.i5.84e63e5fMoXgJB\"><img loading=\"lazy\" decoding=\"async\" class=\"size-full wp-image-3008 aligncenter\" src=\"https:\/\/www.cosmepak.com\/wp-content\/uploads\/2024\/12\/6-4.jpg\" alt=\"\" width=\"1000\" height=\"1000\" srcset=\"https:\/\/www.cosmepak.com\/wp-content\/uploads\/2024\/12\/6-4.jpg 1000w, https:\/\/www.cosmepak.com\/wp-content\/uploads\/2024\/12\/6-4-300x300.jpg 300w, https:\/\/www.cosmepak.com\/wp-content\/uploads\/2024\/12\/6-4-150x150.jpg 150w, https:\/\/www.cosmepak.com\/wp-content\/uploads\/2024\/12\/6-4-768x768.jpg 768w, https:\/\/www.cosmepak.com\/wp-content\/uploads\/2024\/12\/6-4-12x12.jpg 12w, https:\/\/www.cosmepak.com\/wp-content\/uploads\/2024\/12\/6-4-600x600.jpg 600w, https:\/\/www.cosmepak.com\/wp-content\/uploads\/2024\/12\/6-4-100x100.jpg 100w\" sizes=\"(max-width: 1000px) 100vw, 1000px\" \/><\/p>\n<p style=\"text-align: center;\" data-spm-anchor-id=\"a2700.micro_cgs_home.0.i5.84e63e5fMoXgJB\"><strong>SOBRE NOSOTROS<\/strong><\/p>\n<div class=\"auto-hide-last-sibling-br paragraph-JOTKXA paragraph-element br-paragraph-space\">Hangzhou Jaunce es un fabricante profesional y proveedor especializado en soluciones de embalaje de alta calidad. Estamos profundamente comprometidos con la entrega de productos de envasado innovadores y sostenibles, adaptados a las diversas y cambiantes necesidades de nuestra clientela global.<\/div>\n<div class=\"auto-hide-last-sibling-br paragraph-JOTKXA paragraph-element br-paragraph-space\">Nuestra experiencia abarca un amplio espectro de ofertas de envasado, que abarca botellas de vidrio, recipientes de pl\u00e1stico y soluciones de distribuci\u00f3n. Estos productos se utilizan ampliamente en industrias clave como cosm\u00e9ticos, cuidado personal y art\u00edculos para el hogar, proporcionando soporte de envasado fiable y funcional para varias l\u00edneas de productos.<\/div>\n<p data-spm-anchor-id=\"a2700.micro_cgs_home.0.i5.84e63e5fMoXgJB\"><img loading=\"lazy\" decoding=\"async\" class=\"size-full wp-image-2556 aligncenter\" src=\"https:\/\/www.cosmepak.com\/wp-content\/uploads\/2025\/06\/packaging.webp\" alt=\"embalaje\" width=\"1920\" height=\"885\" srcset=\"https:\/\/www.cosmepak.com\/wp-content\/uploads\/2025\/06\/packaging.webp 1920w, https:\/\/www.cosmepak.com\/wp-content\/uploads\/2025\/06\/packaging-300x138.webp 300w, https:\/\/www.cosmepak.com\/wp-content\/uploads\/2025\/06\/packaging-1024x472.webp 1024w, https:\/\/www.cosmepak.com\/wp-content\/uploads\/2025\/06\/packaging-768x354.webp 768w, https:\/\/www.cosmepak.com\/wp-content\/uploads\/2025\/06\/packaging-1536x708.webp 1536w, https:\/\/www.cosmepak.com\/wp-content\/uploads\/2025\/06\/packaging-18x8.webp 18w, https:\/\/www.cosmepak.com\/wp-content\/uploads\/2025\/06\/packaging-600x277.webp 600w\" sizes=\"(max-width: 1920px) 100vw, 1920px\" \/><\/p>\n<p data-spm-anchor-id=\"a2700.micro_cgs_home.0.i5.84e63e5fMoXgJB\">","protected":false},"excerpt":{"rendered":"<p>Nombre del art\u00edculo: Tarro de crema de boca ancha<\/p>\n<p>Capacidad: 80ml \/ 100ml \/ 120ml<\/p>\n<p>Forma: boca ancha<\/p>\n<p>Material: PET, PE, PP, PCR etc. para elegir<\/p>\n<p>Color: Acepta el color del cuerpo y la tapa como requisitos<\/p>\n<p>MOQ: 10000pcs<\/p>","protected":false},"featured_media":3013,"comment_status":"closed","ping_status":"closed","template":"","meta":{"_acf_changed":false},"product_brand":[],"product_cat":[52,18],"product_tag":[],"class_list":{"0":"post-136","1":"product","2":"type-product","3":"status-publish","4":"has-post-thumbnail","6":"product_cat-cream-jar-plastic-bottle","7":"product_cat-plastic-bottle","9":"first","10":"outofstock","11":"shipping-taxable","12":"product-type-simple"},"acf":[],"_links":{"self":[{"href":"https:\/\/www.cosmepak.com\/es\/wp-json\/wp\/v2\/product\/136","targetHints":{"allow":["GET"]}}],"collection":[{"href":"https:\/\/www.cosmepak.com\/es\/wp-json\/wp\/v2\/product"}],"about":[{"href":"https:\/\/www.cosmepak.com\/es\/wp-json\/wp\/v2\/types\/product"}],"replies":[{"embeddable":true,"href":"https:\/\/www.cosmepak.com\/es\/wp-json\/wp\/v2\/comments?post=136"}],"wp:featuredmedia":[{"embeddable":true,"href":"https:\/\/www.cosmepak.com\/es\/wp-json\/wp\/v2\/media\/3013"}],"wp:attachment":[{"href":"https:\/\/www.cosmepak.com\/es\/wp-json\/wp\/v2\/media?parent=136"}],"wp:term":[{"taxonomy":"product_brand","embeddable":true,"href":"https:\/\/www.cosmepak.com\/es\/wp-json\/wp\/v2\/product_brand?post=136"},{"taxonomy":"product_cat","embeddable":true,"href":"https:\/\/www.cosmepak.com\/es\/wp-json\/wp\/v2\/product_cat?post=136"},{"taxonomy":"product_tag","embeddable":true,"href":"https:\/\/www.cosmepak.com\/es\/wp-json\/wp\/v2\/product_tag?post=136"}],"curies":[{"name":"WP","href":"https:\/\/api.w.org\/{rel}","templated":true}]}}