{"id":1373,"date":"2025-03-26T13:34:56","date_gmt":"2025-03-26T05:34:56","guid":{"rendered":"https:\/\/www.cosmepak.com\/?post_type=product&#038;p=1373"},"modified":"2025-10-15T14:35:11","modified_gmt":"2025-10-15T06:35:11","slug":"5ml-10ml-and-15ml-pp-material-airless-serum-bottle-liquid-cream-package","status":"publish","type":"product","link":"https:\/\/www.cosmepak.com\/es\/product\/5ml-10ml-and-15ml-pp-material-airless-serum-bottle-liquid-cream-package\/","title":{"rendered":"5ml 10ml y 15ml PP Material botella de suero sin aire paquete de crema l\u00edquida"},"content":{"rendered":"<table style=\"border-collapse: collapse; width: 100%; height: 240px;\">\n<tbody>\n<tr style=\"height: 24px;\">\n<td style=\"width: 47.7998%; height: 24px; text-align: center;\">Marca<\/td>\n<td style=\"width: 52.2002%; height: 24px; text-align: center;\">\u00a0Jaunce<\/td>\n<\/tr>\n<tr style=\"height: 24px;\">\n<td style=\"width: 47.7998%; height: 24px; text-align: center;\">Capacidad<\/td>\n<td style=\"width: 52.2002%; height: 24px; text-align: center;\">5 ml \/ 10 ml \/ 15 ml<\/td>\n<\/tr>\n<tr style=\"height: 24px;\">\n<td style=\"width: 47.7998%; height: 24px; text-align: center;\">Forma<\/td>\n<td style=\"width: 52.2002%; height: 24px; text-align: center;\">cilindro<\/td>\n<\/tr>\n<tr style=\"height: 24px;\">\n<td style=\"width: 47.7998%; height: 24px; text-align: center;\">Modelo<\/td>\n<td style=\"width: 52.2002%; height: 24px; text-align: center;\">JH-LWA08<\/td>\n<\/tr>\n<tr style=\"height: 24px;\">\n<td style=\"width: 47.7998%; height: 24px; text-align: center;\">OEM \/ ODM<\/td>\n<td style=\"width: 52.2002%; height: 24px; text-align: center;\">Aceptar<\/td>\n<\/tr>\n<tr style=\"height: 24px;\">\n<td style=\"width: 47.7998%; height: 24px; text-align: center;\">Color<\/td>\n<td style=\"width: 52.2002%; height: 24px; text-align: center;\">Personalizado<\/td>\n<\/tr>\n<tr style=\"height: 24px;\">\n<td style=\"width: 47.7998%; height: 24px; text-align: center;\">Moq<\/td>\n<td style=\"width: 52.2002%; height: 24px; text-align: center;\">10000pcs<\/td>\n<\/tr>\n<\/tbody>\n<\/table>\n<p><img fetchpriority=\"high\" decoding=\"async\" class=\"alignnone wp-image-3083\" src=\"https:\/\/www.cosmepak.com\/wp-content\/uploads\/2025\/03\/22063511779_624076099.jpg\" alt=\"\" width=\"1365\" height=\"1228\" srcset=\"https:\/\/www.cosmepak.com\/wp-content\/uploads\/2025\/03\/22063511779_624076099.jpg 790w, https:\/\/www.cosmepak.com\/wp-content\/uploads\/2025\/03\/22063511779_624076099-300x270.jpg 300w, https:\/\/www.cosmepak.com\/wp-content\/uploads\/2025\/03\/22063511779_624076099-768x691.jpg 768w, https:\/\/www.cosmepak.com\/wp-content\/uploads\/2025\/03\/22063511779_624076099-13x12.jpg 13w, https:\/\/www.cosmepak.com\/wp-content\/uploads\/2025\/03\/22063511779_624076099-600x540.jpg 600w\" sizes=\"(max-width: 1365px) 100vw, 1365px\" \/><\/p>\n<table style=\"border-collapse: collapse; width: 100%; height: 96px;\">\n<tbody>\n<tr style=\"height: 24px;\">\n<td style=\"width: 10.7766%; text-align: center; height: 24px;\"><strong>Capacidad<\/strong><\/td>\n<td style=\"width: 15.0524%; text-align: center; height: 24px;\"><strong>Tama\u00f1o del cuello<\/strong><\/td>\n<td style=\"width: 15.3578%; text-align: center; height: 24px;\"><strong>Altura total<\/strong><\/td>\n<td style=\"width: 15.6196%; text-align: center; height: 24px;\"><strong>Altura de la botella\u00a0<\/strong><\/td>\n<td style=\"width: 14.8342%; text-align: center; height: 24px;\"><strong>Altura imprimible<\/strong><\/td>\n<td style=\"width: 14.5725%; text-align: center; height: 24px;\"><strong>Di\u00e1metro inferior<\/strong><\/td>\n<td style=\"width: 13.7871%; text-align: center; height: 24px;\"><strong>Peso de la botella<\/strong><\/td>\n<\/tr>\n<tr style=\"height: 24px;\">\n<td style=\"width: 10.7766%; text-align: center; height: 24px;\">5 ml<\/td>\n<td style=\"width: 15.0524%; text-align: center; height: 24px;\">30 mm<\/td>\n<td style=\"width: 15.3578%; text-align: center; height: 24px;\">65 mm<\/td>\n<td style=\"width: 15.6196%; text-align: center; height: 24px;\">38 mm<\/td>\n<td style=\"width: 14.8342%; text-align: center; height: 24px;\">27 mm<\/td>\n<td style=\"width: 14.5725%; text-align: center; height: 24px;\">24.6mm<\/td>\n<td style=\"width: 13.7871%; text-align: center; height: 24px;\">4.5g<\/td>\n<\/tr>\n<tr style=\"height: 24px;\">\n<td style=\"width: 10.7766%; text-align: center; height: 24px;\">10 ml<\/td>\n<td style=\"width: 15.0524%; text-align: center; height: 24px;\">30 mm<\/td>\n<td style=\"width: 15.3578%; text-align: center; height: 24px;\">77 mm<\/td>\n<td style=\"width: 15.6196%; text-align: center; height: 24px;\">50 mm<\/td>\n<td style=\"width: 14.8342%; text-align: center; height: 24px;\">38 mm<\/td>\n<td style=\"width: 14.5725%; text-align: center; height: 24px;\">24.6mm<\/td>\n<td style=\"width: 13.7871%; text-align: center; height: 24px;\">6g<\/td>\n<\/tr>\n<tr style=\"height: 24px;\">\n<td style=\"width: 10.7766%; text-align: center; height: 24px;\">15 ml<\/td>\n<td style=\"width: 15.0524%; text-align: center; height: 24px;\">30 mm<\/td>\n<td style=\"width: 15.3578%; text-align: center; height: 24px;\">92 mm<\/td>\n<td style=\"width: 15.6196%; text-align: center; height: 24px;\">65 mm<\/td>\n<td style=\"width: 14.8342%; text-align: center; height: 24px;\">52 mm<\/td>\n<td style=\"width: 14.5725%; text-align: center; height: 24px;\">24.6mm<\/td>\n<td style=\"width: 13.7871%; text-align: center; height: 24px;\">7g<\/td>\n<\/tr>\n<\/tbody>\n<\/table>\n<p>Nuestra botella de l\u00edquido al vac\u00edo de PP est\u00e1 disponible en tama\u00f1os de 5ml, 10ml y 15ml. Esta botella est\u00e1 compuesta por un cuerpo de PP, una bomba de l\u00edquido de PP, una cubierta completa semitransparente de PP y un tap\u00f3n de vac\u00edo. Tenga en cuenta que la apertura de la botella de este modelo es de tipo de encaje de una sola vez, lo que requiere que el l\u00edquido se vierta primero en la botella, luego se debe encajar la cabeza de la bomba. Ofrecemos personalizaci\u00f3n para el color, serigraf\u00eda, estampado de oro, etiquetado y otros procesos de producci\u00f3n.<\/p>\n<p><strong>El dise\u00f1o de preservaci\u00f3n al vac\u00edo garantiza la calidad del producto<\/strong><br \/>\nEl tap\u00f3n de vac\u00edo incorporado combinado con la cabeza de bomba sellada puede evitar que el aire entre en la botella, reduciendo el riesgo de oxidaci\u00f3n y deterioro del l\u00edquido de leche, as\u00ed como la inactivaci\u00f3n de los componentes y extendiendo el producto. s vida \u00fatil (en comparaci\u00f3n con las botellas ordinarias de PP sin vac\u00edo, la vida \u00fatil se puede ampliar en 1-3 meses), reduciendo as\u00ed las disputas posventa para los clientes de B-end causadas por el deterioro del producto.<\/p>\n<p><strong>Dise\u00f1o instant\u00e1neo de una sola vez, mejorando la seguridad y la confianza<\/strong><br \/>\nLa boca de botella enganchable no puede volver a abrirse despu\u00e9s de ser cerrada. Esto no solo evita que la cabeza de bomba se caiga y se fugue durante el transporte, sino que tambi\u00e9n elimina el riesgo de llenado secundario por parte de usuarios finales o terceros. Ayuda a las marcas a establecer un &#8220; garant\u00eda de autenticidad&#8221; imagen, especialmente adecuada para categor\u00edas con altos requisitos de seguridad como productos farmac\u00e9uticos y cuidado de la piel para la piel sensible.<\/p>\n<p><strong>Ventajas del material PP, costo de equilibrio y practicidad<\/strong><br \/>\n1. Alta resistencia al clima: El material PP es resistente a temperaturas altas y bajas (-20 \u2103 ~ 120 \u2103), adecuado para la mayor\u00eda de los entornos de almacenamiento y transporte cosm\u00e9ticos, y no es propenso a la deformaci\u00f3n o grietas;<br \/>\n2. textura transl\u00facida: la cubierta completa con un dise\u00f1o transl\u00facido permite a los consumidores ver visualmente la cantidad restante, mejorando la experiencia de uso;<br \/>\n3. Peso ligero: en comparaci\u00f3n con botellas de vidrio de la misma capacidad, el peso se reduce en m\u00e1s del 60%, reduciendo los costos de log\u00edstica y transporte para los clientes B-end.<\/p>\n<p>La capacidad m\u00e1s peque\u00f1a, junto con la personalizaci\u00f3n flexible, se adapta a varios escenarios. Espec\u00edficamente, ofrecemos tama\u00f1os de 5-15ml que son ideales para &#8220; promoci\u00f3n del tama\u00f1o de prueba&#8221; , &#8220; expansi\u00f3n de tama\u00f1o de viaje&#8221; y &#8220; combinaciones de kit de muestra&#8221;  . Apoyamos la adquisici\u00f3n personalizada basada en sus necesidades espec\u00edficas. Adem\u00e1s, podemos personalizar los colores y las t\u00e9cnicas de impresi\u00f3n para coincidir con su marca &#8217; Identidad visual, mejorando el reconocimiento del producto.<\/p>\n<p><img decoding=\"async\" class=\"alignnone wp-image-3084\" src=\"https:\/\/www.cosmepak.com\/wp-content\/uploads\/2025\/03\/21974719829_624076099.jpg\" alt=\"\" width=\"1379\" height=\"1379\" srcset=\"https:\/\/www.cosmepak.com\/wp-content\/uploads\/2025\/03\/21974719829_624076099.jpg 1000w, https:\/\/www.cosmepak.com\/wp-content\/uploads\/2025\/03\/21974719829_624076099-300x300.jpg 300w, https:\/\/www.cosmepak.com\/wp-content\/uploads\/2025\/03\/21974719829_624076099-150x150.jpg 150w, https:\/\/www.cosmepak.com\/wp-content\/uploads\/2025\/03\/21974719829_624076099-768x768.jpg 768w, https:\/\/www.cosmepak.com\/wp-content\/uploads\/2025\/03\/21974719829_624076099-12x12.jpg 12w, https:\/\/www.cosmepak.com\/wp-content\/uploads\/2025\/03\/21974719829_624076099-600x600.jpg 600w, https:\/\/www.cosmepak.com\/wp-content\/uploads\/2025\/03\/21974719829_624076099-100x100.jpg 100w\" sizes=\"(max-width: 1379px) 100vw, 1379px\" \/><\/p>\n<table style=\"border-collapse: collapse; width: 100%;\">\n<tbody>\n<tr>\n<td style=\"width: 33.3333%;\"><img decoding=\"async\" class=\"alignnone size-full wp-image-3085\" src=\"https:\/\/www.cosmepak.com\/wp-content\/uploads\/2025\/03\/22063523589_624076099.jpg\" alt=\"\" width=\"1000\" height=\"1000\" srcset=\"https:\/\/www.cosmepak.com\/wp-content\/uploads\/2025\/03\/22063523589_624076099.jpg 1000w, https:\/\/www.cosmepak.com\/wp-content\/uploads\/2025\/03\/22063523589_624076099-300x300.jpg 300w, https:\/\/www.cosmepak.com\/wp-content\/uploads\/2025\/03\/22063523589_624076099-150x150.jpg 150w, https:\/\/www.cosmepak.com\/wp-content\/uploads\/2025\/03\/22063523589_624076099-768x768.jpg 768w, https:\/\/www.cosmepak.com\/wp-content\/uploads\/2025\/03\/22063523589_624076099-12x12.jpg 12w, https:\/\/www.cosmepak.com\/wp-content\/uploads\/2025\/03\/22063523589_624076099-600x600.jpg 600w, https:\/\/www.cosmepak.com\/wp-content\/uploads\/2025\/03\/22063523589_624076099-100x100.jpg 100w\" sizes=\"(max-width: 1000px) 100vw, 1000px\" \/><\/td>\n<td style=\"width: 33.3333%;\"><img loading=\"lazy\" decoding=\"async\" class=\"alignnone size-full wp-image-3086\" src=\"https:\/\/www.cosmepak.com\/wp-content\/uploads\/2025\/03\/21895812487_624076099.jpg\" alt=\"\" width=\"1000\" height=\"1000\" srcset=\"https:\/\/www.cosmepak.com\/wp-content\/uploads\/2025\/03\/21895812487_624076099.jpg 1000w, https:\/\/www.cosmepak.com\/wp-content\/uploads\/2025\/03\/21895812487_624076099-300x300.jpg 300w, https:\/\/www.cosmepak.com\/wp-content\/uploads\/2025\/03\/21895812487_624076099-150x150.jpg 150w, https:\/\/www.cosmepak.com\/wp-content\/uploads\/2025\/03\/21895812487_624076099-768x768.jpg 768w, https:\/\/www.cosmepak.com\/wp-content\/uploads\/2025\/03\/21895812487_624076099-12x12.jpg 12w, https:\/\/www.cosmepak.com\/wp-content\/uploads\/2025\/03\/21895812487_624076099-600x600.jpg 600w, https:\/\/www.cosmepak.com\/wp-content\/uploads\/2025\/03\/21895812487_624076099-100x100.jpg 100w\" sizes=\"(max-width: 1000px) 100vw, 1000px\" \/><\/td>\n<td style=\"width: 33.3333%;\"><img loading=\"lazy\" decoding=\"async\" class=\"alignnone size-full wp-image-3087\" src=\"https:\/\/www.cosmepak.com\/wp-content\/uploads\/2025\/03\/21974743119_624076099.jpg\" alt=\"\" width=\"1000\" height=\"1000\" srcset=\"https:\/\/www.cosmepak.com\/wp-content\/uploads\/2025\/03\/21974743119_624076099.jpg 1000w, https:\/\/www.cosmepak.com\/wp-content\/uploads\/2025\/03\/21974743119_624076099-300x300.jpg 300w, https:\/\/www.cosmepak.com\/wp-content\/uploads\/2025\/03\/21974743119_624076099-150x150.jpg 150w, https:\/\/www.cosmepak.com\/wp-content\/uploads\/2025\/03\/21974743119_624076099-768x768.jpg 768w, https:\/\/www.cosmepak.com\/wp-content\/uploads\/2025\/03\/21974743119_624076099-12x12.jpg 12w, https:\/\/www.cosmepak.com\/wp-content\/uploads\/2025\/03\/21974743119_624076099-600x600.jpg 600w, https:\/\/www.cosmepak.com\/wp-content\/uploads\/2025\/03\/21974743119_624076099-100x100.jpg 100w\" sizes=\"(max-width: 1000px) 100vw, 1000px\" \/><\/td>\n<\/tr>\n<\/tbody>\n<\/table>\n<p><img loading=\"lazy\" decoding=\"async\" class=\"alignnone wp-image-3088\" src=\"https:\/\/www.cosmepak.com\/wp-content\/uploads\/2025\/03\/21895782954_624076099.jpg\" alt=\"\" width=\"1405\" height=\"1405\" srcset=\"https:\/\/www.cosmepak.com\/wp-content\/uploads\/2025\/03\/21895782954_624076099.jpg 1000w, https:\/\/www.cosmepak.com\/wp-content\/uploads\/2025\/03\/21895782954_624076099-300x300.jpg 300w, https:\/\/www.cosmepak.com\/wp-content\/uploads\/2025\/03\/21895782954_624076099-150x150.jpg 150w, https:\/\/www.cosmepak.com\/wp-content\/uploads\/2025\/03\/21895782954_624076099-768x768.jpg 768w, https:\/\/www.cosmepak.com\/wp-content\/uploads\/2025\/03\/21895782954_624076099-12x12.jpg 12w, https:\/\/www.cosmepak.com\/wp-content\/uploads\/2025\/03\/21895782954_624076099-600x600.jpg 600w, https:\/\/www.cosmepak.com\/wp-content\/uploads\/2025\/03\/21895782954_624076099-100x100.jpg 100w\" sizes=\"(max-width: 1405px) 100vw, 1405px\" \/><\/p>\n<table style=\"border-collapse: collapse; width: 100%; height: 144px;\">\n<tbody>\n<tr style=\"height: 24px;\">\n<td style=\"width: 33.3333%; text-align: center; height: 24px;\"><span style=\"font-size: 14pt;\"><strong>Expresar<\/strong><\/span><\/td>\n<td style=\"width: 33.3333%; text-align: center; height: 24px;\"><span style=\"font-size: 14pt;\"><strong>Flete a\u00e9reo<\/strong><\/span><\/td>\n<td style=\"width: 33.3333%; text-align: center; height: 24px;\"><span style=\"font-size: 14pt;\"><strong>Transporte mar\u00edtimo<\/strong><\/span><\/td>\n<\/tr>\n<tr style=\"height: 24px;\">\n<td style=\"width: 33.3333%; text-align: center; height: 24px;\">Europa 4-6day<\/td>\n<td style=\"width: 33.3333%; text-align: center; height: 24px;\">Europa 4-6day<\/td>\n<td style=\"width: 33.3333%; text-align: center; height: 24px;\">Europa 25-35 d\u00edas<\/td>\n<\/tr>\n<tr style=\"height: 24px;\">\n<td style=\"width: 33.3333%; text-align: center; height: 24px;\">Morth America 4-6day<\/td>\n<td style=\"width: 33.3333%; text-align: center; height: 24px;\">Morth America 4-6day<\/td>\n<td style=\"width: 33.3333%; text-align: center; height: 24px;\">Morth America 25-35day<\/td>\n<\/tr>\n<tr style=\"height: 24px;\">\n<td style=\"width: 33.3333%; text-align: center; height: 24px;\">Sudeste de Asia 3-5 d\u00edas<\/td>\n<td style=\"width: 33.3333%; text-align: center; height: 24px;\">Sudeste de Asia 3-5 d\u00edas<\/td>\n<td style=\"width: 33.3333%; text-align: center; height: 24px;\">Sudeste de Asia 25-35 d\u00edas<\/td>\n<\/tr>\n<tr style=\"height: 24px;\">\n<td style=\"width: 33.3333%; text-align: center; height: 24px;\">El Medio Oriente 4-6day<\/td>\n<td style=\"width: 33.3333%; text-align: center; height: 24px;\">El Medio Oriente 4-6day<\/td>\n<td style=\"width: 33.3333%; text-align: center; height: 24px;\">El Medio Oriente 25-35 d\u00edas<\/td>\n<\/tr>\n<tr style=\"height: 24px;\">\n<td style=\"width: 33.3333%; text-align: center; height: 24px;\">Sud\u00e1frica 5-8 d\u00edas<\/td>\n<td style=\"width: 33.3333%; text-align: center; height: 24px;\">Sud\u00e1frica 5-8 d\u00edas<\/td>\n<td style=\"width: 33.3333%; text-align: center; height: 24px;\">Sud\u00e1frica 25-35 d\u00edas<\/td>\n<\/tr>\n<\/tbody>\n<\/table>\n<p><span style=\"font-size: 14pt;\"><strong>RFQ:\u00a0<\/strong><\/span><\/p>\n<p><span data-spm-anchor-id=\"a2700.pc-decorate.0.i3.75883333L8yZVb\">1. \u00bfPor qu\u00e9 no deber\u00edas comprarnos no de otros proveedores?<br \/>\n\u2460 3 minutos dise\u00f1ados para usted.<br \/>\n\u2461 Servicio en l\u00ednea de 24 horas.<br \/>\n\u2462 Muestras de stock de 7 d\u00edas\/ 15 d\u00edas con impresi\u00f3n personalizada.<br \/>\n\u2463 Tiempo de entrega de 35 d\u00edas.<br \/>\n\u2464 M\u00e1s de 10 a\u00f1os de f\u00e1brica de embalaje cosm\u00e9tico profesional.<br \/>\n\u2465 Outlets de f\u00e1brica, el mejor precio y el mejor servicio.<br \/>\n\u2466 Soluci\u00f3n de una estaci\u00f3n para envases cosm\u00e9ticos.<br \/>\n2. \u00bfQui\u00e9nes somos?<br \/>\nTenemos su sede en Zhejiang, China, comenzamos desde 2014, vendemos al mercado nacional (70.00%), Ocean\u00eda (8.00%), Medio Oriente (7.00%), este<br \/>\nAsia (2.00%), Am\u00e9rica del Norte (2.00%), Europa occidental (2.00%), sudeste asi\u00e1tico (2.00%), Asia del Sur (1.00%), Am\u00e9rica del Sur (1.00%), sur<br \/>\nEuropa (1.00%), Am\u00e9rica Central (1.00%), Norte de Europa (1.00%), \u00c1frica (1.00%), Europa del Este (1.00%). <\/span><\/p>\n<div>3. \u00bfC\u00f3mo podemos garantizar la calidad?<br \/>\nSiempre una muestra de preproducci\u00f3n antes de la producci\u00f3n en masa;<br \/>\n4. \u00bfQu\u00e9 puedes comprarnos?<br \/>\nbotellas de vidrio, botellas de pl\u00e1stico \/ tarros \/ tub\u00e9rculos, botellas de aluminio \/ tarros \/ tubos, etc. material de embalaje cosm\u00e9tico.<br \/>\n5. \u00bfQui\u00e9nes somos?<br \/>\nWe are based in Zhejiang, China, start from 2014,sell to Domestic Market(70.00%),Oceania(8.00%),Mid East(7.00%), Eastern Asia(2.00%),North America(2.00%),Western Europe(2.00%),Southeast Asia(2.00%),South Asia(1.00%),South America(1.00%),Southern Europe(1.00%),Central America(1.00%),Northern<br \/>\n6. \u00bfQu\u00e9 servicios podemos proporcionar?<br \/>\nT\u00e9rminos de entrega aceptados: FOB, CFR, CIF;<\/div>\n<div>Moneda de pago aceptada: USD, EUR, HKD, CNY;<\/div>\n<div>Tipo de pago aceptado: T \/ T, L \/ C, D \/ P D \/ A;<\/div>","protected":false},"excerpt":{"rendered":"<p>Material : PP<\/p>\n<p>Capacidad: 5ML \/ 10ML \/ 15ML<\/p>\n<p>Peso: 12.1g \/ 13.5g \/ 14.7g<\/p>\n<p>Color: Aceptar personalizado (cualquier color Pantone disponible)<\/p>\n<p>Acabado de superficie: impresi\u00f3n de pantalla, estampado en caliente, gradiente de pulverizaci\u00f3n, acabado mate, etc.<\/p>\n<p>MOQ: 10000pcs<\/p>\n<p>Muestra: muestras gratuitas disponibles<\/p>\n<p>&nbsp;<\/p>\n<p>&nbsp;<\/p>","protected":false},"featured_media":3089,"comment_status":"closed","ping_status":"closed","template":"","meta":{"_acf_changed":false},"product_brand":[],"product_cat":[35],"product_tag":[38],"class_list":{"0":"post-1373","1":"product","2":"type-product","3":"status-publish","4":"has-post-thumbnail","6":"product_cat-airless-bottle","7":"product_tag-airless-bottle","9":"first","10":"outofstock","11":"shipping-taxable","12":"product-type-simple"},"acf":[],"_links":{"self":[{"href":"https:\/\/www.cosmepak.com\/es\/wp-json\/wp\/v2\/product\/1373","targetHints":{"allow":["GET"]}}],"collection":[{"href":"https:\/\/www.cosmepak.com\/es\/wp-json\/wp\/v2\/product"}],"about":[{"href":"https:\/\/www.cosmepak.com\/es\/wp-json\/wp\/v2\/types\/product"}],"replies":[{"embeddable":true,"href":"https:\/\/www.cosmepak.com\/es\/wp-json\/wp\/v2\/comments?post=1373"}],"wp:featuredmedia":[{"embeddable":true,"href":"https:\/\/www.cosmepak.com\/es\/wp-json\/wp\/v2\/media\/3089"}],"wp:attachment":[{"href":"https:\/\/www.cosmepak.com\/es\/wp-json\/wp\/v2\/media?parent=1373"}],"wp:term":[{"taxonomy":"product_brand","embeddable":true,"href":"https:\/\/www.cosmepak.com\/es\/wp-json\/wp\/v2\/product_brand?post=1373"},{"taxonomy":"product_cat","embeddable":true,"href":"https:\/\/www.cosmepak.com\/es\/wp-json\/wp\/v2\/product_cat?post=1373"},{"taxonomy":"product_tag","embeddable":true,"href":"https:\/\/www.cosmepak.com\/es\/wp-json\/wp\/v2\/product_tag?post=1373"}],"curies":[{"name":"WP","href":"https:\/\/api.w.org\/{rel}","templated":true}]}}