{"id":1394,"date":"2025-03-26T15:18:52","date_gmt":"2025-03-26T07:18:52","guid":{"rendered":"https:\/\/www.cosmepak.com\/?post_type=product&#038;p=1394"},"modified":"2025-09-10T11:01:22","modified_gmt":"2025-09-10T03:01:22","slug":"lipglosstube-3","status":"publish","type":"product","link":"https:\/\/www.cosmepak.com\/es\/product\/lipglosstube-3\/","title":{"rendered":"Tubo de brillo de labios con un labio redondo vac\u00edo \/jaunce"},"content":{"rendered":"<table style=\"border-collapse: collapse; width: 100%; height: 240px;\">\n<tbody>\n<tr style=\"height: 24px;\">\n<td style=\"width: 24.7995%; height: 24px;\">Marca<\/td>\n<td style=\"width: 75.2005%; height: 24px;\">\u00a0Jaunce<\/td>\n<\/tr>\n<tr style=\"height: 24px;\">\n<td style=\"width: 24.7995%; height: 24px;\">Capacidad<\/td>\n<td style=\"width: 75.2005%; height: 24px;\">3.5g<\/td>\n<\/tr>\n<tr style=\"height: 24px;\">\n<td style=\"width: 24.7995%; height: 24px;\">Forma<\/td>\n<td style=\"width: 75.2005%; height: 24px;\">Redondo<\/td>\n<\/tr>\n<tr style=\"height: 24px;\">\n<td style=\"width: 24.7995%; height: 24px;\">Tama\u00f1o<\/td>\n<td style=\"width: 75.2005%; height: 24px;\">21.5*77.5mm<\/td>\n<\/tr>\n<tr style=\"height: 24px;\">\n<td style=\"width: 24.7995%; height: 24px;\">Adecuado<\/td>\n<td style=\"width: 75.2005%; height: 24px;\">\u00a0Tapa<\/td>\n<\/tr>\n<tr style=\"height: 24px;\">\n<td style=\"width: 24.7995%; height: 24px;\">Modelo<\/td>\n<td style=\"width: 75.2005%; height: 24px;\">JH-JZ-3847<\/td>\n<\/tr>\n<tr style=\"height: 24px;\">\n<td style=\"width: 24.7995%; height: 24px;\">OEM \/ ODM<\/td>\n<td style=\"width: 75.2005%; height: 24px;\">Aceptar<\/td>\n<\/tr>\n<tr style=\"height: 24px;\">\n<td style=\"width: 24.7995%; height: 24px;\">Color<\/td>\n<td style=\"width: 75.2005%; height: 24px;\">Personalizado<\/td>\n<\/tr>\n<tr style=\"height: 24px;\">\n<td style=\"width: 24.7995%; height: 24px;\">Moq<\/td>\n<td style=\"width: 75.2005%; height: 24px;\">10000pcs<\/td>\n<\/tr>\n<\/tbody>\n<\/table>\n<p>&nbsp;<\/p>\n<p><img fetchpriority=\"high\" decoding=\"async\" class=\"alignnone wp-image-1397\" src=\"https:\/\/www.cosmepak.com\/wp-content\/uploads\/2025\/03\/photobank-4.jpg\" alt=\"\" width=\"1429\" height=\"1429\" srcset=\"https:\/\/www.cosmepak.com\/wp-content\/uploads\/2025\/03\/photobank-4.jpg 1000w, https:\/\/www.cosmepak.com\/wp-content\/uploads\/2025\/03\/photobank-4-300x300.jpg 300w, https:\/\/www.cosmepak.com\/wp-content\/uploads\/2025\/03\/photobank-4-150x150.jpg 150w, https:\/\/www.cosmepak.com\/wp-content\/uploads\/2025\/03\/photobank-4-768x768.jpg 768w, https:\/\/www.cosmepak.com\/wp-content\/uploads\/2025\/03\/photobank-4-600x600.jpg 600w, https:\/\/www.cosmepak.com\/wp-content\/uploads\/2025\/03\/photobank-4-100x100.jpg 100w\" sizes=\"(max-width: 1429px) 100vw, 1429px\" \/><img decoding=\"async\" class=\"alignnone wp-image-1398\" src=\"https:\/\/www.cosmepak.com\/wp-content\/uploads\/2025\/03\/photobank-2.jpg\" alt=\"\" width=\"1389\" height=\"1389\" srcset=\"https:\/\/www.cosmepak.com\/wp-content\/uploads\/2025\/03\/photobank-2.jpg 1000w, https:\/\/www.cosmepak.com\/wp-content\/uploads\/2025\/03\/photobank-2-300x300.jpg 300w, https:\/\/www.cosmepak.com\/wp-content\/uploads\/2025\/03\/photobank-2-150x150.jpg 150w, https:\/\/www.cosmepak.com\/wp-content\/uploads\/2025\/03\/photobank-2-768x768.jpg 768w, https:\/\/www.cosmepak.com\/wp-content\/uploads\/2025\/03\/photobank-2-600x600.jpg 600w, https:\/\/www.cosmepak.com\/wp-content\/uploads\/2025\/03\/photobank-2-100x100.jpg 100w\" sizes=\"(max-width: 1389px) 100vw, 1389px\" \/><img decoding=\"async\" class=\"alignnone wp-image-1399\" src=\"https:\/\/www.cosmepak.com\/wp-content\/uploads\/2025\/03\/photobank-3.jpg\" alt=\"\" width=\"1392\" height=\"1392\" srcset=\"https:\/\/www.cosmepak.com\/wp-content\/uploads\/2025\/03\/photobank-3.jpg 1000w, https:\/\/www.cosmepak.com\/wp-content\/uploads\/2025\/03\/photobank-3-300x300.jpg 300w, https:\/\/www.cosmepak.com\/wp-content\/uploads\/2025\/03\/photobank-3-150x150.jpg 150w, https:\/\/www.cosmepak.com\/wp-content\/uploads\/2025\/03\/photobank-3-768x768.jpg 768w, https:\/\/www.cosmepak.com\/wp-content\/uploads\/2025\/03\/photobank-3-600x600.jpg 600w, https:\/\/www.cosmepak.com\/wp-content\/uploads\/2025\/03\/photobank-3-100x100.jpg 100w\" sizes=\"(max-width: 1392px) 100vw, 1392px\" \/><img loading=\"lazy\" decoding=\"async\" class=\"alignnone wp-image-1400\" src=\"https:\/\/www.cosmepak.com\/wp-content\/uploads\/2025\/03\/photobank.jpg\" alt=\"\" width=\"1382\" height=\"1382\" srcset=\"https:\/\/www.cosmepak.com\/wp-content\/uploads\/2025\/03\/photobank.jpg 1000w, https:\/\/www.cosmepak.com\/wp-content\/uploads\/2025\/03\/photobank-300x300.jpg 300w, https:\/\/www.cosmepak.com\/wp-content\/uploads\/2025\/03\/photobank-150x150.jpg 150w, https:\/\/www.cosmepak.com\/wp-content\/uploads\/2025\/03\/photobank-768x768.jpg 768w, https:\/\/www.cosmepak.com\/wp-content\/uploads\/2025\/03\/photobank-600x600.jpg 600w, https:\/\/www.cosmepak.com\/wp-content\/uploads\/2025\/03\/photobank-100x100.jpg 100w\" sizes=\"(max-width: 1382px) 100vw, 1382px\" \/><\/p>\n<p>&nbsp;<\/p>\n<h3 id=\"title-innovative-press-tube-lipstick-packaging-enhancing-beauty-with-precision\" class=\"ai-center-markdown-h3\">T\u00edtulo: Innovador embalaje de l\u00e1piz labial de tubo de prensa: Mejorar la belleza con precisi\u00f3n<\/h3>\n<h3 id=\"introduction\" class=\"ai-center-markdown-h3\">Introducci\u00f3n<\/h3>\n<p class=\"ai-center-markdown-p\">En el mundo competitivo de los cosm\u00e9ticos, los envases desempe\u00f1an un papel crucial para atraer a los consumidores y garantizar la funcionalidad del producto. Una de las \u00faltimas innovaciones en el envasado de l\u00e1piz labial es el dise\u00f1o del tubo de prensa, que ofrece tanto atractivo est\u00e9tico como beneficios pr\u00e1cticos. Este art\u00edculo explora las caracter\u00edsticas y ventajas del envase de l\u00e1piz labial de tubo de prensa, centr\u00e1ndose en sus caracter\u00edsticas \u00fanicas como la boca inclinada de 11,1 mm y el material pl\u00e1stico.<\/p>\n<h3 id=\"features-of-press-tube-lipstick-packaging\" class=\"ai-center-markdown-h3\">Caracter\u00edsticas del embalaje de l\u00e1piz labial de tubo de prensa<\/h3>\n<p class=\"ai-center-markdown-p\"><strong class=\"ai-center-markdown-strong\">1. Dise\u00f1o de boca inclinada (11.1mm):<\/strong>\u00a0El dise\u00f1o de boca inclinada de 11,1 mm es una caracter\u00edstica destacada de este envase. Proporciona precisi\u00f3n y facilidad de aplicaci\u00f3n, lo que permite a los usuarios lograr un contorno labial perfecto sin esfuerzo. La punta en \u00e1ngulo asegura que el l\u00e1piz labial se desliza suavemente, proporcionando una capa uniforme de color con cada deslizamiento.<\/p>\n<p class=\"ai-center-markdown-p\"><strong class=\"ai-center-markdown-strong\">2. Material pl\u00e1stico:<\/strong>\u00a0El pl\u00e1stico es un material vers\u00e1til y duradero que se utiliza ampliamente en envases cosm\u00e9ticos. El envase de l\u00e1piz labial de tubo de prensa utiliza pl\u00e1stico de alta calidad, que es ligero y resistente a la rotura. Esto garantiza que el producto permanezca intacto durante el transporte y el uso diario, proporcionando una soluci\u00f3n fiable y duradera.<\/p>\n<p class=\"ai-center-markdown-p\"><strong class=\"ai-center-markdown-strong\">3. Mecanismo del tubo de prensa:<\/strong>\u00a0El mecanismo de tubo de prensa es una caracter\u00edstica innovadora que mejora la experiencia del usuario. Simplemente presionando la base del tubo, el l\u00e1piz labial se dispensa suavemente y con precisi\u00f3n. Esto elimina la necesidad de torsi\u00f3n o giro, lo que hace que sea conveniente para los usuarios acceder al producto de forma r\u00e1pida y eficiente.<\/p>\n<h3 id=\"advantages-of-press-tube-lipstick-packaging\" class=\"ai-center-markdown-h3\">Ventajas del embalaje de l\u00e1piz labial de tubo de prensa<\/h3>\n<p class=\"ai-center-markdown-p\"><strong class=\"ai-center-markdown-strong\">1. Mejora de la experiencia del usuario:<\/strong>\u00a0La combinaci\u00f3n del dise\u00f1o de boca inclinada y el mecanismo de tubo de prensa proporciona una experiencia de usuario excepcional. Los consumidores pueden disfrutar de una aplicaci\u00f3n precisa y un f\u00e1cil acceso al producto, lo que hace que su rutina de belleza sea m\u00e1s agradable y eficiente.<\/p>\n<p class=\"ai-center-markdown-p\"><strong class=\"ai-center-markdown-strong\">2. Apelaci\u00f3n est\u00e9tica:<\/strong>\u00a0El dise\u00f1o elegante y moderno del envase del tubo de prensa a\u00f1ade un toque de elegancia al l\u00e1piz labial. Su aspecto compacto y elegante lo convierte en una adici\u00f3n deseable a cualquier colecci\u00f3n de maquillaje, atrayendo a los consumidores que valoran tanto la funcionalidad como la est\u00e9tica.<\/p>\n<p class=\"ai-center-markdown-p\"><strong class=\"ai-center-markdown-strong\">3. Sostenibilidad:<\/strong>\u00a0Los envases de pl\u00e1stico pueden ser dise\u00f1ados para ser ecol\u00f3gicos mediante el uso de materiales reciclables. Las marcas pueden contribuir a la sostenibilidad ambiental optando por pl\u00e1stico reciclable en sus envases de l\u00e1piz labial de tubo de prensa, reduciendo el impacto ambiental general.<\/p>\n<h3 id=\"conclusion\" class=\"ai-center-markdown-h3\">Conclusi\u00f3n<\/h3>\n<p class=\"ai-center-markdown-p\">El envasado de l\u00e1piz labial de tubo de prensa con una boca inclinada de 11,1 mm y material pl\u00e1stico representa un avance significativo en el envasado cosm\u00e9tico. Sus innovadoras caracter\u00edsticas y ventajas lo convierten en una opci\u00f3n atractiva tanto para los consumidores como para las marcas. Al priorizar la experiencia del usuario, el atractivo est\u00e9tico y la sostenibilidad, esta soluci\u00f3n de envasado est\u00e1 dise\u00f1ada para revolucionar la industria de la belleza.<\/p>\n<p><img loading=\"lazy\" decoding=\"async\" class=\"alignnone size-full wp-image-1347\" src=\"https:\/\/www.cosmepak.com\/wp-content\/uploads\/2024\/12\/\u9996\u987519202_03.jpg\" alt=\"\" width=\"1920\" height=\"885\" srcset=\"https:\/\/www.cosmepak.com\/wp-content\/uploads\/2024\/12\/\u9996\u987519202_03.jpg 1920w, https:\/\/www.cosmepak.com\/wp-content\/uploads\/2024\/12\/\u9996\u987519202_03-300x138.jpg 300w, https:\/\/www.cosmepak.com\/wp-content\/uploads\/2024\/12\/\u9996\u987519202_03-1024x472.jpg 1024w, https:\/\/www.cosmepak.com\/wp-content\/uploads\/2024\/12\/\u9996\u987519202_03-768x354.jpg 768w, https:\/\/www.cosmepak.com\/wp-content\/uploads\/2024\/12\/\u9996\u987519202_03-1536x708.jpg 1536w, https:\/\/www.cosmepak.com\/wp-content\/uploads\/2024\/12\/\u9996\u987519202_03-600x277.jpg 600w\" sizes=\"(max-width: 1920px) 100vw, 1920px\" \/> <img loading=\"lazy\" decoding=\"async\" class=\"alignnone size-full wp-image-1348\" src=\"https:\/\/www.cosmepak.com\/wp-content\/uploads\/2024\/12\/\u9996\u987519202_04.jpg\" alt=\"\" width=\"1920\" height=\"694\" srcset=\"https:\/\/www.cosmepak.com\/wp-content\/uploads\/2024\/12\/\u9996\u987519202_04.jpg 1920w, https:\/\/www.cosmepak.com\/wp-content\/uploads\/2024\/12\/\u9996\u987519202_04-300x108.jpg 300w, https:\/\/www.cosmepak.com\/wp-content\/uploads\/2024\/12\/\u9996\u987519202_04-1024x370.jpg 1024w, https:\/\/www.cosmepak.com\/wp-content\/uploads\/2024\/12\/\u9996\u987519202_04-768x278.jpg 768w, https:\/\/www.cosmepak.com\/wp-content\/uploads\/2024\/12\/\u9996\u987519202_04-1536x555.jpg 1536w, https:\/\/www.cosmepak.com\/wp-content\/uploads\/2024\/12\/\u9996\u987519202_04-600x217.jpg 600w\" sizes=\"(max-width: 1920px) 100vw, 1920px\" \/><\/p>\n<p><img loading=\"lazy\" decoding=\"async\" class=\"alignnone size-full wp-image-1350\" src=\"https:\/\/www.cosmepak.com\/wp-content\/uploads\/2024\/12\/\u9996\u987519202_05-1.jpg\" alt=\"\" width=\"1920\" height=\"970\" srcset=\"https:\/\/www.cosmepak.com\/wp-content\/uploads\/2024\/12\/\u9996\u987519202_05-1.jpg 1920w, https:\/\/www.cosmepak.com\/wp-content\/uploads\/2024\/12\/\u9996\u987519202_05-1-300x152.jpg 300w, https:\/\/www.cosmepak.com\/wp-content\/uploads\/2024\/12\/\u9996\u987519202_05-1-1024x517.jpg 1024w, https:\/\/www.cosmepak.com\/wp-content\/uploads\/2024\/12\/\u9996\u987519202_05-1-768x388.jpg 768w, https:\/\/www.cosmepak.com\/wp-content\/uploads\/2024\/12\/\u9996\u987519202_05-1-1536x776.jpg 1536w, https:\/\/www.cosmepak.com\/wp-content\/uploads\/2024\/12\/\u9996\u987519202_05-1-600x303.jpg 600w\" sizes=\"(max-width: 1920px) 100vw, 1920px\" \/><\/p>\n<p><img loading=\"lazy\" decoding=\"async\" class=\"alignnone wp-image-1351\" src=\"https:\/\/www.cosmepak.com\/wp-content\/uploads\/2024\/12\/\u7269\u6d41\u8fd0\u8f93\u753b\u9762-2.jpg\" alt=\"\" width=\"1424\" height=\"1068\" srcset=\"https:\/\/www.cosmepak.com\/wp-content\/uploads\/2024\/12\/\u7269\u6d41\u8fd0\u8f93\u753b\u9762-2.jpg 800w, https:\/\/www.cosmepak.com\/wp-content\/uploads\/2024\/12\/\u7269\u6d41\u8fd0\u8f93\u753b\u9762-2-300x225.jpg 300w, https:\/\/www.cosmepak.com\/wp-content\/uploads\/2024\/12\/\u7269\u6d41\u8fd0\u8f93\u753b\u9762-2-768x576.jpg 768w, https:\/\/www.cosmepak.com\/wp-content\/uploads\/2024\/12\/\u7269\u6d41\u8fd0\u8f93\u753b\u9762-2-600x450.jpg 600w\" sizes=\"(max-width: 1424px) 100vw, 1424px\" \/><\/p>\n<table style=\"border-collapse: collapse; width: 100%; height: 144px;\">\n<tbody>\n<tr style=\"height: 24px;\">\n<td style=\"width: 33.3333%; text-align: center; height: 24px;\"><span style=\"font-size: 14pt;\"><strong>Expresar<\/strong><\/span><\/td>\n<td style=\"width: 33.3333%; text-align: center; height: 24px;\"><span style=\"font-size: 14pt;\"><strong>Flete a\u00e9reo<\/strong><\/span><\/td>\n<td style=\"width: 33.3333%; text-align: center; height: 24px;\"><span style=\"font-size: 14pt;\"><strong>Transporte mar\u00edtimo<\/strong><\/span><\/td>\n<\/tr>\n<tr style=\"height: 24px;\">\n<td style=\"width: 33.3333%; text-align: center; height: 24px;\">Europa 4-6day<\/td>\n<td style=\"width: 33.3333%; text-align: center; height: 24px;\">Europa 4-6day<\/td>\n<td style=\"width: 33.3333%; text-align: center; height: 24px;\">Europa 25-35 d\u00edas<\/td>\n<\/tr>\n<tr style=\"height: 24px;\">\n<td style=\"width: 33.3333%; text-align: center; height: 24px;\">Morth America 4-6day<\/td>\n<td style=\"width: 33.3333%; text-align: center; height: 24px;\">Morth America 4-6day<\/td>\n<td style=\"width: 33.3333%; text-align: center; height: 24px;\">Morth America 25-35day<\/td>\n<\/tr>\n<tr style=\"height: 24px;\">\n<td style=\"width: 33.3333%; text-align: center; height: 24px;\">Sudeste de Asia 3-5 d\u00edas<\/td>\n<td style=\"width: 33.3333%; text-align: center; height: 24px;\">Sudeste de Asia 3-5 d\u00edas<\/td>\n<td style=\"width: 33.3333%; text-align: center; height: 24px;\">Sudeste de Asia 25-35 d\u00edas<\/td>\n<\/tr>\n<tr style=\"height: 24px;\">\n<td style=\"width: 33.3333%; text-align: center; height: 24px;\">El Medio Oriente 4-6day<\/td>\n<td style=\"width: 33.3333%; text-align: center; height: 24px;\">El Medio Oriente 4-6day<\/td>\n<td style=\"width: 33.3333%; text-align: center; height: 24px;\">El Medio Oriente 25-35 d\u00edas<\/td>\n<\/tr>\n<tr style=\"height: 24px;\">\n<td style=\"width: 33.3333%; text-align: center; height: 24px;\">Sud\u00e1frica 5-8 d\u00edas<\/td>\n<td style=\"width: 33.3333%; text-align: center; height: 24px;\">Sud\u00e1frica 5-8 d\u00edas<\/td>\n<td style=\"width: 33.3333%; text-align: center; height: 24px;\">Sud\u00e1frica 25-35 d\u00edas<\/td>\n<\/tr>\n<\/tbody>\n<\/table>\n<p><span style=\"font-size: 14pt;\"><strong>RFQ:\u00a0<\/strong><\/span><\/p>\n<p><span data-spm-anchor-id=\"a2700.pc-decorate.0.i3.75883333L8yZVb\">1. \u00bfPor qu\u00e9 no deber\u00edas comprarnos no de otros proveedores?<br \/>\n\u2460 3 minutos dise\u00f1ados para usted.<br \/>\n\u2461 Servicio en l\u00ednea de 24 horas.<br \/>\n\u2462 Muestras de stock de 7 d\u00edas\/ 15 d\u00edas con impresi\u00f3n personalizada.<br \/>\n\u2463 Tiempo de entrega de 35 d\u00edas.<br \/>\n\u2464 M\u00e1s de 10 a\u00f1os de f\u00e1brica de embalaje cosm\u00e9tico profesional.<br \/>\n\u2465 Outlets de f\u00e1brica, el mejor precio y el mejor servicio.<br \/>\n\u2466 Soluci\u00f3n de una estaci\u00f3n para envases cosm\u00e9ticos.<br \/>\n2. \u00bfQui\u00e9nes somos?<br \/>\nTenemos su sede en Zhejiang, China, comenzamos desde 2014, vendemos al mercado nacional (70.00%), Ocean\u00eda (8.00%), Medio Oriente (7.00%), este<br \/>\nAsia (2.00%), Am\u00e9rica del Norte (2.00%), Europa occidental (2.00%), sudeste asi\u00e1tico (2.00%), Asia del Sur (1.00%), Am\u00e9rica del Sur (1.00%), sur<br \/>\nEuropa (1.00%), Am\u00e9rica Central (1.00%), Norte de Europa (1.00%), \u00c1frica (1.00%), Europa del Este (1.00%). <\/span><\/p>\n<div>3. \u00bfC\u00f3mo podemos garantizar la calidad?<br \/>\nSiempre una muestra de preproducci\u00f3n antes de la producci\u00f3n en masa;<br \/>\n4. \u00bfQu\u00e9 puedes comprarnos?<br \/>\nbotellas de vidrio, botellas de pl\u00e1stico \/ tarros \/ tub\u00e9rculos, botellas de aluminio \/ tarros \/ tubos, etc. material de embalaje cosm\u00e9tico.<br \/>\n5. \u00bfQu\u00e9 servicios podemos ofrecer?<br \/>\nT\u00e9rminos de entrega aceptados: FOB, CFR, CIF;<\/div>\n<div>Moneda de pago aceptada: USD, EUR, HKD, CNY;<\/div>\n<div>Tipo de pago aceptado: T \/ T, L \/ C, D \/ P D \/ A;<\/div>","protected":false},"excerpt":{"rendered":"<p>Material: ABS<\/p>\n<p>Capacity: 3.5g<\/p>\n<p>Tama\u00f1o: 77.5*22 mm<\/p>\n<p>Color: Aceptar personalizado (cualquier color Pantone disponible)<\/p>\n<p>Acabado de superficie: impresi\u00f3n de pantalla, estampado en caliente, acabado mate, etc.<\/p>\n<p>MOQ: 10000pcs<\/p>\n<p>Muestra: muestras gratuitas disponibles<\/p>\n<p>&nbsp;<\/p>\n<p>&nbsp;<\/p>","protected":false},"featured_media":1396,"comment_status":"closed","ping_status":"closed","template":"","meta":{"_acf_changed":false},"product_brand":[],"product_cat":[53,36],"product_tag":[39],"class_list":{"0":"post-1394","1":"product","2":"type-product","3":"status-publish","4":"has-post-thumbnail","6":"product_cat-lipstick-tube","7":"product_cat-makeup","8":"product_tag-makeup","10":"first","11":"outofstock","12":"shipping-taxable","13":"product-type-simple"},"acf":[],"_links":{"self":[{"href":"https:\/\/www.cosmepak.com\/es\/wp-json\/wp\/v2\/product\/1394","targetHints":{"allow":["GET"]}}],"collection":[{"href":"https:\/\/www.cosmepak.com\/es\/wp-json\/wp\/v2\/product"}],"about":[{"href":"https:\/\/www.cosmepak.com\/es\/wp-json\/wp\/v2\/types\/product"}],"replies":[{"embeddable":true,"href":"https:\/\/www.cosmepak.com\/es\/wp-json\/wp\/v2\/comments?post=1394"}],"wp:featuredmedia":[{"embeddable":true,"href":"https:\/\/www.cosmepak.com\/es\/wp-json\/wp\/v2\/media\/1396"}],"wp:attachment":[{"href":"https:\/\/www.cosmepak.com\/es\/wp-json\/wp\/v2\/media?parent=1394"}],"wp:term":[{"taxonomy":"product_brand","embeddable":true,"href":"https:\/\/www.cosmepak.com\/es\/wp-json\/wp\/v2\/product_brand?post=1394"},{"taxonomy":"product_cat","embeddable":true,"href":"https:\/\/www.cosmepak.com\/es\/wp-json\/wp\/v2\/product_cat?post=1394"},{"taxonomy":"product_tag","embeddable":true,"href":"https:\/\/www.cosmepak.com\/es\/wp-json\/wp\/v2\/product_tag?post=1394"}],"curies":[{"name":"WP","href":"https:\/\/api.w.org\/{rel}","templated":true}]}}