{"id":1402,"date":"2025-03-27T10:04:01","date_gmt":"2025-03-27T02:04:01","guid":{"rendered":"https:\/\/www.cosmepak.com\/?post_type=product&#038;p=1402"},"modified":"2026-04-29T14:47:06","modified_gmt":"2026-04-29T06:47:06","slug":"lip-gloss-tube-gold-gradient-peach-powder-lipstick-tube-jaunce","status":"publish","type":"product","link":"https:\/\/www.cosmepak.com\/es\/product\/lip-gloss-tube-gold-gradient-peach-powder-lipstick-tube-jaunce\/","title":{"rendered":"Gloss labial tubo-oro gradiente melocot\u00f3n polvo l\u00e1piz labial tubo\/Jaunce"},"content":{"rendered":"<table style=\"border-collapse: collapse; width: 100%; height: 237px;\">\n<tbody>\n<tr style=\"height: 24px;\">\n<td style=\"width: 48.3725%; height: 24px; text-align: center;\">Marca<\/td>\n<td style=\"width: 51.6275%; height: 24px; text-align: center;\">\u00a0Jaunce<\/td>\n<\/tr>\n<tr style=\"height: 24px;\">\n<td style=\"width: 48.3725%; height: 24px; text-align: center;\">Capacidad<\/td>\n<td style=\"width: 51.6275%; height: 24px; text-align: center;\">3.5g<\/td>\n<\/tr>\n<tr style=\"height: 24px;\">\n<td style=\"width: 48.3725%; height: 24px; text-align: center;\">Forma<\/td>\n<td style=\"width: 51.6275%; height: 24px; text-align: center;\">Redondo<\/td>\n<\/tr>\n<tr style=\"height: 24px;\">\n<td style=\"width: 48.3725%; height: 24px; text-align: center;\">Tama\u00f1o<\/td>\n<td style=\"width: 51.6275%; height: 24px; text-align: center;\">20.5*74.5mm<\/td>\n<\/tr>\n<tr style=\"height: 24px;\">\n<td style=\"width: 48.3725%; height: 24px; text-align: center;\">Peso<\/td>\n<td style=\"width: 51.6275%; height: 24px; text-align: center;\">20G<\/td>\n<\/tr>\n<tr style=\"height: 24px;\">\n<td style=\"width: 48.3725%; height: 24px; text-align: center;\">Adecuado<\/td>\n<td style=\"width: 51.6275%; height: 24px; text-align: center;\">\u00a0Tapa<\/td>\n<\/tr>\n<tr style=\"height: 24px;\">\n<td style=\"width: 48.3725%; height: 24px; text-align: center;\">Modelo<\/td>\n<td style=\"width: 51.6275%; height: 24px; text-align: center;\">JH-JZ-3336<\/td>\n<\/tr>\n<tr style=\"height: 24px;\">\n<td style=\"width: 48.3725%; height: 24px; text-align: center;\">OEM \/ ODM<\/td>\n<td style=\"width: 51.6275%; height: 24px; text-align: center;\">Aceptar<\/td>\n<\/tr>\n<tr style=\"height: 24px;\">\n<td style=\"width: 48.3725%; height: 24px; text-align: center;\">Color<\/td>\n<td style=\"width: 51.6275%; height: 24px; text-align: center;\">Personalizado<\/td>\n<\/tr>\n<tr style=\"height: 24px;\">\n<td style=\"width: 48.3725%; height: 21px; text-align: center;\">Moq<\/td>\n<td style=\"width: 51.6275%; height: 21px; text-align: center;\">10000pcs<\/td>\n<\/tr>\n<\/tbody>\n<\/table>\n<p><img fetchpriority=\"high\" decoding=\"async\" class=\"alignnone wp-image-1405\" src=\"https:\/\/www.cosmepak.com\/wp-content\/uploads\/2025\/03\/photobank-5.jpg\" alt=\"\" width=\"1413\" height=\"1413\" srcset=\"https:\/\/www.cosmepak.com\/wp-content\/uploads\/2025\/03\/photobank-5.jpg 800w, https:\/\/www.cosmepak.com\/wp-content\/uploads\/2025\/03\/photobank-5-300x300.jpg 300w, https:\/\/www.cosmepak.com\/wp-content\/uploads\/2025\/03\/photobank-5-150x150.jpg 150w, https:\/\/www.cosmepak.com\/wp-content\/uploads\/2025\/03\/photobank-5-768x768.jpg 768w, https:\/\/www.cosmepak.com\/wp-content\/uploads\/2025\/03\/photobank-5-600x600.jpg 600w, https:\/\/www.cosmepak.com\/wp-content\/uploads\/2025\/03\/photobank-5-100x100.jpg 100w\" sizes=\"(max-width: 1413px) 100vw, 1413px\" \/><\/p>\n<p>C\u00f3mo elegir el Packa\u062c\u0631\u0627\u0645\u0628\u0648\u0635\u0629g perfecto para sus productos de belleza - Jaunce industrial<\/p>\n<p>Esta botella de perfume de vidrio es una opci\u00f3n pr\u00e1ctica para los entusiastas del perfume. Sus principales ventajas radican en &#8220; portabilidad&#8221; y &#8220; pr\u00e1ctica&#8221; En t\u00e9rminos de capacidad, el t \u1eaf tres opciones: 30ml, 50ml y 80ml. La versi\u00f3n de 30ml es adecuada para el equipaje diario y los viajes cortos, mientras que las versiones de 50ml y 80ml satisfacen las necesidades de almacenamiento en casa o uso a largo plazo. Ya sea colocado en un bolso de mano, bolso de maquillaje o maleta de viaje, puede adaptarse flexiblemente para satisfacer sus necesidades, lo que le permite recargar su perfume en cualquier momento y mantener una fragancia encantadora.<\/p>\n<p>For size, the JH-JZ3336 maintains even ratios in every part. Full length hits 74.5 mm, cap at 49.5 mm, base at 41.5 mm. Cap top spans 20.5 mm wide, tube body diameter at 16.5 mm. Such specs allow simple hold: the fit works for typical hands, no sliding or heaviness. It takes common lipstick cores, even taller types, with space to stop shaking or harm and to protect the fill steadily. This lipstick tube is made by ABS injection molding. The outer tube can be molded into any color, and the uniform color of the integrated appearance makes it simple and elegant. The inner tube is plated with gold and silver colors, instantly enhancing the luxurious appearance of the lipstick tube.<\/p>\n<p>El cabezal de pulverizaci\u00f3n es el componente central y utiliza un cabezal de pulverizaci\u00f3n de aluminio tipo prensa. La niebla es fina y uniforme, sin columnas de agua, que pueden atomizar completamente el perfume, asegurando una experiencia c\u00f3moda durante el uso y evitando el desperdicio del perfume, ahorrando efectivamente la cantidad utilizada. Adem\u00e1s, el san-pham es adecuado para una amplia gama de escenarios, ya sea para el transporte de viajes, viajes de negocios, o uso diario en el hogar y almacenamiento de la divisi\u00f3n de perfumes, puede adaptarse perfectamente y satisfacer diversas necesidades.<\/p>\n<p><img decoding=\"async\" class=\"alignnone wp-image-1406\" src=\"https:\/\/www.cosmepak.com\/wp-content\/uploads\/2025\/03\/photobank-1-2.jpg\" alt=\"\" width=\"1397\" height=\"1397\" srcset=\"https:\/\/www.cosmepak.com\/wp-content\/uploads\/2025\/03\/photobank-1-2.jpg 1024w, https:\/\/www.cosmepak.com\/wp-content\/uploads\/2025\/03\/photobank-1-2-300x300.jpg 300w, https:\/\/www.cosmepak.com\/wp-content\/uploads\/2025\/03\/photobank-1-2-150x150.jpg 150w, https:\/\/www.cosmepak.com\/wp-content\/uploads\/2025\/03\/photobank-1-2-768x768.jpg 768w, https:\/\/www.cosmepak.com\/wp-content\/uploads\/2025\/03\/photobank-1-2-600x600.jpg 600w, https:\/\/www.cosmepak.com\/wp-content\/uploads\/2025\/03\/photobank-1-2-100x100.jpg 100w\" sizes=\"(max-width: 1397px) 100vw, 1397px\" \/><img decoding=\"async\" class=\"alignnone wp-image-1407\" src=\"https:\/\/www.cosmepak.com\/wp-content\/uploads\/2025\/03\/photobank-6.jpg\" alt=\"\" width=\"1388\" height=\"1388\" srcset=\"https:\/\/www.cosmepak.com\/wp-content\/uploads\/2025\/03\/photobank-6.jpg 1024w, https:\/\/www.cosmepak.com\/wp-content\/uploads\/2025\/03\/photobank-6-300x300.jpg 300w, https:\/\/www.cosmepak.com\/wp-content\/uploads\/2025\/03\/photobank-6-150x150.jpg 150w, https:\/\/www.cosmepak.com\/wp-content\/uploads\/2025\/03\/photobank-6-768x768.jpg 768w, https:\/\/www.cosmepak.com\/wp-content\/uploads\/2025\/03\/photobank-6-600x600.jpg 600w, https:\/\/www.cosmepak.com\/wp-content\/uploads\/2025\/03\/photobank-6-100x100.jpg 100w\" sizes=\"(max-width: 1388px) 100vw, 1388px\" \/><img loading=\"lazy\" decoding=\"async\" class=\"alignnone wp-image-1409\" src=\"https:\/\/www.cosmepak.com\/wp-content\/uploads\/2025\/03\/photobank-2-1.jpg\" alt=\"\" width=\"1392\" height=\"1854\" srcset=\"https:\/\/www.cosmepak.com\/wp-content\/uploads\/2025\/03\/photobank-2-1.jpg 1200w, https:\/\/www.cosmepak.com\/wp-content\/uploads\/2025\/03\/photobank-2-1-225x300.jpg 225w, https:\/\/www.cosmepak.com\/wp-content\/uploads\/2025\/03\/photobank-2-1-769x1024.jpg 769w, https:\/\/www.cosmepak.com\/wp-content\/uploads\/2025\/03\/photobank-2-1-768x1023.jpg 768w, https:\/\/www.cosmepak.com\/wp-content\/uploads\/2025\/03\/photobank-2-1-1153x1536.jpg 1153w, https:\/\/www.cosmepak.com\/wp-content\/uploads\/2025\/03\/photobank-2-1-600x799.jpg 600w\" sizes=\"(max-width: 1392px) 100vw, 1392px\" \/><\/p>\n<p>&nbsp;<\/p>\n<p>&nbsp;<\/p>\n<p>&nbsp;<\/p>\n<div><\/div>","protected":false},"excerpt":{"rendered":"<p>Material: ABS\/AS<\/p>\n<p>Capacity: 3.5g<\/p>\n<p>Size: 74.5*20.5mm<\/p>\n<p>Color: Aceptar personalizado (cualquier color Pantone disponible)<\/p>\n<p>Acabado de superficie: impresi\u00f3n de pantalla, estampado en caliente, acabado mate, etc.<\/p>\n<p>MOQ: 10000pcs<\/p>\n<p>Muestra: muestras gratuitas disponibles<\/p>\n<p>&nbsp;<\/p>\n<p>&nbsp;<\/p>","protected":false},"featured_media":1403,"comment_status":"closed","ping_status":"closed","template":"","meta":{"_acf_changed":false},"product_brand":[],"product_cat":[53,36],"product_tag":[39],"class_list":{"0":"post-1402","1":"product","2":"type-product","3":"status-publish","4":"has-post-thumbnail","6":"product_cat-lipstick-tube","7":"product_cat-makeup","8":"product_tag-makeup","10":"first","11":"outofstock","12":"shipping-taxable","13":"product-type-simple"},"acf":[],"_links":{"self":[{"href":"https:\/\/www.cosmepak.com\/es\/wp-json\/wp\/v2\/product\/1402","targetHints":{"allow":["GET"]}}],"collection":[{"href":"https:\/\/www.cosmepak.com\/es\/wp-json\/wp\/v2\/product"}],"about":[{"href":"https:\/\/www.cosmepak.com\/es\/wp-json\/wp\/v2\/types\/product"}],"replies":[{"embeddable":true,"href":"https:\/\/www.cosmepak.com\/es\/wp-json\/wp\/v2\/comments?post=1402"}],"wp:featuredmedia":[{"embeddable":true,"href":"https:\/\/www.cosmepak.com\/es\/wp-json\/wp\/v2\/media\/1403"}],"wp:attachment":[{"href":"https:\/\/www.cosmepak.com\/es\/wp-json\/wp\/v2\/media?parent=1402"}],"wp:term":[{"taxonomy":"product_brand","embeddable":true,"href":"https:\/\/www.cosmepak.com\/es\/wp-json\/wp\/v2\/product_brand?post=1402"},{"taxonomy":"product_cat","embeddable":true,"href":"https:\/\/www.cosmepak.com\/es\/wp-json\/wp\/v2\/product_cat?post=1402"},{"taxonomy":"product_tag","embeddable":true,"href":"https:\/\/www.cosmepak.com\/es\/wp-json\/wp\/v2\/product_tag?post=1402"}],"curies":[{"name":"WP","href":"https:\/\/api.w.org\/{rel}","templated":true}]}}