{"id":142,"date":"2024-12-31T10:54:36","date_gmt":"2024-12-31T02:54:36","guid":{"rendered":"http:\/\/www.cosmepak.com\/?post_type=product&#038;p=142"},"modified":"2025-10-21T11:30:12","modified_gmt":"2025-10-21T03:30:12","slug":"tubo-de-pintalabios","status":"publish","type":"product","link":"https:\/\/www.cosmepak.com\/es\/product\/lipstick-tube\/","title":{"rendered":"Tubo de l\u00e1piz labial"},"content":{"rendered":"<table style=\"border-collapse: collapse; width: 100.799%; height: 216px;\">\n<tbody>\n<tr style=\"height: 24px;\">\n<td style=\"width: 30.4741%; text-align: center; height: 24px;\" rowspan=\"9\"><img fetchpriority=\"high\" decoding=\"async\" class=\"alignnone size-full wp-image-3017\" src=\"https:\/\/www.cosmepak.com\/wp-content\/uploads\/2024\/12\/10939227280_114461948.jpg\" alt=\"\" width=\"800\" height=\"800\" srcset=\"https:\/\/www.cosmepak.com\/wp-content\/uploads\/2024\/12\/10939227280_114461948.jpg 800w, https:\/\/www.cosmepak.com\/wp-content\/uploads\/2024\/12\/10939227280_114461948-300x300.jpg 300w, https:\/\/www.cosmepak.com\/wp-content\/uploads\/2024\/12\/10939227280_114461948-150x150.jpg 150w, https:\/\/www.cosmepak.com\/wp-content\/uploads\/2024\/12\/10939227280_114461948-768x768.jpg 768w, https:\/\/www.cosmepak.com\/wp-content\/uploads\/2024\/12\/10939227280_114461948-12x12.jpg 12w, https:\/\/www.cosmepak.com\/wp-content\/uploads\/2024\/12\/10939227280_114461948-600x600.jpg 600w, https:\/\/www.cosmepak.com\/wp-content\/uploads\/2024\/12\/10939227280_114461948-100x100.jpg 100w\" sizes=\"(max-width: 800px) 100vw, 800px\" \/><\/td>\n<td style=\"width: 31.9117%; height: 24px; text-align: center;\">Nombre del producto<\/td>\n<td style=\"width: 49.6832%; height: 24px; text-align: center;\">3.5 g de tubo de l\u00e1piz labial<\/td>\n<\/tr>\n<tr style=\"height: 24px;\">\n<td style=\"width: 31.9117%; height: 24px; text-align: center;\">Material<\/td>\n<td style=\"width: 49.6832%; height: 24px; text-align: center;\">Pl\u00e1stico<\/td>\n<\/tr>\n<tr style=\"height: 24px;\">\n<td style=\"width: 31.9117%; height: 24px; text-align: center;\">Color<\/td>\n<td style=\"width: 49.6832%; height: 24px; text-align: center;\">Personalizado<\/td>\n<\/tr>\n<tr style=\"height: 24px;\">\n<td style=\"width: 31.9117%; height: 24px; text-align: center;\">Tratamiento de obras de arte<\/td>\n<td style=\"width: 49.6832%; height: 24px; text-align: center;\">Electro Excripci\u00f3n<\/td>\n<\/tr>\n<tr style=\"height: 24px;\">\n<td style=\"width: 31.9117%; height: 24px; text-align: center;\">Capacidad<\/td>\n<td style=\"width: 49.6832%; height: 24px; text-align: center;\">3.5g<\/td>\n<\/tr>\n<tr style=\"height: 24px;\">\n<td style=\"width: 31.9117%; height: 24px; text-align: center;\">Moq<\/td>\n<td style=\"width: 49.6832%; height: 24px; text-align: center;\">10000<\/td>\n<\/tr>\n<tr style=\"height: 24px;\">\n<td style=\"width: 31.9117%; height: 24px; text-align: center;\">Tiempo de entrega<\/td>\n<td style=\"width: 49.6832%; height: 24px; text-align: center;\">45 d\u00edas despu\u00e9s de la recepci\u00f3n del dep\u00f3sito.<\/td>\n<\/tr>\n<tr style=\"height: 24px;\">\n<td style=\"width: 31.9117%; height: 24px; text-align: center;\">Pago<\/td>\n<td style=\"width: 49.6832%; height: 24px; text-align: center;\">Dep\u00f3sito del 50%, saldo del 50% pagado antes de cargar.<\/td>\n<\/tr>\n<tr style=\"height: 24px;\">\n<td style=\"width: 31.9117%; text-align: center; height: 24px;\">Embalaje<\/td>\n<td style=\"width: 49.6832%; text-align: center; height: 24px;\">Caja de papel Kraft y paleta de madera.<\/td>\n<\/tr>\n<\/tbody>\n<\/table>\n<table style=\"border-collapse: collapse; width: 100%;\">\n<tbody>\n<tr>\n<td style=\"width: 25%; text-align: center;\"><strong>Capacidad<\/strong><\/td>\n<td style=\"width: 25%; text-align: center;\"><strong>Di\u00e1metro de la carcasa exterior<\/strong><\/td>\n<td style=\"width: 25%; text-align: center;\"><strong>Di\u00e1metro interior del tubo<\/strong><\/td>\n<td style=\"width: 25%; text-align: center;\"><strong>Altura total<\/strong><\/td>\n<\/tr>\n<tr>\n<td style=\"width: 25%; text-align: center;\">3.5g<\/td>\n<td style=\"width: 25%; text-align: center;\">22 mm<\/td>\n<td style=\"width: 25%; text-align: center;\">16.5mm<\/td>\n<td style=\"width: 25%; text-align: center;\">56.3mm<\/td>\n<\/tr>\n<\/tbody>\n<\/table>\n<p><img decoding=\"async\" class=\"wp-image-2604 aligncenter\" src=\"https:\/\/www.cosmepak.com\/wp-content\/uploads\/2024\/12\/O1CN01Ywk68z1HU7mWPO0CS_3230470760-0-cib.jpg\" alt=\"\" width=\"1481\" height=\"1481\" srcset=\"https:\/\/www.cosmepak.com\/wp-content\/uploads\/2024\/12\/O1CN01Ywk68z1HU7mWPO0CS_3230470760-0-cib.jpg 800w, https:\/\/www.cosmepak.com\/wp-content\/uploads\/2024\/12\/O1CN01Ywk68z1HU7mWPO0CS_3230470760-0-cib-300x300.jpg 300w, https:\/\/www.cosmepak.com\/wp-content\/uploads\/2024\/12\/O1CN01Ywk68z1HU7mWPO0CS_3230470760-0-cib-150x150.jpg 150w, https:\/\/www.cosmepak.com\/wp-content\/uploads\/2024\/12\/O1CN01Ywk68z1HU7mWPO0CS_3230470760-0-cib-768x768.jpg 768w, https:\/\/www.cosmepak.com\/wp-content\/uploads\/2024\/12\/O1CN01Ywk68z1HU7mWPO0CS_3230470760-0-cib-12x12.jpg 12w, https:\/\/www.cosmepak.com\/wp-content\/uploads\/2024\/12\/O1CN01Ywk68z1HU7mWPO0CS_3230470760-0-cib-600x600.jpg 600w, https:\/\/www.cosmepak.com\/wp-content\/uploads\/2024\/12\/O1CN01Ywk68z1HU7mWPO0CS_3230470760-0-cib-100x100.jpg 100w\" sizes=\"(max-width: 1481px) 100vw, 1481px\" \/><\/p>\n<p>Las botellas con detalles, formas extra\u00f1as o materiales ricos hacen que unboxin\u062c\u0631\u0627m se sienta como arte. Por ejemplo, las botellas redondas con curvas suaves representan la facilidad y la gracia. Los dise\u00f1os afilados muestran coraje y nuevas vibraciones. Estos looks se conectan con los compradores de manera personal. Es m\u00e1s probable que se sientan bien con la marca.<\/p>\n<p>Perfumetre Bottles como arte en casa<\/p>\n<p>Las botellas de perfume no son solo para uso. A menudo se ven como arte que se puede coleccionar. Muestra tu gusto y estilo. La Sra. Chanel dijo una vez: \u201cEsas botellas guardan mis dulces recuerdos. Ellos vieron mis higramhs y bajos. Son mis tesoros.\u201d Esta sensaci\u00f3n muestra c\u00f3mo las botellas van m\u00e1s all\u00e1 de su trabajo para convertirse en signos de qui\u00e9n eres.<\/p>\n<p>Putt\u0628\u0648\u0635\u0629\u062c\u0631\u0627\u0645 estas botellas en ho\u0645\u062a\u0631e a\u00f1ade belleza a su espacio. Ejecutar un armario o en una caja de vidrio, su aspecto art\u00edstico eleva su habitaci\u00f3n. Las botellas en forma de rayos de sol, estrellas o formas extra\u00f1as desencadenan nuevas ideas y clase. Dise\u00f1os sencillos con l\u00edneas limpias se adaptan a aquellos a los que les gusta la gracia moderna. Al elegir botellas que coincidan con tu estilo, conviertes tu colecci\u00f3n en una exposici\u00f3n de arte.<\/p>\n<p>Jaunce\u2019s Way of Perfumetre Bottle Desi\u062c\u0631\u0627mn y Identidad de Marca<\/p>\n<p>sh\u0628\u0648\u0635\u0629es en packaga\u062c\u0631\u0627\u0645ing cosm\u00e9ticos con dise\u00f1os de botellas de perfume fresco. Se ajustan a muchos gustos. Mezclan formas cl\u00e1sicas, como redondas, naturales para la calidez o estilos cuadrados para el coraje, con materiales ricos como vidrio de alta calidad y piezas de metal brillantes. Su enfoque en pr\u00e1cticas verdes y dise\u00f1os personalizados se asegura de que cada botella muestra el coraz\u00f3n de la marca y el estilo del comprador. Ofrecen una gracia atemporal para los gustos cl\u00e1sicos o formas audaces para los audaces.<\/p>\n<p><img decoding=\"async\" class=\"wp-image-2605 aligncenter\" src=\"https:\/\/www.cosmepak.com\/wp-content\/uploads\/2024\/12\/10998032398_114461948.jpg\" alt=\"\" width=\"1385\" height=\"1385\" srcset=\"https:\/\/www.cosmepak.com\/wp-content\/uploads\/2024\/12\/10998032398_114461948.jpg 1000w, https:\/\/www.cosmepak.com\/wp-content\/uploads\/2024\/12\/10998032398_114461948-300x300.jpg 300w, https:\/\/www.cosmepak.com\/wp-content\/uploads\/2024\/12\/10998032398_114461948-150x150.jpg 150w, https:\/\/www.cosmepak.com\/wp-content\/uploads\/2024\/12\/10998032398_114461948-768x768.jpg 768w, https:\/\/www.cosmepak.com\/wp-content\/uploads\/2024\/12\/10998032398_114461948-12x12.jpg 12w, https:\/\/www.cosmepak.com\/wp-content\/uploads\/2024\/12\/10998032398_114461948-600x600.jpg 600w, https:\/\/www.cosmepak.com\/wp-content\/uploads\/2024\/12\/10998032398_114461948-100x100.jpg 100w\" sizes=\"(max-width: 1385px) 100vw, 1385px\" \/><\/p>\n<p><img loading=\"lazy\" decoding=\"async\" class=\"wp-image-3018 alignleft\" src=\"https:\/\/www.cosmepak.com\/wp-content\/uploads\/2024\/12\/2-2.jpg\" alt=\"\" width=\"1370\" height=\"1370\" srcset=\"https:\/\/www.cosmepak.com\/wp-content\/uploads\/2024\/12\/2-2.jpg 1000w, https:\/\/www.cosmepak.com\/wp-content\/uploads\/2024\/12\/2-2-300x300.jpg 300w, https:\/\/www.cosmepak.com\/wp-content\/uploads\/2024\/12\/2-2-150x150.jpg 150w, https:\/\/www.cosmepak.com\/wp-content\/uploads\/2024\/12\/2-2-768x768.jpg 768w, https:\/\/www.cosmepak.com\/wp-content\/uploads\/2024\/12\/2-2-12x12.jpg 12w, https:\/\/www.cosmepak.com\/wp-content\/uploads\/2024\/12\/2-2-600x600.jpg 600w, https:\/\/www.cosmepak.com\/wp-content\/uploads\/2024\/12\/2-2-100x100.jpg 100w\" sizes=\"(max-width: 1370px) 100vw, 1370px\" \/><\/p>\n<p style=\"text-align: center;\"><strong>SOBRE NOSOTROS<\/strong><\/p>\n<p>Si\u062c\u0631\u0627\u0645nature Touches \u0628\u0648\u0635\u0629 Dise\u00f1os de botellas de Jaunce<\/p>\n<p><img loading=\"lazy\" decoding=\"async\" class=\"alignnone size-full wp-image-2556\" src=\"https:\/\/www.cosmepak.com\/wp-content\/uploads\/2025\/06\/packaging.webp\" alt=\"embalaje\" width=\"1920\" height=\"885\" srcset=\"https:\/\/www.cosmepak.com\/wp-content\/uploads\/2025\/06\/packaging.webp 1920w, https:\/\/www.cosmepak.com\/wp-content\/uploads\/2025\/06\/packaging-300x138.webp 300w, https:\/\/www.cosmepak.com\/wp-content\/uploads\/2025\/06\/packaging-1024x472.webp 1024w, https:\/\/www.cosmepak.com\/wp-content\/uploads\/2025\/06\/packaging-768x354.webp 768w, https:\/\/www.cosmepak.com\/wp-content\/uploads\/2025\/06\/packaging-1536x708.webp 1536w, https:\/\/www.cosmepak.com\/wp-content\/uploads\/2025\/06\/packaging-18x8.webp 18w, https:\/\/www.cosmepak.com\/wp-content\/uploads\/2025\/06\/packaging-600x277.webp 600w\" sizes=\"(max-width: 1920px) 100vw, 1920px\" \/><\/p>","protected":false},"excerpt":{"rendered":"<p>Modelo del art\u00edculo: JH-JZ3331<\/p>\n<p>Material: ABS\/AS<\/p>\n<p>Capacidad: 3.5g<\/p>\n<p>Di\u00e1metro interior del tubo: 12.1mm<\/p>\n<p>Tama\u00f1o: 77.5*22 mm<\/p>\n<p>Sello: Molle de bot\u00f3n de presi\u00f3n<\/p>\n<p>Color: Aceptar la costumbre con MOQ 10000pcs<\/p>\n<p>&nbsp;<\/p>","protected":false},"featured_media":2606,"comment_status":"closed","ping_status":"closed","template":"","meta":{"_acf_changed":false},"product_brand":[],"product_cat":[53,36],"product_tag":[],"class_list":{"0":"post-142","1":"product","2":"type-product","3":"status-publish","4":"has-post-thumbnail","6":"product_cat-lipstick-tube","7":"product_cat-makeup","9":"first","10":"outofstock","11":"shipping-taxable","12":"product-type-simple"},"acf":[],"_links":{"self":[{"href":"https:\/\/www.cosmepak.com\/es\/wp-json\/wp\/v2\/product\/142","targetHints":{"allow":["GET"]}}],"collection":[{"href":"https:\/\/www.cosmepak.com\/es\/wp-json\/wp\/v2\/product"}],"about":[{"href":"https:\/\/www.cosmepak.com\/es\/wp-json\/wp\/v2\/types\/product"}],"replies":[{"embeddable":true,"href":"https:\/\/www.cosmepak.com\/es\/wp-json\/wp\/v2\/comments?post=142"}],"wp:featuredmedia":[{"embeddable":true,"href":"https:\/\/www.cosmepak.com\/es\/wp-json\/wp\/v2\/media\/2606"}],"wp:attachment":[{"href":"https:\/\/www.cosmepak.com\/es\/wp-json\/wp\/v2\/media?parent=142"}],"wp:term":[{"taxonomy":"product_brand","embeddable":true,"href":"https:\/\/www.cosmepak.com\/es\/wp-json\/wp\/v2\/product_brand?post=142"},{"taxonomy":"product_cat","embeddable":true,"href":"https:\/\/www.cosmepak.com\/es\/wp-json\/wp\/v2\/product_cat?post=142"},{"taxonomy":"product_tag","embeddable":true,"href":"https:\/\/www.cosmepak.com\/es\/wp-json\/wp\/v2\/product_tag?post=142"}],"curies":[{"name":"WP","href":"https:\/\/api.w.org\/{rel}","templated":true}]}}