{"id":1428,"date":"2025-03-27T14:06:07","date_gmt":"2025-03-27T06:06:07","guid":{"rendered":"https:\/\/www.cosmepak.com\/?post_type=product&#038;p=1428"},"modified":"2026-01-16T14:56:42","modified_gmt":"2026-01-16T06:56:42","slug":"perfume-bottle-30ml-transparent-perfume-bottle-jaunce","status":"publish","type":"product","link":"https:\/\/www.cosmepak.com\/es\/product\/perfume-bottle-30ml-transparent-perfume-bottle-jaunce\/","title":{"rendered":"Botella de perfume -30 ml de botella de perfume transparente\/ jaunce"},"content":{"rendered":"<table style=\"border-collapse: collapse; width: 100%; height: 216px;\">\n<tbody>\n<tr style=\"height: 24px;\">\n<td style=\"width: 44.5017%; height: 24px; text-align: center;\">Capacidad<\/td>\n<td style=\"width: 55.4983%; height: 24px; text-align: center;\">\u00a030 ml<\/td>\n<\/tr>\n<tr style=\"height: 24px;\">\n<td style=\"width: 44.5017%; height: 24px; text-align: center;\">Modelo<\/td>\n<td style=\"width: 55.4983%; height: 24px; text-align: center;\">JH-MS30<\/td>\n<\/tr>\n<tr style=\"height: 24px;\">\n<td style=\"width: 44.5017%; height: 24px; text-align: center;\">Material de botella<\/td>\n<td style=\"width: 55.4983%; height: 24px; text-align: center;\">Vaso<\/td>\n<\/tr>\n<tr style=\"height: 24px;\">\n<td style=\"width: 44.5017%; height: 24px; text-align: center;\">Material gordo<\/td>\n<td style=\"width: 55.4983%; height: 24px; text-align: center;\">Haya\/Noces\/Pl\u00e1stico<\/td>\n<\/tr>\n<tr style=\"height: 24px;\">\n<td style=\"width: 44.5017%; height: 24px; text-align: center;\">Tama\u00f1o<\/td>\n<td style=\"width: 55.4983%; height: 24px; text-align: center;\">38*92 mm<\/td>\n<\/tr>\n<tr style=\"height: 24px;\">\n<td style=\"width: 44.5017%; height: 24px; text-align: center;\">Peso<\/td>\n<td style=\"width: 55.4983%; height: 24px; text-align: center;\">89.4g<\/td>\n<\/tr>\n<tr style=\"height: 24px;\">\n<td style=\"width: 44.5017%; height: 24px; text-align: center;\">Personalizaci\u00f3n<\/td>\n<td style=\"width: 55.4983%; height: 24px; text-align: center;\">Aceptar<\/td>\n<\/tr>\n<tr style=\"height: 24px;\">\n<td style=\"width: 44.5017%; height: 24px; text-align: center;\">Color<\/td>\n<td style=\"width: 55.4983%; height: 24px; text-align: center;\">Personalizado<\/td>\n<\/tr>\n<tr style=\"height: 24px;\">\n<td style=\"width: 44.5017%; height: 24px; text-align: center;\">OEM \/ ODM<\/td>\n<td style=\"width: 55.4983%; height: 24px; text-align: center;\">Aceptar<\/td>\n<\/tr>\n<\/tbody>\n<\/table>\n<p>El &#8220; Venta caliente superior&#8221; Las botellas de perfume de vidrio en forma redonda est\u00e1n disponibles exclusivamente en capacidades de 30ml, 50ml y 100ml. Dise\u00f1adas para un p\u00fablico universalmente inclusivo, estas exquisitas botellas de vidrio de lujo y alta gama, fabricadas con tecnolog\u00eda de \u00faltima generaci\u00f3n y equipos importados, garantizan una calidad de primer nivel para satisfacer las diversas necesidades de nuestros clientes. Estas botellas destacan con un cuello y una \u00f3ptica \u00fanicos. Este dise\u00f1o innovador y distintivo equilibra armoniosamente est\u00e9tica y funcionalidad, manteniendo el lujo refinado de estos exquisitos recipientes de vidrio. Estas botellas de calidad premium son f\u00e1ciles de usar, producen un ruido m\u00ednimo y son f\u00e1ciles de usar. Utilizado para el almacenamiento y la conservaci\u00f3n de una amplia gama de sustancias l\u00edquidas como esencias de aceite, perfumes, colonias, aceites de fragancia, y m\u00e1s, la versatilidad de estas botellas es altamente elogiada y buscada. Adem\u00e1s, se pueden poner en pr\u00e1ctica en varias otras aplicaciones, lo que los convierte en una opci\u00f3n vers\u00e1til para los consumidores. El &#8216; Venta caliente superior&#8217; Las botellas de perfume de vidrio en forma redonda proporcionan un entorno seguro y a prueba de fugas que protege la fragancia y la colonia de la contaminaci\u00f3n del aire exterior, lo que permite la preservaci\u00f3n del aroma original durante un per\u00edodo prolongado de tiempo. Hoy&#8217; mundo de ritmo r\u00e1pido, estos &#8216; Venta caliente superior&#8217; Las botellas de perfume de vidrio en forma redonda no solo ofrecen un nivel inigualable de lujo y elegancia, sino que tambi\u00e9n atienden a una variedad de aplicaciones pr\u00e1cticas, lo que las convierte en una opci\u00f3n excepcional para los clientes exigentes que aprecian lo mejor que la vida tiene para ofrecer.<br \/>\n<img fetchpriority=\"high\" decoding=\"async\" class=\"wp-image-1429 aligncenter\" src=\"https:\/\/www.cosmepak.com\/wp-content\/uploads\/2025\/03\/O1CN01esdBey25jRq6Z9Nfl_2778787562-0-cib.jpg\" alt=\"Botella de perfume de 30ml\" width=\"1373\" height=\"1373\" srcset=\"https:\/\/www.cosmepak.com\/wp-content\/uploads\/2025\/03\/O1CN01esdBey25jRq6Z9Nfl_2778787562-0-cib.jpg 1000w, https:\/\/www.cosmepak.com\/wp-content\/uploads\/2025\/03\/O1CN01esdBey25jRq6Z9Nfl_2778787562-0-cib-300x300.jpg 300w, https:\/\/www.cosmepak.com\/wp-content\/uploads\/2025\/03\/O1CN01esdBey25jRq6Z9Nfl_2778787562-0-cib-150x150.jpg 150w, https:\/\/www.cosmepak.com\/wp-content\/uploads\/2025\/03\/O1CN01esdBey25jRq6Z9Nfl_2778787562-0-cib-768x768.jpg 768w, https:\/\/www.cosmepak.com\/wp-content\/uploads\/2025\/03\/O1CN01esdBey25jRq6Z9Nfl_2778787562-0-cib-600x600.jpg 600w, https:\/\/www.cosmepak.com\/wp-content\/uploads\/2025\/03\/O1CN01esdBey25jRq6Z9Nfl_2778787562-0-cib-100x100.jpg 100w\" sizes=\"(max-width: 1373px) 100vw, 1373px\" \/><\/p>\n<p><img decoding=\"async\" class=\"alignnone wp-image-1432\" src=\"https:\/\/www.cosmepak.com\/wp-content\/uploads\/2025\/03\/O1CN01JfNHRQ2LIun2iD2BA_2210292069670-0-cib.jpg\" alt=\"frasco ferfume1\" width=\"672\" height=\"672\" srcset=\"https:\/\/www.cosmepak.com\/wp-content\/uploads\/2025\/03\/O1CN01JfNHRQ2LIun2iD2BA_2210292069670-0-cib.jpg 800w, https:\/\/www.cosmepak.com\/wp-content\/uploads\/2025\/03\/O1CN01JfNHRQ2LIun2iD2BA_2210292069670-0-cib-300x300.jpg 300w, https:\/\/www.cosmepak.com\/wp-content\/uploads\/2025\/03\/O1CN01JfNHRQ2LIun2iD2BA_2210292069670-0-cib-150x150.jpg 150w, https:\/\/www.cosmepak.com\/wp-content\/uploads\/2025\/03\/O1CN01JfNHRQ2LIun2iD2BA_2210292069670-0-cib-768x768.jpg 768w, https:\/\/www.cosmepak.com\/wp-content\/uploads\/2025\/03\/O1CN01JfNHRQ2LIun2iD2BA_2210292069670-0-cib-600x600.jpg 600w, https:\/\/www.cosmepak.com\/wp-content\/uploads\/2025\/03\/O1CN01JfNHRQ2LIun2iD2BA_2210292069670-0-cib-100x100.jpg 100w\" sizes=\"(max-width: 672px) 100vw, 672px\" \/><img decoding=\"async\" class=\"alignnone wp-image-1434\" src=\"https:\/\/www.cosmepak.com\/wp-content\/uploads\/2025\/03\/O1CN016BGajl25jRq33cGtw_2778787562-0-cib.jpg\" alt=\"frasco de perfume3\" width=\"672\" height=\"672\" srcset=\"https:\/\/www.cosmepak.com\/wp-content\/uploads\/2025\/03\/O1CN016BGajl25jRq33cGtw_2778787562-0-cib.jpg 1000w, https:\/\/www.cosmepak.com\/wp-content\/uploads\/2025\/03\/O1CN016BGajl25jRq33cGtw_2778787562-0-cib-300x300.jpg 300w, https:\/\/www.cosmepak.com\/wp-content\/uploads\/2025\/03\/O1CN016BGajl25jRq33cGtw_2778787562-0-cib-150x150.jpg 150w, https:\/\/www.cosmepak.com\/wp-content\/uploads\/2025\/03\/O1CN016BGajl25jRq33cGtw_2778787562-0-cib-768x768.jpg 768w, https:\/\/www.cosmepak.com\/wp-content\/uploads\/2025\/03\/O1CN016BGajl25jRq33cGtw_2778787562-0-cib-600x600.jpg 600w, https:\/\/www.cosmepak.com\/wp-content\/uploads\/2025\/03\/O1CN016BGajl25jRq33cGtw_2778787562-0-cib-100x100.jpg 100w\" sizes=\"(max-width: 672px) 100vw, 672px\" \/><\/p>\n<table style=\"border-collapse: collapse; width: 100%;\">\n<tbody>\n<tr>\n<td style=\"width: 40.1818%;\"><img loading=\"lazy\" decoding=\"async\" class=\"alignnone size-full wp-image-1346\" src=\"https:\/\/www.cosmepak.com\/wp-content\/uploads\/2024\/12\/company_\u526f\u672c.jpg\" alt=\"\" width=\"1060\" height=\"764\" srcset=\"https:\/\/www.cosmepak.com\/wp-content\/uploads\/2024\/12\/company_\u526f\u672c.jpg 1060w, https:\/\/www.cosmepak.com\/wp-content\/uploads\/2024\/12\/company_\u526f\u672c-300x216.jpg 300w, https:\/\/www.cosmepak.com\/wp-content\/uploads\/2024\/12\/company_\u526f\u672c-1024x738.jpg 1024w, https:\/\/www.cosmepak.com\/wp-content\/uploads\/2024\/12\/company_\u526f\u672c-768x554.jpg 768w, https:\/\/www.cosmepak.com\/wp-content\/uploads\/2024\/12\/company_\u526f\u672c-600x432.jpg 600w\" sizes=\"(max-width: 1060px) 100vw, 1060px\" \/><\/td>\n<td style=\"width: 59.8182%;\">Nuestra f\u00e1brica ha fundado en el a\u00f1o de 2014, y nuestra f\u00e1brica se ha especializado en la fabricaci\u00f3n de envases cosm\u00e9ticos m\u00e1s de 10 a\u00f1os;<\/p>\n<p>\u2611  Ahora tenemos 1 f\u00e1brica para botellas de vidrio, la capacidad puede ser 400.000pcs \/ d\u00eda.<br \/>\n\u2611  1Factory para botellas de pl\u00e1stico, la capacidad puede ser 50.000pcs \/ d\u00eda.<br \/>\n\u2611  1factory para botellas de alumninum, la capacidad puede ser 100.000pcs\/day.<br \/>\nHab\u00edamos pasado la certificaci\u00f3n ISO9000\/14000, tambi\u00e9n podemos proporcionar SGS y MSDS.<br \/>\nNos estamos cumpliendo con el principio de negocios honestos para cada cliente.<br \/>\n\u00a1Bienvenido para cooperar!<\/td>\n<\/tr>\n<\/tbody>\n<\/table>\n<p><img loading=\"lazy\" decoding=\"async\" class=\"alignnone size-full wp-image-1347\" src=\"https:\/\/www.cosmepak.com\/wp-content\/uploads\/2024\/12\/\u9996\u987519202_03.jpg\" alt=\"exposici\u00f3n de f\u00e1brica\" width=\"1920\" height=\"885\" srcset=\"https:\/\/www.cosmepak.com\/wp-content\/uploads\/2024\/12\/\u9996\u987519202_03.jpg 1920w, https:\/\/www.cosmepak.com\/wp-content\/uploads\/2024\/12\/\u9996\u987519202_03-300x138.jpg 300w, https:\/\/www.cosmepak.com\/wp-content\/uploads\/2024\/12\/\u9996\u987519202_03-1024x472.jpg 1024w, https:\/\/www.cosmepak.com\/wp-content\/uploads\/2024\/12\/\u9996\u987519202_03-768x354.jpg 768w, https:\/\/www.cosmepak.com\/wp-content\/uploads\/2024\/12\/\u9996\u987519202_03-1536x708.jpg 1536w, https:\/\/www.cosmepak.com\/wp-content\/uploads\/2024\/12\/\u9996\u987519202_03-600x277.jpg 600w\" sizes=\"(max-width: 1920px) 100vw, 1920px\" \/><\/p>","protected":false},"excerpt":{"rendered":"<p>Material de botella: vidrio<\/p>\n<p>Capcidad: 30 ml<\/p>\n<p>Tama\u00f1o: OD: 38 mm;<\/p>\n<p>Single Weight: 89.4g<\/p>\n<p>Color: cualquier color Pantone disponible<\/p>\n<p>Acabado de superficie: impresi\u00f3n de pantalla, estampado en caliente, gradiente de pulverizaci\u00f3n, acabado mate, etc.<\/p>\n<p>MOQ: 5000pcs;<\/p>\n<p>&nbsp;<\/p>","protected":false},"featured_media":1431,"comment_status":"closed","ping_status":"closed","template":"","meta":{"_acf_changed":false},"product_brand":[],"product_cat":[17],"product_tag":[],"class_list":{"0":"post-1428","1":"product","2":"type-product","3":"status-publish","4":"has-post-thumbnail","6":"product_cat-perfume-bottle","8":"first","9":"outofstock","10":"shipping-taxable","11":"product-type-simple"},"acf":[],"_links":{"self":[{"href":"https:\/\/www.cosmepak.com\/es\/wp-json\/wp\/v2\/product\/1428","targetHints":{"allow":["GET"]}}],"collection":[{"href":"https:\/\/www.cosmepak.com\/es\/wp-json\/wp\/v2\/product"}],"about":[{"href":"https:\/\/www.cosmepak.com\/es\/wp-json\/wp\/v2\/types\/product"}],"replies":[{"embeddable":true,"href":"https:\/\/www.cosmepak.com\/es\/wp-json\/wp\/v2\/comments?post=1428"}],"wp:featuredmedia":[{"embeddable":true,"href":"https:\/\/www.cosmepak.com\/es\/wp-json\/wp\/v2\/media\/1431"}],"wp:attachment":[{"href":"https:\/\/www.cosmepak.com\/es\/wp-json\/wp\/v2\/media?parent=1428"}],"wp:term":[{"taxonomy":"product_brand","embeddable":true,"href":"https:\/\/www.cosmepak.com\/es\/wp-json\/wp\/v2\/product_brand?post=1428"},{"taxonomy":"product_cat","embeddable":true,"href":"https:\/\/www.cosmepak.com\/es\/wp-json\/wp\/v2\/product_cat?post=1428"},{"taxonomy":"product_tag","embeddable":true,"href":"https:\/\/www.cosmepak.com\/es\/wp-json\/wp\/v2\/product_tag?post=1428"}],"curies":[{"name":"WP","href":"https:\/\/api.w.org\/{rel}","templated":true}]}}