{"id":1435,"date":"2025-03-27T13:56:11","date_gmt":"2025-03-27T05:56:11","guid":{"rendered":"https:\/\/www.cosmepak.com\/?post_type=product&#038;p=1435"},"modified":"2025-09-09T16:05:38","modified_gmt":"2025-09-09T08:05:38","slug":"lipglosstube-3-2","status":"publish","type":"product","link":"https:\/\/www.cosmepak.com\/es\/product\/lipglosstube-3-2\/","title":{"rendered":"L\u00e1piz labial de metal redondo \/jaunce"},"content":{"rendered":"<table style=\"border-collapse: collapse; width: 100%; height: 240px;\">\n<tbody>\n<tr style=\"height: 24px;\">\n<td style=\"width: 24.7995%; height: 24px;\">Marca<\/td>\n<td style=\"width: 75.2005%; height: 24px;\">\u00a0Jaunce<\/td>\n<\/tr>\n<tr style=\"height: 24px;\">\n<td style=\"width: 24.7995%; height: 24px;\">Capacidad<\/td>\n<td style=\"width: 75.2005%; height: 24px;\">3.5g<\/td>\n<\/tr>\n<tr style=\"height: 24px;\">\n<td style=\"width: 24.7995%; height: 24px;\">Forma<\/td>\n<td style=\"width: 75.2005%; height: 24px;\">Redondo<\/td>\n<\/tr>\n<tr style=\"height: 24px;\">\n<td style=\"width: 24.7995%; height: 24px;\">Tama\u00f1o<\/td>\n<td style=\"width: 75.2005%; height: 24px;\">18.5*85 mm<\/td>\n<\/tr>\n<tr style=\"height: 24px;\">\n<td style=\"width: 24.7995%; height: 24px;\">Adecuado<\/td>\n<td style=\"width: 75.2005%; height: 24px;\">\u00a0Tapa<\/td>\n<\/tr>\n<tr style=\"height: 24px;\">\n<td style=\"width: 24.7995%; height: 24px;\">Modelo<\/td>\n<td style=\"width: 75.2005%; height: 24px;\">JH-JZ-3634<\/td>\n<\/tr>\n<tr style=\"height: 24px;\">\n<td style=\"width: 24.7995%; height: 24px;\">OEM \/ ODM<\/td>\n<td style=\"width: 75.2005%; height: 24px;\">Aceptar<\/td>\n<\/tr>\n<tr style=\"height: 24px;\">\n<td style=\"width: 24.7995%; height: 24px;\">Color<\/td>\n<td style=\"width: 75.2005%; height: 24px;\">Personalizado<\/td>\n<\/tr>\n<tr style=\"height: 24px;\">\n<td style=\"width: 24.7995%; height: 24px;\">Moq<\/td>\n<td style=\"width: 75.2005%; height: 24px;\">10000pcs<\/td>\n<\/tr>\n<\/tbody>\n<\/table>\n<p>&nbsp;<\/p>\n<p><img fetchpriority=\"high\" decoding=\"async\" class=\"alignnone wp-image-1438\" src=\"https:\/\/www.cosmepak.com\/wp-content\/uploads\/2025\/03\/photobank-2-2.jpg\" alt=\"tubo de pintalabios\" width=\"1394\" height=\"1394\" srcset=\"https:\/\/www.cosmepak.com\/wp-content\/uploads\/2025\/03\/photobank-2-2.jpg 1000w, https:\/\/www.cosmepak.com\/wp-content\/uploads\/2025\/03\/photobank-2-2-300x300.jpg 300w, https:\/\/www.cosmepak.com\/wp-content\/uploads\/2025\/03\/photobank-2-2-150x150.jpg 150w, https:\/\/www.cosmepak.com\/wp-content\/uploads\/2025\/03\/photobank-2-2-768x768.jpg 768w, https:\/\/www.cosmepak.com\/wp-content\/uploads\/2025\/03\/photobank-2-2-600x600.jpg 600w, https:\/\/www.cosmepak.com\/wp-content\/uploads\/2025\/03\/photobank-2-2-100x100.jpg 100w\" sizes=\"(max-width: 1394px) 100vw, 1394px\" \/><img decoding=\"async\" class=\"alignnone wp-image-1439\" src=\"https:\/\/www.cosmepak.com\/wp-content\/uploads\/2025\/03\/photobank-3-1.jpg\" alt=\"\" width=\"1396\" height=\"1396\" srcset=\"https:\/\/www.cosmepak.com\/wp-content\/uploads\/2025\/03\/photobank-3-1.jpg 1000w, https:\/\/www.cosmepak.com\/wp-content\/uploads\/2025\/03\/photobank-3-1-300x300.jpg 300w, https:\/\/www.cosmepak.com\/wp-content\/uploads\/2025\/03\/photobank-3-1-150x150.jpg 150w, https:\/\/www.cosmepak.com\/wp-content\/uploads\/2025\/03\/photobank-3-1-768x768.jpg 768w, https:\/\/www.cosmepak.com\/wp-content\/uploads\/2025\/03\/photobank-3-1-600x600.jpg 600w, https:\/\/www.cosmepak.com\/wp-content\/uploads\/2025\/03\/photobank-3-1-100x100.jpg 100w\" sizes=\"(max-width: 1396px) 100vw, 1396px\" \/><img decoding=\"async\" class=\"alignnone wp-image-1440\" src=\"https:\/\/www.cosmepak.com\/wp-content\/uploads\/2025\/03\/photobank-5-1.jpg\" alt=\"\" width=\"1391\" height=\"1391\" srcset=\"https:\/\/www.cosmepak.com\/wp-content\/uploads\/2025\/03\/photobank-5-1.jpg 1000w, https:\/\/www.cosmepak.com\/wp-content\/uploads\/2025\/03\/photobank-5-1-300x300.jpg 300w, https:\/\/www.cosmepak.com\/wp-content\/uploads\/2025\/03\/photobank-5-1-150x150.jpg 150w, https:\/\/www.cosmepak.com\/wp-content\/uploads\/2025\/03\/photobank-5-1-768x768.jpg 768w, https:\/\/www.cosmepak.com\/wp-content\/uploads\/2025\/03\/photobank-5-1-600x600.jpg 600w, https:\/\/www.cosmepak.com\/wp-content\/uploads\/2025\/03\/photobank-5-1-100x100.jpg 100w\" sizes=\"(max-width: 1391px) 100vw, 1391px\" \/><img loading=\"lazy\" decoding=\"async\" class=\"alignnone wp-image-1441\" src=\"https:\/\/www.cosmepak.com\/wp-content\/uploads\/2025\/03\/photobank-4-1.jpg\" alt=\"\" width=\"1386\" height=\"1386\" srcset=\"https:\/\/www.cosmepak.com\/wp-content\/uploads\/2025\/03\/photobank-4-1.jpg 1000w, https:\/\/www.cosmepak.com\/wp-content\/uploads\/2025\/03\/photobank-4-1-300x300.jpg 300w, https:\/\/www.cosmepak.com\/wp-content\/uploads\/2025\/03\/photobank-4-1-150x150.jpg 150w, https:\/\/www.cosmepak.com\/wp-content\/uploads\/2025\/03\/photobank-4-1-768x768.jpg 768w, https:\/\/www.cosmepak.com\/wp-content\/uploads\/2025\/03\/photobank-4-1-600x600.jpg 600w, https:\/\/www.cosmepak.com\/wp-content\/uploads\/2025\/03\/photobank-4-1-100x100.jpg 100w\" sizes=\"(max-width: 1386px) 100vw, 1386px\" \/><\/p>\n<p>&nbsp;<\/p>\n<p class=\"ai-center-markdown-p\"><strong class=\"ai-center-markdown-strong\" data-spm-anchor-id=\"a2700.micro_cgs_home.0.i19.6e743e5ftETPZu\">T\u00edtulo: La elegancia y la practicidad de los tubos de l\u00e1piz labial redondo de platino mate con envase de pl\u00e1stico inclinado de 11,1 mm<\/strong><\/p>\n<p class=\"ai-center-markdown-p\">En el mundo competitivo de los cosm\u00e9ticos, los envases desempe\u00f1an un papel crucial para atraer a los clientes y mejorar la experiencia general del usuario. Una de las opciones destacadas en el mercado hoy en d\u00eda es el tubo redondo de l\u00e1piz labial de platino mate con un envase de pl\u00e1stico inclinado de 11,1 mm. Este art\u00edculo explora la elegancia, la practicidad y los beneficios de esta innovadora soluci\u00f3n de envasado.<\/p>\n<h3 id=\"elegance-in-design\" class=\"ai-center-markdown-h3\">Elegancia en el dise\u00f1o<\/h3>\n<p class=\"ai-center-markdown-p\">El acabado de platino mate de estos tubos de l\u00e1piz labial exuda una sensaci\u00f3n de lujo y sofisticaci\u00f3n. La forma elegante y redonda encaja c\u00f3modamente en la mano, lo que lo convierte en una atractiva adici\u00f3n a cualquier colecci\u00f3n de maquillaje. El dise\u00f1o inclinado en la abertura agrega un toque moderno, lo que lo hace no solo elegante sino tambi\u00e9n funcional para una aplicaci\u00f3n precisa.<\/p>\n<h3 id=\"practicality-and-durability\" class=\"ai-center-markdown-h3\">Pr\u00e1ctica y durabilidad<\/h3>\n<p class=\"ai-center-markdown-p\">Los envases de pl\u00e1stico ofrecen varias ventajas, incluyendo durabilidad y propiedades ligeras. El tama\u00f1o de 11,1 mm es perfecto para balas de l\u00e1piz labial est\u00e1ndar, lo que garantiza un ajuste c\u00f3modo y una aplicaci\u00f3n f\u00e1cil. El acabado mate no solo se ve elegante, sino que tambi\u00e9n proporciona un agarre antideslizante, lo que reduce el riesgo de ca\u00eddas accidentales.<\/p>\n<h3 id=\"benefits-for-manufacturers-and-consumers\" class=\"ai-center-markdown-h3\">Beneficios para fabricantes y consumidores<\/h3>\n<p class=\"ai-center-markdown-p\">Para los fabricantes, estos tubos de l\u00e1piz labial son rentables y f\u00e1ciles de producir en grandes cantidades. El material pl\u00e1stico permite una amplia gama de opciones de personalizaci\u00f3n, desde variaciones de color hasta oportunidades de marca. Para los consumidores, el tubo redondo de l\u00e1piz de labios de platino mate ofrece una sensaci\u00f3n premium sin el alto precio asociado con el envase met\u00e1lico.<\/p>\n<h3 id=\"environmental-considerations\" class=\"ai-center-markdown-h3\">Consideraciones ambientales<\/h3>\n<p class=\"ai-center-markdown-p\">Si bien el pl\u00e1stico a menudo es criticado por su impacto ambiental, los avances en materiales ecol\u00f3gicos y tecnolog\u00edas de reciclaje han hecho posible producir envases pl\u00e1sticos m\u00e1s sostenibles. Los fabricantes pueden optar por pl\u00e1sticos reciclables o biodegradables, lo que reduce la huella ambiental de sus productos.<\/p>\n<h3 id=\"conclusion\" class=\"ai-center-markdown-h3\">Conclusi\u00f3n<\/h3>\n<p class=\"ai-center-markdown-p\">El tubo de l\u00e1piz redondo de platino mate con envase de pl\u00e1stico inclinado de 11,1 mm es una mezcla perfecta de elegancia y practicidad. Su aspecto lujoso, combinado con su dise\u00f1o funcional y rentabilidad, lo convierte en una opci\u00f3n ideal tanto para fabricantes como para consumidores. A medida que la industria cosm\u00e9tica contin\u00faa evolucionando, soluciones innovadoras de envasado como esta jugar\u00e1n sin duda un papel clave en dar forma al futuro de los productos de belleza.<\/p>\n<p><img loading=\"lazy\" decoding=\"async\" class=\"alignnone size-full wp-image-1347\" src=\"https:\/\/www.cosmepak.com\/wp-content\/uploads\/2024\/12\/\u9996\u987519202_03.jpg\" alt=\"\" width=\"1920\" height=\"885\" srcset=\"https:\/\/www.cosmepak.com\/wp-content\/uploads\/2024\/12\/\u9996\u987519202_03.jpg 1920w, https:\/\/www.cosmepak.com\/wp-content\/uploads\/2024\/12\/\u9996\u987519202_03-300x138.jpg 300w, https:\/\/www.cosmepak.com\/wp-content\/uploads\/2024\/12\/\u9996\u987519202_03-1024x472.jpg 1024w, https:\/\/www.cosmepak.com\/wp-content\/uploads\/2024\/12\/\u9996\u987519202_03-768x354.jpg 768w, https:\/\/www.cosmepak.com\/wp-content\/uploads\/2024\/12\/\u9996\u987519202_03-1536x708.jpg 1536w, https:\/\/www.cosmepak.com\/wp-content\/uploads\/2024\/12\/\u9996\u987519202_03-600x277.jpg 600w\" sizes=\"(max-width: 1920px) 100vw, 1920px\" \/> <img loading=\"lazy\" decoding=\"async\" class=\"alignnone size-full wp-image-1348\" src=\"https:\/\/www.cosmepak.com\/wp-content\/uploads\/2024\/12\/\u9996\u987519202_04.jpg\" alt=\"\" width=\"1920\" height=\"694\" srcset=\"https:\/\/www.cosmepak.com\/wp-content\/uploads\/2024\/12\/\u9996\u987519202_04.jpg 1920w, https:\/\/www.cosmepak.com\/wp-content\/uploads\/2024\/12\/\u9996\u987519202_04-300x108.jpg 300w, https:\/\/www.cosmepak.com\/wp-content\/uploads\/2024\/12\/\u9996\u987519202_04-1024x370.jpg 1024w, https:\/\/www.cosmepak.com\/wp-content\/uploads\/2024\/12\/\u9996\u987519202_04-768x278.jpg 768w, https:\/\/www.cosmepak.com\/wp-content\/uploads\/2024\/12\/\u9996\u987519202_04-1536x555.jpg 1536w, https:\/\/www.cosmepak.com\/wp-content\/uploads\/2024\/12\/\u9996\u987519202_04-600x217.jpg 600w\" sizes=\"(max-width: 1920px) 100vw, 1920px\" \/><\/p>\n<p><img loading=\"lazy\" decoding=\"async\" class=\"alignnone size-full wp-image-1350\" src=\"https:\/\/www.cosmepak.com\/wp-content\/uploads\/2024\/12\/\u9996\u987519202_05-1.jpg\" alt=\"\" width=\"1920\" height=\"970\" srcset=\"https:\/\/www.cosmepak.com\/wp-content\/uploads\/2024\/12\/\u9996\u987519202_05-1.jpg 1920w, https:\/\/www.cosmepak.com\/wp-content\/uploads\/2024\/12\/\u9996\u987519202_05-1-300x152.jpg 300w, https:\/\/www.cosmepak.com\/wp-content\/uploads\/2024\/12\/\u9996\u987519202_05-1-1024x517.jpg 1024w, https:\/\/www.cosmepak.com\/wp-content\/uploads\/2024\/12\/\u9996\u987519202_05-1-768x388.jpg 768w, https:\/\/www.cosmepak.com\/wp-content\/uploads\/2024\/12\/\u9996\u987519202_05-1-1536x776.jpg 1536w, https:\/\/www.cosmepak.com\/wp-content\/uploads\/2024\/12\/\u9996\u987519202_05-1-600x303.jpg 600w\" sizes=\"(max-width: 1920px) 100vw, 1920px\" \/><\/p>\n<p><img loading=\"lazy\" decoding=\"async\" class=\"alignnone wp-image-1351\" src=\"https:\/\/www.cosmepak.com\/wp-content\/uploads\/2024\/12\/\u7269\u6d41\u8fd0\u8f93\u753b\u9762-2.jpg\" alt=\"\" width=\"1424\" height=\"1068\" srcset=\"https:\/\/www.cosmepak.com\/wp-content\/uploads\/2024\/12\/\u7269\u6d41\u8fd0\u8f93\u753b\u9762-2.jpg 800w, https:\/\/www.cosmepak.com\/wp-content\/uploads\/2024\/12\/\u7269\u6d41\u8fd0\u8f93\u753b\u9762-2-300x225.jpg 300w, https:\/\/www.cosmepak.com\/wp-content\/uploads\/2024\/12\/\u7269\u6d41\u8fd0\u8f93\u753b\u9762-2-768x576.jpg 768w, https:\/\/www.cosmepak.com\/wp-content\/uploads\/2024\/12\/\u7269\u6d41\u8fd0\u8f93\u753b\u9762-2-600x450.jpg 600w\" sizes=\"(max-width: 1424px) 100vw, 1424px\" \/><\/p>\n<table style=\"border-collapse: collapse; width: 100%; height: 144px;\">\n<tbody>\n<tr style=\"height: 24px;\">\n<td style=\"width: 33.3333%; text-align: center; height: 24px;\"><span style=\"font-size: 14pt;\"><strong>Expresar<\/strong><\/span><\/td>\n<td style=\"width: 33.3333%; text-align: center; height: 24px;\"><span style=\"font-size: 14pt;\"><strong>Flete a\u00e9reo<\/strong><\/span><\/td>\n<td style=\"width: 33.3333%; text-align: center; height: 24px;\"><span style=\"font-size: 14pt;\"><strong>Transporte mar\u00edtimo<\/strong><\/span><\/td>\n<\/tr>\n<tr style=\"height: 24px;\">\n<td style=\"width: 33.3333%; text-align: center; height: 24px;\">Europa 4-6day<\/td>\n<td style=\"width: 33.3333%; text-align: center; height: 24px;\">Europa 4-6day<\/td>\n<td style=\"width: 33.3333%; text-align: center; height: 24px;\">Europa 25-35 d\u00edas<\/td>\n<\/tr>\n<tr style=\"height: 24px;\">\n<td style=\"width: 33.3333%; text-align: center; height: 24px;\">Morth America 4-6day<\/td>\n<td style=\"width: 33.3333%; text-align: center; height: 24px;\">Morth America 4-6day<\/td>\n<td style=\"width: 33.3333%; text-align: center; height: 24px;\">Morth America 25-35day<\/td>\n<\/tr>\n<tr style=\"height: 24px;\">\n<td style=\"width: 33.3333%; text-align: center; height: 24px;\">Sudeste de Asia 3-5 d\u00edas<\/td>\n<td style=\"width: 33.3333%; text-align: center; height: 24px;\">Sudeste de Asia 3-5 d\u00edas<\/td>\n<td style=\"width: 33.3333%; text-align: center; height: 24px;\">Sudeste de Asia 25-35 d\u00edas<\/td>\n<\/tr>\n<tr style=\"height: 24px;\">\n<td style=\"width: 33.3333%; text-align: center; height: 24px;\">El Medio Oriente 4-6day<\/td>\n<td style=\"width: 33.3333%; text-align: center; height: 24px;\">El Medio Oriente 4-6day<\/td>\n<td style=\"width: 33.3333%; text-align: center; height: 24px;\">El Medio Oriente 25-35 d\u00edas<\/td>\n<\/tr>\n<tr style=\"height: 24px;\">\n<td style=\"width: 33.3333%; text-align: center; height: 24px;\">Sud\u00e1frica 5-8 d\u00edas<\/td>\n<td style=\"width: 33.3333%; text-align: center; height: 24px;\">Sud\u00e1frica 5-8 d\u00edas<\/td>\n<td style=\"width: 33.3333%; text-align: center; height: 24px;\">Sud\u00e1frica 25-35 d\u00edas<\/td>\n<\/tr>\n<\/tbody>\n<\/table>\n<p><span style=\"font-size: 14pt;\"><strong>Preguntas frecuentes:\u00a0<\/strong><\/span><\/p>\n<h3 id=\"why-should-you-buy-from-us-instead-of-other-suppliers\" class=\"ai-center-markdown-h3\" data-spm-anchor-id=\"a2700.micro_cgs_home.0.i14.6e743e5ftETPZu\">\u00bfPor qu\u00e9 debe comprar de nosotros en lugar de otros proveedores?<\/h3>\n<p class=\"ai-center-markdown-p\"><strong class=\"ai-center-markdown-strong\">Dise\u00f1os personalizados en solo 3 minutos:<\/strong>\u00a0Servicios de dise\u00f1o r\u00e1pidos y eficientes adaptados a sus necesidades.<\/p>\n<p class=\"ai-center-markdown-p\"><strong class=\"ai-center-markdown-strong\">Servicio en l\u00ednea 24\/7:<\/strong>\u00a0Siempre disponible para ayudarlo, no importa el momento.<\/p>\n<p class=\"ai-center-markdown-p\"><strong class=\"ai-center-markdown-strong\">Rendimiento r\u00e1pido de la muestra:<\/strong>\u00a0Muestras de stock disponibles en 7 d\u00edas, muestras impresas a medida en 15 d\u00edas.<\/p>\n<p class=\"ai-center-markdown-p\"><strong class=\"ai-center-markdown-strong\">Tiempo de ejecuci\u00f3n confiable:<\/strong>\u00a0Tiempo de entrega consistente de 35 d\u00edas para sus pedidos.<\/p>\n<p class=\"ai-center-markdown-p\"><strong class=\"ai-center-markdown-strong\">Experiencia comprobada:<\/strong>\u00a0M\u00e1s de 10 a\u00f1os de experiencia en la industria de envases cosm\u00e9ticos.<\/p>\n<p class=\"ai-center-markdown-p\"><strong class=\"ai-center-markdown-strong\">F\u00e1brica directa:<\/strong>\u00a0Mejores precios y servicios directamente de nuestra f\u00e1brica.<\/p>\n<p class=\"ai-center-markdown-p\"><strong class=\"ai-center-markdown-strong\">Soluciones integrales:<\/strong>\u00a0Soluci\u00f3n \u00fanica para todas sus necesidades de envasado de cosm\u00e9ticos.<\/p>\n<h3 id=\"who-are-we\" class=\"ai-center-markdown-h3\">\u00bfQui\u00e9nes somos?<\/h3>\n<p class=\"ai-center-markdown-p\">Somos una empresa de envasado de cosm\u00e9ticos con sede en Zhejiang, China, establecida en 2014. Nuestros mercados principales incluyen:<\/p>\n<div class=\"ai-center-markdown-table-scroll-container\">\n<table class=\"ai-center-markdown-table\">\n<thead class=\"ai-center-markdown-thead\">\n<tr class=\"ai-center-markdown-tr\">\n<th class=\"ai-center-markdown-th\" width=\"fit-content\">Regi\u00f3n<\/th>\n<th class=\"ai-center-markdown-th\" width=\"fit-content\">Quota de mercado<\/th>\n<\/tr>\n<\/thead>\n<tbody class=\"ai-center-markdown-tbody\">\n<tr class=\"ai-center-markdown-tr\">\n<td class=\"ai-center-markdown-td\" width=\"fit-content\">Mercado interno<\/td>\n<td class=\"ai-center-markdown-td\" width=\"fit-content\">70%<\/td>\n<\/tr>\n<tr class=\"ai-center-markdown-tr\">\n<td class=\"ai-center-markdown-td\" width=\"fit-content\">Ocean\u00eda<\/td>\n<td class=\"ai-center-markdown-td\" width=\"fit-content\">8%<\/td>\n<\/tr>\n<tr class=\"ai-center-markdown-tr\">\n<td class=\"ai-center-markdown-td\" width=\"fit-content\">Oriente Medio<\/td>\n<td class=\"ai-center-markdown-td\" width=\"fit-content\">7%<\/td>\n<\/tr>\n<tr class=\"ai-center-markdown-tr\">\n<td class=\"ai-center-markdown-td\" width=\"fit-content\">Asia Oriental<\/td>\n<td class=\"ai-center-markdown-td\" width=\"fit-content\">2%<\/td>\n<\/tr>\n<tr class=\"ai-center-markdown-tr\">\n<td class=\"ai-center-markdown-td\" width=\"fit-content\">Am\u00e9rica del Norte<\/td>\n<td class=\"ai-center-markdown-td\" width=\"fit-content\">2%<\/td>\n<\/tr>\n<tr class=\"ai-center-markdown-tr\">\n<td class=\"ai-center-markdown-td\" width=\"fit-content\">Europa Occidental<\/td>\n<td class=\"ai-center-markdown-td\" width=\"fit-content\">2%<\/td>\n<\/tr>\n<tr class=\"ai-center-markdown-tr\">\n<td class=\"ai-center-markdown-td\" width=\"fit-content\">Sudeste Asi\u00e1tico<\/td>\n<td class=\"ai-center-markdown-td\" width=\"fit-content\">2%<\/td>\n<\/tr>\n<tr class=\"ai-center-markdown-tr\">\n<td class=\"ai-center-markdown-td\" width=\"fit-content\">Asia del Sur<\/td>\n<td class=\"ai-center-markdown-td\" width=\"fit-content\">1%<\/td>\n<\/tr>\n<tr class=\"ai-center-markdown-tr\">\n<td class=\"ai-center-markdown-td\" width=\"fit-content\">Am\u00e9rica del Sur<\/td>\n<td class=\"ai-center-markdown-td\" width=\"fit-content\">1%<\/td>\n<\/tr>\n<tr class=\"ai-center-markdown-tr\">\n<td class=\"ai-center-markdown-td\" width=\"fit-content\">Europa del Sur<\/td>\n<td class=\"ai-center-markdown-td\" width=\"fit-content\">1%<\/td>\n<\/tr>\n<tr class=\"ai-center-markdown-tr\">\n<td class=\"ai-center-markdown-td\" width=\"fit-content\">Am\u00e9rica Central<\/td>\n<td class=\"ai-center-markdown-td\" width=\"fit-content\">1%<\/td>\n<\/tr>\n<tr class=\"ai-center-markdown-tr\">\n<td class=\"ai-center-markdown-td\" width=\"fit-content\">Europa del Norte<\/td>\n<td class=\"ai-center-markdown-td\" width=\"fit-content\">1%<\/td>\n<\/tr>\n<tr class=\"ai-center-markdown-tr\">\n<td class=\"ai-center-markdown-td\" width=\"fit-content\">\u00c1frica<\/td>\n<td class=\"ai-center-markdown-td\" width=\"fit-content\">1%<\/td>\n<\/tr>\n<tr class=\"ai-center-markdown-tr\">\n<td class=\"ai-center-markdown-td\" width=\"fit-content\">Europa del Este<\/td>\n<td class=\"ai-center-markdown-td\" width=\"fit-content\">1%<\/td>\n<\/tr>\n<\/tbody>\n<\/table>\n<\/div>\n<h3 id=\"how-can-we-guarantee-quality\" class=\"ai-center-markdown-h3\">\u00bfC\u00f3mo podemos garantizar la calidad?<\/h3>\n<ul class=\"ai-center-markdown-ul\">\n<li class=\"ai-center-markdown-li\"><strong class=\"ai-center-markdown-strong\">Muestras de pre-producci\u00f3n:<\/strong>\u00a0Siempre proporcionado antes de la producci\u00f3n en masa.<\/li>\n<li class=\"ai-center-markdown-li\"><strong class=\"ai-center-markdown-strong\">Inspecci\u00f3n final:<\/strong>\u00a0Inspecci\u00f3n completa antes del env\u00edo.<\/li>\n<\/ul>\n<h3 id=\"what-can-you-buy-from-us\" class=\"ai-center-markdown-h3\">\u00bfQu\u00e9 puedes comprar de nosotros?<\/h3>\n<ul class=\"ai-center-markdown-ul\">\n<li class=\"ai-center-markdown-li\">botellas de vidrio<\/li>\n<li class=\"ai-center-markdown-li\">Botellas de pl\u00e1stico \/ frascos \/ tubos<\/li>\n<li class=\"ai-center-markdown-li\">Botellas\/frascos\/tubos de aluminio<\/li>\n<li class=\"ai-center-markdown-li\">Varios materiales de envasado de cosm\u00e9ticos<\/li>\n<\/ul>\n<h3 id=\"what-services-can-we-provide\" class=\"ai-center-markdown-h3\">\u00bfQu\u00e9 servicios podemos ofrecer?<\/h3>\n<ul class=\"ai-center-markdown-ul\">\n<li class=\"ai-center-markdown-li\"><strong class=\"ai-center-markdown-strong\">Condiciones de entrega:<\/strong>\u00a0FOB, CFR, CIF<\/li>\n<li class=\"ai-center-markdown-li\"><strong class=\"ai-center-markdown-strong\">Monedas de pago:<\/strong>\u00a0USD, EUR, HKD, CNY<\/li>\n<li class=\"ai-center-markdown-li\"><strong class=\"ai-center-markdown-strong\">Tipos de pago:<\/strong>\u00a0T \/ T, L \/ C, D \/ P, D \/ A<\/li>\n<\/ul>","protected":false},"excerpt":{"rendered":"<p>Material: ABS<\/p>\n<p>Capacity: 3.5g<\/p>\n<p>Size: 85*18.5mm<\/p>\n<p>Color: Aceptar personalizado (cualquier color Pantone disponible)<\/p>\n<p>Acabado de superficie: impresi\u00f3n de pantalla, estampado en caliente, acabado mate, etc.<\/p>\n<p>MOQ: 10000pcs<\/p>\n<p>Muestra: muestras gratuitas disponibles<\/p>\n<p>&nbsp;<\/p>\n<p>&nbsp;<\/p>","protected":false},"featured_media":1437,"comment_status":"closed","ping_status":"closed","template":"","meta":{"_acf_changed":false},"product_brand":[],"product_cat":[53,36],"product_tag":[39],"class_list":{"0":"post-1435","1":"product","2":"type-product","3":"status-publish","4":"has-post-thumbnail","6":"product_cat-lipstick-tube","7":"product_cat-makeup","8":"product_tag-makeup","10":"first","11":"outofstock","12":"shipping-taxable","13":"product-type-simple"},"acf":[],"_links":{"self":[{"href":"https:\/\/www.cosmepak.com\/es\/wp-json\/wp\/v2\/product\/1435","targetHints":{"allow":["GET"]}}],"collection":[{"href":"https:\/\/www.cosmepak.com\/es\/wp-json\/wp\/v2\/product"}],"about":[{"href":"https:\/\/www.cosmepak.com\/es\/wp-json\/wp\/v2\/types\/product"}],"replies":[{"embeddable":true,"href":"https:\/\/www.cosmepak.com\/es\/wp-json\/wp\/v2\/comments?post=1435"}],"wp:featuredmedia":[{"embeddable":true,"href":"https:\/\/www.cosmepak.com\/es\/wp-json\/wp\/v2\/media\/1437"}],"wp:attachment":[{"href":"https:\/\/www.cosmepak.com\/es\/wp-json\/wp\/v2\/media?parent=1435"}],"wp:term":[{"taxonomy":"product_brand","embeddable":true,"href":"https:\/\/www.cosmepak.com\/es\/wp-json\/wp\/v2\/product_brand?post=1435"},{"taxonomy":"product_cat","embeddable":true,"href":"https:\/\/www.cosmepak.com\/es\/wp-json\/wp\/v2\/product_cat?post=1435"},{"taxonomy":"product_tag","embeddable":true,"href":"https:\/\/www.cosmepak.com\/es\/wp-json\/wp\/v2\/product_tag?post=1435"}],"curies":[{"name":"WP","href":"https:\/\/api.w.org\/{rel}","templated":true}]}}