{"id":1447,"date":"2025-03-27T14:27:15","date_gmt":"2025-03-27T06:27:15","guid":{"rendered":"https:\/\/www.cosmepak.com\/?post_type=product&#038;p=1447"},"modified":"2026-01-14T17:00:29","modified_gmt":"2026-01-14T09:00:29","slug":"perfume-bottle-50ml-transparent-perfume-bottle-jaunce","status":"publish","type":"product","link":"https:\/\/www.cosmepak.com\/es\/product\/perfume-bottle-50ml-transparent-perfume-bottle-jaunce\/","title":{"rendered":"Botella de perfume -50 ml de botella de perfume transparente\/ jaunce"},"content":{"rendered":"<table style=\"border-collapse: collapse; width: 100%; height: 216px;\">\n<tbody>\n<tr style=\"height: 24px;\">\n<td style=\"width: 44.5017%; height: 24px; text-align: center;\">Capacidad<\/td>\n<td style=\"width: 55.4983%; height: 24px; text-align: center;\">\u00a050 ml<\/td>\n<\/tr>\n<tr style=\"height: 24px;\">\n<td style=\"width: 44.5017%; height: 24px; text-align: center;\">Modelo<\/td>\n<td style=\"width: 55.4983%; height: 24px; text-align: center;\">JH-MS50<\/td>\n<\/tr>\n<tr style=\"height: 24px;\">\n<td style=\"width: 44.5017%; height: 24px; text-align: center;\">Material de botella<\/td>\n<td style=\"width: 55.4983%; height: 24px; text-align: center;\">Vaso<\/td>\n<\/tr>\n<tr style=\"height: 24px;\">\n<td style=\"width: 44.5017%; height: 24px; text-align: center;\">Material gordo<\/td>\n<td style=\"width: 55.4983%; height: 24px; text-align: center;\">Haya\/Noces\/Pl\u00e1stico<\/td>\n<\/tr>\n<tr style=\"height: 24px;\">\n<td style=\"width: 44.5017%; height: 24px; text-align: center;\">Tama\u00f1o<\/td>\n<td style=\"width: 55.4983%; height: 24px; text-align: center;\">45*100 mm<\/td>\n<\/tr>\n<tr style=\"height: 24px;\">\n<td style=\"width: 44.5017%; height: 24px; text-align: center;\">Peso<\/td>\n<td style=\"width: 55.4983%; height: 24px; text-align: center;\">129.3g<\/td>\n<\/tr>\n<tr style=\"height: 24px;\">\n<td style=\"width: 44.5017%; height: 24px; text-align: center;\">Personalizaci\u00f3n<\/td>\n<td style=\"width: 55.4983%; height: 24px; text-align: center;\">Aceptar<\/td>\n<\/tr>\n<tr style=\"height: 24px;\">\n<td style=\"width: 44.5017%; height: 24px; text-align: center;\">Color<\/td>\n<td style=\"width: 55.4983%; height: 24px; text-align: center;\">Personalizado<\/td>\n<\/tr>\n<tr style=\"height: 24px;\">\n<td style=\"width: 44.5017%; height: 24px; text-align: center;\">OEM \/ ODM<\/td>\n<td style=\"width: 55.4983%; height: 24px; text-align: center;\">Aceptar<\/td>\n<\/tr>\n<\/tbody>\n<\/table>\n<p>Esta botella de perfume est\u00e1 hecha de vidrio de alta calidad y altamente transparente. El cuerpo cristalino es como un lienzo perfecto, lo que permite que los colores v\u00edvidos dentro del perfume se muestren claramente &#8211; ya sea&#8217; los suaves tonos pastel, el rico color \u00e1mbar o el brillante l\u00edquido de esencia clara. Al mismo tiempo, puede reflejar la luz, emitiendo un brillo sutil pero lujoso, lo que lo hace destacar de manera \u00fanica en cualquier camar\u00f3n o mostrador de maquillaje.<\/p>\n<p>Los hombros redondeados, cuando deslizas los dedos a lo largo de la superficie, sentir\u00e1s el acabado perfectamente pulido sin bordes \u00e1spero. Esta es precisamente la encarnaci\u00f3n de la artesan\u00eda exquisita, que exuda una elegancia de bajo nivel.<\/p>\n<p>La botella con cuello de tornillo es f\u00e1cil de llenar. Hay varios accesorios disponibles para la selecci\u00f3n:<\/p>\n<p>Spray: La bomba de pulverizaci\u00f3n incorporada est\u00e1 dise\u00f1ada para la niebla de fragancia sin esfuerzo. Permite una distribuci\u00f3n fina y uniforme del perfume, mejorando la experiencia general del usuario.<\/p>\n<p>Dropper: La extracci\u00f3n l\u00edquida es precisa.<\/p>\n<p>Por supuesto, tambi\u00e9n se puede usar en combinaci\u00f3n con una bomba de emulsi\u00f3n.<\/p>\n<p><img fetchpriority=\"high\" decoding=\"async\" class=\"alignnone wp-image-1448\" src=\"https:\/\/www.cosmepak.com\/wp-content\/uploads\/2025\/03\/O1CN01eqRyqL2LIun7wjV6z_2210292069670-0-cib.jpg\" alt=\"frasco de perfume4\" width=\"1371\" height=\"1371\" srcset=\"https:\/\/www.cosmepak.com\/wp-content\/uploads\/2025\/03\/O1CN01eqRyqL2LIun7wjV6z_2210292069670-0-cib.jpg 1000w, https:\/\/www.cosmepak.com\/wp-content\/uploads\/2025\/03\/O1CN01eqRyqL2LIun7wjV6z_2210292069670-0-cib-300x300.jpg 300w, https:\/\/www.cosmepak.com\/wp-content\/uploads\/2025\/03\/O1CN01eqRyqL2LIun7wjV6z_2210292069670-0-cib-150x150.jpg 150w, https:\/\/www.cosmepak.com\/wp-content\/uploads\/2025\/03\/O1CN01eqRyqL2LIun7wjV6z_2210292069670-0-cib-768x768.jpg 768w, https:\/\/www.cosmepak.com\/wp-content\/uploads\/2025\/03\/O1CN01eqRyqL2LIun7wjV6z_2210292069670-0-cib-600x600.jpg 600w, https:\/\/www.cosmepak.com\/wp-content\/uploads\/2025\/03\/O1CN01eqRyqL2LIun7wjV6z_2210292069670-0-cib-100x100.jpg 100w\" sizes=\"(max-width: 1371px) 100vw, 1371px\" \/><\/p>\n<p><img decoding=\"async\" class=\"alignnone wp-image-1432\" src=\"https:\/\/www.cosmepak.com\/wp-content\/uploads\/2025\/03\/O1CN01JfNHRQ2LIun2iD2BA_2210292069670-0-cib.jpg\" alt=\"frasco ferfume1\" width=\"673\" height=\"673\" srcset=\"https:\/\/www.cosmepak.com\/wp-content\/uploads\/2025\/03\/O1CN01JfNHRQ2LIun2iD2BA_2210292069670-0-cib.jpg 800w, https:\/\/www.cosmepak.com\/wp-content\/uploads\/2025\/03\/O1CN01JfNHRQ2LIun2iD2BA_2210292069670-0-cib-300x300.jpg 300w, https:\/\/www.cosmepak.com\/wp-content\/uploads\/2025\/03\/O1CN01JfNHRQ2LIun2iD2BA_2210292069670-0-cib-150x150.jpg 150w, https:\/\/www.cosmepak.com\/wp-content\/uploads\/2025\/03\/O1CN01JfNHRQ2LIun2iD2BA_2210292069670-0-cib-768x768.jpg 768w, https:\/\/www.cosmepak.com\/wp-content\/uploads\/2025\/03\/O1CN01JfNHRQ2LIun2iD2BA_2210292069670-0-cib-600x600.jpg 600w, https:\/\/www.cosmepak.com\/wp-content\/uploads\/2025\/03\/O1CN01JfNHRQ2LIun2iD2BA_2210292069670-0-cib-100x100.jpg 100w\" sizes=\"(max-width: 673px) 100vw, 673px\" \/><img decoding=\"async\" class=\"alignnone wp-image-1434\" src=\"https:\/\/www.cosmepak.com\/wp-content\/uploads\/2025\/03\/O1CN016BGajl25jRq33cGtw_2778787562-0-cib.jpg\" alt=\"frasco de perfume3\" width=\"674\" height=\"674\" srcset=\"https:\/\/www.cosmepak.com\/wp-content\/uploads\/2025\/03\/O1CN016BGajl25jRq33cGtw_2778787562-0-cib.jpg 1000w, https:\/\/www.cosmepak.com\/wp-content\/uploads\/2025\/03\/O1CN016BGajl25jRq33cGtw_2778787562-0-cib-300x300.jpg 300w, https:\/\/www.cosmepak.com\/wp-content\/uploads\/2025\/03\/O1CN016BGajl25jRq33cGtw_2778787562-0-cib-150x150.jpg 150w, https:\/\/www.cosmepak.com\/wp-content\/uploads\/2025\/03\/O1CN016BGajl25jRq33cGtw_2778787562-0-cib-768x768.jpg 768w, https:\/\/www.cosmepak.com\/wp-content\/uploads\/2025\/03\/O1CN016BGajl25jRq33cGtw_2778787562-0-cib-600x600.jpg 600w, https:\/\/www.cosmepak.com\/wp-content\/uploads\/2025\/03\/O1CN016BGajl25jRq33cGtw_2778787562-0-cib-100x100.jpg 100w\" sizes=\"(max-width: 674px) 100vw, 674px\" \/><\/p>\n<p>&nbsp;<\/p>","protected":false},"excerpt":{"rendered":"<p>Material de botella: vidrio<\/p>\n<p>Capcidad: 50 ml<\/p>\n<p>Tama\u00f1o: OD: 45 mm;<\/p>\n<p>Single Weight: 129.3g<\/p>\n<p>Color: cualquier color Pantone disponible<\/p>\n<p>Acabado de superficie: impresi\u00f3n de pantalla, estampado en caliente, gradiente de pulverizaci\u00f3n, acabado mate, etc.<\/p>\n<p>MOQ: 5000pcs;<\/p>\n<p>&nbsp;<\/p>","protected":false},"featured_media":1448,"comment_status":"closed","ping_status":"closed","template":"","meta":{"_acf_changed":false},"product_brand":[],"product_cat":[17],"product_tag":[],"class_list":{"0":"post-1447","1":"product","2":"type-product","3":"status-publish","4":"has-post-thumbnail","6":"product_cat-perfume-bottle","8":"first","9":"outofstock","10":"shipping-taxable","11":"product-type-simple"},"acf":[],"_links":{"self":[{"href":"https:\/\/www.cosmepak.com\/es\/wp-json\/wp\/v2\/product\/1447","targetHints":{"allow":["GET"]}}],"collection":[{"href":"https:\/\/www.cosmepak.com\/es\/wp-json\/wp\/v2\/product"}],"about":[{"href":"https:\/\/www.cosmepak.com\/es\/wp-json\/wp\/v2\/types\/product"}],"replies":[{"embeddable":true,"href":"https:\/\/www.cosmepak.com\/es\/wp-json\/wp\/v2\/comments?post=1447"}],"wp:featuredmedia":[{"embeddable":true,"href":"https:\/\/www.cosmepak.com\/es\/wp-json\/wp\/v2\/media\/1448"}],"wp:attachment":[{"href":"https:\/\/www.cosmepak.com\/es\/wp-json\/wp\/v2\/media?parent=1447"}],"wp:term":[{"taxonomy":"product_brand","embeddable":true,"href":"https:\/\/www.cosmepak.com\/es\/wp-json\/wp\/v2\/product_brand?post=1447"},{"taxonomy":"product_cat","embeddable":true,"href":"https:\/\/www.cosmepak.com\/es\/wp-json\/wp\/v2\/product_cat?post=1447"},{"taxonomy":"product_tag","embeddable":true,"href":"https:\/\/www.cosmepak.com\/es\/wp-json\/wp\/v2\/product_tag?post=1447"}],"curies":[{"name":"WP","href":"https:\/\/api.w.org\/{rel}","templated":true}]}}