{"id":1449,"date":"2025-03-27T14:57:05","date_gmt":"2025-03-27T06:57:05","guid":{"rendered":"https:\/\/www.cosmepak.com\/?post_type=product&#038;p=1449"},"modified":"2025-09-30T16:57:41","modified_gmt":"2025-09-30T08:57:41","slug":"perfume-bottle-30ml-colorful-perfume-bottle","status":"publish","type":"product","link":"https:\/\/www.cosmepak.com\/es\/product\/perfume-bottle-30ml-colorful-perfume-bottle\/","title":{"rendered":"Botella de perfume -30 ml de botella de perfume\/ jaunce"},"content":{"rendered":"<table style=\"border-collapse: collapse; width: 100%; height: 216px;\">\n<tbody>\n<tr style=\"height: 24px;\">\n<td style=\"width: 44.5017%; height: 24px; text-align: center;\">Capacidad<\/td>\n<td style=\"width: 55.4983%; height: 24px; text-align: center;\">\u00a030 ml<\/td>\n<\/tr>\n<tr style=\"height: 24px;\">\n<td style=\"width: 44.5017%; height: 24px; text-align: center;\">Modelo<\/td>\n<td style=\"width: 55.4983%; height: 24px; text-align: center;\">JH-JS30<\/td>\n<\/tr>\n<tr style=\"height: 24px;\">\n<td style=\"width: 44.5017%; height: 24px; text-align: center;\">Material de botella<\/td>\n<td style=\"width: 55.4983%; height: 24px; text-align: center;\">Vaso<\/td>\n<\/tr>\n<tr style=\"height: 24px;\">\n<td style=\"width: 44.5017%; height: 24px; text-align: center;\">Material gordo<\/td>\n<td style=\"width: 55.4983%; height: 24px; text-align: center;\">Pl\u00e1stico<\/td>\n<\/tr>\n<tr style=\"height: 24px;\">\n<td style=\"width: 44.5017%; height: 24px; text-align: center;\">Tama\u00f1o<\/td>\n<td style=\"width: 55.4983%; height: 24px; text-align: center;\">37*97 mm<\/td>\n<\/tr>\n<tr style=\"height: 24px;\">\n<td style=\"width: 44.5017%; height: 24px; text-align: center;\">Peso<\/td>\n<td style=\"width: 55.4983%; height: 24px; text-align: center;\">90.9g<\/td>\n<\/tr>\n<tr style=\"height: 24px;\">\n<td style=\"width: 44.5017%; height: 24px; text-align: center;\">Personalizaci\u00f3n<\/td>\n<td style=\"width: 55.4983%; height: 24px; text-align: center;\">Aceptar<\/td>\n<\/tr>\n<tr style=\"height: 24px;\">\n<td style=\"width: 44.5017%; height: 24px; text-align: center;\">Color<\/td>\n<td style=\"width: 55.4983%; height: 24px; text-align: center;\">Personalizado<\/td>\n<\/tr>\n<tr style=\"height: 24px;\">\n<td style=\"width: 44.5017%; height: 24px; text-align: center;\">OEM \/ ODM<\/td>\n<td style=\"width: 55.4983%; height: 24px; text-align: center;\">Aceptar<\/td>\n<\/tr>\n<\/tbody>\n<\/table>\n<p>Esta botella dispensadora de perfumes de vidrio de 30 ml es un compa\u00f1ero conveniente para los entusiastas del perfume en movimiento. Su principal ventaja radica en &#8220; portabilidad&#8221;  &#8211; con una capacidad de 30ml, no es ni demasiado grande ni demasiado peque\u00f1o, y gan\u00f3&#8217; No ocupa demasiado espacio cuando se coloca en un bolso de mano, bolso de maquillaje o equipaje durante el viaje, lo que le permite recargar su perfume en cualquier momento y mantener una fragancia encantadora.<\/p>\n<p>En t\u00e9rminos de dise\u00f1o, adopta el popular esquema de colores macaroon, presentando un estilo general refrescante, sencillo y elegante, proporcionando una experiencia visual c\u00f3moda y agradable. Las opciones de color son muy diversas, cubriendo verde transparente, rosa transparente y p\u00farpura transparente con sus texturas transl\u00facidas, as\u00ed como tres colores ricos y completos de rosa, p\u00farpura y verde, atendiendo a las preferencias est\u00e9ticas de diferentes personas.  \u00bfQu\u00e9&#8217; M\u00e1s, tambi\u00e9n ofrecemos un servicio de personalizaci\u00f3n de color, lo que le permite crear una botella dispensadora de perfume de color personalizada seg\u00fan sus necesidades individuales.<\/p>\n<p>Adem\u00e1s del llamativo esquema de colores, el producto&#8217; Los detalles tambi\u00e9n presentan dise\u00f1os ingeniosos. Est\u00e1 equipado con una cubierta exterior de forma \u00fanica, con dos colores cl\u00e1sicos de oro y plata disponibles para selecci\u00f3n. Cuando se empareja con la botella de perfume, puede mejorar la elegancia general; la parte de pulverizaci\u00f3n tambi\u00e9n ofrece dos opciones de oro y plata, no solo teniendo una apariencia hermosa, sino que tambi\u00e9n proporciona un pulverizaci\u00f3n fina y uniforme que permite al perfume adherirse mejor a la piel, ofreciendo una experiencia de uso superior.<\/p>\n<p><img fetchpriority=\"high\" decoding=\"async\" class=\"alignnone wp-image-1454\" src=\"https:\/\/www.cosmepak.com\/wp-content\/uploads\/2025\/03\/O1CN01stNk7j25jS0i1osnY_2778787562-0-cib.jpg\" alt=\"Botella de perfume de 30ml\" width=\"1384\" height=\"1384\" srcset=\"https:\/\/www.cosmepak.com\/wp-content\/uploads\/2025\/03\/O1CN01stNk7j25jS0i1osnY_2778787562-0-cib.jpg 1000w, https:\/\/www.cosmepak.com\/wp-content\/uploads\/2025\/03\/O1CN01stNk7j25jS0i1osnY_2778787562-0-cib-300x300.jpg 300w, https:\/\/www.cosmepak.com\/wp-content\/uploads\/2025\/03\/O1CN01stNk7j25jS0i1osnY_2778787562-0-cib-150x150.jpg 150w, https:\/\/www.cosmepak.com\/wp-content\/uploads\/2025\/03\/O1CN01stNk7j25jS0i1osnY_2778787562-0-cib-768x768.jpg 768w, https:\/\/www.cosmepak.com\/wp-content\/uploads\/2025\/03\/O1CN01stNk7j25jS0i1osnY_2778787562-0-cib-600x600.jpg 600w, https:\/\/www.cosmepak.com\/wp-content\/uploads\/2025\/03\/O1CN01stNk7j25jS0i1osnY_2778787562-0-cib-100x100.jpg 100w\" sizes=\"(max-width: 1384px) 100vw, 1384px\" \/> <img decoding=\"async\" class=\"alignnone wp-image-1457\" src=\"https:\/\/www.cosmepak.com\/wp-content\/uploads\/2025\/03\/O1CN01nMqkxZ25jS0mWyniK_2778787562-0-cib.jpg\" alt=\"\" width=\"669\" height=\"669\" srcset=\"https:\/\/www.cosmepak.com\/wp-content\/uploads\/2025\/03\/O1CN01nMqkxZ25jS0mWyniK_2778787562-0-cib.jpg 1000w, https:\/\/www.cosmepak.com\/wp-content\/uploads\/2025\/03\/O1CN01nMqkxZ25jS0mWyniK_2778787562-0-cib-300x300.jpg 300w, https:\/\/www.cosmepak.com\/wp-content\/uploads\/2025\/03\/O1CN01nMqkxZ25jS0mWyniK_2778787562-0-cib-150x150.jpg 150w, https:\/\/www.cosmepak.com\/wp-content\/uploads\/2025\/03\/O1CN01nMqkxZ25jS0mWyniK_2778787562-0-cib-768x768.jpg 768w, https:\/\/www.cosmepak.com\/wp-content\/uploads\/2025\/03\/O1CN01nMqkxZ25jS0mWyniK_2778787562-0-cib-600x600.jpg 600w, https:\/\/www.cosmepak.com\/wp-content\/uploads\/2025\/03\/O1CN01nMqkxZ25jS0mWyniK_2778787562-0-cib-100x100.jpg 100w\" sizes=\"(max-width: 669px) 100vw, 669px\" \/> <img decoding=\"async\" class=\"alignnone wp-image-1458\" src=\"https:\/\/www.cosmepak.com\/wp-content\/uploads\/2025\/03\/O1CN01o1My8g25jS0i1B0WT_2778787562-0-cib.jpg\" alt=\"\" width=\"667\" height=\"667\" srcset=\"https:\/\/www.cosmepak.com\/wp-content\/uploads\/2025\/03\/O1CN01o1My8g25jS0i1B0WT_2778787562-0-cib.jpg 1000w, https:\/\/www.cosmepak.com\/wp-content\/uploads\/2025\/03\/O1CN01o1My8g25jS0i1B0WT_2778787562-0-cib-300x300.jpg 300w, https:\/\/www.cosmepak.com\/wp-content\/uploads\/2025\/03\/O1CN01o1My8g25jS0i1B0WT_2778787562-0-cib-150x150.jpg 150w, https:\/\/www.cosmepak.com\/wp-content\/uploads\/2025\/03\/O1CN01o1My8g25jS0i1B0WT_2778787562-0-cib-768x768.jpg 768w, https:\/\/www.cosmepak.com\/wp-content\/uploads\/2025\/03\/O1CN01o1My8g25jS0i1B0WT_2778787562-0-cib-600x600.jpg 600w, https:\/\/www.cosmepak.com\/wp-content\/uploads\/2025\/03\/O1CN01o1My8g25jS0i1B0WT_2778787562-0-cib-100x100.jpg 100w\" sizes=\"(max-width: 667px) 100vw, 667px\" \/><\/p>\n<p>&nbsp;<\/p>\n<table style=\"border-collapse: collapse; width: 100%;\">\n<tbody>\n<tr>\n<td style=\"width: 40.1818%;\"><img loading=\"lazy\" decoding=\"async\" class=\"alignnone size-full wp-image-1346\" src=\"https:\/\/www.cosmepak.com\/wp-content\/uploads\/2024\/12\/company_\u526f\u672c.jpg\" alt=\"\" width=\"1060\" height=\"764\" srcset=\"https:\/\/www.cosmepak.com\/wp-content\/uploads\/2024\/12\/company_\u526f\u672c.jpg 1060w, https:\/\/www.cosmepak.com\/wp-content\/uploads\/2024\/12\/company_\u526f\u672c-300x216.jpg 300w, https:\/\/www.cosmepak.com\/wp-content\/uploads\/2024\/12\/company_\u526f\u672c-1024x738.jpg 1024w, https:\/\/www.cosmepak.com\/wp-content\/uploads\/2024\/12\/company_\u526f\u672c-768x554.jpg 768w, https:\/\/www.cosmepak.com\/wp-content\/uploads\/2024\/12\/company_\u526f\u672c-600x432.jpg 600w\" sizes=\"(max-width: 1060px) 100vw, 1060px\" \/><\/td>\n<td style=\"width: 59.8182%;\">Nuestra f\u00e1brica se ha especializado en la fabricaci\u00f3n de envases cosm\u00e9ticos m\u00e1s de 10 a\u00f1os;<\/p>\n<p>Nuestra f\u00e1brica situada en Hangzhou Fuyang una ciudad hermosa,<\/p>\n<p>\u2611  Ahora tenemos 1 f\u00e1brica para botellas de vidrio, la capacidad puede ser 400.000pcs \/ d\u00eda.<br \/>\n\u2611  1Factory para botellas de pl\u00e1stico, la capacidad puede ser 50.000pcs \/ d\u00eda.<br \/>\n\u2611  1factory para botellas de alumninum, la capacidad puede ser 100.000pcs\/day.<br \/>\nHab\u00edamos pasado la certificaci\u00f3n ISO9000\/14000, tambi\u00e9n podemos proporcionar SGS y MSDS.<br \/>\nNos estamos cumpliendo con el principio de negocios honestos para cada cliente.<br \/>\n\u00a1Bienvenido para cooperar!<\/td>\n<\/tr>\n<\/tbody>\n<\/table>\n<p><img loading=\"lazy\" decoding=\"async\" class=\"alignnone size-full wp-image-1347\" src=\"https:\/\/www.cosmepak.com\/wp-content\/uploads\/2024\/12\/\u9996\u987519202_03.jpg\" alt=\"exposici\u00f3n de f\u00e1brica\" width=\"1920\" height=\"885\" srcset=\"https:\/\/www.cosmepak.com\/wp-content\/uploads\/2024\/12\/\u9996\u987519202_03.jpg 1920w, https:\/\/www.cosmepak.com\/wp-content\/uploads\/2024\/12\/\u9996\u987519202_03-300x138.jpg 300w, https:\/\/www.cosmepak.com\/wp-content\/uploads\/2024\/12\/\u9996\u987519202_03-1024x472.jpg 1024w, https:\/\/www.cosmepak.com\/wp-content\/uploads\/2024\/12\/\u9996\u987519202_03-768x354.jpg 768w, https:\/\/www.cosmepak.com\/wp-content\/uploads\/2024\/12\/\u9996\u987519202_03-1536x708.jpg 1536w, https:\/\/www.cosmepak.com\/wp-content\/uploads\/2024\/12\/\u9996\u987519202_03-600x277.jpg 600w\" sizes=\"(max-width: 1920px) 100vw, 1920px\" \/><\/p>","protected":false},"excerpt":{"rendered":"<p>Material de botella: vidrio<\/p>\n<p>Capcidad: 30 ml<\/p>\n<p>Tama\u00f1o: OD: 37 mm;<\/p>\n<p>Package Size: 55.3*25.7*20.8cm<\/p>\n<p>Paquete Cantidad: 156pcs \/ cart\u00f3n<\/p>\n<p>Paquete GW: 16 kgs<\/p>\n<p>Single Weight: 90.9g<\/p>\n<p>Color: 6 color<\/p>\n<p>Acabado de superficie: impresi\u00f3n de pantalla, estampado en caliente, gradiente de pulverizaci\u00f3n, acabado mate, etc.<\/p>\n<p>MOQ: 5000pcs;<\/p>\n<p>&nbsp;<\/p>","protected":false},"featured_media":1455,"comment_status":"closed","ping_status":"closed","template":"","meta":{"_acf_changed":false},"product_brand":[],"product_cat":[17],"product_tag":[],"class_list":{"0":"post-1449","1":"product","2":"type-product","3":"status-publish","4":"has-post-thumbnail","6":"product_cat-perfume-bottle","8":"first","9":"outofstock","10":"shipping-taxable","11":"product-type-simple"},"acf":[],"_links":{"self":[{"href":"https:\/\/www.cosmepak.com\/es\/wp-json\/wp\/v2\/product\/1449","targetHints":{"allow":["GET"]}}],"collection":[{"href":"https:\/\/www.cosmepak.com\/es\/wp-json\/wp\/v2\/product"}],"about":[{"href":"https:\/\/www.cosmepak.com\/es\/wp-json\/wp\/v2\/types\/product"}],"replies":[{"embeddable":true,"href":"https:\/\/www.cosmepak.com\/es\/wp-json\/wp\/v2\/comments?post=1449"}],"wp:featuredmedia":[{"embeddable":true,"href":"https:\/\/www.cosmepak.com\/es\/wp-json\/wp\/v2\/media\/1455"}],"wp:attachment":[{"href":"https:\/\/www.cosmepak.com\/es\/wp-json\/wp\/v2\/media?parent=1449"}],"wp:term":[{"taxonomy":"product_brand","embeddable":true,"href":"https:\/\/www.cosmepak.com\/es\/wp-json\/wp\/v2\/product_brand?post=1449"},{"taxonomy":"product_cat","embeddable":true,"href":"https:\/\/www.cosmepak.com\/es\/wp-json\/wp\/v2\/product_cat?post=1449"},{"taxonomy":"product_tag","embeddable":true,"href":"https:\/\/www.cosmepak.com\/es\/wp-json\/wp\/v2\/product_tag?post=1449"}],"curies":[{"name":"WP","href":"https:\/\/api.w.org\/{rel}","templated":true}]}}