{"id":1461,"date":"2025-03-27T15:31:09","date_gmt":"2025-03-27T07:31:09","guid":{"rendered":"https:\/\/www.cosmepak.com\/?post_type=product&#038;p=1461"},"modified":"2026-01-14T14:00:49","modified_gmt":"2026-01-14T06:00:49","slug":"perfume-bottle-30ml-mist-perfume-bottle-jaunce","status":"publish","type":"product","link":"https:\/\/www.cosmepak.com\/es\/product\/perfume-bottle-30ml-mist-perfume-bottle-jaunce\/","title":{"rendered":"Botella de perfume -30 ml de botella de perfume\/ jaunce"},"content":{"rendered":"<table style=\"border-collapse: collapse; width: 100%; height: 216px;\">\n<tbody>\n<tr style=\"height: 24px;\">\n<td style=\"width: 44.5017%; height: 24px; text-align: center;\">Capacidad<\/td>\n<td style=\"width: 55.4983%; height: 24px; text-align: center;\">\u00a030 ml<\/td>\n<\/tr>\n<tr style=\"height: 24px;\">\n<td style=\"width: 44.5017%; height: 24px; text-align: center;\">Modelo<\/td>\n<td style=\"width: 55.4983%; height: 24px; text-align: center;\">JH-30<\/td>\n<\/tr>\n<tr style=\"height: 24px;\">\n<td style=\"width: 44.5017%; height: 24px; text-align: center;\">Material de botella<\/td>\n<td style=\"width: 55.4983%; height: 24px; text-align: center;\">Vaso<\/td>\n<\/tr>\n<tr style=\"height: 24px;\">\n<td style=\"width: 44.5017%; height: 24px; text-align: center;\">Material gordo<\/td>\n<td style=\"width: 55.4983%; height: 24px; text-align: center;\">Dorado<\/td>\n<\/tr>\n<tr style=\"height: 24px;\">\n<td style=\"width: 44.5017%; height: 24px; text-align: center;\">Tama\u00f1o<\/td>\n<td style=\"width: 55.4983%; height: 24px; text-align: center;\">53*22*78 mm<\/td>\n<\/tr>\n<tr style=\"height: 24px;\">\n<td style=\"width: 44.5017%; height: 24px; text-align: center;\">Peso<\/td>\n<td style=\"width: 55.4983%; height: 24px; text-align: center;\">97.2g<\/td>\n<\/tr>\n<tr style=\"height: 24px;\">\n<td style=\"width: 44.5017%; height: 24px; text-align: center;\">Personalizaci\u00f3n<\/td>\n<td style=\"width: 55.4983%; height: 24px; text-align: center;\">Aceptar<\/td>\n<\/tr>\n<tr style=\"height: 24px;\">\n<td style=\"width: 44.5017%; height: 24px; text-align: center;\">Color<\/td>\n<td style=\"width: 55.4983%; height: 24px; text-align: center;\">Personalizado<\/td>\n<\/tr>\n<tr style=\"height: 24px;\">\n<td style=\"width: 44.5017%; height: 24px; text-align: center;\">OEM \/ ODM<\/td>\n<td style=\"width: 55.4983%; height: 24px; text-align: center;\">Aceptar<\/td>\n<\/tr>\n<\/tbody>\n<\/table>\n<p>Esta botella de perfume de vidrio es una opci\u00f3n pr\u00e1ctica para los entusiastas del perfume. Sus principales ventajas radican en &#8220; portabilidad&#8221; y &#8220; pr\u00e1ctica&#8221; En t\u00e9rminos de capacidad, ofrece tres opciones: 30ml, 50ml y 80ml. La versi\u00f3n de 30ml es adecuada para el equipaje diario y los viajes cortos, mientras que las versiones de 50ml y 80ml satisfacen las necesidades de almacenamiento en casa o uso a largo plazo. Ya sea colocado en un bolso de mano, bolso de maquillaje o maleta de viaje, puede adaptarse flexiblemente para satisfacer sus necesidades, lo que le permite recargar su perfume en cualquier momento y mantener una fragancia encantadora.<\/p>\n<p>En t\u00e9rminos de apariencia y dise\u00f1o de material, utiliza material de vidrio transparente combinado con una forma cuadrada, presentando una textura clara y transparente que permite ver visualmente el perfume restante. Tambi\u00e9n utiliza material de vidrio espesado, que no solo es duradero y duradero, sino que tambi\u00e9n da al producto una sensaci\u00f3n estable y elegante. El dise\u00f1o detallado es muy pensado: la boca roscada de la botella y la tapa de la botella encajan sin problemas, proporcionando un excelente rendimiento de sellado, lo que puede evitar eficazmente que el perfume se evapore o se filtre. El dise\u00f1o de fondo plano engrosado aumenta la estabilidad y no es propenso a inclinarse, lo que lo hace conveniente y sin preocupaciones para la colocaci\u00f3n o uso diario.<\/p>\n<p>El cabezal de pulverizaci\u00f3n es el componente central y utiliza un cabezal de pulverizaci\u00f3n de aluminio tipo prensa. La niebla es fina y uniforme, sin columnas de agua, que pueden atomizar completamente el perfume, asegurando una experiencia c\u00f3moda durante el uso y evitando el desperdicio del perfume, ahorrando efectivamente la cantidad utilizada. Adem\u00e1s, el producto es adecuado para una amplia gama de escenarios, ya sea para el transporte de viajes, viajes de negocios, o uso diario en el hogar y almacenamiento de divisi\u00f3n de perfumes, puede adaptarse perfectamente y satisfacer diversas necesidades.<\/p>\n<p><img fetchpriority=\"high\" decoding=\"async\" class=\"alignnone wp-image-1467\" src=\"https:\/\/www.cosmepak.com\/wp-content\/uploads\/2025\/03\/O1CN01cps3Ub25jRmdZwnY0_2778787562-0-cib.jpg\" alt=\"Botella de perfume de 30ml\" width=\"1375\" height=\"1375\" srcset=\"https:\/\/www.cosmepak.com\/wp-content\/uploads\/2025\/03\/O1CN01cps3Ub25jRmdZwnY0_2778787562-0-cib.jpg 1000w, https:\/\/www.cosmepak.com\/wp-content\/uploads\/2025\/03\/O1CN01cps3Ub25jRmdZwnY0_2778787562-0-cib-300x300.jpg 300w, https:\/\/www.cosmepak.com\/wp-content\/uploads\/2025\/03\/O1CN01cps3Ub25jRmdZwnY0_2778787562-0-cib-150x150.jpg 150w, https:\/\/www.cosmepak.com\/wp-content\/uploads\/2025\/03\/O1CN01cps3Ub25jRmdZwnY0_2778787562-0-cib-768x768.jpg 768w, https:\/\/www.cosmepak.com\/wp-content\/uploads\/2025\/03\/O1CN01cps3Ub25jRmdZwnY0_2778787562-0-cib-600x600.jpg 600w, https:\/\/www.cosmepak.com\/wp-content\/uploads\/2025\/03\/O1CN01cps3Ub25jRmdZwnY0_2778787562-0-cib-100x100.jpg 100w\" sizes=\"(max-width: 1375px) 100vw, 1375px\" \/><\/p>\n<p><img decoding=\"async\" class=\"alignnone wp-image-1462\" src=\"https:\/\/www.cosmepak.com\/wp-content\/uploads\/2025\/03\/O1CN01MRjPRi21fXwQf7HcR_2211038467012-0-cib.jpg\" alt=\"Botella de perfume de 30ml\" width=\"446\" height=\"446\" srcset=\"https:\/\/www.cosmepak.com\/wp-content\/uploads\/2025\/03\/O1CN01MRjPRi21fXwQf7HcR_2211038467012-0-cib.jpg 1000w, https:\/\/www.cosmepak.com\/wp-content\/uploads\/2025\/03\/O1CN01MRjPRi21fXwQf7HcR_2211038467012-0-cib-300x300.jpg 300w, https:\/\/www.cosmepak.com\/wp-content\/uploads\/2025\/03\/O1CN01MRjPRi21fXwQf7HcR_2211038467012-0-cib-150x150.jpg 150w, https:\/\/www.cosmepak.com\/wp-content\/uploads\/2025\/03\/O1CN01MRjPRi21fXwQf7HcR_2211038467012-0-cib-768x768.jpg 768w, https:\/\/www.cosmepak.com\/wp-content\/uploads\/2025\/03\/O1CN01MRjPRi21fXwQf7HcR_2211038467012-0-cib-600x600.jpg 600w, https:\/\/www.cosmepak.com\/wp-content\/uploads\/2025\/03\/O1CN01MRjPRi21fXwQf7HcR_2211038467012-0-cib-100x100.jpg 100w\" sizes=\"(max-width: 446px) 100vw, 446px\" \/> <img decoding=\"async\" class=\"alignnone wp-image-1463\" src=\"https:\/\/www.cosmepak.com\/wp-content\/uploads\/2025\/03\/O1CN01mvTq3121fXwUuK3gy_2211038467012-0-cib.jpg\" alt=\"\" width=\"441\" height=\"441\" srcset=\"https:\/\/www.cosmepak.com\/wp-content\/uploads\/2025\/03\/O1CN01mvTq3121fXwUuK3gy_2211038467012-0-cib.jpg 1000w, https:\/\/www.cosmepak.com\/wp-content\/uploads\/2025\/03\/O1CN01mvTq3121fXwUuK3gy_2211038467012-0-cib-300x300.jpg 300w, https:\/\/www.cosmepak.com\/wp-content\/uploads\/2025\/03\/O1CN01mvTq3121fXwUuK3gy_2211038467012-0-cib-150x150.jpg 150w, https:\/\/www.cosmepak.com\/wp-content\/uploads\/2025\/03\/O1CN01mvTq3121fXwUuK3gy_2211038467012-0-cib-768x768.jpg 768w, https:\/\/www.cosmepak.com\/wp-content\/uploads\/2025\/03\/O1CN01mvTq3121fXwUuK3gy_2211038467012-0-cib-600x600.jpg 600w, https:\/\/www.cosmepak.com\/wp-content\/uploads\/2025\/03\/O1CN01mvTq3121fXwUuK3gy_2211038467012-0-cib-100x100.jpg 100w\" sizes=\"(max-width: 441px) 100vw, 441px\" \/> <img loading=\"lazy\" decoding=\"async\" class=\"alignnone wp-image-1464\" src=\"https:\/\/www.cosmepak.com\/wp-content\/uploads\/2025\/03\/O1CN01N0ixbt21fXwShmTbf_2211038467012-0-cib.jpg\" alt=\"\" width=\"436\" height=\"436\" srcset=\"https:\/\/www.cosmepak.com\/wp-content\/uploads\/2025\/03\/O1CN01N0ixbt21fXwShmTbf_2211038467012-0-cib.jpg 1000w, https:\/\/www.cosmepak.com\/wp-content\/uploads\/2025\/03\/O1CN01N0ixbt21fXwShmTbf_2211038467012-0-cib-300x300.jpg 300w, https:\/\/www.cosmepak.com\/wp-content\/uploads\/2025\/03\/O1CN01N0ixbt21fXwShmTbf_2211038467012-0-cib-150x150.jpg 150w, https:\/\/www.cosmepak.com\/wp-content\/uploads\/2025\/03\/O1CN01N0ixbt21fXwShmTbf_2211038467012-0-cib-768x768.jpg 768w, https:\/\/www.cosmepak.com\/wp-content\/uploads\/2025\/03\/O1CN01N0ixbt21fXwShmTbf_2211038467012-0-cib-600x600.jpg 600w, https:\/\/www.cosmepak.com\/wp-content\/uploads\/2025\/03\/O1CN01N0ixbt21fXwShmTbf_2211038467012-0-cib-100x100.jpg 100w\" sizes=\"(max-width: 436px) 100vw, 436px\" \/><\/p>\n<table style=\"border-collapse: collapse; width: 100%;\">\n<tbody>\n<tr>\n<td style=\"width: 40.1818%;\"><img loading=\"lazy\" decoding=\"async\" class=\"alignnone size-full wp-image-1346\" src=\"https:\/\/www.cosmepak.com\/wp-content\/uploads\/2024\/12\/company_\u526f\u672c.jpg\" alt=\"\" width=\"1060\" height=\"764\" srcset=\"https:\/\/www.cosmepak.com\/wp-content\/uploads\/2024\/12\/company_\u526f\u672c.jpg 1060w, https:\/\/www.cosmepak.com\/wp-content\/uploads\/2024\/12\/company_\u526f\u672c-300x216.jpg 300w, https:\/\/www.cosmepak.com\/wp-content\/uploads\/2024\/12\/company_\u526f\u672c-1024x738.jpg 1024w, https:\/\/www.cosmepak.com\/wp-content\/uploads\/2024\/12\/company_\u526f\u672c-768x554.jpg 768w, https:\/\/www.cosmepak.com\/wp-content\/uploads\/2024\/12\/company_\u526f\u672c-600x432.jpg 600w\" sizes=\"(max-width: 1060px) 100vw, 1060px\" \/><\/td>\n<td style=\"width: 59.8182%;\">Nuestra f\u00e1brica se ha especializado en la fabricaci\u00f3n de envases cosm\u00e9ticos m\u00e1s de 10 a\u00f1os;<\/p>\n<p>\u2611  Ahora tenemos 1 f\u00e1brica para botellas de vidrio, la capacidad puede ser 400.000pcs \/ d\u00eda.<br \/>\n\u2611  1Factory para botellas de pl\u00e1stico, la capacidad puede ser 50.000pcs \/ d\u00eda.<br \/>\n\u2611  1factory para botellas de alumninum, la capacidad puede ser 100.000pcs\/day.<br \/>\nHab\u00edamos pasado la certificaci\u00f3n ISO9000\/14000, tambi\u00e9n podemos proporcionar SGS y MSDS.<br \/>\nNos estamos cumpliendo con el principio de negocios honestos para cada cliente.<br \/>\n\u00a1Bienvenido para cooperar!<\/td>\n<\/tr>\n<\/tbody>\n<\/table>\n<p><img loading=\"lazy\" decoding=\"async\" class=\"alignnone size-full wp-image-1347\" src=\"https:\/\/www.cosmepak.com\/wp-content\/uploads\/2024\/12\/\u9996\u987519202_03.jpg\" alt=\"exposici\u00f3n de f\u00e1brica\" width=\"1920\" height=\"885\" srcset=\"https:\/\/www.cosmepak.com\/wp-content\/uploads\/2024\/12\/\u9996\u987519202_03.jpg 1920w, https:\/\/www.cosmepak.com\/wp-content\/uploads\/2024\/12\/\u9996\u987519202_03-300x138.jpg 300w, https:\/\/www.cosmepak.com\/wp-content\/uploads\/2024\/12\/\u9996\u987519202_03-1024x472.jpg 1024w, https:\/\/www.cosmepak.com\/wp-content\/uploads\/2024\/12\/\u9996\u987519202_03-768x354.jpg 768w, https:\/\/www.cosmepak.com\/wp-content\/uploads\/2024\/12\/\u9996\u987519202_03-1536x708.jpg 1536w, https:\/\/www.cosmepak.com\/wp-content\/uploads\/2024\/12\/\u9996\u987519202_03-600x277.jpg 600w\" sizes=\"(max-width: 1920px) 100vw, 1920px\" \/><\/p>","protected":false},"excerpt":{"rendered":"<p>Material de botella: vidrio<\/p>\n<p>Capcidad: 30 ml<\/p>\n<p>Tama\u00f1o: Longitud: 53 mm;<\/p>\n<p>Single Weight: 97.2g<\/p>\n<p>Color: personalizado<\/p>\n<p>Acabado de superficie: impresi\u00f3n de pantalla, glaseado, estampado en caliente, gradiente de pulverizaci\u00f3n, acabado mate, etc.<\/p>\n<p>MOQ: 5000pcs;<\/p>\n<p>&nbsp;<\/p>","protected":false},"featured_media":1465,"comment_status":"closed","ping_status":"closed","template":"","meta":{"_acf_changed":false},"product_brand":[],"product_cat":[17],"product_tag":[],"class_list":{"0":"post-1461","1":"product","2":"type-product","3":"status-publish","4":"has-post-thumbnail","6":"product_cat-perfume-bottle","8":"first","9":"outofstock","10":"shipping-taxable","11":"product-type-simple"},"acf":[],"_links":{"self":[{"href":"https:\/\/www.cosmepak.com\/es\/wp-json\/wp\/v2\/product\/1461","targetHints":{"allow":["GET"]}}],"collection":[{"href":"https:\/\/www.cosmepak.com\/es\/wp-json\/wp\/v2\/product"}],"about":[{"href":"https:\/\/www.cosmepak.com\/es\/wp-json\/wp\/v2\/types\/product"}],"replies":[{"embeddable":true,"href":"https:\/\/www.cosmepak.com\/es\/wp-json\/wp\/v2\/comments?post=1461"}],"wp:featuredmedia":[{"embeddable":true,"href":"https:\/\/www.cosmepak.com\/es\/wp-json\/wp\/v2\/media\/1465"}],"wp:attachment":[{"href":"https:\/\/www.cosmepak.com\/es\/wp-json\/wp\/v2\/media?parent=1461"}],"wp:term":[{"taxonomy":"product_brand","embeddable":true,"href":"https:\/\/www.cosmepak.com\/es\/wp-json\/wp\/v2\/product_brand?post=1461"},{"taxonomy":"product_cat","embeddable":true,"href":"https:\/\/www.cosmepak.com\/es\/wp-json\/wp\/v2\/product_cat?post=1461"},{"taxonomy":"product_tag","embeddable":true,"href":"https:\/\/www.cosmepak.com\/es\/wp-json\/wp\/v2\/product_tag?post=1461"}],"curies":[{"name":"WP","href":"https:\/\/api.w.org\/{rel}","templated":true}]}}