{"id":1473,"date":"2025-03-27T15:50:03","date_gmt":"2025-03-27T07:50:03","guid":{"rendered":"https:\/\/www.cosmepak.com\/?post_type=product&#038;p=1473"},"modified":"2026-02-06T14:27:51","modified_gmt":"2026-02-06T06:27:51","slug":"perfume-bottle-50ml-squareperfume-bottle-jaunce","status":"publish","type":"product","link":"https:\/\/www.cosmepak.com\/es\/product\/perfume-bottle-50ml-squareperfume-bottle-jaunce\/","title":{"rendered":"Botella de perfume -50 ml de botella de perfume cuadrada\/ jaunce"},"content":{"rendered":"<table style=\"border-collapse: collapse; width: 100%; height: 216px;\">\n<tbody>\n<tr style=\"height: 24px;\">\n<td style=\"width: 44.5017%; height: 24px; text-align: center;\">Capacidad<\/td>\n<td style=\"width: 55.4983%; height: 24px; text-align: center;\">\u00a050 ml<\/td>\n<\/tr>\n<tr style=\"height: 24px;\">\n<td style=\"width: 44.5017%; height: 24px; text-align: center;\">Modelo<\/td>\n<td style=\"width: 55.4983%; height: 24px; text-align: center;\">JH-50<\/td>\n<\/tr>\n<tr style=\"height: 24px;\">\n<td style=\"width: 44.5017%; height: 24px; text-align: center;\">Material de botella<\/td>\n<td style=\"width: 55.4983%; height: 24px; text-align: center;\">Vaso<\/td>\n<\/tr>\n<tr style=\"height: 24px;\">\n<td style=\"width: 44.5017%; height: 24px; text-align: center;\">Material gordo<\/td>\n<td style=\"width: 55.4983%; height: 24px; text-align: center;\">Dorado<\/td>\n<\/tr>\n<tr style=\"height: 24px;\">\n<td style=\"width: 44.5017%; height: 24px; text-align: center;\">Tama\u00f1o<\/td>\n<td style=\"width: 55.4983%; height: 24px; text-align: center;\">65.2*29*90 mm<\/td>\n<\/tr>\n<tr style=\"height: 24px;\">\n<td style=\"width: 44.5017%; height: 24px; text-align: center;\">Peso<\/td>\n<td style=\"width: 55.4983%; height: 24px; text-align: center;\">143g<\/td>\n<\/tr>\n<tr style=\"height: 24px;\">\n<td style=\"width: 44.5017%; height: 24px; text-align: center;\">Personalizaci\u00f3n<\/td>\n<td style=\"width: 55.4983%; height: 24px; text-align: center;\">Aceptar<\/td>\n<\/tr>\n<tr style=\"height: 24px;\">\n<td style=\"width: 44.5017%; height: 24px; text-align: center;\">Color<\/td>\n<td style=\"width: 55.4983%; height: 24px; text-align: center;\">Personalizado<\/td>\n<\/tr>\n<tr style=\"height: 24px;\">\n<td style=\"width: 44.5017%; height: 24px; text-align: center;\">OEM \/ ODM<\/td>\n<td style=\"width: 55.4983%; height: 24px; text-align: center;\">Aceptar<\/td>\n<\/tr>\n<\/tbody>\n<\/table>\n<p>La botella de helada cuadrada de 50 ml destaca por su dise\u00f1o elegante y moderno. El vidrio esmaltado proporciona un aspecto sofisticado y lujoso, asegurando que llama la atenci\u00f3n en cualquier vanidad o estante. El grueso fondo de vidrio no solo aumenta su atractivo est\u00e9tico, sino que tambi\u00e9n proporciona estabilidad, evitando el vertido accidental.<\/p>\n<p>Esta botella cuadrada de fondo plano ha sido meticulosamente dise\u00f1ada, con gran atenci\u00f3n a cada detalle. Su forma presenta l\u00edneas suaves y un dise\u00f1o de hombro plano. Se acaba con un proceso de pintura de aluminio galvanizado y est\u00e1 equipado con una tapa de aluminio en forma de T galvanizada de colores coincidentes. Esta textura met\u00e1lica unificada agrega un toque de elegancia de gama alta, mejorando la imagen visual de su marca y haciendo que sus productos se destaquen y sean \u00fanicos.<\/p>\n<p>La gruesa base de vidrio agrega peso adicional, dando a la botella una textura resistente. La superficie de vidrio esmaltado es una ventaja de dise\u00f1o de doble prop\u00f3sito: amplifica el aspecto refinado de la botella y proporciona un agarre antideslizante, reduciendo el riesgo de deslizarse de las manos durante el uso o la aplicaci\u00f3n.<\/p>\n<p>Este tama\u00f1o es justo y lo convierte en una opci\u00f3n ideal para su colecci\u00f3n de perfumes. Si es&#8217; s perfume puro, colonia o aceite esencial, puede satisfacer sus necesidades. Es adecuado tanto para uso personal diario como para llevar cuando viaja &#8211; ligero, compacto y f\u00e1cil de caber en un bolso, maleta o kit de viaje, sin ocupar demasiado espacio.<\/p>\n<p>Nuestras botellas de vidrio reutilizables son una alternativa ecol\u00f3gica a las botellas de pl\u00e1stico desechables. El vidrio puede ser totalmente reciclado, es duradero y adecuado para uso repetido, y puede minimizar el impacto en el medio ambiente en la mayor medida posible.<\/p>\n<p>esta botella de la serie tambi\u00e9n aceptamos el color personalizado, apoyamos cualquier impresi\u00f3n de color pantone. y el efectivo tienen brillante y mate para elegir. Tambi\u00e9n ofrecemos una variedad de accesorios para elegir. spray de niebla tenemos inyectar el color normal blanco \/ negro, y tambi\u00e9n tenemos el color oro y plata para el embalaje de perfume de la serie de gama alta.<\/p>\n<p><img fetchpriority=\"high\" decoding=\"async\" class=\"alignnone wp-image-1471\" src=\"https:\/\/www.cosmepak.com\/wp-content\/uploads\/2025\/03\/O1CN01S5lNzt25jRmV230Ns_2778787562-0-cib.jpg\" alt=\"\" width=\"1354\" height=\"1354\" srcset=\"https:\/\/www.cosmepak.com\/wp-content\/uploads\/2025\/03\/O1CN01S5lNzt25jRmV230Ns_2778787562-0-cib.jpg 800w, https:\/\/www.cosmepak.com\/wp-content\/uploads\/2025\/03\/O1CN01S5lNzt25jRmV230Ns_2778787562-0-cib-300x300.jpg 300w, https:\/\/www.cosmepak.com\/wp-content\/uploads\/2025\/03\/O1CN01S5lNzt25jRmV230Ns_2778787562-0-cib-150x150.jpg 150w, https:\/\/www.cosmepak.com\/wp-content\/uploads\/2025\/03\/O1CN01S5lNzt25jRmV230Ns_2778787562-0-cib-768x768.jpg 768w, https:\/\/www.cosmepak.com\/wp-content\/uploads\/2025\/03\/O1CN01S5lNzt25jRmV230Ns_2778787562-0-cib-600x600.jpg 600w, https:\/\/www.cosmepak.com\/wp-content\/uploads\/2025\/03\/O1CN01S5lNzt25jRmV230Ns_2778787562-0-cib-100x100.jpg 100w\" sizes=\"(max-width: 1354px) 100vw, 1354px\" \/><\/p>\n<table style=\"border-collapse: collapse; width: 100%;\">\n<tbody>\n<tr>\n<td style=\"width: 33.3333%;\"><img decoding=\"async\" class=\"alignnone size-full wp-image-3974\" src=\"https:\/\/www.cosmepak.com\/wp-content\/uploads\/2025\/03\/12-3.jpg\" alt=\"\" width=\"1000\" height=\"1000\" srcset=\"https:\/\/www.cosmepak.com\/wp-content\/uploads\/2025\/03\/12-3.jpg 1000w, https:\/\/www.cosmepak.com\/wp-content\/uploads\/2025\/03\/12-3-300x300.jpg 300w, https:\/\/www.cosmepak.com\/wp-content\/uploads\/2025\/03\/12-3-150x150.jpg 150w, https:\/\/www.cosmepak.com\/wp-content\/uploads\/2025\/03\/12-3-768x768.jpg 768w, https:\/\/www.cosmepak.com\/wp-content\/uploads\/2025\/03\/12-3-12x12.jpg 12w, https:\/\/www.cosmepak.com\/wp-content\/uploads\/2025\/03\/12-3-600x600.jpg 600w, https:\/\/www.cosmepak.com\/wp-content\/uploads\/2025\/03\/12-3-100x100.jpg 100w\" sizes=\"(max-width: 1000px) 100vw, 1000px\" \/><\/td>\n<td style=\"width: 33.3333%;\"><img decoding=\"async\" class=\"alignnone size-full wp-image-3972\" src=\"https:\/\/www.cosmepak.com\/wp-content\/uploads\/2025\/03\/15.jpg\" alt=\"\" width=\"1000\" height=\"1000\" srcset=\"https:\/\/www.cosmepak.com\/wp-content\/uploads\/2025\/03\/15.jpg 1000w, https:\/\/www.cosmepak.com\/wp-content\/uploads\/2025\/03\/15-300x300.jpg 300w, https:\/\/www.cosmepak.com\/wp-content\/uploads\/2025\/03\/15-150x150.jpg 150w, https:\/\/www.cosmepak.com\/wp-content\/uploads\/2025\/03\/15-768x768.jpg 768w, https:\/\/www.cosmepak.com\/wp-content\/uploads\/2025\/03\/15-12x12.jpg 12w, https:\/\/www.cosmepak.com\/wp-content\/uploads\/2025\/03\/15-600x600.jpg 600w, https:\/\/www.cosmepak.com\/wp-content\/uploads\/2025\/03\/15-100x100.jpg 100w\" sizes=\"(max-width: 1000px) 100vw, 1000px\" \/><\/td>\n<td style=\"width: 33.3333%;\"><img loading=\"lazy\" decoding=\"async\" class=\"alignnone size-full wp-image-3971\" src=\"https:\/\/www.cosmepak.com\/wp-content\/uploads\/2025\/03\/14.jpg\" alt=\"\" width=\"1000\" height=\"1000\" srcset=\"https:\/\/www.cosmepak.com\/wp-content\/uploads\/2025\/03\/14.jpg 1000w, https:\/\/www.cosmepak.com\/wp-content\/uploads\/2025\/03\/14-300x300.jpg 300w, https:\/\/www.cosmepak.com\/wp-content\/uploads\/2025\/03\/14-150x150.jpg 150w, https:\/\/www.cosmepak.com\/wp-content\/uploads\/2025\/03\/14-768x768.jpg 768w, https:\/\/www.cosmepak.com\/wp-content\/uploads\/2025\/03\/14-12x12.jpg 12w, https:\/\/www.cosmepak.com\/wp-content\/uploads\/2025\/03\/14-600x600.jpg 600w, https:\/\/www.cosmepak.com\/wp-content\/uploads\/2025\/03\/14-100x100.jpg 100w\" sizes=\"(max-width: 1000px) 100vw, 1000px\" \/><\/td>\n<\/tr>\n<\/tbody>\n<\/table>\n<p class=\"ai-center-markdown-p\">","protected":false},"excerpt":{"rendered":"<p>Material de botella: vidrio<\/p>\n<p>Capcidad: 50 ml<\/p>\n<p>Tama\u00f1o: Longitud: 65.2 mm;<\/p>\n<p>Peso \u00fanico: 143g<\/p>\n<p>Color: personalizado<\/p>\n<p>Acabado de superficie: impresi\u00f3n de pantalla, glaseado, estampado en caliente, gradiente de pulverizaci\u00f3n, acabado mate, etc.<\/p>\n<p>MOQ: 5000pcs;<\/p>\n<p>&nbsp;<\/p>","protected":false},"featured_media":1470,"comment_status":"closed","ping_status":"closed","template":"","meta":{"_acf_changed":false},"product_brand":[],"product_cat":[17],"product_tag":[],"class_list":{"0":"post-1473","1":"product","2":"type-product","3":"status-publish","4":"has-post-thumbnail","6":"product_cat-perfume-bottle","8":"first","9":"outofstock","10":"shipping-taxable","11":"product-type-simple"},"acf":[],"_links":{"self":[{"href":"https:\/\/www.cosmepak.com\/es\/wp-json\/wp\/v2\/product\/1473","targetHints":{"allow":["GET"]}}],"collection":[{"href":"https:\/\/www.cosmepak.com\/es\/wp-json\/wp\/v2\/product"}],"about":[{"href":"https:\/\/www.cosmepak.com\/es\/wp-json\/wp\/v2\/types\/product"}],"replies":[{"embeddable":true,"href":"https:\/\/www.cosmepak.com\/es\/wp-json\/wp\/v2\/comments?post=1473"}],"wp:featuredmedia":[{"embeddable":true,"href":"https:\/\/www.cosmepak.com\/es\/wp-json\/wp\/v2\/media\/1470"}],"wp:attachment":[{"href":"https:\/\/www.cosmepak.com\/es\/wp-json\/wp\/v2\/media?parent=1473"}],"wp:term":[{"taxonomy":"product_brand","embeddable":true,"href":"https:\/\/www.cosmepak.com\/es\/wp-json\/wp\/v2\/product_brand?post=1473"},{"taxonomy":"product_cat","embeddable":true,"href":"https:\/\/www.cosmepak.com\/es\/wp-json\/wp\/v2\/product_cat?post=1473"},{"taxonomy":"product_tag","embeddable":true,"href":"https:\/\/www.cosmepak.com\/es\/wp-json\/wp\/v2\/product_tag?post=1473"}],"curies":[{"name":"WP","href":"https:\/\/api.w.org\/{rel}","templated":true}]}}