{"id":1474,"date":"2025-03-27T15:55:01","date_gmt":"2025-03-27T07:55:01","guid":{"rendered":"https:\/\/www.cosmepak.com\/?post_type=product&#038;p=1474"},"modified":"2026-04-29T13:22:38","modified_gmt":"2026-04-29T05:22:38","slug":"lip-gloss-tube-square-lip-gloss-tube-jaunce","status":"publish","type":"product","link":"https:\/\/www.cosmepak.com\/es\/product\/lip-gloss-tube-square-lip-gloss-tube-jaunce\/","title":{"rendered":"Gloss labial tubo-cuadrado Gloss labial tubo\/Jaunce"},"content":{"rendered":"<table style=\"border-collapse: collapse; width: 100%; height: 240px;\">\n<tbody>\n<tr style=\"height: 24px;\">\n<td style=\"width: 52.1531%; height: 24px; text-align: center;\">Marca<\/td>\n<td style=\"width: 47.8469%; height: 24px; text-align: center;\">\u00a0Jaunce<\/td>\n<\/tr>\n<tr style=\"height: 24px;\">\n<td style=\"width: 52.1531%; height: 24px; text-align: center;\">Capacidad<\/td>\n<td style=\"width: 47.8469%; height: 24px; text-align: center;\">6 ml<\/td>\n<\/tr>\n<tr style=\"height: 24px;\">\n<td style=\"width: 52.1531%; height: 24px; text-align: center;\">Forma<\/td>\n<td style=\"width: 47.8469%; height: 24px; text-align: center;\">Cuadrado<\/td>\n<\/tr>\n<tr style=\"height: 24px;\">\n<td style=\"width: 52.1531%; height: 24px; text-align: center;\">Tama\u00f1o<\/td>\n<td style=\"width: 47.8469%; height: 24px; text-align: center;\">20.5*90.5mm<\/td>\n<\/tr>\n<tr style=\"height: 24px;\">\n<td style=\"width: 52.1531%; height: 24px; text-align: center;\">Peso<\/td>\n<td style=\"width: 47.8469%; height: 24px; text-align: center;\">22.8g<\/td>\n<\/tr>\n<tr style=\"height: 24px;\">\n<td style=\"width: 52.1531%; height: 24px; text-align: center;\">Adecuado<\/td>\n<td style=\"width: 47.8469%; height: 24px; text-align: center;\">\u00a0Tapa<\/td>\n<\/tr>\n<tr style=\"height: 24px;\">\n<td style=\"width: 52.1531%; height: 24px; text-align: center;\">Modelo<\/td>\n<td style=\"width: 47.8469%; height: 24px; text-align: center;\">JH-JZ-6621#<\/td>\n<\/tr>\n<tr style=\"height: 24px;\">\n<td style=\"width: 52.1531%; height: 24px; text-align: center;\">OEM \/ ODM<\/td>\n<td style=\"width: 47.8469%; height: 24px; text-align: center;\">Aceptar<\/td>\n<\/tr>\n<tr style=\"height: 24px;\">\n<td style=\"width: 52.1531%; height: 24px; text-align: center;\">Color<\/td>\n<td style=\"width: 47.8469%; height: 24px; text-align: center;\">Personalizado<\/td>\n<\/tr>\n<tr style=\"height: 24px;\">\n<td style=\"width: 52.1531%; height: 24px; text-align: center;\">Moq<\/td>\n<td style=\"width: 47.8469%; height: 24px; text-align: center;\">10000pcs<\/td>\n<\/tr>\n<\/tbody>\n<\/table>\n<p>&nbsp;<\/p>\n<p><img fetchpriority=\"high\" decoding=\"async\" class=\"size-full wp-image-1478 aligncenter\" src=\"https:\/\/www.cosmepak.com\/wp-content\/uploads\/2025\/03\/\u5fae\u4fe1\u56fe\u7247_20250327155108.jpg\" alt=\"\" width=\"1000\" height=\"1000\" srcset=\"https:\/\/www.cosmepak.com\/wp-content\/uploads\/2025\/03\/\u5fae\u4fe1\u56fe\u7247_20250327155108.jpg 1000w, https:\/\/www.cosmepak.com\/wp-content\/uploads\/2025\/03\/\u5fae\u4fe1\u56fe\u7247_20250327155108-300x300.jpg 300w, https:\/\/www.cosmepak.com\/wp-content\/uploads\/2025\/03\/\u5fae\u4fe1\u56fe\u7247_20250327155108-150x150.jpg 150w, https:\/\/www.cosmepak.com\/wp-content\/uploads\/2025\/03\/\u5fae\u4fe1\u56fe\u7247_20250327155108-768x768.jpg 768w, https:\/\/www.cosmepak.com\/wp-content\/uploads\/2025\/03\/\u5fae\u4fe1\u56fe\u7247_20250327155108-600x600.jpg 600w, https:\/\/www.cosmepak.com\/wp-content\/uploads\/2025\/03\/\u5fae\u4fe1\u56fe\u7247_20250327155108-100x100.jpg 100w\" sizes=\"(max-width: 1000px) 100vw, 1000px\" \/><\/p>\n<div class=\"auto-hide-last-sibling-br paragraph-pP9ZLC paragraph-element br-paragraph-space\">This rectangular lip gloss tube is crafted with full-body injection molding and integrated color technology, available in transparent or opaque color finishes to meet diverse visual needs.The appearance can be divided into two types of processing options: glossy finish and matte finish.<\/div>\n<div><\/div>\n<div>Dimensiones: Altura total 90.5mm, altura del cuerpo del tubo 37.5mm, di\u00e1metro 20.5mm. El tama\u00f1o ergon\u00f3mico garantiza un agarre y una portabilidad sin esfuerzo, perfectos para retoques de belleza en movimiento. y tambi\u00e9n puede poner en una bolsa, f\u00e1cil de usar.<\/div>\n<div><\/div>\n<div>El cuello de tornillo es f\u00e1cil de llenar, tubo hecho de material ABS, ABS es una alta resistencia, buena tenacidad, superficie brillante, excelente resistencia qu\u00edmica, tambi\u00e9n uso reciclable. lo que significa respetuoso con el medio ambiente y duradero.<\/div>\n<div><\/div>\n<div>Su silueta elegante, sencilla y elegante cuenta con una gran versatilidad, combinando a la perfecci\u00f3n una amplia gama de estilos visuales de marca y conceptos de dise\u00f1o de marca.<\/div>\n<div><\/div>\n<div>Fitted with a screw-on cap paired with a brush applicator (a staple for lip gloss application). The cap supports full customization: any Pantone color can be matched per your brand requirements, and electroplated finishes are also available to create a premium metallic texture\u2014elevating the product\u2019s tactile and visual quality, and exuding understated luxury. The cap we also can provide with inject color, spraying process.<\/div>\n<div><\/div>\n<div>\u00bfQu\u00e9 es lo nuevo de las bombas sin aire?<\/div>\n<div class=\"auto-hide-last-sibling-br paragraph-pP9ZLC paragraph-element br-paragraph-space\">Los pumetrps sin aire son un bigrama. Mantiene el aire alejado de su producto. Esto es ideal para cosas como sueros o cremas que se deterioran r\u00e1pidamente. Ayuda a mantenerse frescos y limpios. Materiales como AS se utilizan para botellas cosm\u00e9ticas sin aire. Son transparentes y funcionan bien con los cosm\u00e9ticos, como una caja transparente para tus bocadillos favoritos.<\/div>\n<div><\/div>\n<div>De cualquier manera, este tubo de brillo labial dise\u00f1ado para una durabilidad duradera y funcionalidad pr\u00e1ctica, este tubo de brillo labial es la soluci\u00f3n de envasado ideal para las marcas de belleza que buscan combinar un dise\u00f1o elegante minimalista con una personalizaci\u00f3n completa de la marca. Equilibra perfectamente la usabilidad, la est\u00e9tica y la personalizaci\u00f3n de la marca, atendiendo a las diversas necesidades de envasado de las marcas cosm\u00e9ticas en todas las l\u00edneas de cuidado de la piel y maquillaje de color.<\/div>\n<div>\n<table style=\"border-collapse: collapse; width: 100%;\">\n<tbody>\n<tr>\n<td style=\"width: 33.3333%;\"><img decoding=\"async\" class=\"alignnone size-full wp-image-3161\" src=\"https:\/\/www.cosmepak.com\/wp-content\/uploads\/2025\/03\/O1CN01mPiP361HU7uig9g0m_3230470760-0-cib.jpg\" alt=\"\" width=\"1000\" height=\"1000\" srcset=\"https:\/\/www.cosmepak.com\/wp-content\/uploads\/2025\/03\/O1CN01mPiP361HU7uig9g0m_3230470760-0-cib.jpg 1000w, https:\/\/www.cosmepak.com\/wp-content\/uploads\/2025\/03\/O1CN01mPiP361HU7uig9g0m_3230470760-0-cib-300x300.jpg 300w, https:\/\/www.cosmepak.com\/wp-content\/uploads\/2025\/03\/O1CN01mPiP361HU7uig9g0m_3230470760-0-cib-150x150.jpg 150w, https:\/\/www.cosmepak.com\/wp-content\/uploads\/2025\/03\/O1CN01mPiP361HU7uig9g0m_3230470760-0-cib-768x768.jpg 768w, https:\/\/www.cosmepak.com\/wp-content\/uploads\/2025\/03\/O1CN01mPiP361HU7uig9g0m_3230470760-0-cib-12x12.jpg 12w, https:\/\/www.cosmepak.com\/wp-content\/uploads\/2025\/03\/O1CN01mPiP361HU7uig9g0m_3230470760-0-cib-600x600.jpg 600w, https:\/\/www.cosmepak.com\/wp-content\/uploads\/2025\/03\/O1CN01mPiP361HU7uig9g0m_3230470760-0-cib-100x100.jpg 100w\" sizes=\"(max-width: 1000px) 100vw, 1000px\" \/><\/td>\n<td style=\"width: 33.3333%;\"><img decoding=\"async\" class=\"alignnone size-full wp-image-3162\" src=\"https:\/\/www.cosmepak.com\/wp-content\/uploads\/2025\/03\/O1CN01QoOf501HU7urmSure_3230470760-0-cib.jpg\" alt=\"\" width=\"1000\" height=\"1000\" srcset=\"https:\/\/www.cosmepak.com\/wp-content\/uploads\/2025\/03\/O1CN01QoOf501HU7urmSure_3230470760-0-cib.jpg 1000w, https:\/\/www.cosmepak.com\/wp-content\/uploads\/2025\/03\/O1CN01QoOf501HU7urmSure_3230470760-0-cib-300x300.jpg 300w, https:\/\/www.cosmepak.com\/wp-content\/uploads\/2025\/03\/O1CN01QoOf501HU7urmSure_3230470760-0-cib-150x150.jpg 150w, https:\/\/www.cosmepak.com\/wp-content\/uploads\/2025\/03\/O1CN01QoOf501HU7urmSure_3230470760-0-cib-768x768.jpg 768w, https:\/\/www.cosmepak.com\/wp-content\/uploads\/2025\/03\/O1CN01QoOf501HU7urmSure_3230470760-0-cib-12x12.jpg 12w, https:\/\/www.cosmepak.com\/wp-content\/uploads\/2025\/03\/O1CN01QoOf501HU7urmSure_3230470760-0-cib-600x600.jpg 600w, https:\/\/www.cosmepak.com\/wp-content\/uploads\/2025\/03\/O1CN01QoOf501HU7urmSure_3230470760-0-cib-100x100.jpg 100w\" sizes=\"(max-width: 1000px) 100vw, 1000px\" \/><\/td>\n<td style=\"width: 33.3333%;\"><img loading=\"lazy\" decoding=\"async\" class=\"alignnone size-full wp-image-3163\" src=\"https:\/\/www.cosmepak.com\/wp-content\/uploads\/2025\/03\/O1CN01neDiaI1HU7uqn26i0_3230470760-0-cib-1.jpg\" alt=\"\" width=\"1000\" height=\"1000\" srcset=\"https:\/\/www.cosmepak.com\/wp-content\/uploads\/2025\/03\/O1CN01neDiaI1HU7uqn26i0_3230470760-0-cib-1.jpg 1000w, https:\/\/www.cosmepak.com\/wp-content\/uploads\/2025\/03\/O1CN01neDiaI1HU7uqn26i0_3230470760-0-cib-1-300x300.jpg 300w, https:\/\/www.cosmepak.com\/wp-content\/uploads\/2025\/03\/O1CN01neDiaI1HU7uqn26i0_3230470760-0-cib-1-150x150.jpg 150w, https:\/\/www.cosmepak.com\/wp-content\/uploads\/2025\/03\/O1CN01neDiaI1HU7uqn26i0_3230470760-0-cib-1-768x768.jpg 768w, https:\/\/www.cosmepak.com\/wp-content\/uploads\/2025\/03\/O1CN01neDiaI1HU7uqn26i0_3230470760-0-cib-1-12x12.jpg 12w, https:\/\/www.cosmepak.com\/wp-content\/uploads\/2025\/03\/O1CN01neDiaI1HU7uqn26i0_3230470760-0-cib-1-600x600.jpg 600w, https:\/\/www.cosmepak.com\/wp-content\/uploads\/2025\/03\/O1CN01neDiaI1HU7uqn26i0_3230470760-0-cib-1-100x100.jpg 100w\" sizes=\"(max-width: 1000px) 100vw, 1000px\" \/><\/td>\n<\/tr>\n<\/tbody>\n<\/table>\n<table style=\"border-collapse: collapse; width: 100%;\">\n<tbody>\n<tr>\n<td style=\"width: 50%;\"><img loading=\"lazy\" decoding=\"async\" class=\"alignnone size-full wp-image-3166\" src=\"https:\/\/www.cosmepak.com\/wp-content\/uploads\/2025\/03\/\u8be6\u60c5-7.jpg\" alt=\"\" width=\"1200\" height=\"1200\" srcset=\"https:\/\/www.cosmepak.com\/wp-content\/uploads\/2025\/03\/\u8be6\u60c5-7.jpg 1200w, https:\/\/www.cosmepak.com\/wp-content\/uploads\/2025\/03\/\u8be6\u60c5-7-300x300.jpg 300w, https:\/\/www.cosmepak.com\/wp-content\/uploads\/2025\/03\/\u8be6\u60c5-7-1024x1024.jpg 1024w, https:\/\/www.cosmepak.com\/wp-content\/uploads\/2025\/03\/\u8be6\u60c5-7-150x150.jpg 150w, https:\/\/www.cosmepak.com\/wp-content\/uploads\/2025\/03\/\u8be6\u60c5-7-768x768.jpg 768w, https:\/\/www.cosmepak.com\/wp-content\/uploads\/2025\/03\/\u8be6\u60c5-7-12x12.jpg 12w, https:\/\/www.cosmepak.com\/wp-content\/uploads\/2025\/03\/\u8be6\u60c5-7-600x600.jpg 600w, https:\/\/www.cosmepak.com\/wp-content\/uploads\/2025\/03\/\u8be6\u60c5-7-100x100.jpg 100w\" sizes=\"(max-width: 1200px) 100vw, 1200px\" \/><\/td>\n<td style=\"width: 50%;\"><img loading=\"lazy\" decoding=\"async\" class=\"alignnone size-full wp-image-3165\" src=\"https:\/\/www.cosmepak.com\/wp-content\/uploads\/2025\/03\/O1CN01MymVxm1HU80VL7GQX_3230470760-0-cib-1.jpg\" alt=\"\" width=\"1000\" height=\"1000\" srcset=\"https:\/\/www.cosmepak.com\/wp-content\/uploads\/2025\/03\/O1CN01MymVxm1HU80VL7GQX_3230470760-0-cib-1.jpg 1000w, https:\/\/www.cosmepak.com\/wp-content\/uploads\/2025\/03\/O1CN01MymVxm1HU80VL7GQX_3230470760-0-cib-1-300x300.jpg 300w, https:\/\/www.cosmepak.com\/wp-content\/uploads\/2025\/03\/O1CN01MymVxm1HU80VL7GQX_3230470760-0-cib-1-150x150.jpg 150w, https:\/\/www.cosmepak.com\/wp-content\/uploads\/2025\/03\/O1CN01MymVxm1HU80VL7GQX_3230470760-0-cib-1-768x768.jpg 768w, https:\/\/www.cosmepak.com\/wp-content\/uploads\/2025\/03\/O1CN01MymVxm1HU80VL7GQX_3230470760-0-cib-1-12x12.jpg 12w, https:\/\/www.cosmepak.com\/wp-content\/uploads\/2025\/03\/O1CN01MymVxm1HU80VL7GQX_3230470760-0-cib-1-600x600.jpg 600w, https:\/\/www.cosmepak.com\/wp-content\/uploads\/2025\/03\/O1CN01MymVxm1HU80VL7GQX_3230470760-0-cib-1-100x100.jpg 100w\" sizes=\"(max-width: 1000px) 100vw, 1000px\" \/><\/td>\n<\/tr>\n<\/tbody>\n<\/table>\n<table style=\"border-collapse: collapse; width: 100%;\">\n<tbody>\n<tr>\n<td style=\"width: 100%;\"><img loading=\"lazy\" decoding=\"async\" class=\"alignnone wp-image-3167\" src=\"https:\/\/www.cosmepak.com\/wp-content\/uploads\/2025\/03\/\u8be6\u60c5-13.jpg\" alt=\"\" width=\"1348\" height=\"1348\" srcset=\"https:\/\/www.cosmepak.com\/wp-content\/uploads\/2025\/03\/\u8be6\u60c5-13.jpg 1000w, https:\/\/www.cosmepak.com\/wp-content\/uploads\/2025\/03\/\u8be6\u60c5-13-300x300.jpg 300w, https:\/\/www.cosmepak.com\/wp-content\/uploads\/2025\/03\/\u8be6\u60c5-13-150x150.jpg 150w, https:\/\/www.cosmepak.com\/wp-content\/uploads\/2025\/03\/\u8be6\u60c5-13-768x768.jpg 768w, https:\/\/www.cosmepak.com\/wp-content\/uploads\/2025\/03\/\u8be6\u60c5-13-12x12.jpg 12w, https:\/\/www.cosmepak.com\/wp-content\/uploads\/2025\/03\/\u8be6\u60c5-13-600x600.jpg 600w, https:\/\/www.cosmepak.com\/wp-content\/uploads\/2025\/03\/\u8be6\u60c5-13-100x100.jpg 100w\" sizes=\"(max-width: 1348px) 100vw, 1348px\" \/><\/td>\n<\/tr>\n<\/tbody>\n<\/table>\n<\/div>","protected":false},"excerpt":{"rendered":"<p>Material: ABS\/AS<\/p>\n<p>Capacidad: 6 ml<\/p>\n<p>Size: 90.5*20.5mm<\/p>\n<p>Color: Aceptar personalizado (cualquier color Pantone disponible)<\/p>\n<p>Acabado de superficie: impresi\u00f3n de pantalla, estampado en caliente, acabado mate, etc.<\/p>\n<p>MOQ: 10000pcs<\/p>\n<p>Muestra: muestras gratuitas disponibles<\/p>\n<p>&nbsp;<\/p>\n<p>&nbsp;<\/p>","protected":false},"featured_media":1477,"comment_status":"closed","ping_status":"closed","template":"","meta":{"_acf_changed":false},"product_brand":[],"product_cat":[54,36],"product_tag":[39],"class_list":{"0":"post-1474","1":"product","2":"type-product","3":"status-publish","4":"has-post-thumbnail","6":"product_cat-lip-gloss-tube","7":"product_cat-makeup","8":"product_tag-makeup","10":"first","11":"outofstock","12":"shipping-taxable","13":"product-type-simple"},"acf":[],"_links":{"self":[{"href":"https:\/\/www.cosmepak.com\/es\/wp-json\/wp\/v2\/product\/1474","targetHints":{"allow":["GET"]}}],"collection":[{"href":"https:\/\/www.cosmepak.com\/es\/wp-json\/wp\/v2\/product"}],"about":[{"href":"https:\/\/www.cosmepak.com\/es\/wp-json\/wp\/v2\/types\/product"}],"replies":[{"embeddable":true,"href":"https:\/\/www.cosmepak.com\/es\/wp-json\/wp\/v2\/comments?post=1474"}],"wp:featuredmedia":[{"embeddable":true,"href":"https:\/\/www.cosmepak.com\/es\/wp-json\/wp\/v2\/media\/1477"}],"wp:attachment":[{"href":"https:\/\/www.cosmepak.com\/es\/wp-json\/wp\/v2\/media?parent=1474"}],"wp:term":[{"taxonomy":"product_brand","embeddable":true,"href":"https:\/\/www.cosmepak.com\/es\/wp-json\/wp\/v2\/product_brand?post=1474"},{"taxonomy":"product_cat","embeddable":true,"href":"https:\/\/www.cosmepak.com\/es\/wp-json\/wp\/v2\/product_cat?post=1474"},{"taxonomy":"product_tag","embeddable":true,"href":"https:\/\/www.cosmepak.com\/es\/wp-json\/wp\/v2\/product_tag?post=1474"}],"curies":[{"name":"WP","href":"https:\/\/api.w.org\/{rel}","templated":true}]}}