{"id":1476,"date":"2025-03-27T15:59:57","date_gmt":"2025-03-27T07:59:57","guid":{"rendered":"https:\/\/www.cosmepak.com\/?post_type=product&#038;p=1476"},"modified":"2026-01-30T16:19:39","modified_gmt":"2026-01-30T08:19:39","slug":"frasco-perfume-15ml-pequena-tapa-frasco-perfume-jaunce","status":"publish","type":"product","link":"https:\/\/www.cosmepak.com\/es\/product\/perfume-bottle-15ml-small-capcity-perfume-bottle-jaunce\/","title":{"rendered":"Botella de perfume -15ml botella de perfume de capcidad peque\u00f1a\/ jaunce"},"content":{"rendered":"<table style=\"border-collapse: collapse; width: 100%; height: 216px;\">\n<tbody>\n<tr style=\"height: 24px;\">\n<td style=\"width: 44.5017%; height: 24px; text-align: center;\">Capacidad<\/td>\n<td style=\"width: 55.4983%; height: 24px; text-align: center;\">\u00a015 ml<\/td>\n<\/tr>\n<tr style=\"height: 24px;\">\n<td style=\"width: 44.5017%; height: 24px; text-align: center;\">Modelo<\/td>\n<td style=\"width: 55.4983%; height: 24px; text-align: center;\">JH-15<\/td>\n<\/tr>\n<tr style=\"height: 24px;\">\n<td style=\"width: 44.5017%; height: 24px; text-align: center;\">Material de botella<\/td>\n<td style=\"width: 55.4983%; height: 24px; text-align: center;\">Vaso<\/td>\n<\/tr>\n<tr style=\"height: 24px;\">\n<td style=\"width: 44.5017%; height: 24px; text-align: center;\">Tapa<\/td>\n<td style=\"width: 55.4983%; height: 24px; text-align: center;\">Color dorado\/negro\/plata<\/td>\n<\/tr>\n<tr style=\"height: 24px;\">\n<td style=\"width: 44.5017%; height: 24px; text-align: center;\">Tama\u00f1o<\/td>\n<td style=\"width: 55.4983%; height: 24px; text-align: center;\">23*126 mm<\/td>\n<\/tr>\n<tr style=\"height: 24px;\">\n<td style=\"width: 44.5017%; height: 24px; text-align: center;\">Peso<\/td>\n<td style=\"width: 55.4983%; height: 24px; text-align: center;\">60 g<\/td>\n<\/tr>\n<tr style=\"height: 24px;\">\n<td style=\"width: 44.5017%; height: 24px; text-align: center;\">Personalizaci\u00f3n<\/td>\n<td style=\"width: 55.4983%; height: 24px; text-align: center;\">Aceptar<\/td>\n<\/tr>\n<tr style=\"height: 24px;\">\n<td style=\"width: 44.5017%; height: 24px; text-align: center;\">Color<\/td>\n<td style=\"width: 55.4983%; height: 24px; text-align: center;\">Personalizado<\/td>\n<\/tr>\n<tr style=\"height: 24px;\">\n<td style=\"width: 44.5017%; height: 24px; text-align: center;\">OEM \/ ODM<\/td>\n<td style=\"width: 55.4983%; height: 24px; text-align: center;\">Aceptar<\/td>\n<\/tr>\n<\/tbody>\n<\/table>\n<p>En una era en la que el minimalismo se encuentra con el lujo intencional, estos frascos de perfume port\u00e1tiles son peque\u00f1os testimonios de dise\u00f1o pensado y refinamiento cotidiano.<\/p>\n<p>Se trata de una botella de perfume delgada de tama\u00f1o peque\u00f1o de 15 ml, con un di\u00e1metro de 23 mm y una altura de 126 mm. Se puede colocar en cualquier bolsa y es conveniente para llevar. Esta botella viene en dos estilos: cil\u00edndrica y rectangular. El dise\u00f1o inferior engrosado hace que la botella se vea m\u00e1s texturizada. La abertura de botella roscada es conveniente para llenar y se puede reutilizar.<\/p>\n<p>El cuerpo de botella de vidrio transparente le permite ver claramente el estado de uso. El spray roscado tiene opciones de color de moldeo por inyecci\u00f3n y recubrimiento electro-aluminio. Cuando se empareja con una cubierta externa del mismo color, la apariencia general es armoniosa y coordinada.<\/p>\n<p>Las tapas de botellas de madera naturales vienen en color de roble claro c\u00e1lido y color de nuez rico para que elija. Cada color tiene su propio patr\u00f3n de textura \u00fanico, agregando un toque de belleza natural. La peque\u00f1a botella cubierta de metal ofrece una experiencia de lujo minimalista y moderna. Su cuerpo de vidrio curvo y liso se siente extremadamente ligero en la mano, mientras que las tapas met\u00e1licas de alta calidad &#8211; negro mate, plata pulida y oro c\u00e1lido &#8211; agregar un peso satisfactorio, destacando la alta calidad del producto.<\/p>\n<p class=\"ai-center-markdown-p\">\u00bfPor qu\u00e9 elegir nuestra botella de perfume?<\/p>\n<p>1. a prueba de fugas, sellos herm\u00e9ticos para viajes sin desorden<\/p>\n<p>2. reutilizable &amp; recargable para reducir los residuos<\/p>\n<p>Opciones de dise\u00f1o 3.Dual para coincidir con su estilo personal<\/p>\n<p>Tama\u00f1o 4.Compact 10ml-aprobado para equipaje de mano<\/p>\n<p>Tambi\u00e9n apoyamos soluciones de envasado cosm\u00e9tico de una sola parada. para las botellas que podemos proporcionar con color personalizado (podemos producir de acuerdo con cualquier color pantone), serigraf\u00eda de acuerdo con su dibujo de arte-desgin o servicio de etiquetado. si tambi\u00e9n puede ayudarle a proporcionar la caja del paquete etc. cualquier requisito por favor env\u00edenos un correo electr\u00f3nico, podemos dar una referencia para usted.<\/p>\n<p>Eleva tu rutina de fragancias con nuestra colecci\u00f3n curada de frascos de perfume port\u00e1tiles, donde el dise\u00f1o minimalista se encuentra con el lujo cotidiano, perfecto para llevar tu fragancia favorita desde la sala de reuniones hasta el brunch.<\/p>\n<p>&nbsp;<\/p>\n<p><img fetchpriority=\"high\" decoding=\"async\" class=\"alignnone wp-image-1483\" src=\"https:\/\/www.cosmepak.com\/wp-content\/uploads\/2025\/03\/O1CN01bOJLYM25jRr6vrORN_2778787562-0-cib.jpg\" alt=\"\" width=\"1378\" height=\"1378\" srcset=\"https:\/\/www.cosmepak.com\/wp-content\/uploads\/2025\/03\/O1CN01bOJLYM25jRr6vrORN_2778787562-0-cib.jpg 1000w, https:\/\/www.cosmepak.com\/wp-content\/uploads\/2025\/03\/O1CN01bOJLYM25jRr6vrORN_2778787562-0-cib-300x300.jpg 300w, https:\/\/www.cosmepak.com\/wp-content\/uploads\/2025\/03\/O1CN01bOJLYM25jRr6vrORN_2778787562-0-cib-150x150.jpg 150w, https:\/\/www.cosmepak.com\/wp-content\/uploads\/2025\/03\/O1CN01bOJLYM25jRr6vrORN_2778787562-0-cib-768x768.jpg 768w, https:\/\/www.cosmepak.com\/wp-content\/uploads\/2025\/03\/O1CN01bOJLYM25jRr6vrORN_2778787562-0-cib-600x600.jpg 600w, https:\/\/www.cosmepak.com\/wp-content\/uploads\/2025\/03\/O1CN01bOJLYM25jRr6vrORN_2778787562-0-cib-100x100.jpg 100w\" sizes=\"(max-width: 1378px) 100vw, 1378px\" \/><\/p>\n<table style=\"border-collapse: collapse; width: 100%;\">\n<tbody>\n<tr>\n<td style=\"width: 33.3333%;\"><img decoding=\"async\" class=\"alignnone size-full wp-image-3954\" src=\"https:\/\/www.cosmepak.com\/wp-content\/uploads\/2025\/03\/31-1.jpg\" alt=\"\" width=\"1000\" height=\"1000\" srcset=\"https:\/\/www.cosmepak.com\/wp-content\/uploads\/2025\/03\/31-1.jpg 1000w, https:\/\/www.cosmepak.com\/wp-content\/uploads\/2025\/03\/31-1-300x300.jpg 300w, https:\/\/www.cosmepak.com\/wp-content\/uploads\/2025\/03\/31-1-150x150.jpg 150w, https:\/\/www.cosmepak.com\/wp-content\/uploads\/2025\/03\/31-1-768x768.jpg 768w, https:\/\/www.cosmepak.com\/wp-content\/uploads\/2025\/03\/31-1-12x12.jpg 12w, https:\/\/www.cosmepak.com\/wp-content\/uploads\/2025\/03\/31-1-600x600.jpg 600w, https:\/\/www.cosmepak.com\/wp-content\/uploads\/2025\/03\/31-1-100x100.jpg 100w\" sizes=\"(max-width: 1000px) 100vw, 1000px\" \/><\/td>\n<td style=\"width: 33.3333%;\"><img decoding=\"async\" class=\"alignnone size-full wp-image-3953\" src=\"https:\/\/www.cosmepak.com\/wp-content\/uploads\/2025\/03\/21-1.jpg\" alt=\"\" width=\"1000\" height=\"1000\" srcset=\"https:\/\/www.cosmepak.com\/wp-content\/uploads\/2025\/03\/21-1.jpg 1000w, https:\/\/www.cosmepak.com\/wp-content\/uploads\/2025\/03\/21-1-300x300.jpg 300w, https:\/\/www.cosmepak.com\/wp-content\/uploads\/2025\/03\/21-1-150x150.jpg 150w, https:\/\/www.cosmepak.com\/wp-content\/uploads\/2025\/03\/21-1-768x768.jpg 768w, https:\/\/www.cosmepak.com\/wp-content\/uploads\/2025\/03\/21-1-12x12.jpg 12w, https:\/\/www.cosmepak.com\/wp-content\/uploads\/2025\/03\/21-1-600x600.jpg 600w, https:\/\/www.cosmepak.com\/wp-content\/uploads\/2025\/03\/21-1-100x100.jpg 100w\" sizes=\"(max-width: 1000px) 100vw, 1000px\" \/><\/td>\n<td style=\"width: 33.3333%;\"><img loading=\"lazy\" decoding=\"async\" class=\"alignnone size-full wp-image-3955\" src=\"https:\/\/www.cosmepak.com\/wp-content\/uploads\/2025\/03\/41-1.jpg\" alt=\"\" width=\"1000\" height=\"1000\" srcset=\"https:\/\/www.cosmepak.com\/wp-content\/uploads\/2025\/03\/41-1.jpg 1000w, https:\/\/www.cosmepak.com\/wp-content\/uploads\/2025\/03\/41-1-300x300.jpg 300w, https:\/\/www.cosmepak.com\/wp-content\/uploads\/2025\/03\/41-1-150x150.jpg 150w, https:\/\/www.cosmepak.com\/wp-content\/uploads\/2025\/03\/41-1-768x768.jpg 768w, https:\/\/www.cosmepak.com\/wp-content\/uploads\/2025\/03\/41-1-12x12.jpg 12w, https:\/\/www.cosmepak.com\/wp-content\/uploads\/2025\/03\/41-1-600x600.jpg 600w, https:\/\/www.cosmepak.com\/wp-content\/uploads\/2025\/03\/41-1-100x100.jpg 100w\" sizes=\"(max-width: 1000px) 100vw, 1000px\" \/><\/td>\n<\/tr>\n<\/tbody>\n<\/table>\n<p class=\"ai-center-markdown-p\">Para obtener m\u00e1s informaci\u00f3n o comprar, por favor visite nuestro sitio web o p\u00f3ngase en contacto con nuestro equipo de atenci\u00f3n al cliente.<\/p>\n<p>&nbsp;<\/p>\n<p class=\"ai-center-markdown-p\">","protected":false},"excerpt":{"rendered":"<p>Material de botella: vidrio<\/p>\n<p>Capcidad: 15 ml<\/p>\n<p>Tama\u00f1o: Longitud: OD: 23.1 mm;<\/p>\n<p>Peso \u00fanico: 60 g<\/p>\n<p>Color: personalizado<\/p>\n<p>Acabado de superficie: impresi\u00f3n de pantalla, glaseado, estampado en caliente, gradiente de pulverizaci\u00f3n, acabado mate, etc.<\/p>\n<p>MOQ: 5000pcs;<\/p>\n<p>&nbsp;<\/p>","protected":false},"featured_media":1482,"comment_status":"closed","ping_status":"closed","template":"","meta":{"_acf_changed":false},"product_brand":[],"product_cat":[17],"product_tag":[],"class_list":{"0":"post-1476","1":"product","2":"type-product","3":"status-publish","4":"has-post-thumbnail","6":"product_cat-perfume-bottle","8":"first","9":"outofstock","10":"shipping-taxable","11":"product-type-simple"},"acf":[],"_links":{"self":[{"href":"https:\/\/www.cosmepak.com\/es\/wp-json\/wp\/v2\/product\/1476","targetHints":{"allow":["GET"]}}],"collection":[{"href":"https:\/\/www.cosmepak.com\/es\/wp-json\/wp\/v2\/product"}],"about":[{"href":"https:\/\/www.cosmepak.com\/es\/wp-json\/wp\/v2\/types\/product"}],"replies":[{"embeddable":true,"href":"https:\/\/www.cosmepak.com\/es\/wp-json\/wp\/v2\/comments?post=1476"}],"wp:featuredmedia":[{"embeddable":true,"href":"https:\/\/www.cosmepak.com\/es\/wp-json\/wp\/v2\/media\/1482"}],"wp:attachment":[{"href":"https:\/\/www.cosmepak.com\/es\/wp-json\/wp\/v2\/media?parent=1476"}],"wp:term":[{"taxonomy":"product_brand","embeddable":true,"href":"https:\/\/www.cosmepak.com\/es\/wp-json\/wp\/v2\/product_brand?post=1476"},{"taxonomy":"product_cat","embeddable":true,"href":"https:\/\/www.cosmepak.com\/es\/wp-json\/wp\/v2\/product_cat?post=1476"},{"taxonomy":"product_tag","embeddable":true,"href":"https:\/\/www.cosmepak.com\/es\/wp-json\/wp\/v2\/product_tag?post=1476"}],"curies":[{"name":"WP","href":"https:\/\/api.w.org\/{rel}","templated":true}]}}