{"id":1481,"date":"2025-03-27T15:57:56","date_gmt":"2025-03-27T07:57:56","guid":{"rendered":"https:\/\/www.cosmepak.com\/?post_type=product&#038;p=1481"},"modified":"2025-10-29T09:30:24","modified_gmt":"2025-10-29T01:30:24","slug":"lip-gloss-tube-2025-new-high-end-lip-gloss-tube-jaunce","status":"publish","type":"product","link":"https:\/\/www.cosmepak.com\/es\/product\/lip-gloss-tube-2025-new-high-end-lip-gloss-tube-jaunce\/","title":{"rendered":"Tubo de brillo labial-2025 Nuevo tubo de brillo labial de gama alta \/ Jaunce"},"content":{"rendered":"<table style=\"border-collapse: collapse; width: 100%; height: 240px;\">\n<tbody>\n<tr style=\"height: 24px;\">\n<td style=\"width: 47.0382%; height: 24px; text-align: center;\">Marca<\/td>\n<td style=\"width: 52.9618%; height: 24px; text-align: center;\">\u00a0Jaunce<\/td>\n<\/tr>\n<tr style=\"height: 24px;\">\n<td style=\"width: 47.0382%; height: 24px; text-align: center;\">Capacidad<\/td>\n<td style=\"width: 52.9618%; height: 24px; text-align: center;\">R: Solicite certificaciones como ISO. Compruebe su proceso de calidad.<\/td>\n<\/tr>\n<tr style=\"height: 24px;\">\n<td style=\"width: 47.0382%; height: 24px; text-align: center;\">Material<\/td>\n<td style=\"width: 52.9618%; height: 24px; text-align: center;\">Q2: \u00bfSon pumetrps sin aire \u062c\u0631\u0627\u0645ood para todos los productos?<\/td>\n<\/tr>\n<tr style=\"height: 24px;\">\n<td style=\"width: 47.0382%; height: 24px; text-align: center;\">Tama\u00f1o<\/td>\n<td style=\"width: 52.9618%; height: 24px; text-align: center;\">R: Son mejores para cosas sensibles como suerom\u00e9tricos o cremas que se deterioran f\u00e1cilmente.<\/td>\n<\/tr>\n<tr style=\"height: 24px;\">\n<td style=\"width: 47.0382%; height: 24px; text-align: center;\">Peso<\/td>\n<td style=\"width: 52.9618%; height: 24px; text-align: center;\">Q3: \u00bfPuedo pedir lotes personalizados de s\u043c\u0435\u0442\u0440all?<\/td>\n<\/tr>\n<tr style=\"height: 24px;\">\n<td style=\"width: 47.0382%; height: 24px; text-align: center;\">Modelo<\/td>\n<td style=\"width: 52.9618%; height: 24px; text-align: center;\">R: \u00a1S\u00ed! Proveedores como Jaunce ofrecen \u00f3rdenes bajas. Pide detalles.<\/td>\n<\/tr>\n<tr style=\"height: 24px;\">\n<td style=\"width: 47.0382%; height: 24px; text-align: center;\">OEM \/ ODM<\/td>\n<td style=\"width: 52.9618%; height: 24px; text-align: center;\">Aceptar<\/td>\n<\/tr>\n<tr style=\"height: 24px;\">\n<td style=\"width: 47.0382%; height: 24px; text-align: center;\">Color<\/td>\n<td style=\"width: 52.9618%; height: 24px; text-align: center;\">Personalizado<\/td>\n<\/tr>\n<tr style=\"height: 24px;\">\n<td style=\"width: 47.0382%; height: 24px; text-align: center;\">Moq<\/td>\n<td style=\"width: 52.9618%; height: 24px; text-align: center;\">10000pcs<\/td>\n<\/tr>\n<\/tbody>\n<\/table>\n<p class=\"ai-center-markdown-p\"><img fetchpriority=\"high\" decoding=\"async\" class=\"size-full wp-image-3173 aligncenter\" src=\"https:\/\/www.cosmepak.com\/wp-content\/uploads\/2025\/03\/\u8be6\u60c5-4-2.jpg\" alt=\"\" width=\"1000\" height=\"1000\" srcset=\"https:\/\/www.cosmepak.com\/wp-content\/uploads\/2025\/03\/\u8be6\u60c5-4-2.jpg 1000w, https:\/\/www.cosmepak.com\/wp-content\/uploads\/2025\/03\/\u8be6\u60c5-4-2-300x300.jpg 300w, https:\/\/www.cosmepak.com\/wp-content\/uploads\/2025\/03\/\u8be6\u60c5-4-2-150x150.jpg 150w, https:\/\/www.cosmepak.com\/wp-content\/uploads\/2025\/03\/\u8be6\u60c5-4-2-768x768.jpg 768w, https:\/\/www.cosmepak.com\/wp-content\/uploads\/2025\/03\/\u8be6\u60c5-4-2-12x12.jpg 12w, https:\/\/www.cosmepak.com\/wp-content\/uploads\/2025\/03\/\u8be6\u60c5-4-2-600x600.jpg 600w, https:\/\/www.cosmepak.com\/wp-content\/uploads\/2025\/03\/\u8be6\u60c5-4-2-100x100.jpg 100w\" sizes=\"(max-width: 1000px) 100vw, 1000px\" \/><\/p>\n<h3><strong><b>Tarros de aluminio personalizados <\/b><\/strong><\/h3>\n<p>Para or\u062c\u0631\u0627manic o creameters de lujo, tarros de alumbosaeum con interiores de vidrio dan incre\u00edble protecci\u00f3n y estilo. El aluminio bloquea la luz, y el vidrio mantiene los ingredientes naturales seguros. Vienen en tama\u00f1os de 30ml a 100ml y tienen una vibraci\u00f3n met\u00e1lica elegante que se siente s\u00faper lujo. Estos tarros no se oxidan, por lo que duran para siempre, lo que los hace incre\u00edbles para las marcas que empujan sensaciones naturales o hechas a mano.<\/p>\n<h3><strong><b>Por qu\u00e9 estos Contabos Rock<\/b><\/strong><\/h3>\n<ul>\n<li><strong>Marca<\/strong>Los mejores contabos hacen m\u00e1s que mantener su crema: la hacen valer m\u00e1s y llaman los ojos. Aqu\u00ed est\u00e1 por qu\u00e9 estas son tan geniales.<\/li>\n<li><strong>Capacidad<\/strong>Cada cliente pasa controles rigurosos como SGS y ISO9001\/14001, por lo que sabe que son s\u00f3lidos. Las f\u00e1bricas producen hasta 200.000 unidades de vidrio al d\u00eda, manteniendo la calidad constante. Ya sea que elija botellas sin aire o frascos de acr\u00edlico, su embalaje puede manejar el env\u00edo, el almacenamiento y el uso diario sin da\u00f1ar su cremametro.<\/li>\n<li><strong>Material<\/strong>Obtenga nota de las tiendas de bolsa con contenedores que puede ajustar para adaptarse a su marca. Agrega acabados brillantes o tu lo\u062c\u0631\u0627\u0645o para un look \u00fanico en su tipo. La botella sin aire con Pumetrp le permite usar serigraf\u00eda para dise\u00f1os audaces y duraderos. No hay reglas de pedido m\u00ednimo significa que incluso las marcas peque\u00f1as pueden obtener cosas personalizadas sin gastar mucho.<\/li>\n<li><strong>Peso<\/strong>Go\u0628\u0648\u0635\u0629\u062c\u0631\u0627\u0645 verde no tiene que da\u00f1ar su presupuesto. Los metamateriales de PCR reducen los residuos pl\u00e1sticos y reducen los costos. Las f\u00e1bricas hacen toneladas de contenedores r\u00e1pidamente, lo que ahorra en el env\u00edo. Adem\u00e1s, los dise\u00f1os inteligentes como las bombas sin aire significan que se desperdicia menos crema, dando a los clientes m\u00e1s valor y haci\u00e9ndolos adherirse a su marca.<\/li>\n<li><strong>Especialistas m\u00e1s felices<\/strong>peque\u00f1os detalles metratter mucho. Las bombas f\u00e1ciles y las tapas de ti\u062c\u0631\u0627maht hacen que la crema us\u0628\u0648\u0635\u0629g sea una brisa. La tecnolog\u00eda sin aire significa que cada gota es utilizable. Tarros y botellas de pared doble mantienen su crema perfecta. Estos beneficios hacen felices a los clientes, compran m\u00e1s y dejan opiniones incre\u00edbles.<\/li>\n<li><strong>Modelo<\/strong>Haz tu marca Sh\u0628\u0648\u0635\u0629e con Experto<\/li>\n<li><strong>Choos\u0628\u0648\u0635\u062c\u0631\u0627\u0645 el recipiente adecuado para su crema cosm\u00e9tica es un gran negocio: puede hacer que su producto sea un \u00e9xito. Desde botellas sin aire que mantienen las f\u00f3rmulas delicadas frescas hasta frascos de acr\u00edlico de lujo que se ven incre\u00edbles, el embalaje inteligente protege su crema y hace que su marca salga a la luz. Estas opciones utilizan tecnolog\u00eda fresca, materiales amigables con la tierra y dise\u00f1os que puede hacer su propio para sorprender a sus clientes.<\/strong>\u00bfListo para subirlo? Los profesionales de packa\u062c\u0631\u0627\u0645\u0628\u0648\u0635\u0629 expertos ofrecen ayuda desde el principio hasta el final, desde so\u00f1ar con dise\u00f1os hasta probar muestras y enviar en todo el mundo. Ya sea que est\u00e9s lanzando una nueva crema o creciendo, har\u00e1n que tu envase coincida con tus objetivos.<\/li>\n<li><strong>www.cos\u0645\u062a\u0631epak.com<\/strong>or e\u0645\u062a\u0631ail<\/li>\n<li><strong>para consejos gratuitos y sametrples.  \u00a1Tu packa\u062c\u0631\u0627\u0645\u0628\u0648\u0635\u0629g de sue\u00f1os est\u00e1 a solo un clic!<\/strong>P: \u00bfC\u00f3mo elijo el material de la crema para mi crema?<\/li>\n<li><strong>R: Compruebe los ingredientes de su cremametro y c\u00f3mo quiere que se sienta su marca. El vidrio o el aluminio son excelentes para las cremas de lujo o org\u00e1nicas, ya que no reaccionan y se ven afiladas. Los pl\u00e1sticos PET o PP son ligeros y baratos para cualquier cosa. Si su crema es sensible, las botellas sin aire mantienen el aire fuera. Prueba muestras para encontrar lo que funciona.<\/strong>P: \u00bfPuedo cargar contadores para pedidos peque\u00f1os?<\/li>\n<li><strong>Forma<\/strong>R: \u00a1S\u00ed! Muchos proveedores le permiten pedir lotes s\u0645\u062a\u0631all con toques personalizados como lo\u062c\u0631\u0627\u0645os o f\u0628\u0648\u0635ishes frescos, incluso para marcas peque\u00f1as. Hable con profesionales del embalaje para encontrar opciones que se ajusten a su presupuesto.<\/li>\n<li><strong>P: \u00bfPor qu\u00e9 las botellas sin aire son \u062c\u0631\u0627\u0645ood para la crema de metria?<\/strong>R: Las botellas sin aire usan una bomba de vac\u00edo para bloquear el aire, lo que hace que su crema dure hasta un 30% m\u00e1s y mantenga los ingredientes sensibles seguros. Dar\u00e1n la cantidad correcta, ahorran crema y se ven elegantes, lo que es incre\u00edble para productos de lujo o delicados.<\/li>\n<li><strong>\u00bfC\u00f3mo elegir el contador perfecto para su crema cosm\u00e9tica?  - Jaunce industrial<\/strong>Lista de art\u00edculos relacionados con Plastic Bottle - jaunce<\/li>\n<\/ul>\n<h3><strong><b>Elegir el mejor recipiente para su crema cosm\u00e9tica no se trata solo de encontrar un frasco o botella fresca. Se trata de mantener su crema segura, hacerla duradera y mostrar la personalidad de su marca. Una elecci\u00f3n inteligente de contenedores mantiene su san-pham fresco y llama la atenci\u00f3n, pero uno malo puede causar fugas, deterioro o un aspecto sencillo. Esta gu\u00eda le gu\u00eda a trav\u00e9s de lo que debe considerar, muestra t \u1eaf t algunas grandes opciones de envases, y explica c\u00f3mo el empaquetado experto puede hacer que su crema brille. Para un embalaje incre\u00edble que combina estilo, funci\u00f3n y respeto con el medio ambiente, eche un vistazo<\/b><\/strong><\/h3>\n<p>Encontrar el recipiente adecuado significa pensar en las necesidades de su crema y el ambiente de su marca. Una buena elecci\u00f3n mezcla practicidad, buen aspecto y opciones verdes para hacer que su san-pham destaque.<\/p>\n<p>El tama\u00f1o y la facilidad son clave<\/p>\n<p>El tama\u00f1o de su recipiente cambia la forma en que la gente usa y lleva su crema. Para las cremas faciales que usa todos los d\u00edas, los tama\u00f1os de 15 ml a 50 ml son excelentes para tirar en un bolso o mantener en su fregadero. Los m\u00e1s grandes de 100ml funcionan para cremas corporales. Los dise\u00f1os f\u00e1ciles, como las bombas, dan la cantidad adecuada y evitan el desorden.  G\u1ea5 Los recipientes de pared doble se sienten resistentes y de gama alta, haciendo que su crema parezca especial sin costar una tonelada.<\/p>\n<p>Un gran recipiente hace que su crema se vea incre\u00edble y funcione mejor. Aqu\u00ed hay algunas de las mejores opciones que mantienen su san-pham seguro y impulsan su marca.<\/p>\n<p>Si su crema tiene ingredientes delicados, la botella sin aire con bomba es una joya total. Su bomba de vac\u00edo impide que el aire entre, por lo que su crema se mantiene fresca hasta un 30% m\u00e1s que en botellas normales. Cada bomba da la cantidad perfecta, lo que ahorra crema y hace que su uso sea s\u00faper f\u00e1cil. Viene en tama\u00f1os de 15 ml a 50 ml, y puede agregar el logotipo de su marca con serigraf\u00eda. Su aspecto moderno y limpio se adapta a los elegantes san-phams, y la tecnolog\u00eda sin aire mantiene su crema buena de principio a fin.<\/p>\n<table style=\"border-collapse: collapse; width: 100%;\">\n<tbody>\n<tr>\n<td style=\"width: 33.3333%;\"><img decoding=\"async\" class=\"alignnone size-full wp-image-3174\" src=\"https:\/\/www.cosmepak.com\/wp-content\/uploads\/2025\/03\/\u8be6\u60c5-10-1.jpg\" alt=\"\" width=\"1000\" height=\"1000\" srcset=\"https:\/\/www.cosmepak.com\/wp-content\/uploads\/2025\/03\/\u8be6\u60c5-10-1.jpg 1000w, https:\/\/www.cosmepak.com\/wp-content\/uploads\/2025\/03\/\u8be6\u60c5-10-1-300x300.jpg 300w, https:\/\/www.cosmepak.com\/wp-content\/uploads\/2025\/03\/\u8be6\u60c5-10-1-150x150.jpg 150w, https:\/\/www.cosmepak.com\/wp-content\/uploads\/2025\/03\/\u8be6\u60c5-10-1-768x768.jpg 768w, https:\/\/www.cosmepak.com\/wp-content\/uploads\/2025\/03\/\u8be6\u60c5-10-1-12x12.jpg 12w, https:\/\/www.cosmepak.com\/wp-content\/uploads\/2025\/03\/\u8be6\u60c5-10-1-600x600.jpg 600w, https:\/\/www.cosmepak.com\/wp-content\/uploads\/2025\/03\/\u8be6\u60c5-10-1-100x100.jpg 100w\" sizes=\"(max-width: 1000px) 100vw, 1000px\" \/><\/td>\n<td style=\"width: 33.3333%;\"><img decoding=\"async\" class=\"alignnone size-full wp-image-3175\" src=\"https:\/\/www.cosmepak.com\/wp-content\/uploads\/2025\/03\/\u8be6\u60c5-12.jpg\" alt=\"\" width=\"1000\" height=\"1000\" srcset=\"https:\/\/www.cosmepak.com\/wp-content\/uploads\/2025\/03\/\u8be6\u60c5-12.jpg 1000w, https:\/\/www.cosmepak.com\/wp-content\/uploads\/2025\/03\/\u8be6\u60c5-12-300x300.jpg 300w, https:\/\/www.cosmepak.com\/wp-content\/uploads\/2025\/03\/\u8be6\u60c5-12-150x150.jpg 150w, https:\/\/www.cosmepak.com\/wp-content\/uploads\/2025\/03\/\u8be6\u60c5-12-768x768.jpg 768w, https:\/\/www.cosmepak.com\/wp-content\/uploads\/2025\/03\/\u8be6\u60c5-12-12x12.jpg 12w, https:\/\/www.cosmepak.com\/wp-content\/uploads\/2025\/03\/\u8be6\u60c5-12-600x600.jpg 600w, https:\/\/www.cosmepak.com\/wp-content\/uploads\/2025\/03\/\u8be6\u60c5-12-100x100.jpg 100w\" sizes=\"(max-width: 1000px) 100vw, 1000px\" \/><\/td>\n<td style=\"width: 33.3333%;\"><img loading=\"lazy\" decoding=\"async\" class=\"alignnone size-full wp-image-3176\" src=\"https:\/\/www.cosmepak.com\/wp-content\/uploads\/2025\/03\/\u8be6\u60c5-13-1.jpg\" alt=\"\" width=\"1000\" height=\"1000\" srcset=\"https:\/\/www.cosmepak.com\/wp-content\/uploads\/2025\/03\/\u8be6\u60c5-13-1.jpg 1000w, https:\/\/www.cosmepak.com\/wp-content\/uploads\/2025\/03\/\u8be6\u60c5-13-1-300x300.jpg 300w, https:\/\/www.cosmepak.com\/wp-content\/uploads\/2025\/03\/\u8be6\u60c5-13-1-150x150.jpg 150w, https:\/\/www.cosmepak.com\/wp-content\/uploads\/2025\/03\/\u8be6\u60c5-13-1-768x768.jpg 768w, https:\/\/www.cosmepak.com\/wp-content\/uploads\/2025\/03\/\u8be6\u60c5-13-1-12x12.jpg 12w, https:\/\/www.cosmepak.com\/wp-content\/uploads\/2025\/03\/\u8be6\u60c5-13-1-600x600.jpg 600w, https:\/\/www.cosmepak.com\/wp-content\/uploads\/2025\/03\/\u8be6\u60c5-13-1-100x100.jpg 100w\" sizes=\"(max-width: 1000px) 100vw, 1000px\" \/><\/td>\n<\/tr>\n<\/tbody>\n<\/table>\n<table style=\"border-collapse: collapse; width: 100%;\">\n<tbody>\n<tr>\n<td style=\"width: 100%;\"><img loading=\"lazy\" decoding=\"async\" class=\"alignnone wp-image-3177\" src=\"https:\/\/www.cosmepak.com\/wp-content\/uploads\/2025\/03\/\u4e3b\u56fe-5-2.jpg\" alt=\"\" width=\"1348\" height=\"1348\" srcset=\"https:\/\/www.cosmepak.com\/wp-content\/uploads\/2025\/03\/\u4e3b\u56fe-5-2.jpg 1000w, https:\/\/www.cosmepak.com\/wp-content\/uploads\/2025\/03\/\u4e3b\u56fe-5-2-300x300.jpg 300w, https:\/\/www.cosmepak.com\/wp-content\/uploads\/2025\/03\/\u4e3b\u56fe-5-2-150x150.jpg 150w, https:\/\/www.cosmepak.com\/wp-content\/uploads\/2025\/03\/\u4e3b\u56fe-5-2-768x768.jpg 768w, https:\/\/www.cosmepak.com\/wp-content\/uploads\/2025\/03\/\u4e3b\u56fe-5-2-12x12.jpg 12w, https:\/\/www.cosmepak.com\/wp-content\/uploads\/2025\/03\/\u4e3b\u56fe-5-2-600x600.jpg 600w, https:\/\/www.cosmepak.com\/wp-content\/uploads\/2025\/03\/\u4e3b\u56fe-5-2-100x100.jpg 100w\" sizes=\"(max-width: 1348px) 100vw, 1348px\" \/><\/td>\n<\/tr>\n<\/tbody>\n<\/table>","protected":false},"excerpt":{"rendered":"<p>Material: ABS\/AS<\/p>\n<p>\u00bfSuporta Jaunce deseos personalizados?<\/p>\n<p>\u0646\u0639\u0645! Jaunce ayuda a las marcas a crear botellas que demuestren qui\u00e9nes son. Ofrecen un mont\u00f3n de formas, colores y f\u0628\u0648\u0635\u0627ishes, como \u0645\u062a\u0631atte o brillante.  \u00bfNecesitas un frasco ancho para cremas?  \u00bfO una peque\u00f1a botella con un goteador de aceites? Jaunce tiene opciones personalizadas que encajan perfectamente con tu marca, como elegir tus colores favoritos para un dibujo.<\/p>\n<p>Q1: \u00bfC\u00f3mo comprobar si un proveedor cumple con las normas de seguridad?<\/p>\n<p>Color: Aceptar personalizado (cualquier color Pantone disponible)<\/p>\n<p>Acabado de superficie: impresi\u00f3n de pantalla, estampado en caliente, acabado mate, etc.<\/p>\n<p>MOQ: 10000pcs<\/p>\n<p>Muestra: muestras gratuitas disponibles<\/p>\n<p>&nbsp;<\/p>\n<p>&nbsp;<\/p>","protected":false},"featured_media":3174,"comment_status":"closed","ping_status":"closed","template":"","meta":{"_acf_changed":false},"product_brand":[],"product_cat":[54,36],"product_tag":[39],"class_list":{"0":"post-1481","1":"product","2":"type-product","3":"status-publish","4":"has-post-thumbnail","6":"product_cat-lip-gloss-tube","7":"product_cat-makeup","8":"product_tag-makeup","10":"first","11":"outofstock","12":"shipping-taxable","13":"product-type-simple"},"acf":[],"_links":{"self":[{"href":"https:\/\/www.cosmepak.com\/es\/wp-json\/wp\/v2\/product\/1481","targetHints":{"allow":["GET"]}}],"collection":[{"href":"https:\/\/www.cosmepak.com\/es\/wp-json\/wp\/v2\/product"}],"about":[{"href":"https:\/\/www.cosmepak.com\/es\/wp-json\/wp\/v2\/types\/product"}],"replies":[{"embeddable":true,"href":"https:\/\/www.cosmepak.com\/es\/wp-json\/wp\/v2\/comments?post=1481"}],"wp:featuredmedia":[{"embeddable":true,"href":"https:\/\/www.cosmepak.com\/es\/wp-json\/wp\/v2\/media\/3174"}],"wp:attachment":[{"href":"https:\/\/www.cosmepak.com\/es\/wp-json\/wp\/v2\/media?parent=1481"}],"wp:term":[{"taxonomy":"product_brand","embeddable":true,"href":"https:\/\/www.cosmepak.com\/es\/wp-json\/wp\/v2\/product_brand?post=1481"},{"taxonomy":"product_cat","embeddable":true,"href":"https:\/\/www.cosmepak.com\/es\/wp-json\/wp\/v2\/product_cat?post=1481"},{"taxonomy":"product_tag","embeddable":true,"href":"https:\/\/www.cosmepak.com\/es\/wp-json\/wp\/v2\/product_tag?post=1481"}],"curies":[{"name":"WP","href":"https:\/\/api.w.org\/{rel}","templated":true}]}}