{"id":1488,"date":"2025-03-27T16:21:52","date_gmt":"2025-03-27T08:21:52","guid":{"rendered":"https:\/\/www.cosmepak.com\/?post_type=product&#038;p=1488"},"modified":"2025-09-09T13:59:09","modified_gmt":"2025-09-09T05:59:09","slug":"lipglosstube-9","status":"publish","type":"product","link":"https:\/\/www.cosmepak.com\/es\/product\/lipglosstube-9\/","title":{"rendered":"Gloss labial tubo-INS estilo cristal transparente cuadrado l\u00e1piz labial tubo\/Jaunce"},"content":{"rendered":"<table style=\"border-collapse: collapse; width: 100%; height: 240px;\">\n<tbody>\n<tr style=\"height: 24px;\">\n<td style=\"width: 24.7995%; height: 24px;\">Marca<\/td>\n<td style=\"width: 75.2005%; height: 24px;\">\u00a0Jaunce<\/td>\n<\/tr>\n<tr style=\"height: 24px;\">\n<td style=\"width: 24.7995%; height: 24px;\">Capacidad<\/td>\n<td style=\"width: 75.2005%; height: 24px;\">3.5g<\/td>\n<\/tr>\n<tr style=\"height: 24px;\">\n<td style=\"width: 24.7995%; height: 24px;\">Forma<\/td>\n<td style=\"width: 75.2005%; height: 24px;\">Redondo<\/td>\n<\/tr>\n<tr style=\"height: 24px;\">\n<td style=\"width: 24.7995%; height: 24px;\">Tama\u00f1o<\/td>\n<td style=\"width: 75.2005%; height: 24px;\">22*67.5mm<\/td>\n<\/tr>\n<tr style=\"height: 24px;\">\n<td style=\"width: 24.7995%; height: 24px;\">Peso<\/td>\n<td style=\"width: 75.2005%; height: 24px;\">22G<\/td>\n<\/tr>\n<tr style=\"height: 24px;\">\n<td style=\"width: 24.7995%; height: 24px;\">Adecuado<\/td>\n<td style=\"width: 75.2005%; height: 24px;\">\u00a0Tapa<\/td>\n<\/tr>\n<tr style=\"height: 24px;\">\n<td style=\"width: 24.7995%; height: 24px;\">Modelo<\/td>\n<td style=\"width: 75.2005%; height: 24px;\">JH-JZ-3384<\/td>\n<\/tr>\n<tr style=\"height: 24px;\">\n<td style=\"width: 24.7995%; height: 24px;\">OEM \/ ODM<\/td>\n<td style=\"width: 75.2005%; height: 24px;\">Aceptar<\/td>\n<\/tr>\n<tr style=\"height: 24px;\">\n<td style=\"width: 24.7995%; height: 24px;\">Color<\/td>\n<td style=\"width: 75.2005%; height: 24px;\">Personalizado<\/td>\n<\/tr>\n<tr style=\"height: 24px;\">\n<td style=\"width: 24.7995%; height: 24px;\">Moq<\/td>\n<td style=\"width: 75.2005%; height: 24px;\">10000pcs<\/td>\n<\/tr>\n<\/tbody>\n<\/table>\n<p>&nbsp;<\/p>\n<p><img fetchpriority=\"high\" decoding=\"async\" class=\"alignnone wp-image-1495\" src=\"https:\/\/www.cosmepak.com\/wp-content\/uploads\/2025\/03\/\u5fae\u4fe1\u56fe\u7247_20250327155843.jpg\" alt=\"\" width=\"1470\" height=\"1470\" srcset=\"https:\/\/www.cosmepak.com\/wp-content\/uploads\/2025\/03\/\u5fae\u4fe1\u56fe\u7247_20250327155843.jpg 800w, https:\/\/www.cosmepak.com\/wp-content\/uploads\/2025\/03\/\u5fae\u4fe1\u56fe\u7247_20250327155843-300x300.jpg 300w, https:\/\/www.cosmepak.com\/wp-content\/uploads\/2025\/03\/\u5fae\u4fe1\u56fe\u7247_20250327155843-150x150.jpg 150w, https:\/\/www.cosmepak.com\/wp-content\/uploads\/2025\/03\/\u5fae\u4fe1\u56fe\u7247_20250327155843-768x768.jpg 768w, https:\/\/www.cosmepak.com\/wp-content\/uploads\/2025\/03\/\u5fae\u4fe1\u56fe\u7247_20250327155843-600x600.jpg 600w, https:\/\/www.cosmepak.com\/wp-content\/uploads\/2025\/03\/\u5fae\u4fe1\u56fe\u7247_20250327155843-100x100.jpg 100w\" sizes=\"(max-width: 1470px) 100vw, 1470px\" \/><img decoding=\"async\" class=\"alignnone wp-image-1497\" src=\"https:\/\/www.cosmepak.com\/wp-content\/uploads\/2025\/03\/\u5fae\u4fe1\u56fe\u7247_20250327155846.jpg\" alt=\"\" width=\"1388\" height=\"1388\" srcset=\"https:\/\/www.cosmepak.com\/wp-content\/uploads\/2025\/03\/\u5fae\u4fe1\u56fe\u7247_20250327155846.jpg 1000w, https:\/\/www.cosmepak.com\/wp-content\/uploads\/2025\/03\/\u5fae\u4fe1\u56fe\u7247_20250327155846-300x300.jpg 300w, https:\/\/www.cosmepak.com\/wp-content\/uploads\/2025\/03\/\u5fae\u4fe1\u56fe\u7247_20250327155846-150x150.jpg 150w, https:\/\/www.cosmepak.com\/wp-content\/uploads\/2025\/03\/\u5fae\u4fe1\u56fe\u7247_20250327155846-768x768.jpg 768w, https:\/\/www.cosmepak.com\/wp-content\/uploads\/2025\/03\/\u5fae\u4fe1\u56fe\u7247_20250327155846-600x600.jpg 600w, https:\/\/www.cosmepak.com\/wp-content\/uploads\/2025\/03\/\u5fae\u4fe1\u56fe\u7247_20250327155846-100x100.jpg 100w\" sizes=\"(max-width: 1388px) 100vw, 1388px\" \/><img decoding=\"async\" class=\"alignnone wp-image-1498\" src=\"https:\/\/www.cosmepak.com\/wp-content\/uploads\/2025\/03\/\u5fae\u4fe1\u56fe\u7247_20250327155848.jpg\" alt=\"\" width=\"1387\" height=\"1387\" srcset=\"https:\/\/www.cosmepak.com\/wp-content\/uploads\/2025\/03\/\u5fae\u4fe1\u56fe\u7247_20250327155848.jpg 1000w, https:\/\/www.cosmepak.com\/wp-content\/uploads\/2025\/03\/\u5fae\u4fe1\u56fe\u7247_20250327155848-300x300.jpg 300w, https:\/\/www.cosmepak.com\/wp-content\/uploads\/2025\/03\/\u5fae\u4fe1\u56fe\u7247_20250327155848-150x150.jpg 150w, https:\/\/www.cosmepak.com\/wp-content\/uploads\/2025\/03\/\u5fae\u4fe1\u56fe\u7247_20250327155848-768x768.jpg 768w, https:\/\/www.cosmepak.com\/wp-content\/uploads\/2025\/03\/\u5fae\u4fe1\u56fe\u7247_20250327155848-600x600.jpg 600w, https:\/\/www.cosmepak.com\/wp-content\/uploads\/2025\/03\/\u5fae\u4fe1\u56fe\u7247_20250327155848-100x100.jpg 100w\" sizes=\"(max-width: 1387px) 100vw, 1387px\" \/><\/p>\n<p><img loading=\"lazy\" decoding=\"async\" class=\"alignnone wp-image-1343 size-full\" src=\"https:\/\/www.cosmepak.com\/wp-content\/uploads\/2024\/12\/\u5fae\u4fe1\u56fe\u7247_20250213141726.jpg\" alt=\"\" width=\"1920\" height=\"919\" srcset=\"https:\/\/www.cosmepak.com\/wp-content\/uploads\/2024\/12\/\u5fae\u4fe1\u56fe\u7247_20250213141726.jpg 1920w, https:\/\/www.cosmepak.com\/wp-content\/uploads\/2024\/12\/\u5fae\u4fe1\u56fe\u7247_20250213141726-300x144.jpg 300w, https:\/\/www.cosmepak.com\/wp-content\/uploads\/2024\/12\/\u5fae\u4fe1\u56fe\u7247_20250213141726-1024x490.jpg 1024w, https:\/\/www.cosmepak.com\/wp-content\/uploads\/2024\/12\/\u5fae\u4fe1\u56fe\u7247_20250213141726-768x368.jpg 768w, https:\/\/www.cosmepak.com\/wp-content\/uploads\/2024\/12\/\u5fae\u4fe1\u56fe\u7247_20250213141726-1536x735.jpg 1536w, https:\/\/www.cosmepak.com\/wp-content\/uploads\/2024\/12\/\u5fae\u4fe1\u56fe\u7247_20250213141726-600x287.jpg 600w\" sizes=\"(max-width: 1920px) 100vw, 1920px\" \/><\/p>\n<h3 id=\"crystal-clear-transparent-pink-square-lipstick-tube-packaging\" class=\"ai-center-markdown-h3\">Embalaje de tubo de l\u00e1piz labial cuadrado rosa transparente transparente cristalino<\/h3>\n<p class=\"ai-center-markdown-p\">En el mundo en constante evoluci\u00f3n de la belleza y los cosm\u00e9ticos, los envases desempe\u00f1an un papel crucial para atraer a los consumidores y mejorar el atractivo general de un producto. Una de las \u00faltimas tendencias que generan olas en la industria es la\u00a0<strong class=\"ai-center-markdown-strong\">cristal transparente rosa cuadrado l\u00e1piz labial tubo empaquetado<\/strong>Este innovador dise\u00f1o de envases no solo exuda elegancia y sofisticaci\u00f3n, sino que tambi\u00e9n ofrece beneficios pr\u00e1cticos tanto para las marcas como para los consumidores.<\/p>\n<h4 id=\"elegant-and-modern-design\" class=\"ai-center-markdown-h4\">Dise\u00f1o elegante y moderno<\/h4>\n<p class=\"ai-center-markdown-p\">El tubo de l\u00e1piz de labios cuadrado rosa transparente cristalino es una mezcla perfecta de est\u00e9tica moderna y funcionalidad. El dise\u00f1o transparente permite a los consumidores ver el color real y la textura del l\u00e1piz labial o b\u00e1lsamo labial dentro, eliminando cualquier adivinaci\u00f3n y facilitando el proceso de selecci\u00f3n. El suave tono rosado agrega un toque de feminidad y elegancia, por lo que es una opci\u00f3n atractiva para los entusiastas de la belleza.<\/p>\n<h4 id=\"versatility-and-customization\" class=\"ai-center-markdown-h4\">Versatilidad y personalizaci\u00f3n<\/h4>\n<p class=\"ai-center-markdown-p\">Una de las caracter\u00edsticas destacadas de este envase es su versatilidad. Se puede usar para varios tipos de productos labiales, incluyendo l\u00e1piz labial, b\u00e1lsamos labiales y lustres labiales. Las marcas pueden personalizar el embalaje con sus logotipos, colores de marca y otros elementos de dise\u00f1o para crear un aspecto \u00fanico y cohesivo que se alinea con su identidad de marca. La forma cuadrada tambi\u00e9n proporciona un amplio espacio para la marca y el etiquetado, lo que garantiza que la informaci\u00f3n importante del producto sea f\u00e1cilmente accesible para los consumidores.<\/p>\n<h4 id=\"durability-and-protection\" class=\"ai-center-markdown-h4\">Durabilidad y protecci\u00f3n<\/h4>\n<p class=\"ai-center-markdown-p\">Aparte de su atractivo est\u00e9tico, el tubo de l\u00e1piz labial cuadrado rosa transparente cristalino est\u00e1 dise\u00f1ado para ser duradero y protector. Los materiales de alta calidad utilizados en su construcci\u00f3n aseguran que el l\u00e1piz labial o b\u00e1lsamo labial permanezca intacto y protegido de factores externos como el calor, la humedad y los da\u00f1os f\u00edsicos. Esta durabilidad es esencial para mantener el producto&#8217; calidad y ampliar su vida \u00fatil.<\/p>\n<h4 id=\"eco-friendly-option\" class=\"ai-center-markdown-h4\">Opci\u00f3n ecol\u00f3gica<\/h4>\n<p class=\"ai-center-markdown-p\">Hoy&#8217; En un mercado ambientalmente consciente, la sostenibilidad es una consideraci\u00f3n clave tanto para las marcas como para los consumidores. El tubo de l\u00e1piz labial cuadrado rosa transparente cristalino se puede hacer de materiales ecol\u00f3gicos, lo que lo convierte en una opci\u00f3n de envasado sostenible. Las marcas pueden optar por materiales reciclables o biodegradables, reduciendo su huella ambiental y atrayendo a los consumidores conscientes del medio ambiente.<\/p>\n<h4 id=\"conclusion\" class=\"ai-center-markdown-h4\">Conclusi\u00f3n<\/h4>\n<p class=\"ai-center-markdown-p\">El envase de tubo de l\u00e1piz labial cuadrado rosa transparente cristalino es una opci\u00f3n elegante, pr\u00e1ctica y sostenible para las marcas de belleza modernas. Su dise\u00f1o elegante, versatilidad, durabilidad y opciones ecol\u00f3gicas lo convierten en una soluci\u00f3n de envasado destacada en el competitivo mercado de cosm\u00e9ticos. Al adoptar este envase innovador, las marcas pueden mejorar el atractivo de sus productos, atraer a m\u00e1s consumidores y contribuir a un futuro m\u00e1s sostenible.<\/p>\n<p><img loading=\"lazy\" decoding=\"async\" class=\"alignnone size-full wp-image-1347\" src=\"https:\/\/www.cosmepak.com\/wp-content\/uploads\/2024\/12\/\u9996\u987519202_03.jpg\" alt=\"\" width=\"1920\" height=\"885\" srcset=\"https:\/\/www.cosmepak.com\/wp-content\/uploads\/2024\/12\/\u9996\u987519202_03.jpg 1920w, https:\/\/www.cosmepak.com\/wp-content\/uploads\/2024\/12\/\u9996\u987519202_03-300x138.jpg 300w, https:\/\/www.cosmepak.com\/wp-content\/uploads\/2024\/12\/\u9996\u987519202_03-1024x472.jpg 1024w, https:\/\/www.cosmepak.com\/wp-content\/uploads\/2024\/12\/\u9996\u987519202_03-768x354.jpg 768w, https:\/\/www.cosmepak.com\/wp-content\/uploads\/2024\/12\/\u9996\u987519202_03-1536x708.jpg 1536w, https:\/\/www.cosmepak.com\/wp-content\/uploads\/2024\/12\/\u9996\u987519202_03-600x277.jpg 600w\" sizes=\"(max-width: 1920px) 100vw, 1920px\" \/> <img loading=\"lazy\" decoding=\"async\" class=\"alignnone size-full wp-image-1348\" src=\"https:\/\/www.cosmepak.com\/wp-content\/uploads\/2024\/12\/\u9996\u987519202_04.jpg\" alt=\"\" width=\"1920\" height=\"694\" srcset=\"https:\/\/www.cosmepak.com\/wp-content\/uploads\/2024\/12\/\u9996\u987519202_04.jpg 1920w, https:\/\/www.cosmepak.com\/wp-content\/uploads\/2024\/12\/\u9996\u987519202_04-300x108.jpg 300w, https:\/\/www.cosmepak.com\/wp-content\/uploads\/2024\/12\/\u9996\u987519202_04-1024x370.jpg 1024w, https:\/\/www.cosmepak.com\/wp-content\/uploads\/2024\/12\/\u9996\u987519202_04-768x278.jpg 768w, https:\/\/www.cosmepak.com\/wp-content\/uploads\/2024\/12\/\u9996\u987519202_04-1536x555.jpg 1536w, https:\/\/www.cosmepak.com\/wp-content\/uploads\/2024\/12\/\u9996\u987519202_04-600x217.jpg 600w\" sizes=\"(max-width: 1920px) 100vw, 1920px\" \/><\/p>\n<p><img loading=\"lazy\" decoding=\"async\" class=\"alignnone size-full wp-image-1350\" src=\"https:\/\/www.cosmepak.com\/wp-content\/uploads\/2024\/12\/\u9996\u987519202_05-1.jpg\" alt=\"\" width=\"1920\" height=\"970\" srcset=\"https:\/\/www.cosmepak.com\/wp-content\/uploads\/2024\/12\/\u9996\u987519202_05-1.jpg 1920w, https:\/\/www.cosmepak.com\/wp-content\/uploads\/2024\/12\/\u9996\u987519202_05-1-300x152.jpg 300w, https:\/\/www.cosmepak.com\/wp-content\/uploads\/2024\/12\/\u9996\u987519202_05-1-1024x517.jpg 1024w, https:\/\/www.cosmepak.com\/wp-content\/uploads\/2024\/12\/\u9996\u987519202_05-1-768x388.jpg 768w, https:\/\/www.cosmepak.com\/wp-content\/uploads\/2024\/12\/\u9996\u987519202_05-1-1536x776.jpg 1536w, https:\/\/www.cosmepak.com\/wp-content\/uploads\/2024\/12\/\u9996\u987519202_05-1-600x303.jpg 600w\" sizes=\"(max-width: 1920px) 100vw, 1920px\" \/><\/p>\n<p><img loading=\"lazy\" decoding=\"async\" class=\"alignnone wp-image-1351\" src=\"https:\/\/www.cosmepak.com\/wp-content\/uploads\/2024\/12\/\u7269\u6d41\u8fd0\u8f93\u753b\u9762-2.jpg\" alt=\"\" width=\"1424\" height=\"1068\" srcset=\"https:\/\/www.cosmepak.com\/wp-content\/uploads\/2024\/12\/\u7269\u6d41\u8fd0\u8f93\u753b\u9762-2.jpg 800w, https:\/\/www.cosmepak.com\/wp-content\/uploads\/2024\/12\/\u7269\u6d41\u8fd0\u8f93\u753b\u9762-2-300x225.jpg 300w, https:\/\/www.cosmepak.com\/wp-content\/uploads\/2024\/12\/\u7269\u6d41\u8fd0\u8f93\u753b\u9762-2-768x576.jpg 768w, https:\/\/www.cosmepak.com\/wp-content\/uploads\/2024\/12\/\u7269\u6d41\u8fd0\u8f93\u753b\u9762-2-600x450.jpg 600w\" sizes=\"(max-width: 1424px) 100vw, 1424px\" \/><\/p>\n<table style=\"border-collapse: collapse; width: 100%; height: 144px;\">\n<tbody>\n<tr style=\"height: 24px;\">\n<td style=\"width: 33.3333%; text-align: center; height: 24px;\"><span style=\"font-size: 14pt;\"><strong>Expresar<\/strong><\/span><\/td>\n<td style=\"width: 33.3333%; text-align: center; height: 24px;\"><span style=\"font-size: 14pt;\"><strong>Flete a\u00e9reo<\/strong><\/span><\/td>\n<td style=\"width: 33.3333%; text-align: center; height: 24px;\"><span style=\"font-size: 14pt;\"><strong>Transporte mar\u00edtimo<\/strong><\/span><\/td>\n<\/tr>\n<tr style=\"height: 24px;\">\n<td style=\"width: 33.3333%; text-align: center; height: 24px;\">Europa 4-6day<\/td>\n<td style=\"width: 33.3333%; text-align: center; height: 24px;\">Europa 4-6day<\/td>\n<td style=\"width: 33.3333%; text-align: center; height: 24px;\">Europa 25-35 d\u00edas<\/td>\n<\/tr>\n<tr style=\"height: 24px;\">\n<td style=\"width: 33.3333%; text-align: center; height: 24px;\">Morth America 4-6day<\/td>\n<td style=\"width: 33.3333%; text-align: center; height: 24px;\">Morth America 4-6day<\/td>\n<td style=\"width: 33.3333%; text-align: center; height: 24px;\">Morth America 25-35day<\/td>\n<\/tr>\n<tr style=\"height: 24px;\">\n<td style=\"width: 33.3333%; text-align: center; height: 24px;\">Sudeste de Asia 3-5 d\u00edas<\/td>\n<td style=\"width: 33.3333%; text-align: center; height: 24px;\">Sudeste de Asia 3-5 d\u00edas<\/td>\n<td style=\"width: 33.3333%; text-align: center; height: 24px;\">Sudeste de Asia 25-35 d\u00edas<\/td>\n<\/tr>\n<tr style=\"height: 24px;\">\n<td style=\"width: 33.3333%; text-align: center; height: 24px;\">El Medio Oriente 4-6day<\/td>\n<td style=\"width: 33.3333%; text-align: center; height: 24px;\">El Medio Oriente 4-6day<\/td>\n<td style=\"width: 33.3333%; text-align: center; height: 24px;\">El Medio Oriente 25-35 d\u00edas<\/td>\n<\/tr>\n<tr style=\"height: 24px;\">\n<td style=\"width: 33.3333%; text-align: center; height: 24px;\">Sud\u00e1frica 5-8 d\u00edas<\/td>\n<td style=\"width: 33.3333%; text-align: center; height: 24px;\">Sud\u00e1frica 5-8 d\u00edas<\/td>\n<td style=\"width: 33.3333%; text-align: center; height: 24px;\">Sud\u00e1frica 25-35 d\u00edas<\/td>\n<\/tr>\n<\/tbody>\n<\/table>\n<p><span style=\"font-size: 14pt;\"><strong>RFQ:\u00a0<\/strong><\/span><\/p>\n<h3 id=\"why-should-you-buy-from-us-instead-of-other-suppliers\" class=\"ai-center-markdown-h3\" data-spm-anchor-id=\"a2700.micro_cgs_home.0.i9.6e743e5ftETPZu\">\u00bfPor qu\u00e9 debe comprar de nosotros en lugar de otros proveedores?<\/h3>\n<ol class=\"ai-center-markdown-ol\" start=\"1\">\n<li class=\"ai-center-markdown-li\"><strong class=\"ai-center-markdown-strong\">Dise\u00f1os personalizados en solo 3 minutos<\/strong>Servicios de dise\u00f1o r\u00e1pidos y eficientes adaptados a sus necesidades.<\/li>\n<li class=\"ai-center-markdown-li\"><strong class=\"ai-center-markdown-strong\">Servicio en l\u00ednea 24\/7<\/strong>Siempre disponible para ayudarlo, no importa la hora.<\/li>\n<li class=\"ai-center-markdown-li\"><strong class=\"ai-center-markdown-strong\">Revisi\u00f3n r\u00e1pida de la muestra<\/strong>Muestras de stock disponibles en 7 d\u00edas, muestras impresas a medida en 15 d\u00edas.<\/li>\n<li class=\"ai-center-markdown-li\"><strong class=\"ai-center-markdown-strong\">Tiempo de entrega confiable<\/strong>: Tiempo de entrega consistente de 35 d\u00edas para sus pedidos.<\/li>\n<li class=\"ai-center-markdown-li\"><strong class=\"ai-center-markdown-strong\">Experiencia comprobada<\/strong>M\u00e1s de 10 a\u00f1os de experiencia en la industria de envases cosm\u00e9ticos.<\/li>\n<li class=\"ai-center-markdown-li\"><strong class=\"ai-center-markdown-strong\">F\u00e1brica directa<\/strong>: Mejores precios y servicios directamente de nuestra f\u00e1brica.<\/li>\n<li class=\"ai-center-markdown-li\"><strong class=\"ai-center-markdown-strong\">Soluciones Integrales<\/strong>Soluci\u00f3n \u00fanica para todas sus necesidades de embalaje cosm\u00e9tico.<\/li>\n<\/ol>\n<h3 id=\"who-are-we\" class=\"ai-center-markdown-h3\">\u00bfQui\u00e9nes somos?<\/h3>\n<p class=\"ai-center-markdown-p\">Somos una empresa de embalaje cosm\u00e9tico con sede en Zhejiang, China, establecida en 2014. Nuestros mercados principales incluyen:<\/p>\n<ul class=\"ai-center-markdown-ul\">\n<li class=\"ai-center-markdown-li\">Mercado interno: 70%<\/li>\n<li class=\"ai-center-markdown-li\">Ocean\u00eda: 8%<\/li>\n<li class=\"ai-center-markdown-li\">Medio Oriente: 7%<\/li>\n<li class=\"ai-center-markdown-li\">Asia Oriental: 2%<\/li>\n<li class=\"ai-center-markdown-li\">Am\u00e9rica del Norte: 2%<\/li>\n<li class=\"ai-center-markdown-li\">Europa Occidental: 2%<\/li>\n<li class=\"ai-center-markdown-li\">Sudeste Asi\u00e1tico: 2%<\/li>\n<li class=\"ai-center-markdown-li\">Asia del Sur: 1%<\/li>\n<li class=\"ai-center-markdown-li\">Am\u00e9rica del Sur: 1%<\/li>\n<li class=\"ai-center-markdown-li\">Europa del Sur: 1%<\/li>\n<li class=\"ai-center-markdown-li\">Am\u00e9rica Central: 1%<\/li>\n<li class=\"ai-center-markdown-li\">Europa del Norte: 1%<\/li>\n<li class=\"ai-center-markdown-li\">\u00c1frica: 1%<\/li>\n<li class=\"ai-center-markdown-li\">Europa del Este: 1%<\/li>\n<\/ul>\n<h3 id=\"how-can-we-guarantee-quality\" class=\"ai-center-markdown-h3\">\u00bfC\u00f3mo podemos garantizar la calidad?<\/h3>\n<ul class=\"ai-center-markdown-ul\">\n<li class=\"ai-center-markdown-li\"><strong class=\"ai-center-markdown-strong\">Muestras de pre-producci\u00f3n<\/strong>Siempre proporcionado antes de la producci\u00f3n en masa.<\/li>\n<li class=\"ai-center-markdown-li\"><strong class=\"ai-center-markdown-strong\">Inspecci\u00f3n Final<\/strong>: Inspecci\u00f3n completa antes del env\u00edo.<\/li>\n<\/ul>\n<h3 id=\"what-can-you-buy-from-us\" class=\"ai-center-markdown-h3\">\u00bfQu\u00e9 puedes comprar de nosotros?<\/h3>\n<ul class=\"ai-center-markdown-ul\">\n<li class=\"ai-center-markdown-li\">botellas de vidrio<\/li>\n<li class=\"ai-center-markdown-li\">Botellas de pl\u00e1stico \/ frascos \/ tubos<\/li>\n<li class=\"ai-center-markdown-li\">Botellas\/frascos\/tubos de aluminio<\/li>\n<li class=\"ai-center-markdown-li\">Varios materiales de envasado cosm\u00e9tico<\/li>\n<\/ul>\n<h3 id=\"what-services-can-we-provide\" class=\"ai-center-markdown-h3\">\u00bfQu\u00e9 servicios podemos ofrecer?<\/h3>\n<ul class=\"ai-center-markdown-ul\">\n<li class=\"ai-center-markdown-li\"><strong class=\"ai-center-markdown-strong\">Condiciones de entrega<\/strong>: FOB, CFR, CIF<\/li>\n<li class=\"ai-center-markdown-li\"><strong class=\"ai-center-markdown-strong\">Monedas de pago<\/strong>: USD, EUR, HKD, CNY<\/li>\n<li class=\"ai-center-markdown-li\"><strong class=\"ai-center-markdown-strong\">Tipos de pago<\/strong>: T\/T, L\/C, D\/P, D\/A<\/li>\n<\/ul>","protected":false},"excerpt":{"rendered":"<p>Material: ABS<\/p>\n<p>Capacity: 3.5g<\/p>\n<p>Tama\u00f1o: 67.5*22 mm<\/p>\n<p>Color: Aceptar personalizado (cualquier color Pantone disponible)<\/p>\n<p>Acabado de superficie: impresi\u00f3n de pantalla, estampado en caliente, acabado mate, etc.<\/p>\n<p>MOQ: 10000pcs<\/p>\n<p>Muestra: muestras gratuitas disponibles<\/p>\n<p>&nbsp;<\/p>\n<p>&nbsp;<\/p>","protected":false},"featured_media":1493,"comment_status":"closed","ping_status":"closed","template":"","meta":{"_acf_changed":false},"product_brand":[],"product_cat":[53,36],"product_tag":[39],"class_list":{"0":"post-1488","1":"product","2":"type-product","3":"status-publish","4":"has-post-thumbnail","6":"product_cat-lipstick-tube","7":"product_cat-makeup","8":"product_tag-makeup","10":"first","11":"outofstock","12":"shipping-taxable","13":"product-type-simple"},"acf":[],"_links":{"self":[{"href":"https:\/\/www.cosmepak.com\/es\/wp-json\/wp\/v2\/product\/1488","targetHints":{"allow":["GET"]}}],"collection":[{"href":"https:\/\/www.cosmepak.com\/es\/wp-json\/wp\/v2\/product"}],"about":[{"href":"https:\/\/www.cosmepak.com\/es\/wp-json\/wp\/v2\/types\/product"}],"replies":[{"embeddable":true,"href":"https:\/\/www.cosmepak.com\/es\/wp-json\/wp\/v2\/comments?post=1488"}],"wp:featuredmedia":[{"embeddable":true,"href":"https:\/\/www.cosmepak.com\/es\/wp-json\/wp\/v2\/media\/1493"}],"wp:attachment":[{"href":"https:\/\/www.cosmepak.com\/es\/wp-json\/wp\/v2\/media?parent=1488"}],"wp:term":[{"taxonomy":"product_brand","embeddable":true,"href":"https:\/\/www.cosmepak.com\/es\/wp-json\/wp\/v2\/product_brand?post=1488"},{"taxonomy":"product_cat","embeddable":true,"href":"https:\/\/www.cosmepak.com\/es\/wp-json\/wp\/v2\/product_cat?post=1488"},{"taxonomy":"product_tag","embeddable":true,"href":"https:\/\/www.cosmepak.com\/es\/wp-json\/wp\/v2\/product_tag?post=1488"}],"curies":[{"name":"WP","href":"https:\/\/api.w.org\/{rel}","templated":true}]}}