{"id":1489,"date":"2025-03-27T16:16:02","date_gmt":"2025-03-27T08:16:02","guid":{"rendered":"https:\/\/www.cosmepak.com\/?post_type=product&#038;p=1489"},"modified":"2026-01-30T14:53:24","modified_gmt":"2026-01-30T06:53:24","slug":"30ml-50ml-100ml-black-color-perfume-bottle-with-ball-cap","status":"publish","type":"product","link":"https:\/\/www.cosmepak.com\/es\/product\/30ml-50ml-100ml-black-color-perfume-bottle-with-ball-cap\/","title":{"rendered":"30ml 50ml 100ml botella de perfume de color negro con tapa de bola"},"content":{"rendered":"<table style=\"border-collapse: collapse; width: 100%; height: 122px;\">\n<tbody>\n<tr style=\"height: 24px;\">\n<td style=\"width: 33.3333%; height: 122px;\" rowspan=\"4\"><img fetchpriority=\"high\" decoding=\"async\" class=\"alignnone size-full wp-image-3983\" src=\"https:\/\/www.cosmepak.com\/wp-content\/uploads\/2025\/03\/O1CN01YNc7oS2L5BA72uWLb_974269640-0-cib1.jpg\" alt=\"\" width=\"1000\" height=\"1000\" srcset=\"https:\/\/www.cosmepak.com\/wp-content\/uploads\/2025\/03\/O1CN01YNc7oS2L5BA72uWLb_974269640-0-cib1.jpg 1000w, https:\/\/www.cosmepak.com\/wp-content\/uploads\/2025\/03\/O1CN01YNc7oS2L5BA72uWLb_974269640-0-cib1-300x300.jpg 300w, https:\/\/www.cosmepak.com\/wp-content\/uploads\/2025\/03\/O1CN01YNc7oS2L5BA72uWLb_974269640-0-cib1-150x150.jpg 150w, https:\/\/www.cosmepak.com\/wp-content\/uploads\/2025\/03\/O1CN01YNc7oS2L5BA72uWLb_974269640-0-cib1-768x768.jpg 768w, https:\/\/www.cosmepak.com\/wp-content\/uploads\/2025\/03\/O1CN01YNc7oS2L5BA72uWLb_974269640-0-cib1-12x12.jpg 12w, https:\/\/www.cosmepak.com\/wp-content\/uploads\/2025\/03\/O1CN01YNc7oS2L5BA72uWLb_974269640-0-cib1-600x600.jpg 600w, https:\/\/www.cosmepak.com\/wp-content\/uploads\/2025\/03\/O1CN01YNc7oS2L5BA72uWLb_974269640-0-cib1-100x100.jpg 100w\" sizes=\"(max-width: 1000px) 100vw, 1000px\" \/><\/td>\n<td style=\"width: 29.4018%; height: 24px; text-align: center;\">Modelo<\/td>\n<td style=\"width: 37.2648%; height: 24px; text-align: center;\">JH-PHXHB4550 \/ JH-PHXHB5756 \/ JH-PHXBHC6866<\/td>\n<\/tr>\n<tr style=\"height: 24px;\">\n<td style=\"width: 29.4018%; height: 24px; text-align: center;\">Capacidad<\/td>\n<td style=\"width: 37.2648%; height: 24px; text-align: center;\">30ml \/ 50ml \/ 100ml<\/td>\n<\/tr>\n<tr style=\"height: 24px;\">\n<td style=\"width: 29.4018%; height: 24px; text-align: center;\">Material<\/td>\n<td style=\"width: 37.2648%; height: 24px; text-align: center;\">vidrio<\/td>\n<\/tr>\n<tr style=\"height: 24px;\">\n<td style=\"width: 29.4018%; height: 24px; text-align: center;\">Peso<\/td>\n<td style=\"width: 37.2648%; height: 24px; text-align: center;\">81G \/ 132G \/ 202G<\/td>\n<\/tr>\n<\/tbody>\n<\/table>\n<table style=\"border-collapse: collapse; width: 100%; height: 96px;\">\n<tbody>\n<tr style=\"height: 24px;\">\n<td style=\"width: 16.6667%; text-align: center; height: 24px;\"><strong>Capacidad<\/strong><\/td>\n<td style=\"width: 16.6667%; text-align: center; height: 24px;\"><strong>Tama\u00f1o del cuello<\/strong><\/td>\n<td style=\"width: 16.6667%; text-align: center; height: 24px;\"><strong>Di\u00e1metro<\/strong><\/td>\n<td style=\"width: 16.6667%; text-align: center; height: 24px;\"><strong>Altura del hombro<\/strong><\/td>\n<td style=\"width: 16.6667%; text-align: center; height: 24px;\"><strong>Altura total<\/strong><\/td>\n<td style=\"width: 16.6667%; text-align: center; height: 24px;\"><strong>Peso<\/strong><\/td>\n<\/tr>\n<tr style=\"height: 24px;\">\n<td style=\"width: 16.6667%; text-align: center; height: 24px;\">30 ml<\/td>\n<td style=\"width: 16.6667%; text-align: center; height: 24px;\">15 mm<\/td>\n<td style=\"width: 16.6667%; text-align: center; height: 24px;\">50.5mm<\/td>\n<td style=\"width: 16.6667%; text-align: center; height: 24px;\">38 mm<\/td>\n<td style=\"width: 16.6667%; text-align: center; height: 24px;\">71.5mm<\/td>\n<td style=\"width: 16.6667%; text-align: center; height: 24px;\">81g<\/td>\n<\/tr>\n<tr style=\"height: 24px;\">\n<td style=\"width: 16.6667%; text-align: center; height: 24px;\">50 ml<\/td>\n<td style=\"width: 16.6667%; text-align: center; height: 24px;\">15 mm<\/td>\n<td style=\"width: 16.6667%; text-align: center; height: 24px;\">55.5mm<\/td>\n<td style=\"width: 16.6667%; text-align: center; height: 24px;\">51 mm<\/td>\n<td style=\"width: 16.6667%; text-align: center; height: 24px;\">81.5mm<\/td>\n<td style=\"width: 16.6667%; text-align: center; height: 24px;\">132g<\/td>\n<\/tr>\n<tr style=\"height: 24px;\">\n<td style=\"width: 16.6667%; text-align: center; height: 24px;\">100 ml<\/td>\n<td style=\"width: 16.6667%; text-align: center; height: 24px;\">15 mm<\/td>\n<td style=\"width: 16.6667%; text-align: center; height: 24px;\">Las form\u00e9trulas naturales con pocos o ning\u00fan conservante necesitan cuidado adicional. Los frascos no son seguros porque dejan que los frascos se abran. Las botellas de vac\u00edo crean un sistema limpio y cerrado. Esto protege su producto sin necesidad de productos qu\u00edmicos adicionales. Las marcas de cuidado de la piel con f\u00f3rmulas naturales aman las bombas de vac\u00edo de Jaunce por esta raz\u00f3n.<\/td>\n<td style=\"width: 16.6667%; text-align: center; height: 24px;\">60 mm<\/td>\n<td style=\"width: 16.6667%; text-align: center; height: 24px;\">104 mm<\/td>\n<td style=\"width: 16.6667%; text-align: center; height: 24px;\">202g<\/td>\n<\/tr>\n<\/tbody>\n<\/table>\n<p>Es una hermosa botella de perfume negro. La botella tiene una forma cil\u00edndrica recta, con un hombro plano y un dise\u00f1o de base plana. La apariencia general es suave y elegante. La superficie de la botella est\u00e1 recubierta con pintura negra mate, presentando una textura discreta y exquisita. Evita la dureza de una superficie brillante y tambi\u00e9n proporciona excelentes propiedades antideslizantes. En el hombro de la botella, hay exquisitos patrones de estilo \u00e9tnico que se extienden hasta la boca de la botella, agregando un encanto cultural \u00fanico al dise\u00f1o general y haciendo que la botella destaque a su manera.<\/p>\n<p>La abertura de la botella de esta botella de perfume adopta un dise\u00f1o snap-on, combinado con aerosol de aluminio galvanizado y una tapa esf\u00e9rica negra. El efecto general crea un contraste armonioso y lujoso, encarnando perfectamente un estilo discreto pero lujoso. Nuestra botella de perfume viene en tres capacidades: 30ml, 50ml y 100ml, que pueden satisfacer plenamente las necesidades de diferentes ocasiones. Debe haber un modelo viable para su marca.<\/p>\n<p>La botella negra con una cara en blanco, combinada con el spray dorado y la linda gorra redonda brillante, tiene un anillo de oro en el cuello, como un caballero.<\/p>\n<p>Por supuesto, el dise\u00f1o de la botella no solo se puede elegir en el misterioso negro mate como se muestra en la imagen, sino tambi\u00e9n en blanco mate, as\u00ed como varias superficies mate de colores. Alternativamente, tambi\u00e9n se puede pintar en colores semitransparentes brillantes y coloridos. Se pueden combinar diferentes colores con diferentes accesorios para crear una sensaci\u00f3n distinta.<\/p>\n<p>Y estas botellas est\u00e1n equipadas con un pulverizador a presi\u00f3n, que tiene un excelente efecto de atomizaci\u00f3n. Cuando se prensa, el perfume se pulverizar\u00e1 en una niebla fina y uniforme, permitiendo que la fragancia se extienda uniformemente sobre la piel. La sensaci\u00f3n de prensado del pulverizador es suave y la salida de l\u00edquido es estable.<\/p>\n<table style=\"border-collapse: collapse; width: 100%;\">\n<tbody>\n<tr>\n<td style=\"width: 33.3333%;\"><img decoding=\"async\" class=\"alignnone size-full wp-image-3984\" src=\"https:\/\/www.cosmepak.com\/wp-content\/uploads\/2025\/03\/7-12.jpg\" alt=\"\" width=\"1000\" height=\"1000\" srcset=\"https:\/\/www.cosmepak.com\/wp-content\/uploads\/2025\/03\/7-12.jpg 1000w, https:\/\/www.cosmepak.com\/wp-content\/uploads\/2025\/03\/7-12-300x300.jpg 300w, https:\/\/www.cosmepak.com\/wp-content\/uploads\/2025\/03\/7-12-150x150.jpg 150w, https:\/\/www.cosmepak.com\/wp-content\/uploads\/2025\/03\/7-12-768x768.jpg 768w, https:\/\/www.cosmepak.com\/wp-content\/uploads\/2025\/03\/7-12-12x12.jpg 12w, https:\/\/www.cosmepak.com\/wp-content\/uploads\/2025\/03\/7-12-600x600.jpg 600w, https:\/\/www.cosmepak.com\/wp-content\/uploads\/2025\/03\/7-12-100x100.jpg 100w\" sizes=\"(max-width: 1000px) 100vw, 1000px\" \/><\/td>\n<td style=\"width: 33.3333%;\"><img decoding=\"async\" class=\"alignnone size-full wp-image-3985\" src=\"https:\/\/www.cosmepak.com\/wp-content\/uploads\/2025\/03\/8-11.jpg\" alt=\"\" width=\"1000\" height=\"1000\" srcset=\"https:\/\/www.cosmepak.com\/wp-content\/uploads\/2025\/03\/8-11.jpg 1000w, https:\/\/www.cosmepak.com\/wp-content\/uploads\/2025\/03\/8-11-300x300.jpg 300w, https:\/\/www.cosmepak.com\/wp-content\/uploads\/2025\/03\/8-11-150x150.jpg 150w, https:\/\/www.cosmepak.com\/wp-content\/uploads\/2025\/03\/8-11-768x768.jpg 768w, https:\/\/www.cosmepak.com\/wp-content\/uploads\/2025\/03\/8-11-12x12.jpg 12w, https:\/\/www.cosmepak.com\/wp-content\/uploads\/2025\/03\/8-11-600x600.jpg 600w, https:\/\/www.cosmepak.com\/wp-content\/uploads\/2025\/03\/8-11-100x100.jpg 100w\" sizes=\"(max-width: 1000px) 100vw, 1000px\" \/><\/td>\n<td style=\"width: 33.3333%;\"><img loading=\"lazy\" decoding=\"async\" class=\"alignnone size-full wp-image-3986\" src=\"https:\/\/www.cosmepak.com\/wp-content\/uploads\/2025\/03\/9-5.jpg\" alt=\"\" width=\"1000\" height=\"1000\" srcset=\"https:\/\/www.cosmepak.com\/wp-content\/uploads\/2025\/03\/9-5.jpg 1000w, https:\/\/www.cosmepak.com\/wp-content\/uploads\/2025\/03\/9-5-300x300.jpg 300w, https:\/\/www.cosmepak.com\/wp-content\/uploads\/2025\/03\/9-5-150x150.jpg 150w, https:\/\/www.cosmepak.com\/wp-content\/uploads\/2025\/03\/9-5-768x768.jpg 768w, https:\/\/www.cosmepak.com\/wp-content\/uploads\/2025\/03\/9-5-12x12.jpg 12w, https:\/\/www.cosmepak.com\/wp-content\/uploads\/2025\/03\/9-5-600x600.jpg 600w, https:\/\/www.cosmepak.com\/wp-content\/uploads\/2025\/03\/9-5-100x100.jpg 100w\" sizes=\"(max-width: 1000px) 100vw, 1000px\" \/><\/td>\n<\/tr>\n<\/tbody>\n<\/table>\n<table style=\"border-collapse: collapse; width: 100%;\">\n<tbody>\n<tr>\n<td style=\"width: 50%;\"><img loading=\"lazy\" decoding=\"async\" class=\"alignnone size-full wp-image-3987\" src=\"https:\/\/www.cosmepak.com\/wp-content\/uploads\/2025\/03\/5-9.jpg\" alt=\"\" width=\"1000\" height=\"1000\" srcset=\"https:\/\/www.cosmepak.com\/wp-content\/uploads\/2025\/03\/5-9.jpg 1000w, https:\/\/www.cosmepak.com\/wp-content\/uploads\/2025\/03\/5-9-300x300.jpg 300w, https:\/\/www.cosmepak.com\/wp-content\/uploads\/2025\/03\/5-9-150x150.jpg 150w, https:\/\/www.cosmepak.com\/wp-content\/uploads\/2025\/03\/5-9-768x768.jpg 768w, https:\/\/www.cosmepak.com\/wp-content\/uploads\/2025\/03\/5-9-12x12.jpg 12w, https:\/\/www.cosmepak.com\/wp-content\/uploads\/2025\/03\/5-9-600x600.jpg 600w, https:\/\/www.cosmepak.com\/wp-content\/uploads\/2025\/03\/5-9-100x100.jpg 100w\" sizes=\"(max-width: 1000px) 100vw, 1000px\" \/><\/td>\n<td style=\"width: 50%;\"><img loading=\"lazy\" decoding=\"async\" class=\"alignnone size-full wp-image-3988\" src=\"https:\/\/www.cosmepak.com\/wp-content\/uploads\/2025\/03\/1-21.jpg\" alt=\"\" width=\"1000\" height=\"1000\" srcset=\"https:\/\/www.cosmepak.com\/wp-content\/uploads\/2025\/03\/1-21.jpg 1000w, https:\/\/www.cosmepak.com\/wp-content\/uploads\/2025\/03\/1-21-300x300.jpg 300w, https:\/\/www.cosmepak.com\/wp-content\/uploads\/2025\/03\/1-21-150x150.jpg 150w, https:\/\/www.cosmepak.com\/wp-content\/uploads\/2025\/03\/1-21-768x768.jpg 768w, https:\/\/www.cosmepak.com\/wp-content\/uploads\/2025\/03\/1-21-12x12.jpg 12w, https:\/\/www.cosmepak.com\/wp-content\/uploads\/2025\/03\/1-21-600x600.jpg 600w, https:\/\/www.cosmepak.com\/wp-content\/uploads\/2025\/03\/1-21-100x100.jpg 100w\" sizes=\"(max-width: 1000px) 100vw, 1000px\" \/><\/td>\n<\/tr>\n<\/tbody>\n<\/table>","protected":false},"excerpt":{"rendered":"<p>Material de botella: vidrio<\/p>\n<p>Capcidad: 30 ml<\/p>\n<p>Color: personalizado<\/p>\n<p>Acabado de superficie: impresi\u00f3n de pantalla, glaseado, estampado en caliente, gradiente de pulverizaci\u00f3n, acabado mate, etc.<\/p>\n<p>MOQ: 5000pcs;<\/p>\n<p>&nbsp;<\/p>","protected":false},"featured_media":3989,"comment_status":"closed","ping_status":"closed","template":"","meta":{"_acf_changed":false},"product_brand":[],"product_cat":[17],"product_tag":[],"class_list":{"0":"post-1489","1":"product","2":"type-product","3":"status-publish","4":"has-post-thumbnail","6":"product_cat-perfume-bottle","8":"first","9":"outofstock","10":"shipping-taxable","11":"product-type-simple"},"acf":[],"_links":{"self":[{"href":"https:\/\/www.cosmepak.com\/es\/wp-json\/wp\/v2\/product\/1489","targetHints":{"allow":["GET"]}}],"collection":[{"href":"https:\/\/www.cosmepak.com\/es\/wp-json\/wp\/v2\/product"}],"about":[{"href":"https:\/\/www.cosmepak.com\/es\/wp-json\/wp\/v2\/types\/product"}],"replies":[{"embeddable":true,"href":"https:\/\/www.cosmepak.com\/es\/wp-json\/wp\/v2\/comments?post=1489"}],"wp:featuredmedia":[{"embeddable":true,"href":"https:\/\/www.cosmepak.com\/es\/wp-json\/wp\/v2\/media\/3989"}],"wp:attachment":[{"href":"https:\/\/www.cosmepak.com\/es\/wp-json\/wp\/v2\/media?parent=1489"}],"wp:term":[{"taxonomy":"product_brand","embeddable":true,"href":"https:\/\/www.cosmepak.com\/es\/wp-json\/wp\/v2\/product_brand?post=1489"},{"taxonomy":"product_cat","embeddable":true,"href":"https:\/\/www.cosmepak.com\/es\/wp-json\/wp\/v2\/product_cat?post=1489"},{"taxonomy":"product_tag","embeddable":true,"href":"https:\/\/www.cosmepak.com\/es\/wp-json\/wp\/v2\/product_tag?post=1489"}],"curies":[{"name":"WP","href":"https:\/\/api.w.org\/{rel}","templated":true}]}}