{"id":1496,"date":"2025-03-27T16:19:39","date_gmt":"2025-03-27T08:19:39","guid":{"rendered":"https:\/\/www.cosmepak.com\/?post_type=product&#038;p=1496"},"modified":"2026-01-30T14:32:21","modified_gmt":"2026-01-30T06:32:21","slug":"perfume-bottle-50ml-cylinder-shape-perfume-bottle-jaunce","status":"publish","type":"product","link":"https:\/\/www.cosmepak.com\/es\/product\/perfume-bottle-50ml-cylinder-shape-perfume-bottle-jaunce\/","title":{"rendered":"Botella de perfume -50 ml de forma de cilindro botella de perfume\/ jaunce"},"content":{"rendered":"<p><img fetchpriority=\"high\" decoding=\"async\" class=\"alignnone wp-image-1490\" src=\"https:\/\/www.cosmepak.com\/wp-content\/uploads\/2025\/03\/O1CN01avbEkm29TesZczGiO_2213179168069-0-cib.jpg\" alt=\"botella de perfumes7\" width=\"1363\" height=\"1363\" srcset=\"https:\/\/www.cosmepak.com\/wp-content\/uploads\/2025\/03\/O1CN01avbEkm29TesZczGiO_2213179168069-0-cib.jpg 1000w, https:\/\/www.cosmepak.com\/wp-content\/uploads\/2025\/03\/O1CN01avbEkm29TesZczGiO_2213179168069-0-cib-300x300.jpg 300w, https:\/\/www.cosmepak.com\/wp-content\/uploads\/2025\/03\/O1CN01avbEkm29TesZczGiO_2213179168069-0-cib-150x150.jpg 150w, https:\/\/www.cosmepak.com\/wp-content\/uploads\/2025\/03\/O1CN01avbEkm29TesZczGiO_2213179168069-0-cib-768x768.jpg 768w, https:\/\/www.cosmepak.com\/wp-content\/uploads\/2025\/03\/O1CN01avbEkm29TesZczGiO_2213179168069-0-cib-600x600.jpg 600w, https:\/\/www.cosmepak.com\/wp-content\/uploads\/2025\/03\/O1CN01avbEkm29TesZczGiO_2213179168069-0-cib-100x100.jpg 100w\" sizes=\"(max-width: 1363px) 100vw, 1363px\" \/><\/p>\n<p>Se trata de una botella de perfume de vidrio de 50ml con dos estilos de dise\u00f1o: cil\u00edndrico y rectangular. Es adecuado para varias ocasiones. Ambas botellas tienen una base gruesa, hecha de material de vidrio de alta transparencia y equipadas con una bomba de pulverizaci\u00f3n delicada, lo que resulta en un excelente efecto de atomizaci\u00f3n l\u00edquida. Estas dos botellas de perfume combinan perfectamente belleza, practicidad y durabilidad. No solo mejora el atractivo visual del perfume, sino que tambi\u00e9n garantiza la estabilidad y la comodidad durante el uso. Ya sea para uso personal o como regalo, esta botella es la elecci\u00f3n ideal para cualquier entusiasta del perfume.<\/p>\n<p>Ambos dise\u00f1os tienen un fondo de vidrio grueso, que no solo proporciona estabilidad y durabilidad. formas redondas y cuadradas de las botellas para satisfacer diferentes preferencias est\u00e9ticas. la gruesa base de vidrio asegura que la botella es menos probable que se vuelca, reduciendo as\u00ed el riesgo de derrame y rotura.<\/p>\n<p>El dise\u00f1o de tapa de botella, combinado con el spray de aluminio galvanizado de color oro y plata, es elegante y pr\u00e1ctico, proporcionando una excelente seguridad y durabilidad. El l\u00edquido pulverizado por el pulverizador electro-aluminio tiene un efecto de niebla fino y suave, y se distribuye uniformemente por todo el aire, trayendo una sensaci\u00f3n de placer al usuario.<\/p>\n<p>La cubierta exterior de oro y plata galvanizada es a menudo la opci\u00f3n ideal para botellas de perfume de gama alta, siendo lujosa pero armoniosa en su dise\u00f1o. Por supuesto, tambi\u00e9n ofrecemos una cubierta exterior totalmente pl\u00e1stica, que es est\u00e9ticamente agradable y funcional. No importa cu\u00e1l prefiera, siempre hay un producto que cumpla con sus requisitos de dise\u00f1o.<\/p>\n<p>Al mismo tiempo, tambi\u00e9n ofrecemos varias opciones de personalizaci\u00f3n. Proporcionamos proceso de recubrimiento por pulverizaci\u00f3n semitransparente, proceso de recubrimiento por pulverizaci\u00f3n de color s\u00f3lido. Mientras proporcione n\u00fameros de color Pantone, podemos llevar a cabo la producci\u00f3n de muestras de pulverizaci\u00f3n en funci\u00f3n de su color. Por supuesto, tambi\u00e9n ofrecemos servicios como serigraf\u00eda, estampado en oro, estampado en plata, impresi\u00f3n de etiquetas de posicionamiento, etc.<\/p>\n<p>&nbsp;<\/p>\n<p><img decoding=\"async\" class=\"alignnone wp-image-1491\" src=\"https:\/\/www.cosmepak.com\/wp-content\/uploads\/2025\/03\/O1CN01KMAJAZ29TesZcwFUm_2213179168069-0-cib.jpg\" alt=\"Frasco de perfume de 30 ml5\" width=\"669\" height=\"669\" srcset=\"https:\/\/www.cosmepak.com\/wp-content\/uploads\/2025\/03\/O1CN01KMAJAZ29TesZcwFUm_2213179168069-0-cib.jpg 1000w, https:\/\/www.cosmepak.com\/wp-content\/uploads\/2025\/03\/O1CN01KMAJAZ29TesZcwFUm_2213179168069-0-cib-300x300.jpg 300w, https:\/\/www.cosmepak.com\/wp-content\/uploads\/2025\/03\/O1CN01KMAJAZ29TesZcwFUm_2213179168069-0-cib-150x150.jpg 150w, https:\/\/www.cosmepak.com\/wp-content\/uploads\/2025\/03\/O1CN01KMAJAZ29TesZcwFUm_2213179168069-0-cib-768x768.jpg 768w, https:\/\/www.cosmepak.com\/wp-content\/uploads\/2025\/03\/O1CN01KMAJAZ29TesZcwFUm_2213179168069-0-cib-600x600.jpg 600w, https:\/\/www.cosmepak.com\/wp-content\/uploads\/2025\/03\/O1CN01KMAJAZ29TesZcwFUm_2213179168069-0-cib-100x100.jpg 100w\" sizes=\"(max-width: 669px) 100vw, 669px\" \/> <img decoding=\"async\" class=\"alignnone wp-image-1492\" src=\"https:\/\/www.cosmepak.com\/wp-content\/uploads\/2025\/03\/O1CN01pBOAh429TesefHdJX_2213179168069-0-cib.jpg\" alt=\"\" width=\"674\" height=\"674\" srcset=\"https:\/\/www.cosmepak.com\/wp-content\/uploads\/2025\/03\/O1CN01pBOAh429TesefHdJX_2213179168069-0-cib.jpg 1000w, https:\/\/www.cosmepak.com\/wp-content\/uploads\/2025\/03\/O1CN01pBOAh429TesefHdJX_2213179168069-0-cib-300x300.jpg 300w, https:\/\/www.cosmepak.com\/wp-content\/uploads\/2025\/03\/O1CN01pBOAh429TesefHdJX_2213179168069-0-cib-150x150.jpg 150w, https:\/\/www.cosmepak.com\/wp-content\/uploads\/2025\/03\/O1CN01pBOAh429TesefHdJX_2213179168069-0-cib-768x768.jpg 768w, https:\/\/www.cosmepak.com\/wp-content\/uploads\/2025\/03\/O1CN01pBOAh429TesefHdJX_2213179168069-0-cib-600x600.jpg 600w, https:\/\/www.cosmepak.com\/wp-content\/uploads\/2025\/03\/O1CN01pBOAh429TesefHdJX_2213179168069-0-cib-100x100.jpg 100w\" sizes=\"(max-width: 674px) 100vw, 674px\" \/><\/p>\n<p>&nbsp;<\/p>","protected":false},"excerpt":{"rendered":"<p>Material de botella: vidrio<\/p>\n<p>Capcidad: 50 ml<\/p>\n<p>Color: personalizado<\/p>\n<p>Acabado de superficie: impresi\u00f3n de pantalla, glaseado, estampado en caliente, gradiente de pulverizaci\u00f3n, acabado mate, etc.<\/p>\n<p>MOQ: 5000pcs;<\/p>\n<p>&nbsp;<\/p>","protected":false},"featured_media":1492,"comment_status":"closed","ping_status":"closed","template":"","meta":{"_acf_changed":false},"product_brand":[],"product_cat":[17],"product_tag":[],"class_list":{"0":"post-1496","1":"product","2":"type-product","3":"status-publish","4":"has-post-thumbnail","6":"product_cat-perfume-bottle","8":"first","9":"outofstock","10":"shipping-taxable","11":"product-type-simple"},"acf":[],"_links":{"self":[{"href":"https:\/\/www.cosmepak.com\/es\/wp-json\/wp\/v2\/product\/1496","targetHints":{"allow":["GET"]}}],"collection":[{"href":"https:\/\/www.cosmepak.com\/es\/wp-json\/wp\/v2\/product"}],"about":[{"href":"https:\/\/www.cosmepak.com\/es\/wp-json\/wp\/v2\/types\/product"}],"replies":[{"embeddable":true,"href":"https:\/\/www.cosmepak.com\/es\/wp-json\/wp\/v2\/comments?post=1496"}],"wp:featuredmedia":[{"embeddable":true,"href":"https:\/\/www.cosmepak.com\/es\/wp-json\/wp\/v2\/media\/1492"}],"wp:attachment":[{"href":"https:\/\/www.cosmepak.com\/es\/wp-json\/wp\/v2\/media?parent=1496"}],"wp:term":[{"taxonomy":"product_brand","embeddable":true,"href":"https:\/\/www.cosmepak.com\/es\/wp-json\/wp\/v2\/product_brand?post=1496"},{"taxonomy":"product_cat","embeddable":true,"href":"https:\/\/www.cosmepak.com\/es\/wp-json\/wp\/v2\/product_cat?post=1496"},{"taxonomy":"product_tag","embeddable":true,"href":"https:\/\/www.cosmepak.com\/es\/wp-json\/wp\/v2\/product_tag?post=1496"}],"curies":[{"name":"WP","href":"https:\/\/api.w.org\/{rel}","templated":true}]}}