{"id":1500,"date":"2025-03-27T16:40:12","date_gmt":"2025-03-27T08:40:12","guid":{"rendered":"https:\/\/www.cosmepak.com\/?post_type=product&#038;p=1500"},"modified":"2025-09-04T17:26:24","modified_gmt":"2025-09-04T09:26:24","slug":"round-shoulder-plastic-lotion-bottle-jaunce","status":"publish","type":"product","link":"https:\/\/www.cosmepak.com\/es\/product\/round-shoulder-plastic-lotion-bottle-jaunce\/","title":{"rendered":"Botella de loci\u00f3n de pl\u00e1stico de hombro redondo \/ Jaunce"},"content":{"rendered":"<table style=\"border-collapse: collapse; width: 100%; height: 168px;\">\n<tbody>\n<tr style=\"height: 24px;\">\n<td style=\"width: 33.3333%; height: 168px;\" rowspan=\"7\"><img fetchpriority=\"high\" decoding=\"async\" class=\"alignnone size-full wp-image-1505\" src=\"https:\/\/www.cosmepak.com\/wp-content\/uploads\/2025\/03\/11787589110_624076099\u526f\u672c.jpg\" alt=\"botella de pl\u00e1stico\" width=\"1000\" height=\"1000\" srcset=\"https:\/\/www.cosmepak.com\/wp-content\/uploads\/2025\/03\/11787589110_624076099\u526f\u672c.jpg 1000w, https:\/\/www.cosmepak.com\/wp-content\/uploads\/2025\/03\/11787589110_624076099\u526f\u672c-300x300.jpg 300w, https:\/\/www.cosmepak.com\/wp-content\/uploads\/2025\/03\/11787589110_624076099\u526f\u672c-150x150.jpg 150w, https:\/\/www.cosmepak.com\/wp-content\/uploads\/2025\/03\/11787589110_624076099\u526f\u672c-768x768.jpg 768w, https:\/\/www.cosmepak.com\/wp-content\/uploads\/2025\/03\/11787589110_624076099\u526f\u672c-600x600.jpg 600w, https:\/\/www.cosmepak.com\/wp-content\/uploads\/2025\/03\/11787589110_624076099\u526f\u672c-100x100.jpg 100w\" sizes=\"(max-width: 1000px) 100vw, 1000px\" \/><\/td>\n<td style=\"width: 13.6311%; height: 24px;\">Marca<\/td>\n<td style=\"width: 53.0355%; height: 24px;\">Jaunce<\/td>\n<\/tr>\n<tr style=\"height: 24px;\">\n<td style=\"width: 13.6311%; height: 24px;\">Modelo<\/td>\n<td style=\"width: 53.0355%; height: 24px;\">JH-LWSM22<\/td>\n<\/tr>\n<tr style=\"height: 24px;\">\n<td style=\"width: 13.6311%; height: 24px;\">Capcidad<\/td>\n<td style=\"width: 53.0355%; height: 24px;\">300 ml<\/td>\n<\/tr>\n<tr style=\"height: 24px;\">\n<td style=\"width: 13.6311%; height: 24px;\">Peso<\/td>\n<td style=\"width: 53.0355%; height: 24px;\">48g<\/td>\n<\/tr>\n<tr style=\"height: 24px;\">\n<td style=\"width: 13.6311%; height: 24px;\">Color<\/td>\n<td style=\"width: 53.0355%; height: 24px;\">Marr\u00f3n\/Verde Oscuro<\/td>\n<\/tr>\n<tr style=\"height: 24px;\">\n<td style=\"width: 13.6311%; height: 24px;\">Material<\/td>\n<td style=\"width: 53.0355%; height: 24px;\">PET \/ PP<\/td>\n<\/tr>\n<tr style=\"height: 24px;\">\n<td style=\"width: 13.6311%; height: 24px;\">Tama\u00f1o<\/td>\n<td style=\"width: 53.0355%; height: 24px;\">63*145 mm<\/td>\n<\/tr>\n<\/tbody>\n<\/table>\n<p>Botella de hombro redondo de 300 ml con botella de pl\u00e1stico de loci\u00f3n.<\/p>\n<p><img decoding=\"async\" class=\"alignnone wp-image-1507\" src=\"https:\/\/www.cosmepak.com\/wp-content\/uploads\/2025\/03\/11787568652_624076099.jpg\" alt=\"botella de pl\u00e1stico amarilla\" width=\"1378\" height=\"1831\" srcset=\"https:\/\/www.cosmepak.com\/wp-content\/uploads\/2025\/03\/11787568652_624076099.jpg 1000w, https:\/\/www.cosmepak.com\/wp-content\/uploads\/2025\/03\/11787568652_624076099-226x300.jpg 226w, https:\/\/www.cosmepak.com\/wp-content\/uploads\/2025\/03\/11787568652_624076099-771x1024.jpg 771w, https:\/\/www.cosmepak.com\/wp-content\/uploads\/2025\/03\/11787568652_624076099-768x1021.jpg 768w, https:\/\/www.cosmepak.com\/wp-content\/uploads\/2025\/03\/11787568652_624076099-600x797.jpg 600w\" sizes=\"(max-width: 1378px) 100vw, 1378px\" \/><\/p>\n<p><img decoding=\"async\" class=\"alignnone wp-image-1508\" src=\"https:\/\/www.cosmepak.com\/wp-content\/uploads\/2025\/03\/23124715975_624076099.jpg\" alt=\"botella de pl\u00e1stico\" width=\"681\" height=\"681\" srcset=\"https:\/\/www.cosmepak.com\/wp-content\/uploads\/2025\/03\/23124715975_624076099.jpg 1000w, https:\/\/www.cosmepak.com\/wp-content\/uploads\/2025\/03\/23124715975_624076099-300x300.jpg 300w, https:\/\/www.cosmepak.com\/wp-content\/uploads\/2025\/03\/23124715975_624076099-150x150.jpg 150w, https:\/\/www.cosmepak.com\/wp-content\/uploads\/2025\/03\/23124715975_624076099-768x768.jpg 768w, https:\/\/www.cosmepak.com\/wp-content\/uploads\/2025\/03\/23124715975_624076099-600x600.jpg 600w, https:\/\/www.cosmepak.com\/wp-content\/uploads\/2025\/03\/23124715975_624076099-100x100.jpg 100w\" sizes=\"(max-width: 681px) 100vw, 681px\" \/> <img loading=\"lazy\" decoding=\"async\" class=\"alignnone wp-image-1510\" src=\"https:\/\/www.cosmepak.com\/wp-content\/uploads\/2025\/03\/12308182745_436412743.jpg\" alt=\"\" width=\"679\" height=\"679\" srcset=\"https:\/\/www.cosmepak.com\/wp-content\/uploads\/2025\/03\/12308182745_436412743.jpg 1000w, https:\/\/www.cosmepak.com\/wp-content\/uploads\/2025\/03\/12308182745_436412743-300x300.jpg 300w, https:\/\/www.cosmepak.com\/wp-content\/uploads\/2025\/03\/12308182745_436412743-150x150.jpg 150w, https:\/\/www.cosmepak.com\/wp-content\/uploads\/2025\/03\/12308182745_436412743-768x768.jpg 768w, https:\/\/www.cosmepak.com\/wp-content\/uploads\/2025\/03\/12308182745_436412743-600x600.jpg 600w, https:\/\/www.cosmepak.com\/wp-content\/uploads\/2025\/03\/12308182745_436412743-100x100.jpg 100w\" sizes=\"(max-width: 679px) 100vw, 679px\" \/><\/p>\n<p>&nbsp;<\/p>\n<p class=\"ai-center-markdown-p\"><strong class=\"ai-center-markdown-strong\">Botella de loci\u00f3n de hombro redondo de 300 ml: soluci\u00f3n de envasado vers\u00e1til y pr\u00e1ctica<\/strong><\/p>\n<p class=\"ai-center-markdown-p\" data-spm-anchor-id=\"0.8443394.0.i17.613d3e5fM1b7Mc\">Cuando se trata de soluciones de envasado para el cuidado personal y productos cosm\u00e9ticos, la botella de loci\u00f3n redonda para hombros de 300 ml destaca como una opci\u00f3n ideal. Esta botella vac\u00eda de pl\u00e1stico no solo es est\u00e9ticamente agradable, sino tambi\u00e9n altamente funcional, lo que la hace adecuada para una variedad de aplicaciones.<\/p>\n<p class=\"ai-center-markdown-p\"><strong class=\"ai-center-markdown-strong\">Versatilidad en uso<\/strong><\/p>\n<p class=\"ai-center-markdown-p\">La botella de loci\u00f3n de hombro redondo de 300 ml es perfecta para una amplia gama de productos, incluyendo:<\/p>\n<ul class=\"ai-center-markdown-ul\">\n<li class=\"ai-center-markdown-li\"><strong class=\"ai-center-markdown-strong\">champ\u00fa<\/strong>Su dise\u00f1o robusto asegura que puede manejar la viscosidad del champ\u00fa, lo que hace que sea f\u00e1cil dispensar la cantidad adecuada.<\/li>\n<li class=\"ai-center-markdown-li\"><strong class=\"ai-center-markdown-strong\">desinfectante de manos<\/strong>: Dado su tama\u00f1o conveniente, es&#8217; es perfecto tanto para uso personal como comercial.<\/li>\n<li class=\"ai-center-markdown-li\"><strong class=\"ai-center-markdown-strong\">Loci\u00f3n<\/strong>El dise\u00f1o de hombro redondo permite una f\u00e1cil manipulaci\u00f3n y garantiza que cada \u00faltima gota de loci\u00f3n se puede usar.<\/li>\n<li class=\"ai-center-markdown-li\"><strong class=\"ai-center-markdown-strong\">Embalaje cosm\u00e9tico<\/strong>: Su apariencia elegante y profesional lo hace una excelente opci\u00f3n para productos cosm\u00e9ticos de gama alta.<\/li>\n<\/ul>\n<p class=\"ai-center-markdown-p\"><strong class=\"ai-center-markdown-strong\">Dise\u00f1o y funcionalidad<\/strong><\/p>\n<p class=\"ai-center-markdown-p\">El dise\u00f1o de hombro redondo de la botella proporciona varias ventajas:<\/p>\n<ul class=\"ai-center-markdown-ul\">\n<li class=\"ai-center-markdown-li\"><strong class=\"ai-center-markdown-strong\">Manejo ergon\u00f3mico<\/strong>La forma es c\u00f3moda de sostener, lo que lo hace f\u00e1cil de usar.<\/li>\n<li class=\"ai-center-markdown-li\"><strong class=\"ai-center-markdown-strong\">F\u00e1cil dispensaci\u00f3n<\/strong>El dise\u00f1o asegura que el producto dentro puede ser dispensado f\u00e1cilmente, reduciendo los residuos.<\/li>\n<li class=\"ai-center-markdown-li\"><strong class=\"ai-center-markdown-strong\">Apelaci\u00f3n est\u00e9tica<\/strong>Los hombros lisos y redondos dan a la botella un aspecto moderno y elegante, mejorando el atractivo general del producto.<\/li>\n<\/ul>\n<p class=\"ai-center-markdown-p\"><strong class=\"ai-center-markdown-strong\">Durabilidad y seguridad<\/strong><\/p>\n<p class=\"ai-center-markdown-p\">Hecho de pl\u00e1stico de alta calidad, esta botella es:<\/p>\n<ul class=\"ai-center-markdown-ul\">\n<li class=\"ai-center-markdown-li\"><strong class=\"ai-center-markdown-strong\">Durable<\/strong>: Puede soportar gotas y manejo \u00e1spero sin romperse.<\/li>\n<li class=\"ai-center-markdown-li\"><strong class=\"ai-center-markdown-strong\">Seguridad<\/strong>El material no es t\u00f3xico y seguro para almacenar productos de cuidado personal.<\/li>\n<li class=\"ai-center-markdown-li\"><strong class=\"ai-center-markdown-strong\">Reutilizable<\/strong>Se puede rellenar y reutilizar, lo que lo convierte en una opci\u00f3n ecol\u00f3gica.<\/li>\n<\/ul>\n<p class=\"ai-center-markdown-p\"><strong class=\"ai-center-markdown-strong\">Conclusi\u00f3n<\/strong><\/p>\n<p class=\"ai-center-markdown-p\">La botella de loci\u00f3n de hombro redondo de 300 ml es una soluci\u00f3n de envasado vers\u00e1til, duradera y est\u00e9ticamente agradable para una amplia gama de productos de cuidado personal y cosm\u00e9ticos. Su dise\u00f1o garantiza una f\u00e1cil manipulaci\u00f3n y dispensaci\u00f3n, lo que lo convierte en una opci\u00f3n pr\u00e1ctica tanto para los fabricantes como para los consumidores. Ya sea que est\u00e9 empaquetando champ\u00fa, desinfectante de manos, loci\u00f3n o cosm\u00e9ticos, esta botella seguramente satisfar\u00e1 sus necesidades al tiempo que mejora el atractivo general de su producto.<\/p>\n<p><img loading=\"lazy\" decoding=\"async\" class=\"alignnone size-full wp-image-1347\" src=\"https:\/\/www.cosmepak.com\/wp-content\/uploads\/2024\/12\/\u9996\u987519202_03.jpg\" alt=\"exposici\u00f3n de f\u00e1brica\" width=\"1920\" height=\"885\" srcset=\"https:\/\/www.cosmepak.com\/wp-content\/uploads\/2024\/12\/\u9996\u987519202_03.jpg 1920w, https:\/\/www.cosmepak.com\/wp-content\/uploads\/2024\/12\/\u9996\u987519202_03-300x138.jpg 300w, https:\/\/www.cosmepak.com\/wp-content\/uploads\/2024\/12\/\u9996\u987519202_03-1024x472.jpg 1024w, https:\/\/www.cosmepak.com\/wp-content\/uploads\/2024\/12\/\u9996\u987519202_03-768x354.jpg 768w, https:\/\/www.cosmepak.com\/wp-content\/uploads\/2024\/12\/\u9996\u987519202_03-1536x708.jpg 1536w, https:\/\/www.cosmepak.com\/wp-content\/uploads\/2024\/12\/\u9996\u987519202_03-600x277.jpg 600w\" sizes=\"(max-width: 1920px) 100vw, 1920px\" \/><\/p>\n<p><img loading=\"lazy\" decoding=\"async\" class=\"alignnone size-full wp-image-1348\" src=\"https:\/\/www.cosmepak.com\/wp-content\/uploads\/2024\/12\/\u9996\u987519202_04.jpg\" alt=\"\" width=\"1920\" height=\"694\" srcset=\"https:\/\/www.cosmepak.com\/wp-content\/uploads\/2024\/12\/\u9996\u987519202_04.jpg 1920w, https:\/\/www.cosmepak.com\/wp-content\/uploads\/2024\/12\/\u9996\u987519202_04-300x108.jpg 300w, https:\/\/www.cosmepak.com\/wp-content\/uploads\/2024\/12\/\u9996\u987519202_04-1024x370.jpg 1024w, https:\/\/www.cosmepak.com\/wp-content\/uploads\/2024\/12\/\u9996\u987519202_04-768x278.jpg 768w, https:\/\/www.cosmepak.com\/wp-content\/uploads\/2024\/12\/\u9996\u987519202_04-1536x555.jpg 1536w, https:\/\/www.cosmepak.com\/wp-content\/uploads\/2024\/12\/\u9996\u987519202_04-600x217.jpg 600w\" sizes=\"(max-width: 1920px) 100vw, 1920px\" \/><img loading=\"lazy\" decoding=\"async\" class=\"alignnone size-full wp-image-1350\" src=\"https:\/\/www.cosmepak.com\/wp-content\/uploads\/2024\/12\/\u9996\u987519202_05-1.jpg\" alt=\"\" width=\"1920\" height=\"970\" srcset=\"https:\/\/www.cosmepak.com\/wp-content\/uploads\/2024\/12\/\u9996\u987519202_05-1.jpg 1920w, https:\/\/www.cosmepak.com\/wp-content\/uploads\/2024\/12\/\u9996\u987519202_05-1-300x152.jpg 300w, https:\/\/www.cosmepak.com\/wp-content\/uploads\/2024\/12\/\u9996\u987519202_05-1-1024x517.jpg 1024w, https:\/\/www.cosmepak.com\/wp-content\/uploads\/2024\/12\/\u9996\u987519202_05-1-768x388.jpg 768w, https:\/\/www.cosmepak.com\/wp-content\/uploads\/2024\/12\/\u9996\u987519202_05-1-1536x776.jpg 1536w, https:\/\/www.cosmepak.com\/wp-content\/uploads\/2024\/12\/\u9996\u987519202_05-1-600x303.jpg 600w\" sizes=\"(max-width: 1920px) 100vw, 1920px\" \/><img loading=\"lazy\" decoding=\"async\" class=\"alignnone wp-image-1351\" src=\"https:\/\/www.cosmepak.com\/wp-content\/uploads\/2024\/12\/\u7269\u6d41\u8fd0\u8f93\u753b\u9762-2.jpg\" alt=\"\" width=\"1385\" height=\"1039\" srcset=\"https:\/\/www.cosmepak.com\/wp-content\/uploads\/2024\/12\/\u7269\u6d41\u8fd0\u8f93\u753b\u9762-2.jpg 800w, https:\/\/www.cosmepak.com\/wp-content\/uploads\/2024\/12\/\u7269\u6d41\u8fd0\u8f93\u753b\u9762-2-300x225.jpg 300w, https:\/\/www.cosmepak.com\/wp-content\/uploads\/2024\/12\/\u7269\u6d41\u8fd0\u8f93\u753b\u9762-2-768x576.jpg 768w, https:\/\/www.cosmepak.com\/wp-content\/uploads\/2024\/12\/\u7269\u6d41\u8fd0\u8f93\u753b\u9762-2-600x450.jpg 600w\" sizes=\"(max-width: 1385px) 100vw, 1385px\" \/><\/p>\n<table style=\"border-collapse: collapse; width: 100%;\">\n<tbody>\n<tr>\n<td style=\"width: 33.3333%; text-align: center;\"><strong>Expresar<\/strong><\/td>\n<td style=\"width: 33.3333%; text-align: center;\"><strong>Flete a\u00e9reo<\/strong><\/td>\n<td style=\"width: 33.3333%; text-align: center;\"><strong>Transporte mar\u00edtimo<\/strong><\/td>\n<\/tr>\n<tr>\n<td style=\"width: 33.3333%; text-align: center;\">Europ 4-6day<\/p>\n<p>Am\u00e9rica del Norte 4-6day<\/p>\n<p>Sudeste de Asia 3-5 d\u00edas<\/p>\n<p>El Medio Oriente 4-6day<\/p>\n<p>Sud\u00e1frica 5-8 d\u00edas<\/td>\n<td style=\"width: 33.3333%; text-align: center;\">Europ 4-6day<\/p>\n<p>Am\u00e9rica del Norte 4-6day<\/p>\n<p>Sudeste de Asia 3-5 d\u00edas<\/p>\n<p>El Medio Oriente 4-6day<\/p>\n<p>Sud\u00e1frica 5-8 d\u00edas<\/td>\n<td style=\"width: 33.3333%; text-align: center;\">Europ 25-35day<\/p>\n<p>Am\u00e9rica del Norte 25-35 d\u00edas<\/p>\n<p>Sudeste de Asia 25-35 d\u00edas<\/p>\n<p>El Medio Oriente 25-35 d\u00edas<\/p>\n<p>Sud\u00e1frica 25-35 d\u00edas<\/td>\n<\/tr>\n<\/tbody>\n<\/table>\n<h3 id=\"faq\" class=\"ai-center-markdown-h3\" data-spm-anchor-id=\"0.8443394.0.i20.613d3e5fM1b7Mc\">PREGUNTAS FRECUENTES<\/h3>\n<h4 id=\"1-why-should-you-buy-from-us-instead-of-other-suppliers\" class=\"ai-center-markdown-h4\">1. \u00bfPor qu\u00e9 debe comprar de nosotros en lugar de otros proveedores?<\/h4>\n<ul class=\"ai-center-markdown-ul\">\n<li class=\"ai-center-markdown-li\">Dise\u00f1os personalizados listos en solo 3 minutos.<\/li>\n<li class=\"ai-center-markdown-li\">Servicio al cliente en l\u00ednea 24\/7.<\/li>\n<li class=\"ai-center-markdown-li\">Muestras de stock disponibles en 7 d\u00edas; muestras impresas a medida en 15 d\u00edas.<\/li>\n<li class=\"ai-center-markdown-li\">Tiempo de entrega de 35 d\u00edas para pedidos.<\/li>\n<li class=\"ai-center-markdown-li\">M\u00e1s de 10 a\u00f1os de experiencia en embalaje cosm\u00e9tico profesional.<\/li>\n<li class=\"ai-center-markdown-li\">Las ventas directas de f\u00e1brica garantizan los mejores precios y servicios.<\/li>\n<li class=\"ai-center-markdown-li\">Soluci\u00f3n \u00fanica para todas sus necesidades de embalaje.<\/li>\n<\/ul>\n<h4 id=\"2-who-are-we\" class=\"ai-center-markdown-h4\">2. \u00bfQui\u00e9nes somos?<\/h4>\n<p class=\"ai-center-markdown-p\">Estamos basados en Zhejiang, China, y hemos estado operando desde 2014. Nuestros principales mercados incluyen:<\/p>\n<ul class=\"ai-center-markdown-ul\">\n<li class=\"ai-center-markdown-li\">Mercado interno (70,00%)<\/li>\n<li class=\"ai-center-markdown-li\">Ocean\u00eda (8,00%)<\/li>\n<li class=\"ai-center-markdown-li\">Oriente Medio (7,00%)<\/li>\n<li class=\"ai-center-markdown-li\">Asia Oriental (2,00%)<\/li>\n<li class=\"ai-center-markdown-li\">Am\u00e9rica del Norte (2,00%)<\/li>\n<li class=\"ai-center-markdown-li\">Europa Occidental (2,00%)<\/li>\n<li class=\"ai-center-markdown-li\">Asia sudoriental (2,00%)<\/li>\n<li class=\"ai-center-markdown-li\">Asia meridional (1,00%)<\/li>\n<li class=\"ai-center-markdown-li\">Am\u00e9rica del Sur (1,00%)<\/li>\n<li class=\"ai-center-markdown-li\">Europa Meridional (1,00%)<\/li>\n<li class=\"ai-center-markdown-li\">Am\u00e9rica Central (1,00%)<\/li>\n<li class=\"ai-center-markdown-li\">Europa del Norte (1,00%)<\/li>\n<li class=\"ai-center-markdown-li\">\u00c1frica (1,00%)<\/li>\n<li class=\"ai-center-markdown-li\">Europa del Este (1,00%)<\/li>\n<\/ul>\n<h4 id=\"3-how-can-we-guarantee-quality\" class=\"ai-center-markdown-h4\">3. \u00bfC\u00f3mo podemos garantizar la calidad?<\/h4>\n<ul class=\"ai-center-markdown-ul\">\n<li class=\"ai-center-markdown-li\">Siempre proporcionamos una muestra de preproducci\u00f3n antes de la producci\u00f3n en masa.<\/li>\n<li class=\"ai-center-markdown-li\">Realizamos una inspecci\u00f3n final antes del env\u00edo.<\/li>\n<\/ul>\n<h4 id=\"4-what-can-you-buy-from-us\" class=\"ai-center-markdown-h4\">4. \u00bfQu\u00e9 puede comprar de nosotros?<\/h4>\n<ul class=\"ai-center-markdown-ul\">\n<li class=\"ai-center-markdown-li\">botellas de vidrio<\/li>\n<li class=\"ai-center-markdown-li\">Botellas, frascos y tubos de pl\u00e1stico<\/li>\n<li class=\"ai-center-markdown-li\">Botellas, frascos y tubos de aluminio<\/li>\n<li class=\"ai-center-markdown-li\">Varios materiales de envasado cosm\u00e9tico<\/li>\n<\/ul>\n<h4 id=\"5-what-services-can-we-provide\" class=\"ai-center-markdown-h4\">5. \u00bfQu\u00e9 servicios podemos ofrecer?<\/h4>\n<ul class=\"ai-center-markdown-ul\">\n<li class=\"ai-center-markdown-li\"><strong class=\"ai-center-markdown-strong\">Condiciones de entrega aceptadas:<\/strong>\u00a0FOB, CFR, CIF<\/li>\n<li class=\"ai-center-markdown-li\"><strong class=\"ai-center-markdown-strong\">Monedas de pago aceptadas:<\/strong>\u00a0USD, EUR, HKD, CNY<\/li>\n<li class=\"ai-center-markdown-li\"><strong class=\"ai-center-markdown-strong\">Tipos de pago aceptados:<\/strong>\u00a0T \/ T, L \/ C, D \/ P, D \/ A<\/li>\n<li class=\"ai-center-markdown-li\"><strong class=\"ai-center-markdown-strong\">Idiomas hablados:<\/strong>\u00a0Ingl\u00e9s, chino<\/li>\n<\/ul>\n<p>&nbsp;<\/p>","protected":false},"excerpt":{"rendered":"<p>Material de botella: mascota<\/p>\n<p>Capacidad: 300 ml<\/p>\n<p>Bomba: bomba de loci\u00f3n PP<\/p>\n<p>Color: marr\u00f3n \/ verde oscuro \/ personalizado<\/p>\n<p>Acabado de superficie: impresi\u00f3n de pantalla, glaseado, estampado en caliente, gradiente de pulverizaci\u00f3n, acabado mate, etc.<\/p>\n<p>MOQ: 5000pcs;<\/p>\n<p>&nbsp;<\/p>","protected":false},"featured_media":1510,"comment_status":"closed","ping_status":"closed","template":"","meta":{"_acf_changed":false},"product_brand":[],"product_cat":[47,18],"product_tag":[],"class_list":{"0":"post-1500","1":"product","2":"type-product","3":"status-publish","4":"has-post-thumbnail","6":"product_cat-lotion-bottle","7":"product_cat-plastic-bottle","9":"first","10":"outofstock","11":"shipping-taxable","12":"product-type-simple"},"acf":[],"_links":{"self":[{"href":"https:\/\/www.cosmepak.com\/es\/wp-json\/wp\/v2\/product\/1500","targetHints":{"allow":["GET"]}}],"collection":[{"href":"https:\/\/www.cosmepak.com\/es\/wp-json\/wp\/v2\/product"}],"about":[{"href":"https:\/\/www.cosmepak.com\/es\/wp-json\/wp\/v2\/types\/product"}],"replies":[{"embeddable":true,"href":"https:\/\/www.cosmepak.com\/es\/wp-json\/wp\/v2\/comments?post=1500"}],"wp:featuredmedia":[{"embeddable":true,"href":"https:\/\/www.cosmepak.com\/es\/wp-json\/wp\/v2\/media\/1510"}],"wp:attachment":[{"href":"https:\/\/www.cosmepak.com\/es\/wp-json\/wp\/v2\/media?parent=1500"}],"wp:term":[{"taxonomy":"product_brand","embeddable":true,"href":"https:\/\/www.cosmepak.com\/es\/wp-json\/wp\/v2\/product_brand?post=1500"},{"taxonomy":"product_cat","embeddable":true,"href":"https:\/\/www.cosmepak.com\/es\/wp-json\/wp\/v2\/product_cat?post=1500"},{"taxonomy":"product_tag","embeddable":true,"href":"https:\/\/www.cosmepak.com\/es\/wp-json\/wp\/v2\/product_tag?post=1500"}],"curies":[{"name":"WP","href":"https:\/\/api.w.org\/{rel}","templated":true}]}}