{"id":151,"date":"2024-12-31T12:08:23","date_gmt":"2024-12-31T04:08:23","guid":{"rendered":"http:\/\/www.cosmepak.com\/?post_type=product&#038;p=151"},"modified":"2025-10-17T14:02:57","modified_gmt":"2025-10-17T06:02:57","slug":"100ml-transparent-perfume-bottle-15-neck-size","status":"publish","type":"product","link":"https:\/\/www.cosmepak.com\/es\/product\/100ml-transparent-perfume-bottle-15-neck-size\/","title":{"rendered":"100ml botella de perfume transparente 15 # tama\u00f1o del cuello"},"content":{"rendered":"<table style=\"border-collapse: collapse; width: 93.8182%; height: 247px;\">\n<tbody>\n<tr style=\"height: 24px;\">\n<td style=\"width: 39.0625%; height: 247px;\" rowspan=\"10\"><img fetchpriority=\"high\" decoding=\"async\" class=\"alignnone size-full wp-image-3033\" src=\"https:\/\/www.cosmepak.com\/wp-content\/uploads\/2024\/12\/\u4e3b\u56fe-8.jpg\" alt=\"\" width=\"1500\" height=\"1500\" srcset=\"https:\/\/www.cosmepak.com\/wp-content\/uploads\/2024\/12\/\u4e3b\u56fe-8.jpg 1500w, https:\/\/www.cosmepak.com\/wp-content\/uploads\/2024\/12\/\u4e3b\u56fe-8-300x300.jpg 300w, https:\/\/www.cosmepak.com\/wp-content\/uploads\/2024\/12\/\u4e3b\u56fe-8-1024x1024.jpg 1024w, https:\/\/www.cosmepak.com\/wp-content\/uploads\/2024\/12\/\u4e3b\u56fe-8-150x150.jpg 150w, https:\/\/www.cosmepak.com\/wp-content\/uploads\/2024\/12\/\u4e3b\u56fe-8-768x768.jpg 768w, https:\/\/www.cosmepak.com\/wp-content\/uploads\/2024\/12\/\u4e3b\u56fe-8-12x12.jpg 12w, https:\/\/www.cosmepak.com\/wp-content\/uploads\/2024\/12\/\u4e3b\u56fe-8-600x600.jpg 600w, https:\/\/www.cosmepak.com\/wp-content\/uploads\/2024\/12\/\u4e3b\u56fe-8-100x100.jpg 100w\" sizes=\"(max-width: 1500px) 100vw, 1500px\" \/><\/td>\n<td style=\"width: 25.9108%; height: 24px;\">Nombre del producto<\/td>\n<td style=\"width: 86.1633%; height: 24px;\">100ml botella de perfume<\/td>\n<\/tr>\n<tr style=\"height: 24px;\">\n<td style=\"width: 25.9108%; height: 24px;\">Material<\/td>\n<td style=\"width: 86.1633%; height: 24px;\">Vaso<\/td>\n<\/tr>\n<tr style=\"height: 28px;\">\n<td style=\"width: 25.9108%; height: 28px;\">Tama\u00f1o<\/td>\n<td style=\"width: 86.1633%; height: 28px;\">58 * 123mm<\/td>\n<\/tr>\n<tr style=\"height: 27px;\">\n<td style=\"width: 25.9108%; height: 27px;\">Tama\u00f1o del cuello<\/td>\n<td style=\"width: 86.1633%; height: 27px;\">15 mm<\/td>\n<\/tr>\n<tr style=\"height: 24px;\">\n<td style=\"width: 25.9108%; height: 24px;\">Color<\/td>\n<td style=\"width: 86.1633%; height: 24px;\">Aceptar personalizado<\/td>\n<\/tr>\n<tr style=\"height: 24px;\">\n<td style=\"width: 25.9108%; height: 24px;\">Tratamiento de obras de arte<\/td>\n<td style=\"width: 86.1633%; height: 24px;\">Serigraf\u00eda\/etiquetado\/estampado en caliente~<\/td>\n<\/tr>\n<tr style=\"height: 24px;\">\n<td style=\"width: 25.9108%; height: 24px;\">Capacidad<\/td>\n<td style=\"width: 86.1633%; height: 24px;\">100 ml<\/td>\n<\/tr>\n<tr style=\"height: 24px;\">\n<td style=\"width: 25.9108%; height: 24px;\">Moq<\/td>\n<td style=\"width: 86.1633%; height: 24px;\">10000pcs para la costumbre<\/td>\n<\/tr>\n<tr style=\"height: 24px;\">\n<td style=\"width: 25.9108%; height: 24px;\">El tiempo de entrega<\/td>\n<td style=\"width: 86.1633%; height: 24px;\">35-45 d\u00edas despu\u00e9s de la recepci\u00f3n del dep\u00f3sito.<\/td>\n<\/tr>\n<tr style=\"height: 24px;\">\n<td style=\"width: 25.9108%; height: 24px;\">T\u00e9rmino de pago<\/td>\n<td style=\"width: 86.1633%; height: 24px;\">Dep\u00f3sito del 50%, saldo del 50% pagado antes de cargar.<\/td>\n<\/tr>\n<\/tbody>\n<\/table>\n<p>Esta botella de vidrio de perfume fusiona dise\u00f1o moderno con durabilidad: la artesan\u00eda fina garantiza una construcci\u00f3n gruesa y no inclinable, y su acabado claro y brillante da un ambiente fresco y fresco. La forma \u00fanica brilla a\u00fan m\u00e1s con una tapa de bola de resina de color y un pulverizador de niebla oro-plata, sin excesos, solo una pieza elegante que es igualmente pr\u00e1ctica para el rociado y elegante como un acento de decoraci\u00f3n.<\/p>\n<p>Esta botella de perfume combina la sostenibilidad con la sofisticaci\u00f3n. Hecho de vidrio \u00e1mbar reciclado, su textura helada difunde la luz suavemente, mientras que la tapa de bamb\u00fa, girada a mano por artesanos, agrega calor. El dise\u00f1o recargable reduce los residuos, y la etiqueta minimalista, impresa con tinta de soja, completa la est\u00e9tica ecol\u00f3gica. Perfecto para fragancias terrenosas o le\u00f1osas, es una elecci\u00f3n elegante para los consumidores conscientes que se niegan a comprometerse en la belleza.<\/p>\n<p>En el campo del embalaje de productos de belleza y cuidado personal, un recipiente que integra la practicidad, el respeto del medio ambiente y la adaptabilidad de la marca es un impulsor crucial para que los productos ganen el favor del mercado. Nuestra botella de perfume con especificaciones precisas, pero tambi\u00e9n destaca como el socio ideal de envasado para sus productos, gracias a su excepcional filosof\u00eda ambiental, servicios de personalizaci\u00f3n flexibles y una amplia gama de escenarios de aplicaci\u00f3n.<\/p>\n<p>Ofrecemos esta botella de perfume en tres capacidades diferentes: 30ml, 50ml y 100ml para su selecci\u00f3n. y tambi\u00e9n disponible en color \u00e1mbar. Tambi\u00e9n ofrecemos colores personalizados, logotipos e impresi\u00f3n como sus requisitos especiales.<\/p>\n<p>&nbsp;<\/p>\n<table style=\"border-collapse: collapse; width: 100%;\">\n<tbody>\n<tr>\n<td style=\"width: 33.3333%;\" colspan=\"3\"><img decoding=\"async\" class=\"wp-image-3034 alignleft\" src=\"https:\/\/www.cosmepak.com\/wp-content\/uploads\/2024\/12\/8-3.jpg\" alt=\"\" width=\"1344\" height=\"1344\" srcset=\"https:\/\/www.cosmepak.com\/wp-content\/uploads\/2024\/12\/8-3.jpg 1000w, https:\/\/www.cosmepak.com\/wp-content\/uploads\/2024\/12\/8-3-300x300.jpg 300w, https:\/\/www.cosmepak.com\/wp-content\/uploads\/2024\/12\/8-3-150x150.jpg 150w, https:\/\/www.cosmepak.com\/wp-content\/uploads\/2024\/12\/8-3-768x768.jpg 768w, https:\/\/www.cosmepak.com\/wp-content\/uploads\/2024\/12\/8-3-12x12.jpg 12w, https:\/\/www.cosmepak.com\/wp-content\/uploads\/2024\/12\/8-3-600x600.jpg 600w, https:\/\/www.cosmepak.com\/wp-content\/uploads\/2024\/12\/8-3-100x100.jpg 100w\" sizes=\"(max-width: 1344px) 100vw, 1344px\" \/><\/td>\n<\/tr>\n<tr>\n<td style=\"width: 33.3333%;\"><img decoding=\"async\" class=\"alignnone size-full wp-image-3035\" src=\"https:\/\/www.cosmepak.com\/wp-content\/uploads\/2024\/12\/\u8be6\u60c5-10.jpg\" alt=\"\" width=\"1000\" height=\"1000\" srcset=\"https:\/\/www.cosmepak.com\/wp-content\/uploads\/2024\/12\/\u8be6\u60c5-10.jpg 1000w, https:\/\/www.cosmepak.com\/wp-content\/uploads\/2024\/12\/\u8be6\u60c5-10-300x300.jpg 300w, https:\/\/www.cosmepak.com\/wp-content\/uploads\/2024\/12\/\u8be6\u60c5-10-150x150.jpg 150w, https:\/\/www.cosmepak.com\/wp-content\/uploads\/2024\/12\/\u8be6\u60c5-10-768x768.jpg 768w, https:\/\/www.cosmepak.com\/wp-content\/uploads\/2024\/12\/\u8be6\u60c5-10-12x12.jpg 12w, https:\/\/www.cosmepak.com\/wp-content\/uploads\/2024\/12\/\u8be6\u60c5-10-600x600.jpg 600w, https:\/\/www.cosmepak.com\/wp-content\/uploads\/2024\/12\/\u8be6\u60c5-10-100x100.jpg 100w\" sizes=\"(max-width: 1000px) 100vw, 1000px\" \/><\/td>\n<td style=\"width: 33.3333%;\"><img loading=\"lazy\" decoding=\"async\" class=\"alignnone size-full wp-image-3036\" src=\"https:\/\/www.cosmepak.com\/wp-content\/uploads\/2024\/12\/\u8be6\u60c5-11.jpg\" alt=\"\" width=\"1000\" height=\"1000\" srcset=\"https:\/\/www.cosmepak.com\/wp-content\/uploads\/2024\/12\/\u8be6\u60c5-11.jpg 1000w, https:\/\/www.cosmepak.com\/wp-content\/uploads\/2024\/12\/\u8be6\u60c5-11-300x300.jpg 300w, https:\/\/www.cosmepak.com\/wp-content\/uploads\/2024\/12\/\u8be6\u60c5-11-150x150.jpg 150w, https:\/\/www.cosmepak.com\/wp-content\/uploads\/2024\/12\/\u8be6\u60c5-11-768x768.jpg 768w, https:\/\/www.cosmepak.com\/wp-content\/uploads\/2024\/12\/\u8be6\u60c5-11-12x12.jpg 12w, https:\/\/www.cosmepak.com\/wp-content\/uploads\/2024\/12\/\u8be6\u60c5-11-600x600.jpg 600w, https:\/\/www.cosmepak.com\/wp-content\/uploads\/2024\/12\/\u8be6\u60c5-11-100x100.jpg 100w\" sizes=\"(max-width: 1000px) 100vw, 1000px\" \/><\/td>\n<td style=\"width: 33.3333%;\"><img loading=\"lazy\" decoding=\"async\" class=\"alignnone size-full wp-image-3037\" src=\"https:\/\/www.cosmepak.com\/wp-content\/uploads\/2024\/12\/5-3.jpg\" alt=\"\" width=\"1000\" height=\"1000\" srcset=\"https:\/\/www.cosmepak.com\/wp-content\/uploads\/2024\/12\/5-3.jpg 1000w, https:\/\/www.cosmepak.com\/wp-content\/uploads\/2024\/12\/5-3-300x300.jpg 300w, https:\/\/www.cosmepak.com\/wp-content\/uploads\/2024\/12\/5-3-150x150.jpg 150w, https:\/\/www.cosmepak.com\/wp-content\/uploads\/2024\/12\/5-3-768x768.jpg 768w, https:\/\/www.cosmepak.com\/wp-content\/uploads\/2024\/12\/5-3-12x12.jpg 12w, https:\/\/www.cosmepak.com\/wp-content\/uploads\/2024\/12\/5-3-600x600.jpg 600w, https:\/\/www.cosmepak.com\/wp-content\/uploads\/2024\/12\/5-3-100x100.jpg 100w\" sizes=\"(max-width: 1000px) 100vw, 1000px\" \/><\/td>\n<\/tr>\n<\/tbody>\n<\/table>\n<p><img loading=\"lazy\" decoding=\"async\" class=\"alignnone wp-image-3038\" src=\"https:\/\/www.cosmepak.com\/wp-content\/uploads\/2024\/12\/\u8be6\u60c5-4.jpg\" alt=\"\" width=\"1394\" height=\"1394\" srcset=\"https:\/\/www.cosmepak.com\/wp-content\/uploads\/2024\/12\/\u8be6\u60c5-4.jpg 1000w, https:\/\/www.cosmepak.com\/wp-content\/uploads\/2024\/12\/\u8be6\u60c5-4-300x300.jpg 300w, https:\/\/www.cosmepak.com\/wp-content\/uploads\/2024\/12\/\u8be6\u60c5-4-150x150.jpg 150w, https:\/\/www.cosmepak.com\/wp-content\/uploads\/2024\/12\/\u8be6\u60c5-4-768x768.jpg 768w, https:\/\/www.cosmepak.com\/wp-content\/uploads\/2024\/12\/\u8be6\u60c5-4-12x12.jpg 12w, https:\/\/www.cosmepak.com\/wp-content\/uploads\/2024\/12\/\u8be6\u60c5-4-600x600.jpg 600w, https:\/\/www.cosmepak.com\/wp-content\/uploads\/2024\/12\/\u8be6\u60c5-4-100x100.jpg 100w\" sizes=\"(max-width: 1394px) 100vw, 1394px\" \/><\/p>\n<p style=\"text-align: center;\">SOBRE NOSOTROS<\/p>\n<p>Nuestra f\u00e1brica se ha especializado en la fabricaci\u00f3n de envases cosm\u00e9ticos m\u00e1s de 10 a\u00f1os. Hab\u00edamos pasado la certificaci\u00f3n ISO9000\/14000, tambi\u00e9n podemos proporcionar SGS y MSDS.<br \/>\nNos estamos cumpliendo con el principio de negocios honestos para cada cliente.<\/p>\n<p>Nos especializamos en una amplia gama de productos de envasado, incluyendo botellas de vidrio, recipientes de pl\u00e1stico y soluciones de distribuci\u00f3n. Nuestros productos son ampliamente utilizados en las industrias de cosm\u00e9ticos, cuidado personal y hogar.<\/p>\n<p>Hangzhou Jaunce es su mejor opci\u00f3n, no solo somos el proveedor, tambi\u00e9n somos su amigo, por favor d\u00e9janos ganar juntos.<\/p>\n<p><img loading=\"lazy\" decoding=\"async\" class=\"alignnone size-full wp-image-2391\" src=\"https:\/\/www.cosmepak.com\/wp-content\/uploads\/2025\/06\/factory-has-specialized-in-cosmetic-packaging-manufacturing.webp\" alt=\"\" width=\"1920\" height=\"885\" srcset=\"https:\/\/www.cosmepak.com\/wp-content\/uploads\/2025\/06\/factory-has-specialized-in-cosmetic-packaging-manufacturing.webp 1920w, https:\/\/www.cosmepak.com\/wp-content\/uploads\/2025\/06\/factory-has-specialized-in-cosmetic-packaging-manufacturing-300x138.webp 300w, https:\/\/www.cosmepak.com\/wp-content\/uploads\/2025\/06\/factory-has-specialized-in-cosmetic-packaging-manufacturing-1024x472.webp 1024w, https:\/\/www.cosmepak.com\/wp-content\/uploads\/2025\/06\/factory-has-specialized-in-cosmetic-packaging-manufacturing-768x354.webp 768w, https:\/\/www.cosmepak.com\/wp-content\/uploads\/2025\/06\/factory-has-specialized-in-cosmetic-packaging-manufacturing-1536x708.webp 1536w, https:\/\/www.cosmepak.com\/wp-content\/uploads\/2025\/06\/factory-has-specialized-in-cosmetic-packaging-manufacturing-18x8.webp 18w, https:\/\/www.cosmepak.com\/wp-content\/uploads\/2025\/06\/factory-has-specialized-in-cosmetic-packaging-manufacturing-600x277.webp 600w\" sizes=\"(max-width: 1920px) 100vw, 1920px\" \/><\/p>\n<p>&nbsp;<\/p>","protected":false},"excerpt":{"rendered":"<p>Capacidad: 100 ml<\/p>\n<p>Tama\u00f1o del cuello: 15mm<\/p>\n<p>Material: vidrio<\/p>\n<p>Tama\u00f1o: 58 * 123mm<\/p>\n<p>Personalizaci\u00f3n: Aceptar color \/ logotipo \/ accesorios, etc. con MOQ 10000pcs<\/p>\n<p>MOQ: 5000pcs en color transparente claro<\/p>","protected":false},"featured_media":3039,"comment_status":"closed","ping_status":"closed","template":"","meta":{"_acf_changed":false},"product_brand":[],"product_cat":[17],"product_tag":[],"class_list":{"0":"post-151","1":"product","2":"type-product","3":"status-publish","4":"has-post-thumbnail","6":"product_cat-perfume-bottle","8":"first","9":"outofstock","10":"shipping-taxable","11":"product-type-simple"},"acf":[],"_links":{"self":[{"href":"https:\/\/www.cosmepak.com\/es\/wp-json\/wp\/v2\/product\/151","targetHints":{"allow":["GET"]}}],"collection":[{"href":"https:\/\/www.cosmepak.com\/es\/wp-json\/wp\/v2\/product"}],"about":[{"href":"https:\/\/www.cosmepak.com\/es\/wp-json\/wp\/v2\/types\/product"}],"replies":[{"embeddable":true,"href":"https:\/\/www.cosmepak.com\/es\/wp-json\/wp\/v2\/comments?post=151"}],"wp:featuredmedia":[{"embeddable":true,"href":"https:\/\/www.cosmepak.com\/es\/wp-json\/wp\/v2\/media\/3039"}],"wp:attachment":[{"href":"https:\/\/www.cosmepak.com\/es\/wp-json\/wp\/v2\/media?parent=151"}],"wp:term":[{"taxonomy":"product_brand","embeddable":true,"href":"https:\/\/www.cosmepak.com\/es\/wp-json\/wp\/v2\/product_brand?post=151"},{"taxonomy":"product_cat","embeddable":true,"href":"https:\/\/www.cosmepak.com\/es\/wp-json\/wp\/v2\/product_cat?post=151"},{"taxonomy":"product_tag","embeddable":true,"href":"https:\/\/www.cosmepak.com\/es\/wp-json\/wp\/v2\/product_tag?post=151"}],"curies":[{"name":"WP","href":"https:\/\/api.w.org\/{rel}","templated":true}]}}