{"id":152,"date":"2024-12-31T12:08:02","date_gmt":"2024-12-31T04:08:02","guid":{"rendered":"http:\/\/www.cosmepak.com\/?post_type=product&#038;p=152"},"modified":"2026-04-28T14:14:41","modified_gmt":"2026-04-28T06:14:41","slug":"glass-bottle-140ml-round-dissuser-bottle","status":"publish","type":"product","link":"https:\/\/www.cosmepak.com\/es\/product\/glass-bottle-140ml-round-dissuser-bottle\/","title":{"rendered":"Botella de vidrio \/ botella de disusor redonda de 140ml"},"content":{"rendered":"<table style=\"border-collapse: collapse; width: 100%;\">\n<tbody>\n<tr>\n<td style=\"width: 45.7802%; text-align: center;\">Nombre del art\u00edculo<\/td>\n<td style=\"width: 54.2198%; text-align: center;\">Botella de difusor<\/td>\n<\/tr>\n<tr>\n<td style=\"width: 45.7802%; text-align: center;\">Capacidad<\/td>\n<td style=\"width: 54.2198%; text-align: center;\">140 ml<\/td>\n<\/tr>\n<tr>\n<td style=\"width: 45.7802%; text-align: center;\">Tama\u00f1o<\/td>\n<td style=\"width: 54.2198%; text-align: center;\">70x 76 mm<\/td>\n<\/tr>\n<tr>\n<td style=\"width: 45.7802%; text-align: center;\">Material<\/td>\n<td style=\"width: 54.2198%; text-align: center;\">Vaso<\/td>\n<\/tr>\n<tr>\n<td style=\"width: 45.7802%; text-align: center;\">Color<\/td>\n<td style=\"width: 54.2198%; text-align: center;\">personalizado<\/td>\n<\/tr>\n<tr>\n<td style=\"width: 45.7802%; text-align: center;\">Tratamiento de obras de arte<\/td>\n<td style=\"width: 54.2198%; text-align: center;\">Impresi\u00f3n de la camiseta, etiquetado.<\/td>\n<\/tr>\n<tr>\n<td style=\"width: 45.7802%; text-align: center;\">Moq<\/td>\n<td style=\"width: 54.2198%; text-align: center;\">5000pcs<\/td>\n<\/tr>\n<\/tbody>\n<\/table>\n<p><img fetchpriority=\"high\" decoding=\"async\" class=\"alignnone wp-image-1357\" src=\"https:\/\/www.cosmepak.com\/wp-content\/uploads\/2024\/12\/O1CN01H3wXf42GHTelEiJtv_2218387698990-0-cib.jpg\" alt=\"\" width=\"1375\" height=\"1405\" srcset=\"https:\/\/www.cosmepak.com\/wp-content\/uploads\/2024\/12\/O1CN01H3wXf42GHTelEiJtv_2218387698990-0-cib.jpg 790w, https:\/\/www.cosmepak.com\/wp-content\/uploads\/2024\/12\/O1CN01H3wXf42GHTelEiJtv_2218387698990-0-cib-294x300.jpg 294w, https:\/\/www.cosmepak.com\/wp-content\/uploads\/2024\/12\/O1CN01H3wXf42GHTelEiJtv_2218387698990-0-cib-768x785.jpg 768w, https:\/\/www.cosmepak.com\/wp-content\/uploads\/2024\/12\/O1CN01H3wXf42GHTelEiJtv_2218387698990-0-cib-600x613.jpg 600w\" sizes=\"(max-width: 1375px) 100vw, 1375px\" \/><\/p>\n<p>Pick\u0628\u0648\u0635\u0629\u062c\u0631\u0627\u0645 una forma de botella de perfume que se ajusta a su estilo hace que su aroma se sienta extra especial. Por ejemplo, las botellas redondas atraen a aquellos que aman la belleza cl\u00e1sica. Estos dise\u00f1os muestran suavidad y encanto tranquilo. Son excelentes para las personas a las que les gusta el look de la vieja escuela.<\/p>\n<p>Si eres audaz o te gustan las formas diferentes, opta por formas extra\u00f1as o art\u00edsticas. Dise\u00f1os frescos y abstractos representan perfum\u00edmetros de esp\u00edritu libre. Estas miradas valientes muestran nuevas ideas y un estilo \u00fanico. Son perfectos para aquellos con un coraz\u00f3n libre.<\/p>\n<p>Q1: \u00bfC\u00f3mo ayuda unbox\u0628\u0648\u0635\u062c\u0631\u0627\u0645 a mantener a los compradores fieles a una marca?<\/p>\n<p>Un unbox\u0628\u0648\u0635\u062c\u0631\u0627\u0645 \u0645\u062a\u0631oment bien planificado construye un enlace de coraz\u00f3n con los compradores. Esto les hace m\u00e1s propensos a adherirse a la marca.<\/p>\n<p>Q2: \u00bfPor qu\u00e9 las botellas de perfumer\u00eda se ven como arte?<\/p>\n<p>Perfumer botellas de grano m\u00e1s all\u00e1 de su trabajo. Ellos representan qui\u00e9n eres y tu lugar en el mundo. Sus looks art\u00edsticos los hacen valer la pena coleccionar y mostrar.<\/p>\n<p>Q3: \u00bfEn qu\u00e9 se destacan los desigramns de Jaunce?<\/p>\n<p>Jaunce mezcla formas audaces con materiales ricos y toques sofisticados. Crean un pack \u00fanico que se adapta a muchos gustos.<\/p>\n<p>Por qu\u00e9 Perfumetre Bottle Desi\u062c\u0631\u0627\u0645n juega un papel crucial en la identidad de la marca - Jaunce industrial<\/p>\n<p>Productos - Jaunce pulgadadustrial - P\u00e1gina 3<\/p>\n<p>\u00bfPor qu\u00e9 son importantes las botellas cosm\u00e9ticas?<\/p>\n<p>\u00bfC\u00f3mo protegen las botellas cosm\u00e9ticas los productos?<\/p>\n<p>&nbsp;<\/p>\n<p><img decoding=\"async\" class=\"alignnone wp-image-1356\" src=\"https:\/\/www.cosmepak.com\/wp-content\/uploads\/2024\/12\/1-2.jpg\" alt=\"\" width=\"1399\" height=\"1399\" srcset=\"https:\/\/www.cosmepak.com\/wp-content\/uploads\/2024\/12\/1-2.jpg 1000w, https:\/\/www.cosmepak.com\/wp-content\/uploads\/2024\/12\/1-2-300x300.jpg 300w, https:\/\/www.cosmepak.com\/wp-content\/uploads\/2024\/12\/1-2-150x150.jpg 150w, https:\/\/www.cosmepak.com\/wp-content\/uploads\/2024\/12\/1-2-768x768.jpg 768w, https:\/\/www.cosmepak.com\/wp-content\/uploads\/2024\/12\/1-2-600x600.jpg 600w, https:\/\/www.cosmepak.com\/wp-content\/uploads\/2024\/12\/1-2-100x100.jpg 100w\" sizes=\"(max-width: 1399px) 100vw, 1399px\" \/><\/p>\n<p>C\u00f3mo personalizar en funci\u00f3n de los c\u00f3digos de color Pantone proporcionados por el cliente<br \/>\n<strong>Comunicaci\u00f3n con el cliente:<\/strong><br \/>\nConfirme los requisitos espec\u00edficos de personalizaci\u00f3n del cliente, incluidos los c\u00f3digos de color Pantone, la cantidad, el tiempo de entrega, etc.<br \/>\nConfirme con el cliente si hay otros requisitos especiales, como embalaje, etiquetas, etc.<br \/>\n<strong>Confirmaci\u00f3n de la muestra de color:<\/strong><br \/>\nBas\u00e1ndose en el c\u00f3digo de color Pantone proporcionado por el cliente, prepare las muestras de color correspondientes.<br \/>\nEnv\u00ede las muestras de color al cliente para confirmaci\u00f3n para garantizar la exactitud del color.<br \/>\n<strong>Preparaci\u00f3n de materia prima:<\/strong><br \/>\nCompre o prepare materias primas que cumplan con los requisitos del c\u00f3digo de color Pantone.<br \/>\nAsegurar la calidad y la consistencia del color de las materias primas.<br \/>\n<strong>Compatibilidad de color de producci\u00f3n:<\/strong><br \/>\nDurante el proceso de producci\u00f3n, la coincidencia de colores se lleva a cabo estrictamente de acuerdo con los n\u00fameros de colores de Pantone.<br \/>\nRealizar la producci\u00f3n de prueba a peque\u00f1a escala para asegurarse de que el color coincida con el cliente&#8217; Requisitos S.<br \/>\n<strong>Control de calidad:<\/strong><br \/>\nDurante el proceso de producci\u00f3n, se realizan m\u00faltiples controles de color para asegurarse de que el color de cada lote de productos es consistente.<br \/>\nRealizar inspecciones finales del producto para asegurarse de que la calidad del producto cumpla con los est\u00e1ndares.<br \/>\n<strong>Confirmaci\u00f3n del cliente:<\/strong><br \/>\nEnviar las muestras producidas o productos terminados a los clientes para su confirmaci\u00f3n.<br \/>\nRealizar ajustes y mejoras finales en funci\u00f3n de los clientes&#8217; retroalimentaci\u00f3n.<br \/>\n<strong>Producci\u00f3n por lotes:<\/strong><br \/>\nDespu\u00e9s de que el cliente confirme que es correcto, se llevar\u00e1 a cabo la producci\u00f3n a gran escala.<br \/>\nAseg\u00farese de que el color y la calidad de cada lote de productos son consistentes.<br \/>\n<strong>Embalaje y env\u00edo:<\/strong><br \/>\nEl embalaje se lleva a cabo de acuerdo con el cliente&#8217; Requisitos S.<br \/>\nOrganizar la log\u00edstica y entregar los productos a los clientes a tiempo.<\/p>\n<table style=\"border-collapse: collapse; width: 100%;\">\n<tbody>\n<tr>\n<td style=\"width: 50%;\"><img decoding=\"async\" class=\"alignnone size-full wp-image-1346\" src=\"https:\/\/www.cosmepak.com\/wp-content\/uploads\/2024\/12\/company_\u526f\u672c.jpg\" alt=\"\" width=\"1060\" height=\"764\" srcset=\"https:\/\/www.cosmepak.com\/wp-content\/uploads\/2024\/12\/company_\u526f\u672c.jpg 1060w, https:\/\/www.cosmepak.com\/wp-content\/uploads\/2024\/12\/company_\u526f\u672c-300x216.jpg 300w, https:\/\/www.cosmepak.com\/wp-content\/uploads\/2024\/12\/company_\u526f\u672c-1024x738.jpg 1024w, https:\/\/www.cosmepak.com\/wp-content\/uploads\/2024\/12\/company_\u526f\u672c-768x554.jpg 768w, https:\/\/www.cosmepak.com\/wp-content\/uploads\/2024\/12\/company_\u526f\u672c-600x432.jpg 600w\" sizes=\"(max-width: 1060px) 100vw, 1060px\" \/><\/td>\n<td style=\"width: 50%;\">Nuestra f\u00e1brica se ha especializado en la fabricaci\u00f3n de envases cosm\u00e9ticos m\u00e1s de 10 a\u00f1os;<\/p>\n<p>\u2611  Ahora tenemos 1 f\u00e1brica para botellas de vidrio, la capacidad puede ser 400.000pcs \/ d\u00eda.<br \/>\n\u2611  1Factory para botellas de pl\u00e1stico, la capacidad puede ser 50.000pcs \/ d\u00eda.<br \/>\n\u2611  1factory para botellas de alumninum, la capacidad puede ser 100.000pcs\/day.<br \/>\nHab\u00edamos pasado la certificaci\u00f3n ISO9000\/14000, tambi\u00e9n podemos proporcionar SGS y MSDS.<br \/>\nNos estamos cumpliendo con el principio de negocios honestos para cada cliente.<br \/>\n\u00a1Bienvenido para cooperar!<\/td>\n<\/tr>\n<\/tbody>\n<\/table>\n<p><img loading=\"lazy\" decoding=\"async\" class=\"alignnone size-full wp-image-1347\" src=\"https:\/\/www.cosmepak.com\/wp-content\/uploads\/2024\/12\/\u9996\u987519202_03.jpg\" alt=\"\" width=\"1920\" height=\"885\" srcset=\"https:\/\/www.cosmepak.com\/wp-content\/uploads\/2024\/12\/\u9996\u987519202_03.jpg 1920w, https:\/\/www.cosmepak.com\/wp-content\/uploads\/2024\/12\/\u9996\u987519202_03-300x138.jpg 300w, https:\/\/www.cosmepak.com\/wp-content\/uploads\/2024\/12\/\u9996\u987519202_03-1024x472.jpg 1024w, https:\/\/www.cosmepak.com\/wp-content\/uploads\/2024\/12\/\u9996\u987519202_03-768x354.jpg 768w, https:\/\/www.cosmepak.com\/wp-content\/uploads\/2024\/12\/\u9996\u987519202_03-1536x708.jpg 1536w, https:\/\/www.cosmepak.com\/wp-content\/uploads\/2024\/12\/\u9996\u987519202_03-600x277.jpg 600w\" sizes=\"(max-width: 1920px) 100vw, 1920px\" \/><\/p>\n<p>&nbsp;<\/p>\n<p>&nbsp;<\/p>\n<div><\/div>","protected":false},"excerpt":{"rendered":"<p>Material: vidrio<\/p>\n<p>Capacidad: 140 ml<\/p>\n<p>Color: Aceptar (cualquier color Pantone disponible)<\/p>\n<p>Tama\u00f1o: OD: 70 mm;<\/p>\n<p>MOQ: 10000pcs para personalizados<\/p>\n<p>Aplicaci\u00f3n: Ampliamente utilizado en dormitorio \/ sala de estar \/ oficina \/ inodoro, etc.<\/p>","protected":false},"featured_media":1262,"comment_status":"closed","ping_status":"closed","template":"","meta":{"_acf_changed":false},"product_brand":[],"product_cat":[17],"product_tag":[],"class_list":{"0":"post-152","1":"product","2":"type-product","3":"status-publish","4":"has-post-thumbnail","6":"product_cat-perfume-bottle","8":"first","9":"outofstock","10":"shipping-taxable","11":"product-type-simple"},"acf":[],"_links":{"self":[{"href":"https:\/\/www.cosmepak.com\/es\/wp-json\/wp\/v2\/product\/152","targetHints":{"allow":["GET"]}}],"collection":[{"href":"https:\/\/www.cosmepak.com\/es\/wp-json\/wp\/v2\/product"}],"about":[{"href":"https:\/\/www.cosmepak.com\/es\/wp-json\/wp\/v2\/types\/product"}],"replies":[{"embeddable":true,"href":"https:\/\/www.cosmepak.com\/es\/wp-json\/wp\/v2\/comments?post=152"}],"wp:featuredmedia":[{"embeddable":true,"href":"https:\/\/www.cosmepak.com\/es\/wp-json\/wp\/v2\/media\/1262"}],"wp:attachment":[{"href":"https:\/\/www.cosmepak.com\/es\/wp-json\/wp\/v2\/media?parent=152"}],"wp:term":[{"taxonomy":"product_brand","embeddable":true,"href":"https:\/\/www.cosmepak.com\/es\/wp-json\/wp\/v2\/product_brand?post=152"},{"taxonomy":"product_cat","embeddable":true,"href":"https:\/\/www.cosmepak.com\/es\/wp-json\/wp\/v2\/product_cat?post=152"},{"taxonomy":"product_tag","embeddable":true,"href":"https:\/\/www.cosmepak.com\/es\/wp-json\/wp\/v2\/product_tag?post=152"}],"curies":[{"name":"WP","href":"https:\/\/api.w.org\/{rel}","templated":true}]}}