{"id":1521,"date":"2025-03-28T09:44:00","date_gmt":"2025-03-28T01:44:00","guid":{"rendered":"https:\/\/www.cosmepak.com\/?post_type=product&#038;p=1521"},"modified":"2025-10-22T15:33:18","modified_gmt":"2025-10-22T07:33:18","slug":"essential-oil-bottle-10ml-15ml-20ml-30ml-50ml-essential-oil-glass-bottle-jaunce","status":"publish","type":"product","link":"https:\/\/www.cosmepak.com\/es\/product\/essential-oil-bottle-10ml-15ml-20ml-30ml-50ml-essential-oil-glass-bottle-jaunce\/","title":{"rendered":"Jaunce \u0645\u062a\u0631akes botellas que son pr\u00e1cticas y \u062c\u0631\u0627\u0645ood para el planeta. Utilizan materiales reciclables para productos de lujo y econ\u00f3micos. Sus botellas de PET son ligeras y resistentes, perfectas para champ\u00fas. Sus botellas de vidrio pueden tener dibujos helados o impresos para un aspecto elegante, como decorar su cuaderno favorito."},"content":{"rendered":"<table style=\"border-collapse: collapse; width: 100%; height: 242px;\">\n<tbody>\n<tr style=\"height: 24px;\">\n<td style=\"width: 52.3373%; height: 24px; text-align: center;\">Marca<\/td>\n<td style=\"width: 47.6627%; height: 24px; text-align: center;\">\u00a0Jaunce<\/td>\n<\/tr>\n<tr style=\"height: 24px;\">\n<td style=\"width: 52.3373%; height: 24px; text-align: center;\">Capacidad<\/td>\n<td style=\"width: 47.6627%; height: 24px; text-align: center;\">Peque\u00f1o, amigable con los viajes packa\u062c\u0631\u0627\u0645\u0628\u0648\u0635\u0629g se adapta a los compradores de hoy en d\u00eda en movimiento. Como los boomers de las compras en l\u00ednea, la gente quiere perfumes peque\u00f1os, muestras, kits de prueba o tama\u00f1os de viaje. Estos permiten a los usuarios llevar favoritos sin ocupar mucho espacio.<\/td>\n<\/tr>\n<tr style=\"height: 24px;\">\n<td style=\"width: 52.3373%; height: 24px; text-align: center;\">Forma<\/td>\n<td style=\"width: 47.6627%; height: 24px; text-align: center;\">Redondo<\/td>\n<\/tr>\n<tr style=\"height: 24px;\">\n<td style=\"width: 52.3373%; height: 24px; text-align: center;\">Material<\/td>\n<td style=\"width: 47.6627%; height: 24px; text-align: center;\">Los tama\u00f1os de viaje a menudo tienen desigramns de metro. Mezclan f\u00e1cil carry\u0628\u0648\u0635\u0629g con buen uso. Por ejemplo, peque\u00f1as botellas de muestra o peque\u00f1os conjuntos de sombras de ojos coinciden con los gustos de belleza y las necesidades reales. Esto aumenta la alegr\u00eda del usuario. Tambi\u00e9n permiten a las marcas atraer nuevos compradores con tama\u00f1os de prueba.<\/td>\n<\/tr>\n<tr style=\"height: 24px;\">\n<td style=\"width: 52.3373%; height: 26px; text-align: center;\">Peso<\/td>\n<td style=\"width: 47.6627%; height: 26px; text-align: center;\">Productos de Jaunce para Embalaje Balanced<\/td>\n<\/tr>\n<tr style=\"height: 24px;\">\n<td style=\"width: 52.3373%; height: 24px; text-align: center;\">Adecuado<\/td>\n<td style=\"width: 47.6627%; height: 24px; text-align: center;\">Cuentagotas<\/td>\n<\/tr>\n<tr style=\"height: 24px;\">\n<td style=\"width: 52.3373%; height: 24px; text-align: center;\">Modelo<\/td>\n<td style=\"width: 47.6627%; height: 24px; text-align: center;\">JH-LWM06<\/td>\n<\/tr>\n<tr style=\"height: 24px;\">\n<td style=\"width: 52.3373%; height: 24px; text-align: center;\">OEM \/ ODM<\/td>\n<td style=\"width: 47.6627%; height: 24px; text-align: center;\">Aceptar<\/td>\n<\/tr>\n<tr style=\"height: 24px;\">\n<td style=\"width: 52.3373%; height: 24px; text-align: center;\">Color<\/td>\n<td style=\"width: 47.6627%; height: 24px; text-align: center;\">Personalizado<\/td>\n<\/tr>\n<tr style=\"height: 24px;\">\n<td style=\"width: 52.3373%; height: 24px; text-align: center;\">Moq<\/td>\n<td style=\"width: 47.6627%; height: 24px; text-align: center;\">General 5000pcs;<\/td>\n<\/tr>\n<\/tbody>\n<\/table>\n<p>&nbsp;<\/p>\n<p><img fetchpriority=\"high\" decoding=\"async\" class=\"size-full wp-image-1524 aligncenter\" src=\"https:\/\/www.cosmepak.com\/wp-content\/uploads\/2025\/03\/photobank-3-2.jpg\" alt=\"\" width=\"1000\" height=\"1000\" srcset=\"https:\/\/www.cosmepak.com\/wp-content\/uploads\/2025\/03\/photobank-3-2.jpg 1000w, https:\/\/www.cosmepak.com\/wp-content\/uploads\/2025\/03\/photobank-3-2-300x300.jpg 300w, https:\/\/www.cosmepak.com\/wp-content\/uploads\/2025\/03\/photobank-3-2-150x150.jpg 150w, https:\/\/www.cosmepak.com\/wp-content\/uploads\/2025\/03\/photobank-3-2-768x768.jpg 768w, https:\/\/www.cosmepak.com\/wp-content\/uploads\/2025\/03\/photobank-3-2-600x600.jpg 600w, https:\/\/www.cosmepak.com\/wp-content\/uploads\/2025\/03\/photobank-3-2-100x100.jpg 100w\" sizes=\"(max-width: 1000px) 100vw, 1000px\" \/><\/p>\n<table style=\"border-collapse: collapse; width: 100%;\">\n<tbody>\n<tr>\n<td style=\"width: 16.6667%; text-align: center;\"><strong>Capacidad<\/strong><\/td>\n<td style=\"width: 16.6667%; text-align: center;\"><strong>Altura total<\/strong><\/td>\n<td style=\"width: 16.6667%; text-align: center;\"><strong>Altura de la botella<\/strong><\/td>\n<td style=\"width: 16.6667%; text-align: center;\"><strong>Altura imprimible<\/strong><\/td>\n<td style=\"width: 16.6667%; text-align: center;\"><strong>Di\u00e1metro<\/strong><\/td>\n<td style=\"width: 16.6667%; text-align: center;\"><strong>Peso<\/strong><\/td>\n<\/tr>\n<tr>\n<td style=\"width: 16.6667%; text-align: center;\">10 ml<\/td>\n<td style=\"width: 16.6667%; text-align: center;\">82 mm<\/td>\n<td style=\"width: 16.6667%; text-align: center;\">58 mm<\/td>\n<td style=\"width: 16.6667%; text-align: center;\">31 mm<\/td>\n<td style=\"width: 16.6667%; text-align: center;\">24.5mm<\/td>\n<td style=\"width: 16.6667%; text-align: center;\">31G<\/td>\n<\/tr>\n<tr>\n<td style=\"width: 16.6667%; text-align: center;\">15 ml<\/td>\n<td style=\"width: 16.6667%; text-align: center;\">88 mm<\/td>\n<td style=\"width: 16.6667%; text-align: center;\">65 mm<\/td>\n<td style=\"width: 16.6667%; text-align: center;\">36 mm<\/td>\n<td style=\"width: 16.6667%; text-align: center;\">28.5mm<\/td>\n<td style=\"width: 16.6667%; text-align: center;\">36G<\/td>\n<\/tr>\n<tr>\n<td style=\"width: 16.6667%; text-align: center;\">20 ml<\/td>\n<td style=\"width: 16.6667%; text-align: center;\">95 mm<\/td>\n<td style=\"width: 16.6667%; text-align: center;\">71 mm<\/td>\n<td style=\"width: 16.6667%; text-align: center;\">42 mm<\/td>\n<td style=\"width: 16.6667%; text-align: center;\">29 mm<\/td>\n<td style=\"width: 16.6667%; text-align: center;\">40 g<\/td>\n<\/tr>\n<tr>\n<td style=\"width: 16.6667%; text-align: center;\">30 ml<\/td>\n<td style=\"width: 16.6667%; text-align: center;\">103 mm<\/td>\n<td style=\"width: 16.6667%; text-align: center;\">78 mm<\/td>\n<td style=\"width: 16.6667%; text-align: center;\">50 mm<\/td>\n<td style=\"width: 16.6667%; text-align: center;\">33 mm<\/td>\n<td style=\"width: 16.6667%; text-align: center;\">49g<\/td>\n<\/tr>\n<tr>\n<td style=\"width: 16.6667%; text-align: center;\">50 ml<\/td>\n<td style=\"width: 16.6667%; text-align: center;\">116 mm<\/td>\n<td style=\"width: 16.6667%; text-align: center;\">92 mm<\/td>\n<td style=\"width: 16.6667%; text-align: center;\">60 mm<\/td>\n<td style=\"width: 16.6667%; text-align: center;\">37 mm<\/td>\n<td style=\"width: 16.6667%; text-align: center;\">62G<\/td>\n<\/tr>\n<\/tbody>\n<\/table>\n<table style=\"border-collapse: collapse; width: 100%; height: 144px;\">\n<tbody>\n<tr style=\"height: 24px;\">\n<td style=\"width: 20%; text-align: center; height: 24px;\"><strong>Art\u00edculo\u00a0<\/strong><\/td>\n<td style=\"width: 20%; text-align: center; height: 24px;\"><strong>Cantidad<\/strong><\/td>\n<td style=\"width: 20%; text-align: center; height: 24px;\"><strong>Tama\u00f1o del paquete<\/strong><\/td>\n<td style=\"width: 20%; text-align: center; height: 24px;\"><strong>noroeste<\/strong><\/td>\n<td style=\"width: 20%; text-align: center; height: 24px;\"><strong>GW<\/strong><\/td>\n<\/tr>\n<tr style=\"height: 24px;\">\n<td style=\"width: 20%; text-align: center; height: 24px;\">10 ml<\/td>\n<td style=\"width: 20%; text-align: center; height: 24px;\">768pcs<\/td>\n<td style=\"width: 20%; text-align: center; height: 24px;\">42*27*24<\/td>\n<td style=\"width: 20%; text-align: center; height: 24px;\">23.8kg<\/td>\n<td style=\"width: 20%; text-align: center; height: 24px;\">25.8kg<\/td>\n<\/tr>\n<tr style=\"height: 24px;\">\n<td style=\"width: 20%; text-align: center; height: 24px;\">15 ml<\/td>\n<td style=\"width: 20%; text-align: center; height: 24px;\">468pcs<\/td>\n<td style=\"width: 20%; text-align: center; height: 24px;\">40*31*21<\/td>\n<td style=\"width: 20%; text-align: center; height: 24px;\">16.8kg<\/td>\n<td style=\"width: 20%; text-align: center; height: 24px;\">18.8kg<\/td>\n<\/tr>\n<tr style=\"height: 24px;\">\n<td style=\"width: 20%; text-align: center; height: 24px;\">20 ml<\/td>\n<td style=\"width: 20%; text-align: center; height: 24px;\">468pcs<\/td>\n<td style=\"width: 20%; text-align: center; height: 24px;\">40*21*23<\/td>\n<td style=\"width: 20%; text-align: center; height: 24px;\">18.7kg<\/td>\n<td style=\"width: 20%; text-align: center; height: 24px;\">20.7kg<\/td>\n<\/tr>\n<tr style=\"height: 24px;\">\n<td style=\"width: 20%; text-align: center; height: 24px;\">30 ml<\/td>\n<td style=\"width: 20%; text-align: center; height: 24px;\">330 piezas<\/td>\n<td style=\"width: 20%; text-align: center; height: 24px;\">40*30*25<\/td>\n<td style=\"width: 20%; text-align: center; height: 24px;\">16.1kg<\/td>\n<td style=\"width: 20%; text-align: center; height: 24px;\">18.1kg<\/td>\n<\/tr>\n<tr style=\"height: 24px;\">\n<td style=\"width: 20%; text-align: center; height: 24px;\">50 ml<\/td>\n<td style=\"width: 20%; text-align: center; height: 24px;\">264pcs<\/td>\n<td style=\"width: 20%; text-align: center; height: 24px;\">44*28*29<\/td>\n<td style=\"width: 20%; text-align: center; height: 24px;\">16.4kg<\/td>\n<td style=\"width: 20%; text-align: center; height: 24px;\">18.4kg<\/td>\n<\/tr>\n<\/tbody>\n<\/table>\n<div><img decoding=\"async\" class=\"alignnone  wp-image-3182\" src=\"https:\/\/www.cosmepak.com\/wp-content\/uploads\/2025\/03\/9-3.jpg\" alt=\"\" width=\"1373\" height=\"1373\" srcset=\"https:\/\/www.cosmepak.com\/wp-content\/uploads\/2025\/03\/9-3.jpg 1000w, https:\/\/www.cosmepak.com\/wp-content\/uploads\/2025\/03\/9-3-300x300.jpg 300w, https:\/\/www.cosmepak.com\/wp-content\/uploads\/2025\/03\/9-3-150x150.jpg 150w, https:\/\/www.cosmepak.com\/wp-content\/uploads\/2025\/03\/9-3-768x768.jpg 768w, https:\/\/www.cosmepak.com\/wp-content\/uploads\/2025\/03\/9-3-12x12.jpg 12w, https:\/\/www.cosmepak.com\/wp-content\/uploads\/2025\/03\/9-3-600x600.jpg 600w, https:\/\/www.cosmepak.com\/wp-content\/uploads\/2025\/03\/9-3-100x100.jpg 100w\" sizes=\"(max-width: 1373px) 100vw, 1373px\" \/><\/div>\n<div>Jaunce sh\u0628\u0648\u0635\u0627\u062a con<br \/>\ntrucos de decoraci\u00f3n de primera clase y opciones de custometr<\/div>\n<div>Se ajustan a todas las l\u00edneas cosm\u00e9tricas. Su habilidad se asegura de que cada detalle cuenta. Desde pickin\u062c\u0631\u0627m materiales a hacer dise\u00f1os, gritan calidad. Ofrecen toneladas de servicios de decoraci\u00f3n. Estos incluyen serigraf\u00eda, helado, estampado en caliente y acabados en gradiente de pulverizaci\u00f3n.<\/div>\n<div>\n<table style=\"border-collapse: collapse; width: 100%; height: 144px;\">\n<tbody>\n<tr style=\"height: 24px;\">\n<td style=\"width: 22.966%; height: 24px; text-align: center;\"><strong>Capacidad<\/strong><\/td>\n<td style=\"width: 40.5689%; height: 24px; text-align: center;\"><strong>Uso<\/strong><\/td>\n<td style=\"width: 36.465%; height: 24px; text-align: center;\"><strong>La personalizaci\u00f3n es la fuerza bigrama de Jaunce. Las marcas eligen de m\u00e1s y m\u00e1s piezas de dise\u00f1o, como f\u0628\u0648\u0635ishes lisas o transparentes. Estos coinciden perfectamente con su estilo. Esta libertad ayuda a las marcas a brillar en mercados dif\u00edciles. Tambi\u00e9n cumple con lo que quieren los compradores.<\/strong><\/td>\n<\/tr>\n<tr style=\"height: 24px;\">\n<td style=\"width: 22.966%; height: 24px; text-align: center;\">10 ml<\/td>\n<td style=\"width: 40.5689%; height: 24px; text-align: left;\">\u00bfQu\u00e9 consejos para la muestra cosm\u00e9tica Packa\u062c\u0631\u0627\u0645\u0628\u0648\u0635\u0629g?<\/td>\n<td style=\"width: 36.465%; height: 24px; text-align: left;\">Muestra cosm\u00e9tica packa\u062c\u0631\u0627\u0645\u0628\u0648\u0635\u0629g debe mezclar utilidad con vibraciones fant\u00e1sticas. Las peque\u00f1as versiones de productos grandes permiten a los compradores probar cosas de gama alta a un precio bajo. M\u00e1s personas quieren paquetes de muestras de perfume. A ellos les gusta probar olores antes de comprar grandes.<\/td>\n<\/tr>\n<tr style=\"height: 24px;\">\n<td style=\"width: 22.966%; height: 24px; text-align: center;\">15 ml<\/td>\n<td style=\"width: 40.5689%; height: 24px; text-align: left;\">Las opciones verdes aumentan el encanto de la muestra cosm\u00e9trica. Abordan las preocupaciones del planeta. Las opciones como los pl\u00e1sticos que se descomponen o el vidrio reciclado funcionan bien. Mantienen la belleza y la utilidad sin da\u00f1ar la tierra.<\/td>\n<td style=\"width: 36.465%; height: 24px; text-align: left;\">Tendencias Shap\u0628\u0648\u0635\u0629\u062c\u0631\u0627\u0645 El futuro del embalaje cosm\u00e9tico<\/td>\n<\/tr>\n<tr style=\"height: 24px;\">\n<td style=\"width: 22.966%; height: 24px; text-align: center;\">20 ml<\/td>\n<td style=\"width: 40.5689%; height: 24px; text-align: left;\">\u00bfC\u00f3mo cambiar\u00e1 Smetrart Packa\u062c\u0631\u0627\u0645\u0628\u0635\u0629g Tech las cosas?<\/td>\n<td style=\"width: 36.465%; height: 24px; text-align: left;\">Smetrart tecnolog\u00eda sacudir\u00e1 cosm\u00e9ticos packa\u062c\u0631\u0627\u0645\u0628\u0648\u0635\u0629g. A\u00f1ade bits digitales a los dise\u00f1os de la vieja escuela. Cosas como los c\u00f3digos QR permiten a los compradores tener experiencias divertidas. Escanean c\u00f3digos para obtener detalles del producto o v\u00eddeos de instrucciones en sus tel\u00e9fonos.<\/td>\n<\/tr>\n<tr style=\"height: 24px;\">\n<td style=\"width: 22.966%; height: 24px; text-align: center;\">30 ml<\/td>\n<td style=\"width: 40.5689%; height: 24px; text-align: left;\">Estos pasos metrake compradores m\u00e1s emocionados. Tambi\u00e9n marcan pistas sobre lo que a la gente le gusta a trav\u00e9s de datos escondidos en el envase.<\/td>\n<td style=\"width: 36.465%; height: 24px; text-align: left;\">\u00bfPor qu\u00e9 los toques personales son tan grandes?<\/td>\n<\/tr>\n<tr style=\"height: 24px;\">\n<td style=\"width: 22.966%; height: 24px; text-align: center;\">50 ml<\/td>\n<td style=\"width: 40.5689%; height: 24px; text-align: left;\">Packa\u062c\u0631\u0627\u0645\u0628\u0648\u0635\u0629g clics personalizados con compradores que quieren metroments especiales. Las impresiones elegantes permiten a las marcas agregar patrones detallados, logotipos personalizados o incluso nombres en las etiquetas. Cumplir con los deseos de los compradores de toques personales es clave ahora. Agarra los ojos del mercado.<\/td>\n<td style=\"width: 36.465%; height: 24px; text-align: left;\">Este k\u0628\u0648\u0635\u062a de productos de cuidado se sienten como un crimen. Levanta su valor en la mente de los compradores.<\/td>\n<\/tr>\n<\/tbody>\n<\/table>\n<p>\u00bfPor qu\u00e9 es importante la claridad para los nuevos deseos?<br \/>\nLa claridad es la clave m\u00e1s importante, ya que los compradores quieren marcas honestas. A ellos les gustan las etiquetas que muestran la verdad y el coraz\u00f3n. El vidrio con alta claridad muestra el color y la sensaci\u00f3n del producto. Construye confianza.<br \/>\nQ1. \u00bfQu\u00e9 es el paquete cosm\u00e9tico multifuncional?<br \/>\nMezcla la utilidad con nuevas ideas. Hace m\u00e1s de un trabajo por un desigramn. Por ejemplo, estuches de l\u00e1piz labial con espejos incorporados.<\/p>\n<p>Q2. \u00bfC\u00f3mo ayuda a los compradores y las marcas?<br \/>\nLas opciones recargables reducen los residuos. Mantienen a los compradores de vuelta. Se ajustan a los objetivos globales de salvar la tierra.<br \/>\nQ3. \u00bfPor qu\u00e9 los toques personales son la clave de la muestra cosm\u00e9tica?<br \/>\nDesigramns personal construir un coraz\u00f3n l\u0628\u0648\u0635\u062a\u0643 con los compradores. Ofrecen metromentos especiales adaptados al gusto de cada persona.<\/p>\n<table style=\"border-collapse: collapse; width: 100%;\">\n<tbody>\n<tr>\n<td style=\"width: 33.3333%;\"><img decoding=\"async\" class=\"alignnone size-full wp-image-3192\" src=\"https:\/\/www.cosmepak.com\/wp-content\/uploads\/2025\/03\/4-6.jpg\" alt=\"\" width=\"1000\" height=\"1000\" srcset=\"https:\/\/www.cosmepak.com\/wp-content\/uploads\/2025\/03\/4-6.jpg 1000w, https:\/\/www.cosmepak.com\/wp-content\/uploads\/2025\/03\/4-6-300x300.jpg 300w, https:\/\/www.cosmepak.com\/wp-content\/uploads\/2025\/03\/4-6-150x150.jpg 150w, https:\/\/www.cosmepak.com\/wp-content\/uploads\/2025\/03\/4-6-768x768.jpg 768w, https:\/\/www.cosmepak.com\/wp-content\/uploads\/2025\/03\/4-6-12x12.jpg 12w, https:\/\/www.cosmepak.com\/wp-content\/uploads\/2025\/03\/4-6-600x600.jpg 600w, https:\/\/www.cosmepak.com\/wp-content\/uploads\/2025\/03\/4-6-100x100.jpg 100w\" sizes=\"(max-width: 1000px) 100vw, 1000px\" \/><\/td>\n<td style=\"width: 33.3333%;\"><img loading=\"lazy\" decoding=\"async\" class=\"alignnone size-full wp-image-3193\" src=\"https:\/\/www.cosmepak.com\/wp-content\/uploads\/2025\/03\/5-4.jpg\" alt=\"\" width=\"1000\" height=\"1000\" srcset=\"https:\/\/www.cosmepak.com\/wp-content\/uploads\/2025\/03\/5-4.jpg 1000w, https:\/\/www.cosmepak.com\/wp-content\/uploads\/2025\/03\/5-4-300x300.jpg 300w, https:\/\/www.cosmepak.com\/wp-content\/uploads\/2025\/03\/5-4-150x150.jpg 150w, https:\/\/www.cosmepak.com\/wp-content\/uploads\/2025\/03\/5-4-768x768.jpg 768w, https:\/\/www.cosmepak.com\/wp-content\/uploads\/2025\/03\/5-4-12x12.jpg 12w, https:\/\/www.cosmepak.com\/wp-content\/uploads\/2025\/03\/5-4-600x600.jpg 600w, https:\/\/www.cosmepak.com\/wp-content\/uploads\/2025\/03\/5-4-100x100.jpg 100w\" sizes=\"(max-width: 1000px) 100vw, 1000px\" \/><\/td>\n<td style=\"width: 33.3333%;\"><img loading=\"lazy\" decoding=\"async\" class=\"alignnone size-full wp-image-3194\" src=\"https:\/\/www.cosmepak.com\/wp-content\/uploads\/2025\/03\/ai-4.jpg\" alt=\"\" width=\"1024\" height=\"1024\" srcset=\"https:\/\/www.cosmepak.com\/wp-content\/uploads\/2025\/03\/ai-4.jpg 1024w, https:\/\/www.cosmepak.com\/wp-content\/uploads\/2025\/03\/ai-4-300x300.jpg 300w, https:\/\/www.cosmepak.com\/wp-content\/uploads\/2025\/03\/ai-4-150x150.jpg 150w, https:\/\/www.cosmepak.com\/wp-content\/uploads\/2025\/03\/ai-4-768x768.jpg 768w, https:\/\/www.cosmepak.com\/wp-content\/uploads\/2025\/03\/ai-4-12x12.jpg 12w, https:\/\/www.cosmepak.com\/wp-content\/uploads\/2025\/03\/ai-4-600x600.jpg 600w, https:\/\/www.cosmepak.com\/wp-content\/uploads\/2025\/03\/ai-4-100x100.jpg 100w\" sizes=\"(max-width: 1024px) 100vw, 1024px\" \/><\/td>\n<\/tr>\n<\/tbody>\n<\/table>\n<table style=\"border-collapse: collapse; width: 100%;\">\n<tbody>\n<tr>\n<td style=\"width: 50%;\"><img loading=\"lazy\" decoding=\"async\" class=\"alignnone size-full wp-image-3195\" src=\"https:\/\/www.cosmepak.com\/wp-content\/uploads\/2025\/03\/ai-8.jpg\" alt=\"\" width=\"1024\" height=\"1024\" srcset=\"https:\/\/www.cosmepak.com\/wp-content\/uploads\/2025\/03\/ai-8.jpg 1024w, https:\/\/www.cosmepak.com\/wp-content\/uploads\/2025\/03\/ai-8-300x300.jpg 300w, https:\/\/www.cosmepak.com\/wp-content\/uploads\/2025\/03\/ai-8-150x150.jpg 150w, https:\/\/www.cosmepak.com\/wp-content\/uploads\/2025\/03\/ai-8-768x768.jpg 768w, https:\/\/www.cosmepak.com\/wp-content\/uploads\/2025\/03\/ai-8-12x12.jpg 12w, https:\/\/www.cosmepak.com\/wp-content\/uploads\/2025\/03\/ai-8-600x600.jpg 600w, https:\/\/www.cosmepak.com\/wp-content\/uploads\/2025\/03\/ai-8-100x100.jpg 100w\" sizes=\"(max-width: 1024px) 100vw, 1024px\" \/><\/td>\n<td style=\"width: 50%;\"><img loading=\"lazy\" decoding=\"async\" class=\"alignnone size-full wp-image-3196\" src=\"https:\/\/www.cosmepak.com\/wp-content\/uploads\/2025\/03\/ai-1.jpg\" alt=\"\" width=\"1024\" height=\"1024\" srcset=\"https:\/\/www.cosmepak.com\/wp-content\/uploads\/2025\/03\/ai-1.jpg 1024w, https:\/\/www.cosmepak.com\/wp-content\/uploads\/2025\/03\/ai-1-300x300.jpg 300w, https:\/\/www.cosmepak.com\/wp-content\/uploads\/2025\/03\/ai-1-150x150.jpg 150w, https:\/\/www.cosmepak.com\/wp-content\/uploads\/2025\/03\/ai-1-768x768.jpg 768w, https:\/\/www.cosmepak.com\/wp-content\/uploads\/2025\/03\/ai-1-12x12.jpg 12w, https:\/\/www.cosmepak.com\/wp-content\/uploads\/2025\/03\/ai-1-600x600.jpg 600w, https:\/\/www.cosmepak.com\/wp-content\/uploads\/2025\/03\/ai-1-100x100.jpg 100w\" sizes=\"(max-width: 1024px) 100vw, 1024px\" \/><\/td>\n<\/tr>\n<\/tbody>\n<\/table>\n<\/div>","protected":false},"excerpt":{"rendered":"<p>Material: vidrio<\/p>\n<p>El paquete reutilizable y recargable lleva a cambios verdes en la cosm\u00e9tica. La ola de recarga est\u00e1 creciendo. Los compradores lo quieren como parte de salvar la Tierra. A la gente les gustan los productos que pueden rellenar en lugar de tirar. Esto reduce el da\u00f1o al planeta. Tambi\u00e9n mantiene a los compradores leales con m\u00e1s compras.<\/p>\n<p>Cosm\u00e9tica packa\u062c\u0631\u0627\u0645\u0628\u0648\u0635\u0629g hace m\u00e1s que mantener cosas. Mantiene los productos seguros, frescos y f\u00e1ciles de usar. El mundo de los cosm\u00e9ticos tiene reglas estrictas para los materiales de envasado. Estos materiales deben mantenerse fuertes, detener las fugas y protegerse de cosas como el agua o el calor. Tambi\u00e9n deben ser f\u00e1ciles de manejar. Por ejemplo, el vidrio a menudo se escoge para art\u00edculos de cuidado de la piel de lujo. Es estable y claro. Esto mantiene el producto bueno y muestra su belleza. El pl\u00e1stico, sin embargo, es duro y ligero. Es ideal para cosas como estuches de l\u00e1piz labial o cajas de sombras de ojos.<\/p>\n<p>Los desigrams reutilizables usan cosas fuertes como vidrio o pl\u00e1sticos duros. Estos duran a trav\u00e9s de usos metrany sin belleza los\u0628\u0648\u0635\u0629g. El vidrio es la mejor opci\u00f3n para el cuidado de la piel de lujo. Es estable y mantiene los productos buenos. Estos pasos coinciden con los valores verdes y dan ventajas reales.<\/p>\n<p>Color: Aceptar personalizado (cualquier color Pantone disponible)<\/p>\n<p>Acabado de superficie: impresi\u00f3n de pantalla, estampado en caliente, gradiente de pulverizaci\u00f3n, acabado mate, etc.<\/p>\n<p>MOQ: 5000pcs<\/p>\n<p>Muestra: muestras gratuitas disponibles<\/p>\n<p>&nbsp;<\/p>\n<p>&nbsp;<\/p>","protected":false},"featured_media":1523,"comment_status":"closed","ping_status":"closed","template":"","meta":{"_acf_changed":false},"product_brand":[],"product_cat":[15,58],"product_tag":[40],"class_list":{"0":"post-1521","1":"product","2":"type-product","3":"status-publish","4":"has-post-thumbnail","6":"product_cat-essential-oil-bottle","7":"product_cat-glass-essential-oil-bottle","8":"product_tag-essential-oil-bottle","10":"first","11":"outofstock","12":"shipping-taxable","13":"product-type-simple"},"acf":[],"_links":{"self":[{"href":"https:\/\/www.cosmepak.com\/es\/wp-json\/wp\/v2\/product\/1521","targetHints":{"allow":["GET"]}}],"collection":[{"href":"https:\/\/www.cosmepak.com\/es\/wp-json\/wp\/v2\/product"}],"about":[{"href":"https:\/\/www.cosmepak.com\/es\/wp-json\/wp\/v2\/types\/product"}],"replies":[{"embeddable":true,"href":"https:\/\/www.cosmepak.com\/es\/wp-json\/wp\/v2\/comments?post=1521"}],"wp:featuredmedia":[{"embeddable":true,"href":"https:\/\/www.cosmepak.com\/es\/wp-json\/wp\/v2\/media\/1523"}],"wp:attachment":[{"href":"https:\/\/www.cosmepak.com\/es\/wp-json\/wp\/v2\/media?parent=1521"}],"wp:term":[{"taxonomy":"product_brand","embeddable":true,"href":"https:\/\/www.cosmepak.com\/es\/wp-json\/wp\/v2\/product_brand?post=1521"},{"taxonomy":"product_cat","embeddable":true,"href":"https:\/\/www.cosmepak.com\/es\/wp-json\/wp\/v2\/product_cat?post=1521"},{"taxonomy":"product_tag","embeddable":true,"href":"https:\/\/www.cosmepak.com\/es\/wp-json\/wp\/v2\/product_tag?post=1521"}],"curies":[{"name":"WP","href":"https:\/\/api.w.org\/{rel}","templated":true}]}}