{"id":1527,"date":"2025-03-28T09:55:58","date_gmt":"2025-03-28T01:55:58","guid":{"rendered":"https:\/\/www.cosmepak.com\/?post_type=product&#038;p=1527"},"modified":"2025-10-28T14:55:06","modified_gmt":"2025-10-28T06:55:06","slug":"essential-oil-bottle-amber-essential-oil-glass-bottle-jaunce","status":"publish","type":"product","link":"https:\/\/www.cosmepak.com\/es\/product\/essential-oil-bottle-amber-essential-oil-glass-bottle-jaunce\/","title":{"rendered":"Botella de aceite esencial-Amber botella de vidrio de aceite esencial\/Jaunce"},"content":{"rendered":"<table style=\"border-collapse: collapse; width: 100%; height: 242px;\">\n<tbody>\n<tr style=\"height: 24px;\">\n<td style=\"width: 51.0414%; height: 24px; text-align: center;\">Marca<\/td>\n<td style=\"width: 48.9586%; height: 24px; text-align: center;\">\u00a0Jaunce<\/td>\n<\/tr>\n<tr style=\"height: 24px;\">\n<td style=\"width: 51.0414%; height: 24px; text-align: center;\">Capacidad<\/td>\n<td style=\"width: 48.9586%; height: 24px; text-align: center;\">Packa\u062c\u0631\u0627\u0645\u0628\u0648\u0635\u0629g es a menudo lo primero que ve un comprador. Su aspecto tiene una gran marca. El embalaje cosm\u00e9tico act\u00faa como la \u201ccara\u201d del producto. Da forma a las opciones de compra mostrando el estilo y el ambiente especial de la marca. Dise\u00f1os divertidos con colores brillantes o patrones elegantes provocan sentimientos. Se conectan con las personas adecuadas. Por ejemplo, los rosas suaves con l\u00edneas sencillas pueden sentirse femeninos. Los colores negros y dorados sugieren vibraciones ricas y especiales.<\/td>\n<\/tr>\n<tr style=\"height: 24px;\">\n<td style=\"width: 51.0414%; height: 24px; text-align: center;\">Forma<\/td>\n<td style=\"width: 48.9586%; height: 24px; text-align: center;\">Redondo<\/td>\n<\/tr>\n<tr style=\"height: 24px;\">\n<td style=\"width: 51.0414%; height: 26px; text-align: center;\">Peso<\/td>\n<td style=\"width: 48.9586%; height: 26px; text-align: center;\">Buen aspecto \u062c\u0631\u0627\u0645\u0648 m\u00e1s all\u00e1 del color. Las formas y los metamateriales tambi\u00e9n importan. Formas extra\u00f1as, como conjuntos de sombras de ojos en forma de flor o<\/td>\n<\/tr>\n<tr style=\"height: 24px;\">\n<td style=\"width: 51.0414%; height: 24px; text-align: center;\">Adecuado<\/td>\n<td style=\"width: 48.9586%; height: 24px; text-align: center;\">Cuentagotas<\/td>\n<\/tr>\n<tr style=\"height: 24px;\">\n<td style=\"width: 51.0414%; height: 24px; text-align: center;\">Modelo<\/td>\n<td style=\"width: 48.9586%; height: 24px; text-align: center;\">botellas de perfumer\u00eda elegantes<\/td>\n<\/tr>\n<tr style=\"height: 24px;\">\n<td style=\"width: 51.0414%; height: 24px; text-align: center;\">OEM \/ ODM<\/td>\n<td style=\"width: 48.9586%; height: 24px; text-align: center;\">Aceptar<\/td>\n<\/tr>\n<tr style=\"height: 24px;\">\n<td style=\"width: 51.0414%; height: 24px; text-align: center;\">Color<\/td>\n<td style=\"width: 48.9586%; height: 24px; text-align: center;\">Personalizado<\/td>\n<\/tr>\n<tr style=\"height: 24px;\">\n<td style=\"width: 51.0414%; height: 24px; text-align: center;\">Moq<\/td>\n<td style=\"width: 48.9586%; height: 24px; text-align: center;\">General 5000pcs;<\/td>\n<\/tr>\n<\/tbody>\n<\/table>\n<p><img fetchpriority=\"high\" decoding=\"async\" class=\"size-full wp-image-3201 aligncenter\" src=\"https:\/\/www.cosmepak.com\/wp-content\/uploads\/2025\/03\/10-5.jpg\" alt=\"\" width=\"1000\" height=\"1173\" srcset=\"https:\/\/www.cosmepak.com\/wp-content\/uploads\/2025\/03\/10-5.jpg 1000w, https:\/\/www.cosmepak.com\/wp-content\/uploads\/2025\/03\/10-5-256x300.jpg 256w, https:\/\/www.cosmepak.com\/wp-content\/uploads\/2025\/03\/10-5-873x1024.jpg 873w, https:\/\/www.cosmepak.com\/wp-content\/uploads\/2025\/03\/10-5-768x901.jpg 768w, https:\/\/www.cosmepak.com\/wp-content\/uploads\/2025\/03\/10-5-10x12.jpg 10w, https:\/\/www.cosmepak.com\/wp-content\/uploads\/2025\/03\/10-5-600x704.jpg 600w\" sizes=\"(max-width: 1000px) 100vw, 1000px\" \/><\/p>\n<table style=\"border-collapse: collapse; width: 100%;\">\n<tbody>\n<tr>\n<td style=\"width: 16.6667%; text-align: center;\"><strong>Capacidad<\/strong><\/td>\n<td style=\"width: 16.6667%; text-align: center;\"><strong>Altura total<\/strong><\/td>\n<td style=\"width: 16.6667%; text-align: center;\"><strong>Altura de la botella<\/strong><\/td>\n<td style=\"width: 16.6667%; text-align: center;\"><strong>Altura imprimible<\/strong><\/td>\n<td style=\"width: 16.6667%; text-align: center;\"><strong>Di\u00e1metro<\/strong><\/td>\n<td style=\"width: 16.6667%; text-align: center;\"><strong>Peso<\/strong><\/td>\n<\/tr>\n<tr>\n<td style=\"width: 16.6667%; text-align: center;\">10 ml<\/td>\n<td style=\"width: 16.6667%; text-align: center;\">\u2014\u062c\u0631\u0627\u0645rab compradores que quieren ser nuevos. Estos toques impulsan la belleza. Tambi\u00e9n coinciden con los deseos de los compradores para experiencias personales.<\/td>\n<td style=\"width: 16.6667%; text-align: center;\">58 mm<\/td>\n<td style=\"width: 16.6667%; text-align: center;\">31 mm<\/td>\n<td style=\"width: 16.6667%; text-align: center;\">24.5mm<\/td>\n<td style=\"width: 16.6667%; text-align: center;\">Elementos clave de los cosm\u00e9ticos \u00fatiles Packa\u062c\u0631\u0627\u0645\u0628\u0648\u0635\u0629g<\/td>\n<\/tr>\n<tr>\n<td style=\"width: 16.6667%; text-align: center;\">15 ml<\/td>\n<td style=\"width: 16.6667%; text-align: center;\">95 mm<\/td>\n<td style=\"width: 16.6667%; text-align: center;\">65 mm<\/td>\n<td style=\"width: 16.6667%; text-align: center;\">36 mm<\/td>\n<td style=\"width: 16.6667%; text-align: center;\">28.5mm<\/td>\n<td style=\"width: 16.6667%; text-align: center;\">31G<\/td>\n<\/tr>\n<tr>\n<td style=\"width: 16.6667%; text-align: center;\">20 ml<\/td>\n<td style=\"width: 16.6667%; text-align: center;\">102 mm<\/td>\n<td style=\"width: 16.6667%; text-align: center;\">71 mm<\/td>\n<td style=\"width: 16.6667%; text-align: center;\">42 mm<\/td>\n<td style=\"width: 16.6667%; text-align: center;\">29 mm<\/td>\n<td style=\"width: 16.6667%; text-align: center;\">35g<\/td>\n<\/tr>\n<tr>\n<td style=\"width: 16.6667%; text-align: center;\">30 ml<\/td>\n<td style=\"width: 16.6667%; text-align: center;\">110 mm<\/td>\n<td style=\"width: 16.6667%; text-align: center;\">78 mm<\/td>\n<td style=\"width: 16.6667%; text-align: center;\">50 mm<\/td>\n<td style=\"width: 16.6667%; text-align: center;\">33 mm<\/td>\n<td style=\"width: 16.6667%; text-align: center;\">\u00bfC\u00f3mo puede Packa\u062c\u0631\u0627\u0645\u0628\u0635\u0629g mantenerse fuerte y seguro?<\/td>\n<\/tr>\n<tr>\n<td style=\"width: 16.6667%; text-align: center;\">50 ml<\/td>\n<td style=\"width: 16.6667%; text-align: center;\">121mm<\/td>\n<td style=\"width: 16.6667%; text-align: center;\">92 mm<\/td>\n<td style=\"width: 16.6667%; text-align: center;\">60 mm<\/td>\n<td style=\"width: 16.6667%; text-align: center;\">37 mm<\/td>\n<td style=\"width: 16.6667%; text-align: center;\">Stren\u062c\u0631\u0627mth es s\u00faper importante. Protege los productos de almacenamiento o env\u00edo. Los materiales de envasado absorben golpes de gotas o agitaciones. Bloquean el da\u00f1o causado por los cambios de agua o calor. Los buenos sellos tambi\u00e9n son clave. Detenen fugas o g\u00e9rmenes. Desde tapas de torsi\u00f3n hasta tapas apretadas, cada trozo se hace para que los usuarios se sientan seguros.<\/td>\n<\/tr>\n<\/tbody>\n<\/table>\n<table style=\"border-collapse: collapse; width: 100%;\">\n<tbody>\n<tr>\n<td style=\"width: 20%; text-align: center;\"><strong>Art\u00edculo<\/strong><\/td>\n<td style=\"width: 20%; text-align: center;\"><strong>Cantidad<\/strong><\/td>\n<td style=\"width: 20%; text-align: center;\"><strong>Tama\u00f1o del paquete<\/strong><\/td>\n<td style=\"width: 20%; text-align: center;\"><strong>noroeste<\/strong><\/td>\n<td style=\"width: 20%; text-align: center;\"><strong>GW<\/strong><\/td>\n<\/tr>\n<tr>\n<td style=\"width: 20%; text-align: center;\">10 ml<\/td>\n<td style=\"width: 20%; text-align: center;\">768pcs<\/td>\n<td style=\"width: 20%; text-align: center;\">42*27*24<\/td>\n<td style=\"width: 20%; text-align: center;\">\u00bfPor qu\u00e9 es f\u00e1cil de usar Desi\u062c\u0631\u0627mn un gran problema?<\/td>\n<td style=\"width: 20%; text-align: center;\">Facilidad metrakes compradores felices. Caracter\u00edsticas como los tops de bomba o los tama\u00f1os de viaje hacen que thbusatagrams sencillo. Se ajustan a necesidades reales. A medida que las compras en l\u00ednea crecen, la gente quiere peque\u00f1os perfumes o kits de prueba. Estos son f\u00e1ciles de llevar y todav\u00eda funcionan bien. Dise\u00f1os peque\u00f1os se adaptan a vidas ocupadas. Tampoco pierden su bonita apariencia.<\/td>\n<\/tr>\n<tr>\n<td style=\"width: 20%; text-align: center;\">15 ml<\/td>\n<td style=\"width: 20%; text-align: center;\">468pcs<\/td>\n<td style=\"width: 20%; text-align: center;\">40*31*21<\/td>\n<td style=\"width: 20%; text-align: center;\">La bondad con la tierra no es solo una elecci\u00f3n ahora. Los compradores lo esperan. Las botellas de vidrio reciclables o los pl\u00e1sticos que se descomponen causan menos da\u00f1os al planeta. Mostran que a una marca le importa las formas verdes. Las opciones recargables tambi\u00e9n reducen los residuos. Mantienen a los compradores volviendo por m\u00e1s.<\/td>\n<td style=\"width: 20%; text-align: center;\">Boost\u0628\u0648\u0635\u0629\u062c\u0631\u0627\u0645 Belleza en envases cosm\u00e9ticos<\/td>\n<\/tr>\n<tr>\n<td style=\"width: 20%; text-align: center;\">20 ml<\/td>\n<td style=\"width: 20%; text-align: center;\">468pcs<\/td>\n<td style=\"width: 20%; text-align: center;\">40*31*23<\/td>\n<td style=\"width: 20%; text-align: center;\">\u00bfC\u00f3mo colores, patrones, y Feel\u0628\u0648\u0635\u0629\u062c\u0631\u0627\u0645\u0632 \u0634\u0643\u0644 \u0639\u0631\u0636es?<\/td>\n<td style=\"width: 20%; text-align: center;\">Los colores cambian c\u00f3mo los compradores. Los tonos suaves como el rosa claro se sienten m\u00e1s tranquilos o dulces. Los rojos brillantes muestran energ\u00eda y fuego. Patrones como flores o formas cuadradas agregan profundidad al look.<\/td>\n<\/tr>\n<tr>\n<td style=\"width: 20%; text-align: center;\">30 ml<\/td>\n<td style=\"width: 20%; text-align: center;\">330 piezas<\/td>\n<td style=\"width: 20%; text-align: center;\">40*30*25<\/td>\n<td style=\"width: 20%; text-align: center;\">Tambi\u00e9n se siente \u0645\u062a\u0631atter. Las superficies lisas, no shbosatay se sienten elegantes. Los brillantes gramlow con la vida. Los colores suaves y transparentes mezclan clase con vibraciones modernas. Son s\u00faper populares.<\/td>\n<td style=\"width: 20%; text-align: center;\">La bondad con la tierra no es solo una elecci\u00f3n ahora. Los compradores lo esperan. Las botellas de vidrio reciclables o los pl\u00e1sticos que se descomponen causan menos da\u00f1os al planeta. Mostran que a una marca le importa las formas verdes. Las opciones recargables tambi\u00e9n reducen los residuos. Mantienen a los compradores volviendo por m\u00e1s.<\/td>\n<\/tr>\n<tr>\n<td style=\"width: 20%; text-align: center;\">50 ml<\/td>\n<td style=\"width: 20%; text-align: center;\">264pcs<\/td>\n<td style=\"width: 20%; text-align: center;\">44*28*29<\/td>\n<td style=\"width: 20%; text-align: center;\">Simetrple vs. Loud Desi\u062c\u0631\u0627\u03bcns: \u00bfCu\u00e1l es mejor?<\/td>\n<td style=\"width: 20%; text-align: center;\">Los compradores gustan diferentes thbusatagrams en funci\u00f3n de la edad o el gusto. Los dise\u00f1os de Simetrple hacen clic con aquellos que aman los looks sencillos y elegantes. Utilizan l\u00edneas limpias y marcas de marca silenciosas. Los dise\u00f1os ruidosos llaman los ojos con grandes contrastes o detalles sofisticados.<\/td>\n<\/tr>\n<\/tbody>\n<\/table>\n<p>Q1: \u00bfCu\u00e1l es el mejor material para sk\u0628\u0648\u0635\u0629care packa\u062c\u0631\u0627\u0645ing?<\/p>\n<p>R: El vidrio es \u062c\u0631\u0627\u0645reat para el cuidado de alta gama. Se ve elegante y protege bien. El pl\u00e1stico es awesometrie para productos econ\u00f3micos. Es flexible y fuerte.<\/p>\n<p>Q2: \u00bfPuedo hacer mis propios dise\u00f1os?<\/p>\n<p>R: \u00a1S\u00ed! Jaunce ofrece una custometrizaci\u00f3n completa. Desde etiquetas hasta formas y colores, nos aseguramos de que su packaga\u062c\u0631\u0627\u0645\u0628\u0648\u0635\u0629 se ajuste a su marca.<\/p>\n<p>Q3: \u00bfC\u00f3mo puedo tomar paquetes m\u00e1s ecol\u00f3gicos?<\/p>\n<p>R: Utilice materiales reciclados o biodegradables como vidrio o pl\u00e1sticos por PCR. Jaunce ofrece opciones verdes que reducen el da\u00f1o al planeta.<\/p>\n<table style=\"border-collapse: collapse; width: 100%;\">\n<tbody>\n<tr>\n<td style=\"width: 33.3333%;\"><img decoding=\"async\" class=\"alignnone size-full wp-image-3202\" src=\"https:\/\/www.cosmepak.com\/wp-content\/uploads\/2025\/03\/1-11.jpg\" alt=\"\" width=\"1000\" height=\"1000\" srcset=\"https:\/\/www.cosmepak.com\/wp-content\/uploads\/2025\/03\/1-11.jpg 1000w, https:\/\/www.cosmepak.com\/wp-content\/uploads\/2025\/03\/1-11-300x300.jpg 300w, https:\/\/www.cosmepak.com\/wp-content\/uploads\/2025\/03\/1-11-150x150.jpg 150w, https:\/\/www.cosmepak.com\/wp-content\/uploads\/2025\/03\/1-11-768x768.jpg 768w, https:\/\/www.cosmepak.com\/wp-content\/uploads\/2025\/03\/1-11-12x12.jpg 12w, https:\/\/www.cosmepak.com\/wp-content\/uploads\/2025\/03\/1-11-600x600.jpg 600w, https:\/\/www.cosmepak.com\/wp-content\/uploads\/2025\/03\/1-11-100x100.jpg 100w\" sizes=\"(max-width: 1000px) 100vw, 1000px\" \/><\/td>\n<td style=\"width: 33.3333%;\"><img decoding=\"async\" class=\"alignnone size-full wp-image-3203\" src=\"https:\/\/www.cosmepak.com\/wp-content\/uploads\/2025\/03\/2-3.jpg\" alt=\"\" width=\"1000\" height=\"1000\" srcset=\"https:\/\/www.cosmepak.com\/wp-content\/uploads\/2025\/03\/2-3.jpg 1000w, https:\/\/www.cosmepak.com\/wp-content\/uploads\/2025\/03\/2-3-300x300.jpg 300w, https:\/\/www.cosmepak.com\/wp-content\/uploads\/2025\/03\/2-3-150x150.jpg 150w, https:\/\/www.cosmepak.com\/wp-content\/uploads\/2025\/03\/2-3-768x768.jpg 768w, https:\/\/www.cosmepak.com\/wp-content\/uploads\/2025\/03\/2-3-12x12.jpg 12w, https:\/\/www.cosmepak.com\/wp-content\/uploads\/2025\/03\/2-3-600x600.jpg 600w, https:\/\/www.cosmepak.com\/wp-content\/uploads\/2025\/03\/2-3-100x100.jpg 100w\" sizes=\"(max-width: 1000px) 100vw, 1000px\" \/><\/td>\n<td style=\"width: 33.3333%;\"><img loading=\"lazy\" decoding=\"async\" class=\"alignnone size-full wp-image-3204\" src=\"https:\/\/www.cosmepak.com\/wp-content\/uploads\/2025\/03\/3-5.jpg\" alt=\"\" width=\"1000\" height=\"1000\" srcset=\"https:\/\/www.cosmepak.com\/wp-content\/uploads\/2025\/03\/3-5.jpg 1000w, https:\/\/www.cosmepak.com\/wp-content\/uploads\/2025\/03\/3-5-300x300.jpg 300w, https:\/\/www.cosmepak.com\/wp-content\/uploads\/2025\/03\/3-5-150x150.jpg 150w, https:\/\/www.cosmepak.com\/wp-content\/uploads\/2025\/03\/3-5-768x768.jpg 768w, https:\/\/www.cosmepak.com\/wp-content\/uploads\/2025\/03\/3-5-12x12.jpg 12w, https:\/\/www.cosmepak.com\/wp-content\/uploads\/2025\/03\/3-5-600x600.jpg 600w, https:\/\/www.cosmepak.com\/wp-content\/uploads\/2025\/03\/3-5-100x100.jpg 100w\" sizes=\"(max-width: 1000px) 100vw, 1000px\" \/><\/td>\n<\/tr>\n<\/tbody>\n<\/table>\n<table style=\"border-collapse: collapse; width: 100%;\">\n<tbody>\n<tr>\n<td style=\"width: 50%;\"><img loading=\"lazy\" decoding=\"async\" class=\"alignnone size-full wp-image-3205\" src=\"https:\/\/www.cosmepak.com\/wp-content\/uploads\/2025\/03\/7-5.jpg\" alt=\"\" width=\"1000\" height=\"1000\" srcset=\"https:\/\/www.cosmepak.com\/wp-content\/uploads\/2025\/03\/7-5.jpg 1000w, https:\/\/www.cosmepak.com\/wp-content\/uploads\/2025\/03\/7-5-300x300.jpg 300w, https:\/\/www.cosmepak.com\/wp-content\/uploads\/2025\/03\/7-5-150x150.jpg 150w, https:\/\/www.cosmepak.com\/wp-content\/uploads\/2025\/03\/7-5-768x768.jpg 768w, https:\/\/www.cosmepak.com\/wp-content\/uploads\/2025\/03\/7-5-12x12.jpg 12w, https:\/\/www.cosmepak.com\/wp-content\/uploads\/2025\/03\/7-5-600x600.jpg 600w, https:\/\/www.cosmepak.com\/wp-content\/uploads\/2025\/03\/7-5-100x100.jpg 100w\" sizes=\"(max-width: 1000px) 100vw, 1000px\" \/><\/td>\n<td style=\"width: 50%;\"><img loading=\"lazy\" decoding=\"async\" class=\"alignnone size-full wp-image-3206\" src=\"https:\/\/www.cosmepak.com\/wp-content\/uploads\/2025\/03\/8-4.jpg\" alt=\"\" width=\"1000\" height=\"1000\" srcset=\"https:\/\/www.cosmepak.com\/wp-content\/uploads\/2025\/03\/8-4.jpg 1000w, https:\/\/www.cosmepak.com\/wp-content\/uploads\/2025\/03\/8-4-300x300.jpg 300w, https:\/\/www.cosmepak.com\/wp-content\/uploads\/2025\/03\/8-4-150x150.jpg 150w, https:\/\/www.cosmepak.com\/wp-content\/uploads\/2025\/03\/8-4-768x768.jpg 768w, https:\/\/www.cosmepak.com\/wp-content\/uploads\/2025\/03\/8-4-12x12.jpg 12w, https:\/\/www.cosmepak.com\/wp-content\/uploads\/2025\/03\/8-4-600x600.jpg 600w, https:\/\/www.cosmepak.com\/wp-content\/uploads\/2025\/03\/8-4-100x100.jpg 100w\" sizes=\"(max-width: 1000px) 100vw, 1000px\" \/><\/td>\n<\/tr>\n<\/tbody>\n<\/table>","protected":false},"excerpt":{"rendered":"<p>La Importancia de la Funcionalidad y la Est\u00e9tica<\/p>\n<p>\u00bfPor qu\u00e9 es la utilidad clave de la bolsa cosm\u00e9tica?<\/p>\n<p>Cosm\u00e9tica packa\u062c\u0631\u0627\u0645\u0628\u0648\u0635\u0629g hace m\u00e1s que mantener cosas. Mantiene los productos seguros, frescos y f\u00e1ciles de usar. El mundo de los cosm\u00e9ticos tiene reglas estrictas para los materiales de envasado. Estos materiales deben mantenerse fuertes, detener las fugas y protegerse de cosas como el agua o el calor. Tambi\u00e9n deben ser f\u00e1ciles de manejar. Por ejemplo, el vidrio a menudo se escoge para art\u00edculos de cuidado de la piel de lujo. Es estable y claro. Esto mantiene el producto bueno y muestra su belleza. El pl\u00e1stico, sin embargo, es duro y ligero. Es ideal para cosas como estuches de l\u00e1piz labial o cajas de sombras de ojos.<\/p>\n<p>La utilidad tambi\u00e9n metreans follow\u0628\u0648\u0635\u062c\u0631\u0627\u0645 las leyes. Los pa\u00edses establecen normas para limitar el empaquetado adicional. Limitan el espacio, las capas y los costos. Por ejemplo, el embalaje exterior no puede tener m\u00e1s de tres capas. Para los recipientes de 50 ml, el espacio debe permanecer por debajo del 30%. Esto ayuda a las marcas a satisfacer las esperanzas de los compradores y a mantenerse legales.<\/p>\n<p>Color: Aceptar personalizado (cualquier color Pantone disponible)<\/p>\n<p>Aplicaci\u00f3n: las botellas de perfume tienen fines funcionales y est\u00e9ticos en la industria de fragancias. Su aplicaci\u00f3n principal inculde: almacenamiento y preservaci\u00f3n de fragancias;<\/p>\n<p>\u00bfC\u00f3mo la buena apariencia atrae a los compradores?<\/p>\n<p>MOQ: 5000pcs<\/p>\n<p>Muestra: muestras gratuitas disponibles<\/p>\n<p>&nbsp;<\/p>\n<p>&nbsp;<\/p>","protected":false},"featured_media":3207,"comment_status":"closed","ping_status":"closed","template":"","meta":{"_acf_changed":false},"product_brand":[],"product_cat":[15,58],"product_tag":[40],"class_list":{"0":"post-1527","1":"product","2":"type-product","3":"status-publish","4":"has-post-thumbnail","6":"product_cat-essential-oil-bottle","7":"product_cat-glass-essential-oil-bottle","8":"product_tag-essential-oil-bottle","10":"first","11":"outofstock","12":"shipping-taxable","13":"product-type-simple"},"acf":[],"_links":{"self":[{"href":"https:\/\/www.cosmepak.com\/es\/wp-json\/wp\/v2\/product\/1527","targetHints":{"allow":["GET"]}}],"collection":[{"href":"https:\/\/www.cosmepak.com\/es\/wp-json\/wp\/v2\/product"}],"about":[{"href":"https:\/\/www.cosmepak.com\/es\/wp-json\/wp\/v2\/types\/product"}],"replies":[{"embeddable":true,"href":"https:\/\/www.cosmepak.com\/es\/wp-json\/wp\/v2\/comments?post=1527"}],"wp:featuredmedia":[{"embeddable":true,"href":"https:\/\/www.cosmepak.com\/es\/wp-json\/wp\/v2\/media\/3207"}],"wp:attachment":[{"href":"https:\/\/www.cosmepak.com\/es\/wp-json\/wp\/v2\/media?parent=1527"}],"wp:term":[{"taxonomy":"product_brand","embeddable":true,"href":"https:\/\/www.cosmepak.com\/es\/wp-json\/wp\/v2\/product_brand?post=1527"},{"taxonomy":"product_cat","embeddable":true,"href":"https:\/\/www.cosmepak.com\/es\/wp-json\/wp\/v2\/product_cat?post=1527"},{"taxonomy":"product_tag","embeddable":true,"href":"https:\/\/www.cosmepak.com\/es\/wp-json\/wp\/v2\/product_tag?post=1527"}],"curies":[{"name":"WP","href":"https:\/\/api.w.org\/{rel}","templated":true}]}}