{"id":1544,"date":"2025-03-28T11:51:02","date_gmt":"2025-03-28T03:51:02","guid":{"rendered":"https:\/\/www.cosmepak.com\/?post_type=product&#038;p=1544"},"modified":"2025-09-04T13:22:00","modified_gmt":"2025-09-04T05:22:00","slug":"plastic-pump-bottle-jaunce","status":"publish","type":"product","link":"https:\/\/www.cosmepak.com\/es\/product\/plastic-pump-bottle-jaunce\/","title":{"rendered":"Botella de bomba de pl\u00e1stico \/jaunce"},"content":{"rendered":"<table style=\"border-collapse: collapse; width: 100%; height: 168px;\">\n<tbody>\n<tr style=\"height: 24px;\">\n<td style=\"width: 33.3333%; height: 168px;\" rowspan=\"7\"><img fetchpriority=\"high\" decoding=\"async\" class=\"alignnone size-full wp-image-1545\" src=\"https:\/\/www.cosmepak.com\/wp-content\/uploads\/2025\/03\/10895955599_624076099.jpg\" alt=\"botella de pl\u00e1stico\" width=\"1000\" height=\"1000\" srcset=\"https:\/\/www.cosmepak.com\/wp-content\/uploads\/2025\/03\/10895955599_624076099.jpg 1000w, https:\/\/www.cosmepak.com\/wp-content\/uploads\/2025\/03\/10895955599_624076099-300x300.jpg 300w, https:\/\/www.cosmepak.com\/wp-content\/uploads\/2025\/03\/10895955599_624076099-150x150.jpg 150w, https:\/\/www.cosmepak.com\/wp-content\/uploads\/2025\/03\/10895955599_624076099-768x768.jpg 768w, https:\/\/www.cosmepak.com\/wp-content\/uploads\/2025\/03\/10895955599_624076099-600x600.jpg 600w, https:\/\/www.cosmepak.com\/wp-content\/uploads\/2025\/03\/10895955599_624076099-100x100.jpg 100w\" sizes=\"(max-width: 1000px) 100vw, 1000px\" \/><\/td>\n<td style=\"width: 29.2675%; height: 24px; text-align: center;\">Marca<\/td>\n<td style=\"width: 37.3991%; height: 24px; text-align: center;\">Jaunce<\/td>\n<\/tr>\n<tr style=\"height: 24px;\">\n<td style=\"width: 29.2675%; height: 24px; text-align: center;\">Modelo<\/td>\n<td style=\"width: 37.3991%; height: 24px; text-align: center;\">JH-LWSM11<\/td>\n<\/tr>\n<tr style=\"height: 24px;\">\n<td style=\"width: 29.2675%; height: 24px; text-align: center;\">Capcidad<\/td>\n<td style=\"width: 37.3991%; height: 24px; text-align: center;\">50\/100\/150\/200ml<\/td>\n<\/tr>\n<tr style=\"height: 24px;\">\n<td style=\"width: 29.2675%; height: 24px; text-align: center;\">Peso<\/td>\n<td style=\"width: 37.3991%; height: 24px; text-align: center;\">14.8\/21.1\/26.1\/30.7g<\/td>\n<\/tr>\n<tr style=\"height: 24px;\">\n<td style=\"width: 29.2675%; height: 24px; text-align: center;\">Color<\/td>\n<td style=\"width: 37.3991%; height: 24px; text-align: center;\">personalizado<\/td>\n<\/tr>\n<tr style=\"height: 24px;\">\n<td style=\"width: 29.2675%; height: 24px; text-align: center;\">Material<\/td>\n<td style=\"width: 37.3991%; height: 24px; text-align: center;\">PET \/ PP<\/td>\n<\/tr>\n<tr style=\"height: 24px;\">\n<td style=\"width: 29.2675%; height: 24px; text-align: center;\">Tama\u00f1o<\/td>\n<td style=\"width: 37.3991%; height: 24px; text-align: center;\">27*79 mm<\/td>\n<\/tr>\n<\/tbody>\n<\/table>\n<p>Botella de hombro redondo con bomba de pulverizaci\u00f3n, capacidad de samll f\u00e1cil de transportar, aceptar el color personalizado.<\/p>\n<p>Par\u00e1metros del producto<\/p>\n<table style=\"border-collapse: collapse; width: 100.361%;\">\n<tbody>\n<tr>\n<td style=\"width: 11.4318%; text-align: center;\">Capacidad<\/td>\n<td style=\"width: 12.5319%; text-align: center;\">Altura total<\/td>\n<td style=\"width: 14.3395%; text-align: center;\">Altura de la botella<\/td>\n<td style=\"width: 12.856%; text-align: center;\">Altura imprimible<\/td>\n<td style=\"width: 11.1575%; text-align: center;\">Di\u00e1metro<\/td>\n<td style=\"width: 14.1854%; text-align: center;\">Aingle Bottle Peso<\/td>\n<td style=\"width: 12.2086%; text-align: center;\">Cantidad de paquete<\/td>\n<td style=\"width: 18.4223%; text-align: center;\">Peso del paquete<\/td>\n<\/tr>\n<tr>\n<td style=\"width: 11.4318%; text-align: center;\">50 ml<\/td>\n<td style=\"width: 12.5319%; text-align: center;\">96 mm<\/td>\n<td style=\"width: 14.3395%; text-align: center;\">73 mm<\/td>\n<td style=\"width: 12.856%; text-align: center;\">45 mm<\/td>\n<td style=\"width: 11.1575%; text-align: center;\">42 mm<\/td>\n<td style=\"width: 14.1854%; text-align: center;\">14.8g<\/td>\n<td style=\"width: 12.2086%; text-align: center;\">1000pcs<\/td>\n<td style=\"width: 18.4223%; text-align: center;\">11 kgs<\/td>\n<\/tr>\n<tr>\n<td style=\"width: 11.4318%; text-align: center;\">100 ml<\/td>\n<td style=\"width: 12.5319%; text-align: center;\">115 mm<\/td>\n<td style=\"width: 14.3395%; text-align: center;\">90 mm<\/td>\n<td style=\"width: 12.856%; text-align: center;\">58 mm<\/td>\n<td style=\"width: 11.1575%; text-align: center;\">46.5mm<\/td>\n<td style=\"width: 14.1854%; text-align: center;\">21.1g<\/td>\n<td style=\"width: 12.2086%; text-align: center;\">770pcs<\/td>\n<td style=\"width: 18.4223%; text-align: center;\">14.2kgs<\/td>\n<\/tr>\n<tr>\n<td style=\"width: 11.4318%; text-align: center;\">150 ml<\/td>\n<td style=\"width: 12.5319%; text-align: center;\">129 mm<\/td>\n<td style=\"width: 14.3395%; text-align: center;\">106 mm<\/td>\n<td style=\"width: 12.856%; text-align: center;\">70 mm<\/td>\n<td style=\"width: 11.1575%; text-align: center;\">52.5mm<\/td>\n<td style=\"width: 14.1854%; text-align: center;\">26.1g<\/td>\n<td style=\"width: 12.2086%; text-align: center;\">477pcs<\/td>\n<td style=\"width: 18.4223%; text-align: center;\">11.3kgs<\/td>\n<\/tr>\n<tr>\n<td style=\"width: 11.4318%; text-align: center;\">200 ml<\/td>\n<td style=\"width: 12.5319%; text-align: center;\">153 mm<\/td>\n<td style=\"width: 14.3395%; text-align: center;\">130 mm<\/td>\n<td style=\"width: 12.856%; text-align: center;\">95 mm<\/td>\n<td style=\"width: 11.1575%; text-align: center;\">53 mm<\/td>\n<td style=\"width: 14.1854%; text-align: center;\">30.7g<\/td>\n<td style=\"width: 12.2086%; text-align: center;\">410pcs<\/td>\n<td style=\"width: 18.4223%; text-align: center;\">10.6kgs<\/td>\n<\/tr>\n<\/tbody>\n<\/table>\n<p><img decoding=\"async\" class=\"alignnone wp-image-1546\" src=\"https:\/\/www.cosmepak.com\/wp-content\/uploads\/2025\/03\/10895967086_624076099.jpg\" alt=\"botella de pl\u00e1stico\" width=\"1392\" height=\"1392\" srcset=\"https:\/\/www.cosmepak.com\/wp-content\/uploads\/2025\/03\/10895967086_624076099.jpg 1000w, https:\/\/www.cosmepak.com\/wp-content\/uploads\/2025\/03\/10895967086_624076099-300x300.jpg 300w, https:\/\/www.cosmepak.com\/wp-content\/uploads\/2025\/03\/10895967086_624076099-150x150.jpg 150w, https:\/\/www.cosmepak.com\/wp-content\/uploads\/2025\/03\/10895967086_624076099-768x768.jpg 768w, https:\/\/www.cosmepak.com\/wp-content\/uploads\/2025\/03\/10895967086_624076099-600x600.jpg 600w, https:\/\/www.cosmepak.com\/wp-content\/uploads\/2025\/03\/10895967086_624076099-100x100.jpg 100w\" sizes=\"(max-width: 1392px) 100vw, 1392px\" \/> <img decoding=\"async\" class=\"alignnone wp-image-1547\" src=\"https:\/\/www.cosmepak.com\/wp-content\/uploads\/2025\/03\/10895973280_624076099.jpg\" alt=\"\" width=\"1379\" height=\"1842\" srcset=\"https:\/\/www.cosmepak.com\/wp-content\/uploads\/2025\/03\/10895973280_624076099.jpg 1000w, https:\/\/www.cosmepak.com\/wp-content\/uploads\/2025\/03\/10895973280_624076099-225x300.jpg 225w, https:\/\/www.cosmepak.com\/wp-content\/uploads\/2025\/03\/10895973280_624076099-766x1024.jpg 766w, https:\/\/www.cosmepak.com\/wp-content\/uploads\/2025\/03\/10895973280_624076099-768x1026.jpg 768w, https:\/\/www.cosmepak.com\/wp-content\/uploads\/2025\/03\/10895973280_624076099-600x802.jpg 600w\" sizes=\"(max-width: 1379px) 100vw, 1379px\" \/><\/p>\n<h3 id=\"versatile-50ml-200ml-dark-green-pet-plastic-spray-bottles\" class=\"ai-center-markdown-h3\" data-spm-anchor-id=\"0.8443394.0.i2.613d3e5fM1b7Mc\">Versatiles 50ML-200ML verde oscuro PET botellas de pulverizaci\u00f3n de pl\u00e1stico<\/h3>\n<h4 id=\"introduction\" class=\"ai-center-markdown-h4\">Introducci\u00f3n<\/h4>\n<p class=\"ai-center-markdown-p\">En el \u00e1mbito de las soluciones de envasado, las botellas de pulverizaci\u00f3n de pl\u00e1stico PET se han vuelto indispensables debido a su versatilidad, durabilidad y atractivo est\u00e9tico. Entre ellos, las botellas de spray inclinadas de hombro verde oscuro 50ML-200ML destacan por su dise\u00f1o y funcionalidad \u00fanicos. Este art\u00edculo profundiza en las caracter\u00edsticas, beneficios y aplicaciones de estas botellas de rociador, destacando por qu\u00e9 son una opci\u00f3n preferida en varias industrias.<\/p>\n<h4 id=\"features\" class=\"ai-center-markdown-h4\">Caracter\u00edsticas<\/h4>\n<ol class=\"ai-center-markdown-ol\" start=\"1\">\n<li class=\"ai-center-markdown-li\"><strong class=\"ai-center-markdown-strong\">Material<\/strong>Hecho de PET (Tereftalato de polietileno) de alta calidad, estas botellas son conocidas por su resistencia, naturaleza ligera y reciclabilidad.<\/li>\n<li class=\"ai-center-markdown-li\"><strong class=\"ai-center-markdown-strong\">Rango de capacidad<\/strong>Disponible en capacidades que van desde 50ml a 200ml, atendiendo a diversas necesidades.<\/li>\n<li class=\"ai-center-markdown-li\"><strong class=\"ai-center-markdown-strong\">Dise\u00f1o<\/strong>El dise\u00f1o de hombro inclinado no solo agrega un atractivo est\u00e9tico, sino que tambi\u00e9n mejora el agarre y la usabilidad.<\/li>\n<li class=\"ai-center-markdown-li\"><strong class=\"ai-center-markdown-strong\">Color<\/strong>El tono verde oscuro proporciona un aspecto sofisticado mientras protege el contenido de la luz UV, que puede degradar ciertos productos.<\/li>\n<li class=\"ai-center-markdown-li\"><strong class=\"ai-center-markdown-strong\">Mecanismo de pulverizaci\u00f3n<\/strong>Equipado con una boquilla de pulverizaci\u00f3n fiable que garantiza una niebla fina, lo que lo hace adecuado para diversas aplicaciones.<\/li>\n<\/ol>\n<h4 id=\"benefits\" class=\"ai-center-markdown-h4\">Beneficios<\/h4>\n<ol class=\"ai-center-markdown-ol\" start=\"1\">\n<li class=\"ai-center-markdown-li\"><strong class=\"ai-center-markdown-strong\">Durabilidad<\/strong>El pl\u00e1stico PET es resistente al impacto, lo que garantiza que las botellas no se rompan o se agrietan f\u00e1cilmente.<\/li>\n<li class=\"ai-center-markdown-li\"><strong class=\"ai-center-markdown-strong\">Ecol\u00f3gico<\/strong>Al ser reciclables, estas botellas contribuyen a la sostenibilidad ambiental.<\/li>\n<li class=\"ai-center-markdown-li\"><strong class=\"ai-center-markdown-strong\">Versatilidad<\/strong>Adecuado para una amplia gama de productos, desde cosm\u00e9ticos y art\u00edculos de cuidado personal hasta limpiadores dom\u00e9sticos y soluciones industriales.<\/li>\n<li class=\"ai-center-markdown-li\"><strong class=\"ai-center-markdown-strong\">Protecci\u00f3n<\/strong>El color verde oscuro ofrece protecci\u00f3n contra los rayos UV, preservando la integridad de los productos sensibles a la luz.<\/li>\n<li class=\"ai-center-markdown-li\"><strong class=\"ai-center-markdown-strong\">Portabilidad<\/strong>Los tama\u00f1os compactos (50ML-200ML) hacen que estas botellas sean ideales para viajes y uso en movimiento.<\/li>\n<\/ol>\n<h4 id=\"applications\" class=\"ai-center-markdown-h4\">Aplicaciones<\/h4>\n<ol class=\"ai-center-markdown-ol\" start=\"1\">\n<li class=\"ai-center-markdown-li\"><strong class=\"ai-center-markdown-strong\">Cosm\u00e9ticos y cuidado personal<\/strong>Ideal para perfumes, nieblas faciales, sprays para el cabello y otros productos de belleza.<\/li>\n<li class=\"ai-center-markdown-li\"><strong class=\"ai-center-markdown-strong\">Limpiadores del hogar<\/strong>Perfecto para almacenar y dispensar soluciones de limpieza de manera controlada.<\/li>\n<li class=\"ai-center-markdown-li\"><strong class=\"ai-center-markdown-strong\">Salud<\/strong>Adecuado para desinfectantes, soluciones antis\u00e9pticas y otros sprays m\u00e9dicos.<\/li>\n<li class=\"ai-center-markdown-li\"><strong class=\"ai-center-markdown-strong\">Uso industrial<\/strong>Se puede utilizar para diversos productos qu\u00edmicos industriales y soluciones que requieren una aplicaci\u00f3n precisa.<\/li>\n<\/ol>\n<h4 id=\"conclusion\" class=\"ai-center-markdown-h4\">Conclusi\u00f3n<\/h4>\n<p class=\"ai-center-markdown-p\">Las botellas de pulverizaci\u00f3n de pl\u00e1stico PET de hombro inclinado verde oscuro 50ML-200ML ofrecen una mezcla de funcionalidad, durabilidad y atractivo est\u00e9tico. Su naturaleza vers\u00e1til los hace adecuados para diversas industrias, lo que garantiza que los productos se almacenan de forma segura y se distribuyen de manera eficiente. Al elegir estas botellas de rociador, las empresas no solo mejoran la presentaci\u00f3n de sus productos, sino que tambi\u00e9n contribuyen a soluciones de envasado sostenibles.<\/p>\n<p>&nbsp;<\/p>\n<p><img loading=\"lazy\" decoding=\"async\" class=\"alignnone size-full wp-image-1347\" src=\"https:\/\/www.cosmepak.com\/wp-content\/uploads\/2024\/12\/\u9996\u987519202_03.jpg\" alt=\"exposici\u00f3n de f\u00e1brica\" width=\"1920\" height=\"885\" srcset=\"https:\/\/www.cosmepak.com\/wp-content\/uploads\/2024\/12\/\u9996\u987519202_03.jpg 1920w, https:\/\/www.cosmepak.com\/wp-content\/uploads\/2024\/12\/\u9996\u987519202_03-300x138.jpg 300w, https:\/\/www.cosmepak.com\/wp-content\/uploads\/2024\/12\/\u9996\u987519202_03-1024x472.jpg 1024w, https:\/\/www.cosmepak.com\/wp-content\/uploads\/2024\/12\/\u9996\u987519202_03-768x354.jpg 768w, https:\/\/www.cosmepak.com\/wp-content\/uploads\/2024\/12\/\u9996\u987519202_03-1536x708.jpg 1536w, https:\/\/www.cosmepak.com\/wp-content\/uploads\/2024\/12\/\u9996\u987519202_03-600x277.jpg 600w\" sizes=\"(max-width: 1920px) 100vw, 1920px\" \/><\/p>\n<p><img loading=\"lazy\" decoding=\"async\" class=\"alignnone size-full wp-image-1348\" src=\"https:\/\/www.cosmepak.com\/wp-content\/uploads\/2024\/12\/\u9996\u987519202_04.jpg\" alt=\"\" width=\"1920\" height=\"694\" srcset=\"https:\/\/www.cosmepak.com\/wp-content\/uploads\/2024\/12\/\u9996\u987519202_04.jpg 1920w, https:\/\/www.cosmepak.com\/wp-content\/uploads\/2024\/12\/\u9996\u987519202_04-300x108.jpg 300w, https:\/\/www.cosmepak.com\/wp-content\/uploads\/2024\/12\/\u9996\u987519202_04-1024x370.jpg 1024w, https:\/\/www.cosmepak.com\/wp-content\/uploads\/2024\/12\/\u9996\u987519202_04-768x278.jpg 768w, https:\/\/www.cosmepak.com\/wp-content\/uploads\/2024\/12\/\u9996\u987519202_04-1536x555.jpg 1536w, https:\/\/www.cosmepak.com\/wp-content\/uploads\/2024\/12\/\u9996\u987519202_04-600x217.jpg 600w\" sizes=\"(max-width: 1920px) 100vw, 1920px\" \/><img loading=\"lazy\" decoding=\"async\" class=\"alignnone size-full wp-image-1350\" src=\"https:\/\/www.cosmepak.com\/wp-content\/uploads\/2024\/12\/\u9996\u987519202_05-1.jpg\" alt=\"\" width=\"1920\" height=\"970\" srcset=\"https:\/\/www.cosmepak.com\/wp-content\/uploads\/2024\/12\/\u9996\u987519202_05-1.jpg 1920w, https:\/\/www.cosmepak.com\/wp-content\/uploads\/2024\/12\/\u9996\u987519202_05-1-300x152.jpg 300w, https:\/\/www.cosmepak.com\/wp-content\/uploads\/2024\/12\/\u9996\u987519202_05-1-1024x517.jpg 1024w, https:\/\/www.cosmepak.com\/wp-content\/uploads\/2024\/12\/\u9996\u987519202_05-1-768x388.jpg 768w, https:\/\/www.cosmepak.com\/wp-content\/uploads\/2024\/12\/\u9996\u987519202_05-1-1536x776.jpg 1536w, https:\/\/www.cosmepak.com\/wp-content\/uploads\/2024\/12\/\u9996\u987519202_05-1-600x303.jpg 600w\" sizes=\"(max-width: 1920px) 100vw, 1920px\" \/><img loading=\"lazy\" decoding=\"async\" class=\"alignnone wp-image-1351\" src=\"https:\/\/www.cosmepak.com\/wp-content\/uploads\/2024\/12\/\u7269\u6d41\u8fd0\u8f93\u753b\u9762-2.jpg\" alt=\"\" width=\"1385\" height=\"1039\" srcset=\"https:\/\/www.cosmepak.com\/wp-content\/uploads\/2024\/12\/\u7269\u6d41\u8fd0\u8f93\u753b\u9762-2.jpg 800w, https:\/\/www.cosmepak.com\/wp-content\/uploads\/2024\/12\/\u7269\u6d41\u8fd0\u8f93\u753b\u9762-2-300x225.jpg 300w, https:\/\/www.cosmepak.com\/wp-content\/uploads\/2024\/12\/\u7269\u6d41\u8fd0\u8f93\u753b\u9762-2-768x576.jpg 768w, https:\/\/www.cosmepak.com\/wp-content\/uploads\/2024\/12\/\u7269\u6d41\u8fd0\u8f93\u753b\u9762-2-600x450.jpg 600w\" sizes=\"(max-width: 1385px) 100vw, 1385px\" \/><\/p>\n<table style=\"border-collapse: collapse; width: 100%;\">\n<tbody>\n<tr>\n<td style=\"width: 33.3333%; text-align: center;\"><strong>Expresar<\/strong><\/td>\n<td style=\"width: 33.3333%; text-align: center;\"><strong>Flete a\u00e9reo<\/strong><\/td>\n<td style=\"width: 33.3333%; text-align: center;\"><strong>Transporte mar\u00edtimo<\/strong><\/td>\n<\/tr>\n<tr>\n<td style=\"width: 33.3333%; text-align: center;\">Europ 4-6day<\/p>\n<p>Am\u00e9rica del Norte 4-6day<\/p>\n<p>Sudeste de Asia 3-5 d\u00edas<\/p>\n<p>El Medio Oriente 4-6day<\/p>\n<p>Sud\u00e1frica 5-8 d\u00edas<\/td>\n<td style=\"width: 33.3333%; text-align: center;\">Europ 4-6day<\/p>\n<p>Am\u00e9rica del Norte 4-6day<\/p>\n<p>Sudeste de Asia 3-5 d\u00edas<\/p>\n<p>El Medio Oriente 4-6day<\/p>\n<p>Sud\u00e1frica 5-8 d\u00edas<\/td>\n<td style=\"width: 33.3333%; text-align: center;\">Europ 25-35day<\/p>\n<p>Am\u00e9rica del Norte 25-35 d\u00edas<\/p>\n<p>Sudeste de Asia 25-35 d\u00edas<\/p>\n<p>El Medio Oriente 25-35 d\u00edas<\/p>\n<p>Sud\u00e1frica 25-35 d\u00edas<\/td>\n<\/tr>\n<\/tbody>\n<\/table>\n<h3 id=\"faq\" class=\"ai-center-markdown-h3\" data-spm-anchor-id=\"0.8443394.0.i4.613d3e5fM1b7Mc\">PREGUNTAS FRECUENTES<\/h3>\n<p class=\"ai-center-markdown-p\"><strong class=\"ai-center-markdown-strong\">1. \u00bfPor qu\u00e9 debe comprar de nosotros en lugar de otros proveedores?<\/strong><\/p>\n<ul class=\"ai-center-markdown-ul\">\n<li class=\"ai-center-markdown-li\">Dise\u00f1os personalizados en solo 3 minutos.<\/li>\n<li class=\"ai-center-markdown-li\">Servicio en l\u00ednea 24\/7.<\/li>\n<li class=\"ai-center-markdown-li\">Muestras de stock disponibles en 7 d\u00edas; muestras impresas personalizadas en 15 d\u00edas.<\/li>\n<li class=\"ai-center-markdown-li\">Tiempo de entrega de 35 d\u00edas.<\/li>\n<li class=\"ai-center-markdown-li\">M\u00e1s de 10 a\u00f1os de experiencia en embalaje cosm\u00e9tico.<\/li>\n<li class=\"ai-center-markdown-li\">Ventas directas de f\u00e1brica garantizando el mejor precio y servicio.<\/li>\n<li class=\"ai-center-markdown-li\">Soluciones integrales para envases cosm\u00e9ticos.<\/li>\n<\/ul>\n<p class=\"ai-center-markdown-p\"><strong class=\"ai-center-markdown-strong\">2. \u00bfQui\u00e9nes somos?<\/strong>\u00a0Somos una empresa con sede en Zhejiang establecida en 2014. Nuestra distribuci\u00f3n en el mercado incluye:<\/p>\n<ul class=\"ai-center-markdown-ul\">\n<li class=\"ai-center-markdown-li\">Mercado interno: 70%<\/li>\n<li class=\"ai-center-markdown-li\">Ocean\u00eda: 8%<\/li>\n<li class=\"ai-center-markdown-li\">Oriente Medio: 7%<\/li>\n<li class=\"ai-center-markdown-li\">Asia Oriental: 2%<\/li>\n<li class=\"ai-center-markdown-li\">Am\u00e9rica del Norte: 2%<\/li>\n<li class=\"ai-center-markdown-li\">Europa Occidental: 2%<\/li>\n<li class=\"ai-center-markdown-li\">Sudeste Asi\u00e1tico: 2%<\/li>\n<li class=\"ai-center-markdown-li\">Asia del Sur: 1%<\/li>\n<li class=\"ai-center-markdown-li\">Am\u00e9rica del Sur: 1%<\/li>\n<li class=\"ai-center-markdown-li\">Europa del Sur: 1%<\/li>\n<li class=\"ai-center-markdown-li\">Am\u00e9rica Central: 1%<\/li>\n<li class=\"ai-center-markdown-li\">Europa del Norte: 1%<\/li>\n<li class=\"ai-center-markdown-li\">\u00c1frica: 1%<\/li>\n<li class=\"ai-center-markdown-li\">Europa del Este: 1%<\/li>\n<\/ul>\n<p class=\"ai-center-markdown-p\"><strong class=\"ai-center-markdown-strong\">3. \u00bfC\u00f3mo podemos garantizar la calidad?<\/strong><\/p>\n<ul class=\"ai-center-markdown-ul\">\n<li class=\"ai-center-markdown-li\">Las muestras de preproducci\u00f3n siempre se proporcionan antes de la producci\u00f3n en masa.<\/li>\n<li class=\"ai-center-markdown-li\">La inspecci\u00f3n final siempre se lleva a cabo antes del env\u00edo.<\/li>\n<\/ul>\n<p class=\"ai-center-markdown-p\"><strong class=\"ai-center-markdown-strong\">4. \u00bfQu\u00e9 puede comprar de nosotros?<\/strong>\u00a0Ofrecemos una variedad de materiales de envasado cosm\u00e9tico incluyendo:<\/p>\n<ul class=\"ai-center-markdown-ul\">\n<li class=\"ai-center-markdown-li\">botellas de vidrio<\/li>\n<li class=\"ai-center-markdown-li\">Botellas, frascos, tubos de pl\u00e1stico<\/li>\n<li class=\"ai-center-markdown-li\">Botellas, frascos, tubos de aluminio<\/li>\n<\/ul>\n<p class=\"ai-center-markdown-p\"><strong class=\"ai-center-markdown-strong\">5. \u00bfQu\u00e9 servicios podemos ofrecer?<\/strong><\/p>\n<ul class=\"ai-center-markdown-ul\">\n<li class=\"ai-center-markdown-li\">Condiciones de entrega aceptadas: FOB, CFR, CIF<\/li>\n<li class=\"ai-center-markdown-li\">Moneda de pago aceptada: USD, EUR, HKD, CNY<\/li>\n<li class=\"ai-center-markdown-li\">Tipos de pago aceptados: T \/ T, L \/ C, D \/ P, D \/ A<\/li>\n<li class=\"ai-center-markdown-li\" data-spm-anchor-id=\"0.8443394.0.i5.613d3e5fM1b7Mc\">Idiomas hablados: Ingl\u00e9s, Chino<\/li>\n<\/ul>","protected":false},"excerpt":{"rendered":"<p>Material de botella: mascota<\/p>\n<p>Material de la tapa: PP<\/p>\n<p>Capacidad: 50ml \/ 100ml \/ 150ml \/ 200ml<\/p>\n<p>Tapa: bomba de tornillo<\/p>\n<p>Color: Personalizado (cualquier color Pantone avaliable)<\/p>\n<p>Acabado de superficie: impresi\u00f3n de pantalla, glaseado, estampado en caliente, gradiente de pulverizaci\u00f3n, acabado mate, etc.<\/p>\n<p>MOQ: 5000pcs;<\/p>\n<p>&nbsp;<\/p>","protected":false},"featured_media":1548,"comment_status":"closed","ping_status":"closed","template":"","meta":{"_acf_changed":false},"product_brand":[],"product_cat":[18,48],"product_tag":[41],"class_list":{"0":"post-1544","1":"product","2":"type-product","3":"status-publish","4":"has-post-thumbnail","6":"product_cat-plastic-bottle","7":"product_cat-spray-bottle","8":"product_tag-plastic-bottle","10":"first","11":"outofstock","12":"shipping-taxable","13":"product-type-simple"},"acf":[],"_links":{"self":[{"href":"https:\/\/www.cosmepak.com\/es\/wp-json\/wp\/v2\/product\/1544","targetHints":{"allow":["GET"]}}],"collection":[{"href":"https:\/\/www.cosmepak.com\/es\/wp-json\/wp\/v2\/product"}],"about":[{"href":"https:\/\/www.cosmepak.com\/es\/wp-json\/wp\/v2\/types\/product"}],"replies":[{"embeddable":true,"href":"https:\/\/www.cosmepak.com\/es\/wp-json\/wp\/v2\/comments?post=1544"}],"wp:featuredmedia":[{"embeddable":true,"href":"https:\/\/www.cosmepak.com\/es\/wp-json\/wp\/v2\/media\/1548"}],"wp:attachment":[{"href":"https:\/\/www.cosmepak.com\/es\/wp-json\/wp\/v2\/media?parent=1544"}],"wp:term":[{"taxonomy":"product_brand","embeddable":true,"href":"https:\/\/www.cosmepak.com\/es\/wp-json\/wp\/v2\/product_brand?post=1544"},{"taxonomy":"product_cat","embeddable":true,"href":"https:\/\/www.cosmepak.com\/es\/wp-json\/wp\/v2\/product_cat?post=1544"},{"taxonomy":"product_tag","embeddable":true,"href":"https:\/\/www.cosmepak.com\/es\/wp-json\/wp\/v2\/product_tag?post=1544"}],"curies":[{"name":"WP","href":"https:\/\/api.w.org\/{rel}","templated":true}]}}