{"id":1549,"date":"2025-03-28T13:11:44","date_gmt":"2025-03-28T05:11:44","guid":{"rendered":"https:\/\/www.cosmepak.com\/?post_type=product&#038;p=1549"},"modified":"2026-04-29T13:37:41","modified_gmt":"2026-04-29T05:37:41","slug":"essential-oil-bottle-high-quality-cosmetic-packaging-essential-oil-glass-bottle-jaunce","status":"publish","type":"product","link":"https:\/\/www.cosmepak.com\/es\/product\/essential-oil-bottle-high-quality-cosmetic-packaging-essential-oil-glass-bottle-jaunce\/","title":{"rendered":"Botella de aceite esencial Embalaje cosm\u00e9tico de alta calidad Botella de vidrio esencial de aceite {{URL_PLECELDER_0}}"},"content":{"rendered":"<table style=\"border-collapse: collapse; width: 100%; height: 242px;\">\n<tbody>\n<tr style=\"height: 24px;\">\n<td style=\"width: 48.5576%; height: 24px; text-align: center;\">Marca<\/td>\n<td style=\"width: 51.4424%; height: 24px; text-align: center;\">\u00a0Jaunce<\/td>\n<\/tr>\n<tr style=\"height: 24px;\">\n<td style=\"width: 48.5576%; height: 24px; text-align: center;\">Capacidad<\/td>\n<td style=\"width: 51.4424%; height: 24px; text-align: center;\">10ml \/ 20ml \/ 30ml \/ 50ml \/ 100ml<\/td>\n<\/tr>\n<tr style=\"height: 24px;\">\n<td style=\"width: 48.5576%; height: 24px; text-align: center;\">Forma<\/td>\n<td style=\"width: 51.4424%; height: 24px; text-align: center;\">Redondo<\/td>\n<\/tr>\n<tr style=\"height: 24px;\">\n<td style=\"width: 48.5576%; height: 24px; text-align: center;\">Tama\u00f1o<\/td>\n<td style=\"width: 51.4424%; height: 24px; text-align: center;\">29*93 mm<\/td>\n<\/tr>\n<tr style=\"height: 24px;\">\n<td style=\"width: 48.5576%; height: 24px; text-align: center;\">Adecuado<\/td>\n<td style=\"width: 51.4424%; height: 24px; text-align: center;\">Cuentagotas<\/td>\n<\/tr>\n<tr style=\"height: 24px;\">\n<td style=\"width: 48.5576%; height: 24px; text-align: center;\">Modelo<\/td>\n<td style=\"width: 51.4424%; height: 24px; text-align: center;\">JH-SM-20220830<\/td>\n<\/tr>\n<tr style=\"height: 24px;\">\n<td style=\"width: 48.5576%; height: 24px; text-align: center;\">OEM \/ ODM<\/td>\n<td style=\"width: 51.4424%; height: 24px; text-align: center;\">Aceptar<\/td>\n<\/tr>\n<tr style=\"height: 24px;\">\n<td style=\"width: 48.5576%; height: 24px; text-align: center;\">Color<\/td>\n<td style=\"width: 51.4424%; height: 24px; text-align: center;\">Personalizado<\/td>\n<\/tr>\n<tr style=\"height: 24px;\">\n<td style=\"width: 48.5576%; height: 24px; text-align: center;\">Moq<\/td>\n<td style=\"width: 51.4424%; height: 24px; text-align: center;\">General 5000pcs;<\/td>\n<\/tr>\n<\/tbody>\n<\/table>\n<table style=\"border-collapse: collapse; width: 100%; height: 144px;\">\n<tbody>\n<tr style=\"height: 24px;\">\n<td style=\"width: 20%; text-align: center; height: 24px;\"><strong>Capacidad<\/strong><\/td>\n<td style=\"width: 20%; text-align: center; height: 24px;\"><strong>Altura de la botella<\/strong><\/td>\n<td style=\"width: 20%; text-align: center; height: 24px;\"><strong>Este ajuste temprano en el dise\u00f1o ahorra tiempo. Tambi\u00e9n evita costosas reparaciones m\u00e1s tarde en la producci\u00f3n.<\/strong><\/td>\n<td style=\"width: 20%; text-align: center; height: 24px;\"><strong>\u00bfC\u00f3mo Visual Desi\u062c\u0631\u0627mN Imetrpact Presencia Estante?<\/strong><\/td>\n<td style=\"width: 20%; text-align: center; height: 24px;\"><strong>Altura imprimible<\/strong><\/td>\n<\/tr>\n<tr style=\"height: 24px;\">\n<td style=\"width: 20%; text-align: center; height: 24px;\">10 ml<\/td>\n<td style=\"width: 20%; text-align: center; height: 24px;\">93 mm<\/td>\n<td style=\"width: 20%; text-align: center; height: 24px;\">29 mm<\/td>\n<td style=\"width: 20%; text-align: center; height: 24px;\">91 mm<\/td>\n<td style=\"width: 20%; text-align: center; height: 24px;\">32 mm<\/td>\n<\/tr>\n<tr style=\"height: 24px;\">\n<td style=\"width: 20%; text-align: center; height: 24px;\">20 ml<\/td>\n<td style=\"width: 20%; text-align: center; height: 24px;\">102 mm<\/td>\n<td style=\"width: 20%; text-align: center; height: 24px;\">34 mm<\/td>\n<td style=\"width: 20%; text-align: center; height: 24px;\">107 mm<\/td>\n<td style=\"width: 20%; text-align: center; height: 24px;\">36 mm<\/td>\n<\/tr>\n<tr style=\"height: 24px;\">\n<td style=\"width: 20%; text-align: center; height: 24px;\">30 ml<\/td>\n<td style=\"width: 20%; text-align: center; height: 24px;\">108 mm<\/td>\n<td style=\"width: 20%; text-align: center; height: 24px;\">37 mm<\/td>\n<td style=\"width: 20%; text-align: center; height: 24px;\">\u00bfPor qu\u00e9 son tan importantes el color, el color y el color?<\/td>\n<td style=\"width: 20%; text-align: center; height: 24px;\">42 mm<\/td>\n<\/tr>\n<tr style=\"height: 24px;\">\n<td style=\"width: 20%; text-align: center; height: 24px;\">50 ml<\/td>\n<td style=\"width: 20%; text-align: center; height: 24px;\">116 mm<\/td>\n<td style=\"width: 20%; text-align: center; height: 24px;\">43 mm<\/td>\n<td style=\"width: 20%; text-align: center; height: 24px;\">Los colores cambian c\u00f3mo se sienten las personas. Un sombrero oscuro puede parecer misterioso o fuerte. El oro sugiere riqueza. Los tonos pastel suaves se sienten suaves o rom\u00e1nticos.<\/td>\n<td style=\"width: 20%; text-align: center; height: 24px;\">48 mm<\/td>\n<\/tr>\n<tr style=\"height: 24px;\">\n<td style=\"width: 20%; text-align: center; height: 24px;\">100 ml<\/td>\n<td style=\"width: 20%; text-align: center; height: 24px;\">140 mm<\/td>\n<td style=\"width: 20%; text-align: center; height: 24px;\">51 mm<\/td>\n<td style=\"width: 20%; text-align: center; height: 24px;\">160 mm<\/td>\n<td style=\"width: 20%; text-align: center; height: 24px;\">62 mm<\/td>\n<\/tr>\n<\/tbody>\n<\/table>\n<p>1. Material and environmental friendliness: Our bottle is made of glass. The material of glass has both environmental-friendly properties and the characteristic of being recyclable, thereby reducing the waste of consumables. The rounded shoulder design makes the bottle&#8217;s shape more gentle and smooth.<br \/>\n\u00bfQu\u00e9 papel juega la forma de innovaci\u00f3n?<br \/>\nFormas frescas \u0645\u062a\u0631ake su perfume destacan tiendas de bolsa. Piense en an\u062c\u0631\u0627mles afilados, tops curvos, o dise\u00f1os audaces. Las formas crean sentimientos. Las gorras redondas parecen suaves. Los bordeados se sienten modernos y atrevidos.<br \/>\nLa forma de la tapa debe corresponder al desigraman de la botella. Esto crea un look de marca unificado.<br \/>\n5. Appearance style: The bottle body has a black glossy finish with a gradient effect, paired with black electroplated aluminum droppers. The overall design creates a low-key visual effect. Through the handling of color layers, the luxurious texture is highlighted, making it highly suitable for the positioning of high-end skincare products. This is a packaging style that conforms to high-end skincare products and is commonly used for high-end series such as essential oils.<\/p>\n<p>Los logotipos, las l\u00e1minas brillantes o incluso los peque\u00f1os gemetros cuentan la historia de su marca. Estos detalles aumentan el valor del producto. No cambian demasiado los materiales principales.<br \/>\n\u00bfQu\u00e9 opciones de personalizaci\u00f3n hace Jaunce para las marcas Perfumetre?<br \/>\n\u00bfC\u00f3mo puede combinar Cap Desi\u062c\u0631\u0627mn con la est\u00e9tica de la botella sin costuras?<\/p>\n<p>Jaunce proporciona una custometrizaci\u00f3n completa<\/p>\n<table style=\"border-collapse: collapse; width: 100%;\">\n<tbody>\n<tr>\n<td style=\"width: 33.3333%;\"><img fetchpriority=\"high\" decoding=\"async\" class=\"alignnone size-full wp-image-3210\" src=\"https:\/\/www.cosmepak.com\/wp-content\/uploads\/2025\/03\/\u4e3b\u56fe-5-3.jpg\" alt=\"\" width=\"1000\" height=\"1000\" srcset=\"https:\/\/www.cosmepak.com\/wp-content\/uploads\/2025\/03\/\u4e3b\u56fe-5-3.jpg 1000w, https:\/\/www.cosmepak.com\/wp-content\/uploads\/2025\/03\/\u4e3b\u56fe-5-3-300x300.jpg 300w, https:\/\/www.cosmepak.com\/wp-content\/uploads\/2025\/03\/\u4e3b\u56fe-5-3-150x150.jpg 150w, https:\/\/www.cosmepak.com\/wp-content\/uploads\/2025\/03\/\u4e3b\u56fe-5-3-768x768.jpg 768w, https:\/\/www.cosmepak.com\/wp-content\/uploads\/2025\/03\/\u4e3b\u56fe-5-3-12x12.jpg 12w, https:\/\/www.cosmepak.com\/wp-content\/uploads\/2025\/03\/\u4e3b\u56fe-5-3-600x600.jpg 600w, https:\/\/www.cosmepak.com\/wp-content\/uploads\/2025\/03\/\u4e3b\u56fe-5-3-100x100.jpg 100w\" sizes=\"(max-width: 1000px) 100vw, 1000px\" \/><\/td>\n<td style=\"width: 33.3333%;\"><img decoding=\"async\" class=\"alignnone size-full wp-image-3211\" src=\"https:\/\/www.cosmepak.com\/wp-content\/uploads\/2025\/03\/\u4e3b\u56fe-4-3.jpg\" alt=\"\" width=\"1000\" height=\"1000\" srcset=\"https:\/\/www.cosmepak.com\/wp-content\/uploads\/2025\/03\/\u4e3b\u56fe-4-3.jpg 1000w, https:\/\/www.cosmepak.com\/wp-content\/uploads\/2025\/03\/\u4e3b\u56fe-4-3-300x300.jpg 300w, https:\/\/www.cosmepak.com\/wp-content\/uploads\/2025\/03\/\u4e3b\u56fe-4-3-150x150.jpg 150w, https:\/\/www.cosmepak.com\/wp-content\/uploads\/2025\/03\/\u4e3b\u56fe-4-3-768x768.jpg 768w, https:\/\/www.cosmepak.com\/wp-content\/uploads\/2025\/03\/\u4e3b\u56fe-4-3-12x12.jpg 12w, https:\/\/www.cosmepak.com\/wp-content\/uploads\/2025\/03\/\u4e3b\u56fe-4-3-600x600.jpg 600w, https:\/\/www.cosmepak.com\/wp-content\/uploads\/2025\/03\/\u4e3b\u56fe-4-3-100x100.jpg 100w\" sizes=\"(max-width: 1000px) 100vw, 1000px\" \/><\/td>\n<td style=\"width: 33.3333%;\"><img decoding=\"async\" class=\"alignnone size-full wp-image-3212\" src=\"https:\/\/www.cosmepak.com\/wp-content\/uploads\/2025\/03\/\u8be6\u60c5-12-1.jpg\" alt=\"\" width=\"1000\" height=\"1000\" srcset=\"https:\/\/www.cosmepak.com\/wp-content\/uploads\/2025\/03\/\u8be6\u60c5-12-1.jpg 1000w, https:\/\/www.cosmepak.com\/wp-content\/uploads\/2025\/03\/\u8be6\u60c5-12-1-300x300.jpg 300w, https:\/\/www.cosmepak.com\/wp-content\/uploads\/2025\/03\/\u8be6\u60c5-12-1-150x150.jpg 150w, https:\/\/www.cosmepak.com\/wp-content\/uploads\/2025\/03\/\u8be6\u60c5-12-1-768x768.jpg 768w, https:\/\/www.cosmepak.com\/wp-content\/uploads\/2025\/03\/\u8be6\u60c5-12-1-12x12.jpg 12w, https:\/\/www.cosmepak.com\/wp-content\/uploads\/2025\/03\/\u8be6\u60c5-12-1-600x600.jpg 600w, https:\/\/www.cosmepak.com\/wp-content\/uploads\/2025\/03\/\u8be6\u60c5-12-1-100x100.jpg 100w\" sizes=\"(max-width: 1000px) 100vw, 1000px\" \/><\/td>\n<\/tr>\n<\/tbody>\n<\/table>\n<table style=\"border-collapse: collapse; width: 100%;\">\n<tbody>\n<tr>\n<td style=\"width: 33.3333%;\"><img loading=\"lazy\" decoding=\"async\" class=\"alignnone size-full wp-image-3213\" src=\"https:\/\/www.cosmepak.com\/wp-content\/uploads\/2025\/03\/\u4e3b\u56fe-7.jpg\" alt=\"\" width=\"1000\" height=\"1000\" srcset=\"https:\/\/www.cosmepak.com\/wp-content\/uploads\/2025\/03\/\u4e3b\u56fe-7.jpg 1000w, https:\/\/www.cosmepak.com\/wp-content\/uploads\/2025\/03\/\u4e3b\u56fe-7-300x300.jpg 300w, https:\/\/www.cosmepak.com\/wp-content\/uploads\/2025\/03\/\u4e3b\u56fe-7-150x150.jpg 150w, https:\/\/www.cosmepak.com\/wp-content\/uploads\/2025\/03\/\u4e3b\u56fe-7-768x768.jpg 768w, https:\/\/www.cosmepak.com\/wp-content\/uploads\/2025\/03\/\u4e3b\u56fe-7-12x12.jpg 12w, https:\/\/www.cosmepak.com\/wp-content\/uploads\/2025\/03\/\u4e3b\u56fe-7-600x600.jpg 600w, https:\/\/www.cosmepak.com\/wp-content\/uploads\/2025\/03\/\u4e3b\u56fe-7-100x100.jpg 100w\" sizes=\"(max-width: 1000px) 100vw, 1000px\" \/><\/td>\n<td style=\"width: 33.3333%;\"><img loading=\"lazy\" decoding=\"async\" class=\"alignnone size-full wp-image-3214\" src=\"https:\/\/www.cosmepak.com\/wp-content\/uploads\/2025\/03\/\u4e3b\u56fe-9.jpg\" alt=\"\" width=\"1000\" height=\"1000\" srcset=\"https:\/\/www.cosmepak.com\/wp-content\/uploads\/2025\/03\/\u4e3b\u56fe-9.jpg 1000w, https:\/\/www.cosmepak.com\/wp-content\/uploads\/2025\/03\/\u4e3b\u56fe-9-300x300.jpg 300w, https:\/\/www.cosmepak.com\/wp-content\/uploads\/2025\/03\/\u4e3b\u56fe-9-150x150.jpg 150w, https:\/\/www.cosmepak.com\/wp-content\/uploads\/2025\/03\/\u4e3b\u56fe-9-768x768.jpg 768w, https:\/\/www.cosmepak.com\/wp-content\/uploads\/2025\/03\/\u4e3b\u56fe-9-12x12.jpg 12w, https:\/\/www.cosmepak.com\/wp-content\/uploads\/2025\/03\/\u4e3b\u56fe-9-600x600.jpg 600w, https:\/\/www.cosmepak.com\/wp-content\/uploads\/2025\/03\/\u4e3b\u56fe-9-100x100.jpg 100w\" sizes=\"(max-width: 1000px) 100vw, 1000px\" \/><\/td>\n<td style=\"width: 33.3333%;\"><img loading=\"lazy\" decoding=\"async\" class=\"alignnone size-full wp-image-3215\" src=\"https:\/\/www.cosmepak.com\/wp-content\/uploads\/2025\/03\/\u4e3b\u56fe-10-1.jpg\" alt=\"\" width=\"1000\" height=\"1000\" srcset=\"https:\/\/www.cosmepak.com\/wp-content\/uploads\/2025\/03\/\u4e3b\u56fe-10-1.jpg 1000w, https:\/\/www.cosmepak.com\/wp-content\/uploads\/2025\/03\/\u4e3b\u56fe-10-1-300x300.jpg 300w, https:\/\/www.cosmepak.com\/wp-content\/uploads\/2025\/03\/\u4e3b\u56fe-10-1-150x150.jpg 150w, https:\/\/www.cosmepak.com\/wp-content\/uploads\/2025\/03\/\u4e3b\u56fe-10-1-768x768.jpg 768w, https:\/\/www.cosmepak.com\/wp-content\/uploads\/2025\/03\/\u4e3b\u56fe-10-1-12x12.jpg 12w, https:\/\/www.cosmepak.com\/wp-content\/uploads\/2025\/03\/\u4e3b\u56fe-10-1-600x600.jpg 600w, https:\/\/www.cosmepak.com\/wp-content\/uploads\/2025\/03\/\u4e3b\u56fe-10-1-100x100.jpg 100w\" sizes=\"(max-width: 1000px) 100vw, 1000px\" \/><\/td>\n<\/tr>\n<\/tbody>\n<\/table>\n<table style=\"border-collapse: collapse; width: 100%;\">\n<tbody>\n<tr>\n<td style=\"width: 50%;\"><img loading=\"lazy\" decoding=\"async\" class=\"alignnone size-full wp-image-3216\" src=\"https:\/\/www.cosmepak.com\/wp-content\/uploads\/2025\/03\/\u4e3b\u56fe-1-1.jpg\" alt=\"\" width=\"1000\" height=\"1000\" srcset=\"https:\/\/www.cosmepak.com\/wp-content\/uploads\/2025\/03\/\u4e3b\u56fe-1-1.jpg 1000w, https:\/\/www.cosmepak.com\/wp-content\/uploads\/2025\/03\/\u4e3b\u56fe-1-1-300x300.jpg 300w, https:\/\/www.cosmepak.com\/wp-content\/uploads\/2025\/03\/\u4e3b\u56fe-1-1-150x150.jpg 150w, https:\/\/www.cosmepak.com\/wp-content\/uploads\/2025\/03\/\u4e3b\u56fe-1-1-768x768.jpg 768w, https:\/\/www.cosmepak.com\/wp-content\/uploads\/2025\/03\/\u4e3b\u56fe-1-1-12x12.jpg 12w, https:\/\/www.cosmepak.com\/wp-content\/uploads\/2025\/03\/\u4e3b\u56fe-1-1-600x600.jpg 600w, https:\/\/www.cosmepak.com\/wp-content\/uploads\/2025\/03\/\u4e3b\u56fe-1-1-100x100.jpg 100w\" sizes=\"(max-width: 1000px) 100vw, 1000px\" \/><\/td>\n<td style=\"width: 50%;\"><img loading=\"lazy\" decoding=\"async\" class=\"alignnone size-full wp-image-3217\" src=\"https:\/\/www.cosmepak.com\/wp-content\/uploads\/2025\/03\/\u4e3b\u56fe-2-2.jpg\" alt=\"\" width=\"1000\" height=\"1000\" srcset=\"https:\/\/www.cosmepak.com\/wp-content\/uploads\/2025\/03\/\u4e3b\u56fe-2-2.jpg 1000w, https:\/\/www.cosmepak.com\/wp-content\/uploads\/2025\/03\/\u4e3b\u56fe-2-2-300x300.jpg 300w, https:\/\/www.cosmepak.com\/wp-content\/uploads\/2025\/03\/\u4e3b\u56fe-2-2-150x150.jpg 150w, https:\/\/www.cosmepak.com\/wp-content\/uploads\/2025\/03\/\u4e3b\u56fe-2-2-768x768.jpg 768w, https:\/\/www.cosmepak.com\/wp-content\/uploads\/2025\/03\/\u4e3b\u56fe-2-2-12x12.jpg 12w, https:\/\/www.cosmepak.com\/wp-content\/uploads\/2025\/03\/\u4e3b\u56fe-2-2-600x600.jpg 600w, https:\/\/www.cosmepak.com\/wp-content\/uploads\/2025\/03\/\u4e3b\u56fe-2-2-100x100.jpg 100w\" sizes=\"(max-width: 1000px) 100vw, 1000px\" \/><\/td>\n<\/tr>\n<\/tbody>\n<\/table>\n<div><\/div>","protected":false},"excerpt":{"rendered":"<p>Material: vidrio<\/p>\n<p>Capacidad: 10ml \/ 20ml \/ 30ml \/ 50ml \/ 100ml<\/p>\n<p>Tama\u00f1o: DIA 29 mm;<\/p>\n<p>Color: Aceptar personalizado (cualquier color Pantone disponible)<\/p>\n<p>Acabado de superficie: impresi\u00f3n de pantalla, estampado en caliente, gradiente de pulverizaci\u00f3n, acabado mate, etc.<\/p>\n<p>MOQ: 5000pcs<\/p>\n<p>Muestra: muestras gratuitas disponibles<\/p>\n<p>&nbsp;<\/p>\n<p>&nbsp;<\/p>","protected":false},"featured_media":3216,"comment_status":"closed","ping_status":"closed","template":"","meta":{"_acf_changed":false},"product_brand":[],"product_cat":[15,58],"product_tag":[40],"class_list":{"0":"post-1549","1":"product","2":"type-product","3":"status-publish","4":"has-post-thumbnail","6":"product_cat-essential-oil-bottle","7":"product_cat-glass-essential-oil-bottle","8":"product_tag-essential-oil-bottle","10":"first","11":"outofstock","12":"shipping-taxable","13":"product-type-simple"},"acf":[],"_links":{"self":[{"href":"https:\/\/www.cosmepak.com\/es\/wp-json\/wp\/v2\/product\/1549","targetHints":{"allow":["GET"]}}],"collection":[{"href":"https:\/\/www.cosmepak.com\/es\/wp-json\/wp\/v2\/product"}],"about":[{"href":"https:\/\/www.cosmepak.com\/es\/wp-json\/wp\/v2\/types\/product"}],"replies":[{"embeddable":true,"href":"https:\/\/www.cosmepak.com\/es\/wp-json\/wp\/v2\/comments?post=1549"}],"wp:featuredmedia":[{"embeddable":true,"href":"https:\/\/www.cosmepak.com\/es\/wp-json\/wp\/v2\/media\/3216"}],"wp:attachment":[{"href":"https:\/\/www.cosmepak.com\/es\/wp-json\/wp\/v2\/media?parent=1549"}],"wp:term":[{"taxonomy":"product_brand","embeddable":true,"href":"https:\/\/www.cosmepak.com\/es\/wp-json\/wp\/v2\/product_brand?post=1549"},{"taxonomy":"product_cat","embeddable":true,"href":"https:\/\/www.cosmepak.com\/es\/wp-json\/wp\/v2\/product_cat?post=1549"},{"taxonomy":"product_tag","embeddable":true,"href":"https:\/\/www.cosmepak.com\/es\/wp-json\/wp\/v2\/product_tag?post=1549"}],"curies":[{"name":"WP","href":"https:\/\/api.w.org\/{rel}","templated":true}]}}