{"id":1562,"date":"2025-03-28T13:21:15","date_gmt":"2025-03-28T05:21:15","guid":{"rendered":"https:\/\/www.cosmepak.com\/?post_type=product&#038;p=1562"},"modified":"2025-10-23T14:14:50","modified_gmt":"2025-10-23T06:14:50","slug":"double-collar-dropper-bottle-cylinder-shape-serum-glass-bottle","status":"publish","type":"product","link":"https:\/\/www.cosmepak.com\/es\/product\/double-collar-dropper-bottle-cylinder-shape-serum-glass-bottle\/","title":{"rendered":"\u00bfPor qu\u00e9 los materiales sostenibles ganan popularidad en el embalaje de lujo?"},"content":{"rendered":"<table style=\"border-collapse: collapse; width: 100%; height: 242px;\">\n<tbody>\n<tr style=\"height: 24px;\">\n<td style=\"width: 52.2293%; height: 24px; text-align: center;\">Marca<\/td>\n<td style=\"width: 47.7707%; height: 24px; text-align: center;\">\u00a0Jaunce<\/td>\n<\/tr>\n<tr style=\"height: 24px;\">\n<td style=\"width: 52.2293%; height: 24px; text-align: center;\">Capacidad<\/td>\n<td style=\"width: 47.7707%; height: 24px; text-align: center;\">5 ml \/ 10 ml \/ 15 ml \/ 30 ml<\/td>\n<\/tr>\n<tr style=\"height: 24px;\">\n<td style=\"width: 52.2293%; height: 24px; text-align: center;\">Forma<\/td>\n<td style=\"width: 47.7707%; height: 24px; text-align: center;\">cilindro<\/td>\n<\/tr>\n<tr style=\"height: 24px;\">\n<td style=\"width: 52.2293%; height: 24px; text-align: center;\">Adecuado<\/td>\n<td style=\"width: 47.7707%; height: 24px; text-align: center;\">Cuentagotas<\/td>\n<\/tr>\n<tr style=\"height: 24px;\">\n<td style=\"width: 52.2293%; height: 24px; text-align: center;\">Modelo<\/td>\n<td style=\"width: 47.7707%; height: 24px; text-align: center;\">Botella de aceite esencial de vidrio - Jaunce<\/td>\n<\/tr>\n<tr style=\"height: 24px;\">\n<td style=\"width: 52.2293%; height: 24px; text-align: center;\">OEM \/ ODM<\/td>\n<td style=\"width: 47.7707%; height: 24px; text-align: center;\">Aceptar<\/td>\n<\/tr>\n<tr style=\"height: 24px;\">\n<td style=\"width: 52.2293%; height: 24px; text-align: center;\">Color<\/td>\n<td style=\"width: 47.7707%; height: 24px; text-align: center;\">Personalizado<\/td>\n<\/tr>\n<tr style=\"height: 24px;\">\n<td style=\"width: 52.2293%; height: 24px; text-align: center;\">Moq<\/td>\n<td style=\"width: 47.7707%; height: 24px; text-align: center;\">General 5000pcs;<\/td>\n<\/tr>\n<\/tbody>\n<\/table>\n<table style=\"border-collapse: collapse; width: 100%;\">\n<tbody>\n<tr>\n<td style=\"width: 16.6667%; text-align: center;\"><strong>Capacidad<\/strong><\/td>\n<td style=\"width: 16.6667%; text-align: center;\"><strong>Altura de la botella<\/strong><\/td>\n<td style=\"width: 16.6667%; text-align: center;\"><strong>Este ajuste temprano en el dise\u00f1o ahorra tiempo. Tambi\u00e9n evita costosas reparaciones m\u00e1s tarde en la producci\u00f3n.<\/strong><\/td>\n<td style=\"width: 16.6667%; text-align: center;\"><strong>\u00bfC\u00f3mo Visual Desi\u062c\u0631\u0627mN Imetrpact Presencia Estante?<\/strong><\/td>\n<td style=\"width: 16.6667%; text-align: center;\"><strong>Altura imprimible<\/strong><\/td>\n<td style=\"width: 16.6667%; text-align: center;\"><strong>Peso<\/strong><\/td>\n<\/tr>\n<tr>\n<td style=\"width: 16.6667%; text-align: center;\">5 ml<\/td>\n<td style=\"width: 16.6667%; text-align: center;\">80 mm<\/td>\n<td style=\"width: 16.6667%; text-align: center;\">P\u00e1gina de inicio del autor cosmopak admin - jaunce industrial - sucunduct<\/td>\n<td style=\"width: 16.6667%; text-align: center;\">\u2014\u062c\u0631\u0627\u0645rab compradores que quieren ser nuevos. Estos toques impulsan la belleza. Tambi\u00e9n coinciden con los deseos de los compradores para experiencias personales.<\/td>\n<td style=\"width: 16.6667%; text-align: center;\">27 mm<\/td>\n<td style=\"width: 16.6667%; text-align: center;\">\u00abC\u00f3mo elegir el embalaje perfecto para tus productos de belleza\u00bb \u2014 Jaunce industrial<\/td>\n<\/tr>\n<tr>\n<td style=\"width: 16.6667%; text-align: center;\">10 ml<\/td>\n<td style=\"width: 16.6667%; text-align: center;\">95 mm<\/td>\n<td style=\"width: 16.6667%; text-align: center;\">Otras Herramientas - Jaunce \u0628\u0648\u0635\u0629dustrial<\/td>\n<td style=\"width: 16.6667%; text-align: center;\">Mascare Tubo - Jaunce<\/td>\n<td style=\"width: 16.6667%; text-align: center;\">43 mm<\/td>\n<td style=\"width: 16.6667%; text-align: center;\">49g<\/td>\n<\/tr>\n<tr>\n<td style=\"width: 16.6667%; text-align: center;\">15 ml<\/td>\n<td style=\"width: 16.6667%; text-align: center;\">114 mm<\/td>\n<td style=\"width: 16.6667%; text-align: center;\">28.5mm<\/td>\n<td style=\"width: 16.6667%; text-align: center;\">89 mm<\/td>\n<td style=\"width: 16.6667%; text-align: center;\">60 mm<\/td>\n<td style=\"width: 16.6667%; text-align: center;\">Conta\u0628\u0648\u0635\u0629 - Jaunce industrial<\/td>\n<\/tr>\n<tr>\n<td style=\"width: 16.6667%; text-align: center;\">30 ml<\/td>\n<td style=\"width: 16.6667%; text-align: center;\">132mm<\/td>\n<td style=\"width: 16.6667%; text-align: center;\">30.5mm<\/td>\n<td style=\"width: 16.6667%; text-align: center;\">96 mm<\/td>\n<td style=\"width: 16.6667%; text-align: center;\">Botella de aceite esencial de pl\u00e1stico - Jaunce<\/td>\n<td style=\"width: 16.6667%; text-align: center;\">Productos - Jaunce pulgadadustrial - P\u00e1gina 2<\/td>\n<\/tr>\n<\/tbody>\n<\/table>\n<div>En t\u00e9rminos de dise\u00f1o, adopta el popular esquema de colores macaroon, presentando un estilo general refrescante, sencillo y elegante, proporcionando una experiencia visual c\u00f3moda y agradable. Las opciones de color son muy diversas, cubriendo verde transparente, rosa transparente y p\u00farpura transparente con sus texturas transl\u00facidas, as\u00ed como tres colores ricos y completos de rosa, p\u00farpura y verde, atendiendo a las preferencias est\u00e9ticas de diferentes personas.  \u00bfQu\u00e9&#8217; m\u00e1s, tambi\u00e9n t \u1eaf ter un servicio de personalizaci\u00f3n de color, que le permite crear una botella dispensadora de perfume de color personalizada seg\u00fan sus necesidades individuales.<\/div>\n<div><strong>Adem\u00e1s del llamativo esquema de colores, el san-pham&#8217; Los detalles tambi\u00e9n presentan dise\u00f1os ingeniosos. Est\u00e1 equipado con una cubierta exterior de forma \u00fanica, con dos colores cl\u00e1sicos de oro y plata disponibles para selecci\u00f3n. Cuando se empareja con la botella de perfume, puede mejorar la elegancia general; la parte de pulverizaci\u00f3n tambi\u00e9n t \u1eaf Ters dos opciones de oro y plata, no solo tienen una apariencia hermosa, sino que tambi\u00e9n proporcionan un spray fino y uniforme que permite que el perfume se adhiera mejor a la piel, ofreciendo una experiencia de uso superior.<\/strong>L\u00f3pez ayudar\u00e1 a desarrollar estrategias para promover sus 24 fragancias.<\/div>\n<div><strong>Relacionado Break\u0628\u0648\u0635\u0629\u062c\u0631\u0627\u0645 Noticias<\/strong>Introducci\u00f3n de un nuevo servicio de verificaci\u00f3n de productos cosm\u00e9ticos<\/div>\n<div>Enfoques para la Reconstrucci\u00f3n de la Industria \/ Paquete de Premios<\/div>\n<div>Desi\u062c\u0631\u0627mner Parfumetros<br \/>\nHa reclutado a Jennifer L\u00f3pez para una nueva asociaci\u00f3n. L\u00f3pez trabajar\u00e1 junto a Dilesh Mehta, presidente y CEO de Designer Parfums, para crear una nueva marca de innovaci\u00f3n y estrategia para impulsar el crecimiento global de L\u00f3pez. franquicia de fragancias.<br \/>\nJennifer L\u00f3pez ha visto \u00e9xito en la industria de la fragancia. En 2003, Jennifer lanz\u00f3 su fragancia debut, Glow by JLo, que re\u00fane uno de los lanzamientos de fragancias m\u00e1s exitosos hasta la fecha y se le atribuye el inicio de una ola de fragancias de celebridades adicionales. Desde entonces, ha lanzado 23 fragancias adicionales, convirtiendo a Jennifer Lopez Fragrance House en una de las marcas de celebridades m\u00e1s exitosas hasta la fecha.<br \/>\n&#8220; Jennifer siempre ha tenido una visi\u00f3n clara cuando se relaciona con su fragrancia, las tendencias de conocimiento y la entrega de aromas del amor p\u00fablico, todo lo que abarca su autenticidad y visi\u00f3n, &#8221; dijo Dilesh Mehta. \u00a0\u00a0 &#8220; Los equipos de Designer Parfums est\u00e1n muy emocionados de trabajar con Jennifer y su equipo y tener una larga, exitosa y hermosamente perfumada asociaci\u00f3n. &#8221;<\/div>\n<div>\n<p><img fetchpriority=\"high\" decoding=\"async\" class=\"size-full wp-image-3227 aligncenter\" src=\"https:\/\/www.cosmepak.com\/wp-content\/uploads\/2025\/03\/O1CN01uEO52l1TbFVZm2lPg_2506382400-0-cib.jpg\" alt=\"\" width=\"800\" height=\"1345\" srcset=\"https:\/\/www.cosmepak.com\/wp-content\/uploads\/2025\/03\/O1CN01uEO52l1TbFVZm2lPg_2506382400-0-cib.jpg 800w, https:\/\/www.cosmepak.com\/wp-content\/uploads\/2025\/03\/O1CN01uEO52l1TbFVZm2lPg_2506382400-0-cib-178x300.jpg 178w, https:\/\/www.cosmepak.com\/wp-content\/uploads\/2025\/03\/O1CN01uEO52l1TbFVZm2lPg_2506382400-0-cib-609x1024.jpg 609w, https:\/\/www.cosmepak.com\/wp-content\/uploads\/2025\/03\/O1CN01uEO52l1TbFVZm2lPg_2506382400-0-cib-768x1291.jpg 768w, https:\/\/www.cosmepak.com\/wp-content\/uploads\/2025\/03\/O1CN01uEO52l1TbFVZm2lPg_2506382400-0-cib-7x12.jpg 7w, https:\/\/www.cosmepak.com\/wp-content\/uploads\/2025\/03\/O1CN01uEO52l1TbFVZm2lPg_2506382400-0-cib-600x1009.jpg 600w\" sizes=\"(max-width: 800px) 100vw, 800px\" \/><\/p>\n<table style=\"border-collapse: collapse; width: 100%;\">\n<tbody>\n<tr>\n<td style=\"width: 33.3333%;\"><img decoding=\"async\" class=\"alignnone size-full wp-image-3224\" src=\"https:\/\/www.cosmepak.com\/wp-content\/uploads\/2025\/03\/1-12.jpg\" alt=\"\" width=\"1000\" height=\"1000\" srcset=\"https:\/\/www.cosmepak.com\/wp-content\/uploads\/2025\/03\/1-12.jpg 1000w, https:\/\/www.cosmepak.com\/wp-content\/uploads\/2025\/03\/1-12-300x300.jpg 300w, https:\/\/www.cosmepak.com\/wp-content\/uploads\/2025\/03\/1-12-150x150.jpg 150w, https:\/\/www.cosmepak.com\/wp-content\/uploads\/2025\/03\/1-12-768x768.jpg 768w, https:\/\/www.cosmepak.com\/wp-content\/uploads\/2025\/03\/1-12-12x12.jpg 12w, https:\/\/www.cosmepak.com\/wp-content\/uploads\/2025\/03\/1-12-600x600.jpg 600w, https:\/\/www.cosmepak.com\/wp-content\/uploads\/2025\/03\/1-12-100x100.jpg 100w\" sizes=\"(max-width: 1000px) 100vw, 1000px\" \/><\/td>\n<td style=\"width: 33.3333%;\"><img decoding=\"async\" class=\"alignnone size-full wp-image-3226\" src=\"https:\/\/www.cosmepak.com\/wp-content\/uploads\/2025\/03\/7-6.jpg\" alt=\"\" width=\"680\" height=\"680\" srcset=\"https:\/\/www.cosmepak.com\/wp-content\/uploads\/2025\/03\/7-6.jpg 680w, https:\/\/www.cosmepak.com\/wp-content\/uploads\/2025\/03\/7-6-300x300.jpg 300w, https:\/\/www.cosmepak.com\/wp-content\/uploads\/2025\/03\/7-6-150x150.jpg 150w, https:\/\/www.cosmepak.com\/wp-content\/uploads\/2025\/03\/7-6-12x12.jpg 12w, https:\/\/www.cosmepak.com\/wp-content\/uploads\/2025\/03\/7-6-600x600.jpg 600w, https:\/\/www.cosmepak.com\/wp-content\/uploads\/2025\/03\/7-6-100x100.jpg 100w\" sizes=\"(max-width: 680px) 100vw, 680px\" \/><\/td>\n<td style=\"width: 33.3333%;\"><img loading=\"lazy\" decoding=\"async\" class=\"alignnone size-full wp-image-3225\" src=\"https:\/\/www.cosmepak.com\/wp-content\/uploads\/2025\/03\/3-6.jpg\" alt=\"\" width=\"1000\" height=\"1000\" srcset=\"https:\/\/www.cosmepak.com\/wp-content\/uploads\/2025\/03\/3-6.jpg 1000w, https:\/\/www.cosmepak.com\/wp-content\/uploads\/2025\/03\/3-6-300x300.jpg 300w, https:\/\/www.cosmepak.com\/wp-content\/uploads\/2025\/03\/3-6-150x150.jpg 150w, https:\/\/www.cosmepak.com\/wp-content\/uploads\/2025\/03\/3-6-768x768.jpg 768w, https:\/\/www.cosmepak.com\/wp-content\/uploads\/2025\/03\/3-6-12x12.jpg 12w, https:\/\/www.cosmepak.com\/wp-content\/uploads\/2025\/03\/3-6-600x600.jpg 600w, https:\/\/www.cosmepak.com\/wp-content\/uploads\/2025\/03\/3-6-100x100.jpg 100w\" sizes=\"(max-width: 1000px) 100vw, 1000px\" \/><\/td>\n<\/tr>\n<\/tbody>\n<\/table>\n<\/div>","protected":false},"excerpt":{"rendered":"<p>Material: vidrio<\/p>\n<p>Lista de art\u00edculos relacionados con perfu Chan e Bottle - jaunce Chan Industrial<\/p>\n<p>Color: Aceptar personalizado (cualquier color Pantone disponible)<\/p>\n<p>Acabado de superficie: impresi\u00f3n de pantalla, estampado en caliente, gradiente de pulverizaci\u00f3n, acabado mate, etc.<\/p>\n<p>MOQ: 5000pcs<\/p>\n<p>Muestra: muestras gratuitas disponibles<\/p>\n<p>&nbsp;<\/p>\n<p>&nbsp;<\/p>","protected":false},"featured_media":3226,"comment_status":"closed","ping_status":"closed","template":"","meta":{"_acf_changed":false},"product_brand":[],"product_cat":[15,58],"product_tag":[40],"class_list":{"0":"post-1562","1":"product","2":"type-product","3":"status-publish","4":"has-post-thumbnail","6":"product_cat-essential-oil-bottle","7":"product_cat-glass-essential-oil-bottle","8":"product_tag-essential-oil-bottle","10":"first","11":"outofstock","12":"shipping-taxable","13":"product-type-simple"},"acf":[],"_links":{"self":[{"href":"https:\/\/www.cosmepak.com\/es\/wp-json\/wp\/v2\/product\/1562","targetHints":{"allow":["GET"]}}],"collection":[{"href":"https:\/\/www.cosmepak.com\/es\/wp-json\/wp\/v2\/product"}],"about":[{"href":"https:\/\/www.cosmepak.com\/es\/wp-json\/wp\/v2\/types\/product"}],"replies":[{"embeddable":true,"href":"https:\/\/www.cosmepak.com\/es\/wp-json\/wp\/v2\/comments?post=1562"}],"wp:featuredmedia":[{"embeddable":true,"href":"https:\/\/www.cosmepak.com\/es\/wp-json\/wp\/v2\/media\/3226"}],"wp:attachment":[{"href":"https:\/\/www.cosmepak.com\/es\/wp-json\/wp\/v2\/media?parent=1562"}],"wp:term":[{"taxonomy":"product_brand","embeddable":true,"href":"https:\/\/www.cosmepak.com\/es\/wp-json\/wp\/v2\/product_brand?post=1562"},{"taxonomy":"product_cat","embeddable":true,"href":"https:\/\/www.cosmepak.com\/es\/wp-json\/wp\/v2\/product_cat?post=1562"},{"taxonomy":"product_tag","embeddable":true,"href":"https:\/\/www.cosmepak.com\/es\/wp-json\/wp\/v2\/product_tag?post=1562"}],"curies":[{"name":"WP","href":"https:\/\/api.w.org\/{rel}","templated":true}]}}