{"id":1576,"date":"2025-03-28T13:56:17","date_gmt":"2025-03-28T05:56:17","guid":{"rendered":"https:\/\/www.cosmepak.com\/?post_type=product&#038;p=1576"},"modified":"2025-08-21T16:20:53","modified_gmt":"2025-08-21T08:20:53","slug":"pp-flip-cap-plastic-cosmetic-bottle-jaunce","status":"publish","type":"product","link":"https:\/\/www.cosmepak.com\/es\/product\/pp-flip-cap-plastic-cosmetic-bottle-jaunce\/","title":{"rendered":"PP Flip Cap pl\u00e1stico botella cosm\u00e9tica \/ Jaunce"},"content":{"rendered":"<table style=\"border-collapse: collapse; width: 100%; height: 168px;\">\n<tbody>\n<tr style=\"height: 24px;\">\n<td style=\"width: 33.3333%; height: 168px;\" rowspan=\"7\"><img fetchpriority=\"high\" decoding=\"async\" class=\"alignnone size-full wp-image-1578\" src=\"https:\/\/www.cosmepak.com\/wp-content\/uploads\/2025\/03\/1-4.jpg\" alt=\"botella de pl\u00e1stico\" width=\"1000\" height=\"1000\" srcset=\"https:\/\/www.cosmepak.com\/wp-content\/uploads\/2025\/03\/1-4.jpg 1000w, https:\/\/www.cosmepak.com\/wp-content\/uploads\/2025\/03\/1-4-300x300.jpg 300w, https:\/\/www.cosmepak.com\/wp-content\/uploads\/2025\/03\/1-4-150x150.jpg 150w, https:\/\/www.cosmepak.com\/wp-content\/uploads\/2025\/03\/1-4-768x768.jpg 768w, https:\/\/www.cosmepak.com\/wp-content\/uploads\/2025\/03\/1-4-600x600.jpg 600w, https:\/\/www.cosmepak.com\/wp-content\/uploads\/2025\/03\/1-4-100x100.jpg 100w\" sizes=\"(max-width: 1000px) 100vw, 1000px\" \/><\/td>\n<td style=\"width: 33.122%; height: 24px; text-align: center;\">Marca<\/td>\n<td style=\"width: 33.5446%; height: 24px; text-align: center;\">Jaunce<\/td>\n<\/tr>\n<tr style=\"height: 24px;\">\n<td style=\"width: 33.122%; height: 24px; text-align: center;\">Modelo<\/td>\n<td style=\"width: 33.5446%; height: 24px; text-align: center;\">JH-LWMJ11<\/td>\n<\/tr>\n<tr style=\"height: 24px;\">\n<td style=\"width: 33.122%; height: 24px; text-align: center;\">Capcidad<\/td>\n<td style=\"width: 33.5446%; height: 24px; text-align: center;\">12\/18\/30\/50\/100\/200\/400ml<\/td>\n<\/tr>\n<tr style=\"height: 24px;\">\n<td style=\"width: 33.122%; height: 24px; text-align: center;\">Peso<\/td>\n<td style=\"width: 33.5446%; height: 24px; text-align: center;\">5.3\/6\/11.9\/13.3\/17\/31.6\/40.7g<\/td>\n<\/tr>\n<tr style=\"height: 24px;\">\n<td style=\"width: 33.122%; height: 24px; text-align: center;\">Color<\/td>\n<td style=\"width: 33.5446%; height: 24px; text-align: center;\">personalizado<\/td>\n<\/tr>\n<tr style=\"height: 24px;\">\n<td style=\"width: 33.122%; height: 24px; text-align: center;\">Material<\/td>\n<td style=\"width: 33.5446%; height: 24px; text-align: center;\">Botella de mascotas y gorra de PP<\/td>\n<\/tr>\n<tr style=\"height: 24px;\">\n<td style=\"width: 33.122%; height: 24px; text-align: center;\">Salida l\u00edquida<\/td>\n<td style=\"width: 33.5446%; height: 24px; text-align: center;\">0.4ml\/T<\/td>\n<\/tr>\n<\/tbody>\n<\/table>\n<p>Botella de hombro redondo con gota, acepte el color personalizado.<\/p>\n<table style=\"border-collapse: collapse; width: 100%;\">\n<tbody>\n<tr>\n<td style=\"width: 16.6667%; text-align: center;\">Capacidad<\/td>\n<td style=\"width: 16.6667%; text-align: center;\">Altura total<\/td>\n<td style=\"width: 16.6667%; text-align: center;\">Altura de la botella<\/td>\n<td style=\"width: 16.6667%; text-align: center;\">Altura imprimible<\/td>\n<td style=\"width: 16.6667%; text-align: center;\">Di\u00e1metro<\/td>\n<td style=\"width: 16.6667%; text-align: center;\">Peso<\/td>\n<\/tr>\n<tr>\n<td style=\"width: 16.6667%; text-align: center;\">12 ml<\/td>\n<td style=\"width: 16.6667%; text-align: center;\">61 mm<\/td>\n<td style=\"width: 16.6667%; text-align: center;\">57.5mm<\/td>\n<td style=\"width: 16.6667%; text-align: center;\">41.5mm<\/td>\n<td style=\"width: 16.6667%; text-align: center;\">21 mm<\/td>\n<td style=\"width: 16.6667%; text-align: center;\">5.3g<\/td>\n<\/tr>\n<tr>\n<td style=\"width: 16.6667%; text-align: center;\">18 ml<\/td>\n<td style=\"width: 16.6667%; text-align: center;\">81.6mm<\/td>\n<td style=\"width: 16.6667%; text-align: center;\">78 mm<\/td>\n<td style=\"width: 16.6667%; text-align: center;\">60.5mm<\/td>\n<td style=\"width: 16.6667%; text-align: center;\">21 mm<\/td>\n<td style=\"width: 16.6667%; text-align: center;\">6g<\/td>\n<\/tr>\n<tr>\n<td style=\"width: 16.6667%; text-align: center;\">30 ml<\/td>\n<td style=\"width: 16.6667%; text-align: center;\">71.65mm<\/td>\n<td style=\"width: 16.6667%; text-align: center;\">67 mm<\/td>\n<td style=\"width: 16.6667%; text-align: center;\">46 mm<\/td>\n<td style=\"width: 16.6667%; text-align: center;\">30.5mm<\/td>\n<td style=\"width: 16.6667%; text-align: center;\">11.9g<\/td>\n<\/tr>\n<tr>\n<td style=\"width: 16.6667%; text-align: center;\">50 ml<\/td>\n<td style=\"width: 16.6667%; text-align: center;\">104.5mm<\/td>\n<td style=\"width: 16.6667%; text-align: center;\">100 mm<\/td>\n<td style=\"width: 16.6667%; text-align: center;\">78 mm<\/td>\n<td style=\"width: 16.6667%; text-align: center;\">30.5mm<\/td>\n<td style=\"width: 16.6667%; text-align: center;\">13.3g<\/td>\n<\/tr>\n<tr>\n<td style=\"width: 16.6667%; text-align: center;\">100 ml<\/td>\n<td style=\"width: 16.6667%; text-align: center;\">124.5mm<\/td>\n<td style=\"width: 16.6667%; text-align: center;\">120.5mm<\/td>\n<td style=\"width: 16.6667%; text-align: center;\">93 mm<\/td>\n<td style=\"width: 16.6667%; text-align: center;\">38.8mm<\/td>\n<td style=\"width: 16.6667%; text-align: center;\">17G<\/td>\n<\/tr>\n<tr>\n<td style=\"width: 16.6667%; text-align: center;\">200 ml<\/td>\n<td style=\"width: 16.6667%; text-align: center;\">151.5mm<\/td>\n<td style=\"width: 16.6667%; text-align: center;\">146.8mm<\/td>\n<td style=\"width: 16.6667%; text-align: center;\">115 mm<\/td>\n<td style=\"width: 16.6667%; text-align: center;\">54 mm<\/td>\n<td style=\"width: 16.6667%; text-align: center;\">31.6g<\/td>\n<\/tr>\n<tr>\n<td style=\"width: 16.6667%; text-align: center;\">400 ml<\/td>\n<td style=\"width: 16.6667%; text-align: center;\">178 mm<\/td>\n<td style=\"width: 16.6667%; text-align: center;\">174 mm<\/td>\n<td style=\"width: 16.6667%; text-align: center;\">137 mm<\/td>\n<td style=\"width: 16.6667%; text-align: center;\">61 mm<\/td>\n<td style=\"width: 16.6667%; text-align: center;\">40.7g<\/td>\n<\/tr>\n<\/tbody>\n<\/table>\n<p><img decoding=\"async\" class=\"alignnone wp-image-1584\" src=\"https:\/\/www.cosmepak.com\/wp-content\/uploads\/2025\/03\/8.jpg\" alt=\"botella de pl\u00e1stico\" width=\"1419\" height=\"1886\" srcset=\"https:\/\/www.cosmepak.com\/wp-content\/uploads\/2025\/03\/8.jpg 790w, https:\/\/www.cosmepak.com\/wp-content\/uploads\/2025\/03\/8-226x300.jpg 226w, https:\/\/www.cosmepak.com\/wp-content\/uploads\/2025\/03\/8-770x1024.jpg 770w, https:\/\/www.cosmepak.com\/wp-content\/uploads\/2025\/03\/8-768x1021.jpg 768w, https:\/\/www.cosmepak.com\/wp-content\/uploads\/2025\/03\/8-600x797.jpg 600w\" sizes=\"(max-width: 1419px) 100vw, 1419px\" \/><\/p>\n<p><img decoding=\"async\" class=\"alignnone wp-image-1585\" src=\"https:\/\/www.cosmepak.com\/wp-content\/uploads\/2025\/03\/13-1.jpg\" alt=\"botella de pl\u00e1stico\" width=\"1379\" height=\"1899\" srcset=\"https:\/\/www.cosmepak.com\/wp-content\/uploads\/2025\/03\/13-1.jpg 790w, https:\/\/www.cosmepak.com\/wp-content\/uploads\/2025\/03\/13-1-218x300.jpg 218w, https:\/\/www.cosmepak.com\/wp-content\/uploads\/2025\/03\/13-1-744x1024.jpg 744w, https:\/\/www.cosmepak.com\/wp-content\/uploads\/2025\/03\/13-1-768x1058.jpg 768w, https:\/\/www.cosmepak.com\/wp-content\/uploads\/2025\/03\/13-1-600x826.jpg 600w\" sizes=\"(max-width: 1379px) 100vw, 1379px\" \/><\/p>\n<p class=\"ai-center-markdown-p\"><strong class=\"ai-center-markdown-strong\">Conjunto de botellas de apriete con tapa de vuelta port\u00e1til<\/strong><\/p>\n<p class=\"ai-center-markdown-p\">Presentando nuestro vers\u00e1til\u00a0<strong class=\"ai-center-markdown-strong\">Conjunto de botellas de apriete con tapa de vuelta port\u00e1til<\/strong>Perfecto para todos sus viajes y necesidades diarias. Este conjunto incluye m\u00faltiples botellas vac\u00edas dise\u00f1adas para un almacenamiento conveniente y eficiente de sus l\u00edquidos y lociones favoritos.<\/p>\n<p class=\"ai-center-markdown-p\"><strong class=\"ai-center-markdown-strong\">Caracter\u00edsticas clave:<\/strong><\/p>\n<ul class=\"ai-center-markdown-ul\">\n<li class=\"ai-center-markdown-li\"><strong class=\"ai-center-markdown-strong\">Variedad de usos:<\/strong>\u00a0Ideal para almacenar champ\u00fa, t\u00f3ner, lavado corporal y loci\u00f3n. Estas botellas son perfectas tanto para viajes como para uso diario.<\/li>\n<li class=\"ai-center-markdown-li\"><strong class=\"ai-center-markdown-strong\">Dise\u00f1o de capucha:<\/strong>\u00a0La tapa flip de f\u00e1cil uso garantiza un sello seguro, evitando fugas y derrames. La tapa giratoria permite una dispensaci\u00f3n r\u00e1pida y controlada del contenido.<\/li>\n<li class=\"ai-center-markdown-li\"><strong class=\"ai-center-markdown-strong\">Funci\u00f3n de compresi\u00f3n:<\/strong>\u00a0El material suave y aprietable de las botellas hace que sea f\u00e1cil dispensar la cantidad adecuada de producto cada vez.<\/li>\n<li class=\"ai-center-markdown-li\"><strong class=\"ai-center-markdown-strong\">Portable y ligero:<\/strong>\u00a0Estas botellas son compactas y ligeras, lo que las convierte en el compa\u00f1ero de viaje perfecto. Cabe f\u00e1cilmente en su equipaje, bolso o bolso de gimnasio.<\/li>\n<li class=\"ai-center-markdown-li\"><strong class=\"ai-center-markdown-strong\">Material duradero:<\/strong>\u00a0Hecho de pl\u00e1stico de alta calidad y duradero que es libre de BPA y respetuoso con el medio ambiente. Las botellas est\u00e1n dise\u00f1adas para soportar el uso repetido sin comprometer el rendimiento.<\/li>\n<li class=\"ai-center-markdown-li\"><strong class=\"ai-center-markdown-strong\">Rellenable y reutilizable:<\/strong>\u00a0Una opci\u00f3n respetuosa con el medio ambiente, estas botellas se pueden rellenar y reutilizar varias veces, reduciendo los residuos y ahorrando dinero.<\/li>\n<\/ul>\n<p class=\"ai-center-markdown-p\"><strong class=\"ai-center-markdown-strong\">Especificaciones:<\/strong><\/p>\n<ul class=\"ai-center-markdown-ul\">\n<li class=\"ai-center-markdown-li\"><strong class=\"ai-center-markdown-strong\">Capacidad:<\/strong>\u00a0Cada botella contiene hasta 100 ml de l\u00edquido.<\/li>\n<li class=\"ai-center-markdown-li\"><strong class=\"ai-center-markdown-strong\">Material:<\/strong>\u00a0Pl\u00e1stico libre de BPA<\/li>\n<li class=\"ai-center-markdown-li\"><strong class=\"ai-center-markdown-strong\">Dimensiones:<\/strong>\u00a0Tama\u00f1o compacto para una f\u00e1cil portabilidad<\/li>\n<\/ul>\n<p class=\"ai-center-markdown-p\"><strong class=\"ai-center-markdown-strong\">El paquete incluye:<\/strong><\/p>\n<ul class=\"ai-center-markdown-ul\">\n<li class=\"ai-center-markdown-li\">4 x botellas de compresi\u00f3n con tapa giratoria<\/li>\n<li class=\"ai-center-markdown-li\">1 x maleta port\u00e1til<\/li>\n<\/ul>\n<table style=\"border-collapse: collapse; width: 100%;\">\n<tbody>\n<tr>\n<td style=\"width: 40.1818%;\"><\/td>\n<td style=\"width: 59.8182%;\"><\/td>\n<\/tr>\n<\/tbody>\n<\/table>\n<p><img loading=\"lazy\" decoding=\"async\" class=\"alignnone size-full wp-image-1347\" src=\"https:\/\/www.cosmepak.com\/wp-content\/uploads\/2024\/12\/\u9996\u987519202_03.jpg\" alt=\"exposici\u00f3n de f\u00e1brica\" width=\"1920\" height=\"885\" srcset=\"https:\/\/www.cosmepak.com\/wp-content\/uploads\/2024\/12\/\u9996\u987519202_03.jpg 1920w, https:\/\/www.cosmepak.com\/wp-content\/uploads\/2024\/12\/\u9996\u987519202_03-300x138.jpg 300w, https:\/\/www.cosmepak.com\/wp-content\/uploads\/2024\/12\/\u9996\u987519202_03-1024x472.jpg 1024w, https:\/\/www.cosmepak.com\/wp-content\/uploads\/2024\/12\/\u9996\u987519202_03-768x354.jpg 768w, https:\/\/www.cosmepak.com\/wp-content\/uploads\/2024\/12\/\u9996\u987519202_03-1536x708.jpg 1536w, https:\/\/www.cosmepak.com\/wp-content\/uploads\/2024\/12\/\u9996\u987519202_03-600x277.jpg 600w\" sizes=\"(max-width: 1920px) 100vw, 1920px\" \/><\/p>\n<p><img loading=\"lazy\" decoding=\"async\" class=\"alignnone size-full wp-image-1348\" src=\"https:\/\/www.cosmepak.com\/wp-content\/uploads\/2024\/12\/\u9996\u987519202_04.jpg\" alt=\"\" width=\"1920\" height=\"694\" srcset=\"https:\/\/www.cosmepak.com\/wp-content\/uploads\/2024\/12\/\u9996\u987519202_04.jpg 1920w, https:\/\/www.cosmepak.com\/wp-content\/uploads\/2024\/12\/\u9996\u987519202_04-300x108.jpg 300w, https:\/\/www.cosmepak.com\/wp-content\/uploads\/2024\/12\/\u9996\u987519202_04-1024x370.jpg 1024w, https:\/\/www.cosmepak.com\/wp-content\/uploads\/2024\/12\/\u9996\u987519202_04-768x278.jpg 768w, https:\/\/www.cosmepak.com\/wp-content\/uploads\/2024\/12\/\u9996\u987519202_04-1536x555.jpg 1536w, https:\/\/www.cosmepak.com\/wp-content\/uploads\/2024\/12\/\u9996\u987519202_04-600x217.jpg 600w\" sizes=\"(max-width: 1920px) 100vw, 1920px\" \/><img loading=\"lazy\" decoding=\"async\" class=\"alignnone size-full wp-image-1350\" src=\"https:\/\/www.cosmepak.com\/wp-content\/uploads\/2024\/12\/\u9996\u987519202_05-1.jpg\" alt=\"\" width=\"1920\" height=\"970\" srcset=\"https:\/\/www.cosmepak.com\/wp-content\/uploads\/2024\/12\/\u9996\u987519202_05-1.jpg 1920w, https:\/\/www.cosmepak.com\/wp-content\/uploads\/2024\/12\/\u9996\u987519202_05-1-300x152.jpg 300w, https:\/\/www.cosmepak.com\/wp-content\/uploads\/2024\/12\/\u9996\u987519202_05-1-1024x517.jpg 1024w, https:\/\/www.cosmepak.com\/wp-content\/uploads\/2024\/12\/\u9996\u987519202_05-1-768x388.jpg 768w, https:\/\/www.cosmepak.com\/wp-content\/uploads\/2024\/12\/\u9996\u987519202_05-1-1536x776.jpg 1536w, https:\/\/www.cosmepak.com\/wp-content\/uploads\/2024\/12\/\u9996\u987519202_05-1-600x303.jpg 600w\" sizes=\"(max-width: 1920px) 100vw, 1920px\" \/><img loading=\"lazy\" decoding=\"async\" class=\"alignnone wp-image-1351\" src=\"https:\/\/www.cosmepak.com\/wp-content\/uploads\/2024\/12\/\u7269\u6d41\u8fd0\u8f93\u753b\u9762-2.jpg\" alt=\"\" width=\"1385\" height=\"1039\" srcset=\"https:\/\/www.cosmepak.com\/wp-content\/uploads\/2024\/12\/\u7269\u6d41\u8fd0\u8f93\u753b\u9762-2.jpg 800w, https:\/\/www.cosmepak.com\/wp-content\/uploads\/2024\/12\/\u7269\u6d41\u8fd0\u8f93\u753b\u9762-2-300x225.jpg 300w, https:\/\/www.cosmepak.com\/wp-content\/uploads\/2024\/12\/\u7269\u6d41\u8fd0\u8f93\u753b\u9762-2-768x576.jpg 768w, https:\/\/www.cosmepak.com\/wp-content\/uploads\/2024\/12\/\u7269\u6d41\u8fd0\u8f93\u753b\u9762-2-600x450.jpg 600w\" sizes=\"(max-width: 1385px) 100vw, 1385px\" \/><\/p>\n<table style=\"border-collapse: collapse; width: 100%;\">\n<tbody>\n<tr>\n<td style=\"width: 33.3333%; text-align: center;\"><strong>Expresar<\/strong><\/td>\n<td style=\"width: 33.3333%; text-align: center;\"><strong>Flete a\u00e9reo<\/strong><\/td>\n<td style=\"width: 33.3333%; text-align: center;\"><strong>Transporte mar\u00edtimo<\/strong><\/td>\n<\/tr>\n<tr>\n<td style=\"width: 33.3333%; text-align: center;\">Europ 4-6day<\/p>\n<p>Am\u00e9rica del Norte 4-6day<\/p>\n<p>Sudeste de Asia 3-5 d\u00edas<\/p>\n<p>El Medio Oriente 4-6day<\/p>\n<p>Sud\u00e1frica 5-8 d\u00edas<\/td>\n<td style=\"width: 33.3333%; text-align: center;\">Europ 4-6day<\/p>\n<p>Am\u00e9rica del Norte 4-6day<\/p>\n<p>Sudeste de Asia 3-5 d\u00edas<\/p>\n<p>El Medio Oriente 4-6day<\/p>\n<p>Sud\u00e1frica 5-8 d\u00edas<\/td>\n<td style=\"width: 33.3333%; text-align: center;\">Europ 25-35day<\/p>\n<p>Am\u00e9rica del Norte 25-35 d\u00edas<\/p>\n<p>Sudeste de Asia 25-35 d\u00edas<\/p>\n<p>El Medio Oriente 25-35 d\u00edas<\/p>\n<p>Sud\u00e1frica 25-35 d\u00edas<\/td>\n<\/tr>\n<\/tbody>\n<\/table>\n<h3 id=\"faq\" class=\"ai-center-markdown-h3\">Preguntas frecuentes:<\/h3>\n<p class=\"ai-center-markdown-p\"><strong class=\"ai-center-markdown-strong\">1. \u00bfPor qu\u00e9 debe comprar de nosotros en lugar de otros proveedores?<\/strong><\/p>\n<ul class=\"ai-center-markdown-ul\">\n<li class=\"ai-center-markdown-li\">Dise\u00f1os personalizados en solo 3 minutos.<\/li>\n<li class=\"ai-center-markdown-li\">Servicio al cliente en l\u00ednea 24\/7.<\/li>\n<li class=\"ai-center-markdown-li\">Muestras de stock disponibles dentro de 7 d\u00edas; muestras impresas personalizadas dentro de 15 d\u00edas.<\/li>\n<li class=\"ai-center-markdown-li\">Tiempo de entrega de 35 d\u00edas para pedidos.<\/li>\n<li class=\"ai-center-markdown-li\">M\u00e1s de 10 a\u00f1os de experiencia en embalaje cosm\u00e9tico.<\/li>\n<li class=\"ai-center-markdown-li\">Precios directos de f\u00e1brica y servicio de primera clase.<\/li>\n<li class=\"ai-center-markdown-li\">Soluciones integrales para todas sus necesidades de embalaje cosm\u00e9tico.<\/li>\n<\/ul>\n<p class=\"ai-center-markdown-p\"><strong class=\"ai-center-markdown-strong\">2. \u00bfQui\u00e9nes somos?<\/strong>\u00a0Somos una empresa con sede en Zhejiang, China, establecida en 2014. Nuestros mercados principales incluyen:<\/p>\n<ul class=\"ai-center-markdown-ul\">\n<li class=\"ai-center-markdown-li\">Mercado interno (70%)<\/li>\n<li class=\"ai-center-markdown-li\">Ocean\u00eda (8%)<\/li>\n<li class=\"ai-center-markdown-li\">Oriente Medio (7%)<\/li>\n<li class=\"ai-center-markdown-li\">Asia Oriental (2%)<\/li>\n<li class=\"ai-center-markdown-li\">Am\u00e9rica del Norte (2%)<\/li>\n<li class=\"ai-center-markdown-li\">Europa Occidental (2%)<\/li>\n<li class=\"ai-center-markdown-li\">Sudeste Asi\u00e1tico (2%)<\/li>\n<li class=\"ai-center-markdown-li\">Asia meridional (1%)<\/li>\n<li class=\"ai-center-markdown-li\">Am\u00e9rica del Sur (1%)<\/li>\n<li class=\"ai-center-markdown-li\">Europa del Sur (1%)<\/li>\n<li class=\"ai-center-markdown-li\">Am\u00e9rica Central (1%)<\/li>\n<li class=\"ai-center-markdown-li\">Europa del Norte (1%)<\/li>\n<li class=\"ai-center-markdown-li\">\u00c1frica (1%)<\/li>\n<li class=\"ai-center-markdown-li\">Europa del Este (1%)<\/li>\n<\/ul>\n<p class=\"ai-center-markdown-p\"><strong class=\"ai-center-markdown-strong\">3. \u00bfC\u00f3mo podemos garantizar la calidad?<\/strong><\/p>\n<ul class=\"ai-center-markdown-ul\">\n<li class=\"ai-center-markdown-li\">Siempre proporcione una muestra de preproducci\u00f3n antes de la producci\u00f3n en masa.<\/li>\n<li class=\"ai-center-markdown-li\">Realizar inspecciones finales antes del env\u00edo.<\/li>\n<\/ul>\n<p class=\"ai-center-markdown-p\"><strong class=\"ai-center-markdown-strong\">4. \u00bfQu\u00e9 puede comprar de nosotros?<\/strong><\/p>\n<ul class=\"ai-center-markdown-ul\">\n<li class=\"ai-center-markdown-li\">botellas de vidrio<\/li>\n<li class=\"ai-center-markdown-li\">Botellas\/frascos\/tubos de pl\u00e1stico<\/li>\n<li class=\"ai-center-markdown-li\">Botellas\/frascos\/tubos de aluminio<\/li>\n<li class=\"ai-center-markdown-li\">Varios materiales de envasado cosm\u00e9tico<\/li>\n<\/ul>\n<p class=\"ai-center-markdown-p\"><strong class=\"ai-center-markdown-strong\">5. \u00bfQu\u00e9 servicios podemos ofrecer?<\/strong><\/p>\n<ul class=\"ai-center-markdown-ul\">\n<li class=\"ai-center-markdown-li\">Condiciones de entrega aceptadas: FOB, CFR, CIF<\/li>\n<li class=\"ai-center-markdown-li\">Monedas de pago aceptadas: USD, EUR, HKD, CNY<\/li>\n<li class=\"ai-center-markdown-li\">Tipos de pago aceptados: T \/ T, L \/ C, D \/ P, D \/ A<\/li>\n<li class=\"ai-center-markdown-li\">Idiomas hablados: Ingl\u00e9s, Chino<\/li>\n<\/ul>\n<p>&nbsp;<\/p>","protected":false},"excerpt":{"rendered":"<p>Material de botella: mascota<\/p>\n<p>Material de la tapa: PP<\/p>\n<p>Capacidad: 12\/18\/30\/50\/100\/200\/400ml<\/p>\n<p>Tap: Flip Cap<\/p>\n<p>Color: Personalizado (cualquier color Pantone avaliable)<\/p>\n<p>Acabado de superficie: impresi\u00f3n de pantalla, glaseado, estampado en caliente, gradiente de pulverizaci\u00f3n, acabado mate, etc.<\/p>\n<p>MOQ: 5000pcs;<\/p>\n<p>&nbsp;<\/p>","protected":false},"featured_media":1586,"comment_status":"closed","ping_status":"closed","template":"","meta":{"_acf_changed":false},"product_brand":[],"product_cat":[18,51],"product_tag":[41],"class_list":{"0":"post-1576","1":"product","2":"type-product","3":"status-publish","4":"has-post-thumbnail","6":"product_cat-plastic-bottle","7":"product_cat-remover-bottle","8":"product_tag-plastic-bottle","10":"first","11":"outofstock","12":"shipping-taxable","13":"product-type-simple"},"acf":[],"_links":{"self":[{"href":"https:\/\/www.cosmepak.com\/es\/wp-json\/wp\/v2\/product\/1576","targetHints":{"allow":["GET"]}}],"collection":[{"href":"https:\/\/www.cosmepak.com\/es\/wp-json\/wp\/v2\/product"}],"about":[{"href":"https:\/\/www.cosmepak.com\/es\/wp-json\/wp\/v2\/types\/product"}],"replies":[{"embeddable":true,"href":"https:\/\/www.cosmepak.com\/es\/wp-json\/wp\/v2\/comments?post=1576"}],"wp:featuredmedia":[{"embeddable":true,"href":"https:\/\/www.cosmepak.com\/es\/wp-json\/wp\/v2\/media\/1586"}],"wp:attachment":[{"href":"https:\/\/www.cosmepak.com\/es\/wp-json\/wp\/v2\/media?parent=1576"}],"wp:term":[{"taxonomy":"product_brand","embeddable":true,"href":"https:\/\/www.cosmepak.com\/es\/wp-json\/wp\/v2\/product_brand?post=1576"},{"taxonomy":"product_cat","embeddable":true,"href":"https:\/\/www.cosmepak.com\/es\/wp-json\/wp\/v2\/product_cat?post=1576"},{"taxonomy":"product_tag","embeddable":true,"href":"https:\/\/www.cosmepak.com\/es\/wp-json\/wp\/v2\/product_tag?post=1576"}],"curies":[{"name":"WP","href":"https:\/\/api.w.org\/{rel}","templated":true}]}}