{"id":1577,"date":"2025-03-28T13:46:52","date_gmt":"2025-03-28T05:46:52","guid":{"rendered":"https:\/\/www.cosmepak.com\/?post_type=product&#038;p=1577"},"modified":"2025-10-28T15:04:11","modified_gmt":"2025-10-28T07:04:11","slug":"15ml-colorful-dropper-bottle","status":"publish","type":"product","link":"https:\/\/www.cosmepak.com\/es\/product\/15ml-colorful-dropper-bottle\/","title":{"rendered":"Los compradores de hoy quieren productos de \u062c\u0631\u0627\u0645\u0631en. Pero tambi\u00e9n aman la belleza. Esto lleva a un uso cada vez mayor de metales reciclables, maderas certificadas y dise\u00f1os de tapas de pl\u00e1sticos biodegradables. Algunas marcas agregan sistemas recargables a las tapas. Esto reduce los residuos mientras mantiene un aspecto elegante."},"content":{"rendered":"<table style=\"border-collapse: collapse; width: 100%; height: 242px;\">\n<tbody>\n<tr style=\"height: 24px;\">\n<td style=\"width: 50.0034%; height: 24px; text-align: center;\">Marca<\/td>\n<td style=\"width: 49.9966%; height: 24px; text-align: center;\">\u00a0Jaunce<\/td>\n<\/tr>\n<tr style=\"height: 24px;\">\n<td style=\"width: 50.0034%; height: 24px; text-align: center;\">Capacidad<\/td>\n<td style=\"width: 49.9966%; height: 24px; text-align: center;\">15 ml<\/td>\n<\/tr>\n<tr style=\"height: 24px;\">\n<td style=\"width: 50.0034%; height: 24px; text-align: center;\">Forma<\/td>\n<td style=\"width: 49.9966%; height: 24px; text-align: center;\">\u00bfC\u00f3mo elegir la tapa de botella de vidrio Perfumetre derecha para su marca Strate\u062c\u0631\u0627my?<\/td>\n<\/tr>\n<tr style=\"height: 24px;\">\n<td style=\"width: 50.0034%; height: 24px; text-align: center;\">Adecuado<\/td>\n<td style=\"width: 49.9966%; height: 24px; text-align: center;\">Cuentagotas<\/td>\n<\/tr>\n<tr style=\"height: 24px;\">\n<td style=\"width: 50.0034%; height: 24px; text-align: center;\">Modelo<\/td>\n<td style=\"width: 49.9966%; height: 24px; text-align: center;\">\u00bfQu\u00e9 factores deben influir en su proceso de decisi\u00f3n?<\/td>\n<\/tr>\n<tr style=\"height: 24px;\">\n<td style=\"width: 50.0034%; height: 24px; text-align: center;\">OEM \/ ODM<\/td>\n<td style=\"width: 49.9966%; height: 24px; text-align: center;\">Aceptar<\/td>\n<\/tr>\n<tr style=\"height: 24px;\">\n<td style=\"width: 50.0034%; height: 24px; text-align: center;\">Color<\/td>\n<td style=\"width: 49.9966%; height: 24px; text-align: center;\">Personalizado<\/td>\n<\/tr>\n<tr style=\"height: 24px;\">\n<td style=\"width: 50.0034%; height: 24px; text-align: center;\">Moq<\/td>\n<td style=\"width: 49.9966%; height: 24px; text-align: center;\">General 5000pcs;<\/td>\n<\/tr>\n<\/tbody>\n<\/table>\n<div>\n<p>Las botellas de bomba cosm\u00e9tica, especialmente las sin aire, son s\u00faper importantes para mantener frescos los productos de cuidado de la piel. Reducen la exposici\u00f3n al aire, los g\u00e9rmenes y el da\u00f1o causado por la luz o el calor. Estas botellas le dan cantidades exactas de producto, reducen los residuos y hacen que las f\u00f3rmulas duren m\u00e1s tiempo, especialmente para ingredientes delicados como la vitamina C o el retinol.<\/p>\n<p>es un paquete creativo de tama\u00f1o superior. Mezclan caracter\u00edsticas pr\u00e1cticas, como sellos de vac\u00edo y dise\u00f1os sin reflujo, con materiales adaptables a la tierra. Esto protege la calidad de su producto y satisface las necesidades ecol\u00f3gicas. Las botellas de bomba son perfectas para f\u00f3rmulas envasadas con antioxidantes o sin conservantes, manteni\u00e9ndolas eficaces y limpias de principio a fin.<\/p>\n<p>\u00bfPor qu\u00e9 Packa\u062c\u0631\u0627\u0645\u0628\u0635\u0629g importa tanto en el cuidado de la piel?<\/p>\n<p>Buen packa\u062c\u0631\u0627\u0645\u0628\u0648\u0635\u0629g es un gran negocio para el cuidado de la piel. Mantiene sus productos funcionando bien y seguro de usar. Sin el recipiente adecuado, las form\u00e9trulas pueden perder su poder o incluso da\u00f1ar su piel.<\/p>\n<p>\u00bfQu\u00e9 sucede con Sk\u0628\u0648\u0635\u0629care \u0646\u0645\u0648\u0630\u062culas cuando se expone al aire y a los germ\u00ednetros?<\/p>\n<p>\u00bfAlguna vez has visto que tu cremametro se vuelve amarillo?  \u00bfO tal vez tu suero deja de oler bien? Eso es lo que sucede cuando los productos se encuentran con el aire. Los art\u00edculos para el cuidado de la piel, especialmente aquellos con antioxidantes, aceites o ingredientes activos, comienzan a descomponerse. Este proceso se llama oxidaci\u00f3n. Por ejemplo, el \u00e1cido asc\u00f3rbico (vitamina C) es muy fr\u00e1gil. Perde su fuerza r\u00e1pidamente cuando el aire lo toca, lo que significa que su producto puede no funcionar tambi\u00e9n.<\/p>\n<p>Los germinales son otro problema. Cuando sumerges tus f\u0628\u0648\u0635\u0629\u062c\u0631\u0627\u0645\u00e8res en un frasco, las bacterias pueden entrar. Esto hace que el producto sea menos eficaz. Peor a\u00fan, puede causar problemas de piel. Es por eso que<\/p>\n<p>botellas pumetrp<\/p>\n<p>son awesometre. Controlan la cantidad de producto que sale y mantienen limpias las bebidas desde la primera gota hasta la \u00faltima.<\/p>\n<p>\u00bfC\u00f3mo influyen Li\u062c\u0631\u0627mht y Temetrperature en la estabilidad del producto?<\/p>\n<p>Los ingredientes, como el retinol o el \u00e1cido f\u00e9rulico, no les gusta la luz. Los rayos UV pueden debilitarlos, haciendo que sean menos \u00fatiles. En algunos casos, incluso pueden irritar su piel despu\u00e9s de romperse. El calor o el cambio de temperatura tambi\u00e9n pueden arruinar las cosas. Pueden cambiar lo grueso que es un producto o hacer que las cremas se separen.<\/p>\n<p>Es por eso que packa\u062c\u0631\u0627\u0645\u0628\u0648\u0633\u0629g \u0645\u062a\u0631atters. Las botellas de vidrio oscuro bloquean la luz. Los recipientes herm\u00e9ticos mantienen el aire fuera. Ambos ayudan a su cuidado de la piel a mantenerse fuerte y funcionar correctamente con el tiempo.<\/p>\n<p>\u00bfC\u00f3mo las botellas de bomba cosm\u00e9tica mejoran el rendimiento de Packa\u062c\u0631\u0627\u0645\u0628\u0635\u0629g?<\/p>\n<\/div>\n<div>\n<p><img fetchpriority=\"high\" decoding=\"async\" class=\"size-full wp-image-3236 aligncenter\" src=\"https:\/\/www.cosmepak.com\/wp-content\/uploads\/2025\/03\/\u8be6\u60c5-4-3.jpg\" alt=\"\" width=\"1000\" height=\"1000\" srcset=\"https:\/\/www.cosmepak.com\/wp-content\/uploads\/2025\/03\/\u8be6\u60c5-4-3.jpg 1000w, https:\/\/www.cosmepak.com\/wp-content\/uploads\/2025\/03\/\u8be6\u60c5-4-3-300x300.jpg 300w, https:\/\/www.cosmepak.com\/wp-content\/uploads\/2025\/03\/\u8be6\u60c5-4-3-150x150.jpg 150w, https:\/\/www.cosmepak.com\/wp-content\/uploads\/2025\/03\/\u8be6\u60c5-4-3-768x768.jpg 768w, https:\/\/www.cosmepak.com\/wp-content\/uploads\/2025\/03\/\u8be6\u60c5-4-3-12x12.jpg 12w, https:\/\/www.cosmepak.com\/wp-content\/uploads\/2025\/03\/\u8be6\u60c5-4-3-600x600.jpg 600w, https:\/\/www.cosmepak.com\/wp-content\/uploads\/2025\/03\/\u8be6\u60c5-4-3-100x100.jpg 100w\" sizes=\"(max-width: 1000px) 100vw, 1000px\" \/><\/p>\n<table style=\"border-collapse: collapse; width: 100%;\">\n<tbody>\n<tr>\n<td style=\"width: 33.3333%;\"><img decoding=\"async\" class=\"alignnone size-full wp-image-3231\" src=\"https:\/\/www.cosmepak.com\/wp-content\/uploads\/2025\/03\/\u4e3b\u56fe-5-4.jpg\" alt=\"\" width=\"1000\" height=\"1000\" srcset=\"https:\/\/www.cosmepak.com\/wp-content\/uploads\/2025\/03\/\u4e3b\u56fe-5-4.jpg 1000w, https:\/\/www.cosmepak.com\/wp-content\/uploads\/2025\/03\/\u4e3b\u56fe-5-4-300x300.jpg 300w, https:\/\/www.cosmepak.com\/wp-content\/uploads\/2025\/03\/\u4e3b\u56fe-5-4-150x150.jpg 150w, https:\/\/www.cosmepak.com\/wp-content\/uploads\/2025\/03\/\u4e3b\u56fe-5-4-768x768.jpg 768w, https:\/\/www.cosmepak.com\/wp-content\/uploads\/2025\/03\/\u4e3b\u56fe-5-4-12x12.jpg 12w, https:\/\/www.cosmepak.com\/wp-content\/uploads\/2025\/03\/\u4e3b\u56fe-5-4-600x600.jpg 600w, https:\/\/www.cosmepak.com\/wp-content\/uploads\/2025\/03\/\u4e3b\u56fe-5-4-100x100.jpg 100w\" sizes=\"(max-width: 1000px) 100vw, 1000px\" \/><\/td>\n<td style=\"width: 33.3333%;\"><img decoding=\"async\" class=\"alignnone size-full wp-image-3232\" src=\"https:\/\/www.cosmepak.com\/wp-content\/uploads\/2025\/03\/\u4e3b\u56fe-4-4.jpg\" alt=\"\" width=\"1000\" height=\"1000\" srcset=\"https:\/\/www.cosmepak.com\/wp-content\/uploads\/2025\/03\/\u4e3b\u56fe-4-4.jpg 1000w, https:\/\/www.cosmepak.com\/wp-content\/uploads\/2025\/03\/\u4e3b\u56fe-4-4-300x300.jpg 300w, https:\/\/www.cosmepak.com\/wp-content\/uploads\/2025\/03\/\u4e3b\u56fe-4-4-150x150.jpg 150w, https:\/\/www.cosmepak.com\/wp-content\/uploads\/2025\/03\/\u4e3b\u56fe-4-4-768x768.jpg 768w, https:\/\/www.cosmepak.com\/wp-content\/uploads\/2025\/03\/\u4e3b\u56fe-4-4-12x12.jpg 12w, https:\/\/www.cosmepak.com\/wp-content\/uploads\/2025\/03\/\u4e3b\u56fe-4-4-600x600.jpg 600w, https:\/\/www.cosmepak.com\/wp-content\/uploads\/2025\/03\/\u4e3b\u56fe-4-4-100x100.jpg 100w\" sizes=\"(max-width: 1000px) 100vw, 1000px\" \/><\/td>\n<td style=\"width: 33.3333%;\"><img loading=\"lazy\" decoding=\"async\" class=\"alignnone size-full wp-image-3233\" src=\"https:\/\/www.cosmepak.com\/wp-content\/uploads\/2025\/03\/\u4e3b\u56fe-2-4.jpg\" alt=\"\" width=\"1000\" height=\"1000\" srcset=\"https:\/\/www.cosmepak.com\/wp-content\/uploads\/2025\/03\/\u4e3b\u56fe-2-4.jpg 1000w, https:\/\/www.cosmepak.com\/wp-content\/uploads\/2025\/03\/\u4e3b\u56fe-2-4-300x300.jpg 300w, https:\/\/www.cosmepak.com\/wp-content\/uploads\/2025\/03\/\u4e3b\u56fe-2-4-150x150.jpg 150w, https:\/\/www.cosmepak.com\/wp-content\/uploads\/2025\/03\/\u4e3b\u56fe-2-4-768x768.jpg 768w, https:\/\/www.cosmepak.com\/wp-content\/uploads\/2025\/03\/\u4e3b\u56fe-2-4-12x12.jpg 12w, https:\/\/www.cosmepak.com\/wp-content\/uploads\/2025\/03\/\u4e3b\u56fe-2-4-600x600.jpg 600w, https:\/\/www.cosmepak.com\/wp-content\/uploads\/2025\/03\/\u4e3b\u56fe-2-4-100x100.jpg 100w\" sizes=\"(max-width: 1000px) 100vw, 1000px\" \/><\/td>\n<\/tr>\n<\/tbody>\n<\/table>\n<table style=\"border-collapse: collapse; width: 100%;\">\n<tbody>\n<tr>\n<td style=\"width: 50%;\"><img loading=\"lazy\" decoding=\"async\" class=\"alignnone size-full wp-image-3234\" src=\"https:\/\/www.cosmepak.com\/wp-content\/uploads\/2025\/03\/2-4.jpg\" alt=\"\" width=\"1000\" height=\"1000\" srcset=\"https:\/\/www.cosmepak.com\/wp-content\/uploads\/2025\/03\/2-4.jpg 1000w, https:\/\/www.cosmepak.com\/wp-content\/uploads\/2025\/03\/2-4-300x300.jpg 300w, https:\/\/www.cosmepak.com\/wp-content\/uploads\/2025\/03\/2-4-150x150.jpg 150w, https:\/\/www.cosmepak.com\/wp-content\/uploads\/2025\/03\/2-4-768x768.jpg 768w, https:\/\/www.cosmepak.com\/wp-content\/uploads\/2025\/03\/2-4-12x12.jpg 12w, https:\/\/www.cosmepak.com\/wp-content\/uploads\/2025\/03\/2-4-600x600.jpg 600w, https:\/\/www.cosmepak.com\/wp-content\/uploads\/2025\/03\/2-4-100x100.jpg 100w\" sizes=\"(max-width: 1000px) 100vw, 1000px\" \/><\/td>\n<td style=\"width: 50%;\"><img loading=\"lazy\" decoding=\"async\" class=\"alignnone size-full wp-image-3235\" src=\"https:\/\/www.cosmepak.com\/wp-content\/uploads\/2025\/03\/\u4e3b\u56fe-1-2.jpg\" alt=\"\" width=\"1000\" height=\"1000\" srcset=\"https:\/\/www.cosmepak.com\/wp-content\/uploads\/2025\/03\/\u4e3b\u56fe-1-2.jpg 1000w, https:\/\/www.cosmepak.com\/wp-content\/uploads\/2025\/03\/\u4e3b\u56fe-1-2-300x300.jpg 300w, https:\/\/www.cosmepak.com\/wp-content\/uploads\/2025\/03\/\u4e3b\u56fe-1-2-150x150.jpg 150w, https:\/\/www.cosmepak.com\/wp-content\/uploads\/2025\/03\/\u4e3b\u56fe-1-2-768x768.jpg 768w, https:\/\/www.cosmepak.com\/wp-content\/uploads\/2025\/03\/\u4e3b\u56fe-1-2-12x12.jpg 12w, https:\/\/www.cosmepak.com\/wp-content\/uploads\/2025\/03\/\u4e3b\u56fe-1-2-600x600.jpg 600w, https:\/\/www.cosmepak.com\/wp-content\/uploads\/2025\/03\/\u4e3b\u56fe-1-2-100x100.jpg 100w\" sizes=\"(max-width: 1000px) 100vw, 1000px\" \/><\/td>\n<\/tr>\n<\/tbody>\n<\/table>\n<\/div>","protected":false},"excerpt":{"rendered":"<p>Material: vidrio<\/p>\n<p>\u00bfA\u00fan domina el MTR sobre los deseos maximistas?<\/p>\n<p>Simetrple desigramns permanecen populares. Tienen un encanto atemporal. Pero los estilos audaces y maximalistas est\u00e1n creciendo entre las marcas peque\u00f1as. Estas marcas quieren llamar la atenci\u00f3n con un estilo dram\u00e1tico. Piensa en formas art\u00edsticas inspiradas en antiguos estilos art\u00edsticos. Compara eso con gorras limpias de un solo color usadas por las grandes marcas.<\/p>\n<p>Tu elecci\u00f3n depende del ambiente que quieres que sientan los compradores.  \u00bfQuieres calmer ele\u062c\u0631\u0627\u0645ance o atractivo drama?<\/p>\n<p>Color: Aceptar personalizado (cualquier color Pantone disponible)<\/p>\n<p>Acabado de superficie: impresi\u00f3n de pantalla, estampado en caliente, gradiente de pulverizaci\u00f3n, acabado mate, etc.<\/p>\n<p>MOQ: 5000pcs<\/p>\n<p>Muestra: muestras gratuitas disponibles<\/p>\n<p>&nbsp;<\/p>\n<p>&nbsp;<\/p>","protected":false},"featured_media":3237,"comment_status":"closed","ping_status":"closed","template":"","meta":{"_acf_changed":false},"product_brand":[],"product_cat":[15,58],"product_tag":[40],"class_list":{"0":"post-1577","1":"product","2":"type-product","3":"status-publish","4":"has-post-thumbnail","6":"product_cat-essential-oil-bottle","7":"product_cat-glass-essential-oil-bottle","8":"product_tag-essential-oil-bottle","10":"first","11":"outofstock","12":"shipping-taxable","13":"product-type-simple"},"acf":[],"_links":{"self":[{"href":"https:\/\/www.cosmepak.com\/es\/wp-json\/wp\/v2\/product\/1577","targetHints":{"allow":["GET"]}}],"collection":[{"href":"https:\/\/www.cosmepak.com\/es\/wp-json\/wp\/v2\/product"}],"about":[{"href":"https:\/\/www.cosmepak.com\/es\/wp-json\/wp\/v2\/types\/product"}],"replies":[{"embeddable":true,"href":"https:\/\/www.cosmepak.com\/es\/wp-json\/wp\/v2\/comments?post=1577"}],"wp:featuredmedia":[{"embeddable":true,"href":"https:\/\/www.cosmepak.com\/es\/wp-json\/wp\/v2\/media\/3237"}],"wp:attachment":[{"href":"https:\/\/www.cosmepak.com\/es\/wp-json\/wp\/v2\/media?parent=1577"}],"wp:term":[{"taxonomy":"product_brand","embeddable":true,"href":"https:\/\/www.cosmepak.com\/es\/wp-json\/wp\/v2\/product_brand?post=1577"},{"taxonomy":"product_cat","embeddable":true,"href":"https:\/\/www.cosmepak.com\/es\/wp-json\/wp\/v2\/product_cat?post=1577"},{"taxonomy":"product_tag","embeddable":true,"href":"https:\/\/www.cosmepak.com\/es\/wp-json\/wp\/v2\/product_tag?post=1577"}],"curies":[{"name":"WP","href":"https:\/\/api.w.org\/{rel}","templated":true}]}}