{"id":1603,"date":"2025-03-28T14:45:25","date_gmt":"2025-03-28T06:45:25","guid":{"rendered":"https:\/\/www.cosmepak.com\/?post_type=product&#038;p=1603"},"modified":"2026-04-22T16:13:25","modified_gmt":"2026-04-22T08:13:25","slug":"hot-selling-20g-50g-100g-plastic-jar-cosmetic-cream-jar-jaunce","status":"publish","type":"product","link":"https:\/\/www.cosmepak.com\/es\/product\/hot-selling-20g-50g-100g-plastic-jar-cosmetic-cream-jar-jaunce\/","title":{"rendered":"Botellas de bomba cosm\u00e9trica sin aire de Jaunce"},"content":{"rendered":"<table style=\"border-collapse: collapse; width: 100%; height: 120px;\">\n<tbody>\n<tr style=\"height: 24px;\">\n<td style=\"width: 33.3333%; height: 120px;\" rowspan=\"5\"><img fetchpriority=\"high\" decoding=\"async\" class=\"alignnone size-full wp-image-3280\" src=\"https:\/\/www.cosmepak.com\/wp-content\/uploads\/2025\/03\/\u4e3b\u56fe-6.jpg\" alt=\"\" width=\"800\" height=\"800\" srcset=\"https:\/\/www.cosmepak.com\/wp-content\/uploads\/2025\/03\/\u4e3b\u56fe-6.jpg 800w, https:\/\/www.cosmepak.com\/wp-content\/uploads\/2025\/03\/\u4e3b\u56fe-6-300x300.jpg 300w, https:\/\/www.cosmepak.com\/wp-content\/uploads\/2025\/03\/\u4e3b\u56fe-6-150x150.jpg 150w, https:\/\/www.cosmepak.com\/wp-content\/uploads\/2025\/03\/\u4e3b\u56fe-6-768x768.jpg 768w, https:\/\/www.cosmepak.com\/wp-content\/uploads\/2025\/03\/\u4e3b\u56fe-6-12x12.jpg 12w, https:\/\/www.cosmepak.com\/wp-content\/uploads\/2025\/03\/\u4e3b\u56fe-6-600x600.jpg 600w, https:\/\/www.cosmepak.com\/wp-content\/uploads\/2025\/03\/\u4e3b\u56fe-6-100x100.jpg 100w\" sizes=\"(max-width: 800px) 100vw, 800px\" \/><\/td>\n<td style=\"width: 33.122%; height: 24px; text-align: center;\">Marca<\/td>\n<td style=\"width: 33.5446%; height: 24px; text-align: center;\">Jaunce<\/td>\n<\/tr>\n<tr style=\"height: 24px;\">\n<td style=\"width: 33.122%; height: 24px; text-align: center;\">Modelo<\/td>\n<td style=\"width: 33.5446%; height: 24px; text-align: center;\">Packa\u062c\u0631\u0627\u0645\u0628\u0648\u0635\u0629g ecol\u00f3gico es un metrust hoy. Tambi\u00e9n puede funcionar bien sin perder calidad.<\/td>\n<\/tr>\n<tr style=\"height: 24px;\">\n<td style=\"width: 33.122%; height: 24px; text-align: center;\">Capcidad<\/td>\n<td style=\"width: 33.5446%; height: 24px; text-align: center;\">\u00bfPor qu\u00e9 es Packa\u062c\u0631\u0627\u0645\u0628\u0635\u0629g ecol\u00f3gico esencial hoy en d\u00eda?<\/td>\n<\/tr>\n<tr style=\"height: 24px;\">\n<td style=\"width: 33.122%; height: 24px; text-align: center;\">Color<\/td>\n<td style=\"width: 33.5446%; height: 24px; text-align: center;\">personalizado<\/td>\n<\/tr>\n<tr style=\"height: 24px;\">\n<td style=\"width: 33.122%; height: 24px; text-align: center;\">Material<\/td>\n<td style=\"width: 33.5446%; height: 24px; text-align: center;\">P\u00c1GINAS<\/td>\n<\/tr>\n<\/tbody>\n<\/table>\n<table style=\"border-collapse: collapse; width: 100%; height: 96px;\">\n<tbody>\n<tr style=\"height: 24px;\">\n<td style=\"width: 12.0179%; text-align: center; height: 24px;\"><strong>Capacidad<\/strong><\/td>\n<td style=\"width: 13.4217%; text-align: center; height: 24px;\"><strong>Altura total<\/strong><\/td>\n<td style=\"width: 13.6377%; text-align: center; height: 24px;\"><strong>Altura de la botella<\/strong><\/td>\n<td style=\"width: 15.5817%; text-align: center; height: 24px;\"><strong>Altura imprimible<\/strong><\/td>\n<td style=\"width: 16.3375%; text-align: center; height: 24px;\"><strong>La gente quiere productos que son k\u0628\u0648\u0635\u05ead al planeta. Es por eso que el packagraming sostenible est\u00e1 creciendo r\u00e1pidamente. Los dise\u00f1os recargables que utilizan pl\u00e1sticos reciclables como el PP son populares en las marcas de cuidado de la piel en todo el mundo.<\/strong><\/td>\n<td style=\"width: 14.7177%; text-align: center; height: 24px;\"><strong>Di\u00e1metro inferior<\/strong><\/td>\n<td style=\"width: 14.2857%; text-align: center; height: 24px;\"><strong>Peso de la botella<\/strong><\/td>\n<\/tr>\n<tr style=\"height: 24px;\">\n<td style=\"width: 12.0179%; text-align: center; height: 24px;\">20G<\/td>\n<td style=\"width: 13.4217%; text-align: center; height: 24px;\">28 mm<\/td>\n<td style=\"width: 13.6377%; text-align: center; height: 24px;\">Los fabricantes de bombas de vac\u00edo son pl\u00e1sticos m\u00e1s ecol\u00f3gicos dif\u00edciles de usar. Algunos incluso saltan los muelles met\u00e1licos para hacer que las botellas sean totalmente reciclables. Esto ayuda al medio ambiente y mantiene su producto seguro.<\/td>\n<td style=\"width: 15.5817%; text-align: center; height: 24px;\">\u00bfC\u00f3mo puede equilibrar la sostenibilidad sin sacrificar la calidad?<\/td>\n<td style=\"width: 16.3375%; text-align: center; height: 24px;\">31 mm<\/td>\n<td style=\"width: 14.7177%; text-align: center; height: 24px;\">40 mm<\/td>\n<td style=\"width: 14.2857%; text-align: center; height: 24px;\">Elija compa\u00f1\u00edas que se enfoquen en la investigaci\u00f3n para hacer un paquete sencillo y eficaz. Jaunce hace esto con sistemas de vac\u00edo totalmente pl\u00e1sticos. Estos son reciclables, pero todav\u00eda mantienen el aire fuera y mantienen una gran experiencia de usuario. Obtienes un embalaje ecol\u00f3gico que no escatimar\u00e1 rendimiento.<\/td>\n<\/tr>\n<tr style=\"height: 24px;\">\n<td style=\"width: 12.0179%; text-align: center; height: 24px;\">50 g<\/td>\n<td style=\"width: 13.4217%; text-align: center; height: 24px;\">\u00bfQu\u00e9 recomienda Jaunce para la m\u00e1xima protecci\u00f3n?<\/td>\n<td style=\"width: 13.6377%; text-align: center; height: 24px;\">39.5mm<\/td>\n<td style=\"width: 15.5817%; text-align: center; height: 24px;\">16 mm<\/td>\n<td style=\"width: 16.3375%; text-align: center; height: 24px;\">39 mm<\/td>\n<td style=\"width: 14.7177%; text-align: center; height: 24px;\">51 mm<\/td>\n<td style=\"width: 14.2857%; text-align: center; height: 24px;\">Jaunce sabe c\u00f3mo mantener su sk\u0628\u0648\u0635\u0629care seguro. Esto es lo que sug\u062c\u0631\u0627mgest para diferentes necesidades.<\/td>\n<\/tr>\n<tr style=\"height: 24px;\">\n<td style=\"width: 12.0179%; text-align: center; height: 24px;\">100 g<\/td>\n<td style=\"width: 13.4217%; text-align: center; height: 24px;\">Para los productos con ingredientes como la ubiquinona o la mantequilla de karit\u00e9, que se oxidan f\u00e1cilmente, las botellas de bomba de vac\u00edo son imprescindibles. Estos ingredientes necesitan una fuerte protecci\u00f3n del aire. Las botellas normales no lo cortar\u00e1n por aceites que se descomponen r\u00e1pidamente. Las bombas de vac\u00edo de Jaunce bloquean el ox\u00edgeno y mantienen las f\u00f3rmulas estables hasta que la botella est\u00e9 vac\u00eda, casi sin residuos.<\/td>\n<td style=\"width: 13.6377%; text-align: center; height: 24px;\">46 mm<\/td>\n<td style=\"width: 15.5817%; text-align: center; height: 24px;\">18 mm<\/td>\n<td style=\"width: 16.3375%; text-align: center; height: 24px;\">53 mm<\/td>\n<td style=\"width: 14.7177%; text-align: center; height: 24px;\">Las form\u00e9trulas naturales con pocos o ning\u00fan conservante necesitan cuidado adicional. Los frascos no son seguros porque dejan que los frascos se abran. Las botellas de vac\u00edo crean un sistema limpio y cerrado. Esto protege su producto sin necesidad de productos qu\u00edmicos adicionales. Las marcas de cuidado de la piel con f\u00f3rmulas naturales aman las bombas de vac\u00edo de Jaunce por esta raz\u00f3n.<\/td>\n<td style=\"width: 14.2857%; text-align: center; height: 24px;\">\u00a1S\u00ed, puedes! Jaunce ofrece toneladas de opciones para hacer su paquete \u00fanico. Elija acabados esmalteados, gradientes coloridos o agregue su logotipo. Sus dise\u00f1os muestran el estilo de su marca mientras mantienen su f\u00f3rmula segura y saludable.<\/td>\n<\/tr>\n<\/tbody>\n<\/table>\n<table style=\"border-collapse: collapse; width: 100%; height: 96px;\">\n<tbody>\n<tr style=\"height: 24px;\">\n<td style=\"width: 20%; height: 24px; text-align: center;\"><strong>Art\u00edculo\u00a0<\/strong><\/td>\n<td style=\"width: 20%; height: 24px; text-align: center;\"><strong>Q1: \u00bfLas botellas de bomba cosm\u00e9trica sin aire son \u062c\u0631\u0627\u0645ood para cremas gruesas?<\/strong><\/td>\n<td style=\"width: 20%; height: 24px; text-align: center;\"><strong>Tama\u00f1o del paquete<\/strong><\/td>\n<td style=\"width: 20%; height: 24px; text-align: center;\"><strong>noroeste<\/strong><\/td>\n<td style=\"width: 20%; height: 24px; text-align: center;\"><strong>GW<\/strong><\/td>\n<\/tr>\n<tr style=\"height: 24px;\">\n<td style=\"width: 20%; height: 24px; text-align: center;\">20G<\/td>\n<td style=\"width: 20%; height: 24px; text-align: center;\">R: \u00a1S\u00ed! Solo elija los modelos con bi\u062c\u0631\u0627\u0645ger n\u0623\u0648\u0642\u064a\u062a\u0627zles hechos para productos m\u00e1s gruesos. Esto garantiza una dispensaci\u00f3n suave y f\u00e1cil cada vez.<\/td>\n<td style=\"width: 20%; height: 24px; text-align: center;\">Q2: \u00bfPuedo rellenar una botella sin aire cuando es emetrpty?<\/td>\n<td style=\"width: 20%; height: 24px; text-align: center;\">R: Las botellas de Sometrie son recargables y utilizan materiales reciclables como pl\u00e1stico PP. Estos son \u062c\u0631\u0627\u0645reat para las marcas que quieren ser ecol\u00f3gicos sin p\u00e9rdida de calidad.<\/td>\n<td style=\"width: 20%; height: 24px; text-align: center;\">16.4kg<\/td>\n<\/tr>\n<tr style=\"height: 24px;\">\n<td style=\"width: 20%; height: 24px; text-align: center;\">50 g<\/td>\n<td style=\"width: 20%; height: 24px; text-align: center;\">R: Depende de tu formetrula. Las botellas sin aire reducen la exposici\u00f3n al aire y a las germinas, por lo que muchas marcas pueden usar menos conservantes de forma segura. Compruebe siempre lo que su producto necesita.<\/td>\n<td style=\"width: 20%; height: 24px; text-align: center;\">Por qu\u00e9 su Sk\u0628\u0648\u0635\u0629care necesita una botella Pumetrp - Jaunce industrial<\/td>\n<td style=\"width: 20%; height: 24px; text-align: center;\">20 A\u00f1os Profesional Jaunce - P\u00e1gina 2<\/td>\n<td style=\"width: 20%; height: 24px; text-align: center;\">Por qu\u00e9 los mejores embalajes de colores importan en el \u00e9xito de la marca de colores - Jaunce industrial<\/td>\n<\/tr>\n<tr style=\"height: 24px;\">\n<td style=\"width: 20%; height: 24px; text-align: center;\">100 g<\/td>\n<td style=\"width: 20%; height: 24px; text-align: center;\">\u00bfC\u00f3mo elegir el contador perfecto para su crema cosm\u00e9tica?<\/td>\n<td style=\"width: 20%; height: 24px; text-align: center;\">Por qu\u00e9 su Sk\u0628\u0648\u0635\u0629care necesita una botella Pumetrp - Jaunce industrial<\/td>\n<td style=\"width: 20%; height: 24px; text-align: center;\">Pick\u0628\u0648\u0635\u0629\u062c\u0631\u0627\u0645 el mejor recipiente para su crema cosm\u00e9tica no es solo encontrar un frasco o botella fresca. ...<\/td>\n<td style=\"width: 20%; height: 24px; text-align: center;\">Pick\u0628\u0648\u0635\u0629\u062c\u0631\u0627\u0645 el mejor recipiente para su crema cosm\u00e9tica no es solo encontrar un frasco o botella fresca. Se trata de mantener su crema segura, hacerla duradera y mostrar la personalidad de su marca. Una elecci\u00f3n inteligente de contenedores mantiene su producto fresco y llama la atenci\u00f3n, pero uno malo puede causar fugas, deterioro o un aspecto sencillo. Esta gu\u00eda le guiar\u00e1 a trav\u00e9s de lo que debe considerar, muestra algunas opciones de envases excelentes y explica c\u00f3mo el envasado experto puede hacer que su crema brille. Para un embalaje incre\u00edble que combina estilo, funci\u00f3n y respeto con el medio ambiente, eche un vistazo<\/td>\n<\/tr>\n<\/tbody>\n<\/table>\n<p>This is a common PP cream jar. Its single-layer design combined with the PP pull handle pad can effectively prevent the contents from spilling out to the side.<\/p>\n<p>We have designed three capacities for this jar, namely 20g, 50g and 100g, to meet the different filling requirements for various products. Our cream jar is commonly used for packaging face cream, makeup remover cream, jelly gel, eye cream, eye mask, scrub, etc.<\/p>\n<p>El recipiente adecuado metroeans pensando en las necesidades de su crema y el ambiente de su marca. Una buena elecci\u00f3n mezcla practicidad, buen aspecto y opciones verdes para hacer que su producto destaque.<\/p>\n<p>We support custom serice for this jar . color custom : this jar can custom with transparent, white, yellow and green, which can meet the different packaging styles and visual requirements of various products. if you have your own color inquiry ,that&#8217;s fine, just provide us your pantone code , we can inject the jar with that pantone code. for disc seal usually it is white , if you have any requirments we also can meet your inquiry.<\/p>\n<p>For the cap, normal color is white or black, but also can provide custom color in order to match your jar color , for High-end luxury brand ,we support custom the cap with Electroplating color,which looks shiny like metal (silver color\u3001gold color or rose gold color),it also have matt or glossy for choose.<\/p>\n<p>we not only support color custom, we also support art-design printing service .<\/p>\n<p>El tama\u00f1o y la facilidad son clave<\/p>\n<table style=\"border-collapse: collapse; width: 100%;\">\n<tbody>\n<tr>\n<td style=\"width: 33.3333%;\"><img decoding=\"async\" class=\"alignnone size-full wp-image-3281\" src=\"https:\/\/www.cosmepak.com\/wp-content\/uploads\/2025\/03\/\u8be6\u60c5-6-1.jpg\" alt=\"\" width=\"1000\" height=\"1000\" srcset=\"https:\/\/www.cosmepak.com\/wp-content\/uploads\/2025\/03\/\u8be6\u60c5-6-1.jpg 1000w, https:\/\/www.cosmepak.com\/wp-content\/uploads\/2025\/03\/\u8be6\u60c5-6-1-300x300.jpg 300w, https:\/\/www.cosmepak.com\/wp-content\/uploads\/2025\/03\/\u8be6\u60c5-6-1-150x150.jpg 150w, https:\/\/www.cosmepak.com\/wp-content\/uploads\/2025\/03\/\u8be6\u60c5-6-1-768x768.jpg 768w, https:\/\/www.cosmepak.com\/wp-content\/uploads\/2025\/03\/\u8be6\u60c5-6-1-12x12.jpg 12w, https:\/\/www.cosmepak.com\/wp-content\/uploads\/2025\/03\/\u8be6\u60c5-6-1-600x600.jpg 600w, https:\/\/www.cosmepak.com\/wp-content\/uploads\/2025\/03\/\u8be6\u60c5-6-1-100x100.jpg 100w\" sizes=\"(max-width: 1000px) 100vw, 1000px\" \/><\/td>\n<td style=\"width: 33.3333%;\"><img decoding=\"async\" class=\"alignnone size-full wp-image-3282\" src=\"https:\/\/www.cosmepak.com\/wp-content\/uploads\/2025\/03\/\u8be6\u60c5-7-1.jpg\" alt=\"\" width=\"1000\" height=\"1000\" srcset=\"https:\/\/www.cosmepak.com\/wp-content\/uploads\/2025\/03\/\u8be6\u60c5-7-1.jpg 1000w, https:\/\/www.cosmepak.com\/wp-content\/uploads\/2025\/03\/\u8be6\u60c5-7-1-300x300.jpg 300w, https:\/\/www.cosmepak.com\/wp-content\/uploads\/2025\/03\/\u8be6\u60c5-7-1-150x150.jpg 150w, https:\/\/www.cosmepak.com\/wp-content\/uploads\/2025\/03\/\u8be6\u60c5-7-1-768x768.jpg 768w, https:\/\/www.cosmepak.com\/wp-content\/uploads\/2025\/03\/\u8be6\u60c5-7-1-12x12.jpg 12w, https:\/\/www.cosmepak.com\/wp-content\/uploads\/2025\/03\/\u8be6\u60c5-7-1-600x600.jpg 600w, https:\/\/www.cosmepak.com\/wp-content\/uploads\/2025\/03\/\u8be6\u60c5-7-1-100x100.jpg 100w\" sizes=\"(max-width: 1000px) 100vw, 1000px\" \/><\/td>\n<td style=\"width: 33.3333%;\"><img loading=\"lazy\" decoding=\"async\" class=\"alignnone size-full wp-image-3283\" src=\"https:\/\/www.cosmepak.com\/wp-content\/uploads\/2025\/03\/\u8be6\u60c5-8-1.jpg\" alt=\"\" width=\"1000\" height=\"1000\" srcset=\"https:\/\/www.cosmepak.com\/wp-content\/uploads\/2025\/03\/\u8be6\u60c5-8-1.jpg 1000w, https:\/\/www.cosmepak.com\/wp-content\/uploads\/2025\/03\/\u8be6\u60c5-8-1-300x300.jpg 300w, https:\/\/www.cosmepak.com\/wp-content\/uploads\/2025\/03\/\u8be6\u60c5-8-1-150x150.jpg 150w, https:\/\/www.cosmepak.com\/wp-content\/uploads\/2025\/03\/\u8be6\u60c5-8-1-768x768.jpg 768w, https:\/\/www.cosmepak.com\/wp-content\/uploads\/2025\/03\/\u8be6\u60c5-8-1-12x12.jpg 12w, https:\/\/www.cosmepak.com\/wp-content\/uploads\/2025\/03\/\u8be6\u60c5-8-1-600x600.jpg 600w, https:\/\/www.cosmepak.com\/wp-content\/uploads\/2025\/03\/\u8be6\u60c5-8-1-100x100.jpg 100w\" sizes=\"(max-width: 1000px) 100vw, 1000px\" \/><\/td>\n<\/tr>\n<\/tbody>\n<\/table>\n<table style=\"border-collapse: collapse; width: 100%;\">\n<tbody>\n<tr>\n<td style=\"width: 50%;\"><img loading=\"lazy\" decoding=\"async\" class=\"alignnone size-full wp-image-3284\" src=\"https:\/\/www.cosmepak.com\/wp-content\/uploads\/2025\/03\/6-8.jpg\" alt=\"\" width=\"1000\" height=\"1000\" srcset=\"https:\/\/www.cosmepak.com\/wp-content\/uploads\/2025\/03\/6-8.jpg 1000w, https:\/\/www.cosmepak.com\/wp-content\/uploads\/2025\/03\/6-8-300x300.jpg 300w, https:\/\/www.cosmepak.com\/wp-content\/uploads\/2025\/03\/6-8-150x150.jpg 150w, https:\/\/www.cosmepak.com\/wp-content\/uploads\/2025\/03\/6-8-768x768.jpg 768w, https:\/\/www.cosmepak.com\/wp-content\/uploads\/2025\/03\/6-8-12x12.jpg 12w, https:\/\/www.cosmepak.com\/wp-content\/uploads\/2025\/03\/6-8-600x600.jpg 600w, https:\/\/www.cosmepak.com\/wp-content\/uploads\/2025\/03\/6-8-100x100.jpg 100w\" sizes=\"(max-width: 1000px) 100vw, 1000px\" \/><\/td>\n<td style=\"width: 50%;\"><img loading=\"lazy\" decoding=\"async\" class=\"alignnone size-full wp-image-3285\" src=\"https:\/\/www.cosmepak.com\/wp-content\/uploads\/2025\/03\/7-7.jpg\" alt=\"\" width=\"1000\" height=\"1000\" srcset=\"https:\/\/www.cosmepak.com\/wp-content\/uploads\/2025\/03\/7-7.jpg 1000w, https:\/\/www.cosmepak.com\/wp-content\/uploads\/2025\/03\/7-7-300x300.jpg 300w, https:\/\/www.cosmepak.com\/wp-content\/uploads\/2025\/03\/7-7-150x150.jpg 150w, https:\/\/www.cosmepak.com\/wp-content\/uploads\/2025\/03\/7-7-768x768.jpg 768w, https:\/\/www.cosmepak.com\/wp-content\/uploads\/2025\/03\/7-7-12x12.jpg 12w, https:\/\/www.cosmepak.com\/wp-content\/uploads\/2025\/03\/7-7-600x600.jpg 600w, https:\/\/www.cosmepak.com\/wp-content\/uploads\/2025\/03\/7-7-100x100.jpg 100w\" sizes=\"(max-width: 1000px) 100vw, 1000px\" \/><\/td>\n<\/tr>\n<\/tbody>\n<\/table>","protected":false},"excerpt":{"rendered":"<p>Material de la botella : AS<\/p>\n<p>Material de la tapa: ABS<\/p>\n<p>Capacidad: 30 ml<\/p>\n<p>Tap\u00f3n: Tap\u00f3n de rosca<\/p>\n<p>Color: Personalizado (cualquier color Pantone avaliable)<\/p>\n<p>Acabado de superficie: impresi\u00f3n de pantalla, glaseado, estampado en caliente, gradiente de pulverizaci\u00f3n, acabado mate, etc.<\/p>\n<p>MOQ: 5000pcs;<\/p>\n<p>&nbsp;<\/p>","protected":false},"featured_media":3286,"comment_status":"closed","ping_status":"closed","template":"","meta":{"_acf_changed":false},"product_brand":[],"product_cat":[52,18],"product_tag":[41],"class_list":{"0":"post-1603","1":"product","2":"type-product","3":"status-publish","4":"has-post-thumbnail","6":"product_cat-cream-jar-plastic-bottle","7":"product_cat-plastic-bottle","8":"product_tag-plastic-bottle","10":"first","11":"outofstock","12":"shipping-taxable","13":"product-type-simple"},"acf":[],"_links":{"self":[{"href":"https:\/\/www.cosmepak.com\/es\/wp-json\/wp\/v2\/product\/1603","targetHints":{"allow":["GET"]}}],"collection":[{"href":"https:\/\/www.cosmepak.com\/es\/wp-json\/wp\/v2\/product"}],"about":[{"href":"https:\/\/www.cosmepak.com\/es\/wp-json\/wp\/v2\/types\/product"}],"replies":[{"embeddable":true,"href":"https:\/\/www.cosmepak.com\/es\/wp-json\/wp\/v2\/comments?post=1603"}],"wp:featuredmedia":[{"embeddable":true,"href":"https:\/\/www.cosmepak.com\/es\/wp-json\/wp\/v2\/media\/3286"}],"wp:attachment":[{"href":"https:\/\/www.cosmepak.com\/es\/wp-json\/wp\/v2\/media?parent=1603"}],"wp:term":[{"taxonomy":"product_brand","embeddable":true,"href":"https:\/\/www.cosmepak.com\/es\/wp-json\/wp\/v2\/product_brand?post=1603"},{"taxonomy":"product_cat","embeddable":true,"href":"https:\/\/www.cosmepak.com\/es\/wp-json\/wp\/v2\/product_cat?post=1603"},{"taxonomy":"product_tag","embeddable":true,"href":"https:\/\/www.cosmepak.com\/es\/wp-json\/wp\/v2\/product_tag?post=1603"}],"curies":[{"name":"WP","href":"https:\/\/api.w.org\/{rel}","templated":true}]}}