{"id":1608,"date":"2025-03-28T15:05:56","date_gmt":"2025-03-28T07:05:56","guid":{"rendered":"https:\/\/www.cosmepak.com\/?post_type=product&#038;p=1608"},"modified":"2026-03-05T14:25:17","modified_gmt":"2026-03-05T06:25:17","slug":"luxury-30ml-glass-foundation-bottle-with-pump-jaunce","status":"publish","type":"product","link":"https:\/\/www.cosmepak.com\/es\/product\/luxury-30ml-glass-foundation-bottle-with-pump-jaunce\/","title":{"rendered":"Botella de Fundaci\u00f3n de Vidrio de Lujo de 30ml con Bomba\/Jaunce"},"content":{"rendered":"<table style=\"border-collapse: collapse; width: 100%; height: 144px;\">\n<tbody>\n<tr style=\"height: 24px;\">\n<td style=\"width: 33.3333%; height: 144px;\" rowspan=\"6\"><img fetchpriority=\"high\" decoding=\"async\" class=\"alignnone size-full wp-image-1609\" src=\"https:\/\/www.cosmepak.com\/wp-content\/uploads\/2025\/03\/O1CN01xzBv612L5B4ZoLsyi_974269640-0-cib.jpg\" alt=\"botella de fundaci\u00f3n\" width=\"1000\" height=\"1000\" srcset=\"https:\/\/www.cosmepak.com\/wp-content\/uploads\/2025\/03\/O1CN01xzBv612L5B4ZoLsyi_974269640-0-cib.jpg 1000w, https:\/\/www.cosmepak.com\/wp-content\/uploads\/2025\/03\/O1CN01xzBv612L5B4ZoLsyi_974269640-0-cib-300x300.jpg 300w, https:\/\/www.cosmepak.com\/wp-content\/uploads\/2025\/03\/O1CN01xzBv612L5B4ZoLsyi_974269640-0-cib-150x150.jpg 150w, https:\/\/www.cosmepak.com\/wp-content\/uploads\/2025\/03\/O1CN01xzBv612L5B4ZoLsyi_974269640-0-cib-768x768.jpg 768w, https:\/\/www.cosmepak.com\/wp-content\/uploads\/2025\/03\/O1CN01xzBv612L5B4ZoLsyi_974269640-0-cib-600x600.jpg 600w, https:\/\/www.cosmepak.com\/wp-content\/uploads\/2025\/03\/O1CN01xzBv612L5B4ZoLsyi_974269640-0-cib-100x100.jpg 100w\" sizes=\"(max-width: 1000px) 100vw, 1000px\" \/><\/td>\n<td style=\"width: 33.122%; height: 24px; text-align: center;\">Marca<\/td>\n<td style=\"width: 33.5446%; height: 24px; text-align: center;\">Jaunce<\/td>\n<\/tr>\n<tr style=\"height: 24px;\">\n<td style=\"width: 33.122%; height: 24px; text-align: center;\">Modelo<\/td>\n<td style=\"width: 33.5446%; height: 24px; text-align: center;\">JH-PHF205<\/td>\n<\/tr>\n<tr style=\"height: 24px;\">\n<td style=\"width: 33.122%; height: 24px; text-align: center;\">Capcidad<\/td>\n<td style=\"width: 33.5446%; height: 24px; text-align: center;\">30 ml<\/td>\n<\/tr>\n<tr style=\"height: 24px;\">\n<td style=\"width: 33.122%; height: 24px; text-align: center;\">Tama\u00f1o del cuello<\/td>\n<td style=\"width: 33.5446%; height: 24px; text-align: center;\">19.3mm<\/td>\n<\/tr>\n<tr style=\"height: 24px;\">\n<td style=\"width: 33.122%; height: 24px; text-align: center;\">Bomba<\/td>\n<td style=\"width: 33.5446%; height: 24px; text-align: center;\">Bomba de loci\u00f3n<\/td>\n<\/tr>\n<tr style=\"height: 24px;\">\n<td style=\"width: 33.122%; height: 24px; text-align: center;\">Material<\/td>\n<td style=\"width: 33.5446%; height: 24px; text-align: center;\">Vaso<\/td>\n<\/tr>\n<\/tbody>\n<\/table>\n<table style=\"border-collapse: collapse; width: 100%;\">\n<tbody>\n<tr>\n<td style=\"width: 20%; text-align: center;\"><strong>Capacidad<\/strong><\/td>\n<td style=\"width: 20%; text-align: center;\"><strong>Altura del hombro<\/strong><\/td>\n<td style=\"width: 20%; text-align: center;\"><strong>Altura total<\/strong><\/td>\n<td style=\"width: 20%; text-align: center;\"><strong>Longitud<\/strong><\/td>\n<td style=\"width: 20%; text-align: center;\"><strong>Ancho<\/strong><\/td>\n<\/tr>\n<tr>\n<td style=\"width: 20%; text-align: center;\">30 ml<\/td>\n<td style=\"width: 20%; text-align: center;\">78.8mm<\/td>\n<td style=\"width: 20%; text-align: center;\">114.2mm<\/td>\n<td style=\"width: 20%; text-align: center;\">40 mm<\/td>\n<td style=\"width: 20%; text-align: center;\">32.3mm<\/td>\n<\/tr>\n<\/tbody>\n<\/table>\n<p>Materiales y verde<\/p>\n<p>El material que escoges forma tanto el estilo como la salud del planeta. Los frascos de vidrio se ven elegantes pero wei\u062c\u0631\u0627\u0645h m\u00e1s. Las botellas de pl\u00e1stico PET son ligeras y baratas para las marcas con un presupuesto limitado. La gente se preocupa por el medio ambiente, prueba materiales reciclables o PCR (Reciclado Post-Consumidor) para mantenerse respetuosos con el medio ambiente. Estos cortan los residuos mientras se mantienen robustos, que los clientes amantes del verde cavan.<\/p>\n<p>La botella est\u00e1 hecha con un corte cuadrado redondeado \u00fanico, con l\u00edneas lisas y ordenadas. Combina modernidad y sofisticaci\u00f3n, no solo proporcionando un agarre ergon\u00f3mico c\u00f3modo, sino que tambi\u00e9n destaca en las pantallas de estante.<\/p>\n<p>La tapa externa mate blanca contrasta fuertemente con el cuerpo transparente de la botella, destacando la pureza y el profesionalismo del producto mientras protege eficazmente la botella de ara\u00f1azos.<\/p>\n<p>Ofrecemos una variedad de cuerpos de botellas de color de alta transparencia en colores como el oro \u00e1mbar, el rosa rosa y el marr\u00f3n de t\u00e9 claro. Se pueden combinar libremente seg\u00fan la marca&#8217; estilo para satisfacer diferentes requisitos de posicionamiento visual.<\/p>\n<p>Cool Conta\u0628\u0648\u0635\u0627\u0631\u0627\u062a para su Creametr<\/p>\n<p>Un \u062c\u0631\u0627\u0645reat conta\u0628\u0648\u0635\u0629er metrakes su crema mirar incre\u00edble y trabajar mejor. Aqu\u00ed hay algunas opciones principales que mantienen su producto seguro y impulsan su marca.<\/p>\n<p>Botella sin aire con Pumetrp<\/p>\n<p>Apoyamos la personalizaci\u00f3n completa del proceso OEM \/ ODM. Puede imprimir el logotipo de la marca, el nombre del producto, el c\u00f3digo de color y otra informaci\u00f3n en el cuerpo de la botella. Se pueden adoptar diversas t\u00e9cnicas como estampado de hoja, serigraf\u00eda e impresi\u00f3n UV para crear una identificaci\u00f3n visual exclusiva.<\/p>\n<p>Esta botella de vidrio es adecuada para productos de belleza l\u00edquidos como fundaci\u00f3n, corrector, esencia e imprimante. Es particularmente adecuado para marcas de maquillaje que buscan textura de gama alta y experiencia profesional.<\/p>\n<p>&nbsp;<\/p>\n<p><img decoding=\"async\" class=\"alignnone wp-image-1610\" src=\"https:\/\/www.cosmepak.com\/wp-content\/uploads\/2025\/03\/O1CN01UCVWNP2L5B4ijMGN9_974269640-0-cib.jpg\" alt=\"botella de fundaci\u00f3n\" width=\"1374\" height=\"1915\" srcset=\"https:\/\/www.cosmepak.com\/wp-content\/uploads\/2025\/03\/O1CN01UCVWNP2L5B4ijMGN9_974269640-0-cib.jpg 800w, https:\/\/www.cosmepak.com\/wp-content\/uploads\/2025\/03\/O1CN01UCVWNP2L5B4ijMGN9_974269640-0-cib-215x300.jpg 215w, https:\/\/www.cosmepak.com\/wp-content\/uploads\/2025\/03\/O1CN01UCVWNP2L5B4ijMGN9_974269640-0-cib-735x1024.jpg 735w, https:\/\/www.cosmepak.com\/wp-content\/uploads\/2025\/03\/O1CN01UCVWNP2L5B4ijMGN9_974269640-0-cib-768x1070.jpg 768w, https:\/\/www.cosmepak.com\/wp-content\/uploads\/2025\/03\/O1CN01UCVWNP2L5B4ijMGN9_974269640-0-cib-600x836.jpg 600w\" sizes=\"(max-width: 1374px) 100vw, 1374px\" \/><\/p>\n<div>\n<table style=\"border-collapse: collapse; width: 100%;\">\n<tbody>\n<tr>\n<td style=\"width: 33.3333%;\"><img decoding=\"async\" class=\"alignnone size-full wp-image-3309\" src=\"https:\/\/www.cosmepak.com\/wp-content\/uploads\/2025\/03\/7-8.jpg\" alt=\"\" width=\"1000\" height=\"1000\" srcset=\"https:\/\/www.cosmepak.com\/wp-content\/uploads\/2025\/03\/7-8.jpg 1000w, https:\/\/www.cosmepak.com\/wp-content\/uploads\/2025\/03\/7-8-300x300.jpg 300w, https:\/\/www.cosmepak.com\/wp-content\/uploads\/2025\/03\/7-8-150x150.jpg 150w, https:\/\/www.cosmepak.com\/wp-content\/uploads\/2025\/03\/7-8-768x768.jpg 768w, https:\/\/www.cosmepak.com\/wp-content\/uploads\/2025\/03\/7-8-12x12.jpg 12w, https:\/\/www.cosmepak.com\/wp-content\/uploads\/2025\/03\/7-8-600x600.jpg 600w, https:\/\/www.cosmepak.com\/wp-content\/uploads\/2025\/03\/7-8-100x100.jpg 100w\" sizes=\"(max-width: 1000px) 100vw, 1000px\" \/><\/td>\n<td style=\"width: 33.3333%;\"><img loading=\"lazy\" decoding=\"async\" class=\"alignnone size-full wp-image-3310\" src=\"https:\/\/www.cosmepak.com\/wp-content\/uploads\/2025\/03\/6-9.jpg\" alt=\"\" width=\"1000\" height=\"1000\" srcset=\"https:\/\/www.cosmepak.com\/wp-content\/uploads\/2025\/03\/6-9.jpg 1000w, https:\/\/www.cosmepak.com\/wp-content\/uploads\/2025\/03\/6-9-300x300.jpg 300w, https:\/\/www.cosmepak.com\/wp-content\/uploads\/2025\/03\/6-9-150x150.jpg 150w, https:\/\/www.cosmepak.com\/wp-content\/uploads\/2025\/03\/6-9-768x768.jpg 768w, https:\/\/www.cosmepak.com\/wp-content\/uploads\/2025\/03\/6-9-12x12.jpg 12w, https:\/\/www.cosmepak.com\/wp-content\/uploads\/2025\/03\/6-9-600x600.jpg 600w, https:\/\/www.cosmepak.com\/wp-content\/uploads\/2025\/03\/6-9-100x100.jpg 100w\" sizes=\"(max-width: 1000px) 100vw, 1000px\" \/><\/td>\n<td style=\"width: 33.3333%;\"><img loading=\"lazy\" decoding=\"async\" class=\"alignnone size-full wp-image-3311\" src=\"https:\/\/www.cosmepak.com\/wp-content\/uploads\/2025\/03\/3-11.jpg\" alt=\"\" width=\"1000\" height=\"1000\" srcset=\"https:\/\/www.cosmepak.com\/wp-content\/uploads\/2025\/03\/3-11.jpg 1000w, https:\/\/www.cosmepak.com\/wp-content\/uploads\/2025\/03\/3-11-300x300.jpg 300w, https:\/\/www.cosmepak.com\/wp-content\/uploads\/2025\/03\/3-11-150x150.jpg 150w, https:\/\/www.cosmepak.com\/wp-content\/uploads\/2025\/03\/3-11-768x768.jpg 768w, https:\/\/www.cosmepak.com\/wp-content\/uploads\/2025\/03\/3-11-12x12.jpg 12w, https:\/\/www.cosmepak.com\/wp-content\/uploads\/2025\/03\/3-11-600x600.jpg 600w, https:\/\/www.cosmepak.com\/wp-content\/uploads\/2025\/03\/3-11-100x100.jpg 100w\" sizes=\"(max-width: 1000px) 100vw, 1000px\" \/><\/td>\n<\/tr>\n<\/tbody>\n<\/table>\n<\/div>\n<p>&nbsp;<\/p>","protected":false},"excerpt":{"rendered":"<p>Material de botella: vidrio<\/p>\n<p>Material de la tapa: PP<\/p>\n<p>Capacidad: 30 ml<\/p>\n<p>Bomba: bomba de loci\u00f3n<\/p>\n<p>Color: Personalizado (cualquier color Pantone avaliable)<\/p>\n<p>Acabado de superficie: impresi\u00f3n de pantalla, glaseado, estampado en caliente, gradiente de pulverizaci\u00f3n, acabado mate, etc.<\/p>\n<p>MOQ: 5000pcs;<\/p>\n<p>&nbsp;<\/p>","protected":false},"featured_media":1611,"comment_status":"closed","ping_status":"closed","template":"","meta":{"_acf_changed":false},"product_brand":[],"product_cat":[34],"product_tag":[],"class_list":{"0":"post-1608","1":"product","2":"type-product","3":"status-publish","4":"has-post-thumbnail","6":"product_cat-foundation-bottle","8":"first","9":"outofstock","10":"shipping-taxable","11":"product-type-simple"},"acf":[],"_links":{"self":[{"href":"https:\/\/www.cosmepak.com\/es\/wp-json\/wp\/v2\/product\/1608","targetHints":{"allow":["GET"]}}],"collection":[{"href":"https:\/\/www.cosmepak.com\/es\/wp-json\/wp\/v2\/product"}],"about":[{"href":"https:\/\/www.cosmepak.com\/es\/wp-json\/wp\/v2\/types\/product"}],"replies":[{"embeddable":true,"href":"https:\/\/www.cosmepak.com\/es\/wp-json\/wp\/v2\/comments?post=1608"}],"wp:featuredmedia":[{"embeddable":true,"href":"https:\/\/www.cosmepak.com\/es\/wp-json\/wp\/v2\/media\/1611"}],"wp:attachment":[{"href":"https:\/\/www.cosmepak.com\/es\/wp-json\/wp\/v2\/media?parent=1608"}],"wp:term":[{"taxonomy":"product_brand","embeddable":true,"href":"https:\/\/www.cosmepak.com\/es\/wp-json\/wp\/v2\/product_brand?post=1608"},{"taxonomy":"product_cat","embeddable":true,"href":"https:\/\/www.cosmepak.com\/es\/wp-json\/wp\/v2\/product_cat?post=1608"},{"taxonomy":"product_tag","embeddable":true,"href":"https:\/\/www.cosmepak.com\/es\/wp-json\/wp\/v2\/product_tag?post=1608"}],"curies":[{"name":"WP","href":"https:\/\/api.w.org\/{rel}","templated":true}]}}