{"id":1623,"date":"2025-03-28T17:02:01","date_gmt":"2025-03-28T09:02:01","guid":{"rendered":"https:\/\/www.cosmepak.com\/?post_type=product&#038;p=1623"},"modified":"2025-10-17T16:00:37","modified_gmt":"2025-10-17T08:00:37","slug":"square-foundation-glass-bottle-jaunce","status":"publish","type":"product","link":"https:\/\/www.cosmepak.com\/es\/product\/square-foundation-glass-bottle-jaunce\/","title":{"rendered":"Botella de vidrio de base cuadrada \/jaunce"},"content":{"rendered":"<table style=\"border-collapse: collapse; width: 100%; height: 144px;\">\n<tbody>\n<tr style=\"height: 24px;\">\n<td style=\"width: 33.3333%; height: 144px;\" rowspan=\"6\"><img fetchpriority=\"high\" decoding=\"async\" class=\"alignnone size-full wp-image-1624\" src=\"https:\/\/www.cosmepak.com\/wp-content\/uploads\/2025\/03\/O1CN01uRg7vT2L5AwCjXroW_974269640-0-cib.jpg\" alt=\"botella de fundaci\u00f3n\" width=\"1000\" height=\"1000\" srcset=\"https:\/\/www.cosmepak.com\/wp-content\/uploads\/2025\/03\/O1CN01uRg7vT2L5AwCjXroW_974269640-0-cib.jpg 1000w, https:\/\/www.cosmepak.com\/wp-content\/uploads\/2025\/03\/O1CN01uRg7vT2L5AwCjXroW_974269640-0-cib-300x300.jpg 300w, https:\/\/www.cosmepak.com\/wp-content\/uploads\/2025\/03\/O1CN01uRg7vT2L5AwCjXroW_974269640-0-cib-150x150.jpg 150w, https:\/\/www.cosmepak.com\/wp-content\/uploads\/2025\/03\/O1CN01uRg7vT2L5AwCjXroW_974269640-0-cib-768x768.jpg 768w, https:\/\/www.cosmepak.com\/wp-content\/uploads\/2025\/03\/O1CN01uRg7vT2L5AwCjXroW_974269640-0-cib-600x600.jpg 600w, https:\/\/www.cosmepak.com\/wp-content\/uploads\/2025\/03\/O1CN01uRg7vT2L5AwCjXroW_974269640-0-cib-100x100.jpg 100w\" sizes=\"(max-width: 1000px) 100vw, 1000px\" \/><\/td>\n<td style=\"width: 33.122%; height: 24px; text-align: center;\">Marca<\/td>\n<td style=\"width: 33.5446%; height: 24px; text-align: center;\">Jaunce<\/td>\n<\/tr>\n<tr style=\"height: 24px;\">\n<td style=\"width: 33.122%; height: 24px; text-align: center;\">Modelo<\/td>\n<td style=\"width: 33.5446%; height: 24px; text-align: center;\">JH-PHF103\/098\/066\/104<\/td>\n<\/tr>\n<tr style=\"height: 24px;\">\n<td style=\"width: 33.122%; height: 24px; text-align: center;\">Capcidad<\/td>\n<td style=\"width: 33.5446%; height: 24px; text-align: center;\">15\/25\/35\/40 ml<\/td>\n<\/tr>\n<tr style=\"height: 24px;\">\n<td style=\"width: 33.122%; height: 24px; text-align: center;\">Tama\u00f1o del cuello<\/td>\n<td style=\"width: 33.5446%; height: 24px; text-align: center;\">18 mm<\/td>\n<\/tr>\n<tr style=\"height: 24px;\">\n<td style=\"width: 33.122%; height: 24px; text-align: center;\">Bomba<\/td>\n<td style=\"width: 33.5446%; height: 24px; text-align: center;\">Bomba de loci\u00f3n<\/td>\n<\/tr>\n<tr style=\"height: 24px;\">\n<td style=\"width: 33.122%; height: 24px; text-align: center;\">Material<\/td>\n<td style=\"width: 33.5446%; height: 24px; text-align: center;\">Vaso<\/td>\n<\/tr>\n<\/tbody>\n<\/table>\n<table style=\"border-collapse: collapse; width: 100%;\">\n<tbody>\n<tr style=\"height: 24px;\">\n<td style=\"width: 20%; text-align: center; height: 24px;\"><strong>Capacidad<\/strong><\/td>\n<td style=\"width: 20%; text-align: center; height: 24px;\"><strong>Altura del hombro<\/strong><\/td>\n<td style=\"width: 20%; text-align: center; height: 24px;\"><strong>Altura total<\/strong><\/td>\n<td style=\"width: 20%; text-align: center; height: 24px;\"><strong>Di\u00e1metro<\/strong><\/td>\n<\/tr>\n<tr>\n<td style=\"width: 20%; text-align: center;\">15 ml<\/td>\n<td style=\"width: 20%; text-align: center;\">43 mm<\/td>\n<td style=\"width: 20%; text-align: center;\">85 mm<\/td>\n<td style=\"width: 20%; text-align: center;\">32 mm<\/td>\n<\/tr>\n<tr style=\"height: 24px;\">\n<td style=\"width: 20%; text-align: center; height: 24px;\">25 ml<\/td>\n<td style=\"width: 20%; text-align: center; height: 24px;\">50 mm<\/td>\n<td style=\"width: 20%; text-align: center; height: 24px;\">92 mm<\/td>\n<td style=\"width: 20%; text-align: center; height: 24px;\">32 mm<\/td>\n<\/tr>\n<tr>\n<td style=\"width: 20%; text-align: center;\">35 ml<\/td>\n<td style=\"width: 20%; text-align: center;\">64 mm<\/td>\n<td style=\"width: 20%; text-align: center;\">105 mm<\/td>\n<td style=\"width: 20%; text-align: center;\">32 mm<\/td>\n<\/tr>\n<tr>\n<td style=\"width: 20%; text-align: center;\">40 ml<\/td>\n<td style=\"width: 20%; text-align: center;\">78 mm<\/td>\n<td style=\"width: 20%; text-align: center;\">120 mm<\/td>\n<td style=\"width: 20%; text-align: center;\">32 mm<\/td>\n<\/tr>\n<\/tbody>\n<\/table>\n<p>Esta botella de l\u00edquido rectangular es transparente. Se puede usar para llenar l\u00edquido de fundaci\u00f3n, loci\u00f3n para el cuidado de la piel y protector solar, etc. Hay varias especificaciones disponibles, incluyendo 15ml, 25ml, 35ml y 40ml. El di\u00e1metro de la boca de la botella es de 18mm y tiene un dise\u00f1o de tornillo, lo que garantiza un ajuste perfecto. Base de botella de vidrio espesado, resistente y fiable; En combinaci\u00f3n con la bomba de CD, la salida de l\u00edquido es uniforme. Al mismo tiempo, puede aceptar procesos como serigraf\u00eda, estampado de oro, estampado de plata, pulverizaci\u00f3n, chorro de arena, galvanizaci\u00f3n y pegado de etiquetas.<\/p>\n<p><strong>Ventajas del material de vidrio<\/strong><\/p>\n<p>Textura mejorada: vidrio transparente destaca el producto&#8217; textura, mejorando el posicionamiento visual de gama alta de los cosm\u00e9ticos y distingui\u00e9ndolo de la sensaci\u00f3n barata de las botellas de pl\u00e1stico.<br \/>\nDurabilidad: resistencia al impacto superior en comparaci\u00f3n con el vidrio ordinario, manteniendo la forma despu\u00e9s de uso repetido, reduciendo as\u00ed las tasas de retorno de los usuarios finales.<br \/>\nCumplimiento ecol\u00f3gico: el material reciclable cumple con la UE ECOCERT, China GB \/ T 38727 y otras normas ambientales, lo que ayuda a las marcas a construir una imagen sostenible.<br \/>\nPersonalizaci\u00f3n de alta rentabilidad<\/p>\n<p>Soporta procesamiento personalizado como serigraf\u00eda, estampado en caliente y etiquetado en la botella.<br \/>\nCantidad m\u00ednima de pedido flexible (a partir de 5.000 piezas).<br \/>\nEn comparaci\u00f3n con envases de vidrio de gama alta similares, los costos de adquisici\u00f3n se reducen en un 12%-15%.<\/p>\n<p><img decoding=\"async\" class=\"wp-image-1620 aligncenter\" src=\"https:\/\/www.cosmepak.com\/wp-content\/uploads\/2025\/03\/O1CN01jK8lCN2L5AwIjoEFv_974269640-0-cib.jpg\" alt=\"Fundaci\u00f3n botella de vidrio\" width=\"1373\" height=\"1893\" srcset=\"https:\/\/www.cosmepak.com\/wp-content\/uploads\/2025\/03\/O1CN01jK8lCN2L5AwIjoEFv_974269640-0-cib.jpg 1000w, https:\/\/www.cosmepak.com\/wp-content\/uploads\/2025\/03\/O1CN01jK8lCN2L5AwIjoEFv_974269640-0-cib-218x300.jpg 218w, https:\/\/www.cosmepak.com\/wp-content\/uploads\/2025\/03\/O1CN01jK8lCN2L5AwIjoEFv_974269640-0-cib-743x1024.jpg 743w, https:\/\/www.cosmepak.com\/wp-content\/uploads\/2025\/03\/O1CN01jK8lCN2L5AwIjoEFv_974269640-0-cib-768x1059.jpg 768w, https:\/\/www.cosmepak.com\/wp-content\/uploads\/2025\/03\/O1CN01jK8lCN2L5AwIjoEFv_974269640-0-cib-600x827.jpg 600w\" sizes=\"(max-width: 1373px) 100vw, 1373px\" \/><\/p>\n<p>Somos una empresa especializada en materiales de envasado para cosm\u00e9ticos. Desde nuestro establecimiento en 2014, hemos estado proporcionando materiales de envasado a empresas de llenado nacionales y extranjeras. No somos simplemente una empresa de materiales de envasado cosm\u00e9tico; Tambi\u00e9n ayudamos a nuestros clientes en el desarrollo de nuevos dise\u00f1os de envases. Tambi\u00e9n apoyamos un servicio de paquete cosm\u00e9tico de parada \u00fanica.<\/p>\n<p><img decoding=\"async\" class=\"alignnone size-full wp-image-1347\" src=\"https:\/\/www.cosmepak.com\/wp-content\/uploads\/2024\/12\/\u9996\u987519202_03.jpg\" alt=\"exposici\u00f3n de f\u00e1brica\" width=\"1920\" height=\"885\" srcset=\"https:\/\/www.cosmepak.com\/wp-content\/uploads\/2024\/12\/\u9996\u987519202_03.jpg 1920w, https:\/\/www.cosmepak.com\/wp-content\/uploads\/2024\/12\/\u9996\u987519202_03-300x138.jpg 300w, https:\/\/www.cosmepak.com\/wp-content\/uploads\/2024\/12\/\u9996\u987519202_03-1024x472.jpg 1024w, https:\/\/www.cosmepak.com\/wp-content\/uploads\/2024\/12\/\u9996\u987519202_03-768x354.jpg 768w, https:\/\/www.cosmepak.com\/wp-content\/uploads\/2024\/12\/\u9996\u987519202_03-1536x708.jpg 1536w, https:\/\/www.cosmepak.com\/wp-content\/uploads\/2024\/12\/\u9996\u987519202_03-600x277.jpg 600w\" sizes=\"(max-width: 1920px) 100vw, 1920px\" \/><\/p>\n<p>&nbsp;<\/p>","protected":false},"excerpt":{"rendered":"<p>Material de botella: vidrio<\/p>\n<p>Material de la tapa: PP<\/p>\n<p>Capacidad: 15\/25\/35\/40ml<\/p>\n<p>Bomba: Bomba de CD<\/p>\n<p>Color: Personalizado (cualquier color Pantone avaliable)<\/p>\n<p>Acabado de superficie: impresi\u00f3n de pantalla, glaseado, estampado en caliente, gradiente de pulverizaci\u00f3n, acabado mate, etc.<\/p>\n<p>MOQ: 5000pcs;<\/p>\n<p>&nbsp;<\/p>","protected":false},"featured_media":1624,"comment_status":"closed","ping_status":"closed","template":"","meta":{"_acf_changed":false},"product_brand":[],"product_cat":[34],"product_tag":[],"class_list":{"0":"post-1623","1":"product","2":"type-product","3":"status-publish","4":"has-post-thumbnail","6":"product_cat-foundation-bottle","8":"first","9":"outofstock","10":"shipping-taxable","11":"product-type-simple"},"acf":[],"_links":{"self":[{"href":"https:\/\/www.cosmepak.com\/es\/wp-json\/wp\/v2\/product\/1623","targetHints":{"allow":["GET"]}}],"collection":[{"href":"https:\/\/www.cosmepak.com\/es\/wp-json\/wp\/v2\/product"}],"about":[{"href":"https:\/\/www.cosmepak.com\/es\/wp-json\/wp\/v2\/types\/product"}],"replies":[{"embeddable":true,"href":"https:\/\/www.cosmepak.com\/es\/wp-json\/wp\/v2\/comments?post=1623"}],"wp:featuredmedia":[{"embeddable":true,"href":"https:\/\/www.cosmepak.com\/es\/wp-json\/wp\/v2\/media\/1624"}],"wp:attachment":[{"href":"https:\/\/www.cosmepak.com\/es\/wp-json\/wp\/v2\/media?parent=1623"}],"wp:term":[{"taxonomy":"product_brand","embeddable":true,"href":"https:\/\/www.cosmepak.com\/es\/wp-json\/wp\/v2\/product_brand?post=1623"},{"taxonomy":"product_cat","embeddable":true,"href":"https:\/\/www.cosmepak.com\/es\/wp-json\/wp\/v2\/product_cat?post=1623"},{"taxonomy":"product_tag","embeddable":true,"href":"https:\/\/www.cosmepak.com\/es\/wp-json\/wp\/v2\/product_tag?post=1623"}],"curies":[{"name":"WP","href":"https:\/\/api.w.org\/{rel}","templated":true}]}}