{"id":1628,"date":"2025-03-31T10:59:54","date_gmt":"2025-03-31T02:59:54","guid":{"rendered":"https:\/\/www.cosmepak.com\/?post_type=product&#038;p=1628"},"modified":"2026-01-06T15:47:47","modified_gmt":"2026-01-06T07:47:47","slug":"30ml-colorful-out-painting-square-foundation-glass-bottle-jaunce","status":"publish","type":"product","link":"https:\/\/www.cosmepak.com\/es\/product\/30ml-colorful-out-painting-square-foundation-glass-bottle-jaunce\/","title":{"rendered":"30 ml de colorida Pintura cuadrada Fundaci\u00f3n cuadrada botella de vidrio \/jaunce"},"content":{"rendered":"<table style=\"border-collapse: collapse; width: 100%; height: 144px;\">\n<tbody>\n<tr style=\"height: 24px;\">\n<td style=\"width: 33.3333%; height: 144px;\" rowspan=\"6\"><img fetchpriority=\"high\" decoding=\"async\" class=\"alignnone size-full wp-image-3907\" src=\"https:\/\/www.cosmepak.com\/wp-content\/uploads\/2025\/03\/O1CN01z8ZfSD2L5B3fs2vXn_974269640-0-cib.jpg\" alt=\"\" width=\"800\" height=\"800\" srcset=\"https:\/\/www.cosmepak.com\/wp-content\/uploads\/2025\/03\/O1CN01z8ZfSD2L5B3fs2vXn_974269640-0-cib.jpg 800w, https:\/\/www.cosmepak.com\/wp-content\/uploads\/2025\/03\/O1CN01z8ZfSD2L5B3fs2vXn_974269640-0-cib-300x300.jpg 300w, https:\/\/www.cosmepak.com\/wp-content\/uploads\/2025\/03\/O1CN01z8ZfSD2L5B3fs2vXn_974269640-0-cib-150x150.jpg 150w, https:\/\/www.cosmepak.com\/wp-content\/uploads\/2025\/03\/O1CN01z8ZfSD2L5B3fs2vXn_974269640-0-cib-768x768.jpg 768w, https:\/\/www.cosmepak.com\/wp-content\/uploads\/2025\/03\/O1CN01z8ZfSD2L5B3fs2vXn_974269640-0-cib-12x12.jpg 12w, https:\/\/www.cosmepak.com\/wp-content\/uploads\/2025\/03\/O1CN01z8ZfSD2L5B3fs2vXn_974269640-0-cib-600x600.jpg 600w, https:\/\/www.cosmepak.com\/wp-content\/uploads\/2025\/03\/O1CN01z8ZfSD2L5B3fs2vXn_974269640-0-cib-100x100.jpg 100w\" sizes=\"(max-width: 800px) 100vw, 800px\" \/><\/td>\n<td style=\"width: 33.122%; height: 24px; text-align: center;\">Marca<\/td>\n<td style=\"width: 33.5446%; height: 24px; text-align: center;\">Jaunce<\/td>\n<\/tr>\n<tr style=\"height: 24px;\">\n<td style=\"width: 33.122%; height: 24px; text-align: center;\">Modelo<\/td>\n<td style=\"width: 33.5446%; height: 24px; text-align: center;\">JH-PHF203<\/td>\n<\/tr>\n<tr style=\"height: 24px;\">\n<td style=\"width: 33.122%; height: 24px; text-align: center;\">Capcidad<\/td>\n<td style=\"width: 33.5446%; height: 24px; text-align: center;\">30 ml<\/td>\n<\/tr>\n<tr style=\"height: 24px;\">\n<td style=\"width: 33.122%; height: 24px; text-align: center;\">Tama\u00f1o del cuello<\/td>\n<td style=\"width: 33.5446%; height: 24px; text-align: center;\">16.5mm<\/td>\n<\/tr>\n<tr style=\"height: 24px;\">\n<td style=\"width: 33.122%; height: 24px; text-align: center;\">Bomba<\/td>\n<td style=\"width: 33.5446%; height: 24px; text-align: center;\">Bomba de loci\u00f3n<\/td>\n<\/tr>\n<tr style=\"height: 24px;\">\n<td style=\"width: 33.122%; height: 24px; text-align: center;\">Material<\/td>\n<td style=\"width: 33.5446%; height: 24px; text-align: center;\">Vaso<\/td>\n<\/tr>\n<\/tbody>\n<\/table>\n<table style=\"border-collapse: collapse; width: 100%;\">\n<tbody>\n<tr style=\"height: 24px;\">\n<td style=\"width: 15.3036%; text-align: center; height: 24px;\"><strong>Capacidad<\/strong><\/td>\n<td style=\"width: 18.0526%; text-align: center; height: 24px;\"><strong>Altura del hombro<\/strong><\/td>\n<td style=\"width: 16.5637%; text-align: center; height: 24px;\"><strong>Altura total<\/strong><\/td>\n<td style=\"width: 17.4455%; text-align: center; height: 24px;\"><strong>Longitud inferior<\/strong><\/td>\n<td style=\"width: 12.6346%; text-align: center;\"><strong>Ancho<\/strong><\/td>\n<\/tr>\n<tr>\n<td style=\"width: 15.3036%; text-align: center;\">30 ml<\/td>\n<td style=\"width: 18.0526%; text-align: center;\">85.5mm<\/td>\n<td style=\"width: 16.5637%; text-align: center;\">127.2mm<\/td>\n<td style=\"width: 17.4455%; text-align: center;\">28.5mm<\/td>\n<td style=\"width: 12.6346%; text-align: center;\">28.5mm<\/td>\n<\/tr>\n<\/tbody>\n<\/table>\n<p><img decoding=\"async\" class=\"wp-image-1630 aligncenter\" src=\"https:\/\/www.cosmepak.com\/wp-content\/uploads\/2025\/03\/O1CN01OhcQks2L5B3gded9l_974269640-0-cib.jpg\" alt=\"botella de fundaci\u00f3n\" width=\"1375\" height=\"1917\" srcset=\"https:\/\/www.cosmepak.com\/wp-content\/uploads\/2025\/03\/O1CN01OhcQks2L5B3gded9l_974269640-0-cib.jpg 1000w, https:\/\/www.cosmepak.com\/wp-content\/uploads\/2025\/03\/O1CN01OhcQks2L5B3gded9l_974269640-0-cib-215x300.jpg 215w, https:\/\/www.cosmepak.com\/wp-content\/uploads\/2025\/03\/O1CN01OhcQks2L5B3gded9l_974269640-0-cib-735x1024.jpg 735w, https:\/\/www.cosmepak.com\/wp-content\/uploads\/2025\/03\/O1CN01OhcQks2L5B3gded9l_974269640-0-cib-768x1071.jpg 768w, https:\/\/www.cosmepak.com\/wp-content\/uploads\/2025\/03\/O1CN01OhcQks2L5B3gded9l_974269640-0-cib-600x836.jpg 600w\" sizes=\"(max-width: 1375px) 100vw, 1375px\" \/><\/p>\n<p class=\"ai-center-markdown-p\">\u00bfEst\u00e1s buscando una botella de fundaci\u00f3n elegante y funcional que destaque? Nuestra botella de fundaci\u00f3n de vidrio colorido OEM \/ ODM de forma cuadrada de 30ml es la elecci\u00f3n perfecta para usted. No solo ofrece un dise\u00f1o elegante, sino que tambi\u00e9n permite la personalizaci\u00f3n para satisfacer sus necesidades \u00fanicas.<\/p>\n<p>La forma cuadrada de la botella proporciona un look.colorful moderno y elegante vidrio a\u00f1ade un toque de sofisticaci\u00f3n y se puede personalizar para coincidir con su marca&#8217; S est\u00e9tica. Ofrecemos servicios OEM y ODM, asegurando que la botella cumpla con sus requisitos espec\u00edficos.<\/p>\n<p>La botella hecha de vidrio de alta calidad, la botella es duradera y respetuosa con el medio ambiente. Esta duradera construcci\u00f3n de vidrio protege el contenido y mantiene la integridad del producto. La capacidad de 30ml es perfecta para la fundaci\u00f3n y otros cosm\u00e9ticos l\u00edquidos.<\/p>\n<p>Puede personalizar la botella con su logotipo, color y otros elementos de dise\u00f1o para crear un producto \u00fanico que representa su marca. Un dise\u00f1o \u00fanico puede atraer m\u00e1s clientes y mejorar la lealtad a la marca.<\/p>\n<p class=\"ai-center-markdown-p\">Para obtener m\u00e1s informaci\u00f3n sobre las opciones de personalizaci\u00f3n y para realizar un pedido, por favor visite nuestro sitio web o p\u00f3ngase en contacto con nuestro equipo de atenci\u00f3n al cliente.<\/p>\n<table style=\"border-collapse: collapse; width: 100%;\">\n<tbody>\n<tr>\n<td style=\"width: 33.3333%;\"><img decoding=\"async\" class=\"alignnone size-full wp-image-3908\" src=\"https:\/\/www.cosmepak.com\/wp-content\/uploads\/2025\/03\/1-20.jpg\" alt=\"\" width=\"1000\" height=\"1000\" srcset=\"https:\/\/www.cosmepak.com\/wp-content\/uploads\/2025\/03\/1-20.jpg 1000w, https:\/\/www.cosmepak.com\/wp-content\/uploads\/2025\/03\/1-20-300x300.jpg 300w, https:\/\/www.cosmepak.com\/wp-content\/uploads\/2025\/03\/1-20-150x150.jpg 150w, https:\/\/www.cosmepak.com\/wp-content\/uploads\/2025\/03\/1-20-768x768.jpg 768w, https:\/\/www.cosmepak.com\/wp-content\/uploads\/2025\/03\/1-20-12x12.jpg 12w, https:\/\/www.cosmepak.com\/wp-content\/uploads\/2025\/03\/1-20-600x600.jpg 600w, https:\/\/www.cosmepak.com\/wp-content\/uploads\/2025\/03\/1-20-100x100.jpg 100w\" sizes=\"(max-width: 1000px) 100vw, 1000px\" \/><\/td>\n<td style=\"width: 33.3333%;\"><img loading=\"lazy\" decoding=\"async\" class=\"alignnone size-full wp-image-3909\" src=\"https:\/\/www.cosmepak.com\/wp-content\/uploads\/2025\/03\/O1CN01j8BWWa2L5B3g4fibu_974269640-0-cib.jpg\" alt=\"\" width=\"1000\" height=\"1000\" srcset=\"https:\/\/www.cosmepak.com\/wp-content\/uploads\/2025\/03\/O1CN01j8BWWa2L5B3g4fibu_974269640-0-cib.jpg 1000w, https:\/\/www.cosmepak.com\/wp-content\/uploads\/2025\/03\/O1CN01j8BWWa2L5B3g4fibu_974269640-0-cib-300x300.jpg 300w, https:\/\/www.cosmepak.com\/wp-content\/uploads\/2025\/03\/O1CN01j8BWWa2L5B3g4fibu_974269640-0-cib-150x150.jpg 150w, https:\/\/www.cosmepak.com\/wp-content\/uploads\/2025\/03\/O1CN01j8BWWa2L5B3g4fibu_974269640-0-cib-768x768.jpg 768w, https:\/\/www.cosmepak.com\/wp-content\/uploads\/2025\/03\/O1CN01j8BWWa2L5B3g4fibu_974269640-0-cib-12x12.jpg 12w, https:\/\/www.cosmepak.com\/wp-content\/uploads\/2025\/03\/O1CN01j8BWWa2L5B3g4fibu_974269640-0-cib-600x600.jpg 600w, https:\/\/www.cosmepak.com\/wp-content\/uploads\/2025\/03\/O1CN01j8BWWa2L5B3g4fibu_974269640-0-cib-100x100.jpg 100w\" sizes=\"(max-width: 1000px) 100vw, 1000px\" \/><\/td>\n<td style=\"width: 33.3333%;\"><img loading=\"lazy\" decoding=\"async\" class=\"alignnone size-full wp-image-3910\" src=\"https:\/\/www.cosmepak.com\/wp-content\/uploads\/2025\/03\/O1CN01JOYbrt2L5B3bbryhP_974269640-0-cib.jpg\" alt=\"\" width=\"1000\" height=\"1000\" srcset=\"https:\/\/www.cosmepak.com\/wp-content\/uploads\/2025\/03\/O1CN01JOYbrt2L5B3bbryhP_974269640-0-cib.jpg 1000w, https:\/\/www.cosmepak.com\/wp-content\/uploads\/2025\/03\/O1CN01JOYbrt2L5B3bbryhP_974269640-0-cib-300x300.jpg 300w, https:\/\/www.cosmepak.com\/wp-content\/uploads\/2025\/03\/O1CN01JOYbrt2L5B3bbryhP_974269640-0-cib-150x150.jpg 150w, https:\/\/www.cosmepak.com\/wp-content\/uploads\/2025\/03\/O1CN01JOYbrt2L5B3bbryhP_974269640-0-cib-768x768.jpg 768w, https:\/\/www.cosmepak.com\/wp-content\/uploads\/2025\/03\/O1CN01JOYbrt2L5B3bbryhP_974269640-0-cib-12x12.jpg 12w, https:\/\/www.cosmepak.com\/wp-content\/uploads\/2025\/03\/O1CN01JOYbrt2L5B3bbryhP_974269640-0-cib-600x600.jpg 600w, https:\/\/www.cosmepak.com\/wp-content\/uploads\/2025\/03\/O1CN01JOYbrt2L5B3bbryhP_974269640-0-cib-100x100.jpg 100w\" sizes=\"(max-width: 1000px) 100vw, 1000px\" \/><\/td>\n<\/tr>\n<\/tbody>\n<\/table>\n<table style=\"border-collapse: collapse; width: 100%;\">\n<tbody>\n<tr>\n<td style=\"width: 50%;\"><img loading=\"lazy\" decoding=\"async\" class=\"alignnone size-full wp-image-3911\" src=\"https:\/\/www.cosmepak.com\/wp-content\/uploads\/2025\/03\/O1CN01aLsUSx2L5B3f5VUP1_974269640-0-cib-1.jpg\" alt=\"\" width=\"1000\" height=\"1000\" srcset=\"https:\/\/www.cosmepak.com\/wp-content\/uploads\/2025\/03\/O1CN01aLsUSx2L5B3f5VUP1_974269640-0-cib-1.jpg 1000w, https:\/\/www.cosmepak.com\/wp-content\/uploads\/2025\/03\/O1CN01aLsUSx2L5B3f5VUP1_974269640-0-cib-1-300x300.jpg 300w, https:\/\/www.cosmepak.com\/wp-content\/uploads\/2025\/03\/O1CN01aLsUSx2L5B3f5VUP1_974269640-0-cib-1-150x150.jpg 150w, https:\/\/www.cosmepak.com\/wp-content\/uploads\/2025\/03\/O1CN01aLsUSx2L5B3f5VUP1_974269640-0-cib-1-768x768.jpg 768w, https:\/\/www.cosmepak.com\/wp-content\/uploads\/2025\/03\/O1CN01aLsUSx2L5B3f5VUP1_974269640-0-cib-1-12x12.jpg 12w, https:\/\/www.cosmepak.com\/wp-content\/uploads\/2025\/03\/O1CN01aLsUSx2L5B3f5VUP1_974269640-0-cib-1-600x600.jpg 600w, https:\/\/www.cosmepak.com\/wp-content\/uploads\/2025\/03\/O1CN01aLsUSx2L5B3f5VUP1_974269640-0-cib-1-100x100.jpg 100w\" sizes=\"(max-width: 1000px) 100vw, 1000px\" \/><\/td>\n<td style=\"width: 50%;\"><img loading=\"lazy\" decoding=\"async\" class=\"alignnone size-full wp-image-3912\" src=\"https:\/\/www.cosmepak.com\/wp-content\/uploads\/2025\/03\/O1CN01INKihK2L5B3bwVZ1c_974269640-0-cib.jpg\" alt=\"\" width=\"800\" height=\"800\" srcset=\"https:\/\/www.cosmepak.com\/wp-content\/uploads\/2025\/03\/O1CN01INKihK2L5B3bwVZ1c_974269640-0-cib.jpg 800w, https:\/\/www.cosmepak.com\/wp-content\/uploads\/2025\/03\/O1CN01INKihK2L5B3bwVZ1c_974269640-0-cib-300x300.jpg 300w, https:\/\/www.cosmepak.com\/wp-content\/uploads\/2025\/03\/O1CN01INKihK2L5B3bwVZ1c_974269640-0-cib-150x150.jpg 150w, https:\/\/www.cosmepak.com\/wp-content\/uploads\/2025\/03\/O1CN01INKihK2L5B3bwVZ1c_974269640-0-cib-768x768.jpg 768w, https:\/\/www.cosmepak.com\/wp-content\/uploads\/2025\/03\/O1CN01INKihK2L5B3bwVZ1c_974269640-0-cib-12x12.jpg 12w, https:\/\/www.cosmepak.com\/wp-content\/uploads\/2025\/03\/O1CN01INKihK2L5B3bwVZ1c_974269640-0-cib-600x600.jpg 600w, https:\/\/www.cosmepak.com\/wp-content\/uploads\/2025\/03\/O1CN01INKihK2L5B3bwVZ1c_974269640-0-cib-100x100.jpg 100w\" sizes=\"(max-width: 800px) 100vw, 800px\" \/><\/td>\n<\/tr>\n<\/tbody>\n<\/table>","protected":false},"excerpt":{"rendered":"<p>Material de botella: vidrio<\/p>\n<p>Material de la tapa: PP<\/p>\n<p>Capacidad: 30 ml<\/p>\n<p>Bomba: bomba de loci\u00f3n<\/p>\n<p>Color: Personalizado (cualquier color Pantone avaliable)<\/p>\n<p>Acabado de superficie: impresi\u00f3n de pantalla, glaseado, estampado en caliente, gradiente de pulverizaci\u00f3n, acabado mate, etc.<\/p>\n<p>MOQ: 5000pcs;<\/p>\n<p>&nbsp;<\/p>","protected":false},"featured_media":1629,"comment_status":"closed","ping_status":"closed","template":"","meta":{"_acf_changed":false},"product_brand":[],"product_cat":[34],"product_tag":[],"class_list":{"0":"post-1628","1":"product","2":"type-product","3":"status-publish","4":"has-post-thumbnail","6":"product_cat-foundation-bottle","8":"first","9":"outofstock","10":"shipping-taxable","11":"product-type-simple"},"acf":[],"_links":{"self":[{"href":"https:\/\/www.cosmepak.com\/es\/wp-json\/wp\/v2\/product\/1628","targetHints":{"allow":["GET"]}}],"collection":[{"href":"https:\/\/www.cosmepak.com\/es\/wp-json\/wp\/v2\/product"}],"about":[{"href":"https:\/\/www.cosmepak.com\/es\/wp-json\/wp\/v2\/types\/product"}],"replies":[{"embeddable":true,"href":"https:\/\/www.cosmepak.com\/es\/wp-json\/wp\/v2\/comments?post=1628"}],"wp:featuredmedia":[{"embeddable":true,"href":"https:\/\/www.cosmepak.com\/es\/wp-json\/wp\/v2\/media\/1629"}],"wp:attachment":[{"href":"https:\/\/www.cosmepak.com\/es\/wp-json\/wp\/v2\/media?parent=1628"}],"wp:term":[{"taxonomy":"product_brand","embeddable":true,"href":"https:\/\/www.cosmepak.com\/es\/wp-json\/wp\/v2\/product_brand?post=1628"},{"taxonomy":"product_cat","embeddable":true,"href":"https:\/\/www.cosmepak.com\/es\/wp-json\/wp\/v2\/product_cat?post=1628"},{"taxonomy":"product_tag","embeddable":true,"href":"https:\/\/www.cosmepak.com\/es\/wp-json\/wp\/v2\/product_tag?post=1628"}],"curies":[{"name":"WP","href":"https:\/\/api.w.org\/{rel}","templated":true}]}}