{"id":1631,"date":"2025-03-31T13:18:09","date_gmt":"2025-03-31T05:18:09","guid":{"rendered":"https:\/\/www.cosmepak.com\/?post_type=product&#038;p=1631"},"modified":"2025-09-11T10:21:08","modified_gmt":"2025-09-11T02:21:08","slug":"50ml-pressure-pump-liquid-foundation-bottle-jaunce","status":"publish","type":"product","link":"https:\/\/www.cosmepak.com\/es\/product\/50ml-pressure-pump-liquid-foundation-bottle-jaunce\/","title":{"rendered":"Botella de la Fundaci\u00f3n Liquid Liquid de bomba de presi\u00f3n de 50 ml {{URL_PLECELDER_0}}"},"content":{"rendered":"<table style=\"border-collapse: collapse; width: 100%; height: 144px;\">\n<tbody>\n<tr style=\"height: 24px;\">\n<td style=\"width: 33.3333%; height: 144px;\" rowspan=\"6\"><img fetchpriority=\"high\" decoding=\"async\" class=\"alignnone size-full wp-image-1632\" src=\"https:\/\/www.cosmepak.com\/wp-content\/uploads\/2025\/03\/1-6.jpg\" alt=\"botella de fundaci\u00f3n\" width=\"1000\" height=\"1000\" srcset=\"https:\/\/www.cosmepak.com\/wp-content\/uploads\/2025\/03\/1-6.jpg 1000w, https:\/\/www.cosmepak.com\/wp-content\/uploads\/2025\/03\/1-6-300x300.jpg 300w, https:\/\/www.cosmepak.com\/wp-content\/uploads\/2025\/03\/1-6-150x150.jpg 150w, https:\/\/www.cosmepak.com\/wp-content\/uploads\/2025\/03\/1-6-768x768.jpg 768w, https:\/\/www.cosmepak.com\/wp-content\/uploads\/2025\/03\/1-6-600x600.jpg 600w, https:\/\/www.cosmepak.com\/wp-content\/uploads\/2025\/03\/1-6-100x100.jpg 100w\" sizes=\"(max-width: 1000px) 100vw, 1000px\" \/><\/td>\n<td style=\"width: 33.122%; height: 24px; text-align: center;\">Marca<\/td>\n<td style=\"width: 33.5446%; height: 24px; text-align: center;\">Jaunce<\/td>\n<\/tr>\n<tr style=\"height: 24px;\">\n<td style=\"width: 33.122%; height: 24px; text-align: center;\">Modelo<\/td>\n<td style=\"width: 33.5446%; height: 24px; text-align: center;\">JH-PHS180<\/td>\n<\/tr>\n<tr style=\"height: 24px;\">\n<td style=\"width: 33.122%; height: 24px; text-align: center;\">Capcidad<\/td>\n<td style=\"width: 33.5446%; height: 24px; text-align: center;\">50 ml<\/td>\n<\/tr>\n<tr style=\"height: 24px;\">\n<td style=\"width: 33.122%; height: 24px; text-align: center;\">Tama\u00f1o del cuello<\/td>\n<td style=\"width: 33.5446%; height: 24px; text-align: center;\">18 mm<\/td>\n<\/tr>\n<tr style=\"height: 24px;\">\n<td style=\"width: 33.122%; height: 24px; text-align: center;\">Bomba<\/td>\n<td style=\"width: 33.5446%; height: 24px; text-align: center;\">Bomba de loci\u00f3n<\/td>\n<\/tr>\n<tr style=\"height: 24px;\">\n<td style=\"width: 33.122%; height: 24px; text-align: center;\">Material<\/td>\n<td style=\"width: 33.5446%; height: 24px; text-align: center;\">Vaso<\/td>\n<\/tr>\n<\/tbody>\n<\/table>\n<p>30ml forma cuadrada OEM \/ ODM botella de fundaci\u00f3n de vidrio colorido, personalizaci\u00f3n aceptable.<\/p>\n<table style=\"border-collapse: collapse; width: 100%;\">\n<tbody>\n<tr style=\"height: 24px;\">\n<td style=\"width: 15.3036%; text-align: center; height: 24px;\"><strong>Capacidad<\/strong><\/td>\n<td style=\"width: 18.0526%; text-align: center; height: 24px;\"><strong>Altura del hombro<\/strong><\/td>\n<td style=\"width: 16.5637%; text-align: center; height: 24px;\"><strong>Altura total<\/strong><\/td>\n<td style=\"width: 17.4455%; text-align: center; height: 24px;\"><strong>Longitud inferior<\/strong><\/td>\n<td style=\"width: 12.6346%; text-align: center;\"><strong>Ancho<\/strong><\/td>\n<\/tr>\n<tr>\n<td style=\"width: 15.3036%; text-align: center;\">50 ml<\/td>\n<td style=\"width: 18.0526%; text-align: center;\">81 mm<\/td>\n<td style=\"width: 16.5637%; text-align: center;\">130 mm<\/td>\n<td style=\"width: 17.4455%; text-align: center;\">49.5mm<\/td>\n<td style=\"width: 12.6346%; text-align: center;\">29 mm<\/td>\n<\/tr>\n<\/tbody>\n<\/table>\n<p>Las botellas rectangulares de esquina redonda de vidrio de 50 ml son adecuadas para su uso en lociones de envasado, sueros, fundaci\u00f3n y otros productos similares.<\/p>\n<p>Nuestra empresa cuenta con un equipo profesional capaz de ofrecer servicios especializados de dise\u00f1o, garantizar productos de alta calidad y proporcionar un s\u00f3lido soporte pre y post-venta.<\/p>\n<p><img decoding=\"async\" class=\"alignnone wp-image-1633\" src=\"https:\/\/www.cosmepak.com\/wp-content\/uploads\/2025\/03\/O1CN01ezRup92L5AyHJ0g17_974269640-0-cib.jpg\" alt=\"botella de fundaci\u00f3n\" width=\"1380\" height=\"1968\" srcset=\"https:\/\/www.cosmepak.com\/wp-content\/uploads\/2025\/03\/O1CN01ezRup92L5AyHJ0g17_974269640-0-cib.jpg 1000w, https:\/\/www.cosmepak.com\/wp-content\/uploads\/2025\/03\/O1CN01ezRup92L5AyHJ0g17_974269640-0-cib-210x300.jpg 210w, https:\/\/www.cosmepak.com\/wp-content\/uploads\/2025\/03\/O1CN01ezRup92L5AyHJ0g17_974269640-0-cib-718x1024.jpg 718w, https:\/\/www.cosmepak.com\/wp-content\/uploads\/2025\/03\/O1CN01ezRup92L5AyHJ0g17_974269640-0-cib-768x1095.jpg 768w, https:\/\/www.cosmepak.com\/wp-content\/uploads\/2025\/03\/O1CN01ezRup92L5AyHJ0g17_974269640-0-cib-600x856.jpg 600w\" sizes=\"(max-width: 1380px) 100vw, 1380px\" \/><\/p>\n<p>Cuello de botella roscado claro<br \/>\nEl cuello de botella cuenta con rosca clara y precisa, lo que garantiza un sello firme y seguro. Esto evita cualquier fuga y mantiene la integridad del contenido.<\/p>\n<p>Botella de vidrio gruesa<br \/>\nEl fondo de la botella de vidrio se espesa para mayor estabilidad y durabilidad. Este dise\u00f1o proporciona una base s\u00f3lida y fiable, haciendo que la botella sea menos propensa a volcarse.<\/p>\n<p>Potente cabeza de bomba de loci\u00f3n<br \/>\nLa cabeza de la bomba de loci\u00f3n est\u00e1 dise\u00f1ada para una dispensaci\u00f3n f\u00e1cil y eficiente. Con cada prensa, la bomba proporciona un flujo fuerte y consistente del producto, lo que lo hace conveniente para el uso diario.<\/p>\n<p>Servicios de personalizaci\u00f3n<br \/>\nEste producto ofrece una variedad de servicios de personalizaci\u00f3n para satisfacer sus necesidades de marca:<\/p>\n<p>Serigraf\u00eda de seda<br \/>\nEstampado en caliente (oro\/plata)<br \/>\nRevestimiento<br \/>\nHelado<br \/>\nElectro Excripci\u00f3n<br \/>\nEtiquetado<br \/>\nMejore la est\u00e9tica y la funcionalidad de su producto con nuestras opciones de personalizaci\u00f3n premium.<\/p>\n<p><img decoding=\"async\" class=\"alignnone wp-image-1634\" src=\"https:\/\/www.cosmepak.com\/wp-content\/uploads\/2025\/03\/O1CN01w6nao02L5AyJI0pDU_974269640-0-cib.jpg\" alt=\"botella de fundaci\u00f3n\" width=\"1381\" height=\"1381\" srcset=\"https:\/\/www.cosmepak.com\/wp-content\/uploads\/2025\/03\/O1CN01w6nao02L5AyJI0pDU_974269640-0-cib.jpg 1000w, https:\/\/www.cosmepak.com\/wp-content\/uploads\/2025\/03\/O1CN01w6nao02L5AyJI0pDU_974269640-0-cib-300x300.jpg 300w, https:\/\/www.cosmepak.com\/wp-content\/uploads\/2025\/03\/O1CN01w6nao02L5AyJI0pDU_974269640-0-cib-150x150.jpg 150w, https:\/\/www.cosmepak.com\/wp-content\/uploads\/2025\/03\/O1CN01w6nao02L5AyJI0pDU_974269640-0-cib-768x768.jpg 768w, https:\/\/www.cosmepak.com\/wp-content\/uploads\/2025\/03\/O1CN01w6nao02L5AyJI0pDU_974269640-0-cib-600x600.jpg 600w, https:\/\/www.cosmepak.com\/wp-content\/uploads\/2025\/03\/O1CN01w6nao02L5AyJI0pDU_974269640-0-cib-100x100.jpg 100w\" sizes=\"(max-width: 1381px) 100vw, 1381px\" \/><\/p>\n<p><img loading=\"lazy\" decoding=\"async\" class=\"alignnone size-full wp-image-1347\" src=\"https:\/\/www.cosmepak.com\/wp-content\/uploads\/2024\/12\/\u9996\u987519202_03.jpg\" alt=\"exposici\u00f3n de f\u00e1brica\" width=\"1920\" height=\"885\" srcset=\"https:\/\/www.cosmepak.com\/wp-content\/uploads\/2024\/12\/\u9996\u987519202_03.jpg 1920w, https:\/\/www.cosmepak.com\/wp-content\/uploads\/2024\/12\/\u9996\u987519202_03-300x138.jpg 300w, https:\/\/www.cosmepak.com\/wp-content\/uploads\/2024\/12\/\u9996\u987519202_03-1024x472.jpg 1024w, https:\/\/www.cosmepak.com\/wp-content\/uploads\/2024\/12\/\u9996\u987519202_03-768x354.jpg 768w, https:\/\/www.cosmepak.com\/wp-content\/uploads\/2024\/12\/\u9996\u987519202_03-1536x708.jpg 1536w, https:\/\/www.cosmepak.com\/wp-content\/uploads\/2024\/12\/\u9996\u987519202_03-600x277.jpg 600w\" sizes=\"(max-width: 1920px) 100vw, 1920px\" \/><\/p>\n<p>Una clara divisi\u00f3n del trabajo es crucial para el buen funcionamiento de cualquier organizaci\u00f3n. No solo mejora la eficiencia y la rendici\u00f3n de cuentas, sino que tambi\u00e9n garantiza que cada etapa del proceso se ejecute con los m\u00e1s altos est\u00e1ndares. Al controlar estrictamente cada fase, las organizaciones pueden lograr mejores resultados y mantener una ventaja competitiva.<\/p>\n<p><img loading=\"lazy\" decoding=\"async\" class=\"alignnone size-full wp-image-1348\" src=\"https:\/\/www.cosmepak.com\/wp-content\/uploads\/2024\/12\/\u9996\u987519202_04.jpg\" alt=\"\" width=\"1920\" height=\"694\" srcset=\"https:\/\/www.cosmepak.com\/wp-content\/uploads\/2024\/12\/\u9996\u987519202_04.jpg 1920w, https:\/\/www.cosmepak.com\/wp-content\/uploads\/2024\/12\/\u9996\u987519202_04-300x108.jpg 300w, https:\/\/www.cosmepak.com\/wp-content\/uploads\/2024\/12\/\u9996\u987519202_04-1024x370.jpg 1024w, https:\/\/www.cosmepak.com\/wp-content\/uploads\/2024\/12\/\u9996\u987519202_04-768x278.jpg 768w, https:\/\/www.cosmepak.com\/wp-content\/uploads\/2024\/12\/\u9996\u987519202_04-1536x555.jpg 1536w, https:\/\/www.cosmepak.com\/wp-content\/uploads\/2024\/12\/\u9996\u987519202_04-600x217.jpg 600w\" sizes=\"(max-width: 1920px) 100vw, 1920px\" \/><img loading=\"lazy\" decoding=\"async\" class=\"alignnone size-full wp-image-1350\" src=\"https:\/\/www.cosmepak.com\/wp-content\/uploads\/2024\/12\/\u9996\u987519202_05-1.jpg\" alt=\"\" width=\"1920\" height=\"970\" srcset=\"https:\/\/www.cosmepak.com\/wp-content\/uploads\/2024\/12\/\u9996\u987519202_05-1.jpg 1920w, https:\/\/www.cosmepak.com\/wp-content\/uploads\/2024\/12\/\u9996\u987519202_05-1-300x152.jpg 300w, https:\/\/www.cosmepak.com\/wp-content\/uploads\/2024\/12\/\u9996\u987519202_05-1-1024x517.jpg 1024w, https:\/\/www.cosmepak.com\/wp-content\/uploads\/2024\/12\/\u9996\u987519202_05-1-768x388.jpg 768w, https:\/\/www.cosmepak.com\/wp-content\/uploads\/2024\/12\/\u9996\u987519202_05-1-1536x776.jpg 1536w, https:\/\/www.cosmepak.com\/wp-content\/uploads\/2024\/12\/\u9996\u987519202_05-1-600x303.jpg 600w\" sizes=\"(max-width: 1920px) 100vw, 1920px\" \/><\/p>\n<p>Nuestra empresa participa en exposiciones internacionales de belleza cada a\u00f1o para mantenerse al d\u00eda con las \u00faltimas tendencias de la industria. Al desarrollar continuamente nuevos productos, nos esforzamos por proporcionar mejores productos para nuestros clientes.<\/p>\n<p><img loading=\"lazy\" decoding=\"async\" class=\"alignnone wp-image-1351\" src=\"https:\/\/www.cosmepak.com\/wp-content\/uploads\/2024\/12\/\u7269\u6d41\u8fd0\u8f93\u753b\u9762-2.jpg\" alt=\"\" width=\"1385\" height=\"1039\" srcset=\"https:\/\/www.cosmepak.com\/wp-content\/uploads\/2024\/12\/\u7269\u6d41\u8fd0\u8f93\u753b\u9762-2.jpg 800w, https:\/\/www.cosmepak.com\/wp-content\/uploads\/2024\/12\/\u7269\u6d41\u8fd0\u8f93\u753b\u9762-2-300x225.jpg 300w, https:\/\/www.cosmepak.com\/wp-content\/uploads\/2024\/12\/\u7269\u6d41\u8fd0\u8f93\u753b\u9762-2-768x576.jpg 768w, https:\/\/www.cosmepak.com\/wp-content\/uploads\/2024\/12\/\u7269\u6d41\u8fd0\u8f93\u753b\u9762-2-600x450.jpg 600w\" sizes=\"(max-width: 1385px) 100vw, 1385px\" \/><\/p>\n<table style=\"border-collapse: collapse; width: 100%;\">\n<tbody>\n<tr>\n<td style=\"width: 33.3333%; text-align: center;\"><strong>Expresar<\/strong><\/td>\n<td style=\"width: 33.3333%; text-align: center;\"><strong>Flete a\u00e9reo<\/strong><\/td>\n<td style=\"width: 33.3333%; text-align: center;\"><strong>Transporte mar\u00edtimo<\/strong><\/td>\n<\/tr>\n<tr>\n<td style=\"width: 33.3333%; text-align: center;\">Europ 4-6day<\/p>\n<p>Am\u00e9rica del Norte 4-6day<\/p>\n<p>Sudeste de Asia 3-5 d\u00edas<\/p>\n<p>El Medio Oriente 4-6day<\/p>\n<p>Sud\u00e1frica 5-8 d\u00edas<\/td>\n<td style=\"width: 33.3333%; text-align: center;\">Europ 4-6day<\/p>\n<p>Am\u00e9rica del Norte 4-6day<\/p>\n<p>Sudeste de Asia 3-5 d\u00edas<\/p>\n<p>El Medio Oriente 4-6day<\/p>\n<p>Sud\u00e1frica 5-8 d\u00edas<\/td>\n<td style=\"width: 33.3333%; text-align: center;\">Europ 25-35day<\/p>\n<p>Am\u00e9rica del Norte 25-35 d\u00edas<\/p>\n<p>Sudeste de Asia 25-35 d\u00edas<\/p>\n<p>El Medio Oriente 25-35 d\u00edas<\/p>\n<p>Sud\u00e1frica 25-35 d\u00edas<\/td>\n<\/tr>\n<\/tbody>\n<\/table>\n<p><span style=\"font-size: 14pt;\"><strong>Preguntas frecuentes:<\/strong><\/span><\/p>\n<p>1. \u00bfPor qu\u00e9 no deber\u00edas comprarnos no de otros proveedores?<br \/>\n\u2460 3 minutos dise\u00f1ados para usted.<br \/>\n\u2461 Servicio en l\u00ednea de 24 horas.<br \/>\n\u2462 Muestras de stock de 7 d\u00edas\/ 15 d\u00edas con impresi\u00f3n personalizada.<br \/>\n\u2463 Tiempo de entrega de 35 d\u00edas.<br \/>\n\u2464 M\u00e1s de 10 a\u00f1os de f\u00e1brica de embalaje cosm\u00e9tico profesional.<br \/>\n\u2465 Outlets de f\u00e1brica, el mejor precio y el mejor servicio.<br \/>\n\u2466 Soluci\u00f3n de una estaci\u00f3n para envases cosm\u00e9ticos.<br \/>\n2. \u00bfC\u00f3mo podemos garantizar la calidad?<br \/>\nSiempre una muestra de preproducci\u00f3n antes de la producci\u00f3n en masa;<br \/>\n3. \u00bfQu\u00e9 puede comprar de nosotros?<br \/>\nbotellas de vidrio, botellas de pl\u00e1stico \/ tarros \/ tub\u00e9rculos, botellas de aluminio \/ tarros \/ tubos, etc. material de embalaje cosm\u00e9tico.<br \/>\n4. \u00bfQui\u00e9nes somos?<br \/>\nWe are based in Zhejiang, China, start from 2014,sell to Domestic Market(70.00%),Oceania(8.00%),Mid East(7.00%), Eastern Asia(2.00%),North America(2.00%),Western Europe(2.00%),Southeast Asia(2.00%),South Asia(1.00%),South America(1.00%),Southern Europe(1.00%),Central America(1.00%),Northern<br \/>\n5. \u00bfQu\u00e9 servicios podemos ofrecer?<br \/>\nT\u00e9rminos de entrega aceptados: FOB, CFR, CIF;<\/p>\n<div>Moneda de pago aceptada: USD, EUR, HKD, CNY;<\/div>\n<div>Tipo de pago aceptado: T \/ T, L \/ C, D \/ P D \/ A;<br \/>\nIdioma hablado: ingl\u00e9s, chino<\/div>\n<p>&nbsp;<\/p>","protected":false},"excerpt":{"rendered":"<p>Material de botella: vidrio<\/p>\n<p>Material de la tapa: PP<\/p>\n<p>Capacidad: 50 ml<\/p>\n<p>Bomba: bomba de loci\u00f3n<\/p>\n<p>Color: Personalizado (cualquier color Pantone avaliable)<\/p>\n<p>Acabado de superficie: impresi\u00f3n de pantalla, glaseado, estampado en caliente, gradiente de pulverizaci\u00f3n, acabado mate, etc.<\/p>\n<p>MOQ: 5000pcs;<\/p>\n<p>&nbsp;<\/p>","protected":false},"featured_media":1632,"comment_status":"closed","ping_status":"closed","template":"","meta":{"_acf_changed":false},"product_brand":[],"product_cat":[45],"product_tag":[],"class_list":{"0":"post-1631","1":"product","2":"type-product","3":"status-publish","4":"has-post-thumbnail","6":"product_cat-serum-pump-bottle","8":"first","9":"outofstock","10":"shipping-taxable","11":"product-type-simple"},"acf":[],"_links":{"self":[{"href":"https:\/\/www.cosmepak.com\/es\/wp-json\/wp\/v2\/product\/1631","targetHints":{"allow":["GET"]}}],"collection":[{"href":"https:\/\/www.cosmepak.com\/es\/wp-json\/wp\/v2\/product"}],"about":[{"href":"https:\/\/www.cosmepak.com\/es\/wp-json\/wp\/v2\/types\/product"}],"replies":[{"embeddable":true,"href":"https:\/\/www.cosmepak.com\/es\/wp-json\/wp\/v2\/comments?post=1631"}],"wp:featuredmedia":[{"embeddable":true,"href":"https:\/\/www.cosmepak.com\/es\/wp-json\/wp\/v2\/media\/1632"}],"wp:attachment":[{"href":"https:\/\/www.cosmepak.com\/es\/wp-json\/wp\/v2\/media?parent=1631"}],"wp:term":[{"taxonomy":"product_brand","embeddable":true,"href":"https:\/\/www.cosmepak.com\/es\/wp-json\/wp\/v2\/product_brand?post=1631"},{"taxonomy":"product_cat","embeddable":true,"href":"https:\/\/www.cosmepak.com\/es\/wp-json\/wp\/v2\/product_cat?post=1631"},{"taxonomy":"product_tag","embeddable":true,"href":"https:\/\/www.cosmepak.com\/es\/wp-json\/wp\/v2\/product_tag?post=1631"}],"curies":[{"name":"WP","href":"https:\/\/api.w.org\/{rel}","templated":true}]}}