{"id":1662,"date":"2025-04-01T10:19:41","date_gmt":"2025-04-01T02:19:41","guid":{"rendered":"https:\/\/www.cosmepak.com\/?post_type=product&#038;p=1662"},"modified":"2026-01-05T14:53:35","modified_gmt":"2026-01-05T06:53:35","slug":"100ml-face-clean-cream-tube-jaunce","status":"publish","type":"product","link":"https:\/\/www.cosmepak.com\/es\/product\/100ml-face-clean-cream-tube-jaunce\/","title":{"rendered":"100ml cara limpia crema tubo\/Jaunce"},"content":{"rendered":"<table style=\"border-collapse: collapse; width: 100%; height: 144px;\">\n<tbody>\n<tr style=\"height: 24px;\">\n<td style=\"width: 33.3333%; height: 144px;\" rowspan=\"6\"><img fetchpriority=\"high\" decoding=\"async\" class=\"alignnone size-full wp-image-1661\" src=\"https:\/\/www.cosmepak.com\/wp-content\/uploads\/2025\/04\/1.jpg\" alt=\"botella de pl\u00e1stico\" width=\"1000\" height=\"1000\" srcset=\"https:\/\/www.cosmepak.com\/wp-content\/uploads\/2025\/04\/1.jpg 1000w, https:\/\/www.cosmepak.com\/wp-content\/uploads\/2025\/04\/1-300x300.jpg 300w, https:\/\/www.cosmepak.com\/wp-content\/uploads\/2025\/04\/1-150x150.jpg 150w, https:\/\/www.cosmepak.com\/wp-content\/uploads\/2025\/04\/1-768x768.jpg 768w, https:\/\/www.cosmepak.com\/wp-content\/uploads\/2025\/04\/1-600x600.jpg 600w, https:\/\/www.cosmepak.com\/wp-content\/uploads\/2025\/04\/1-100x100.jpg 100w\" sizes=\"(max-width: 1000px) 100vw, 1000px\" \/><\/td>\n<td style=\"width: 33.122%; height: 24px; text-align: center;\">Marca<\/td>\n<td style=\"width: 33.5446%; height: 24px; text-align: center;\">Jaunce<\/td>\n<\/tr>\n<tr style=\"height: 24px;\">\n<td style=\"width: 33.122%; height: 24px; text-align: center;\">Modelo<\/td>\n<td style=\"width: 33.5446%; height: 24px; text-align: center;\">Jh-lwmj20<\/td>\n<\/tr>\n<tr style=\"height: 24px;\">\n<td style=\"width: 33.122%; height: 24px; text-align: center;\">Capcidad<\/td>\n<td style=\"width: 33.5446%; height: 24px; text-align: center;\">30ml \/ 60ml \/ 100ml<\/td>\n<\/tr>\n<tr style=\"height: 24px;\">\n<td style=\"width: 33.122%; height: 24px; text-align: center;\">Color<\/td>\n<td style=\"width: 33.5446%; height: 24px; text-align: center;\">Blanco<\/td>\n<\/tr>\n<tr style=\"height: 24px;\">\n<td style=\"width: 33.122%; height: 24px; text-align: center;\">Tapa<\/td>\n<td style=\"width: 33.5446%; height: 24px; text-align: center;\">PP Flip Cap<\/td>\n<\/tr>\n<tr style=\"height: 24px;\">\n<td style=\"width: 33.122%; height: 24px; text-align: center;\">Material de tubo<\/td>\n<td style=\"width: 33.5446%; height: 24px; text-align: center;\">Orina<\/td>\n<\/tr>\n<\/tbody>\n<\/table>\n<p>Este tubo suave cosm\u00e9tico PE est\u00e1 dise\u00f1ado para un uso c\u00f3modo de viaje. El dise\u00f1o de la tapa flip asegura una dispensaci\u00f3n f\u00e1cil y evita fugas. Ideal para almacenar y dispensar lavado facial, loci\u00f3n, champ\u00fa y otros productos l\u00edquidos o semil\u00edquidos. El tama\u00f1o compacto lo hace perfecto para viajes, gimnasio o uso diario.<\/p>\n<table style=\"border-collapse: collapse; width: 100%;\">\n<tbody>\n<tr style=\"height: 24px;\">\n<td style=\"width: 10.349%; text-align: center; height: 24px;\"><strong>Capacidad<\/strong><\/td>\n<td style=\"width: 10.7582%; text-align: center; height: 24px;\"><strong>Altura total<\/strong><\/td>\n<td style=\"width: 12.509%; text-align: center; height: 24px;\"><strong>Altura de la botella<\/strong><\/td>\n<td style=\"width: 11.4908%; text-align: center; height: 24px;\"><strong>Altura imprimible<\/strong><\/td>\n<td style=\"width: 10.7503%; text-align: center;\"><strong>Di\u00e1metro de la bomba<\/strong><\/td>\n<td style=\"width: 9.21676%; text-align: center;\"><strong>Peso<\/strong><\/td>\n<\/tr>\n<tr style=\"height: 24px;\">\n<td style=\"width: 10.349%; text-align: center; height: 24px;\">30 ml<\/td>\n<td style=\"width: 10.7582%; text-align: center; height: 24px;\">81 mm<\/td>\n<td style=\"width: 12.509%; text-align: center; height: 24px;\">71 mm<\/td>\n<td style=\"width: 11.4908%; text-align: center; height: 24px;\">52 mm<\/td>\n<td style=\"width: 10.7503%; text-align: center;\">32.5mm<\/td>\n<td style=\"width: 9.21676%; text-align: center;\">12G<\/td>\n<\/tr>\n<tr>\n<td style=\"width: 10.349%; text-align: center;\">60 ml<\/td>\n<td style=\"width: 10.7582%; text-align: center;\">114 mm<\/td>\n<td style=\"width: 12.509%; text-align: center;\">104 mm<\/td>\n<td style=\"width: 11.4908%; text-align: center;\">82 mm<\/td>\n<td style=\"width: 10.7503%; text-align: center;\">32.5mm<\/td>\n<td style=\"width: 9.21676%; text-align: center;\">15g<\/td>\n<\/tr>\n<tr>\n<td style=\"width: 10.349%; text-align: center;\">100 ml<\/td>\n<td style=\"width: 10.7582%; text-align: center;\">138 mm<\/td>\n<td style=\"width: 12.509%; text-align: center;\">126 mm<\/td>\n<td style=\"width: 11.4908%; text-align: center;\">97 mm<\/td>\n<td style=\"width: 10.7503%; text-align: center;\">37 mm<\/td>\n<td style=\"width: 9.21676%; text-align: center;\">22G<\/td>\n<\/tr>\n<\/tbody>\n<\/table>\n<p><img decoding=\"async\" class=\"alignnone wp-image-1655\" src=\"https:\/\/www.cosmepak.com\/wp-content\/uploads\/2025\/03\/10-4.jpg\" alt=\"\" width=\"1376\" height=\"1376\" srcset=\"https:\/\/www.cosmepak.com\/wp-content\/uploads\/2025\/03\/10-4.jpg 1000w, https:\/\/www.cosmepak.com\/wp-content\/uploads\/2025\/03\/10-4-300x300.jpg 300w, https:\/\/www.cosmepak.com\/wp-content\/uploads\/2025\/03\/10-4-150x150.jpg 150w, https:\/\/www.cosmepak.com\/wp-content\/uploads\/2025\/03\/10-4-768x768.jpg 768w, https:\/\/www.cosmepak.com\/wp-content\/uploads\/2025\/03\/10-4-600x600.jpg 600w, https:\/\/www.cosmepak.com\/wp-content\/uploads\/2025\/03\/10-4-100x100.jpg 100w\" sizes=\"(max-width: 1376px) 100vw, 1376px\" \/><\/p>\n<p>Dise\u00f1o a prueba de fugas garantiza que no se derramen en su bolsa<br \/>\nReutilizable y f\u00e1cil de limpiar<br \/>\nTama\u00f1o conforme a TSA para equipaje de mano<br \/>\nUso vers\u00e1til para varios productos de cuidado personal<\/p>\n<p><img decoding=\"async\" class=\"alignnone wp-image-1651\" src=\"https:\/\/www.cosmepak.com\/wp-content\/uploads\/2025\/03\/7-2.jpg\" alt=\"tubo de pl\u00e1stico\" width=\"1387\" height=\"1387\" srcset=\"https:\/\/www.cosmepak.com\/wp-content\/uploads\/2025\/03\/7-2.jpg 1000w, https:\/\/www.cosmepak.com\/wp-content\/uploads\/2025\/03\/7-2-300x300.jpg 300w, https:\/\/www.cosmepak.com\/wp-content\/uploads\/2025\/03\/7-2-150x150.jpg 150w, https:\/\/www.cosmepak.com\/wp-content\/uploads\/2025\/03\/7-2-768x768.jpg 768w, https:\/\/www.cosmepak.com\/wp-content\/uploads\/2025\/03\/7-2-600x600.jpg 600w, https:\/\/www.cosmepak.com\/wp-content\/uploads\/2025\/03\/7-2-100x100.jpg 100w\" sizes=\"(max-width: 1387px) 100vw, 1387px\" \/>\u00a0<img loading=\"lazy\" decoding=\"async\" class=\"alignnone wp-image-1653\" src=\"https:\/\/www.cosmepak.com\/wp-content\/uploads\/2025\/03\/10-3.jpg\" alt=\"\" width=\"669\" height=\"669\" srcset=\"https:\/\/www.cosmepak.com\/wp-content\/uploads\/2025\/03\/10-3.jpg 1000w, https:\/\/www.cosmepak.com\/wp-content\/uploads\/2025\/03\/10-3-300x300.jpg 300w, https:\/\/www.cosmepak.com\/wp-content\/uploads\/2025\/03\/10-3-150x150.jpg 150w, https:\/\/www.cosmepak.com\/wp-content\/uploads\/2025\/03\/10-3-768x768.jpg 768w, https:\/\/www.cosmepak.com\/wp-content\/uploads\/2025\/03\/10-3-600x600.jpg 600w, https:\/\/www.cosmepak.com\/wp-content\/uploads\/2025\/03\/10-3-100x100.jpg 100w\" sizes=\"(max-width: 669px) 100vw, 669px\" \/>\u00a0<img loading=\"lazy\" decoding=\"async\" class=\"alignnone wp-image-1654\" src=\"https:\/\/www.cosmepak.com\/wp-content\/uploads\/2025\/03\/13195695861_624076099.jpg\" alt=\"\" width=\"668\" height=\"668\" srcset=\"https:\/\/www.cosmepak.com\/wp-content\/uploads\/2025\/03\/13195695861_624076099.jpg 1000w, https:\/\/www.cosmepak.com\/wp-content\/uploads\/2025\/03\/13195695861_624076099-300x300.jpg 300w, https:\/\/www.cosmepak.com\/wp-content\/uploads\/2025\/03\/13195695861_624076099-150x150.jpg 150w, https:\/\/www.cosmepak.com\/wp-content\/uploads\/2025\/03\/13195695861_624076099-768x768.jpg 768w, https:\/\/www.cosmepak.com\/wp-content\/uploads\/2025\/03\/13195695861_624076099-600x600.jpg 600w, https:\/\/www.cosmepak.com\/wp-content\/uploads\/2025\/03\/13195695861_624076099-100x100.jpg 100w\" sizes=\"(max-width: 668px) 100vw, 668px\" \/><\/p>\n<ul class=\"ai-center-markdown-ul\">\n<li class=\"ai-center-markdown-li\"><strong class=\"ai-center-markdown-strong\">Material:<\/strong>\u00a0PE de alta calidad (polietileno)<\/li>\n<li class=\"ai-center-markdown-li\"><strong class=\"ai-center-markdown-strong\">Dise\u00f1o:<\/strong>\u00a0Tap\u00f3n de vuelta para una dispensaci\u00f3n f\u00e1cil y controlada<\/li>\n<li class=\"ai-center-markdown-li\"><strong class=\"ai-center-markdown-strong\">Uso:<\/strong>\u00a0Adecuado para lavado facial, loci\u00f3n, champ\u00fa y otros productos l\u00edquidos o semil\u00edquidos<\/li>\n<li class=\"ai-center-markdown-li\"><strong class=\"ai-center-markdown-strong\">Portabilidad:<\/strong>\u00a0Compacto y ligero, perfecto para viajes y uso en movimiento<\/li>\n<li class=\"ai-center-markdown-li\" data-spm-anchor-id=\"a2747.product_manager.0.i33.726371d2Z87E7X\"><strong class=\"ai-center-markdown-strong\">Capacidad:<\/strong>\u00a0Disponible en varios tama\u00f1os para satisfacer diferentes necesidades<\/li>\n<\/ul>\n<p>&nbsp;<\/p>\n<p>&nbsp;<\/p>","protected":false},"excerpt":{"rendered":"<p>Material del tubo: material de educaci\u00f3n f\u00edsica<\/p>\n<p>Material de la tapa: material PP<\/p>\n<p>Capacidad: 100 ml<\/p>\n<p>Tipo de tapa: Capleja<\/p>\n<p>Color: Personalizado (cualquier color Pantone avaliable)<\/p>\n<p>Acabado de superficie: impresi\u00f3n de pantalla, glaseado, estampado en caliente, gradiente de pulverizaci\u00f3n, acabado mate, etc.<\/p>\n<p>MOQ: 5000pcs;<\/p>\n<p>&nbsp;<\/p>","protected":false},"featured_media":1663,"comment_status":"closed","ping_status":"closed","template":"","meta":{"_acf_changed":false},"product_brand":[],"product_cat":[20],"product_tag":[],"class_list":{"0":"post-1662","1":"product","2":"type-product","3":"status-publish","4":"has-post-thumbnail","6":"product_cat-plastic-tube","8":"first","9":"outofstock","10":"shipping-taxable","11":"product-type-simple"},"acf":[],"_links":{"self":[{"href":"https:\/\/www.cosmepak.com\/es\/wp-json\/wp\/v2\/product\/1662","targetHints":{"allow":["GET"]}}],"collection":[{"href":"https:\/\/www.cosmepak.com\/es\/wp-json\/wp\/v2\/product"}],"about":[{"href":"https:\/\/www.cosmepak.com\/es\/wp-json\/wp\/v2\/types\/product"}],"replies":[{"embeddable":true,"href":"https:\/\/www.cosmepak.com\/es\/wp-json\/wp\/v2\/comments?post=1662"}],"wp:featuredmedia":[{"embeddable":true,"href":"https:\/\/www.cosmepak.com\/es\/wp-json\/wp\/v2\/media\/1663"}],"wp:attachment":[{"href":"https:\/\/www.cosmepak.com\/es\/wp-json\/wp\/v2\/media?parent=1662"}],"wp:term":[{"taxonomy":"product_brand","embeddable":true,"href":"https:\/\/www.cosmepak.com\/es\/wp-json\/wp\/v2\/product_brand?post=1662"},{"taxonomy":"product_cat","embeddable":true,"href":"https:\/\/www.cosmepak.com\/es\/wp-json\/wp\/v2\/product_cat?post=1662"},{"taxonomy":"product_tag","embeddable":true,"href":"https:\/\/www.cosmepak.com\/es\/wp-json\/wp\/v2\/product_tag?post=1662"}],"curies":[{"name":"WP","href":"https:\/\/api.w.org\/{rel}","templated":true}]}}