{"id":1664,"date":"2025-04-01T10:27:31","date_gmt":"2025-04-01T02:27:31","guid":{"rendered":"https:\/\/www.cosmepak.com\/?post_type=product&#038;p=1664"},"modified":"2025-11-07T17:04:04","modified_gmt":"2025-11-07T09:04:04","slug":"15g-pp-plastic-tube-jaunce","status":"publish","type":"product","link":"https:\/\/www.cosmepak.com\/es\/product\/15g-pp-plastic-tube-jaunce\/","title":{"rendered":"15g PP tubo de pl\u00e1stico \/ Jaunce"},"content":{"rendered":"<table style=\"border-collapse: collapse; width: 100%; height: 144px;\">\n<tbody>\n<tr style=\"height: 24px;\">\n<td style=\"width: 33.3333%; height: 144px;\" rowspan=\"6\"><img fetchpriority=\"high\" decoding=\"async\" class=\"alignnone size-full wp-image-1665\" src=\"https:\/\/www.cosmepak.com\/wp-content\/uploads\/2025\/04\/7.jpg\" alt=\"Tubo de PP\" width=\"1000\" height=\"1000\" srcset=\"https:\/\/www.cosmepak.com\/wp-content\/uploads\/2025\/04\/7.jpg 1000w, https:\/\/www.cosmepak.com\/wp-content\/uploads\/2025\/04\/7-300x300.jpg 300w, https:\/\/www.cosmepak.com\/wp-content\/uploads\/2025\/04\/7-150x150.jpg 150w, https:\/\/www.cosmepak.com\/wp-content\/uploads\/2025\/04\/7-768x768.jpg 768w, https:\/\/www.cosmepak.com\/wp-content\/uploads\/2025\/04\/7-600x600.jpg 600w, https:\/\/www.cosmepak.com\/wp-content\/uploads\/2025\/04\/7-100x100.jpg 100w\" sizes=\"(max-width: 1000px) 100vw, 1000px\" \/><\/td>\n<td style=\"width: 33.122%; height: 24px; text-align: center;\">Marca<\/td>\n<td style=\"width: 33.5446%; height: 24px; text-align: center;\">Jaunce<\/td>\n<\/tr>\n<tr style=\"height: 24px;\">\n<td style=\"width: 33.122%; height: 24px; text-align: center;\">Modelo<\/td>\n<td style=\"width: 33.5446%; height: 24px; text-align: center;\">Jh-lwrg02<\/td>\n<\/tr>\n<tr style=\"height: 24px;\">\n<td style=\"width: 33.122%; height: 24px; text-align: center;\">Capcidad<\/td>\n<td style=\"width: 33.5446%; height: 24px; text-align: center;\">15g<\/td>\n<\/tr>\n<tr style=\"height: 24px;\">\n<td style=\"width: 33.122%; height: 24px; text-align: center;\">Color<\/td>\n<td style=\"width: 33.5446%; height: 24px; text-align: center;\">Transparente<\/td>\n<\/tr>\n<tr style=\"height: 24px;\">\n<td style=\"width: 33.122%; height: 24px; text-align: center;\">Tapa<\/td>\n<td style=\"width: 33.5446%; height: 24px; text-align: center;\">PP Flip Cap<\/td>\n<\/tr>\n<tr style=\"height: 24px;\">\n<td style=\"width: 33.122%; height: 24px; text-align: center;\">Material de tubo<\/td>\n<td style=\"width: 33.5446%; height: 24px; text-align: center;\">P\u00c1GINAS<\/td>\n<\/tr>\n<\/tbody>\n<\/table>\n<table style=\"border-collapse: collapse; width: 100%;\">\n<tbody>\n<tr style=\"height: 24px;\">\n<td style=\"width: 10.349%; text-align: center; height: 24px;\"><strong>Capacidad<\/strong><\/td>\n<td style=\"width: 10.7582%; text-align: center; height: 24px;\"><strong>Altura total<\/strong><\/td>\n<td style=\"width: 12.509%; text-align: center; height: 24px;\"><strong>Altura de la botella<\/strong><\/td>\n<td style=\"width: 11.4908%; text-align: center; height: 24px;\"><strong>Altura imprimible<\/strong><\/td>\n<td style=\"width: 10.7503%; text-align: center;\"><strong>Di\u00e1metro inferior<\/strong><\/td>\n<td style=\"width: 9.21676%; text-align: center;\"><strong>Peso<\/strong><\/td>\n<\/tr>\n<tr style=\"height: 24px;\">\n<td style=\"width: 10.349%; text-align: center; height: 24px;\">15g<\/td>\n<td style=\"width: 10.7582%; text-align: center; height: 24px;\">85 mm<\/td>\n<td style=\"width: 12.509%; text-align: center; height: 24px;\">79 mm<\/td>\n<td style=\"width: 11.4908%; text-align: center; height: 24px;\">58.8mm<\/td>\n<td style=\"width: 10.7503%; text-align: center;\">23.9mm<\/td>\n<td style=\"width: 9.21676%; text-align: center;\">4.8g<\/td>\n<\/tr>\n<\/tbody>\n<\/table>\n<p>La botella dispensadora port\u00e1til de 15 ml destaca por su dise\u00f1o ultradelgado. t pesa solo 4,8 g, y con una altura total de 85 mm y un di\u00e1metro de tubo de 23,9 mm. Ya sea que se lleve en un bolsillo, se coloque en una bolsa de maquillaje o se use para dispensar muestras, es f\u00e1cil y demuestra completamente su conveniencia. El dise\u00f1o transparente de la botella hace que sea m\u00e1s f\u00e1cil comprobar visualmente la cantidad restante dentro. Los escenarios de uso son diversos.<\/p>\n<p>En t\u00e9rminos de personalizaci\u00f3n y presentaci\u00f3n de apariencia, el producto tiene un abundante potencial de personalizaci\u00f3n: los tubos se pueden personalizar con color de inyecci\u00f3n y se pueden combinar con colores exclusivos de acuerdo con el estilo de la marca o los requisitos de uso; El cuerpo del tubo soporta tecnolog\u00eda de serigraf\u00eda, con un rango de impresi\u00f3n de hasta 58,8 mm. Ya sea el logotipo de la marca, la informaci\u00f3n del producto o los patrones creativos, todos pueden presentarse claramente, ayudando a dar forma a la imagen de la marca o satisfacer las necesidades de decoraci\u00f3n personalizada.<\/p>\n<p>Adopta un dise\u00f1o cl\u00e1sico de tapa flip, que se abre suavemente y se cierra bien. No solo evita eficazmente el polvo y las fugas, sino que tambi\u00e9n optimiza la experiencia de llenado. Cuando se vierten contenidos como productos para el cuidado de la piel y art\u00edculos para el cuidado del cabello, la operaci\u00f3n es f\u00e1cil y no hay derrame. La manguera flexible tiene una flexibilidad moderada, lo que hace que sea f\u00e1cil de exprimir y garantiza una salida uniforme de l\u00edquido. Es conveniente controlar la dosificaci\u00f3n y evitar el desperdicio. Es adecuado para diversas necesidades de envasado l\u00edquido.<\/p>\n<p>Nos especializamos en ofrecer servicios de personalizaci\u00f3n de luz, incluyendo modificaciones de color y logotipo, as\u00ed como dise\u00f1os a medida basados en muestras de clientes. Nuestro equipo est\u00e1 dedicado a ayudar a los clientes en el desarrollo de nuevas soluciones de envasado, proporcionando un servicio integral y de una sola parada<\/p>\n<p><img decoding=\"async\" class=\"alignnone wp-image-1666\" src=\"https:\/\/www.cosmepak.com\/wp-content\/uploads\/2025\/04\/8.jpg\" alt=\"PP tubo\" width=\"1376\" height=\"1376\" srcset=\"https:\/\/www.cosmepak.com\/wp-content\/uploads\/2025\/04\/8.jpg 1000w, https:\/\/www.cosmepak.com\/wp-content\/uploads\/2025\/04\/8-300x300.jpg 300w, https:\/\/www.cosmepak.com\/wp-content\/uploads\/2025\/04\/8-150x150.jpg 150w, https:\/\/www.cosmepak.com\/wp-content\/uploads\/2025\/04\/8-768x768.jpg 768w, https:\/\/www.cosmepak.com\/wp-content\/uploads\/2025\/04\/8-600x600.jpg 600w, https:\/\/www.cosmepak.com\/wp-content\/uploads\/2025\/04\/8-100x100.jpg 100w\" sizes=\"(max-width: 1376px) 100vw, 1376px\" \/><img decoding=\"async\" class=\"alignnone wp-image-1667\" src=\"https:\/\/www.cosmepak.com\/wp-content\/uploads\/2025\/04\/9.jpg\" alt=\"PP tubo\" width=\"1380\" height=\"1380\" srcset=\"https:\/\/www.cosmepak.com\/wp-content\/uploads\/2025\/04\/9.jpg 790w, https:\/\/www.cosmepak.com\/wp-content\/uploads\/2025\/04\/9-300x300.jpg 300w, https:\/\/www.cosmepak.com\/wp-content\/uploads\/2025\/04\/9-150x150.jpg 150w, https:\/\/www.cosmepak.com\/wp-content\/uploads\/2025\/04\/9-768x768.jpg 768w, https:\/\/www.cosmepak.com\/wp-content\/uploads\/2025\/04\/9-600x600.jpg 600w, https:\/\/www.cosmepak.com\/wp-content\/uploads\/2025\/04\/9-100x100.jpg 100w\" sizes=\"(max-width: 1380px) 100vw, 1380px\" \/><\/p>\n<p>&nbsp;<\/p>\n<p>&nbsp;<\/p>","protected":false},"excerpt":{"rendered":"<p>Material del tubo: material de PP<\/p>\n<p>Material de la tapa: material PP<\/p>\n<p>Capacidad: 15g<\/p>\n<p>Tipo de tapa: Capleja<\/p>\n<p>Color: Personalizado (cualquier color Pantone avaliable)<\/p>\n<p>Acabado de superficie: impresi\u00f3n de pantalla, glaseado, estampado en caliente, gradiente de pulverizaci\u00f3n, acabado mate, etc.<\/p>\n<p>MOQ: 5000pcs;<\/p>\n<p>&nbsp;<\/p>","protected":false},"featured_media":1668,"comment_status":"closed","ping_status":"closed","template":"","meta":{"_acf_changed":false},"product_brand":[],"product_cat":[20],"product_tag":[],"class_list":{"0":"post-1664","1":"product","2":"type-product","3":"status-publish","4":"has-post-thumbnail","6":"product_cat-plastic-tube","8":"first","9":"outofstock","10":"shipping-taxable","11":"product-type-simple"},"acf":[],"_links":{"self":[{"href":"https:\/\/www.cosmepak.com\/es\/wp-json\/wp\/v2\/product\/1664","targetHints":{"allow":["GET"]}}],"collection":[{"href":"https:\/\/www.cosmepak.com\/es\/wp-json\/wp\/v2\/product"}],"about":[{"href":"https:\/\/www.cosmepak.com\/es\/wp-json\/wp\/v2\/types\/product"}],"replies":[{"embeddable":true,"href":"https:\/\/www.cosmepak.com\/es\/wp-json\/wp\/v2\/comments?post=1664"}],"wp:featuredmedia":[{"embeddable":true,"href":"https:\/\/www.cosmepak.com\/es\/wp-json\/wp\/v2\/media\/1668"}],"wp:attachment":[{"href":"https:\/\/www.cosmepak.com\/es\/wp-json\/wp\/v2\/media?parent=1664"}],"wp:term":[{"taxonomy":"product_brand","embeddable":true,"href":"https:\/\/www.cosmepak.com\/es\/wp-json\/wp\/v2\/product_brand?post=1664"},{"taxonomy":"product_cat","embeddable":true,"href":"https:\/\/www.cosmepak.com\/es\/wp-json\/wp\/v2\/product_cat?post=1664"},{"taxonomy":"product_tag","embeddable":true,"href":"https:\/\/www.cosmepak.com\/es\/wp-json\/wp\/v2\/product_tag?post=1664"}],"curies":[{"name":"WP","href":"https:\/\/api.w.org\/{rel}","templated":true}]}}