{"id":1669,"date":"2025-04-01T10:35:22","date_gmt":"2025-04-01T02:35:22","guid":{"rendered":"https:\/\/www.cosmepak.com\/?post_type=product&#038;p=1669"},"modified":"2025-11-10T13:25:45","modified_gmt":"2025-11-10T05:25:45","slug":"30g-pp-cosmetic-plastic-tube-jaunce","status":"publish","type":"product","link":"https:\/\/www.cosmepak.com\/es\/product\/30g-pp-cosmetic-plastic-tube-jaunce\/","title":{"rendered":"Tubo de pl\u00e1stico cosm\u00e9tico de 30g PP \/ Jaunce"},"content":{"rendered":"<table style=\"border-collapse: collapse; width: 100%; height: 144px;\">\n<tbody>\n<tr style=\"height: 24px;\">\n<td style=\"width: 33.3333%; height: 144px;\" rowspan=\"6\"><img fetchpriority=\"high\" decoding=\"async\" class=\"alignnone size-full wp-image-1668\" src=\"https:\/\/www.cosmepak.com\/wp-content\/uploads\/2025\/04\/1-1.jpg\" alt=\"\" width=\"1000\" height=\"1000\" srcset=\"https:\/\/www.cosmepak.com\/wp-content\/uploads\/2025\/04\/1-1.jpg 1000w, https:\/\/www.cosmepak.com\/wp-content\/uploads\/2025\/04\/1-1-300x300.jpg 300w, https:\/\/www.cosmepak.com\/wp-content\/uploads\/2025\/04\/1-1-150x150.jpg 150w, https:\/\/www.cosmepak.com\/wp-content\/uploads\/2025\/04\/1-1-768x768.jpg 768w, https:\/\/www.cosmepak.com\/wp-content\/uploads\/2025\/04\/1-1-600x600.jpg 600w, https:\/\/www.cosmepak.com\/wp-content\/uploads\/2025\/04\/1-1-100x100.jpg 100w\" sizes=\"(max-width: 1000px) 100vw, 1000px\" \/><\/td>\n<td style=\"width: 33.122%; height: 24px; text-align: center;\">Marca<\/td>\n<td style=\"width: 33.5446%; height: 24px; text-align: center;\">Jaunce<\/td>\n<\/tr>\n<tr style=\"height: 24px;\">\n<td style=\"width: 33.122%; height: 24px; text-align: center;\">Modelo<\/td>\n<td style=\"width: 33.5446%; height: 24px; text-align: center;\">Jh-lwrg02<\/td>\n<\/tr>\n<tr style=\"height: 24px;\">\n<td style=\"width: 33.122%; height: 24px; text-align: center;\">Capcidad<\/td>\n<td style=\"width: 33.5446%; height: 24px; text-align: center;\">30 g<\/td>\n<\/tr>\n<tr style=\"height: 24px;\">\n<td style=\"width: 33.122%; height: 24px; text-align: center;\">Color<\/td>\n<td style=\"width: 33.5446%; height: 24px; text-align: center;\">Transparente<\/td>\n<\/tr>\n<tr style=\"height: 24px;\">\n<td style=\"width: 33.122%; height: 24px; text-align: center;\">Tapa<\/td>\n<td style=\"width: 33.5446%; height: 24px; text-align: center;\">PP Flip Cap<\/td>\n<\/tr>\n<tr style=\"height: 24px;\">\n<td style=\"width: 33.122%; height: 24px; text-align: center;\">Material de tubo<\/td>\n<td style=\"width: 33.5446%; height: 24px; text-align: center;\">P\u00c1GINAS<\/td>\n<\/tr>\n<\/tbody>\n<\/table>\n<p>La manguera JH-LWRG02 ofrece una variedad de especificaciones, que cubren 15g, 30g, 50g y 100g, que pueden satisfacer los requisitos de capacidad en diferentes escenarios. Esta manguera adopta un dise\u00f1o de PP flip-top. No solo es conveniente la operaci\u00f3n de apertura de la tapa, que no requiere pasos complicados para abrirse f\u00e1cilmente, sino que tambi\u00e9n tiene un excelente rendimiento de sellado, aislando eficazmente el aire externo y la humedad, y asegurando la estabilidad del contenido interno. calidad.<\/p>\n<p>El cuerpo del tubo est\u00e1 hecho de material de PVC, que tiene buena transparencia. El estado de los contenidos internos se puede ver claramente. Al mismo tiempo, este material tambi\u00e9n garantiza la higiene del proceso de envasado, evitando que el contenido se contamina.<\/p>\n<p>Para satisfacer las necesidades personalizadas de diferentes marcas, esta manguera JH-LWRG02 soporta varios procesos de personalizaci\u00f3n, incluyendo serigraf\u00eda, personalizaci\u00f3n de color y chorro de arena. Se puede dise\u00f1ar con una apariencia exclusiva de acuerdo con los requisitos de posicionamiento y dise\u00f1o de la marca.<\/p>\n<p>Nos especializamos en la fabricaci\u00f3n de envases cosm\u00e9ticos con un compromiso con la excelencia. Contamos con dos instalaciones: una planta de envasado de cosm\u00e9ticos de vidrio de \u00faltima generaci\u00f3n con una capacidad de producci\u00f3n de 200.000 unidades por d\u00eda y una planta de envasado de cosm\u00e9ticos de pl\u00e1stico con una producci\u00f3n diaria de 50.000 unidades.<\/p>\n<p>Nos especializamos en ofrecer servicios de personalizaci\u00f3n de luz, incluyendo modificaciones de color y logotipo, as\u00ed como dise\u00f1os a medida basados en muestras de clientes. Nuestro equipo est\u00e1 dedicado a ayudar a los clientes en el desarrollo de nuevas soluciones de envasado, proporcionando un servicio integral y de una sola parada.<\/p>\n<table style=\"border-collapse: collapse; width: 100%;\">\n<tbody>\n<tr style=\"height: 24px;\">\n<td style=\"width: 10.349%; text-align: center; height: 24px;\"><strong>Capacidad<\/strong><\/td>\n<td style=\"width: 10.7582%; text-align: center; height: 24px;\"><strong>Altura total<\/strong><\/td>\n<td style=\"width: 12.509%; text-align: center; height: 24px;\"><strong>Altura de la botella<\/strong><\/td>\n<td style=\"width: 11.4908%; text-align: center; height: 24px;\"><strong>Altura imprimible<\/strong><\/td>\n<td style=\"width: 10.7503%; text-align: center;\"><strong>Di\u00e1metro inferior<\/strong><\/td>\n<td style=\"width: 9.21676%; text-align: center;\"><strong>Peso<\/strong><\/td>\n<\/tr>\n<tr style=\"height: 24px;\">\n<td style=\"width: 10.349%; text-align: center; height: 24px;\">15g<\/td>\n<td style=\"width: 10.7582%; text-align: center; height: 24px;\">85 mm<\/td>\n<td style=\"width: 12.509%; text-align: center; height: 24px;\">79 mm<\/td>\n<td style=\"width: 11.4908%; text-align: center; height: 24px;\">58.8mm<\/td>\n<td style=\"width: 10.7503%; text-align: center;\">23.9mm<\/td>\n<td style=\"width: 9.21676%; text-align: center;\">4.8g<\/td>\n<\/tr>\n<tr>\n<td style=\"width: 10.349%; text-align: center;\">30 g<\/td>\n<td style=\"width: 10.7582%; text-align: center;\">100 mm<\/td>\n<td style=\"width: 12.509%; text-align: center;\">91 mm<\/td>\n<td style=\"width: 11.4908%; text-align: center;\">67.6mm<\/td>\n<td style=\"width: 10.7503%; text-align: center;\">29.2mm<\/td>\n<td style=\"width: 9.21676%; text-align: center;\">7.7g<\/td>\n<\/tr>\n<tr>\n<td style=\"width: 10.349%; text-align: center;\">50 g<\/td>\n<td style=\"width: 10.7582%; text-align: center;\">104 mm<\/td>\n<td style=\"width: 12.509%; text-align: center;\">96.7mm<\/td>\n<td style=\"width: 11.4908%; text-align: center;\">73.2mm<\/td>\n<td style=\"width: 10.7503%; text-align: center;\">33.7mm<\/td>\n<td style=\"width: 9.21676%; text-align: center;\">10.1g<\/td>\n<\/tr>\n<tr>\n<td style=\"width: 10.349%; text-align: center;\">100 g<\/td>\n<td style=\"width: 10.7582%; text-align: center;\">171 mm<\/td>\n<td style=\"width: 12.509%; text-align: center;\">160 mm<\/td>\n<td style=\"width: 11.4908%; text-align: center;\">135.4mm<\/td>\n<td style=\"width: 10.7503%; text-align: center;\">33.7mm<\/td>\n<td style=\"width: 9.21676%; text-align: center;\">12.9g<\/td>\n<\/tr>\n<\/tbody>\n<\/table>\n<p><img decoding=\"async\" class=\"alignnone wp-image-1666\" src=\"https:\/\/www.cosmepak.com\/wp-content\/uploads\/2025\/04\/8.jpg\" alt=\"PP tubo\" width=\"1376\" height=\"1376\" srcset=\"https:\/\/www.cosmepak.com\/wp-content\/uploads\/2025\/04\/8.jpg 1000w, https:\/\/www.cosmepak.com\/wp-content\/uploads\/2025\/04\/8-300x300.jpg 300w, https:\/\/www.cosmepak.com\/wp-content\/uploads\/2025\/04\/8-150x150.jpg 150w, https:\/\/www.cosmepak.com\/wp-content\/uploads\/2025\/04\/8-768x768.jpg 768w, https:\/\/www.cosmepak.com\/wp-content\/uploads\/2025\/04\/8-600x600.jpg 600w, https:\/\/www.cosmepak.com\/wp-content\/uploads\/2025\/04\/8-100x100.jpg 100w\" sizes=\"(max-width: 1376px) 100vw, 1376px\" \/><\/p>\n<p><img decoding=\"async\" class=\"alignnone wp-image-1672\" src=\"https:\/\/www.cosmepak.com\/wp-content\/uploads\/2025\/04\/9-1.jpg\" alt=\"\" width=\"448\" height=\"448\" srcset=\"https:\/\/www.cosmepak.com\/wp-content\/uploads\/2025\/04\/9-1.jpg 790w, https:\/\/www.cosmepak.com\/wp-content\/uploads\/2025\/04\/9-1-300x300.jpg 300w, https:\/\/www.cosmepak.com\/wp-content\/uploads\/2025\/04\/9-1-150x150.jpg 150w, https:\/\/www.cosmepak.com\/wp-content\/uploads\/2025\/04\/9-1-768x768.jpg 768w, https:\/\/www.cosmepak.com\/wp-content\/uploads\/2025\/04\/9-1-600x600.jpg 600w, https:\/\/www.cosmepak.com\/wp-content\/uploads\/2025\/04\/9-1-100x100.jpg 100w\" sizes=\"(max-width: 448px) 100vw, 448px\" \/><img loading=\"lazy\" decoding=\"async\" class=\"alignnone wp-image-1670\" src=\"https:\/\/www.cosmepak.com\/wp-content\/uploads\/2025\/04\/11.jpg\" alt=\"\" width=\"444\" height=\"444\" srcset=\"https:\/\/www.cosmepak.com\/wp-content\/uploads\/2025\/04\/11.jpg 1000w, https:\/\/www.cosmepak.com\/wp-content\/uploads\/2025\/04\/11-300x300.jpg 300w, https:\/\/www.cosmepak.com\/wp-content\/uploads\/2025\/04\/11-150x150.jpg 150w, https:\/\/www.cosmepak.com\/wp-content\/uploads\/2025\/04\/11-768x768.jpg 768w, https:\/\/www.cosmepak.com\/wp-content\/uploads\/2025\/04\/11-600x600.jpg 600w, https:\/\/www.cosmepak.com\/wp-content\/uploads\/2025\/04\/11-100x100.jpg 100w\" sizes=\"(max-width: 444px) 100vw, 444px\" \/>\u00a0<img loading=\"lazy\" decoding=\"async\" class=\"alignnone wp-image-1673\" src=\"https:\/\/www.cosmepak.com\/wp-content\/uploads\/2025\/04\/10.jpg\" alt=\"\" width=\"447\" height=\"447\" srcset=\"https:\/\/www.cosmepak.com\/wp-content\/uploads\/2025\/04\/10.jpg 1000w, https:\/\/www.cosmepak.com\/wp-content\/uploads\/2025\/04\/10-300x300.jpg 300w, https:\/\/www.cosmepak.com\/wp-content\/uploads\/2025\/04\/10-150x150.jpg 150w, https:\/\/www.cosmepak.com\/wp-content\/uploads\/2025\/04\/10-768x768.jpg 768w, https:\/\/www.cosmepak.com\/wp-content\/uploads\/2025\/04\/10-600x600.jpg 600w, https:\/\/www.cosmepak.com\/wp-content\/uploads\/2025\/04\/10-100x100.jpg 100w\" sizes=\"(max-width: 447px) 100vw, 447px\" \/><\/p>\n<p>&nbsp;<\/p>","protected":false},"excerpt":{"rendered":"<p>Material del tubo: material de PP<\/p>\n<p>Material de la tapa: material PP<\/p>\n<p>Capacidad: 30 g<\/p>\n<p>Tipo de tapa: Capleja<\/p>\n<p>Color: Personalizado (cualquier color Pantone avaliable)<\/p>\n<p>Acabado de superficie: impresi\u00f3n de pantalla, glaseado, estampado en caliente, gradiente de pulverizaci\u00f3n, acabado mate, etc.<\/p>\n<p>MOQ: 5000pcs;<\/p>\n<p>&nbsp;<\/p>","protected":false},"featured_media":1674,"comment_status":"closed","ping_status":"closed","template":"","meta":{"_acf_changed":false},"product_brand":[],"product_cat":[20],"product_tag":[],"class_list":{"0":"post-1669","1":"product","2":"type-product","3":"status-publish","4":"has-post-thumbnail","6":"product_cat-plastic-tube","8":"first","9":"outofstock","10":"shipping-taxable","11":"product-type-simple"},"acf":[],"_links":{"self":[{"href":"https:\/\/www.cosmepak.com\/es\/wp-json\/wp\/v2\/product\/1669","targetHints":{"allow":["GET"]}}],"collection":[{"href":"https:\/\/www.cosmepak.com\/es\/wp-json\/wp\/v2\/product"}],"about":[{"href":"https:\/\/www.cosmepak.com\/es\/wp-json\/wp\/v2\/types\/product"}],"replies":[{"embeddable":true,"href":"https:\/\/www.cosmepak.com\/es\/wp-json\/wp\/v2\/comments?post=1669"}],"wp:featuredmedia":[{"embeddable":true,"href":"https:\/\/www.cosmepak.com\/es\/wp-json\/wp\/v2\/media\/1674"}],"wp:attachment":[{"href":"https:\/\/www.cosmepak.com\/es\/wp-json\/wp\/v2\/media?parent=1669"}],"wp:term":[{"taxonomy":"product_brand","embeddable":true,"href":"https:\/\/www.cosmepak.com\/es\/wp-json\/wp\/v2\/product_brand?post=1669"},{"taxonomy":"product_cat","embeddable":true,"href":"https:\/\/www.cosmepak.com\/es\/wp-json\/wp\/v2\/product_cat?post=1669"},{"taxonomy":"product_tag","embeddable":true,"href":"https:\/\/www.cosmepak.com\/es\/wp-json\/wp\/v2\/product_tag?post=1669"}],"curies":[{"name":"WP","href":"https:\/\/api.w.org\/{rel}","templated":true}]}}