{"id":1694,"date":"2025-04-01T15:35:46","date_gmt":"2025-04-01T07:35:46","guid":{"rendered":"https:\/\/www.cosmepak.com\/?post_type=product&#038;p=1694"},"modified":"2025-11-12T15:50:33","modified_gmt":"2025-11-12T07:50:33","slug":"10ml-botella-de-bola-de-laminacion-botellas-de-vidrio-botellas-de-aceite-esencial-jaunce","status":"publish","type":"product","link":"https:\/\/www.cosmepak.com\/es\/product\/10ml-ball-bottle-rolling-bottle-glass-bottles-essential-oil-bottles-jaunce\/","title":{"rendered":"10ml botella de bola botellas de vidrio botellas de aceite esencial"},"content":{"rendered":"<table style=\"border-collapse: collapse; width: 100%; height: 242px;\">\n<tbody>\n<tr style=\"height: 24px;\">\n<td style=\"width: 52.222%; height: 24px; text-align: center;\">Marca<\/td>\n<td style=\"width: 47.778%; height: 24px; text-align: center;\">\u00a0Jaunce<\/td>\n<\/tr>\n<tr style=\"height: 24px;\">\n<td style=\"width: 52.222%; height: 24px; text-align: center;\">Capacidad<\/td>\n<td style=\"width: 47.778%; height: 24px; text-align: center;\">5 ml \/ 10 ml<\/td>\n<\/tr>\n<tr style=\"height: 24px;\">\n<td style=\"width: 52.222%; height: 24px; text-align: center;\">Forma<\/td>\n<td style=\"width: 47.778%; height: 24px; text-align: center;\">Redondo<\/td>\n<\/tr>\n<tr style=\"height: 24px;\">\n<td style=\"width: 52.222%; height: 24px; text-align: center;\">Material<\/td>\n<td style=\"width: 47.778%; height: 24px; text-align: center;\">Vidrio\/PP<\/td>\n<\/tr>\n<tr style=\"height: 24px;\">\n<td style=\"width: 52.222%; height: 26px; text-align: center;\">Peso<\/td>\n<td style=\"width: 47.778%; height: 26px; text-align: center;\">9.1g\/30.4g<\/td>\n<\/tr>\n<tr style=\"height: 24px;\">\n<td style=\"width: 52.222%; height: 24px; text-align: center;\">Adecuado<\/td>\n<td style=\"width: 47.778%; height: 24px; text-align: center;\">Cuentagotas<\/td>\n<\/tr>\n<tr style=\"height: 24px;\">\n<td style=\"width: 52.222%; height: 24px; text-align: center;\">Modelo<\/td>\n<td style=\"width: 47.778%; height: 24px; text-align: center;\">JH-LWM04<\/td>\n<\/tr>\n<tr style=\"height: 24px;\">\n<td style=\"width: 52.222%; height: 24px; text-align: center;\">OEM \/ ODM<\/td>\n<td style=\"width: 47.778%; height: 24px; text-align: center;\">Aceptar<\/td>\n<\/tr>\n<tr style=\"height: 24px;\">\n<td style=\"width: 52.222%; height: 24px; text-align: center;\">Color<\/td>\n<td style=\"width: 47.778%; height: 24px; text-align: center;\">Azul\/Marr\u00f3n<\/td>\n<\/tr>\n<tr style=\"height: 24px;\">\n<td style=\"width: 52.222%; height: 24px; text-align: center;\">Moq<\/td>\n<td style=\"width: 47.778%; height: 24px; text-align: center;\">General 5000pcs;<\/td>\n<\/tr>\n<\/tbody>\n<\/table>\n<p><img fetchpriority=\"high\" decoding=\"async\" class=\"alignnone wp-image-1697\" src=\"https:\/\/www.cosmepak.com\/wp-content\/uploads\/2025\/04\/4-1.jpg\" alt=\"botella con rodillo\" width=\"1377\" height=\"1377\" srcset=\"https:\/\/www.cosmepak.com\/wp-content\/uploads\/2025\/04\/4-1.jpg 1000w, https:\/\/www.cosmepak.com\/wp-content\/uploads\/2025\/04\/4-1-300x300.jpg 300w, https:\/\/www.cosmepak.com\/wp-content\/uploads\/2025\/04\/4-1-150x150.jpg 150w, https:\/\/www.cosmepak.com\/wp-content\/uploads\/2025\/04\/4-1-768x768.jpg 768w, https:\/\/www.cosmepak.com\/wp-content\/uploads\/2025\/04\/4-1-600x600.jpg 600w, https:\/\/www.cosmepak.com\/wp-content\/uploads\/2025\/04\/4-1-100x100.jpg 100w\" sizes=\"(max-width: 1377px) 100vw, 1377px\" \/><\/p>\n<table style=\"border-collapse: collapse; width: 100%;\">\n<tbody>\n<tr>\n<td style=\"width: 16.6667%; text-align: center;\">Capacidad<\/td>\n<td style=\"width: 16.6667%; text-align: center;\">Altura total<\/td>\n<td style=\"width: 16.6667%; text-align: center;\">Altura de la botella<\/td>\n<td style=\"width: 16.6667%; text-align: center;\">Altura imprimible<\/td>\n<td style=\"width: 16.6667%; text-align: center;\">Di\u00e1metro<\/td>\n<td style=\"width: 16.6667%; text-align: center;\">Peso<\/td>\n<\/tr>\n<tr>\n<td style=\"width: 16.6667%; text-align: center;\">5 ml<\/td>\n<td style=\"width: 16.6667%; text-align: center;\">58 mm<\/td>\n<td style=\"width: 16.6667%; text-align: center;\">50 mm<\/td>\n<td style=\"width: 16.6667%; text-align: center;\">35 mm<\/td>\n<td style=\"width: 16.6667%; text-align: center;\">14 mm<\/td>\n<td style=\"width: 16.6667%; text-align: center;\">9.1g<\/td>\n<\/tr>\n<tr>\n<td style=\"width: 16.6667%; text-align: center;\">10 ml<\/td>\n<td style=\"width: 16.6667%; text-align: center;\">85 mm<\/td>\n<td style=\"width: 16.6667%; text-align: center;\">72 mm<\/td>\n<td style=\"width: 16.6667%; text-align: center;\">50 mm<\/td>\n<td style=\"width: 16.6667%; text-align: center;\">19 mm<\/td>\n<td style=\"width: 16.6667%; text-align: center;\">30.4g<\/td>\n<\/tr>\n<\/tbody>\n<\/table>\n<p>JH-LWM04 est\u00e1 disponible en dos tama\u00f1os: 5ml y 10ml. Es adecuado para productos de alto valor de peque\u00f1o volumen como sueros, aceites esenciales y cremas para los ojos.<\/p>\n<p>Las botellas de vidrio de grado m\u00e9dico tienen una fuerte estabilidad qu\u00edmica y una excelente resistencia a la corrosi\u00f3n, lo que garantiza la seguridad a largo plazo del contenido.<\/p>\n<p>La cubierta exterior hecha de PP est\u00e1 equipada con un inserto de rodamiento de bolas incorporado. El PP cumple con las normas de grado de contacto con alimentos y es seguro y no t\u00f3xico.<\/p>\n<p>La conexi\u00f3n entre la bola y el cuerpo de la botella adopta un dise\u00f1o de muelle preciso, con el espacio controlado dentro de 0,1-0,3 mm. Esto no solo garantiza la flexibilidad del laminado, sino que tambi\u00e9n evita la fuga de l\u00edquido.<\/p>\n<p>La rugosidad superficial de la bola Ra es \u2264 0,8 \u03bcm. Combinado con el dise\u00f1o de \u00e1ngulo inclinado de 30\u00b0, se ajusta a la curva facial y mejora la eficiencia de absorci\u00f3n de la esencia en un 30%.<\/p>\n<p>El suero rejuvenecedor, la crema ocular, las ampollas y otros productos para el cuidado de la piel se masajean con rodillos para mejorar la absorci\u00f3n y prevenir la contaminaci\u00f3n de los dedos.<\/p>\n<p>Las muestras de protector solar y crema BB est\u00e1n envasadas por separado para la portabilidad y para reducir el crecimiento de bacterias debido al contacto directo con las manos.<\/p>\n<p><img decoding=\"async\" class=\"alignnone wp-image-1696\" src=\"https:\/\/www.cosmepak.com\/wp-content\/uploads\/2025\/04\/8-1.jpg\" alt=\"botella con rodillo\" width=\"1374\" height=\"1374\" srcset=\"https:\/\/www.cosmepak.com\/wp-content\/uploads\/2025\/04\/8-1.jpg 1000w, https:\/\/www.cosmepak.com\/wp-content\/uploads\/2025\/04\/8-1-300x300.jpg 300w, https:\/\/www.cosmepak.com\/wp-content\/uploads\/2025\/04\/8-1-150x150.jpg 150w, https:\/\/www.cosmepak.com\/wp-content\/uploads\/2025\/04\/8-1-768x768.jpg 768w, https:\/\/www.cosmepak.com\/wp-content\/uploads\/2025\/04\/8-1-600x600.jpg 600w, https:\/\/www.cosmepak.com\/wp-content\/uploads\/2025\/04\/8-1-100x100.jpg 100w\" sizes=\"(max-width: 1374px) 100vw, 1374px\" \/><\/p>\n<table style=\"border-collapse: collapse; width: 100%;\">\n<tbody>\n<tr>\n<td style=\"width: 33.3333%;\"><img decoding=\"async\" class=\"alignnone size-full wp-image-3421\" src=\"https:\/\/www.cosmepak.com\/wp-content\/uploads\/2025\/04\/7-5.jpg\" alt=\"\" width=\"1000\" height=\"1000\" srcset=\"https:\/\/www.cosmepak.com\/wp-content\/uploads\/2025\/04\/7-5.jpg 1000w, https:\/\/www.cosmepak.com\/wp-content\/uploads\/2025\/04\/7-5-300x300.jpg 300w, https:\/\/www.cosmepak.com\/wp-content\/uploads\/2025\/04\/7-5-150x150.jpg 150w, https:\/\/www.cosmepak.com\/wp-content\/uploads\/2025\/04\/7-5-768x768.jpg 768w, https:\/\/www.cosmepak.com\/wp-content\/uploads\/2025\/04\/7-5-12x12.jpg 12w, https:\/\/www.cosmepak.com\/wp-content\/uploads\/2025\/04\/7-5-600x600.jpg 600w, https:\/\/www.cosmepak.com\/wp-content\/uploads\/2025\/04\/7-5-100x100.jpg 100w\" sizes=\"(max-width: 1000px) 100vw, 1000px\" \/><\/td>\n<td style=\"width: 33.3333%;\"><img loading=\"lazy\" decoding=\"async\" class=\"alignnone size-full wp-image-3422\" src=\"https:\/\/www.cosmepak.com\/wp-content\/uploads\/2025\/04\/5-5.jpg\" alt=\"\" width=\"1000\" height=\"1000\" srcset=\"https:\/\/www.cosmepak.com\/wp-content\/uploads\/2025\/04\/5-5.jpg 1000w, https:\/\/www.cosmepak.com\/wp-content\/uploads\/2025\/04\/5-5-300x300.jpg 300w, https:\/\/www.cosmepak.com\/wp-content\/uploads\/2025\/04\/5-5-150x150.jpg 150w, https:\/\/www.cosmepak.com\/wp-content\/uploads\/2025\/04\/5-5-768x768.jpg 768w, https:\/\/www.cosmepak.com\/wp-content\/uploads\/2025\/04\/5-5-12x12.jpg 12w, https:\/\/www.cosmepak.com\/wp-content\/uploads\/2025\/04\/5-5-600x600.jpg 600w, https:\/\/www.cosmepak.com\/wp-content\/uploads\/2025\/04\/5-5-100x100.jpg 100w\" sizes=\"(max-width: 1000px) 100vw, 1000px\" \/><\/td>\n<td style=\"width: 33.3333%;\"><img loading=\"lazy\" decoding=\"async\" class=\"alignnone size-full wp-image-3423\" src=\"https:\/\/www.cosmepak.com\/wp-content\/uploads\/2025\/04\/6-5.jpg\" alt=\"\" width=\"1000\" height=\"1000\" srcset=\"https:\/\/www.cosmepak.com\/wp-content\/uploads\/2025\/04\/6-5.jpg 1000w, https:\/\/www.cosmepak.com\/wp-content\/uploads\/2025\/04\/6-5-300x300.jpg 300w, https:\/\/www.cosmepak.com\/wp-content\/uploads\/2025\/04\/6-5-150x150.jpg 150w, https:\/\/www.cosmepak.com\/wp-content\/uploads\/2025\/04\/6-5-768x768.jpg 768w, https:\/\/www.cosmepak.com\/wp-content\/uploads\/2025\/04\/6-5-12x12.jpg 12w, https:\/\/www.cosmepak.com\/wp-content\/uploads\/2025\/04\/6-5-600x600.jpg 600w, https:\/\/www.cosmepak.com\/wp-content\/uploads\/2025\/04\/6-5-100x100.jpg 100w\" sizes=\"(max-width: 1000px) 100vw, 1000px\" \/><\/td>\n<\/tr>\n<\/tbody>\n<\/table>\n<p>&nbsp;<\/p>\n<div><\/div>","protected":false},"excerpt":{"rendered":"<p>Material: vidrio transparente premium con vertical sutil<\/p>\n<p>Capacidad: 5ml\/10ml<\/p>\n<p>Tama\u00f1o: 5 ml: OD 14 mm;<\/p>\n<p>10ml: OD 19 mm;<\/p>\n<p>Color: Azul\/marr\u00f3n; Aceptar personalizado (cualquier color Pantone disponible)<\/p>\n<p>Acabado de superficie: impresi\u00f3n de pantalla, estampado en caliente, gradiente de pulverizaci\u00f3n, acabado mate, etc.<\/p>\n<p>MOQ: 5000pcs;<\/p>\n<p>Muestra: muestras gratuitas disponibles<\/p>\n<p>&nbsp;<\/p>\n<p>&nbsp;<\/p>","protected":false},"featured_media":1698,"comment_status":"closed","ping_status":"closed","template":"","meta":{"_acf_changed":false},"product_brand":[],"product_cat":[15,58],"product_tag":[40],"class_list":{"0":"post-1694","1":"product","2":"type-product","3":"status-publish","4":"has-post-thumbnail","6":"product_cat-essential-oil-bottle","7":"product_cat-glass-essential-oil-bottle","8":"product_tag-essential-oil-bottle","10":"first","11":"outofstock","12":"shipping-taxable","13":"product-type-simple"},"acf":[],"_links":{"self":[{"href":"https:\/\/www.cosmepak.com\/es\/wp-json\/wp\/v2\/product\/1694","targetHints":{"allow":["GET"]}}],"collection":[{"href":"https:\/\/www.cosmepak.com\/es\/wp-json\/wp\/v2\/product"}],"about":[{"href":"https:\/\/www.cosmepak.com\/es\/wp-json\/wp\/v2\/types\/product"}],"replies":[{"embeddable":true,"href":"https:\/\/www.cosmepak.com\/es\/wp-json\/wp\/v2\/comments?post=1694"}],"wp:featuredmedia":[{"embeddable":true,"href":"https:\/\/www.cosmepak.com\/es\/wp-json\/wp\/v2\/media\/1698"}],"wp:attachment":[{"href":"https:\/\/www.cosmepak.com\/es\/wp-json\/wp\/v2\/media?parent=1694"}],"wp:term":[{"taxonomy":"product_brand","embeddable":true,"href":"https:\/\/www.cosmepak.com\/es\/wp-json\/wp\/v2\/product_brand?post=1694"},{"taxonomy":"product_cat","embeddable":true,"href":"https:\/\/www.cosmepak.com\/es\/wp-json\/wp\/v2\/product_cat?post=1694"},{"taxonomy":"product_tag","embeddable":true,"href":"https:\/\/www.cosmepak.com\/es\/wp-json\/wp\/v2\/product_tag?post=1694"}],"curies":[{"name":"WP","href":"https:\/\/api.w.org\/{rel}","templated":true}]}}