{"id":1731,"date":"2025-04-02T16:53:50","date_gmt":"2025-04-02T08:53:50","guid":{"rendered":"https:\/\/www.cosmepak.com\/?post_type=product&#038;p=1731"},"modified":"2026-01-05T14:34:37","modified_gmt":"2026-01-05T06:34:37","slug":"30ml-volcanic-bottom-dropper-bottle-jaunce","status":"publish","type":"product","link":"https:\/\/www.cosmepak.com\/es\/product\/30ml-volcanic-bottom-dropper-bottle-jaunce\/","title":{"rendered":"Botella de gota de fondo volc\u00e1nico de 30ml \/ Jaunce"},"content":{"rendered":"<table style=\"border-collapse: collapse; width: 100%; height: 216px;\">\n<tbody>\n<tr style=\"height: 24px;\">\n<td style=\"width: 40.6929%; height: 216px;\" rowspan=\"9\"><img fetchpriority=\"high\" decoding=\"async\" class=\"alignnone size-full wp-image-3533\" src=\"https:\/\/www.cosmepak.com\/wp-content\/uploads\/2025\/04\/O1CN012p6qjx1TbFa49YKNW_2506382400-0-cib.jpg\" alt=\"\" width=\"800\" height=\"800\" srcset=\"https:\/\/www.cosmepak.com\/wp-content\/uploads\/2025\/04\/O1CN012p6qjx1TbFa49YKNW_2506382400-0-cib.jpg 800w, https:\/\/www.cosmepak.com\/wp-content\/uploads\/2025\/04\/O1CN012p6qjx1TbFa49YKNW_2506382400-0-cib-300x300.jpg 300w, https:\/\/www.cosmepak.com\/wp-content\/uploads\/2025\/04\/O1CN012p6qjx1TbFa49YKNW_2506382400-0-cib-150x150.jpg 150w, https:\/\/www.cosmepak.com\/wp-content\/uploads\/2025\/04\/O1CN012p6qjx1TbFa49YKNW_2506382400-0-cib-768x768.jpg 768w, https:\/\/www.cosmepak.com\/wp-content\/uploads\/2025\/04\/O1CN012p6qjx1TbFa49YKNW_2506382400-0-cib-12x12.jpg 12w, https:\/\/www.cosmepak.com\/wp-content\/uploads\/2025\/04\/O1CN012p6qjx1TbFa49YKNW_2506382400-0-cib-600x600.jpg 600w, https:\/\/www.cosmepak.com\/wp-content\/uploads\/2025\/04\/O1CN012p6qjx1TbFa49YKNW_2506382400-0-cib-100x100.jpg 100w\" sizes=\"(max-width: 800px) 100vw, 800px\" \/><\/td>\n<td style=\"width: 23.5109%; height: 24px; text-align: center;\">Marca<\/td>\n<td style=\"width: 35.7961%; height: 24px; text-align: center;\">\u00a0Jaunce<\/td>\n<\/tr>\n<tr style=\"height: 24px;\">\n<td style=\"width: 23.5109%; height: 24px; text-align: center;\">Capacidad<\/td>\n<td style=\"width: 35.7961%; height: 24px; text-align: center;\">30 ml<\/td>\n<\/tr>\n<tr style=\"height: 24px;\">\n<td style=\"width: 23.5109%; height: 24px; text-align: center;\">Forma<\/td>\n<td style=\"width: 35.7961%; height: 24px; text-align: center;\">Redondo<\/td>\n<\/tr>\n<tr style=\"height: 24px;\">\n<td style=\"width: 23.5109%; height: 24px; text-align: center;\">Material<\/td>\n<td style=\"width: 35.7961%; height: 24px; text-align: center;\">Vaso<\/td>\n<\/tr>\n<tr style=\"height: 24px;\">\n<td style=\"width: 23.5109%; height: 24px; text-align: center;\">Adecuado<\/td>\n<td style=\"width: 35.7961%; height: 24px; text-align: center;\">Cuentagotas<\/td>\n<\/tr>\n<tr style=\"height: 24px;\">\n<td style=\"width: 23.5109%; height: 24px; text-align: center;\">Modelo<\/td>\n<td style=\"width: 35.7961%; height: 24px; text-align: center;\">Jh-oM30<\/td>\n<\/tr>\n<tr style=\"height: 24px;\">\n<td style=\"width: 23.5109%; height: 24px; text-align: center;\">OEM \/ ODM<\/td>\n<td style=\"width: 35.7961%; height: 24px; text-align: center;\">Aceptar<\/td>\n<\/tr>\n<tr style=\"height: 24px;\">\n<td style=\"width: 23.5109%; height: 24px; text-align: center;\">Color<\/td>\n<td style=\"width: 35.7961%; height: 24px; text-align: center;\">Cualquier color de Parton personalizado<\/td>\n<\/tr>\n<tr style=\"height: 24px;\">\n<td style=\"width: 23.5109%; height: 24px; text-align: center;\">Moq<\/td>\n<td style=\"width: 35.7961%; height: 24px; text-align: center;\">Para 10000pcs personalizados<\/td>\n<\/tr>\n<\/tbody>\n<\/table>\n<p>La botella est\u00e1 meticulosamente elaborada con material de vidrio de alta calidad, con una textura transparente y delicada. Tambi\u00e9n posee una excelente estabilidad qu\u00edmica, evitando eficazmente la contaminaci\u00f3n externa y evitando las reacciones entre los ingredientes activos como los aceites esenciales y el l\u00edquido, al tiempo que conserva la eficacia original y la textura pura del producto. El peso y el grosor del material de vidrio, combinado con la forma de base volc\u00e1nica cuidadosamente dise\u00f1ada, no solo mejoran la estabilidad de la botella cuando se coloca, sino que tambi\u00e9n evitan el vertido y las fugas, al mismo tiempo que le dan al producto una identidad visual \u00fanica, demostrando plenamente el estilo de gama alta.<\/p>\n<p>Ofrecemos tres colores de botella de moda para su elecci\u00f3n: El estilo p\u00farpura gradiente es como el cristal p\u00farpura al anochecer, con capas ricas, creando un ambiente so\u00f1ador y rom\u00e1ntico, y emitiendo un aroma elegante; El estilo marr\u00f3n cl\u00e1sico combina practicidad y textura, bloqueando efectivamente la luz y proporcionando un entorno de almacenamiento ideal para aceites esenciales y l\u00edquidos concentrados, al tiempo que muestra un temperamento sereno y elegante; El estilo amarillo fresco es como la c\u00e1lida luz del sol en primavera, brillante y animado, inyectando vitalidad y vigor en el producto, y es extremadamente probable que atraiga a los consumidores. atenci\u00f3n.<\/p>\n<p>Los grandes tubos goteadores negros y dorados hacen que la apariencia general del producto sea m\u00e1s armoniosa. La manga exterior negra es simple y estable, mientras que la de oro es lujosa y exquisita, mejorando el producto&#8217; posicionamiento de alta gama.<\/p>\n<p>El di\u00e1metro de la botella es de 48 mm y la altura total es de 95 mm. La altura impresa de la botella es de 40 mm, puede proporcionar amplio espacio de personalizaci\u00f3n. Se puede imprimir con logotipos de marca, nombres de productos, descripciones de ingredientes, etc., ayudando a dar forma a la imagen de marca y transmitir informaci\u00f3n del producto. Y el peso de una sola botella es de aproximadamente 138,5 g.<\/p>\n<table style=\"border-collapse: collapse; width: 100%;\">\n<tbody>\n<tr>\n<td style=\"width: 33.3333%;\"><img decoding=\"async\" class=\"alignnone size-full wp-image-3534\" src=\"https:\/\/www.cosmepak.com\/wp-content\/uploads\/2025\/04\/O1CN01CZcaon1TbFa5J67C1_2506382400-0-cib.jpg\" alt=\"\" width=\"1000\" height=\"1000\" srcset=\"https:\/\/www.cosmepak.com\/wp-content\/uploads\/2025\/04\/O1CN01CZcaon1TbFa5J67C1_2506382400-0-cib.jpg 1000w, https:\/\/www.cosmepak.com\/wp-content\/uploads\/2025\/04\/O1CN01CZcaon1TbFa5J67C1_2506382400-0-cib-300x300.jpg 300w, https:\/\/www.cosmepak.com\/wp-content\/uploads\/2025\/04\/O1CN01CZcaon1TbFa5J67C1_2506382400-0-cib-150x150.jpg 150w, https:\/\/www.cosmepak.com\/wp-content\/uploads\/2025\/04\/O1CN01CZcaon1TbFa5J67C1_2506382400-0-cib-768x768.jpg 768w, https:\/\/www.cosmepak.com\/wp-content\/uploads\/2025\/04\/O1CN01CZcaon1TbFa5J67C1_2506382400-0-cib-12x12.jpg 12w, https:\/\/www.cosmepak.com\/wp-content\/uploads\/2025\/04\/O1CN01CZcaon1TbFa5J67C1_2506382400-0-cib-600x600.jpg 600w, https:\/\/www.cosmepak.com\/wp-content\/uploads\/2025\/04\/O1CN01CZcaon1TbFa5J67C1_2506382400-0-cib-100x100.jpg 100w\" sizes=\"(max-width: 1000px) 100vw, 1000px\" \/><\/td>\n<td style=\"width: 33.3333%;\"><img decoding=\"async\" class=\"alignnone size-full wp-image-3535\" src=\"https:\/\/www.cosmepak.com\/wp-content\/uploads\/2025\/04\/O1CN01lZNR9I1TbFa2w3Z7E_2506382400-0-cib.jpg\" alt=\"\" width=\"1000\" height=\"1000\" srcset=\"https:\/\/www.cosmepak.com\/wp-content\/uploads\/2025\/04\/O1CN01lZNR9I1TbFa2w3Z7E_2506382400-0-cib.jpg 1000w, https:\/\/www.cosmepak.com\/wp-content\/uploads\/2025\/04\/O1CN01lZNR9I1TbFa2w3Z7E_2506382400-0-cib-300x300.jpg 300w, https:\/\/www.cosmepak.com\/wp-content\/uploads\/2025\/04\/O1CN01lZNR9I1TbFa2w3Z7E_2506382400-0-cib-150x150.jpg 150w, https:\/\/www.cosmepak.com\/wp-content\/uploads\/2025\/04\/O1CN01lZNR9I1TbFa2w3Z7E_2506382400-0-cib-768x768.jpg 768w, https:\/\/www.cosmepak.com\/wp-content\/uploads\/2025\/04\/O1CN01lZNR9I1TbFa2w3Z7E_2506382400-0-cib-12x12.jpg 12w, https:\/\/www.cosmepak.com\/wp-content\/uploads\/2025\/04\/O1CN01lZNR9I1TbFa2w3Z7E_2506382400-0-cib-600x600.jpg 600w, https:\/\/www.cosmepak.com\/wp-content\/uploads\/2025\/04\/O1CN01lZNR9I1TbFa2w3Z7E_2506382400-0-cib-100x100.jpg 100w\" sizes=\"(max-width: 1000px) 100vw, 1000px\" \/><\/td>\n<td style=\"width: 33.3333%;\"><img loading=\"lazy\" decoding=\"async\" class=\"alignnone size-full wp-image-3536\" src=\"https:\/\/www.cosmepak.com\/wp-content\/uploads\/2025\/04\/O1CN01zw1cEY1TbFa3UiOnM_2506382400-0-cib.jpg\" alt=\"\" width=\"1000\" height=\"1000\" srcset=\"https:\/\/www.cosmepak.com\/wp-content\/uploads\/2025\/04\/O1CN01zw1cEY1TbFa3UiOnM_2506382400-0-cib.jpg 1000w, https:\/\/www.cosmepak.com\/wp-content\/uploads\/2025\/04\/O1CN01zw1cEY1TbFa3UiOnM_2506382400-0-cib-300x300.jpg 300w, https:\/\/www.cosmepak.com\/wp-content\/uploads\/2025\/04\/O1CN01zw1cEY1TbFa3UiOnM_2506382400-0-cib-150x150.jpg 150w, https:\/\/www.cosmepak.com\/wp-content\/uploads\/2025\/04\/O1CN01zw1cEY1TbFa3UiOnM_2506382400-0-cib-768x768.jpg 768w, https:\/\/www.cosmepak.com\/wp-content\/uploads\/2025\/04\/O1CN01zw1cEY1TbFa3UiOnM_2506382400-0-cib-12x12.jpg 12w, https:\/\/www.cosmepak.com\/wp-content\/uploads\/2025\/04\/O1CN01zw1cEY1TbFa3UiOnM_2506382400-0-cib-600x600.jpg 600w, https:\/\/www.cosmepak.com\/wp-content\/uploads\/2025\/04\/O1CN01zw1cEY1TbFa3UiOnM_2506382400-0-cib-100x100.jpg 100w\" sizes=\"(max-width: 1000px) 100vw, 1000px\" \/><\/td>\n<\/tr>\n<\/tbody>\n<\/table>\n<table style=\"border-collapse: collapse; width: 100%;\">\n<tbody>\n<tr>\n<td style=\"width: 50%;\"><img loading=\"lazy\" decoding=\"async\" class=\"alignnone size-full wp-image-3537\" src=\"https:\/\/www.cosmepak.com\/wp-content\/uploads\/2025\/04\/O1CN01rwrzEJ1TbFa3BSMMR_2506382400-0-cib.jpg\" alt=\"\" width=\"1000\" height=\"1000\" srcset=\"https:\/\/www.cosmepak.com\/wp-content\/uploads\/2025\/04\/O1CN01rwrzEJ1TbFa3BSMMR_2506382400-0-cib.jpg 1000w, https:\/\/www.cosmepak.com\/wp-content\/uploads\/2025\/04\/O1CN01rwrzEJ1TbFa3BSMMR_2506382400-0-cib-300x300.jpg 300w, https:\/\/www.cosmepak.com\/wp-content\/uploads\/2025\/04\/O1CN01rwrzEJ1TbFa3BSMMR_2506382400-0-cib-150x150.jpg 150w, https:\/\/www.cosmepak.com\/wp-content\/uploads\/2025\/04\/O1CN01rwrzEJ1TbFa3BSMMR_2506382400-0-cib-768x768.jpg 768w, https:\/\/www.cosmepak.com\/wp-content\/uploads\/2025\/04\/O1CN01rwrzEJ1TbFa3BSMMR_2506382400-0-cib-12x12.jpg 12w, https:\/\/www.cosmepak.com\/wp-content\/uploads\/2025\/04\/O1CN01rwrzEJ1TbFa3BSMMR_2506382400-0-cib-600x600.jpg 600w, https:\/\/www.cosmepak.com\/wp-content\/uploads\/2025\/04\/O1CN01rwrzEJ1TbFa3BSMMR_2506382400-0-cib-100x100.jpg 100w\" sizes=\"(max-width: 1000px) 100vw, 1000px\" \/><\/td>\n<td style=\"width: 50%;\"><img loading=\"lazy\" decoding=\"async\" class=\"alignnone size-full wp-image-3538\" src=\"https:\/\/www.cosmepak.com\/wp-content\/uploads\/2025\/04\/O1CN01dFIx6t1TbFa2vlAVK_2506382400-0-cib.jpg\" alt=\"\" width=\"1000\" height=\"1000\" srcset=\"https:\/\/www.cosmepak.com\/wp-content\/uploads\/2025\/04\/O1CN01dFIx6t1TbFa2vlAVK_2506382400-0-cib.jpg 1000w, https:\/\/www.cosmepak.com\/wp-content\/uploads\/2025\/04\/O1CN01dFIx6t1TbFa2vlAVK_2506382400-0-cib-300x300.jpg 300w, https:\/\/www.cosmepak.com\/wp-content\/uploads\/2025\/04\/O1CN01dFIx6t1TbFa2vlAVK_2506382400-0-cib-150x150.jpg 150w, https:\/\/www.cosmepak.com\/wp-content\/uploads\/2025\/04\/O1CN01dFIx6t1TbFa2vlAVK_2506382400-0-cib-768x768.jpg 768w, https:\/\/www.cosmepak.com\/wp-content\/uploads\/2025\/04\/O1CN01dFIx6t1TbFa2vlAVK_2506382400-0-cib-12x12.jpg 12w, https:\/\/www.cosmepak.com\/wp-content\/uploads\/2025\/04\/O1CN01dFIx6t1TbFa2vlAVK_2506382400-0-cib-600x600.jpg 600w, https:\/\/www.cosmepak.com\/wp-content\/uploads\/2025\/04\/O1CN01dFIx6t1TbFa2vlAVK_2506382400-0-cib-100x100.jpg 100w\" sizes=\"(max-width: 1000px) 100vw, 1000px\" \/><\/td>\n<\/tr>\n<\/tbody>\n<\/table>\n<p>&nbsp;<\/p>\n<div><\/div>","protected":false},"excerpt":{"rendered":"<p>Material: vidrio<\/p>\n<p>Capacidad: 30 ml<\/p>\n<p>Color: Gradaci\u00f3n morada, marr\u00f3n, amarillo<\/p>\n<p>Acepte personalizado (cualquier color Pantone disponible)<\/p>\n<p>Color ajustado: negro \u3001 dorado<\/p>\n<p>Acabado de superficie: impresi\u00f3n de pantalla, estampado en caliente, gradiente de pulverizaci\u00f3n, acabado mate, etc.<\/p>\n<p>MOQ: 10000pcs<\/p>\n<p>Muestra: muestras gratuitas disponibles<\/p>\n<p>&nbsp;<\/p>\n<p>&nbsp;<\/p>","protected":false},"featured_media":1736,"comment_status":"closed","ping_status":"closed","template":"","meta":{"_acf_changed":false},"product_brand":[],"product_cat":[15,58],"product_tag":[40],"class_list":{"0":"post-1731","1":"product","2":"type-product","3":"status-publish","4":"has-post-thumbnail","6":"product_cat-essential-oil-bottle","7":"product_cat-glass-essential-oil-bottle","8":"product_tag-essential-oil-bottle","10":"first","11":"outofstock","12":"shipping-taxable","13":"product-type-simple"},"acf":[],"_links":{"self":[{"href":"https:\/\/www.cosmepak.com\/es\/wp-json\/wp\/v2\/product\/1731","targetHints":{"allow":["GET"]}}],"collection":[{"href":"https:\/\/www.cosmepak.com\/es\/wp-json\/wp\/v2\/product"}],"about":[{"href":"https:\/\/www.cosmepak.com\/es\/wp-json\/wp\/v2\/types\/product"}],"replies":[{"embeddable":true,"href":"https:\/\/www.cosmepak.com\/es\/wp-json\/wp\/v2\/comments?post=1731"}],"wp:featuredmedia":[{"embeddable":true,"href":"https:\/\/www.cosmepak.com\/es\/wp-json\/wp\/v2\/media\/1736"}],"wp:attachment":[{"href":"https:\/\/www.cosmepak.com\/es\/wp-json\/wp\/v2\/media?parent=1731"}],"wp:term":[{"taxonomy":"product_brand","embeddable":true,"href":"https:\/\/www.cosmepak.com\/es\/wp-json\/wp\/v2\/product_brand?post=1731"},{"taxonomy":"product_cat","embeddable":true,"href":"https:\/\/www.cosmepak.com\/es\/wp-json\/wp\/v2\/product_cat?post=1731"},{"taxonomy":"product_tag","embeddable":true,"href":"https:\/\/www.cosmepak.com\/es\/wp-json\/wp\/v2\/product_tag?post=1731"}],"curies":[{"name":"WP","href":"https:\/\/api.w.org\/{rel}","templated":true}]}}