{"id":1751,"date":"2025-04-03T13:54:30","date_gmt":"2025-04-03T05:54:30","guid":{"rendered":"https:\/\/www.cosmepak.com\/?post_type=product&#038;p=1751"},"modified":"2026-01-04T13:06:21","modified_gmt":"2026-01-04T05:06:21","slug":"80ml-square-shape-glass-bottle-for-cosmetic-packaging-jaunce","status":"publish","type":"product","link":"https:\/\/www.cosmepak.com\/es\/product\/80ml-square-shape-glass-bottle-for-cosmetic-packaging-jaunce\/","title":{"rendered":"Botella de vidrio de forma cuadrada de 80ml para el embalaje cosm\u00e9tico\/Jaunce"},"content":{"rendered":"<table style=\"border-collapse: collapse; width: 100%; height: 192px;\">\n<tbody>\n<tr style=\"height: 24px;\">\n<td style=\"width: 40.6929%; height: 192px;\" rowspan=\"8\"><img fetchpriority=\"high\" decoding=\"async\" class=\"alignnone size-full wp-image-3866\" src=\"https:\/\/www.cosmepak.com\/wp-content\/uploads\/2025\/04\/4-12.jpg\" alt=\"\" width=\"1000\" height=\"1000\" srcset=\"https:\/\/www.cosmepak.com\/wp-content\/uploads\/2025\/04\/4-12.jpg 1000w, https:\/\/www.cosmepak.com\/wp-content\/uploads\/2025\/04\/4-12-300x300.jpg 300w, https:\/\/www.cosmepak.com\/wp-content\/uploads\/2025\/04\/4-12-150x150.jpg 150w, https:\/\/www.cosmepak.com\/wp-content\/uploads\/2025\/04\/4-12-768x768.jpg 768w, https:\/\/www.cosmepak.com\/wp-content\/uploads\/2025\/04\/4-12-12x12.jpg 12w, https:\/\/www.cosmepak.com\/wp-content\/uploads\/2025\/04\/4-12-600x600.jpg 600w, https:\/\/www.cosmepak.com\/wp-content\/uploads\/2025\/04\/4-12-100x100.jpg 100w\" sizes=\"(max-width: 1000px) 100vw, 1000px\" \/><\/td>\n<td style=\"width: 23.5109%; height: 24px; text-align: center;\">Marca<\/td>\n<td style=\"width: 35.7961%; height: 24px; text-align: center;\">\u00a0Jaunce<\/td>\n<\/tr>\n<tr style=\"height: 24px;\">\n<td style=\"width: 23.5109%; height: 24px; text-align: center;\">Capacidad<\/td>\n<td style=\"width: 35.7961%; height: 24px; text-align: center;\">15ml \/ 30ml \/ 80ml \/ 100ml \/ 30g \/ 50g<\/td>\n<\/tr>\n<tr style=\"height: 24px;\">\n<td style=\"width: 23.5109%; height: 24px; text-align: center;\">Forma<\/td>\n<td style=\"width: 35.7961%; height: 24px; text-align: center;\">Cuadrado<\/td>\n<\/tr>\n<tr style=\"height: 24px;\">\n<td style=\"width: 23.5109%; height: 24px; text-align: center;\">Material<\/td>\n<td style=\"width: 35.7961%; height: 24px; text-align: center;\">Vaso<\/td>\n<\/tr>\n<tr style=\"height: 24px;\">\n<td style=\"width: 23.5109%; height: 24px; text-align: center;\">Modelo<\/td>\n<td style=\"width: 35.7961%; height: 24px; text-align: center;\">JH-PIM80<\/td>\n<\/tr>\n<tr style=\"height: 24px;\">\n<td style=\"width: 23.5109%; height: 24px; text-align: center;\">OEM \/ ODM<\/td>\n<td style=\"width: 35.7961%; height: 24px; text-align: center;\">Aceptar<\/td>\n<\/tr>\n<tr style=\"height: 24px;\">\n<td style=\"width: 23.5109%; height: 24px; text-align: center;\">Color<\/td>\n<td style=\"width: 35.7961%; height: 24px; text-align: center;\">Matt Black, Matt White, cualquier color de Parte personalizado<\/td>\n<\/tr>\n<tr style=\"height: 24px;\">\n<td style=\"width: 23.5109%; height: 24px; text-align: center;\">Moq<\/td>\n<td style=\"width: 35.7961%; height: 24px; text-align: center;\">3000pcs;<\/td>\n<\/tr>\n<\/tbody>\n<\/table>\n<table style=\"border-collapse: collapse; width: 100%; height: 192px;\">\n<tbody>\n<tr style=\"height: 24px;\">\n<td style=\"width: 12.7434%; text-align: center; height: 24px;\"><strong>Art\u00edculo<\/strong><\/td>\n<td style=\"width: 12.5142%; text-align: center; height: 24px;\"><strong>Altura total<\/strong><\/td>\n<td style=\"width: 12.5002%; text-align: center; height: 24px;\"><strong>Di\u00e1metro inferior<\/strong><\/td>\n<td style=\"width: 13.4092%; text-align: center; height: 24px;\"><strong>Longitud imprimible<\/strong><\/td>\n<td style=\"width: 13.1192%; text-align: center; height: 24px;\"><strong>Altura imprimible<\/strong><\/td>\n<td style=\"width: 10.7138%; text-align: center; height: 24px;\"><strong>Peso<\/strong><\/td>\n<\/tr>\n<tr style=\"height: 24px;\">\n<td style=\"width: 12.7434%; text-align: center; height: 24px;\">15 ml<\/td>\n<td style=\"width: 12.5142%; text-align: center; height: 24px;\">91.5mm<\/td>\n<td style=\"width: 12.5002%; text-align: center; height: 24px;\">30.5mm<\/td>\n<td style=\"width: 13.4092%; text-align: center; height: 24px;\">26 mm<\/td>\n<td style=\"width: 13.1192%; text-align: center; height: 24px;\">22 mm<\/td>\n<td style=\"width: 10.7138%; text-align: center; height: 24px;\">72.8g<\/td>\n<\/tr>\n<tr style=\"height: 24px;\">\n<td style=\"width: 12.7434%; text-align: center; height: 24px;\">30 ml<\/td>\n<td style=\"width: 12.5142%; text-align: center; height: 24px;\">120 mm<\/td>\n<td style=\"width: 12.5002%; text-align: center; height: 24px;\">30.5mm<\/td>\n<td style=\"width: 13.4092%; text-align: center; height: 24px;\">26 mm<\/td>\n<td style=\"width: 13.1192%; text-align: center; height: 24px;\">46 mm<\/td>\n<td style=\"width: 10.7138%; text-align: center; height: 24px;\">98.1g<\/td>\n<\/tr>\n<tr style=\"height: 24px;\">\n<td style=\"width: 12.7434%; text-align: center; height: 24px;\">80 ml<\/td>\n<td style=\"width: 12.5142%; text-align: center; height: 24px;\">160 mm<\/td>\n<td style=\"width: 12.5002%; text-align: center; height: 24px;\">38 mm<\/td>\n<td style=\"width: 13.4092%; text-align: center; height: 24px;\">34 mm<\/td>\n<td style=\"width: 13.1192%; text-align: center; height: 24px;\">85 mm<\/td>\n<td style=\"width: 10.7138%; text-align: center; height: 24px;\">198g<\/td>\n<\/tr>\n<tr style=\"height: 24px;\">\n<td style=\"width: 12.7434%; text-align: center; height: 24px;\">100 ml<\/td>\n<td style=\"width: 12.5142%; text-align: center; height: 24px;\">178.5mm<\/td>\n<td style=\"width: 12.5002%; text-align: center; height: 24px;\">38 mm<\/td>\n<td style=\"width: 13.4092%; text-align: center; height: 24px;\">34 mm<\/td>\n<td style=\"width: 13.1192%; text-align: center; height: 24px;\">105 mm<\/td>\n<td style=\"width: 10.7138%; text-align: center; height: 24px;\">210.5g<\/td>\n<\/tr>\n<tr style=\"height: 24px;\">\n<td style=\"width: 12.7434%; text-align: center; height: 24px;\"><strong>Art\u00edculo<\/strong><\/td>\n<td style=\"width: 12.5142%; text-align: center; height: 24px;\"><strong>Altura total<\/strong><\/td>\n<td style=\"width: 12.5002%; text-align: center; height: 24px;\"><strong>Di\u00e1metro inferior<\/strong><\/td>\n<td style=\"width: 13.4092%; text-align: center; height: 24px;\"><strong>Longitud imprimible<\/strong><\/td>\n<td style=\"width: 13.1192%; text-align: center; height: 24px;\"><strong>Altura imprimible<\/strong><\/td>\n<td style=\"width: 10.7138%; text-align: center; height: 24px;\"><strong>Peso<\/strong><\/td>\n<\/tr>\n<tr style=\"height: 24px;\">\n<td style=\"width: 12.7434%; text-align: center; height: 24px;\">30 g<\/td>\n<td style=\"width: 12.5142%; text-align: center; height: 24px;\">54 mm<\/td>\n<td style=\"width: 12.5002%; text-align: center; height: 24px;\">71.5mm<\/td>\n<td style=\"width: 13.4092%; text-align: center; height: 24px;\">65 mm<\/td>\n<td style=\"width: 13.1192%; text-align: center; height: 24px;\">24 mm<\/td>\n<td style=\"width: 10.7138%; text-align: center; height: 24px;\">261.6g<\/td>\n<\/tr>\n<tr style=\"height: 24px;\">\n<td style=\"width: 12.7434%; text-align: center; height: 24px;\">50 g<\/td>\n<td style=\"width: 12.5142%; text-align: center; height: 24px;\">54 mm<\/td>\n<td style=\"width: 12.5002%; text-align: center; height: 24px;\">71.5mm<\/td>\n<td style=\"width: 13.4092%; text-align: center; height: 24px;\">65 mm<\/td>\n<td style=\"width: 13.1192%; text-align: center; height: 24px;\">24 mm<\/td>\n<td style=\"width: 10.7138%; text-align: center; height: 24px;\">262.1g<\/td>\n<\/tr>\n<\/tbody>\n<\/table>\n<p class=\"ai-center-markdown-p\" data-spm-anchor-id=\"a2747.product_manager.0.i34.b13471d25n1Drz\">Este conjunto de botellas de fondo cuadrado es muy favorecido por su artesan\u00eda esmerilada premium y diversas opciones de accesorios. A continuaci\u00f3n se muestra una introducci\u00f3n detallada a este conjunto:<\/p>\n<p class=\"ai-center-markdown-p\">La botella hecha con artesan\u00eda helada, ofreciendo una textura de gama alta y un tacto suave. tiene capacidad 15ml \/ 30ml \/ 80ml y 100ml para botellas de bomba y 30g \/ 50g para frascos de crema. Tiene dos opciones de accesorios de color blanco y negro para que elijas.<\/p>\n<p class=\"ai-center-markdown-p\">La botella y los frascos de vidrio son respetuosos con el medio ambiente y reciclables, alineados con los principios verdes. Cuello de tornillo dise\u00f1ado para un f\u00e1cil llenado y un fuerte sellado, evitando efectivamente fugas. La parte inferior se espesa y refuerza para mejorar la resistencia a las ca\u00eddas y prevenir la rotura.<\/p>\n<p>Textura mate silenciosa, la superficie de la botella no es f\u00e1cil dejar huellas digitales. El color transparente le permite ver claramente los ingredientes y la capacidad restante despu\u00e9s del uso. El frasco de crema cuadrado con un recipiente interior de color coincidente en la tapa, los colores son uniformes, simples pero elegantes. La almohadilla de tirar de mano puede proteger mejor los materiales.<\/p>\n<p class=\"ai-center-markdown-p\" data-spm-anchor-id=\"a2747.product_manager.0.i32.b13471d25n1Drz\">Este conjunto de botellas de fondo cuadrado no solo es exquisito y hermoso en apariencia, sino que tambi\u00e9n sobresale en practicidad y sostenibilidad ambiental, lo que lo convierte en una opci\u00f3n ideal para envases de cuidado de la piel.<\/p>\n<table style=\"border-collapse: collapse; width: 100%;\">\n<tbody>\n<tr>\n<td style=\"width: 33.3333%;\"><img decoding=\"async\" class=\"alignnone size-full wp-image-3867\" src=\"https:\/\/www.cosmepak.com\/wp-content\/uploads\/2025\/04\/12-1.jpg\" alt=\"\" width=\"1000\" height=\"1000\" srcset=\"https:\/\/www.cosmepak.com\/wp-content\/uploads\/2025\/04\/12-1.jpg 1000w, https:\/\/www.cosmepak.com\/wp-content\/uploads\/2025\/04\/12-1-300x300.jpg 300w, https:\/\/www.cosmepak.com\/wp-content\/uploads\/2025\/04\/12-1-150x150.jpg 150w, https:\/\/www.cosmepak.com\/wp-content\/uploads\/2025\/04\/12-1-768x768.jpg 768w, https:\/\/www.cosmepak.com\/wp-content\/uploads\/2025\/04\/12-1-12x12.jpg 12w, https:\/\/www.cosmepak.com\/wp-content\/uploads\/2025\/04\/12-1-600x600.jpg 600w, https:\/\/www.cosmepak.com\/wp-content\/uploads\/2025\/04\/12-1-100x100.jpg 100w\" sizes=\"(max-width: 1000px) 100vw, 1000px\" \/><\/td>\n<td style=\"width: 33.3333%;\"><img decoding=\"async\" class=\"alignnone size-full wp-image-3868\" src=\"https:\/\/www.cosmepak.com\/wp-content\/uploads\/2025\/04\/7-6.jpg\" alt=\"\" width=\"1000\" height=\"1000\" srcset=\"https:\/\/www.cosmepak.com\/wp-content\/uploads\/2025\/04\/7-6.jpg 1000w, https:\/\/www.cosmepak.com\/wp-content\/uploads\/2025\/04\/7-6-300x300.jpg 300w, https:\/\/www.cosmepak.com\/wp-content\/uploads\/2025\/04\/7-6-150x150.jpg 150w, https:\/\/www.cosmepak.com\/wp-content\/uploads\/2025\/04\/7-6-768x768.jpg 768w, https:\/\/www.cosmepak.com\/wp-content\/uploads\/2025\/04\/7-6-12x12.jpg 12w, https:\/\/www.cosmepak.com\/wp-content\/uploads\/2025\/04\/7-6-600x600.jpg 600w, https:\/\/www.cosmepak.com\/wp-content\/uploads\/2025\/04\/7-6-100x100.jpg 100w\" sizes=\"(max-width: 1000px) 100vw, 1000px\" \/><\/td>\n<td style=\"width: 33.3333%;\"><img loading=\"lazy\" decoding=\"async\" class=\"alignnone size-full wp-image-3869\" src=\"https:\/\/www.cosmepak.com\/wp-content\/uploads\/2025\/04\/10-5.jpg\" alt=\"\" width=\"1000\" height=\"1000\" srcset=\"https:\/\/www.cosmepak.com\/wp-content\/uploads\/2025\/04\/10-5.jpg 1000w, https:\/\/www.cosmepak.com\/wp-content\/uploads\/2025\/04\/10-5-300x300.jpg 300w, https:\/\/www.cosmepak.com\/wp-content\/uploads\/2025\/04\/10-5-150x150.jpg 150w, https:\/\/www.cosmepak.com\/wp-content\/uploads\/2025\/04\/10-5-768x768.jpg 768w, https:\/\/www.cosmepak.com\/wp-content\/uploads\/2025\/04\/10-5-12x12.jpg 12w, https:\/\/www.cosmepak.com\/wp-content\/uploads\/2025\/04\/10-5-600x600.jpg 600w, https:\/\/www.cosmepak.com\/wp-content\/uploads\/2025\/04\/10-5-100x100.jpg 100w\" sizes=\"(max-width: 1000px) 100vw, 1000px\" \/><\/td>\n<\/tr>\n<\/tbody>\n<\/table>\n<table style=\"border-collapse: collapse; width: 100%;\">\n<tbody>\n<tr>\n<td style=\"width: 33.3333%;\"><img loading=\"lazy\" decoding=\"async\" class=\"alignnone size-full wp-image-3870\" src=\"https:\/\/www.cosmepak.com\/wp-content\/uploads\/2025\/04\/8-6.jpg\" alt=\"\" width=\"1000\" height=\"1000\" srcset=\"https:\/\/www.cosmepak.com\/wp-content\/uploads\/2025\/04\/8-6.jpg 1000w, https:\/\/www.cosmepak.com\/wp-content\/uploads\/2025\/04\/8-6-300x300.jpg 300w, https:\/\/www.cosmepak.com\/wp-content\/uploads\/2025\/04\/8-6-150x150.jpg 150w, https:\/\/www.cosmepak.com\/wp-content\/uploads\/2025\/04\/8-6-768x768.jpg 768w, https:\/\/www.cosmepak.com\/wp-content\/uploads\/2025\/04\/8-6-12x12.jpg 12w, https:\/\/www.cosmepak.com\/wp-content\/uploads\/2025\/04\/8-6-600x600.jpg 600w, https:\/\/www.cosmepak.com\/wp-content\/uploads\/2025\/04\/8-6-100x100.jpg 100w\" sizes=\"(max-width: 1000px) 100vw, 1000px\" \/><\/td>\n<td style=\"width: 33.3333%;\"><img loading=\"lazy\" decoding=\"async\" class=\"alignnone size-full wp-image-3871\" src=\"https:\/\/www.cosmepak.com\/wp-content\/uploads\/2025\/04\/1-17.jpg\" alt=\"\" width=\"1000\" height=\"1000\" srcset=\"https:\/\/www.cosmepak.com\/wp-content\/uploads\/2025\/04\/1-17.jpg 1000w, https:\/\/www.cosmepak.com\/wp-content\/uploads\/2025\/04\/1-17-300x300.jpg 300w, https:\/\/www.cosmepak.com\/wp-content\/uploads\/2025\/04\/1-17-150x150.jpg 150w, https:\/\/www.cosmepak.com\/wp-content\/uploads\/2025\/04\/1-17-768x768.jpg 768w, https:\/\/www.cosmepak.com\/wp-content\/uploads\/2025\/04\/1-17-12x12.jpg 12w, https:\/\/www.cosmepak.com\/wp-content\/uploads\/2025\/04\/1-17-600x600.jpg 600w, https:\/\/www.cosmepak.com\/wp-content\/uploads\/2025\/04\/1-17-100x100.jpg 100w\" sizes=\"(max-width: 1000px) 100vw, 1000px\" \/><\/td>\n<td style=\"width: 33.3333%;\"><img loading=\"lazy\" decoding=\"async\" class=\"alignnone size-full wp-image-3872\" src=\"https:\/\/www.cosmepak.com\/wp-content\/uploads\/2025\/04\/9-5.jpg\" alt=\"\" width=\"1000\" height=\"1000\" srcset=\"https:\/\/www.cosmepak.com\/wp-content\/uploads\/2025\/04\/9-5.jpg 1000w, https:\/\/www.cosmepak.com\/wp-content\/uploads\/2025\/04\/9-5-300x300.jpg 300w, https:\/\/www.cosmepak.com\/wp-content\/uploads\/2025\/04\/9-5-150x150.jpg 150w, https:\/\/www.cosmepak.com\/wp-content\/uploads\/2025\/04\/9-5-768x768.jpg 768w, https:\/\/www.cosmepak.com\/wp-content\/uploads\/2025\/04\/9-5-12x12.jpg 12w, https:\/\/www.cosmepak.com\/wp-content\/uploads\/2025\/04\/9-5-600x600.jpg 600w, https:\/\/www.cosmepak.com\/wp-content\/uploads\/2025\/04\/9-5-100x100.jpg 100w\" sizes=\"(max-width: 1000px) 100vw, 1000px\" \/><\/td>\n<\/tr>\n<\/tbody>\n<\/table>\n<p>&nbsp;<\/p>\n<p>&nbsp;<\/p>\n<p class=\"ai-center-markdown-p\">","protected":false},"excerpt":{"rendered":"<p>Material: vidrio<\/p>\n<p>Capacidad: 80 ml<\/p>\n<p>Color: Aceptar personalizado (cualquier color Pantone disponible)<\/p>\n<p>Acabado de superficie: impresi\u00f3n de pantalla, estampado en caliente, gradiente de pulverizaci\u00f3n, acabado mate, etc.<\/p>\n<p>MOQ: 3000pcs<\/p>\n<p>Muestra: muestras gratuitas disponibles<\/p>\n<p>&nbsp;<\/p>\n<p>&nbsp;<\/p>","protected":false},"featured_media":1753,"comment_status":"closed","ping_status":"closed","template":"","meta":{"_acf_changed":false},"product_brand":[],"product_cat":[19,46],"product_tag":[61],"class_list":{"0":"post-1751","1":"product","2":"type-product","3":"status-publish","4":"has-post-thumbnail","6":"product_cat-skincare-glass-bottle","7":"product_cat-skincare-product-set-package","8":"product_tag-skincare-product-set","10":"first","11":"outofstock","12":"shipping-taxable","13":"product-type-simple"},"acf":[],"_links":{"self":[{"href":"https:\/\/www.cosmepak.com\/es\/wp-json\/wp\/v2\/product\/1751","targetHints":{"allow":["GET"]}}],"collection":[{"href":"https:\/\/www.cosmepak.com\/es\/wp-json\/wp\/v2\/product"}],"about":[{"href":"https:\/\/www.cosmepak.com\/es\/wp-json\/wp\/v2\/types\/product"}],"replies":[{"embeddable":true,"href":"https:\/\/www.cosmepak.com\/es\/wp-json\/wp\/v2\/comments?post=1751"}],"wp:featuredmedia":[{"embeddable":true,"href":"https:\/\/www.cosmepak.com\/es\/wp-json\/wp\/v2\/media\/1753"}],"wp:attachment":[{"href":"https:\/\/www.cosmepak.com\/es\/wp-json\/wp\/v2\/media?parent=1751"}],"wp:term":[{"taxonomy":"product_brand","embeddable":true,"href":"https:\/\/www.cosmepak.com\/es\/wp-json\/wp\/v2\/product_brand?post=1751"},{"taxonomy":"product_cat","embeddable":true,"href":"https:\/\/www.cosmepak.com\/es\/wp-json\/wp\/v2\/product_cat?post=1751"},{"taxonomy":"product_tag","embeddable":true,"href":"https:\/\/www.cosmepak.com\/es\/wp-json\/wp\/v2\/product_tag?post=1751"}],"curies":[{"name":"WP","href":"https:\/\/api.w.org\/{rel}","templated":true}]}}