{"id":1774,"date":"2025-04-03T16:18:52","date_gmt":"2025-04-03T08:18:52","guid":{"rendered":"https:\/\/www.cosmepak.com\/?post_type=product&#038;p=1774"},"modified":"2026-01-04T10:14:20","modified_gmt":"2026-01-04T02:14:20","slug":"blue-off-the-shoulder-skindcare-bottle","status":"publish","type":"product","link":"https:\/\/www.cosmepak.com\/es\/product\/blue-off-the-shoulder-skindcare-bottle\/","title":{"rendered":"Botella de cuidado de la piel azul fuera del hombro"},"content":{"rendered":"<table style=\"border-collapse: collapse; width: 100%; height: 216px;\">\n<tbody>\n<tr style=\"height: 24px;\">\n<td style=\"width: 40.6929%; height: 216px;\" rowspan=\"9\"><img fetchpriority=\"high\" decoding=\"async\" class=\"alignnone size-full wp-image-3859\" src=\"https:\/\/www.cosmepak.com\/wp-content\/uploads\/2025\/04\/\u4e3b\u56fe-6-5.jpg\" alt=\"\" width=\"1000\" height=\"1000\" srcset=\"https:\/\/www.cosmepak.com\/wp-content\/uploads\/2025\/04\/\u4e3b\u56fe-6-5.jpg 1000w, https:\/\/www.cosmepak.com\/wp-content\/uploads\/2025\/04\/\u4e3b\u56fe-6-5-300x300.jpg 300w, https:\/\/www.cosmepak.com\/wp-content\/uploads\/2025\/04\/\u4e3b\u56fe-6-5-150x150.jpg 150w, https:\/\/www.cosmepak.com\/wp-content\/uploads\/2025\/04\/\u4e3b\u56fe-6-5-768x768.jpg 768w, https:\/\/www.cosmepak.com\/wp-content\/uploads\/2025\/04\/\u4e3b\u56fe-6-5-12x12.jpg 12w, https:\/\/www.cosmepak.com\/wp-content\/uploads\/2025\/04\/\u4e3b\u56fe-6-5-600x600.jpg 600w, https:\/\/www.cosmepak.com\/wp-content\/uploads\/2025\/04\/\u4e3b\u56fe-6-5-100x100.jpg 100w\" sizes=\"(max-width: 1000px) 100vw, 1000px\" \/><\/td>\n<td style=\"width: 23.5109%; height: 24px; text-align: center;\">Marca<\/td>\n<td style=\"width: 35.7961%; height: 24px; text-align: center;\">\u00a0Jaunce<\/td>\n<\/tr>\n<tr style=\"height: 24px;\">\n<td style=\"width: 23.5109%; height: 24px; text-align: center;\">Capacidad<\/td>\n<td style=\"width: 35.7961%; height: 24px; text-align: center;\">30ml \/ 45ml \/ 100ml \/ 120ml \/ 150ml \/ 30g \/ 50g<\/td>\n<\/tr>\n<tr style=\"height: 24px;\">\n<td style=\"width: 23.5109%; height: 24px; text-align: center;\">Forma<\/td>\n<td style=\"width: 35.7961%; height: 24px; text-align: center;\">Forma del cilindro<\/td>\n<\/tr>\n<tr style=\"height: 24px;\">\n<td style=\"width: 23.5109%; height: 24px; text-align: center;\">Material<\/td>\n<td style=\"width: 35.7961%; height: 24px; text-align: center;\">Vaso<\/td>\n<\/tr>\n<tr style=\"height: 24px;\">\n<td style=\"width: 23.5109%; height: 24px; text-align: center;\">Modelo<\/td>\n<td style=\"width: 35.7961%; height: 24px; text-align: center;\">Jh-oM50<\/td>\n<\/tr>\n<tr style=\"height: 24px;\">\n<td style=\"width: 23.5109%; height: 24px; text-align: center;\">OEM \/ ODM<\/td>\n<td style=\"width: 35.7961%; height: 24px; text-align: center;\">Aceptar<\/td>\n<\/tr>\n<tr style=\"height: 24px;\">\n<td style=\"width: 23.5109%; height: 24px; text-align: center;\">Color<\/td>\n<td style=\"width: 35.7961%; height: 24px; text-align: center;\">Cualquier color de Parton personalizado<\/td>\n<\/tr>\n<tr style=\"height: 24px;\">\n<td style=\"width: 23.5109%; height: 24px; text-align: center;\">Uso<\/td>\n<td style=\"width: 35.7961%; height: 24px; text-align: center;\">Loci\u00f3n\/Fundaci\u00f3n\/crema etc.<\/td>\n<\/tr>\n<tr style=\"height: 24px;\">\n<td style=\"width: 23.5109%; height: 24px; text-align: center;\">Moq<\/td>\n<td style=\"width: 35.7961%; height: 24px; text-align: center;\">5000pcs<\/td>\n<\/tr>\n<\/tbody>\n<\/table>\n<table style=\"border-collapse: collapse; width: 100%; height: 192px;\">\n<tbody>\n<tr style=\"height: 24px;\">\n<td style=\"width: 10.4249%; text-align: center; height: 24px;\"><strong>Capacidad<\/strong><\/td>\n<td style=\"width: 8.48195%; text-align: center; height: 24px;\"><strong>Altura total<\/strong><\/td>\n<td style=\"width: 8.46783%; text-align: center; height: 24px;\"><strong>Di\u00e1metro inferior<\/strong><\/td>\n<td style=\"width: 7.56062%; text-align: center; height: 24px;\"><strong>circunferencia<\/strong><\/td>\n<td style=\"width: 7.9709%; text-align: center; height: 24px;\"><strong>Altura imprimible<\/strong><\/td>\n<td style=\"width: 7.9709%; text-align: center; height: 24px;\"><strong>Peso<\/strong><\/td>\n<\/tr>\n<tr style=\"height: 24px;\">\n<td style=\"width: 10.4249%; text-align: center; height: 24px;\">30 g<\/td>\n<td style=\"width: 8.48195%; text-align: center; height: 24px;\">40 mm<\/td>\n<td style=\"width: 8.46783%; text-align: center; height: 24px;\">66 mm<\/td>\n<td style=\"width: 7.56062%; text-align: center; height: 24px;\">208 mm<\/td>\n<td style=\"width: 7.9709%; text-align: center; height: 24px;\">12 mm<\/td>\n<td style=\"width: 7.9709%; text-align: center; height: 24px;\">119.3g<\/td>\n<\/tr>\n<tr style=\"height: 24px;\">\n<td style=\"width: 10.4249%; text-align: center; height: 24px;\">50 g<\/td>\n<td style=\"width: 8.48195%; text-align: center; height: 24px;\">48 mm<\/td>\n<td style=\"width: 8.46783%; text-align: center; height: 24px;\">66 mm<\/td>\n<td style=\"width: 7.56062%; text-align: center; height: 24px;\">208 mm<\/td>\n<td style=\"width: 7.9709%; text-align: center; height: 24px;\">18 mm<\/td>\n<td style=\"width: 7.9709%; text-align: center; height: 24px;\">138.5g<\/td>\n<\/tr>\n<tr style=\"height: 24px;\">\n<td style=\"width: 10.4249%; text-align: center; height: 24px;\">Botella de gota de 30ml<\/td>\n<td style=\"width: 8.48195%; text-align: center; height: 24px;\">88 mm<\/td>\n<td style=\"width: 8.46783%; text-align: center; height: 24px;\">49 mm<\/td>\n<td style=\"width: 7.56062%; text-align: center; height: 24px;\">154mm<\/td>\n<td style=\"width: 7.9709%; text-align: center; height: 24px;\">32 mm<\/td>\n<td style=\"width: 7.9709%; text-align: center; height: 24px;\">132.9g<\/td>\n<\/tr>\n<tr style=\"height: 24px;\">\n<td style=\"width: 10.4249%; text-align: center; height: 24px;\">50 ml<\/td>\n<td style=\"width: 8.48195%; text-align: center; height: 24px;\">102 mm<\/td>\n<td style=\"width: 8.46783%; text-align: center; height: 24px;\">49 mm<\/td>\n<td style=\"width: 7.56062%; text-align: center; height: 24px;\">154mm<\/td>\n<td style=\"width: 7.9709%; text-align: center; height: 24px;\">43 mm<\/td>\n<td style=\"width: 7.9709%; text-align: center; height: 24px;\">141.6g<\/td>\n<\/tr>\n<tr style=\"height: 24px;\">\n<td style=\"width: 10.4249%; text-align: center; height: 24px;\">100 ml<\/td>\n<td style=\"width: 8.48195%; text-align: center; height: 24px;\">La tecnolog\u00eda sin aire utiliza un medidor de vac\u00edo al lado de la botella. Cuando presiona la bomba, un pist\u00f3n en la parte inferior se mueve hacia arriba. Esto empuja el producto fuera sin dejar entrar aire y mantiene las f\u00f3rmulas a salvo de la oxidaci\u00f3n, incluso despu\u00e9s de muchos usos. Esto es ideal para productos naturales que no tienen muchos conservantes.<\/td>\n<td style=\"width: 8.46783%; text-align: center; height: 24px;\">49 mm<\/td>\n<td style=\"width: 7.56062%; text-align: center; height: 24px;\">154mm<\/td>\n<td style=\"width: 7.9709%; text-align: center; height: 24px;\">82 mm<\/td>\n<td style=\"width: 7.9709%; text-align: center; height: 24px;\">197g<\/td>\n<\/tr>\n<tr style=\"height: 24px;\">\n<td style=\"width: 10.4249%; text-align: center; height: 24px;\">120 ml<\/td>\n<td style=\"width: 8.48195%; text-align: center; height: 24px;\">155 mm<\/td>\n<td style=\"width: 8.46783%; text-align: center; height: 24px;\">49 mm<\/td>\n<td style=\"width: 7.56062%; text-align: center; height: 24px;\">154mm<\/td>\n<td style=\"width: 7.9709%; text-align: center; height: 24px;\">95 mm<\/td>\n<td style=\"width: 7.9709%; text-align: center; height: 24px;\">208.3g<\/td>\n<\/tr>\n<tr style=\"height: 24px;\">\n<td style=\"width: 10.4249%; text-align: center; height: 24px;\">150 ml<\/td>\n<td style=\"width: 8.48195%; text-align: center; height: 24px;\">175mm<\/td>\n<td style=\"width: 8.46783%; text-align: center; height: 24px;\">49 mm<\/td>\n<td style=\"width: 7.56062%; text-align: center; height: 24px;\">154mm<\/td>\n<td style=\"width: 7.9709%; text-align: center; height: 24px;\">112 mm<\/td>\n<td style=\"width: 7.9709%; text-align: center; height: 24px;\">218.2g<\/td>\n<\/tr>\n<\/tbody>\n<\/table>\n<p>Este conjunto de envases de botellas es una soluci\u00f3n completa para cosm\u00e9ticos y productos de cuidado de la piel. Cuenta con una botella de vidrio cil\u00edndrica de hombro plano de alta calidad como soporte central, combinada con una bomba blanca sencilla y elegante. Con su dise\u00f1o visual distintivo y una amplia gama de opciones de tama\u00f1o, puede satisfacer con precisi\u00f3n las necesidades de embalaje de varios productos de cuidado de la piel y cosm\u00e9ticos, combinando est\u00e9tica y practicidad.<\/p>\n<p>La botella adopta una forma cil\u00edndrica cl\u00e1sica de hombros planos con l\u00edneas lisas y regulares, lo que garantiza la estabilidad cuando se coloca y destaca un estilo simple pero lujoso, un color azul brillante, creando un fuerte contraste de color con la cabeza de bomba blanca pura, con un poderoso impacto visual. Puede atraer r\u00e1pidamente a los consumidores&#8217; atenci\u00f3n y transmitir un car\u00e1cter de producto fresco y puro.<\/p>\n<p>Este producto tiene una gama extremadamente salvaje de especificaciones y configuraciones, botellas de vidrio dise\u00f1adas espec\u00edficamente para productos l\u00edquidos para el cuidado de la piel y frascos dise\u00f1ados espec\u00edficamente para productos de tipo crema, logrando una cobertura completa de todas las categor\u00edas. La serie de botellas l\u00edquidas ofrece una variedad de opciones de capacidad, incluyendo 30 ml, 45 ml, 100 ml, 120 ml y 150 ml. La especificaci\u00f3n de 30 ml est\u00e1 especialmente equipada con un dise\u00f1o de goteador de cuello grande, que es conveniente para la medici\u00f3n y el uso precisos, y es especialmente adecuada para productos como esencias, aceites esenciales y esencias que requieren una aplicaci\u00f3n precisa. Las especificaciones de mayor capacidad de 45 ml y superior est\u00e1n equipadas con una bomba presurizada blanca, que funciona sin problemas y distribuye el l\u00edquido de manera uniforme, y son adecuadas para varios productos l\u00edquidos para el cuidado de la piel, como t\u00f3ners, lociones y eliminadores de maquillaje. La serie de frascos tiene dos capacidades comunes, 30 gramos y 50 gramos. El dise\u00f1o de los frascos es consistente con el estilo de las botellas de vidrio, tiene un excelente rendimiento de sellado y puede prevenir eficazmente la oxidaci\u00f3n y el deterioro de los ingredientes activos en productos de tipo crema como hidratantes, cremas para los ojos y lociones corporales.<\/p>\n<table style=\"border-collapse: collapse; width: 100%;\">\n<tbody>\n<tr>\n<td style=\"width: 33.3333%;\"><img decoding=\"async\" class=\"alignnone size-full wp-image-3860\" src=\"https:\/\/www.cosmepak.com\/wp-content\/uploads\/2025\/04\/61.jpg\" alt=\"\" width=\"1000\" height=\"1000\" srcset=\"https:\/\/www.cosmepak.com\/wp-content\/uploads\/2025\/04\/61.jpg 1000w, https:\/\/www.cosmepak.com\/wp-content\/uploads\/2025\/04\/61-300x300.jpg 300w, https:\/\/www.cosmepak.com\/wp-content\/uploads\/2025\/04\/61-150x150.jpg 150w, https:\/\/www.cosmepak.com\/wp-content\/uploads\/2025\/04\/61-768x768.jpg 768w, https:\/\/www.cosmepak.com\/wp-content\/uploads\/2025\/04\/61-12x12.jpg 12w, https:\/\/www.cosmepak.com\/wp-content\/uploads\/2025\/04\/61-600x600.jpg 600w, https:\/\/www.cosmepak.com\/wp-content\/uploads\/2025\/04\/61-100x100.jpg 100w\" sizes=\"(max-width: 1000px) 100vw, 1000px\" \/><\/td>\n<td style=\"width: 33.3333%;\"><img decoding=\"async\" class=\"alignnone size-full wp-image-3861\" src=\"https:\/\/www.cosmepak.com\/wp-content\/uploads\/2025\/04\/81.jpg\" alt=\"\" width=\"1000\" height=\"1000\" srcset=\"https:\/\/www.cosmepak.com\/wp-content\/uploads\/2025\/04\/81.jpg 1000w, https:\/\/www.cosmepak.com\/wp-content\/uploads\/2025\/04\/81-300x300.jpg 300w, https:\/\/www.cosmepak.com\/wp-content\/uploads\/2025\/04\/81-150x150.jpg 150w, https:\/\/www.cosmepak.com\/wp-content\/uploads\/2025\/04\/81-768x768.jpg 768w, https:\/\/www.cosmepak.com\/wp-content\/uploads\/2025\/04\/81-12x12.jpg 12w, https:\/\/www.cosmepak.com\/wp-content\/uploads\/2025\/04\/81-600x600.jpg 600w, https:\/\/www.cosmepak.com\/wp-content\/uploads\/2025\/04\/81-100x100.jpg 100w\" sizes=\"(max-width: 1000px) 100vw, 1000px\" \/><\/td>\n<td style=\"width: 33.3333%;\"><img loading=\"lazy\" decoding=\"async\" class=\"alignnone size-full wp-image-3862\" src=\"https:\/\/www.cosmepak.com\/wp-content\/uploads\/2025\/04\/41.jpg\" alt=\"\" width=\"1000\" height=\"1000\" srcset=\"https:\/\/www.cosmepak.com\/wp-content\/uploads\/2025\/04\/41.jpg 1000w, https:\/\/www.cosmepak.com\/wp-content\/uploads\/2025\/04\/41-300x300.jpg 300w, https:\/\/www.cosmepak.com\/wp-content\/uploads\/2025\/04\/41-150x150.jpg 150w, https:\/\/www.cosmepak.com\/wp-content\/uploads\/2025\/04\/41-768x768.jpg 768w, https:\/\/www.cosmepak.com\/wp-content\/uploads\/2025\/04\/41-12x12.jpg 12w, https:\/\/www.cosmepak.com\/wp-content\/uploads\/2025\/04\/41-600x600.jpg 600w, https:\/\/www.cosmepak.com\/wp-content\/uploads\/2025\/04\/41-100x100.jpg 100w\" sizes=\"(max-width: 1000px) 100vw, 1000px\" \/><\/td>\n<\/tr>\n<\/tbody>\n<\/table>\n<table style=\"border-collapse: collapse; width: 100%;\">\n<tbody>\n<tr>\n<td style=\"width: 50%;\"><img loading=\"lazy\" decoding=\"async\" class=\"alignnone size-full wp-image-3863\" src=\"https:\/\/www.cosmepak.com\/wp-content\/uploads\/2025\/04\/11-1.jpg\" alt=\"\" width=\"1000\" height=\"1000\" srcset=\"https:\/\/www.cosmepak.com\/wp-content\/uploads\/2025\/04\/11-1.jpg 1000w, https:\/\/www.cosmepak.com\/wp-content\/uploads\/2025\/04\/11-1-300x300.jpg 300w, https:\/\/www.cosmepak.com\/wp-content\/uploads\/2025\/04\/11-1-150x150.jpg 150w, https:\/\/www.cosmepak.com\/wp-content\/uploads\/2025\/04\/11-1-768x768.jpg 768w, https:\/\/www.cosmepak.com\/wp-content\/uploads\/2025\/04\/11-1-12x12.jpg 12w, https:\/\/www.cosmepak.com\/wp-content\/uploads\/2025\/04\/11-1-600x600.jpg 600w, https:\/\/www.cosmepak.com\/wp-content\/uploads\/2025\/04\/11-1-100x100.jpg 100w\" sizes=\"(max-width: 1000px) 100vw, 1000px\" \/><\/td>\n<td style=\"width: 50%;\"><img loading=\"lazy\" decoding=\"async\" class=\"alignnone size-full wp-image-3864\" src=\"https:\/\/www.cosmepak.com\/wp-content\/uploads\/2025\/04\/21-2.jpg\" alt=\"\" width=\"1000\" height=\"1000\" srcset=\"https:\/\/www.cosmepak.com\/wp-content\/uploads\/2025\/04\/21-2.jpg 1000w, https:\/\/www.cosmepak.com\/wp-content\/uploads\/2025\/04\/21-2-300x300.jpg 300w, https:\/\/www.cosmepak.com\/wp-content\/uploads\/2025\/04\/21-2-150x150.jpg 150w, https:\/\/www.cosmepak.com\/wp-content\/uploads\/2025\/04\/21-2-768x768.jpg 768w, https:\/\/www.cosmepak.com\/wp-content\/uploads\/2025\/04\/21-2-12x12.jpg 12w, https:\/\/www.cosmepak.com\/wp-content\/uploads\/2025\/04\/21-2-600x600.jpg 600w, https:\/\/www.cosmepak.com\/wp-content\/uploads\/2025\/04\/21-2-100x100.jpg 100w\" sizes=\"(max-width: 1000px) 100vw, 1000px\" \/><\/td>\n<\/tr>\n<\/tbody>\n<\/table>","protected":false},"excerpt":{"rendered":"<p>Material: vidrio<\/p>\n<p>Capacidad: 30ml \/ 50ml \/ 100ml \/ 120ml \/ 50g<\/p>\n<p>Color: Aceptar personalizado (cualquier color Pantone disponible)<\/p>\n<p>Acabado de superficie: impresi\u00f3n de pantalla, estampado en caliente, gradiente de pulverizaci\u00f3n, acabado mate, etc.<\/p>\n<p>MOQ: 1000pcs \/ 10000pcs personalizado<\/p>\n<p>Muestra: muestras gratuitas disponibles<\/p>\n<p>&nbsp;<\/p>\n<p>&nbsp;<\/p>","protected":false},"featured_media":3865,"comment_status":"closed","ping_status":"closed","template":"","meta":{"_acf_changed":false},"product_brand":[],"product_cat":[19,46],"product_tag":[61],"class_list":{"0":"post-1774","1":"product","2":"type-product","3":"status-publish","4":"has-post-thumbnail","6":"product_cat-skincare-glass-bottle","7":"product_cat-skincare-product-set-package","8":"product_tag-skincare-product-set","10":"first","11":"outofstock","12":"shipping-taxable","13":"product-type-simple"},"acf":[],"_links":{"self":[{"href":"https:\/\/www.cosmepak.com\/es\/wp-json\/wp\/v2\/product\/1774","targetHints":{"allow":["GET"]}}],"collection":[{"href":"https:\/\/www.cosmepak.com\/es\/wp-json\/wp\/v2\/product"}],"about":[{"href":"https:\/\/www.cosmepak.com\/es\/wp-json\/wp\/v2\/types\/product"}],"replies":[{"embeddable":true,"href":"https:\/\/www.cosmepak.com\/es\/wp-json\/wp\/v2\/comments?post=1774"}],"wp:featuredmedia":[{"embeddable":true,"href":"https:\/\/www.cosmepak.com\/es\/wp-json\/wp\/v2\/media\/3865"}],"wp:attachment":[{"href":"https:\/\/www.cosmepak.com\/es\/wp-json\/wp\/v2\/media?parent=1774"}],"wp:term":[{"taxonomy":"product_brand","embeddable":true,"href":"https:\/\/www.cosmepak.com\/es\/wp-json\/wp\/v2\/product_brand?post=1774"},{"taxonomy":"product_cat","embeddable":true,"href":"https:\/\/www.cosmepak.com\/es\/wp-json\/wp\/v2\/product_cat?post=1774"},{"taxonomy":"product_tag","embeddable":true,"href":"https:\/\/www.cosmepak.com\/es\/wp-json\/wp\/v2\/product_tag?post=1774"}],"curies":[{"name":"WP","href":"https:\/\/api.w.org\/{rel}","templated":true}]}}