{"id":1819,"date":"2025-04-14T11:14:29","date_gmt":"2025-04-14T03:14:29","guid":{"rendered":"https:\/\/www.cosmepak.com\/?post_type=product&#038;p=1819"},"modified":"2025-11-27T13:27:09","modified_gmt":"2025-11-27T05:27:09","slug":"15ml-100ml-as-vacuum-bottles-for-cosmetic-packaging-jaunce","status":"publish","type":"product","link":"https:\/\/www.cosmepak.com\/es\/product\/15ml-100ml-as-vacuum-bottles-for-cosmetic-packaging-jaunce\/","title":{"rendered":"15ml-100ml como botellas de vac\u00edo para el embalaje cosm\u00e9tico\/Jaunce"},"content":{"rendered":"<table style=\"border-collapse: collapse; width: 100%; height: 216px;\">\n<tbody>\n<tr style=\"height: 24px;\">\n<td style=\"width: 40.6929%; height: 216px;\" rowspan=\"9\"><img fetchpriority=\"high\" decoding=\"async\" class=\"alignnone size-full wp-image-1821\" src=\"https:\/\/www.cosmepak.com\/wp-content\/uploads\/2025\/04\/O1CN01B8l6If1nx2QPOhAuA_1777995155-0-cib.jpg\" alt=\"botellas de vac\u00edo\" width=\"800\" height=\"800\" srcset=\"https:\/\/www.cosmepak.com\/wp-content\/uploads\/2025\/04\/O1CN01B8l6If1nx2QPOhAuA_1777995155-0-cib.jpg 800w, https:\/\/www.cosmepak.com\/wp-content\/uploads\/2025\/04\/O1CN01B8l6If1nx2QPOhAuA_1777995155-0-cib-300x300.jpg 300w, https:\/\/www.cosmepak.com\/wp-content\/uploads\/2025\/04\/O1CN01B8l6If1nx2QPOhAuA_1777995155-0-cib-150x150.jpg 150w, https:\/\/www.cosmepak.com\/wp-content\/uploads\/2025\/04\/O1CN01B8l6If1nx2QPOhAuA_1777995155-0-cib-768x768.jpg 768w, https:\/\/www.cosmepak.com\/wp-content\/uploads\/2025\/04\/O1CN01B8l6If1nx2QPOhAuA_1777995155-0-cib-12x12.jpg 12w, https:\/\/www.cosmepak.com\/wp-content\/uploads\/2025\/04\/O1CN01B8l6If1nx2QPOhAuA_1777995155-0-cib-600x600.jpg 600w, https:\/\/www.cosmepak.com\/wp-content\/uploads\/2025\/04\/O1CN01B8l6If1nx2QPOhAuA_1777995155-0-cib-100x100.jpg 100w\" sizes=\"(max-width: 800px) 100vw, 800px\" \/><\/td>\n<td style=\"width: 23.5109%; height: 24px; text-align: center;\">Marca<\/td>\n<td style=\"width: 35.7961%; height: 24px; text-align: center;\">\u00a0Jaunce<\/td>\n<\/tr>\n<tr style=\"height: 24px;\">\n<td style=\"width: 23.5109%; height: 24px; text-align: center;\">Capacidad<\/td>\n<td style=\"width: 35.7961%; height: 24px; text-align: center;\">15 ml \/ 30 ml \/ 50 ml \/ 80 ml \/ 100 ml<\/td>\n<\/tr>\n<tr style=\"height: 24px;\">\n<td style=\"width: 23.5109%; height: 24px; text-align: center;\">Forma<\/td>\n<td style=\"width: 35.7961%; height: 24px; text-align: center;\">Redondo<\/td>\n<\/tr>\n<tr style=\"height: 24px;\">\n<td style=\"width: 23.5109%; height: 24px; text-align: center;\">Material<\/td>\n<td style=\"width: 35.7961%; height: 24px; text-align: center;\">Como botella+tapa;<\/td>\n<\/tr>\n<tr style=\"height: 24px;\">\n<td style=\"width: 23.5109%; height: 24px; text-align: center;\">Modelo<\/td>\n<td style=\"width: 35.7961%; height: 24px; text-align: center;\">JH-LWA12<\/td>\n<\/tr>\n<tr style=\"height: 24px;\">\n<td style=\"width: 23.5109%; height: 24px; text-align: center;\">OEM \/ ODM<\/td>\n<td style=\"width: 35.7961%; height: 24px; text-align: center;\">Aceptar<\/td>\n<\/tr>\n<tr style=\"height: 24px;\">\n<td style=\"width: 23.5109%; height: 24px; text-align: center;\">Color<\/td>\n<td style=\"width: 35.7961%; height: 24px; text-align: center;\">Cualquier color de Parton personalizado<\/td>\n<\/tr>\n<tr style=\"height: 24px;\">\n<td style=\"width: 23.5109%; height: 24px; text-align: center;\">Uso<\/td>\n<td style=\"width: 35.7961%; height: 24px; text-align: center;\">Loci\u00f3n\/Fundaci\u00f3n\/crema etc.<\/td>\n<\/tr>\n<tr style=\"height: 24px;\">\n<td style=\"width: 23.5109%; height: 24px; text-align: center;\">Moq<\/td>\n<td style=\"width: 35.7961%; height: 24px; text-align: center;\">10000pcs<\/td>\n<\/tr>\n<\/tbody>\n<\/table>\n<p>&nbsp;<\/p>\n<table style=\"border-collapse: collapse; width: 100%; height: 192px;\">\n<tbody>\n<tr style=\"height: 24px;\">\n<td style=\"width: 12.7434%; text-align: center; height: 24px;\"><strong>Capacidad<\/strong><\/td>\n<td style=\"width: 12.5142%; text-align: center; height: 24px;\"><strong>Altura total<\/strong><\/td>\n<td style=\"width: 12.5002%; text-align: center; height: 24px;\"><strong>Di\u00e1metro inferior<\/strong><\/td>\n<\/tr>\n<tr style=\"height: 24px;\">\n<td style=\"width: 12.7434%; text-align: center; height: 24px;\">15 ml<\/td>\n<td style=\"width: 12.5142%; text-align: center; height: 24px;\">99 mm<\/td>\n<td style=\"width: 12.5002%; text-align: center; height: 24px;\">33 mm<\/td>\n<\/tr>\n<tr style=\"height: 24px;\">\n<td style=\"width: 12.7434%; text-align: center; height: 24px;\">30 ml<\/td>\n<td style=\"width: 12.5142%; text-align: center; height: 24px;\">118 mm<\/td>\n<td style=\"width: 12.5002%; text-align: center; height: 24px;\">33 mm<\/td>\n<\/tr>\n<tr style=\"height: 24px;\">\n<td style=\"width: 12.7434%; text-align: center; height: 24px;\">50 ml<\/td>\n<td style=\"width: 12.5142%; text-align: center; height: 24px;\">151 mm<\/td>\n<td style=\"width: 12.5002%; text-align: center; height: 24px;\">33 mm<\/td>\n<\/tr>\n<tr style=\"height: 24px;\">\n<td style=\"width: 12.7434%; text-align: center; height: 24px;\">80 ml<\/td>\n<td style=\"width: 12.5142%; text-align: center; height: 24px;\">157 mm<\/td>\n<td style=\"width: 12.5002%; text-align: center; height: 24px;\">41 mm<\/td>\n<\/tr>\n<tr style=\"height: 24px;\">\n<td style=\"width: 12.7434%; text-align: center; height: 24px;\">100 ml<\/td>\n<td style=\"width: 12.5142%; text-align: center; height: 24px;\">178 mm<\/td>\n<td style=\"width: 12.5002%; text-align: center; height: 24px;\">41 mm<\/td>\n<\/tr>\n<\/tbody>\n<\/table>\n<div>Esta botella sin aire mediante la integraci\u00f3n de tecnolog\u00eda avanzada de vac\u00edo con materiales duraderos, estas botellas conservan efectivamente la calidad de varios cosm\u00e9ticos. El dise\u00f1o tipo tornillo garantiza un sello seguro y herm\u00e9tico entre la tapa y el cuerpo de la botella, evitando la entrada de aire externo y humedad, al mismo tiempo que mitiga las fugas durante el transporte o el uso. Este dise\u00f1o reflexivo no solo mejora la fiabilidad del envase, sino que tambi\u00e9n proporciona a los usuarios una experiencia de apertura y cierre suave y conveniente. Construido con materiales de primera calidad, el cuerpo de la botella est\u00e1 hecho de resina AS (Acrilonitrilo Estireno), que ofrece una excelente transparencia, resistencia al impacto y estabilidad qu\u00edmica. El material transparente AS permite a los consumidores observar claramente el producto&#8217; color, textura y cantidad restante.<\/div>\n<div>\n<div data-page-id=\"DUINfxuyDdKZYbcilYocgDaNnOc\" data-lark-html-role=\"root\" data-docx-has-block-data=\"false\">\n<div class=\"ace-line ace-line old-record-id-GW1DftJy7d6U3vcG5tdcwWXjnec\">\n<p>La tapa y la bomba est\u00e1n hechas de PP (polipropileno) de alta calidad, conocido por ser ligero, no t\u00f3xico y libre de BPA; Esto garantiza un contacto seguro con las formulaciones cosm\u00e9ticas. Adem\u00e1s, la bomba de PP fabricada con precisi\u00f3n proporciona una distribuci\u00f3n consistente y suave al tiempo que minimiza los residuos causados por la producci\u00f3n excesiva o desigual del producto.<br \/>\nCon una amplia gama de opciones de capacidad (15 ml, 30 ml, 50 ml, 80 ml y 100 ml), estas botellas satisfacen diversas necesidades de envasado cosm\u00e9tico. Los tama\u00f1os de 15 y 30 ml son ideales para sueros, esencias o cremas para ojos, perfectos para viajes o kits de prueba; Considerando que las opciones de 50 ml y 80 ml admiten lociones, aceites faciales o sueros corporales destinados al uso diario regular; finalmente, el tama\u00f1o de 100ml es adecuado para productos de mayor volumen como lociones corporales o sueros para el cabello. Esta gama completa de capacidades hace que estas botellas sean adecuadas en diversas categor\u00edas cosm\u00e9ticas mientras cumplen con los distintos requisitos de envasado en diferentes l\u00edneas de productos.<\/p>\n<p>El cuerpo de la botella est\u00e1 equipado de forma est\u00e1ndar con material transparente y de alta transparencia. La textura transparente presenta directamente el estado original del producto, mostrando plenamente la belleza de la naturaleza y la pureza. Para las marcas que buscan una expresi\u00f3n visual diferenciada, ofrecemos un servicio de personalizaci\u00f3n full-dimensional &#8211; apoyando la coincidencia precisa de cualquier n\u00famero de color Pantone, que puede replicar completamente la marca&#8217; tonos de firma en el cuerpo y tapa de la botella, logrando un alto grado de unidad entre la imagen visual y el tono de la marca. Hay m\u00faltiples procesos de tratamiento superficial de gama alta para elegir: la serigraf\u00eda reproduce claramente los logotipos de la marca y la informaci\u00f3n del producto, el proceso de dorado destaca la textura lujosa, la pulverizaci\u00f3n en gradiente crea una sensaci\u00f3n de belleza en capas y el tratamiento mate transmite un estilo de gama baja y alta. A trav\u00e9s de la combinaci\u00f3n de diversos procesos, las marcas pueden incorporar libremente dise\u00f1os creativos, mejorar el reconocimiento de la marca y hacer que el embalaje destaque en los estantes, capturando al instante a los consumidores. atenci\u00f3n.<\/p>\n<p>Con el fin de dar m\u00e1s confianza a las decisiones de marca, ofrecemos especialmente un servicio de prueba de muestras gratuitas: Antes de realizar un pedido grande, los clientes pueden probar exhaustivamente la calidad del cuerpo de la botella, el rendimiento de sellado y la compatibilidad con la f\u00f3rmula cosm\u00e9tica para asegurarse de que el embalaje coincida plenamente con el posicionamiento del producto en t\u00e9rminos de seguridad y practicidad.<\/p>\n<p>Es una opci\u00f3n de embalaje ideal para marcas cosm\u00e9ticas que buscan calidad profesional y tono de gama alta.<\/p>\n<\/div>\n<\/div>\n<\/div>\n<div><\/div>\n<div>\n<table style=\"border-collapse: collapse; width: 100%; height: 48px;\">\n<tbody>\n<tr style=\"height: 24px;\">\n<td style=\"width: 50%; height: 24px;\"><img decoding=\"async\" class=\"alignnone wp-image-3515\" src=\"https:\/\/www.cosmepak.com\/wp-content\/uploads\/2025\/04\/O1CN01QxZquH1nx2QRqfhLo_1777995155-0-cib.jpg\" alt=\"\" width=\"800\" height=\"800\" srcset=\"https:\/\/www.cosmepak.com\/wp-content\/uploads\/2025\/04\/O1CN01QxZquH1nx2QRqfhLo_1777995155-0-cib.jpg 750w, https:\/\/www.cosmepak.com\/wp-content\/uploads\/2025\/04\/O1CN01QxZquH1nx2QRqfhLo_1777995155-0-cib-300x300.jpg 300w, https:\/\/www.cosmepak.com\/wp-content\/uploads\/2025\/04\/O1CN01QxZquH1nx2QRqfhLo_1777995155-0-cib-150x150.jpg 150w, https:\/\/www.cosmepak.com\/wp-content\/uploads\/2025\/04\/O1CN01QxZquH1nx2QRqfhLo_1777995155-0-cib-12x12.jpg 12w, https:\/\/www.cosmepak.com\/wp-content\/uploads\/2025\/04\/O1CN01QxZquH1nx2QRqfhLo_1777995155-0-cib-600x600.jpg 600w, https:\/\/www.cosmepak.com\/wp-content\/uploads\/2025\/04\/O1CN01QxZquH1nx2QRqfhLo_1777995155-0-cib-100x100.jpg 100w\" sizes=\"(max-width: 800px) 100vw, 800px\" \/><\/td>\n<td style=\"width: 50%; height: 24px;\"><img decoding=\"async\" class=\"alignnone wp-image-3516\" src=\"https:\/\/www.cosmepak.com\/wp-content\/uploads\/2025\/04\/O1CN01614Yoc1nx2QNwUSty_1777995155-0-cib.jpg\" alt=\"\" width=\"800\" height=\"800\" srcset=\"https:\/\/www.cosmepak.com\/wp-content\/uploads\/2025\/04\/O1CN01614Yoc1nx2QNwUSty_1777995155-0-cib.jpg 708w, https:\/\/www.cosmepak.com\/wp-content\/uploads\/2025\/04\/O1CN01614Yoc1nx2QNwUSty_1777995155-0-cib-300x300.jpg 300w, https:\/\/www.cosmepak.com\/wp-content\/uploads\/2025\/04\/O1CN01614Yoc1nx2QNwUSty_1777995155-0-cib-150x150.jpg 150w, https:\/\/www.cosmepak.com\/wp-content\/uploads\/2025\/04\/O1CN01614Yoc1nx2QNwUSty_1777995155-0-cib-12x12.jpg 12w, https:\/\/www.cosmepak.com\/wp-content\/uploads\/2025\/04\/O1CN01614Yoc1nx2QNwUSty_1777995155-0-cib-600x600.jpg 600w, https:\/\/www.cosmepak.com\/wp-content\/uploads\/2025\/04\/O1CN01614Yoc1nx2QNwUSty_1777995155-0-cib-100x100.jpg 100w\" sizes=\"(max-width: 800px) 100vw, 800px\" \/><\/td>\n<\/tr>\n<tr style=\"height: 24px;\">\n<td style=\"width: 50%; height: 24px;\"><img loading=\"lazy\" decoding=\"async\" class=\"alignnone wp-image-3517\" src=\"https:\/\/www.cosmepak.com\/wp-content\/uploads\/2025\/04\/O1CN01CaTmRx1nx2QF0RGiD_1777995155-0-cib.jpg\" alt=\"\" width=\"800\" height=\"800\" srcset=\"https:\/\/www.cosmepak.com\/wp-content\/uploads\/2025\/04\/O1CN01CaTmRx1nx2QF0RGiD_1777995155-0-cib.jpg 622w, https:\/\/www.cosmepak.com\/wp-content\/uploads\/2025\/04\/O1CN01CaTmRx1nx2QF0RGiD_1777995155-0-cib-300x300.jpg 300w, https:\/\/www.cosmepak.com\/wp-content\/uploads\/2025\/04\/O1CN01CaTmRx1nx2QF0RGiD_1777995155-0-cib-150x150.jpg 150w, https:\/\/www.cosmepak.com\/wp-content\/uploads\/2025\/04\/O1CN01CaTmRx1nx2QF0RGiD_1777995155-0-cib-12x12.jpg 12w, https:\/\/www.cosmepak.com\/wp-content\/uploads\/2025\/04\/O1CN01CaTmRx1nx2QF0RGiD_1777995155-0-cib-600x600.jpg 600w, https:\/\/www.cosmepak.com\/wp-content\/uploads\/2025\/04\/O1CN01CaTmRx1nx2QF0RGiD_1777995155-0-cib-100x100.jpg 100w\" sizes=\"(max-width: 800px) 100vw, 800px\" \/><\/td>\n<td style=\"width: 50%; height: 24px;\"><img loading=\"lazy\" decoding=\"async\" class=\"alignnone wp-image-3518\" src=\"https:\/\/www.cosmepak.com\/wp-content\/uploads\/2025\/04\/O1CN01CaTmRx1nx2QF0RGiD_1777995155-0-cib-1.jpg\" alt=\"\" width=\"800\" height=\"800\" srcset=\"https:\/\/www.cosmepak.com\/wp-content\/uploads\/2025\/04\/O1CN01CaTmRx1nx2QF0RGiD_1777995155-0-cib-1.jpg 658w, https:\/\/www.cosmepak.com\/wp-content\/uploads\/2025\/04\/O1CN01CaTmRx1nx2QF0RGiD_1777995155-0-cib-1-300x300.jpg 300w, https:\/\/www.cosmepak.com\/wp-content\/uploads\/2025\/04\/O1CN01CaTmRx1nx2QF0RGiD_1777995155-0-cib-1-150x150.jpg 150w, https:\/\/www.cosmepak.com\/wp-content\/uploads\/2025\/04\/O1CN01CaTmRx1nx2QF0RGiD_1777995155-0-cib-1-12x12.jpg 12w, https:\/\/www.cosmepak.com\/wp-content\/uploads\/2025\/04\/O1CN01CaTmRx1nx2QF0RGiD_1777995155-0-cib-1-600x600.jpg 600w, https:\/\/www.cosmepak.com\/wp-content\/uploads\/2025\/04\/O1CN01CaTmRx1nx2QF0RGiD_1777995155-0-cib-1-100x100.jpg 100w\" sizes=\"(max-width: 800px) 100vw, 800px\" \/><\/td>\n<\/tr>\n<\/tbody>\n<\/table>\n<\/div>","protected":false},"excerpt":{"rendered":"<p>Botellas de vac\u00edo sin aire<\/p>\n<p>Tipo: Tipo de tornillo<\/p>\n<p>Material del producto: como botella\/tapa; Bomba de PP<\/p>\n<p>Capacidad: 15ml \/ 30ml \/ 50ml \/ 80ml \/ 100ml para elegir<\/p>\n<p>Color: color transparente transparente;<\/p>\n<p>Acepte personalizado (cualquier color Pantone disponible)<\/p>\n<p>Acabado de superficie: impresi\u00f3n de pantalla, estampado en caliente, gradiente de pulverizaci\u00f3n, acabado mate, etc.<\/p>\n<p>MOQ: 10000pcs<\/p>\n<p>Muestra: muestras gratuitas disponibles<\/p>\n<p>&nbsp;<\/p>\n<p>&nbsp;<\/p>","protected":false},"featured_media":1827,"comment_status":"closed","ping_status":"closed","template":"","meta":{"_acf_changed":false},"product_brand":[],"product_cat":[35],"product_tag":[40],"class_list":{"0":"post-1819","1":"product","2":"type-product","3":"status-publish","4":"has-post-thumbnail","6":"product_cat-airless-bottle","7":"product_tag-essential-oil-bottle","9":"first","10":"instock","11":"shipping-taxable","12":"product-type-simple"},"acf":[],"_links":{"self":[{"href":"https:\/\/www.cosmepak.com\/es\/wp-json\/wp\/v2\/product\/1819","targetHints":{"allow":["GET"]}}],"collection":[{"href":"https:\/\/www.cosmepak.com\/es\/wp-json\/wp\/v2\/product"}],"about":[{"href":"https:\/\/www.cosmepak.com\/es\/wp-json\/wp\/v2\/types\/product"}],"replies":[{"embeddable":true,"href":"https:\/\/www.cosmepak.com\/es\/wp-json\/wp\/v2\/comments?post=1819"}],"wp:featuredmedia":[{"embeddable":true,"href":"https:\/\/www.cosmepak.com\/es\/wp-json\/wp\/v2\/media\/1827"}],"wp:attachment":[{"href":"https:\/\/www.cosmepak.com\/es\/wp-json\/wp\/v2\/media?parent=1819"}],"wp:term":[{"taxonomy":"product_brand","embeddable":true,"href":"https:\/\/www.cosmepak.com\/es\/wp-json\/wp\/v2\/product_brand?post=1819"},{"taxonomy":"product_cat","embeddable":true,"href":"https:\/\/www.cosmepak.com\/es\/wp-json\/wp\/v2\/product_cat?post=1819"},{"taxonomy":"product_tag","embeddable":true,"href":"https:\/\/www.cosmepak.com\/es\/wp-json\/wp\/v2\/product_tag?post=1819"}],"curies":[{"name":"WP","href":"https:\/\/api.w.org\/{rel}","templated":true}]}}