{"id":1831,"date":"2025-04-14T13:28:09","date_gmt":"2025-04-14T05:28:09","guid":{"rendered":"https:\/\/www.cosmepak.com\/?post_type=product&#038;p=1831"},"modified":"2026-01-04T10:18:13","modified_gmt":"2026-01-04T02:18:13","slug":"cosmetic-serum-airless-bottle-jaunce","status":"publish","type":"product","link":"https:\/\/www.cosmepak.com\/es\/product\/cosmetic-serum-airless-bottle-jaunce\/","title":{"rendered":"Botella\/Jaunce sin aire de suero cosm\u00e9tico"},"content":{"rendered":"<table style=\"border-collapse: collapse; width: 100%; height: 216px;\">\n<tbody>\n<tr style=\"height: 24px;\">\n<td style=\"width: 40.6929%; height: 216px;\" rowspan=\"8\"><img fetchpriority=\"high\" decoding=\"async\" class=\"alignnone size-full wp-image-1832\" src=\"https:\/\/www.cosmepak.com\/wp-content\/uploads\/2025\/04\/22063505202_624076099.jpg\" alt=\"botellas sin aire\u00a0\" width=\"1000\" height=\"1000\" srcset=\"https:\/\/www.cosmepak.com\/wp-content\/uploads\/2025\/04\/22063505202_624076099.jpg 1000w, https:\/\/www.cosmepak.com\/wp-content\/uploads\/2025\/04\/22063505202_624076099-300x300.jpg 300w, https:\/\/www.cosmepak.com\/wp-content\/uploads\/2025\/04\/22063505202_624076099-150x150.jpg 150w, https:\/\/www.cosmepak.com\/wp-content\/uploads\/2025\/04\/22063505202_624076099-768x768.jpg 768w, https:\/\/www.cosmepak.com\/wp-content\/uploads\/2025\/04\/22063505202_624076099-12x12.jpg 12w, https:\/\/www.cosmepak.com\/wp-content\/uploads\/2025\/04\/22063505202_624076099-600x600.jpg 600w, https:\/\/www.cosmepak.com\/wp-content\/uploads\/2025\/04\/22063505202_624076099-100x100.jpg 100w\" sizes=\"(max-width: 1000px) 100vw, 1000px\" \/><\/td>\n<td style=\"width: 23.5109%; height: 24px; text-align: center;\">Marca<\/td>\n<td style=\"width: 35.7961%; height: 24px; text-align: center;\">\u00a0Jaunce<\/td>\n<\/tr>\n<tr style=\"height: 24px;\">\n<td style=\"width: 23.5109%; height: 24px; text-align: center;\">Capacidad<\/td>\n<td style=\"width: 35.7961%; height: 24px; text-align: center;\">5 ml \/ 10 ml \/ 15 ml<\/td>\n<\/tr>\n<tr style=\"height: 24px;\">\n<td style=\"width: 23.5109%; height: 24px; text-align: center;\">Forma<\/td>\n<td style=\"width: 35.7961%; height: 24px; text-align: center;\">Redondo<\/td>\n<\/tr>\n<tr style=\"height: 24px;\">\n<td style=\"width: 23.5109%; height: 24px; text-align: center;\">Material<\/td>\n<td style=\"width: 35.7961%; height: 24px; text-align: center;\">P\u00c1GINAS<\/td>\n<\/tr>\n<tr style=\"height: 24px;\">\n<td style=\"width: 23.5109%; height: 24px; text-align: center;\">Modelo<\/td>\n<td style=\"width: 35.7961%; height: 24px; text-align: center;\">JH-LWA08<\/td>\n<\/tr>\n<tr style=\"height: 24px;\">\n<td style=\"width: 23.5109%; height: 24px; text-align: center;\">OEM \/ ODM<\/td>\n<td style=\"width: 35.7961%; height: 24px; text-align: center;\">Aceptar<\/td>\n<\/tr>\n<tr style=\"height: 24px;\">\n<td style=\"width: 23.5109%; height: 24px; text-align: center;\">Uso<\/td>\n<td style=\"width: 35.7961%; height: 24px; text-align: center;\">Loci\u00f3n\/Fundaci\u00f3n\/crema etc.<\/td>\n<\/tr>\n<tr style=\"height: 24px;\">\n<td style=\"width: 23.5109%; height: 24px; text-align: center;\">Moq<\/td>\n<td style=\"width: 35.7961%; height: 24px; text-align: center;\">10000pcs<\/td>\n<\/tr>\n<\/tbody>\n<\/table>\n<p>&nbsp;<\/p>\n<table style=\"border-collapse: collapse; width: 100%; height: 192px;\">\n<tbody>\n<tr style=\"height: 24px;\">\n<td style=\"width: 7.10195%; text-align: center; height: 24px;\"><strong>Capacidad<\/strong><\/td>\n<td style=\"width: 5.48385%; text-align: center; height: 24px;\"><strong>Altura total<\/strong><\/td>\n<td style=\"width: 5.34076%; text-align: center;\"><strong>Altura de la botella<\/strong><\/td>\n<td style=\"width: 4.99004%; text-align: center; height: 24px;\"><strong>Di\u00e1metro inferior<\/strong><\/td>\n<td style=\"width: 7.4206%; text-align: center;\"><strong>Altura imprimible<\/strong><\/td>\n<td style=\"width: 7.4206%; text-align: center;\"><strong>Peso de la botella<\/strong><\/td>\n<\/tr>\n<tr style=\"height: 24px;\">\n<td style=\"width: 7.10195%; text-align: center; height: 24px;\">5 ml<\/td>\n<td style=\"width: 5.48385%; text-align: center; height: 24px;\">65 mm<\/td>\n<td style=\"width: 5.34076%; text-align: center;\">38 mm<\/td>\n<td style=\"width: 4.99004%; text-align: center; height: 24px;\">24.6mm<\/td>\n<td style=\"width: 7.4206%; text-align: center;\">27 mm<\/td>\n<td style=\"width: 7.4206%; text-align: center;\">4.5g<\/td>\n<\/tr>\n<tr style=\"height: 24px;\">\n<td style=\"width: 7.10195%; text-align: center; height: 24px;\">10 ml<\/td>\n<td style=\"width: 5.48385%; text-align: center; height: 24px;\">77 mm<\/td>\n<td style=\"width: 5.34076%; text-align: center;\">50 mm<\/td>\n<td style=\"width: 4.99004%; text-align: center; height: 24px;\">24.6mm<\/td>\n<td style=\"width: 7.4206%; text-align: center;\">38 mm<\/td>\n<td style=\"width: 7.4206%; text-align: center;\">6g<\/td>\n<\/tr>\n<tr style=\"height: 24px;\">\n<td style=\"width: 7.10195%; text-align: center; height: 24px;\">15 ml<\/td>\n<td style=\"width: 5.48385%; text-align: center; height: 24px;\">92 mm<\/td>\n<td style=\"width: 5.34076%; text-align: center;\">65 mm<\/td>\n<td style=\"width: 4.99004%; text-align: center; height: 24px;\">24.6mm<\/td>\n<td style=\"width: 7.4206%; text-align: center;\">52 mm<\/td>\n<td style=\"width: 7.4206%; text-align: center;\">7g<\/td>\n<\/tr>\n<\/tbody>\n<\/table>\n<p>Esta botella de esencia de belleza sin aire (modelo: JH-LWA08) es una soluci\u00f3n de envasado profesional dise\u00f1ada espec\u00edficamente para l\u00edquidos de esencia de alto valor. La botella est\u00e1 hecha de material PP (polipropileno) de alta calidad, con excelente estabilidad qu\u00edmica y durabilidad &#8211; puede resistir la corrosi\u00f3n de f\u00f3rmulas l\u00edquidas de esencia, es no t\u00f3xico y libre de BPA &#8211; proporcionar un recipiente seguro y fiable para productos de cuidado de la piel.<\/p>\n<p>Esta botella ofrece tres capacidades pr\u00e1cticas para la selecci\u00f3n &#8211; 5ml, 10ml y 15ml, para satisfacer diferentes requisitos de uso. La capacidad de 5 ml es adecuada para muestras de suero, kits de ensayo o para retoques en movimiento; mientras que las capacidades de 10ml y 15ml son adecuadas para uso diario, asegurando una capacidad suficiente mientras se mantiene un tama\u00f1o compacto, logrando el mejor equilibrio entre capacidad y compactez. La botella&#8217; El tama\u00f1o del cuello es de 30ml, compatible con los componentes est\u00e1ndar de la bomba sin aire.<\/p>\n<p>El punto destacado de este producto radica en su dise\u00f1o de bomba sin aire: crea un entorno interno sellado que minimiza el contacto entre el suero y el aire, evitando efectivamente la oxidaci\u00f3n, contaminaci\u00f3n y degradaci\u00f3n de ingredientes activos como vitaminas, p\u00e9ptidos y \u00e1cido hialur\u00f3nico. Adem\u00e1s, las muestras gratuitas est\u00e1n disponibles para los clientes que deseen evaluar la compatibilidad de la funcionalidad de calidad con sus formulaciones de suero antes de realizar grandes pedidos. Este servicio reflexivo permite a las marcas tomar decisiones informadas al tiempo que se asegura de que su embalaje se alinea perfectamente con su posicionamiento del producto.<\/p>\n<table style=\"border-collapse: collapse; width: 100%;\">\n<tbody>\n<tr>\n<td style=\"width: 50%;\"><img decoding=\"async\" class=\"alignnone wp-image-3511\" src=\"https:\/\/www.cosmepak.com\/wp-content\/uploads\/2025\/04\/22063511779_624076099-2.jpg\" alt=\"\" width=\"800\" height=\"800\" srcset=\"https:\/\/www.cosmepak.com\/wp-content\/uploads\/2025\/04\/22063511779_624076099-2.jpg 711w, https:\/\/www.cosmepak.com\/wp-content\/uploads\/2025\/04\/22063511779_624076099-2-300x300.jpg 300w, https:\/\/www.cosmepak.com\/wp-content\/uploads\/2025\/04\/22063511779_624076099-2-150x150.jpg 150w, https:\/\/www.cosmepak.com\/wp-content\/uploads\/2025\/04\/22063511779_624076099-2-12x12.jpg 12w, https:\/\/www.cosmepak.com\/wp-content\/uploads\/2025\/04\/22063511779_624076099-2-600x600.jpg 600w, https:\/\/www.cosmepak.com\/wp-content\/uploads\/2025\/04\/22063511779_624076099-2-100x100.jpg 100w\" sizes=\"(max-width: 800px) 100vw, 800px\" \/><\/td>\n<td style=\"width: 50%;\"><img decoding=\"async\" class=\"alignnone wp-image-3512\" src=\"https:\/\/www.cosmepak.com\/wp-content\/uploads\/2025\/04\/21974737200_624076099.jpg\" alt=\"\" width=\"800\" height=\"800\" srcset=\"https:\/\/www.cosmepak.com\/wp-content\/uploads\/2025\/04\/21974737200_624076099.jpg 790w, https:\/\/www.cosmepak.com\/wp-content\/uploads\/2025\/04\/21974737200_624076099-300x300.jpg 300w, https:\/\/www.cosmepak.com\/wp-content\/uploads\/2025\/04\/21974737200_624076099-150x150.jpg 150w, https:\/\/www.cosmepak.com\/wp-content\/uploads\/2025\/04\/21974737200_624076099-768x768.jpg 768w, https:\/\/www.cosmepak.com\/wp-content\/uploads\/2025\/04\/21974737200_624076099-12x12.jpg 12w, https:\/\/www.cosmepak.com\/wp-content\/uploads\/2025\/04\/21974737200_624076099-600x600.jpg 600w, https:\/\/www.cosmepak.com\/wp-content\/uploads\/2025\/04\/21974737200_624076099-100x100.jpg 100w\" sizes=\"(max-width: 800px) 100vw, 800px\" \/><\/td>\n<\/tr>\n<tr>\n<td style=\"width: 50%;\"><img loading=\"lazy\" decoding=\"async\" class=\"alignnone wp-image-3514\" src=\"https:\/\/www.cosmepak.com\/wp-content\/uploads\/2025\/04\/21974743119_624076099-1.jpg\" alt=\"\" width=\"800\" height=\"801\" srcset=\"https:\/\/www.cosmepak.com\/wp-content\/uploads\/2025\/04\/21974743119_624076099-1.jpg 685w, https:\/\/www.cosmepak.com\/wp-content\/uploads\/2025\/04\/21974743119_624076099-1-300x300.jpg 300w, https:\/\/www.cosmepak.com\/wp-content\/uploads\/2025\/04\/21974743119_624076099-1-150x150.jpg 150w, https:\/\/www.cosmepak.com\/wp-content\/uploads\/2025\/04\/21974743119_624076099-1-12x12.jpg 12w, https:\/\/www.cosmepak.com\/wp-content\/uploads\/2025\/04\/21974743119_624076099-1-600x601.jpg 600w, https:\/\/www.cosmepak.com\/wp-content\/uploads\/2025\/04\/21974743119_624076099-1-100x100.jpg 100w\" sizes=\"(max-width: 800px) 100vw, 800px\" \/><\/td>\n<td style=\"width: 50%;\"><img loading=\"lazy\" decoding=\"async\" class=\"alignnone wp-image-3513\" src=\"https:\/\/www.cosmepak.com\/wp-content\/uploads\/2025\/04\/21895812487_624076099-1.jpg\" alt=\"\" width=\"800\" height=\"800\" srcset=\"https:\/\/www.cosmepak.com\/wp-content\/uploads\/2025\/04\/21895812487_624076099-1.jpg 700w, https:\/\/www.cosmepak.com\/wp-content\/uploads\/2025\/04\/21895812487_624076099-1-300x300.jpg 300w, https:\/\/www.cosmepak.com\/wp-content\/uploads\/2025\/04\/21895812487_624076099-1-150x150.jpg 150w, https:\/\/www.cosmepak.com\/wp-content\/uploads\/2025\/04\/21895812487_624076099-1-12x12.jpg 12w, https:\/\/www.cosmepak.com\/wp-content\/uploads\/2025\/04\/21895812487_624076099-1-600x600.jpg 600w, https:\/\/www.cosmepak.com\/wp-content\/uploads\/2025\/04\/21895812487_624076099-1-100x100.jpg 100w\" sizes=\"(max-width: 800px) 100vw, 800px\" \/><\/td>\n<\/tr>\n<\/tbody>\n<\/table>\n<p>&nbsp;<\/p>\n<p>&nbsp;<\/p>","protected":false},"excerpt":{"rendered":"<p>Botellas sin aire sin aire<\/p>\n<p>Modelo: JH-LWA08<\/p>\n<p>Material del producto: PP<\/p>\n<p>Capacidad: 5ml\/10ml\/15ml para elegir<\/p>\n<p>Tama\u00f1o del cuello: 30 mm<\/p>\n<p>Bottle Single Weight: 12.1g\/13.5g\/14.7g<\/p>\n<p>Color: color transparente transparente;<\/p>\n<p>Acepte personalizado (cualquier color Pantone disponible)<\/p>\n<p>Acabado de superficie: impresi\u00f3n de pantalla, estampado en caliente, gradiente de pulverizaci\u00f3n, acabado mate, etc.<\/p>\n<p>MOQ: 10000pcs<\/p>\n<p>Muestra: muestras gratuitas disponibles<\/p>\n<p>&nbsp;<\/p>\n<p>&nbsp;<\/p>","protected":false},"featured_media":1842,"comment_status":"closed","ping_status":"closed","template":"","meta":{"_acf_changed":false},"product_brand":[],"product_cat":[35],"product_tag":[40],"class_list":{"0":"post-1831","1":"product","2":"type-product","3":"status-publish","4":"has-post-thumbnail","6":"product_cat-airless-bottle","7":"product_tag-essential-oil-bottle","9":"first","10":"instock","11":"shipping-taxable","12":"product-type-simple"},"acf":[],"_links":{"self":[{"href":"https:\/\/www.cosmepak.com\/es\/wp-json\/wp\/v2\/product\/1831","targetHints":{"allow":["GET"]}}],"collection":[{"href":"https:\/\/www.cosmepak.com\/es\/wp-json\/wp\/v2\/product"}],"about":[{"href":"https:\/\/www.cosmepak.com\/es\/wp-json\/wp\/v2\/types\/product"}],"replies":[{"embeddable":true,"href":"https:\/\/www.cosmepak.com\/es\/wp-json\/wp\/v2\/comments?post=1831"}],"wp:featuredmedia":[{"embeddable":true,"href":"https:\/\/www.cosmepak.com\/es\/wp-json\/wp\/v2\/media\/1842"}],"wp:attachment":[{"href":"https:\/\/www.cosmepak.com\/es\/wp-json\/wp\/v2\/media?parent=1831"}],"wp:term":[{"taxonomy":"product_brand","embeddable":true,"href":"https:\/\/www.cosmepak.com\/es\/wp-json\/wp\/v2\/product_brand?post=1831"},{"taxonomy":"product_cat","embeddable":true,"href":"https:\/\/www.cosmepak.com\/es\/wp-json\/wp\/v2\/product_cat?post=1831"},{"taxonomy":"product_tag","embeddable":true,"href":"https:\/\/www.cosmepak.com\/es\/wp-json\/wp\/v2\/product_tag?post=1831"}],"curies":[{"name":"WP","href":"https:\/\/api.w.org\/{rel}","templated":true}]}}