{"id":1848,"date":"2025-04-14T15:20:43","date_gmt":"2025-04-14T07:20:43","guid":{"rendered":"https:\/\/www.cosmepak.com\/?post_type=product&#038;p=1848"},"modified":"2025-11-27T13:20:35","modified_gmt":"2025-11-27T05:20:35","slug":"5ml-10ml-15ml-30ml-shouldered-emulsion-airless-bottle-jaunce","status":"publish","type":"product","link":"https:\/\/www.cosmepak.com\/es\/product\/5ml-10ml-15ml-30ml-shouldered-emulsion-airless-bottle-jaunce\/","title":{"rendered":"5ml 10ml 15ml 30ml Emulsi\u00f3n de hombros botella sin aire \/ Jaunce"},"content":{"rendered":"<table style=\"border-collapse: collapse; width: 100%; height: 216px;\">\n<tbody>\n<tr style=\"height: 24px;\">\n<td style=\"width: 40.6929%; height: 216px;\" rowspan=\"8\"><img fetchpriority=\"high\" decoding=\"async\" class=\"alignnone size-full wp-image-1849\" src=\"https:\/\/www.cosmepak.com\/wp-content\/uploads\/2025\/04\/13565955228_624076099.jpg\" alt=\"Botellas Airless\u00a0\" width=\"1000\" height=\"1000\" srcset=\"https:\/\/www.cosmepak.com\/wp-content\/uploads\/2025\/04\/13565955228_624076099.jpg 1000w, https:\/\/www.cosmepak.com\/wp-content\/uploads\/2025\/04\/13565955228_624076099-300x300.jpg 300w, https:\/\/www.cosmepak.com\/wp-content\/uploads\/2025\/04\/13565955228_624076099-150x150.jpg 150w, https:\/\/www.cosmepak.com\/wp-content\/uploads\/2025\/04\/13565955228_624076099-768x768.jpg 768w, https:\/\/www.cosmepak.com\/wp-content\/uploads\/2025\/04\/13565955228_624076099-12x12.jpg 12w, https:\/\/www.cosmepak.com\/wp-content\/uploads\/2025\/04\/13565955228_624076099-600x600.jpg 600w, https:\/\/www.cosmepak.com\/wp-content\/uploads\/2025\/04\/13565955228_624076099-100x100.jpg 100w\" sizes=\"(max-width: 1000px) 100vw, 1000px\" \/><\/td>\n<td style=\"width: 23.5109%; height: 24px; text-align: center;\">Marca<\/td>\n<td style=\"width: 35.7961%; height: 24px; text-align: center;\">\u00a0Jaunce<\/td>\n<\/tr>\n<tr style=\"height: 24px;\">\n<td style=\"width: 23.5109%; height: 24px; text-align: center;\">Capacidad<\/td>\n<td style=\"width: 35.7961%; height: 24px; text-align: center;\">5 ml \/ 10 ml \/ 15 ml \/ 30 ml<\/td>\n<\/tr>\n<tr style=\"height: 24px;\">\n<td style=\"width: 23.5109%; height: 24px; text-align: center;\">Forma<\/td>\n<td style=\"width: 35.7961%; height: 24px; text-align: center;\">Redondo<\/td>\n<\/tr>\n<tr style=\"height: 24px;\">\n<td style=\"width: 23.5109%; height: 24px; text-align: center;\">Material<\/td>\n<td style=\"width: 35.7961%; height: 24px; text-align: center;\">Como \u3001 pp<\/td>\n<\/tr>\n<tr style=\"height: 24px;\">\n<td style=\"width: 23.5109%; height: 24px; text-align: center;\">Modelo<\/td>\n<td style=\"width: 35.7961%; height: 24px; text-align: center;\">JH-LWA09<\/td>\n<\/tr>\n<tr style=\"height: 24px;\">\n<td style=\"width: 23.5109%; height: 24px; text-align: center;\">OEM \/ ODM<\/td>\n<td style=\"width: 35.7961%; height: 24px; text-align: center;\">Aceptar<\/td>\n<\/tr>\n<tr style=\"height: 24px;\">\n<td style=\"width: 23.5109%; height: 24px; text-align: center;\">Uso<\/td>\n<td style=\"width: 35.7961%; height: 24px; text-align: center;\">Loci\u00f3n\/Fundaci\u00f3n\/crema etc.<\/td>\n<\/tr>\n<tr style=\"height: 24px;\">\n<td style=\"width: 23.5109%; height: 24px; text-align: center;\">Moq<\/td>\n<td style=\"width: 35.7961%; height: 24px; text-align: center;\">10000pcs<\/td>\n<\/tr>\n<\/tbody>\n<\/table>\n<p>&nbsp;<\/p>\n<table style=\"border-collapse: collapse; width: 100%; height: 120px;\">\n<tbody>\n<tr style=\"height: 24px;\">\n<td style=\"width: 16.6667%; text-align: center; height: 24px;\"><strong>Capacidad<\/strong><\/td>\n<td style=\"width: 16.6667%; text-align: center; height: 24px;\"><strong>Altura total<\/strong><\/td>\n<td style=\"width: 16.6667%; text-align: center; height: 24px;\"><strong>Altura de la botella<\/strong><\/td>\n<td style=\"width: 16.6667%; text-align: center; height: 24px;\"><strong>Altura imprimible<\/strong><\/td>\n<td style=\"width: 16.6667%; text-align: center; height: 24px;\"><strong>Di\u00e9 de fondo<\/strong><\/td>\n<td style=\"width: 16.6667%; text-align: center; height: 24px;\"><strong>Peso<\/strong><\/td>\n<\/tr>\n<tr style=\"height: 24px;\">\n<td style=\"width: 16.6667%; text-align: center; height: 24px;\">5 ml<\/td>\n<td style=\"width: 16.6667%; text-align: center; height: 24px;\">82 mm<\/td>\n<td style=\"width: 16.6667%; text-align: center; height: 24px;\">51.5mm<\/td>\n<td style=\"width: 16.6667%; text-align: center; height: 24px;\">26 mm<\/td>\n<td style=\"width: 16.6667%; text-align: center; height: 24px;\">22.8mm<\/td>\n<td style=\"width: 16.6667%; text-align: center; height: 24px;\">13G<\/td>\n<\/tr>\n<tr style=\"height: 24px;\">\n<td style=\"width: 16.6667%; text-align: center; height: 24px;\">10 ml<\/td>\n<td style=\"width: 16.6667%; text-align: center; height: 24px;\">97 mm<\/td>\n<td style=\"width: 16.6667%; text-align: center; height: 24px;\">70.5mm<\/td>\n<td style=\"width: 16.6667%; text-align: center; height: 24px;\">40 mm<\/td>\n<td style=\"width: 16.6667%; text-align: center; height: 24px;\">22.8mm<\/td>\n<td style=\"width: 16.6667%; text-align: center; height: 24px;\">14.8g<\/td>\n<\/tr>\n<tr style=\"height: 24px;\">\n<td style=\"width: 16.6667%; text-align: center; height: 24px;\">15 ml<\/td>\n<td style=\"width: 16.6667%; text-align: center; height: 24px;\">112 mm<\/td>\n<td style=\"width: 16.6667%; text-align: center; height: 24px;\">106.5mm<\/td>\n<td style=\"width: 16.6667%; text-align: center; height: 24px;\">34 mm<\/td>\n<td style=\"width: 16.6667%; text-align: center; height: 24px;\">28.5mm<\/td>\n<td style=\"width: 16.6667%; text-align: center; height: 24px;\">26.8g<\/td>\n<\/tr>\n<tr style=\"height: 24px;\">\n<td style=\"width: 16.6667%; text-align: center; height: 24px;\">30 ml<\/td>\n<td style=\"width: 16.6667%; text-align: center; height: 24px;\">130 mm<\/td>\n<td style=\"width: 16.6667%; text-align: center; height: 24px;\">162 mm<\/td>\n<td style=\"width: 16.6667%; text-align: center; height: 24px;\">83 mm<\/td>\n<td style=\"width: 16.6667%; text-align: center; height: 24px;\">28.5mm<\/td>\n<td style=\"width: 16.6667%; text-align: center; height: 24px;\">36.7g<\/td>\n<\/tr>\n<\/tbody>\n<\/table>\n<p>Esta botella de hombro sellada sin burbujas de aire est\u00e1 disponible en cuatro capacidades pr\u00e1cticas: 5 ml, 10 ml, 15 ml y 30 ml. Su dise\u00f1o es integral, teniendo en cuenta tanto la funcionalidad como la portabilidad, y es adecuado para diversos escenarios de aplicaci\u00f3n. Ya sea para el cuidado diario de la piel en casa, retoques durante los desplazamientos o durante viajes largos, estos contenedores pueden satisfacer eficazmente a los consumidores. exige un uso conveniente y port\u00e1til de lociones, garantizando la estabilidad del suministro de productos y el efecto nutritivo en la piel. Ya sea para el cuidado diario de la piel en casa, retoques durante los desplazamientos o durante viajes largos, estos contenedores pueden satisfacer eficazmente a los consumidores. exige un uso conveniente y port\u00e1til de lociones, garantizando la estabilidad del suministro de productos y el efecto nutritivo en la piel.<\/p>\n<p>El dise\u00f1o del cuello de tornillo es f\u00e1cil de llenar con el suero\/l\u00edquido.<\/p>\n<p>La cabeza de bomba est\u00e1 equipada con una salida circular de l\u00edquido dise\u00f1ada con precisi\u00f3n, lo que permite un control preciso de la dosificaci\u00f3n &#8211; cada operaci\u00f3n puede proporcionar una cantidad constante de emulsi\u00f3n, reduciendo de este modo los residuos causados por la pulverizaci\u00f3n excesiva. El cuerpo est\u00e1 hecho de material poli\u00e9ster transparente o helado de alta calidad, con una pared gruesa y resistente, con resistencia a los golpes y resistencia a la deformaci\u00f3n. Su fondo plano proporciona soporte estable, asegurando que la botella permanezca vertical y no se vuelca sobre ninguna superficie. La estructura general es simple y robusta, logrando el mejor equilibrio entre funcionalidad y dise\u00f1o visual exquisito.<\/p>\n<p>&nbsp;<\/p>\n<table style=\"border-collapse: collapse; width: 100%;\">\n<tbody>\n<tr>\n<td style=\"width: 50%;\"><img decoding=\"async\" class=\"alignnone wp-image-3507\" src=\"https:\/\/www.cosmepak.com\/wp-content\/uploads\/2025\/04\/13565928376_624076099-1.jpg\" alt=\"\" width=\"800\" height=\"800\" srcset=\"https:\/\/www.cosmepak.com\/wp-content\/uploads\/2025\/04\/13565928376_624076099-1.jpg 759w, https:\/\/www.cosmepak.com\/wp-content\/uploads\/2025\/04\/13565928376_624076099-1-300x300.jpg 300w, https:\/\/www.cosmepak.com\/wp-content\/uploads\/2025\/04\/13565928376_624076099-1-150x150.jpg 150w, https:\/\/www.cosmepak.com\/wp-content\/uploads\/2025\/04\/13565928376_624076099-1-12x12.jpg 12w, https:\/\/www.cosmepak.com\/wp-content\/uploads\/2025\/04\/13565928376_624076099-1-600x600.jpg 600w, https:\/\/www.cosmepak.com\/wp-content\/uploads\/2025\/04\/13565928376_624076099-1-100x100.jpg 100w\" sizes=\"(max-width: 800px) 100vw, 800px\" \/><\/td>\n<td style=\"width: 50%;\"><img decoding=\"async\" class=\"alignnone size-full wp-image-3510\" src=\"https:\/\/www.cosmepak.com\/wp-content\/uploads\/2025\/04\/13649501404_624076099.jpg\" alt=\"\" width=\"790\" height=\"790\" srcset=\"https:\/\/www.cosmepak.com\/wp-content\/uploads\/2025\/04\/13649501404_624076099.jpg 790w, https:\/\/www.cosmepak.com\/wp-content\/uploads\/2025\/04\/13649501404_624076099-300x300.jpg 300w, https:\/\/www.cosmepak.com\/wp-content\/uploads\/2025\/04\/13649501404_624076099-150x150.jpg 150w, https:\/\/www.cosmepak.com\/wp-content\/uploads\/2025\/04\/13649501404_624076099-768x768.jpg 768w, https:\/\/www.cosmepak.com\/wp-content\/uploads\/2025\/04\/13649501404_624076099-12x12.jpg 12w, https:\/\/www.cosmepak.com\/wp-content\/uploads\/2025\/04\/13649501404_624076099-600x600.jpg 600w, https:\/\/www.cosmepak.com\/wp-content\/uploads\/2025\/04\/13649501404_624076099-100x100.jpg 100w\" sizes=\"(max-width: 790px) 100vw, 790px\" \/><\/td>\n<\/tr>\n<tr>\n<td style=\"width: 50%;\"><img loading=\"lazy\" decoding=\"async\" class=\"alignnone size-full wp-image-3509\" src=\"https:\/\/www.cosmepak.com\/wp-content\/uploads\/2025\/04\/13603708236_624076099-1.jpg\" alt=\"\" width=\"790\" height=\"790\" srcset=\"https:\/\/www.cosmepak.com\/wp-content\/uploads\/2025\/04\/13603708236_624076099-1.jpg 790w, https:\/\/www.cosmepak.com\/wp-content\/uploads\/2025\/04\/13603708236_624076099-1-300x300.jpg 300w, https:\/\/www.cosmepak.com\/wp-content\/uploads\/2025\/04\/13603708236_624076099-1-150x150.jpg 150w, https:\/\/www.cosmepak.com\/wp-content\/uploads\/2025\/04\/13603708236_624076099-1-768x768.jpg 768w, https:\/\/www.cosmepak.com\/wp-content\/uploads\/2025\/04\/13603708236_624076099-1-12x12.jpg 12w, https:\/\/www.cosmepak.com\/wp-content\/uploads\/2025\/04\/13603708236_624076099-1-600x600.jpg 600w, https:\/\/www.cosmepak.com\/wp-content\/uploads\/2025\/04\/13603708236_624076099-1-100x100.jpg 100w\" sizes=\"(max-width: 790px) 100vw, 790px\" \/><\/td>\n<td style=\"width: 50%;\"><img loading=\"lazy\" decoding=\"async\" class=\"alignnone size-full wp-image-3508\" src=\"https:\/\/www.cosmepak.com\/wp-content\/uploads\/2025\/04\/13565913785_624076099-1.jpg\" alt=\"\" width=\"790\" height=\"790\" srcset=\"https:\/\/www.cosmepak.com\/wp-content\/uploads\/2025\/04\/13565913785_624076099-1.jpg 790w, https:\/\/www.cosmepak.com\/wp-content\/uploads\/2025\/04\/13565913785_624076099-1-300x300.jpg 300w, https:\/\/www.cosmepak.com\/wp-content\/uploads\/2025\/04\/13565913785_624076099-1-150x150.jpg 150w, https:\/\/www.cosmepak.com\/wp-content\/uploads\/2025\/04\/13565913785_624076099-1-768x768.jpg 768w, https:\/\/www.cosmepak.com\/wp-content\/uploads\/2025\/04\/13565913785_624076099-1-12x12.jpg 12w, https:\/\/www.cosmepak.com\/wp-content\/uploads\/2025\/04\/13565913785_624076099-1-600x600.jpg 600w, https:\/\/www.cosmepak.com\/wp-content\/uploads\/2025\/04\/13565913785_624076099-1-100x100.jpg 100w\" sizes=\"(max-width: 790px) 100vw, 790px\" \/><\/td>\n<\/tr>\n<\/tbody>\n<\/table>\n<p>&nbsp;<\/p>\n<p>&nbsp;<\/p>","protected":false},"excerpt":{"rendered":"<p>Botellas sin aire sin aire<\/p>\n<p>Modelo: JH-LWA09<\/p>\n<p>Material del producto: como \u3001 pp<\/p>\n<p>Capacidad: 5ml \/ 10ml \/ 15ml \/ 30ml para elegir<\/p>\n<p>Bottle Single Weight: 13g\/14.8g\/26.8g\/36.7g<\/p>\n<p>Salida: 0.2ML\/T<\/p>\n<p>Color: color transparente transparente;<\/p>\n<p>Acepte personalizado (cualquier color Pantone disponible)<\/p>\n<p>Acabado de superficie: impresi\u00f3n de pantalla, estampado en caliente, gradiente de pulverizaci\u00f3n, acabado mate, etc.<\/p>\n<p>MOQ: 10000pcs<\/p>\n<p>Muestra: muestras gratuitas disponibles<\/p>\n<p>&nbsp;<\/p>\n<p>&nbsp;<\/p>","protected":false},"featured_media":1857,"comment_status":"closed","ping_status":"closed","template":"","meta":{"_acf_changed":false},"product_brand":[],"product_cat":[35],"product_tag":[40],"class_list":{"0":"post-1848","1":"product","2":"type-product","3":"status-publish","4":"has-post-thumbnail","6":"product_cat-airless-bottle","7":"product_tag-essential-oil-bottle","9":"first","10":"instock","11":"shipping-taxable","12":"product-type-simple"},"acf":[],"_links":{"self":[{"href":"https:\/\/www.cosmepak.com\/es\/wp-json\/wp\/v2\/product\/1848","targetHints":{"allow":["GET"]}}],"collection":[{"href":"https:\/\/www.cosmepak.com\/es\/wp-json\/wp\/v2\/product"}],"about":[{"href":"https:\/\/www.cosmepak.com\/es\/wp-json\/wp\/v2\/types\/product"}],"replies":[{"embeddable":true,"href":"https:\/\/www.cosmepak.com\/es\/wp-json\/wp\/v2\/comments?post=1848"}],"wp:featuredmedia":[{"embeddable":true,"href":"https:\/\/www.cosmepak.com\/es\/wp-json\/wp\/v2\/media\/1857"}],"wp:attachment":[{"href":"https:\/\/www.cosmepak.com\/es\/wp-json\/wp\/v2\/media?parent=1848"}],"wp:term":[{"taxonomy":"product_brand","embeddable":true,"href":"https:\/\/www.cosmepak.com\/es\/wp-json\/wp\/v2\/product_brand?post=1848"},{"taxonomy":"product_cat","embeddable":true,"href":"https:\/\/www.cosmepak.com\/es\/wp-json\/wp\/v2\/product_cat?post=1848"},{"taxonomy":"product_tag","embeddable":true,"href":"https:\/\/www.cosmepak.com\/es\/wp-json\/wp\/v2\/product_tag?post=1848"}],"curies":[{"name":"WP","href":"https:\/\/api.w.org\/{rel}","templated":true}]}}