{"id":2036,"date":"2025-05-30T13:28:07","date_gmt":"2025-05-30T05:28:07","guid":{"rendered":"https:\/\/www.cosmepak.com\/?post_type=product&#038;p=2036"},"modified":"2025-12-30T13:33:22","modified_gmt":"2025-12-30T05:33:22","slug":"new-design-spherical-glass-bottle-with-dropper-jaunce","status":"publish","type":"product","link":"https:\/\/www.cosmepak.com\/es\/product\/new-design-spherical-glass-bottle-with-dropper-jaunce\/","title":{"rendered":"Botella esf\u00e9rica de vidrio de nuevo dise\u00f1o con gotero\/cantimplora"},"content":{"rendered":"<table style=\"border-collapse: collapse; width: 100%; height: 216px;\">\n<tbody>\n<tr style=\"height: 24px;\">\n<td style=\"width: 40.6929%; height: 216px;\" rowspan=\"9\"><img fetchpriority=\"high\" decoding=\"async\" class=\"alignnone size-full wp-image-2039\" src=\"https:\/\/www.cosmepak.com\/wp-content\/uploads\/2025\/05\/258.jpg\" alt=\"\" width=\"800\" height=\"800\" srcset=\"https:\/\/www.cosmepak.com\/wp-content\/uploads\/2025\/05\/258.jpg 800w, https:\/\/www.cosmepak.com\/wp-content\/uploads\/2025\/05\/258-300x300.jpg 300w, https:\/\/www.cosmepak.com\/wp-content\/uploads\/2025\/05\/258-150x150.jpg 150w, https:\/\/www.cosmepak.com\/wp-content\/uploads\/2025\/05\/258-768x768.jpg 768w, https:\/\/www.cosmepak.com\/wp-content\/uploads\/2025\/05\/258-12x12.jpg 12w, https:\/\/www.cosmepak.com\/wp-content\/uploads\/2025\/05\/258-600x600.jpg 600w, https:\/\/www.cosmepak.com\/wp-content\/uploads\/2025\/05\/258-100x100.jpg 100w\" sizes=\"(max-width: 800px) 100vw, 800px\" \/><\/td>\n<td style=\"width: 23.5109%; height: 24px; text-align: center;\">Marca<\/td>\n<td style=\"width: 35.7961%; height: 24px; text-align: center;\">\u00a0Jaunce<\/td>\n<\/tr>\n<tr style=\"height: 24px;\">\n<td style=\"width: 23.5109%; height: 24px; text-align: center;\">Capacidad<\/td>\n<td style=\"width: 35.7961%; height: 24px; text-align: center;\">30ml \/ 50ml<\/td>\n<\/tr>\n<tr style=\"height: 24px;\">\n<td style=\"width: 23.5109%; height: 24px; text-align: center;\">Forma<\/td>\n<td style=\"width: 35.7961%; height: 24px; text-align: center;\">esf\u00e9rica<\/td>\n<\/tr>\n<tr style=\"height: 24px;\">\n<td style=\"width: 23.5109%; height: 24px; text-align: center;\">Material<\/td>\n<td style=\"width: 35.7961%; height: 24px; text-align: center;\">Vaso<\/td>\n<\/tr>\n<tr style=\"height: 24px;\">\n<td style=\"width: 23.5109%; height: 24px; text-align: center;\">Modelo<\/td>\n<td style=\"width: 35.7961%; height: 24px; text-align: center;\">Jh-oM30<\/td>\n<\/tr>\n<tr style=\"height: 24px;\">\n<td style=\"width: 23.5109%; height: 24px; text-align: center;\">OEM \/ ODM<\/td>\n<td style=\"width: 35.7961%; height: 24px; text-align: center;\">Aceptar<\/td>\n<\/tr>\n<tr style=\"height: 24px;\">\n<td style=\"width: 23.5109%; height: 24px; text-align: center;\">Color<\/td>\n<td style=\"width: 35.7961%; height: 24px; text-align: center;\">Cualquier color de Parton personalizado<\/td>\n<\/tr>\n<tr style=\"height: 24px;\">\n<td style=\"width: 23.5109%; height: 24px; text-align: center;\">Uso<\/td>\n<td style=\"width: 35.7961%; height: 24px; text-align: center;\">Loci\u00f3n\/Fundaci\u00f3n\/crema etc.<\/td>\n<\/tr>\n<tr style=\"height: 24px;\">\n<td style=\"width: 23.5109%; height: 24px; text-align: center;\">Moq<\/td>\n<td style=\"width: 35.7961%; height: 24px; text-align: center;\">10000pcs<\/td>\n<\/tr>\n<\/tbody>\n<\/table>\n<table style=\"border-collapse: collapse; width: 100%; height: 192px;\">\n<tbody>\n<tr style=\"height: 24px;\">\n<td style=\"width: 12.7434%; text-align: center; height: 24px;\"><strong>Capacidad<\/strong><\/td>\n<td style=\"width: 12.5142%; text-align: center; height: 24px;\"><strong>Altura total<\/strong><\/td>\n<td style=\"width: 12.5002%; text-align: center; height: 24px;\"><strong>Di\u00e1metro inferior<\/strong><\/td>\n<td style=\"width: 13.1192%; text-align: center; height: 24px;\"><b>Peso<\/b><\/td>\n<\/tr>\n<tr style=\"height: 24px;\">\n<td style=\"width: 12.7434%; text-align: center; height: 24px;\">30 ml<\/td>\n<td style=\"width: 12.5142%; text-align: center; height: 24px;\">91.5mm<\/td>\n<td style=\"width: 12.5002%; text-align: center; height: 24px;\">56 mm<\/td>\n<td style=\"width: 13.1192%; text-align: center; height: 24px;\">123g<\/td>\n<\/tr>\n<tr style=\"height: 24px;\">\n<td style=\"width: 12.7434%; text-align: center; height: 24px;\">50 ml<\/td>\n<td style=\"width: 12.5142%; text-align: center; height: 24px;\">94 mm<\/td>\n<td style=\"width: 12.5002%; text-align: center; height: 24px;\">57 mm<\/td>\n<td style=\"width: 13.1192%; text-align: center; height: 24px;\">126.4g<\/td>\n<\/tr>\n<\/tbody>\n<\/table>\n<p>Tenemos el placer de presentarle dos recipientes de tama\u00f1o de viaje de alta calidad: una botella goteadora esf\u00e9rica roja de 30 mililitros y una botella de vidrio l\u00edquido de esencia de lujo de 50 mililitros. Estos recipientes est\u00e1n especialmente dise\u00f1ados para proteger sus preciosos productos de cuidado de la piel y aceites esenciales durante sus viajes, al tiempo que mantienen su atractivo est\u00e9tico.<\/p>\n<p>La forma esf\u00e9rica y el color rojo brillante exudan lujo y elegancia. 30ml de peque\u00f1a capacidad son perfectos para viajar, encaja f\u00e1cilmente en su bolso o equipaje. Est\u00e1 hecho de vidrio duradero que protege el contenido de la luz UV, asegurando la longevidad de sus productos. y volumen de 50ml ideal para llevar sus sueros favoritos o productos de cuidado de la piel.<\/p>\n<p>si utiliza la botella goteadora de 30 ml para sus aceites esenciales favoritos. El goteador de precisi\u00f3n asegura que utilice la cantidad correcta. pero la botella de 50 ml es perfecta para almacenar y dispensar sus sueros para el cuidado de la piel, manteni\u00e9ndolos frescos y eficaces.<\/p>\n<p>El acabado mate rojo le da un aspecto muy festivo. Desde la distancia, se ve como una linterna roja, y cuando se coloca en su camar\u00f3n, inmediatamente destaca con su encanto \u00fanico.<br \/>\nTambi\u00e9n ofrecemos una variedad de diferentes tipos de tubos goteadores para que elija para coincidir con este producto.<\/p>\n<p>Por supuesto, los servicios personalizados son nuestra oferta principal. Podemos personalizar el color y la artesan\u00eda de esta botella de vidrio para coincidir exactamente con su marca.<\/p>\n<table style=\"border-collapse: collapse; width: 100%;\">\n<tbody>\n<tr>\n<td style=\"width: 33.3333%;\"><img decoding=\"async\" class=\"alignnone size-full wp-image-3824\" src=\"https:\/\/www.cosmepak.com\/wp-content\/uploads\/2025\/05\/11.jpg\" alt=\"\" width=\"1000\" height=\"1000\" srcset=\"https:\/\/www.cosmepak.com\/wp-content\/uploads\/2025\/05\/11.jpg 1000w, https:\/\/www.cosmepak.com\/wp-content\/uploads\/2025\/05\/11-300x300.jpg 300w, https:\/\/www.cosmepak.com\/wp-content\/uploads\/2025\/05\/11-150x150.jpg 150w, https:\/\/www.cosmepak.com\/wp-content\/uploads\/2025\/05\/11-768x768.jpg 768w, https:\/\/www.cosmepak.com\/wp-content\/uploads\/2025\/05\/11-12x12.jpg 12w, https:\/\/www.cosmepak.com\/wp-content\/uploads\/2025\/05\/11-600x600.jpg 600w, https:\/\/www.cosmepak.com\/wp-content\/uploads\/2025\/05\/11-100x100.jpg 100w\" sizes=\"(max-width: 1000px) 100vw, 1000px\" \/><\/td>\n<td style=\"width: 33.3333%;\"><img decoding=\"async\" class=\"alignnone size-full wp-image-3825\" src=\"https:\/\/www.cosmepak.com\/wp-content\/uploads\/2025\/05\/21.jpg\" alt=\"\" width=\"1000\" height=\"1000\" srcset=\"https:\/\/www.cosmepak.com\/wp-content\/uploads\/2025\/05\/21.jpg 1000w, https:\/\/www.cosmepak.com\/wp-content\/uploads\/2025\/05\/21-300x300.jpg 300w, https:\/\/www.cosmepak.com\/wp-content\/uploads\/2025\/05\/21-150x150.jpg 150w, https:\/\/www.cosmepak.com\/wp-content\/uploads\/2025\/05\/21-768x768.jpg 768w, https:\/\/www.cosmepak.com\/wp-content\/uploads\/2025\/05\/21-12x12.jpg 12w, https:\/\/www.cosmepak.com\/wp-content\/uploads\/2025\/05\/21-600x600.jpg 600w, https:\/\/www.cosmepak.com\/wp-content\/uploads\/2025\/05\/21-100x100.jpg 100w\" sizes=\"(max-width: 1000px) 100vw, 1000px\" \/><\/td>\n<td style=\"width: 33.3333%;\"><img loading=\"lazy\" decoding=\"async\" class=\"alignnone size-full wp-image-3826\" src=\"https:\/\/www.cosmepak.com\/wp-content\/uploads\/2025\/05\/31.jpg\" alt=\"\" width=\"1000\" height=\"1000\" srcset=\"https:\/\/www.cosmepak.com\/wp-content\/uploads\/2025\/05\/31.jpg 1000w, https:\/\/www.cosmepak.com\/wp-content\/uploads\/2025\/05\/31-300x300.jpg 300w, https:\/\/www.cosmepak.com\/wp-content\/uploads\/2025\/05\/31-150x150.jpg 150w, https:\/\/www.cosmepak.com\/wp-content\/uploads\/2025\/05\/31-768x768.jpg 768w, https:\/\/www.cosmepak.com\/wp-content\/uploads\/2025\/05\/31-12x12.jpg 12w, https:\/\/www.cosmepak.com\/wp-content\/uploads\/2025\/05\/31-600x600.jpg 600w, https:\/\/www.cosmepak.com\/wp-content\/uploads\/2025\/05\/31-100x100.jpg 100w\" sizes=\"(max-width: 1000px) 100vw, 1000px\" \/><\/td>\n<\/tr>\n<\/tbody>\n<\/table>\n<table style=\"border-collapse: collapse; width: 100%;\">\n<tbody>\n<tr>\n<td style=\"width: 50%;\"><img loading=\"lazy\" decoding=\"async\" class=\"alignnone size-full wp-image-3827\" src=\"https:\/\/www.cosmepak.com\/wp-content\/uploads\/2025\/05\/51.jpg\" alt=\"\" width=\"1000\" height=\"1000\" srcset=\"https:\/\/www.cosmepak.com\/wp-content\/uploads\/2025\/05\/51.jpg 1000w, https:\/\/www.cosmepak.com\/wp-content\/uploads\/2025\/05\/51-300x300.jpg 300w, https:\/\/www.cosmepak.com\/wp-content\/uploads\/2025\/05\/51-150x150.jpg 150w, https:\/\/www.cosmepak.com\/wp-content\/uploads\/2025\/05\/51-768x768.jpg 768w, https:\/\/www.cosmepak.com\/wp-content\/uploads\/2025\/05\/51-12x12.jpg 12w, https:\/\/www.cosmepak.com\/wp-content\/uploads\/2025\/05\/51-600x600.jpg 600w, https:\/\/www.cosmepak.com\/wp-content\/uploads\/2025\/05\/51-100x100.jpg 100w\" sizes=\"(max-width: 1000px) 100vw, 1000px\" \/><\/td>\n<td style=\"width: 50%;\"><img loading=\"lazy\" decoding=\"async\" class=\"alignnone size-full wp-image-3828\" src=\"https:\/\/www.cosmepak.com\/wp-content\/uploads\/2025\/05\/101.jpg\" alt=\"\" width=\"1000\" height=\"1000\" srcset=\"https:\/\/www.cosmepak.com\/wp-content\/uploads\/2025\/05\/101.jpg 1000w, https:\/\/www.cosmepak.com\/wp-content\/uploads\/2025\/05\/101-300x300.jpg 300w, https:\/\/www.cosmepak.com\/wp-content\/uploads\/2025\/05\/101-150x150.jpg 150w, https:\/\/www.cosmepak.com\/wp-content\/uploads\/2025\/05\/101-768x768.jpg 768w, https:\/\/www.cosmepak.com\/wp-content\/uploads\/2025\/05\/101-12x12.jpg 12w, https:\/\/www.cosmepak.com\/wp-content\/uploads\/2025\/05\/101-600x600.jpg 600w, https:\/\/www.cosmepak.com\/wp-content\/uploads\/2025\/05\/101-100x100.jpg 100w\" sizes=\"(max-width: 1000px) 100vw, 1000px\" \/><\/td>\n<\/tr>\n<\/tbody>\n<\/table>\n<p>&nbsp;<\/p>\n<p>&nbsp;<\/p>","protected":false},"excerpt":{"rendered":"<p>Material: vidrio<\/p>\n<p>Capacidad: 30 ml\/50 ml<\/p>\n<p>Color: Aceptar personalizado (cualquier color Pantone disponible)<\/p>\n<p>Acabado de superficie: impresi\u00f3n de pantalla, estampado en caliente, gradiente de pulverizaci\u00f3n, acabado mate, etc.<\/p>\n<p>MOQ: 1000pcs \/ 10000pcs personalizado<\/p>\n<p>Muestra: muestras gratuitas disponibles<\/p>\n<p>&nbsp;<\/p>\n<p>&nbsp;<\/p>","protected":false},"featured_media":3829,"comment_status":"closed","ping_status":"closed","template":"","meta":{"_acf_changed":false},"product_brand":[],"product_cat":[45,19],"product_tag":[40],"class_list":{"0":"post-2036","1":"product","2":"type-product","3":"status-publish","4":"has-post-thumbnail","6":"product_cat-serum-pump-bottle","7":"product_cat-skincare-glass-bottle","8":"product_tag-essential-oil-bottle","10":"first","11":"instock","12":"shipping-taxable","13":"product-type-simple"},"acf":[],"_links":{"self":[{"href":"https:\/\/www.cosmepak.com\/es\/wp-json\/wp\/v2\/product\/2036","targetHints":{"allow":["GET"]}}],"collection":[{"href":"https:\/\/www.cosmepak.com\/es\/wp-json\/wp\/v2\/product"}],"about":[{"href":"https:\/\/www.cosmepak.com\/es\/wp-json\/wp\/v2\/types\/product"}],"replies":[{"embeddable":true,"href":"https:\/\/www.cosmepak.com\/es\/wp-json\/wp\/v2\/comments?post=2036"}],"wp:featuredmedia":[{"embeddable":true,"href":"https:\/\/www.cosmepak.com\/es\/wp-json\/wp\/v2\/media\/3829"}],"wp:attachment":[{"href":"https:\/\/www.cosmepak.com\/es\/wp-json\/wp\/v2\/media?parent=2036"}],"wp:term":[{"taxonomy":"product_brand","embeddable":true,"href":"https:\/\/www.cosmepak.com\/es\/wp-json\/wp\/v2\/product_brand?post=2036"},{"taxonomy":"product_cat","embeddable":true,"href":"https:\/\/www.cosmepak.com\/es\/wp-json\/wp\/v2\/product_cat?post=2036"},{"taxonomy":"product_tag","embeddable":true,"href":"https:\/\/www.cosmepak.com\/es\/wp-json\/wp\/v2\/product_tag?post=2036"}],"curies":[{"name":"WP","href":"https:\/\/api.w.org\/{rel}","templated":true}]}}