{"id":2088,"date":"2025-06-06T17:30:22","date_gmt":"2025-06-06T09:30:22","guid":{"rendered":"https:\/\/www.cosmepak.com\/?post_type=product&#038;p=2088"},"modified":"2025-12-30T14:50:22","modified_gmt":"2025-12-30T06:50:22","slug":"30ml-40ml-100ml-120ml-square-thick-bottomed-skin-care-product-glass-bottles-in-stock","status":"publish","type":"product","link":"https:\/\/www.cosmepak.com\/es\/product\/30ml-40ml-100ml-120ml-square-thick-bottomed-skin-care-product-glass-bottles-in-stock\/","title":{"rendered":"30ml 40ml 100ml 120ml cuadrado grueso fondo producto de cuidado de la piel botellas de vidrio en stock \/ Jaunce"},"content":{"rendered":"<table style=\"border-collapse: collapse; width: 100%; height: 216px;\">\n<tbody>\n<tr style=\"height: 24px;\">\n<td style=\"width: 40.6929%; height: 216px;\" rowspan=\"9\"><img fetchpriority=\"high\" decoding=\"async\" class=\"alignnone size-full wp-image-2568\" src=\"https:\/\/www.cosmepak.com\/wp-content\/uploads\/2025\/06\/\u4e3b\u56fe-7.jpg\" alt=\"botellas de crema\" width=\"1000\" height=\"1000\" srcset=\"https:\/\/www.cosmepak.com\/wp-content\/uploads\/2025\/06\/\u4e3b\u56fe-7.jpg 1000w, https:\/\/www.cosmepak.com\/wp-content\/uploads\/2025\/06\/\u4e3b\u56fe-7-300x300.jpg 300w, https:\/\/www.cosmepak.com\/wp-content\/uploads\/2025\/06\/\u4e3b\u56fe-7-150x150.jpg 150w, https:\/\/www.cosmepak.com\/wp-content\/uploads\/2025\/06\/\u4e3b\u56fe-7-768x768.jpg 768w, https:\/\/www.cosmepak.com\/wp-content\/uploads\/2025\/06\/\u4e3b\u56fe-7-12x12.jpg 12w, https:\/\/www.cosmepak.com\/wp-content\/uploads\/2025\/06\/\u4e3b\u56fe-7-600x600.jpg 600w, https:\/\/www.cosmepak.com\/wp-content\/uploads\/2025\/06\/\u4e3b\u56fe-7-100x100.jpg 100w\" sizes=\"(max-width: 1000px) 100vw, 1000px\" \/><\/td>\n<td style=\"width: 23.5109%; height: 24px; text-align: center;\">Marca<\/td>\n<td style=\"width: 35.7961%; height: 24px; text-align: center;\">\u00a0Jaunce<\/td>\n<\/tr>\n<tr style=\"height: 24px;\">\n<td style=\"width: 23.5109%; height: 24px; text-align: center;\">Capacidad<\/td>\n<td style=\"width: 35.7961%; height: 24px; text-align: center;\">30ml \/ 40ml \/ 100ml \/ 120ml \/ 30g \/ 50g<\/td>\n<\/tr>\n<tr style=\"height: 24px;\">\n<td style=\"width: 23.5109%; height: 24px; text-align: center;\">Forma<\/td>\n<td style=\"width: 35.7961%; height: 24px; text-align: center;\">Cuadrado<\/td>\n<\/tr>\n<tr style=\"height: 24px;\">\n<td style=\"width: 23.5109%; height: 24px; text-align: center;\">Material<\/td>\n<td style=\"width: 35.7961%; height: 24px; text-align: center;\">Vaso<\/td>\n<\/tr>\n<tr style=\"height: 24px;\">\n<td style=\"width: 23.5109%; height: 24px; text-align: center;\">Modelo<\/td>\n<td style=\"width: 35.7961%; height: 24px; text-align: center;\">JH-YJY230<\/td>\n<\/tr>\n<tr style=\"height: 24px;\">\n<td style=\"width: 23.5109%; height: 24px; text-align: center;\">OEM \/ ODM<\/td>\n<td style=\"width: 35.7961%; height: 24px; text-align: center;\">Aceptar<\/td>\n<\/tr>\n<tr style=\"height: 24px;\">\n<td style=\"width: 23.5109%; height: 24px; text-align: center;\">Color<\/td>\n<td style=\"width: 35.7961%; height: 24px; text-align: center;\">Cualquier color de Parton personalizado<\/td>\n<\/tr>\n<tr style=\"height: 24px;\">\n<td style=\"width: 23.5109%; height: 24px; text-align: center;\">Uso<\/td>\n<td style=\"width: 35.7961%; height: 24px; text-align: center;\">Loci\u00f3n\/Fundaci\u00f3n\/crema etc.<\/td>\n<\/tr>\n<tr style=\"height: 24px;\">\n<td style=\"width: 23.5109%; height: 24px; text-align: center;\">Moq<\/td>\n<td style=\"width: 35.7961%; height: 24px; text-align: center;\">3000pcs transparentes, 10000pcs personalizados<\/td>\n<\/tr>\n<\/tbody>\n<\/table>\n<table style=\"border-collapse: collapse; width: 100%; height: 168px;\">\n<tbody>\n<tr style=\"height: 24px;\">\n<td style=\"width: 11.8491%; text-align: center; height: 24px;\"><strong>Art\u00edculo<\/strong><\/td>\n<td style=\"width: 13.1117%; text-align: center; height: 24px;\"><strong>Capacidad<\/strong><\/td>\n<td style=\"width: 14.6772%; text-align: center; height: 24px;\"><strong>Di\u00e1metro<\/strong><\/td>\n<td style=\"width: 12.8016%; text-align: center; height: 24px;\"><strong>Altura del hombro<\/strong><\/td>\n<td style=\"width: 12.6561%; text-align: center; height: 24px;\"><strong>Altura total<\/strong><\/td>\n<\/tr>\n<tr style=\"height: 24px;\">\n<td style=\"width: 11.8491%; text-align: center; height: 24px;\">JH-YJY230-SH1003<\/td>\n<td style=\"width: 13.1117%; text-align: center; height: 24px;\">20G<\/td>\n<td style=\"width: 14.6772%; text-align: center; height: 24px;\">51 mm<\/td>\n<td style=\"width: 12.8016%; text-align: center; height: 24px;\">15 mm<\/td>\n<td style=\"width: 12.6561%; text-align: center; height: 24px;\">39 mm<\/td>\n<\/tr>\n<tr style=\"height: 24px;\">\n<td style=\"width: 11.8491%; text-align: center; height: 24px;\">JH-YJY230-SH1002<\/td>\n<td style=\"width: 13.1117%; text-align: center; height: 24px;\">50 g<\/td>\n<td style=\"width: 14.6772%; text-align: center; height: 24px;\">68 mm<\/td>\n<td style=\"width: 12.8016%; text-align: center; height: 24px;\">20 mm<\/td>\n<td style=\"width: 12.6561%; text-align: center; height: 24px;\">47 mm<\/td>\n<\/tr>\n<tr style=\"height: 24px;\">\n<td style=\"width: 11.8491%; text-align: center; height: 24px;\">JH-YJY230-SH2019<\/td>\n<td style=\"width: 13.1117%; text-align: center; height: 24px;\">30 ml<\/td>\n<td style=\"width: 14.6772%; text-align: center; height: 24px;\">35 mm<\/td>\n<td style=\"width: 12.8016%; text-align: center; height: 24px;\">55 mm<\/td>\n<td style=\"width: 12.6561%; text-align: center; height: 24px;\">109mm<\/td>\n<\/tr>\n<tr style=\"height: 24px;\">\n<td style=\"width: 11.8491%; text-align: center; height: 24px;\">JH-YJY230-SH2018<\/td>\n<td style=\"width: 13.1117%; text-align: center; height: 24px;\">40 ml<\/td>\n<td style=\"width: 14.6772%; text-align: center; height: 24px;\">35 mm<\/td>\n<td style=\"width: 12.8016%; text-align: center; height: 24px;\">65 mm<\/td>\n<td style=\"width: 12.6561%; text-align: center; height: 24px;\">122mm<\/td>\n<\/tr>\n<tr style=\"height: 24px;\">\n<td style=\"width: 11.8491%; text-align: center; height: 24px;\">JH-YJY230-SH2017<\/td>\n<td style=\"width: 13.1117%; text-align: center; height: 24px;\">100 ml<\/td>\n<td style=\"width: 14.6772%; text-align: center; height: 24px;\">40 mm<\/td>\n<td style=\"width: 12.8016%; text-align: center; height: 24px;\">110 mm<\/td>\n<td style=\"width: 12.6561%; text-align: center; height: 24px;\">170 mm<\/td>\n<\/tr>\n<tr style=\"height: 24px;\">\n<td style=\"width: 11.8491%; text-align: center; height: 24px;\">JH-YJY230-SH2016<\/td>\n<td style=\"width: 13.1117%; text-align: center; height: 24px;\">120 ml<\/td>\n<td style=\"width: 14.6772%; text-align: center; height: 24px;\">40 mm<\/td>\n<td style=\"width: 12.8016%; text-align: center; height: 24px;\">130 mm<\/td>\n<td style=\"width: 12.6561%; text-align: center; height: 24px;\">191mm<\/td>\n<\/tr>\n<\/tbody>\n<\/table>\n<p>Este conjunto de botellas de vidrio de cuidado de la piel de fondo grueso cuadrado. Este vers\u00e1til conjunto incluye varios tama\u00f1os de botellas vac\u00edas adecuadas para lociones, cremas y sueros. Elaboradas con vidrio de alta calidad, estas botellas aseguran que sus productos para el cuidado de la piel se almacenan de forma segura y elegante.<\/p>\n<p style=\"text-align: left;\">Dise\u00f1o de fondo grueso cuadrado para un aspecto moderno y resistente, y m\u00faltiples especificaciones para satisfacer diferentes necesidades de cuidado de la piel. tambi\u00e9n apoyamos la artesan\u00eda personalizada y la personalizaci\u00f3n de la muestra.<\/p>\n<p style=\"text-align: left;\">Mejora tu l\u00ednea de cuidado de la piel con estas botellas de vidrio elegantes y duraderas. Perfecto para uso personal y embalaje profesional.<\/p>\n<p style=\"text-align: center;\"><img decoding=\"async\" class=\"alignnone size-full wp-image-2572\" src=\"https:\/\/www.cosmepak.com\/wp-content\/uploads\/2025\/06\/\u8be6\u60c5-3.jpg\" alt=\"\" width=\"1000\" height=\"1000\" srcset=\"https:\/\/www.cosmepak.com\/wp-content\/uploads\/2025\/06\/\u8be6\u60c5-3.jpg 1000w, https:\/\/www.cosmepak.com\/wp-content\/uploads\/2025\/06\/\u8be6\u60c5-3-300x300.jpg 300w, https:\/\/www.cosmepak.com\/wp-content\/uploads\/2025\/06\/\u8be6\u60c5-3-150x150.jpg 150w, https:\/\/www.cosmepak.com\/wp-content\/uploads\/2025\/06\/\u8be6\u60c5-3-768x768.jpg 768w, https:\/\/www.cosmepak.com\/wp-content\/uploads\/2025\/06\/\u8be6\u60c5-3-12x12.jpg 12w, https:\/\/www.cosmepak.com\/wp-content\/uploads\/2025\/06\/\u8be6\u60c5-3-600x600.jpg 600w, https:\/\/www.cosmepak.com\/wp-content\/uploads\/2025\/06\/\u8be6\u60c5-3-100x100.jpg 100w\" sizes=\"(max-width: 1000px) 100vw, 1000px\" \/><\/p>\n<p>Para esta botella de vidrio de producto de cuidado de la piel de fondo grueso cuadrado, proporcionamos servicios profesionales de personalizaci\u00f3n para botellas de envasado cosm\u00e9tico para satisfacer las necesidades de diferentes productos cosm\u00e9ticos. Podemos personalizar paso a paso seg\u00fan las diferentes necesidades de nuestros clientes, desde la cantidad m\u00ednima de pedido hasta el dise\u00f1o de apariencia e impresi\u00f3n de marcas comerciales.<\/p>\n<p>Tenemos serigraf\u00eda, esmalte, pulverizaci\u00f3n de patr\u00f3n sticker.rock de etiqueta, pulverizaci\u00f3n de grietas de hielo, impresi\u00f3n 3D, impresi\u00f3n de transferencia de agua, color transparente, color s\u00f3lido, pulverizaci\u00f3n de gradiente, chapado, galvanograf\u00eda iridescente, bronceado y estampado en caliente, etc.<\/p>\n<p>Nos especializamos en envasado y env\u00edo de envases de vidrio y pl\u00e1stico. Hemos adoptado t\u00e9cnicas avanzadas para garantizar que nuestro embalaje sea seguro y que los productos se entreguen sin da\u00f1os. Garantizamos que si ocurre alg\u00fan da\u00f1o durante el transporte, compensaremos cualquier p\u00e9rdida incurrida. Con a\u00f1os de experiencia en la industria, hemos ganado una reputaci\u00f3n por proporcionar excelentes servicios de embalaje y transporte para nuestros clientes. Conf\u00eda en nosotros para manejar tus necesidades de embalaje y transporte y entregar tus productos de forma segura e intacta.<\/p>\n<p><img decoding=\"async\" class=\"size-full wp-image-2569 aligncenter\" src=\"https:\/\/www.cosmepak.com\/wp-content\/uploads\/2025\/06\/\u8be6\u60c5-4.jpg\" alt=\"\" width=\"1000\" height=\"1489\" srcset=\"https:\/\/www.cosmepak.com\/wp-content\/uploads\/2025\/06\/\u8be6\u60c5-4.jpg 1000w, https:\/\/www.cosmepak.com\/wp-content\/uploads\/2025\/06\/\u8be6\u60c5-4-201x300.jpg 201w, https:\/\/www.cosmepak.com\/wp-content\/uploads\/2025\/06\/\u8be6\u60c5-4-688x1024.jpg 688w, https:\/\/www.cosmepak.com\/wp-content\/uploads\/2025\/06\/\u8be6\u60c5-4-768x1144.jpg 768w, https:\/\/www.cosmepak.com\/wp-content\/uploads\/2025\/06\/\u8be6\u60c5-4-8x12.jpg 8w, https:\/\/www.cosmepak.com\/wp-content\/uploads\/2025\/06\/\u8be6\u60c5-4-600x893.jpg 600w\" sizes=\"(max-width: 1000px) 100vw, 1000px\" \/><\/p>\n<p><img loading=\"lazy\" decoding=\"async\" class=\"size-full wp-image-2570 aligncenter\" src=\"https:\/\/www.cosmepak.com\/wp-content\/uploads\/2025\/06\/\u8be6\u60c5-5.jpg\" alt=\"\" width=\"1000\" height=\"943\" srcset=\"https:\/\/www.cosmepak.com\/wp-content\/uploads\/2025\/06\/\u8be6\u60c5-5.jpg 1000w, https:\/\/www.cosmepak.com\/wp-content\/uploads\/2025\/06\/\u8be6\u60c5-5-300x283.jpg 300w, https:\/\/www.cosmepak.com\/wp-content\/uploads\/2025\/06\/\u8be6\u60c5-5-768x724.jpg 768w, https:\/\/www.cosmepak.com\/wp-content\/uploads\/2025\/06\/\u8be6\u60c5-5-13x12.jpg 13w, https:\/\/www.cosmepak.com\/wp-content\/uploads\/2025\/06\/\u8be6\u60c5-5-600x566.jpg 600w\" sizes=\"(max-width: 1000px) 100vw, 1000px\" \/><\/p>\n<p><img loading=\"lazy\" decoding=\"async\" class=\"size-full wp-image-2571 aligncenter\" src=\"https:\/\/www.cosmepak.com\/wp-content\/uploads\/2025\/06\/\u8be6\u60c5-6.jpg\" alt=\"\" width=\"1000\" height=\"981\" srcset=\"https:\/\/www.cosmepak.com\/wp-content\/uploads\/2025\/06\/\u8be6\u60c5-6.jpg 1000w, https:\/\/www.cosmepak.com\/wp-content\/uploads\/2025\/06\/\u8be6\u60c5-6-300x294.jpg 300w, https:\/\/www.cosmepak.com\/wp-content\/uploads\/2025\/06\/\u8be6\u60c5-6-768x753.jpg 768w, https:\/\/www.cosmepak.com\/wp-content\/uploads\/2025\/06\/\u8be6\u60c5-6-12x12.jpg 12w, https:\/\/www.cosmepak.com\/wp-content\/uploads\/2025\/06\/\u8be6\u60c5-6-600x589.jpg 600w\" sizes=\"(max-width: 1000px) 100vw, 1000px\" \/><\/p>\n<table style=\"border-collapse: collapse; width: 100%;\">\n<tbody>\n<tr>\n<td style=\"width: 50%;\"><img loading=\"lazy\" decoding=\"async\" class=\"alignnone size-full wp-image-3841\" src=\"https:\/\/www.cosmepak.com\/wp-content\/uploads\/2025\/06\/9-1.jpg\" alt=\"\" width=\"1000\" height=\"1000\" srcset=\"https:\/\/www.cosmepak.com\/wp-content\/uploads\/2025\/06\/9-1.jpg 1000w, https:\/\/www.cosmepak.com\/wp-content\/uploads\/2025\/06\/9-1-300x300.jpg 300w, https:\/\/www.cosmepak.com\/wp-content\/uploads\/2025\/06\/9-1-150x150.jpg 150w, https:\/\/www.cosmepak.com\/wp-content\/uploads\/2025\/06\/9-1-768x768.jpg 768w, https:\/\/www.cosmepak.com\/wp-content\/uploads\/2025\/06\/9-1-12x12.jpg 12w, https:\/\/www.cosmepak.com\/wp-content\/uploads\/2025\/06\/9-1-600x600.jpg 600w, https:\/\/www.cosmepak.com\/wp-content\/uploads\/2025\/06\/9-1-100x100.jpg 100w\" sizes=\"(max-width: 1000px) 100vw, 1000px\" \/><\/td>\n<td style=\"width: 50%;\"><img loading=\"lazy\" decoding=\"async\" class=\"alignnone size-full wp-image-3842\" src=\"https:\/\/www.cosmepak.com\/wp-content\/uploads\/2025\/06\/10-1.jpg\" alt=\"\" width=\"1000\" height=\"1000\" srcset=\"https:\/\/www.cosmepak.com\/wp-content\/uploads\/2025\/06\/10-1.jpg 1000w, https:\/\/www.cosmepak.com\/wp-content\/uploads\/2025\/06\/10-1-300x300.jpg 300w, https:\/\/www.cosmepak.com\/wp-content\/uploads\/2025\/06\/10-1-150x150.jpg 150w, https:\/\/www.cosmepak.com\/wp-content\/uploads\/2025\/06\/10-1-768x768.jpg 768w, https:\/\/www.cosmepak.com\/wp-content\/uploads\/2025\/06\/10-1-12x12.jpg 12w, https:\/\/www.cosmepak.com\/wp-content\/uploads\/2025\/06\/10-1-600x600.jpg 600w, https:\/\/www.cosmepak.com\/wp-content\/uploads\/2025\/06\/10-1-100x100.jpg 100w\" sizes=\"(max-width: 1000px) 100vw, 1000px\" \/><\/td>\n<\/tr>\n<\/tbody>\n<\/table>\n<table style=\"border-collapse: collapse; width: 100%;\">\n<tbody>\n<tr>\n<td style=\"width: 50%;\"><img loading=\"lazy\" decoding=\"async\" class=\"alignnone size-full wp-image-3843\" src=\"https:\/\/www.cosmepak.com\/wp-content\/uploads\/2025\/06\/7-1.jpg\" alt=\"\" width=\"1000\" height=\"1000\" srcset=\"https:\/\/www.cosmepak.com\/wp-content\/uploads\/2025\/06\/7-1.jpg 1000w, https:\/\/www.cosmepak.com\/wp-content\/uploads\/2025\/06\/7-1-300x300.jpg 300w, https:\/\/www.cosmepak.com\/wp-content\/uploads\/2025\/06\/7-1-150x150.jpg 150w, https:\/\/www.cosmepak.com\/wp-content\/uploads\/2025\/06\/7-1-768x768.jpg 768w, https:\/\/www.cosmepak.com\/wp-content\/uploads\/2025\/06\/7-1-12x12.jpg 12w, https:\/\/www.cosmepak.com\/wp-content\/uploads\/2025\/06\/7-1-600x600.jpg 600w, https:\/\/www.cosmepak.com\/wp-content\/uploads\/2025\/06\/7-1-100x100.jpg 100w\" sizes=\"(max-width: 1000px) 100vw, 1000px\" \/><\/td>\n<td style=\"width: 50%;\"><img loading=\"lazy\" decoding=\"async\" class=\"alignnone size-full wp-image-3844\" src=\"https:\/\/www.cosmepak.com\/wp-content\/uploads\/2025\/06\/8-1.jpg\" alt=\"\" width=\"1000\" height=\"1000\" srcset=\"https:\/\/www.cosmepak.com\/wp-content\/uploads\/2025\/06\/8-1.jpg 1000w, https:\/\/www.cosmepak.com\/wp-content\/uploads\/2025\/06\/8-1-300x300.jpg 300w, https:\/\/www.cosmepak.com\/wp-content\/uploads\/2025\/06\/8-1-150x150.jpg 150w, https:\/\/www.cosmepak.com\/wp-content\/uploads\/2025\/06\/8-1-768x768.jpg 768w, https:\/\/www.cosmepak.com\/wp-content\/uploads\/2025\/06\/8-1-12x12.jpg 12w, https:\/\/www.cosmepak.com\/wp-content\/uploads\/2025\/06\/8-1-600x600.jpg 600w, https:\/\/www.cosmepak.com\/wp-content\/uploads\/2025\/06\/8-1-100x100.jpg 100w\" sizes=\"(max-width: 1000px) 100vw, 1000px\" \/><\/td>\n<\/tr>\n<\/tbody>\n<\/table>\n<p>&nbsp;<\/p>\n<p><strong>\u00a0<\/strong><\/p>\n<p>&nbsp;<\/p>","protected":false},"excerpt":{"rendered":"<p>Material: vidrio<\/p>\n<p>Forma: cuadrado<\/p>\n<p>Tapa: Tapa de tornillo \/ Tapa de bomba \/ gota para elegir.<\/p>\n<p>Capacidad: 30ml \/ 40ml \/ 100ml \/ 120ml \/ 30g \/ 50g<\/p>\n<p>Color: Aceptar personalizado (cualquier color Pantone disponible)<\/p>\n<p>Acabado de superficie: impresi\u00f3n de pantalla, estampado en caliente, gradiente de pulverizaci\u00f3n, acabado mate, etc.<\/p>\n<p>MOQ: 3000pcs \/ Qty personalizado 10000pcs<\/p>\n<p>Muestra: muestras gratuitas disponibles<\/p>\n<p>OEM\/ODM: Aceptable<\/p>\n<p>&nbsp;<\/p>\n<p>&nbsp;<\/p>","protected":false},"featured_media":2573,"comment_status":"closed","ping_status":"closed","template":"","meta":{"_acf_changed":false},"product_brand":[],"product_cat":[19,46],"product_tag":[43],"class_list":{"0":"post-2088","1":"product","2":"type-product","3":"status-publish","4":"has-post-thumbnail","6":"product_cat-skincare-glass-bottle","7":"product_cat-skincare-product-set-package","8":"product_tag-cosmetic-package-bottles","10":"first","11":"instock","12":"shipping-taxable","13":"product-type-simple"},"acf":[],"_links":{"self":[{"href":"https:\/\/www.cosmepak.com\/es\/wp-json\/wp\/v2\/product\/2088","targetHints":{"allow":["GET"]}}],"collection":[{"href":"https:\/\/www.cosmepak.com\/es\/wp-json\/wp\/v2\/product"}],"about":[{"href":"https:\/\/www.cosmepak.com\/es\/wp-json\/wp\/v2\/types\/product"}],"replies":[{"embeddable":true,"href":"https:\/\/www.cosmepak.com\/es\/wp-json\/wp\/v2\/comments?post=2088"}],"wp:featuredmedia":[{"embeddable":true,"href":"https:\/\/www.cosmepak.com\/es\/wp-json\/wp\/v2\/media\/2573"}],"wp:attachment":[{"href":"https:\/\/www.cosmepak.com\/es\/wp-json\/wp\/v2\/media?parent=2088"}],"wp:term":[{"taxonomy":"product_brand","embeddable":true,"href":"https:\/\/www.cosmepak.com\/es\/wp-json\/wp\/v2\/product_brand?post=2088"},{"taxonomy":"product_cat","embeddable":true,"href":"https:\/\/www.cosmepak.com\/es\/wp-json\/wp\/v2\/product_cat?post=2088"},{"taxonomy":"product_tag","embeddable":true,"href":"https:\/\/www.cosmepak.com\/es\/wp-json\/wp\/v2\/product_tag?post=2088"}],"curies":[{"name":"WP","href":"https:\/\/api.w.org\/{rel}","templated":true}]}}