{"id":2671,"date":"2025-07-18T09:36:23","date_gmt":"2025-07-18T01:36:23","guid":{"rendered":"https:\/\/www.cosmepak.com\/?post_type=product&#038;p=2671"},"modified":"2025-08-07T13:21:29","modified_gmt":"2025-08-07T05:21:29","slug":"50ml-pp-flip-cap-plastic-cosmetic-bottle-jaunce-2-2-2-2","status":"publish","type":"product","link":"https:\/\/www.cosmepak.com\/es\/product\/50ml-pp-flip-cap-plastic-cosmetic-bottle-jaunce-2-2-2-2\/","title":{"rendered":"Botella de pl\u00e1stico de 380ml con tapa giratoria\/Jaunce #2"},"content":{"rendered":"<table style=\"border-collapse: collapse; width: 100%; height: 120px;\">\n<tbody>\n<tr style=\"height: 24px;\">\n<td style=\"width: 33.3333%; height: 120px;\" rowspan=\"5\"><img fetchpriority=\"high\" decoding=\"async\" class=\"alignnone size-full wp-image-2674\" src=\"https:\/\/www.cosmepak.com\/wp-content\/uploads\/2025\/07\/289.jpg\" alt=\"\" width=\"1200\" height=\"1200\" srcset=\"https:\/\/www.cosmepak.com\/wp-content\/uploads\/2025\/07\/289.jpg 1200w, https:\/\/www.cosmepak.com\/wp-content\/uploads\/2025\/07\/289-300x300.jpg 300w, https:\/\/www.cosmepak.com\/wp-content\/uploads\/2025\/07\/289-1024x1024.jpg 1024w, https:\/\/www.cosmepak.com\/wp-content\/uploads\/2025\/07\/289-150x150.jpg 150w, https:\/\/www.cosmepak.com\/wp-content\/uploads\/2025\/07\/289-768x768.jpg 768w, https:\/\/www.cosmepak.com\/wp-content\/uploads\/2025\/07\/289-12x12.jpg 12w, https:\/\/www.cosmepak.com\/wp-content\/uploads\/2025\/07\/289-600x600.jpg 600w, https:\/\/www.cosmepak.com\/wp-content\/uploads\/2025\/07\/289-100x100.jpg 100w\" sizes=\"(max-width: 1200px) 100vw, 1200px\" \/><\/td>\n<td style=\"width: 33.122%; height: 24px; text-align: center;\">Marca<\/td>\n<td style=\"width: 33.5446%; height: 24px; text-align: center;\">Jaunce<\/td>\n<\/tr>\n<tr style=\"height: 24px;\">\n<td style=\"width: 33.122%; height: 24px; text-align: center;\">Modelo<\/td>\n<td style=\"width: 33.5446%; height: 24px; text-align: center;\">JH-SK1123<\/td>\n<\/tr>\n<tr style=\"height: 24px;\">\n<td style=\"width: 33.122%; height: 24px; text-align: center;\">Capcidad<\/td>\n<td style=\"width: 33.5446%; height: 24px; text-align: center;\">60 ml \/ 80 ml \/ 100 ml<\/td>\n<\/tr>\n<tr style=\"height: 24px;\">\n<td style=\"width: 33.122%; height: 24px; text-align: center;\">Color<\/td>\n<td style=\"width: 33.5446%; height: 24px; text-align: center;\">personalizado<\/td>\n<\/tr>\n<tr style=\"height: 24px;\">\n<td style=\"width: 33.122%; height: 24px; text-align: center;\">Material<\/td>\n<td style=\"width: 33.5446%; height: 24px; text-align: center;\">MASCOTA<\/td>\n<\/tr>\n<\/tbody>\n<\/table>\n<p>&nbsp;<\/p>\n<p>&nbsp;<\/p>\n<p><img decoding=\"async\" class=\"alignnone size-full wp-image-2673\" src=\"https:\/\/www.cosmepak.com\/wp-content\/uploads\/2025\/07\/288.jpg\" alt=\"\" width=\"1200\" height=\"1200\" srcset=\"https:\/\/www.cosmepak.com\/wp-content\/uploads\/2025\/07\/288.jpg 1200w, https:\/\/www.cosmepak.com\/wp-content\/uploads\/2025\/07\/288-300x300.jpg 300w, https:\/\/www.cosmepak.com\/wp-content\/uploads\/2025\/07\/288-1024x1024.jpg 1024w, https:\/\/www.cosmepak.com\/wp-content\/uploads\/2025\/07\/288-150x150.jpg 150w, https:\/\/www.cosmepak.com\/wp-content\/uploads\/2025\/07\/288-768x768.jpg 768w, https:\/\/www.cosmepak.com\/wp-content\/uploads\/2025\/07\/288-12x12.jpg 12w, https:\/\/www.cosmepak.com\/wp-content\/uploads\/2025\/07\/288-600x600.jpg 600w, https:\/\/www.cosmepak.com\/wp-content\/uploads\/2025\/07\/288-100x100.jpg 100w\" sizes=\"(max-width: 1200px) 100vw, 1200px\" \/><\/p>\n<p><img decoding=\"async\" class=\"alignnone size-full wp-image-2676\" src=\"https:\/\/www.cosmepak.com\/wp-content\/uploads\/2025\/07\/290.jpg\" alt=\"\" width=\"1200\" height=\"1200\" srcset=\"https:\/\/www.cosmepak.com\/wp-content\/uploads\/2025\/07\/290.jpg 1200w, https:\/\/www.cosmepak.com\/wp-content\/uploads\/2025\/07\/290-300x300.jpg 300w, https:\/\/www.cosmepak.com\/wp-content\/uploads\/2025\/07\/290-1024x1024.jpg 1024w, https:\/\/www.cosmepak.com\/wp-content\/uploads\/2025\/07\/290-150x150.jpg 150w, https:\/\/www.cosmepak.com\/wp-content\/uploads\/2025\/07\/290-768x768.jpg 768w, https:\/\/www.cosmepak.com\/wp-content\/uploads\/2025\/07\/290-12x12.jpg 12w, https:\/\/www.cosmepak.com\/wp-content\/uploads\/2025\/07\/290-600x600.jpg 600w, https:\/\/www.cosmepak.com\/wp-content\/uploads\/2025\/07\/290-100x100.jpg 100w\" sizes=\"(max-width: 1200px) 100vw, 1200px\" \/><\/p>\n<h2 id=\"versatile-flip-cap-bottles-for-skincare-and-haircare\" class=\"ai-center-markdown-h2\" data-spm-anchor-id=\"a2747.product_manager.0.i6.7cd971d2ShgrRH\">Versatiles botellas con tapa giratoria para el cuidado de la piel y el cabello<\/h2>\n<h3 id=\"introduction\" class=\"ai-center-markdown-h3\">Introducci\u00f3n<\/h3>\n<p class=\"ai-center-markdown-p\">En el mundo del cuidado personal, los envases desempe\u00f1an un papel crucial en la experiencia del usuario. Las botellas con tapa giratoria son una opci\u00f3n popular para varios productos, incluyendo lociones corporales, cremas para el cuidado de la piel y champ\u00fas. Este art\u00edculo explora los beneficios y aplicaciones de las botellas con tapa giratoria blanca de 380 ml, especialmente cuando se utilizan para distribuir productos para el cuidado de la piel y el cabello.<\/p>\n<h3 id=\"body-lotion-bottles\" class=\"ai-center-markdown-h3\">Botellas de loci\u00f3n corporal<\/h3>\n<p class=\"ai-center-markdown-p\">Las botellas de 380ml son perfectas para lociones corporales. El dise\u00f1o de la tapa flip garantiza la facilidad de uso, lo que permite a los usuarios dispensar la loci\u00f3n sin ning\u00fan problema. El color blanco de la botella agrega un toque de elegancia y limpieza, lo que la hace visualmente atractiva.<\/p>\n<h3 id=\"skincare-cream-bottles\" class=\"ai-center-markdown-h3\">Botellas de crema para el cuidado de la piel<\/h3>\n<p class=\"ai-center-markdown-p\">Para las cremas de cuidado de la piel, las botellas con tapa giratoria ofrecen una forma conveniente e higi\u00e9nica de acceder al producto. La capacidad de 380ml es ideal para uso diario, proporcionando suficiente producto para un per\u00edodo prolongado. El dise\u00f1o plano y elegante de la botella hace que sea f\u00e1cil de almacenar y manejar.<\/p>\n<h3 id=\"haircare-product-bottles\" class=\"ai-center-markdown-h3\">Botellas de productos para el cuidado del cabello<\/h3>\n<p class=\"ai-center-markdown-p\">Cuando se trata de productos para el cuidado del cabello como champ\u00fas, estas botellas con tapa giratoria son altamente funcionales. El mecanismo de tapa giratoria evita fugas y garantiza que el producto se distribuya sin problemas. El tama\u00f1o de 380ml es adecuado tanto para uso dom\u00e9stico como de viaje, ofreciendo versatilidad.<\/p>\n<h3 id=\"benefits-of-flip-cap-bottles\" class=\"ai-center-markdown-h3\">Beneficios de las botellas Flip Cap<\/h3>\n<ol class=\"ai-center-markdown-ol\" start=\"1\">\n<li class=\"ai-center-markdown-li\"><strong class=\"ai-center-markdown-strong\">Facilidad de uso<\/strong>La tapa giratoria permite un acceso r\u00e1pido y f\u00e1cil al producto.<\/li>\n<li class=\"ai-center-markdown-li\"><strong class=\"ai-center-markdown-strong\">Higiene<\/strong>Las tapas giratorias minimizan el riesgo de contaminaci\u00f3n, manteniendo el producto limpio.<\/li>\n<li class=\"ai-center-markdown-li\"><strong class=\"ai-center-markdown-strong\">Portabilidad<\/strong>El dise\u00f1o compacto hace que estas botellas sean f\u00e1ciles de llevar durante el viaje.<\/li>\n<li class=\"ai-center-markdown-li\"><strong class=\"ai-center-markdown-strong\">Apelaci\u00f3n est\u00e9tica<\/strong>El color blanco y el dise\u00f1o elegante agregan un aspecto profesional y limpio.<\/li>\n<\/ol>\n<h3 id=\"conclusion\" class=\"ai-center-markdown-h3\">Conclusi\u00f3n<\/h3>\n<p class=\"ai-center-markdown-p\">Las botellas blancas de 380 ml son una opci\u00f3n vers\u00e1til y pr\u00e1ctica para empaquetar lociones corporales, cremas para el cuidado de la piel y champ\u00fas. Su dise\u00f1o garantiza facilidad de uso, higiene, portabilidad y atractivo est\u00e9tico, lo que los convierte en una opci\u00f3n preferida tanto para los consumidores como para los fabricantes.<\/p>\n<table style=\"border-collapse: collapse; width: 100%;\">\n<tbody>\n<tr>\n<td style=\"width: 40.1818%;\"><\/td>\n<td style=\"width: 59.8182%;\"><\/td>\n<\/tr>\n<\/tbody>\n<\/table>\n<p><img loading=\"lazy\" decoding=\"async\" class=\"alignnone size-full wp-image-1347\" src=\"https:\/\/www.cosmepak.com\/wp-content\/uploads\/2024\/12\/\u9996\u987519202_03.jpg\" alt=\"exposici\u00f3n de f\u00e1brica\" width=\"1920\" height=\"885\" srcset=\"https:\/\/www.cosmepak.com\/wp-content\/uploads\/2024\/12\/\u9996\u987519202_03.jpg 1920w, https:\/\/www.cosmepak.com\/wp-content\/uploads\/2024\/12\/\u9996\u987519202_03-300x138.jpg 300w, https:\/\/www.cosmepak.com\/wp-content\/uploads\/2024\/12\/\u9996\u987519202_03-1024x472.jpg 1024w, https:\/\/www.cosmepak.com\/wp-content\/uploads\/2024\/12\/\u9996\u987519202_03-768x354.jpg 768w, https:\/\/www.cosmepak.com\/wp-content\/uploads\/2024\/12\/\u9996\u987519202_03-1536x708.jpg 1536w, https:\/\/www.cosmepak.com\/wp-content\/uploads\/2024\/12\/\u9996\u987519202_03-600x277.jpg 600w\" sizes=\"(max-width: 1920px) 100vw, 1920px\" \/><\/p>\n<p><img loading=\"lazy\" decoding=\"async\" class=\"alignnone size-full wp-image-1348\" src=\"https:\/\/www.cosmepak.com\/wp-content\/uploads\/2024\/12\/\u9996\u987519202_04.jpg\" alt=\"\" width=\"1920\" height=\"694\" srcset=\"https:\/\/www.cosmepak.com\/wp-content\/uploads\/2024\/12\/\u9996\u987519202_04.jpg 1920w, https:\/\/www.cosmepak.com\/wp-content\/uploads\/2024\/12\/\u9996\u987519202_04-300x108.jpg 300w, https:\/\/www.cosmepak.com\/wp-content\/uploads\/2024\/12\/\u9996\u987519202_04-1024x370.jpg 1024w, https:\/\/www.cosmepak.com\/wp-content\/uploads\/2024\/12\/\u9996\u987519202_04-768x278.jpg 768w, https:\/\/www.cosmepak.com\/wp-content\/uploads\/2024\/12\/\u9996\u987519202_04-1536x555.jpg 1536w, https:\/\/www.cosmepak.com\/wp-content\/uploads\/2024\/12\/\u9996\u987519202_04-600x217.jpg 600w\" sizes=\"(max-width: 1920px) 100vw, 1920px\" \/><img loading=\"lazy\" decoding=\"async\" class=\"alignnone size-full wp-image-1350\" src=\"https:\/\/www.cosmepak.com\/wp-content\/uploads\/2024\/12\/\u9996\u987519202_05-1.jpg\" alt=\"\" width=\"1920\" height=\"970\" srcset=\"https:\/\/www.cosmepak.com\/wp-content\/uploads\/2024\/12\/\u9996\u987519202_05-1.jpg 1920w, https:\/\/www.cosmepak.com\/wp-content\/uploads\/2024\/12\/\u9996\u987519202_05-1-300x152.jpg 300w, https:\/\/www.cosmepak.com\/wp-content\/uploads\/2024\/12\/\u9996\u987519202_05-1-1024x517.jpg 1024w, https:\/\/www.cosmepak.com\/wp-content\/uploads\/2024\/12\/\u9996\u987519202_05-1-768x388.jpg 768w, https:\/\/www.cosmepak.com\/wp-content\/uploads\/2024\/12\/\u9996\u987519202_05-1-1536x776.jpg 1536w, https:\/\/www.cosmepak.com\/wp-content\/uploads\/2024\/12\/\u9996\u987519202_05-1-600x303.jpg 600w\" sizes=\"(max-width: 1920px) 100vw, 1920px\" \/><img loading=\"lazy\" decoding=\"async\" class=\"alignnone wp-image-1351\" src=\"https:\/\/www.cosmepak.com\/wp-content\/uploads\/2024\/12\/\u7269\u6d41\u8fd0\u8f93\u753b\u9762-2.jpg\" alt=\"\" width=\"1385\" height=\"1039\" srcset=\"https:\/\/www.cosmepak.com\/wp-content\/uploads\/2024\/12\/\u7269\u6d41\u8fd0\u8f93\u753b\u9762-2.jpg 800w, https:\/\/www.cosmepak.com\/wp-content\/uploads\/2024\/12\/\u7269\u6d41\u8fd0\u8f93\u753b\u9762-2-300x225.jpg 300w, https:\/\/www.cosmepak.com\/wp-content\/uploads\/2024\/12\/\u7269\u6d41\u8fd0\u8f93\u753b\u9762-2-768x576.jpg 768w, https:\/\/www.cosmepak.com\/wp-content\/uploads\/2024\/12\/\u7269\u6d41\u8fd0\u8f93\u753b\u9762-2-600x450.jpg 600w\" sizes=\"(max-width: 1385px) 100vw, 1385px\" \/><\/p>\n<table style=\"border-collapse: collapse; width: 100%;\">\n<tbody>\n<tr>\n<td style=\"width: 33.3333%; text-align: center;\"><strong>Expresar<\/strong><\/td>\n<td style=\"width: 33.3333%; text-align: center;\"><strong>Flete a\u00e9reo<\/strong><\/td>\n<td style=\"width: 33.3333%; text-align: center;\"><strong>Transporte mar\u00edtimo<\/strong><\/td>\n<\/tr>\n<tr>\n<td style=\"width: 33.3333%; text-align: center;\">Europ 4-6day<\/p>\n<p>Am\u00e9rica del Norte 4-6day<\/p>\n<p>Sudeste de Asia 3-5 d\u00edas<\/p>\n<p>El Medio Oriente 4-6day<\/p>\n<p>Sud\u00e1frica 5-8 d\u00edas<\/td>\n<td style=\"width: 33.3333%; text-align: center;\">Europ 4-6day<\/p>\n<p>Am\u00e9rica del Norte 4-6day<\/p>\n<p>Sudeste de Asia 3-5 d\u00edas<\/p>\n<p>El Medio Oriente 4-6day<\/p>\n<p>Sud\u00e1frica 5-8 d\u00edas<\/td>\n<td style=\"width: 33.3333%; text-align: center;\">Europ 25-35day<\/p>\n<p>Am\u00e9rica del Norte 25-35 d\u00edas<\/p>\n<p>Sudeste de Asia 25-35 d\u00edas<\/p>\n<p>El Medio Oriente 25-35 d\u00edas<\/p>\n<p>Sud\u00e1frica 25-35 d\u00edas<\/td>\n<\/tr>\n<\/tbody>\n<\/table>\n<p><span style=\"font-size: 14pt;\"><strong>Preguntas frecuentes:<\/strong><\/span><\/p>\n<h3 id=\"why-should-you-buy-from-us-and-not-other-suppliers\" class=\"ai-center-markdown-h3\">\u00bfPor qu\u00e9 debe comprar de nosotros y no de otros proveedores?<\/h3>\n<ol class=\"ai-center-markdown-ol\" start=\"1\">\n<li class=\"ai-center-markdown-li\"><strong class=\"ai-center-markdown-strong\">Dise\u00f1o personalizado en 3 minutos<\/strong>Ofrecemos servicios de dise\u00f1o r\u00e1pido adaptados a sus necesidades.<\/li>\n<li class=\"ai-center-markdown-li\"><strong class=\"ai-center-markdown-strong\">Servicio en l\u00ednea 24\/7<\/strong>Nuestro equipo est\u00e1 disponible las 24 horas para ayudarlo.<\/li>\n<li class=\"ai-center-markdown-li\"><strong class=\"ai-center-markdown-strong\">Revisi\u00f3n r\u00e1pida de la muestra<\/strong>Las muestras de stock est\u00e1n listas en 7 d\u00edas y las muestras impresas personalizadas en 15 d\u00edas.<\/li>\n<li class=\"ai-center-markdown-li\"><strong class=\"ai-center-markdown-strong\">Tiempo de entrega confiable<\/strong>: Aseguramos un plazo de entrega de 35 d\u00edas para sus pedidos.<\/li>\n<li class=\"ai-center-markdown-li\"><strong class=\"ai-center-markdown-strong\">Experiencia en la industria<\/strong>Con m\u00e1s de 10 a\u00f1os de experiencia en embalaje cosm\u00e9tico, proporcionamos soluciones profesionales.<\/li>\n<li class=\"ai-center-markdown-li\"><strong class=\"ai-center-markdown-strong\">Ventas directas de f\u00e1brica<\/strong>: Disfrute de los mejores precios y servicios directamente de nuestra f\u00e1brica.<\/li>\n<li class=\"ai-center-markdown-li\"><strong class=\"ai-center-markdown-strong\">Soluciones Completas de Embalaje<\/strong>Ofrecemos una soluci\u00f3n \u00fanica para todas sus necesidades de embalaje cosm\u00e9tico.<\/li>\n<\/ol>\n<h3 id=\"who-are-we\" class=\"ai-center-markdown-h3\">\u00bfQui\u00e9nes somos?<\/h3>\n<p class=\"ai-center-markdown-p\">Somos una empresa con sede en Zhejiang, China, establecida en 2014. Nuestro mercado primario es el mercado interno (70%), con ventas adicionales en Ocean\u00eda (8%), Oriente Medio (7%), Asia Oriental (2%), Am\u00e9rica del Norte (2%), Europa Occidental (2%), Sudeste Asi\u00e1tico (2%), Asia del Sur (1%), Am\u00e9rica del Sur (1%), Europa del Sur (1%), Am\u00e9rica Central (1%), Europa del Norte (1%), \u00c1frica (1%) y Europa del Este (1%).<\/p>\n<h3 id=\"how-can-we-guarantee-quality\" class=\"ai-center-markdown-h3\">\u00bfC\u00f3mo podemos garantizar la calidad?<\/h3>\n<ul class=\"ai-center-markdown-ul\">\n<li class=\"ai-center-markdown-li\"><strong class=\"ai-center-markdown-strong\">Muestra de pre-producci\u00f3n<\/strong>: Siempre proporcionamos una muestra antes de la producci\u00f3n en masa para garantizar la calidad.<\/li>\n<li class=\"ai-center-markdown-li\"><strong class=\"ai-center-markdown-strong\">Inspecci\u00f3n Final<\/strong>: Realizamos una inspecci\u00f3n final exhaustiva antes del env\u00edo para garantizar los est\u00e1ndares del producto.<\/li>\n<\/ul>\n<h3 id=\"what-can-you-buy-from-us\" class=\"ai-center-markdown-h3\">\u00bfQu\u00e9 puedes comprar de nosotros?<\/h3>\n<p class=\"ai-center-markdown-p\">Puede comprar varios materiales de envasado cosm\u00e9tico incluyendo:<\/p>\n<ul class=\"ai-center-markdown-ul\">\n<li class=\"ai-center-markdown-li\"><strong class=\"ai-center-markdown-strong\">botellas de vidrio<\/strong><\/li>\n<li class=\"ai-center-markdown-li\"><strong class=\"ai-center-markdown-strong\">Botellas de pl\u00e1stico \/ frascos \/ tubos<\/strong><\/li>\n<li class=\"ai-center-markdown-li\"><strong class=\"ai-center-markdown-strong\">Botellas\/frascos\/tubos de aluminio<\/strong><\/li>\n<\/ul>\n<h3 id=\"what-services-can-we-provide\" class=\"ai-center-markdown-h3\">\u00bfQu\u00e9 servicios podemos ofrecer?<\/h3>\n<ul class=\"ai-center-markdown-ul\">\n<li class=\"ai-center-markdown-li\"><strong class=\"ai-center-markdown-strong\">Condiciones de entrega aceptadas<\/strong>: FOB, CFR, CIF<\/li>\n<li class=\"ai-center-markdown-li\"><strong class=\"ai-center-markdown-strong\">Moneda de pago aceptada<\/strong>: USD, EUR, HKD, CNY<\/li>\n<li class=\"ai-center-markdown-li\"><strong class=\"ai-center-markdown-strong\">Tipos de pago aceptados<\/strong>: T\/T, L\/C, D\/P, D\/A<\/li>\n<li class=\"ai-center-markdown-li\"><strong class=\"ai-center-markdown-strong\">Idiomas hablados<\/strong>Ingl\u00e9s, chino<\/li>\n<\/ul>\n<p class=\"ai-center-markdown-p\">\u00a1Esperamos atenderle con nuestras soluciones completas de envasado cosm\u00e9tico de alta calidad!<\/p>","protected":false},"excerpt":{"rendered":"<p>Material de la botella: pe<\/p>\n<p>Material de la tapa: PP<\/p>\n<p>Capacidad: 380ml<\/p>\n<p>Tap: Flip Cap<\/p>\n<p>Color: Personalizado (cualquier color Pantone avaliable)<\/p>\n<p>Acabado de superficie: impresi\u00f3n de pantalla, glaseado, estampado en caliente, gradiente de pulverizaci\u00f3n, acabado mate, etc.<\/p>\n<p>MOQ: 5000pcs;<\/p>\n<p>&nbsp;<\/p>","protected":false},"featured_media":2672,"comment_status":"open","ping_status":"closed","template":"","meta":{"_acf_changed":false},"product_brand":[],"product_cat":[47,18],"product_tag":[41],"class_list":{"0":"post-2671","1":"product","2":"type-product","3":"status-publish","4":"has-post-thumbnail","6":"product_cat-lotion-bottle","7":"product_cat-plastic-bottle","8":"product_tag-plastic-bottle","10":"first","11":"instock","12":"shipping-taxable","13":"product-type-simple"},"acf":[],"_links":{"self":[{"href":"https:\/\/www.cosmepak.com\/es\/wp-json\/wp\/v2\/product\/2671","targetHints":{"allow":["GET"]}}],"collection":[{"href":"https:\/\/www.cosmepak.com\/es\/wp-json\/wp\/v2\/product"}],"about":[{"href":"https:\/\/www.cosmepak.com\/es\/wp-json\/wp\/v2\/types\/product"}],"replies":[{"embeddable":true,"href":"https:\/\/www.cosmepak.com\/es\/wp-json\/wp\/v2\/comments?post=2671"}],"wp:featuredmedia":[{"embeddable":true,"href":"https:\/\/www.cosmepak.com\/es\/wp-json\/wp\/v2\/media\/2672"}],"wp:attachment":[{"href":"https:\/\/www.cosmepak.com\/es\/wp-json\/wp\/v2\/media?parent=2671"}],"wp:term":[{"taxonomy":"product_brand","embeddable":true,"href":"https:\/\/www.cosmepak.com\/es\/wp-json\/wp\/v2\/product_brand?post=2671"},{"taxonomy":"product_cat","embeddable":true,"href":"https:\/\/www.cosmepak.com\/es\/wp-json\/wp\/v2\/product_cat?post=2671"},{"taxonomy":"product_tag","embeddable":true,"href":"https:\/\/www.cosmepak.com\/es\/wp-json\/wp\/v2\/product_tag?post=2671"}],"curies":[{"name":"WP","href":"https:\/\/api.w.org\/{rel}","templated":true}]}}