{"id":2677,"date":"2025-07-18T16:16:25","date_gmt":"2025-07-18T08:16:25","guid":{"rendered":"https:\/\/www.cosmepak.com\/?post_type=product&#038;p=2677"},"modified":"2025-08-06T08:51:19","modified_gmt":"2025-08-06T00:51:19","slug":"50ml-pp-flip-cap-plastic-cosmetic-bottle-jaunce-2-2-3","status":"publish","type":"product","link":"https:\/\/www.cosmepak.com\/es\/product\/50ml-pp-flip-cap-plastic-cosmetic-bottle-jaunce-2-2-3\/","title":{"rendered":"Botella de pl\u00e1stico de hombro plano con bomba de prensa \/ Jaunce"},"content":{"rendered":"<table style=\"border-collapse: collapse; width: 100%; height: 168px;\">\n<tbody>\n<tr style=\"height: 24px;\">\n<td style=\"width: 33.3333%; height: 168px;\" rowspan=\"5\"><img fetchpriority=\"high\" decoding=\"async\" class=\"alignnone size-full wp-image-2679\" src=\"https:\/\/www.cosmepak.com\/wp-content\/uploads\/2025\/07\/296.jpg\" alt=\"\" width=\"1920\" height=\"1920\" srcset=\"https:\/\/www.cosmepak.com\/wp-content\/uploads\/2025\/07\/296.jpg 1920w, https:\/\/www.cosmepak.com\/wp-content\/uploads\/2025\/07\/296-300x300.jpg 300w, https:\/\/www.cosmepak.com\/wp-content\/uploads\/2025\/07\/296-1024x1024.jpg 1024w, https:\/\/www.cosmepak.com\/wp-content\/uploads\/2025\/07\/296-150x150.jpg 150w, https:\/\/www.cosmepak.com\/wp-content\/uploads\/2025\/07\/296-768x768.jpg 768w, https:\/\/www.cosmepak.com\/wp-content\/uploads\/2025\/07\/296-1536x1536.jpg 1536w, https:\/\/www.cosmepak.com\/wp-content\/uploads\/2025\/07\/296-12x12.jpg 12w, https:\/\/www.cosmepak.com\/wp-content\/uploads\/2025\/07\/296-600x600.jpg 600w, https:\/\/www.cosmepak.com\/wp-content\/uploads\/2025\/07\/296-100x100.jpg 100w\" sizes=\"(max-width: 1920px) 100vw, 1920px\" \/><\/td>\n<td style=\"width: 33.122%; height: 24px; text-align: center;\">Marca<\/td>\n<td style=\"width: 33.5446%; height: 24px; text-align: center;\">Jaunce<\/td>\n<\/tr>\n<tr style=\"height: 24px;\">\n<td style=\"width: 33.122%; height: 24px; text-align: center;\">Modelo<\/td>\n<td style=\"width: 33.5446%; height: 24px; text-align: center;\">JH-SK0915<\/td>\n<\/tr>\n<tr style=\"height: 24px;\">\n<td style=\"width: 33.122%; height: 24px; text-align: center;\">Capcidad<\/td>\n<td style=\"width: 33.5446%; height: 24px; text-align: center;\">200 ml \/ 250 ml \/ 300 ml<\/td>\n<\/tr>\n<tr style=\"height: 24px;\">\n<td style=\"width: 33.122%; height: 24px; text-align: center;\">Color<\/td>\n<td style=\"width: 33.5446%; height: 24px; text-align: center;\">personalizado<\/td>\n<\/tr>\n<tr style=\"height: 24px;\">\n<td style=\"width: 33.122%; height: 24px; text-align: center;\">Material<\/td>\n<td style=\"width: 33.5446%; height: 24px; text-align: center;\">MASCOTA<\/td>\n<\/tr>\n<\/tbody>\n<\/table>\n<p>&nbsp;<\/p>\n<p><img decoding=\"async\" class=\"alignnone size-full wp-image-2680\" src=\"https:\/\/www.cosmepak.com\/wp-content\/uploads\/2025\/07\/293.jpg\" alt=\"\" width=\"1920\" height=\"1920\" srcset=\"https:\/\/www.cosmepak.com\/wp-content\/uploads\/2025\/07\/293.jpg 1920w, https:\/\/www.cosmepak.com\/wp-content\/uploads\/2025\/07\/293-300x300.jpg 300w, https:\/\/www.cosmepak.com\/wp-content\/uploads\/2025\/07\/293-1024x1024.jpg 1024w, https:\/\/www.cosmepak.com\/wp-content\/uploads\/2025\/07\/293-150x150.jpg 150w, https:\/\/www.cosmepak.com\/wp-content\/uploads\/2025\/07\/293-768x768.jpg 768w, https:\/\/www.cosmepak.com\/wp-content\/uploads\/2025\/07\/293-1536x1536.jpg 1536w, https:\/\/www.cosmepak.com\/wp-content\/uploads\/2025\/07\/293-12x12.jpg 12w, https:\/\/www.cosmepak.com\/wp-content\/uploads\/2025\/07\/293-600x600.jpg 600w, https:\/\/www.cosmepak.com\/wp-content\/uploads\/2025\/07\/293-100x100.jpg 100w\" sizes=\"(max-width: 1920px) 100vw, 1920px\" \/><\/p>\n<p><img decoding=\"async\" class=\"alignnone size-full wp-image-2681\" src=\"https:\/\/www.cosmepak.com\/wp-content\/uploads\/2025\/07\/294.jpg\" alt=\"\" width=\"1920\" height=\"1920\" srcset=\"https:\/\/www.cosmepak.com\/wp-content\/uploads\/2025\/07\/294.jpg 1920w, https:\/\/www.cosmepak.com\/wp-content\/uploads\/2025\/07\/294-300x300.jpg 300w, https:\/\/www.cosmepak.com\/wp-content\/uploads\/2025\/07\/294-1024x1024.jpg 1024w, https:\/\/www.cosmepak.com\/wp-content\/uploads\/2025\/07\/294-150x150.jpg 150w, https:\/\/www.cosmepak.com\/wp-content\/uploads\/2025\/07\/294-768x768.jpg 768w, https:\/\/www.cosmepak.com\/wp-content\/uploads\/2025\/07\/294-1536x1536.jpg 1536w, https:\/\/www.cosmepak.com\/wp-content\/uploads\/2025\/07\/294-12x12.jpg 12w, https:\/\/www.cosmepak.com\/wp-content\/uploads\/2025\/07\/294-600x600.jpg 600w, https:\/\/www.cosmepak.com\/wp-content\/uploads\/2025\/07\/294-100x100.jpg 100w\" sizes=\"(max-width: 1920px) 100vw, 1920px\" \/><\/p>\n<p><img loading=\"lazy\" decoding=\"async\" class=\"alignnone size-full wp-image-2682\" src=\"https:\/\/www.cosmepak.com\/wp-content\/uploads\/2025\/07\/295.jpg\" alt=\"\" width=\"1600\" height=\"1600\" srcset=\"https:\/\/www.cosmepak.com\/wp-content\/uploads\/2025\/07\/295.jpg 1600w, https:\/\/www.cosmepak.com\/wp-content\/uploads\/2025\/07\/295-300x300.jpg 300w, https:\/\/www.cosmepak.com\/wp-content\/uploads\/2025\/07\/295-1024x1024.jpg 1024w, https:\/\/www.cosmepak.com\/wp-content\/uploads\/2025\/07\/295-150x150.jpg 150w, https:\/\/www.cosmepak.com\/wp-content\/uploads\/2025\/07\/295-768x768.jpg 768w, https:\/\/www.cosmepak.com\/wp-content\/uploads\/2025\/07\/295-1536x1536.jpg 1536w, https:\/\/www.cosmepak.com\/wp-content\/uploads\/2025\/07\/295-12x12.jpg 12w, https:\/\/www.cosmepak.com\/wp-content\/uploads\/2025\/07\/295-600x600.jpg 600w, https:\/\/www.cosmepak.com\/wp-content\/uploads\/2025\/07\/295-100x100.jpg 100w\" sizes=\"(max-width: 1600px) 100vw, 1600px\" \/><\/p>\n<p>Botellas de PET vers\u00e1tiles para productos de cuidado personal<br \/>\nLa industria del cuidado personal evoluciona continuamente, con el envasado desempe\u00f1ando un papel fundamental en la diferenciaci\u00f3n de productos y la satisfacci\u00f3n del consumidor. Aqu\u00ed destacamos dos dise\u00f1os vers\u00e1tiles de botellas de PET que est\u00e1n haciendo ondas: la botella de bomba transparente de hombro plano blanco de 200 ml y las botellas de desinfectante de manos, champ\u00fa y gel de ducha de 250\/300 ml.<\/p>\n<p>Botella de bomba transparente de hombro plano blanco de 200ml<br \/>\nLa botella de bomba transparente de hombro plano blanco de 200ml combina elegancia y practicidad. Su dise\u00f1o de hombro plano ofrece un aspecto elegante y moderno, mientras que el cuerpo transparente permite a los consumidores ver el producto dentro, aumentando la confianza y el atractivo. El mecanismo de bomba garantiza una dispensaci\u00f3n f\u00e1cil y controlada, lo que lo hace ideal para varios productos l\u00edquidos de cuidado personal como lociones y champ\u00fas. El material PET utilizado en esta botella es conocido por su durabilidad y resistencia al impacto, lo que garantiza que el producto permanezca intacto incluso en entornos exigentes.<\/p>\n<p>250\/300ml botellas de desinfectante de manos, champ\u00fa y gel de ducha<br \/>\nLas botellas de 250\/300 ml est\u00e1n dise\u00f1adas para satisfacer una amplia gama de productos de cuidado personal, incluyendo desinfectantes de manos, champ\u00fas y geles de ducha. Estas botellas ofrecen versatilidad en capacidad, lo que permite a los fabricantes elegir entre 250ml y 300ml en funci\u00f3n de sus requisitos de producto. El dise\u00f1o ergon\u00f3mico garantiza una f\u00e1cil manipulaci\u00f3n y dispensaci\u00f3n, proporcionando una experiencia de usuario c\u00f3moda. El material PET asegura que estas botellas son resistentes y resistentes a la rotura, lo que las hace adecuadas tanto para uso dom\u00e9stico como de viaje.<\/p>\n<p>Beneficios del material PET<br \/>\nEl PET (tereftalato de polietileno) es una opci\u00f3n popular para el envasado de productos de cuidado personal debido a sus numerosos beneficios:<\/p>\n<p>Durabilidad: Las botellas de PET son resistentes al impacto y a la rotura, lo que garantiza que el producto permanezca seguro e intacto.<br \/>\nClaridad: La naturaleza transparente del PET permite a los consumidores ver el producto dentro, aumentando el atractivo visual y la confianza.<br \/>\nResistencia qu\u00edmica: El PET es resistente a varios productos qu\u00edmicos, lo que garantiza que el producto permanezca sin contaminaci\u00f3n y seguro para su uso.<br \/>\nLas botellas de PET son ligeras, lo que las hace f\u00e1ciles de manejar y transportar.<br \/>\nConclusi\u00f3n<br \/>\nEn conclusi\u00f3n, la botella de bomba transparente de hombro plano blanco de 200 ml y las botellas de desinfectante de manos, champ\u00fa y gel de ducha de 250\/300 ml representan las soluciones de envasado innovadoras y vers\u00e1tiles en la industria del cuidado personal. Sus dise\u00f1os satisfacen las preferencias del consumidor tanto por el atractivo est\u00e9tico como por los beneficios funcionales. Al utilizar material de PET, los fabricantes pueden garantizar la durabilidad, la claridad y la seguridad, lo que hace que estas botellas sean una excelente opci\u00f3n para una amplia gama de productos de cuidado personal.<\/p>\n<table style=\"border-collapse: collapse; width: 0.567186%;\">\n<tbody>\n<tr>\n<td style=\"width: 40.1818%;\"><\/td>\n<td style=\"width: 0.630517%;\"><\/td>\n<\/tr>\n<\/tbody>\n<\/table>\n<p><img loading=\"lazy\" decoding=\"async\" class=\"alignnone size-full wp-image-1347\" src=\"https:\/\/www.cosmepak.com\/wp-content\/uploads\/2024\/12\/\u9996\u987519202_03.jpg\" alt=\"exposici\u00f3n de f\u00e1brica\" width=\"1920\" height=\"885\" srcset=\"https:\/\/www.cosmepak.com\/wp-content\/uploads\/2024\/12\/\u9996\u987519202_03.jpg 1920w, https:\/\/www.cosmepak.com\/wp-content\/uploads\/2024\/12\/\u9996\u987519202_03-300x138.jpg 300w, https:\/\/www.cosmepak.com\/wp-content\/uploads\/2024\/12\/\u9996\u987519202_03-1024x472.jpg 1024w, https:\/\/www.cosmepak.com\/wp-content\/uploads\/2024\/12\/\u9996\u987519202_03-768x354.jpg 768w, https:\/\/www.cosmepak.com\/wp-content\/uploads\/2024\/12\/\u9996\u987519202_03-1536x708.jpg 1536w, https:\/\/www.cosmepak.com\/wp-content\/uploads\/2024\/12\/\u9996\u987519202_03-600x277.jpg 600w\" sizes=\"(max-width: 1920px) 100vw, 1920px\" \/><\/p>\n<p><img loading=\"lazy\" decoding=\"async\" class=\"alignnone size-full wp-image-1348\" src=\"https:\/\/www.cosmepak.com\/wp-content\/uploads\/2024\/12\/\u9996\u987519202_04.jpg\" alt=\"\" width=\"1920\" height=\"694\" srcset=\"https:\/\/www.cosmepak.com\/wp-content\/uploads\/2024\/12\/\u9996\u987519202_04.jpg 1920w, https:\/\/www.cosmepak.com\/wp-content\/uploads\/2024\/12\/\u9996\u987519202_04-300x108.jpg 300w, https:\/\/www.cosmepak.com\/wp-content\/uploads\/2024\/12\/\u9996\u987519202_04-1024x370.jpg 1024w, https:\/\/www.cosmepak.com\/wp-content\/uploads\/2024\/12\/\u9996\u987519202_04-768x278.jpg 768w, https:\/\/www.cosmepak.com\/wp-content\/uploads\/2024\/12\/\u9996\u987519202_04-1536x555.jpg 1536w, https:\/\/www.cosmepak.com\/wp-content\/uploads\/2024\/12\/\u9996\u987519202_04-600x217.jpg 600w\" sizes=\"(max-width: 1920px) 100vw, 1920px\" \/><img loading=\"lazy\" decoding=\"async\" class=\"alignnone size-full wp-image-1350\" src=\"https:\/\/www.cosmepak.com\/wp-content\/uploads\/2024\/12\/\u9996\u987519202_05-1.jpg\" alt=\"\" width=\"1920\" height=\"970\" srcset=\"https:\/\/www.cosmepak.com\/wp-content\/uploads\/2024\/12\/\u9996\u987519202_05-1.jpg 1920w, https:\/\/www.cosmepak.com\/wp-content\/uploads\/2024\/12\/\u9996\u987519202_05-1-300x152.jpg 300w, https:\/\/www.cosmepak.com\/wp-content\/uploads\/2024\/12\/\u9996\u987519202_05-1-1024x517.jpg 1024w, https:\/\/www.cosmepak.com\/wp-content\/uploads\/2024\/12\/\u9996\u987519202_05-1-768x388.jpg 768w, https:\/\/www.cosmepak.com\/wp-content\/uploads\/2024\/12\/\u9996\u987519202_05-1-1536x776.jpg 1536w, https:\/\/www.cosmepak.com\/wp-content\/uploads\/2024\/12\/\u9996\u987519202_05-1-600x303.jpg 600w\" sizes=\"(max-width: 1920px) 100vw, 1920px\" \/><img loading=\"lazy\" decoding=\"async\" class=\"alignnone wp-image-1351\" src=\"https:\/\/www.cosmepak.com\/wp-content\/uploads\/2024\/12\/\u7269\u6d41\u8fd0\u8f93\u753b\u9762-2.jpg\" alt=\"\" width=\"1385\" height=\"1039\" srcset=\"https:\/\/www.cosmepak.com\/wp-content\/uploads\/2024\/12\/\u7269\u6d41\u8fd0\u8f93\u753b\u9762-2.jpg 800w, https:\/\/www.cosmepak.com\/wp-content\/uploads\/2024\/12\/\u7269\u6d41\u8fd0\u8f93\u753b\u9762-2-300x225.jpg 300w, https:\/\/www.cosmepak.com\/wp-content\/uploads\/2024\/12\/\u7269\u6d41\u8fd0\u8f93\u753b\u9762-2-768x576.jpg 768w, https:\/\/www.cosmepak.com\/wp-content\/uploads\/2024\/12\/\u7269\u6d41\u8fd0\u8f93\u753b\u9762-2-600x450.jpg 600w\" sizes=\"(max-width: 1385px) 100vw, 1385px\" \/><\/p>\n<table style=\"border-collapse: collapse; width: 100%;\">\n<tbody>\n<tr>\n<td style=\"width: 33.3333%; text-align: center;\"><strong>Expresar<\/strong><\/td>\n<td style=\"width: 33.3333%; text-align: center;\"><strong>Flete a\u00e9reo<\/strong><\/td>\n<td style=\"width: 33.3333%; text-align: center;\"><strong>Transporte mar\u00edtimo<\/strong><\/td>\n<\/tr>\n<tr>\n<td style=\"width: 33.3333%; text-align: center;\">Europ 4-6day<\/p>\n<p>Am\u00e9rica del Norte 4-6day<\/p>\n<p>Sudeste de Asia 3-5 d\u00edas<\/p>\n<p>El Medio Oriente 4-6day<\/p>\n<p>Sud\u00e1frica 5-8 d\u00edas<\/td>\n<td style=\"width: 33.3333%; text-align: center;\">Europ 4-6day<\/p>\n<p>Am\u00e9rica del Norte 4-6day<\/p>\n<p>Sudeste de Asia 3-5 d\u00edas<\/p>\n<p>El Medio Oriente 4-6day<\/p>\n<p>Sud\u00e1frica 5-8 d\u00edas<\/td>\n<td style=\"width: 33.3333%; text-align: center;\">Europ 25-35day<\/p>\n<p>Am\u00e9rica del Norte 25-35 d\u00edas<\/p>\n<p>Sudeste de Asia 25-35 d\u00edas<\/p>\n<p>El Medio Oriente 25-35 d\u00edas<\/p>\n<p>Sud\u00e1frica 25-35 d\u00edas<\/td>\n<\/tr>\n<\/tbody>\n<\/table>\n<p><span style=\"font-size: 14pt;\"><strong>Preguntas frecuentes:<\/strong><\/span><\/p>\n<h3 id=\"why-choose-us-over-other-suppliers\" class=\"ai-center-markdown-h3\" data-spm-anchor-id=\"a2747.product_manager.0.i9.289071d2HpLvJq\">\u00bfPor qu\u00e9 elegirnos sobre otros proveedores?<\/h3>\n<ol class=\"ai-center-markdown-ol\" start=\"1\">\n<li class=\"ai-center-markdown-li\"><strong class=\"ai-center-markdown-strong\">Dise\u00f1os a medida<\/strong>Dise\u00f1os personalizados entregados en solo 3 minutos.<\/li>\n<li class=\"ai-center-markdown-li\"><strong class=\"ai-center-markdown-strong\">Servicio en l\u00ednea 24\/7<\/strong>Soporte disponible las 24 horas del d\u00eda.<\/li>\n<li class=\"ai-center-markdown-li\"><strong class=\"ai-center-markdown-strong\">Muestras r\u00e1pidas<\/strong>Muestras de stock listas dentro de 7 d\u00edas; muestras impresas personalizadas disponibles en 15 d\u00edas.<\/li>\n<li class=\"ai-center-markdown-li\"><strong class=\"ai-center-markdown-strong\">Tiempo de entrega r\u00e1pido<\/strong>Tiempo de producci\u00f3n de solo 35 d\u00edas.<\/li>\n<li class=\"ai-center-markdown-li\"><strong class=\"ai-center-markdown-strong\">Fabricante experimentado<\/strong>M\u00e1s de una d\u00e9cada de experiencia en embalaje cosm\u00e9tico.<\/li>\n<li class=\"ai-center-markdown-li\"><strong class=\"ai-center-markdown-strong\">Precios directos de f\u00e1brica<\/strong>Garantizar el mejor valor y servicio.<\/li>\n<li class=\"ai-center-markdown-li\"><strong class=\"ai-center-markdown-strong\">Soluciones Integrales<\/strong>Soluciones completas para todas sus necesidades de embalaje cosm\u00e9tico.<\/li>\n<\/ol>\n<h3 id=\"who-are-we\" class=\"ai-center-markdown-h3\">\u00bfQui\u00e9nes somos?<\/h3>\n<p class=\"ai-center-markdown-p\">Situado en Zhejiang, China, hemos estado operando desde 2014. Nuestra distribuci\u00f3n en el mercado incluye:<\/p>\n<ul class=\"ai-center-markdown-ul\">\n<li class=\"ai-center-markdown-li\">Mercado interno (70%)<\/li>\n<li class=\"ai-center-markdown-li\">Ocean\u00eda (8%)<\/li>\n<li class=\"ai-center-markdown-li\">Oriente Medio (7%)<\/li>\n<li class=\"ai-center-markdown-li\">Asia Oriental (2%)<\/li>\n<li class=\"ai-center-markdown-li\">Am\u00e9rica del Norte (2%)<\/li>\n<li class=\"ai-center-markdown-li\">Europa Occidental (2%)<\/li>\n<li class=\"ai-center-markdown-li\">Sudeste Asi\u00e1tico (2%)<\/li>\n<li class=\"ai-center-markdown-li\">Asia meridional (1%)<\/li>\n<li class=\"ai-center-markdown-li\">Am\u00e9rica del Sur (1%)<\/li>\n<li class=\"ai-center-markdown-li\">Europa del Sur (1%)<\/li>\n<li class=\"ai-center-markdown-li\">Am\u00e9rica Central (1%)<\/li>\n<li class=\"ai-center-markdown-li\">Europa del Norte (1%)<\/li>\n<li class=\"ai-center-markdown-li\">\u00c1frica (1%)<\/li>\n<li class=\"ai-center-markdown-li\">Europa del Este (1%)<\/li>\n<\/ul>\n<h3 id=\"how-do-we-guarantee-quality\" class=\"ai-center-markdown-h3\">\u00bfC\u00f3mo garantizamos la calidad?<\/h3>\n<p class=\"ai-center-markdown-p\">Proporcionamos una muestra de preproducci\u00f3n antes de la producci\u00f3n en masa y llevamos a cabo inspecciones finales antes del env\u00edo.<\/p>\n<h3 id=\"what-products-can-you-purchase-from-us\" class=\"ai-center-markdown-h3\">\u00bfQu\u00e9 productos puede comprar de nosotros?<\/h3>\n<p class=\"ai-center-markdown-p\">Ofrecemos una variedad de materiales de envasado cosm\u00e9tico incluyendo:<\/p>\n<ul class=\"ai-center-markdown-ul\">\n<li class=\"ai-center-markdown-li\">botellas de vidrio<\/li>\n<li class=\"ai-center-markdown-li\">Botellas\/frascos\/tubos de pl\u00e1stico<\/li>\n<li class=\"ai-center-markdown-li\">Botellas\/frascos\/tubos de aluminio<\/li>\n<\/ul>\n<h3 id=\"what-services-do-we-provide\" class=\"ai-center-markdown-h3\">\u00bfQu\u00e9 servicios ofrecemos?<\/h3>\n<ul class=\"ai-center-markdown-ul\">\n<li class=\"ai-center-markdown-li\"><strong class=\"ai-center-markdown-strong\">Condiciones de entrega aceptadas<\/strong>: FOB, CFR, CIF<\/li>\n<li class=\"ai-center-markdown-li\"><strong class=\"ai-center-markdown-strong\">Monedas de pago aceptadas<\/strong>: USD, EUR, HKD, CNY<\/li>\n<li class=\"ai-center-markdown-li\"><strong class=\"ai-center-markdown-strong\">M\u00e9todos de pago aceptados<\/strong>: T \/ T, L \/ C, D \/ P D \/ A<\/li>\n<li class=\"ai-center-markdown-li\"><strong class=\"ai-center-markdown-strong\">Idiomas hablados<\/strong>Ingl\u00e9s y chino<\/li>\n<\/ul>\n<p>&nbsp;<\/p>","protected":false},"excerpt":{"rendered":"<p>Material de botella: mascota<\/p>\n<p>Material de la tapa: PP<\/p>\n<p>Capacidad: 200ML \/ 250ML \/ 300ML<\/p>\n<p>Tapa: Bomba<\/p>\n<p>Color: Personalizado (cualquier color Pantone avaliable)<\/p>\n<p>Acabado de superficie: impresi\u00f3n de pantalla, glaseado, estampado en caliente, gradiente de pulverizaci\u00f3n, acabado mate, etc.<\/p>\n<p>MOQ: 5000pcs;<\/p>\n<p>&nbsp;<\/p>","protected":false},"featured_media":2678,"comment_status":"open","ping_status":"closed","template":"","meta":{"_acf_changed":false},"product_brand":[],"product_cat":[47,18],"product_tag":[41],"class_list":{"0":"post-2677","1":"product","2":"type-product","3":"status-publish","4":"has-post-thumbnail","6":"product_cat-lotion-bottle","7":"product_cat-plastic-bottle","8":"product_tag-plastic-bottle","10":"first","11":"instock","12":"shipping-taxable","13":"product-type-simple"},"acf":[],"_links":{"self":[{"href":"https:\/\/www.cosmepak.com\/es\/wp-json\/wp\/v2\/product\/2677","targetHints":{"allow":["GET"]}}],"collection":[{"href":"https:\/\/www.cosmepak.com\/es\/wp-json\/wp\/v2\/product"}],"about":[{"href":"https:\/\/www.cosmepak.com\/es\/wp-json\/wp\/v2\/types\/product"}],"replies":[{"embeddable":true,"href":"https:\/\/www.cosmepak.com\/es\/wp-json\/wp\/v2\/comments?post=2677"}],"wp:featuredmedia":[{"embeddable":true,"href":"https:\/\/www.cosmepak.com\/es\/wp-json\/wp\/v2\/media\/2678"}],"wp:attachment":[{"href":"https:\/\/www.cosmepak.com\/es\/wp-json\/wp\/v2\/media?parent=2677"}],"wp:term":[{"taxonomy":"product_brand","embeddable":true,"href":"https:\/\/www.cosmepak.com\/es\/wp-json\/wp\/v2\/product_brand?post=2677"},{"taxonomy":"product_cat","embeddable":true,"href":"https:\/\/www.cosmepak.com\/es\/wp-json\/wp\/v2\/product_cat?post=2677"},{"taxonomy":"product_tag","embeddable":true,"href":"https:\/\/www.cosmepak.com\/es\/wp-json\/wp\/v2\/product_tag?post=2677"}],"curies":[{"name":"WP","href":"https:\/\/api.w.org\/{rel}","templated":true}]}}