{"id":2945,"date":"2025-09-11T15:10:46","date_gmt":"2025-09-11T07:10:46","guid":{"rendered":"https:\/\/www.cosmepak.com\/?post_type=product&#038;p=2945"},"modified":"2025-12-31T15:20:41","modified_gmt":"2025-12-31T07:20:41","slug":"hot-selling-small-capacity-20ml-50ml-glass-bottle-with-dropper-jaunce","status":"publish","type":"product","link":"https:\/\/www.cosmepak.com\/es\/product\/hot-selling-small-capacity-20ml-50ml-glass-bottle-with-dropper-jaunce\/","title":{"rendered":"Botella de vidrio de 20ml-50ml de capacidad peque\u00f1a de venta caliente con gota \/ Jaunce"},"content":{"rendered":"<table style=\"border-collapse: collapse; width: 100%; height: 216px;\">\n<tbody>\n<tr style=\"height: 24px;\">\n<td style=\"width: 40.6929%; height: 216px;\" rowspan=\"9\"><img fetchpriority=\"high\" decoding=\"async\" class=\"alignnone size-full wp-image-3873\" src=\"https:\/\/www.cosmepak.com\/wp-content\/uploads\/2025\/09\/\u4e3b\u56fe-6.jpg\" alt=\"\" width=\"800\" height=\"800\" srcset=\"https:\/\/www.cosmepak.com\/wp-content\/uploads\/2025\/09\/\u4e3b\u56fe-6.jpg 800w, https:\/\/www.cosmepak.com\/wp-content\/uploads\/2025\/09\/\u4e3b\u56fe-6-300x300.jpg 300w, https:\/\/www.cosmepak.com\/wp-content\/uploads\/2025\/09\/\u4e3b\u56fe-6-150x150.jpg 150w, https:\/\/www.cosmepak.com\/wp-content\/uploads\/2025\/09\/\u4e3b\u56fe-6-768x768.jpg 768w, https:\/\/www.cosmepak.com\/wp-content\/uploads\/2025\/09\/\u4e3b\u56fe-6-12x12.jpg 12w, https:\/\/www.cosmepak.com\/wp-content\/uploads\/2025\/09\/\u4e3b\u56fe-6-600x600.jpg 600w, https:\/\/www.cosmepak.com\/wp-content\/uploads\/2025\/09\/\u4e3b\u56fe-6-100x100.jpg 100w\" sizes=\"(max-width: 800px) 100vw, 800px\" \/><\/td>\n<td style=\"width: 23.5109%; height: 24px; text-align: center;\">Marca<\/td>\n<td style=\"width: 35.7961%; height: 24px; text-align: center;\">\u00a0Jaunce<\/td>\n<\/tr>\n<tr style=\"height: 24px;\">\n<td style=\"width: 23.5109%; height: 24px; text-align: center;\">Capacidad<\/td>\n<td style=\"width: 35.7961%; height: 24px; text-align: center;\">20 ml \/ 30 ml \/ 40 ml \/ 50 ml<\/td>\n<\/tr>\n<tr style=\"height: 24px;\">\n<td style=\"width: 23.5109%; height: 24px; text-align: center;\">Forma<\/td>\n<td style=\"width: 35.7961%; height: 24px; text-align: center;\">Redondo<\/td>\n<\/tr>\n<tr style=\"height: 24px;\">\n<td style=\"width: 23.5109%; height: 24px; text-align: center;\">Material<\/td>\n<td style=\"width: 35.7961%; height: 24px; text-align: center;\">Vaso<\/td>\n<\/tr>\n<tr style=\"height: 24px;\">\n<td style=\"width: 23.5109%; height: 24px; text-align: center;\">Modelo<\/td>\n<td style=\"width: 35.7961%; height: 24px; text-align: center;\">JH-YM20-50ml<\/td>\n<\/tr>\n<tr style=\"height: 24px;\">\n<td style=\"width: 23.5109%; height: 24px; text-align: center;\">OEM \/ ODM<\/td>\n<td style=\"width: 35.7961%; height: 24px; text-align: center;\">Aceptar<\/td>\n<\/tr>\n<tr style=\"height: 24px;\">\n<td style=\"width: 23.5109%; height: 24px; text-align: center;\">Color<\/td>\n<td style=\"width: 35.7961%; height: 24px; text-align: center;\">Cualquier color de Parton personalizado<\/td>\n<\/tr>\n<tr style=\"height: 24px;\">\n<td style=\"width: 23.5109%; height: 24px; text-align: center;\">Uso<\/td>\n<td style=\"width: 35.7961%; height: 24px; text-align: center;\">Loci\u00f3n\/Fundaci\u00f3n\/crema etc.<\/td>\n<\/tr>\n<tr style=\"height: 24px;\">\n<td style=\"width: 23.5109%; height: 24px; text-align: center;\">Moq<\/td>\n<td style=\"width: 35.7961%; height: 24px; text-align: center;\">10000pcs<\/td>\n<\/tr>\n<\/tbody>\n<\/table>\n<table style=\"border-collapse: collapse; width: 100%; height: 158px;\">\n<tbody>\n<tr style=\"height: 24px;\">\n<td style=\"width: 10.6265%; text-align: center; height: 24px;\"><strong>Capacidad<\/strong><\/td>\n<td style=\"width: 8.48199%; text-align: center; height: 24px;\"><strong>Altura total<\/strong><\/td>\n<td style=\"width: 8.31655%; text-align: center; height: 24px;\"><strong>Di\u00e1metro inferior<\/strong><\/td>\n<td style=\"width: 7.71175%; text-align: center;\"><strong>\u00bfC\u00f3mo Visual Desi\u062c\u0631\u0627mN Imetrpact Presencia Estante?<\/strong><strong><br \/>\n<\/strong><\/td>\n<td style=\"width: 8.12208%; text-align: center;\"><b>Altura imprimible<\/b><\/td>\n<td style=\"width: 7.61803%; text-align: center; height: 24px;\"><b>Peso<\/b><\/td>\n<\/tr>\n<tr style=\"height: 32px;\">\n<td style=\"width: 10.6265%; text-align: center; height: 32px;\">20 ml<\/td>\n<td style=\"width: 8.48199%; text-align: center; height: 32px;\">77 mm<\/td>\n<td style=\"width: 8.31655%; text-align: center; height: 32px;\">44.5mm<\/td>\n<td style=\"width: 7.71175%; text-align: center;\">140 mm<\/td>\n<td style=\"width: 8.12208%; text-align: center;\">27 mm<\/td>\n<td style=\"width: 7.61803%; text-align: center; height: 32px;\">99.3g<\/td>\n<\/tr>\n<tr style=\"height: 34px;\">\n<td style=\"width: 10.6265%; text-align: center; height: 34px;\">30 ml<\/td>\n<td style=\"width: 8.48199%; text-align: center; height: 34px;\">88 mm<\/td>\n<td style=\"width: 8.31655%; text-align: center; height: 34px;\">46 mm<\/td>\n<td style=\"width: 7.71175%; text-align: center;\">144.5mm<\/td>\n<td style=\"width: 8.12208%; text-align: center;\">37 mm<\/td>\n<td style=\"width: 7.61803%; text-align: center; height: 34px;\">111.9g<\/td>\n<\/tr>\n<tr style=\"height: 34px;\">\n<td style=\"width: 10.6265%; text-align: center; height: 34px;\">40 ml<\/td>\n<td style=\"width: 8.48199%; text-align: center; height: 34px;\">94 mm<\/td>\n<td style=\"width: 8.31655%; text-align: center; height: 34px;\">48 mm<\/td>\n<td style=\"width: 7.71175%; text-align: center;\">151 mm<\/td>\n<td style=\"width: 8.12208%; text-align: center;\">44 mm<\/td>\n<td style=\"width: 7.61803%; text-align: center; height: 34px;\">142.3g<\/td>\n<\/tr>\n<tr style=\"height: 24px;\">\n<td style=\"width: 10.6265%; text-align: center; height: 34px;\">50 ml<\/td>\n<td style=\"width: 8.48199%; text-align: center; height: 34px;\">101 mm<\/td>\n<td style=\"width: 8.31655%; text-align: center; height: 34px;\">52 mm<\/td>\n<td style=\"width: 7.71175%; text-align: center;\">162 mm<\/td>\n<td style=\"width: 8.12208%; text-align: center;\">48 mm<\/td>\n<td style=\"width: 7.61803%; text-align: center; height: 34px;\">167.2g<\/td>\n<\/tr>\n<\/tbody>\n<\/table>\n<p>Este conjunto de botellas de vidrio de 20 ml, 30 ml, 40 ml y 50 ml con goteadores es un art\u00edculo esencial vers\u00e1til adecuado para diversas industrias, incluyendo la industria cosm\u00e9tica, farmac\u00e9utica y de aceites esenciales.<\/p>\n<p>Es muy adecuado para aplicaciones que requieren dosificaciones precisas, como aceites esenciales y sueros. Equipado con un goteador preciso, permite la dispensaci\u00f3n precisa de l\u00edquidos.<\/p>\n<p>Las tuercas resistentes y el dispositivo de goteo pueden prevenir eficazmente las fugas y el desbordamiento. Es muy adecuado para viajes o uso diario, y no hay necesidad de preocuparse por causar una situaci\u00f3n desordenada.<\/p>\n<p>Los materiales de vidrio son respetuosos con el medio ambiente y se pueden reutilizar varias veces. Esto ayuda a reducir los residuos pl\u00e1sticos y promueve el desarrollo sostenible.<\/p>\n<p>La raz\u00f3n por la que este producto es tan popular es que tiene una alta demanda y ha recibido numerosas cr\u00edticas positivas. Es muy popular en muchos pa\u00edses y ha ganado un amplio reconocimiento del mercado. Cada una de nuestras botellas se ha sometido a estrictas pruebas de calidad para cumplir con los est\u00e1ndares de la industria.<\/p>\n<p>Material de vidrio transparente, con alta transparencia. La boca roscada de la botella es conveniente para llenar. El fondo grueso de la botella no es propenso a roturas. Combinado con el goteador de anillo de madera de cera blanca, todo est\u00e1 en armon\u00eda.<\/p>\n<p>Este producto ofrece varias opciones de personalizaci\u00f3n, como serigraf\u00eda, estampado de oro, chorro de arena, galvanizaci\u00f3n, etiquetado, impresi\u00f3n 3D, patrones de grietas de hielo, etc.<\/p>\n<table style=\"border-collapse: collapse; width: 100%;\">\n<tbody>\n<tr>\n<td style=\"width: 33.3333%;\"><img decoding=\"async\" class=\"alignnone size-full wp-image-3874\" src=\"https:\/\/www.cosmepak.com\/wp-content\/uploads\/2025\/09\/31-1.jpg\" alt=\"\" width=\"1000\" height=\"1000\" srcset=\"https:\/\/www.cosmepak.com\/wp-content\/uploads\/2025\/09\/31-1.jpg 1000w, https:\/\/www.cosmepak.com\/wp-content\/uploads\/2025\/09\/31-1-300x300.jpg 300w, https:\/\/www.cosmepak.com\/wp-content\/uploads\/2025\/09\/31-1-150x150.jpg 150w, https:\/\/www.cosmepak.com\/wp-content\/uploads\/2025\/09\/31-1-768x768.jpg 768w, https:\/\/www.cosmepak.com\/wp-content\/uploads\/2025\/09\/31-1-12x12.jpg 12w, https:\/\/www.cosmepak.com\/wp-content\/uploads\/2025\/09\/31-1-600x600.jpg 600w, https:\/\/www.cosmepak.com\/wp-content\/uploads\/2025\/09\/31-1-100x100.jpg 100w\" sizes=\"(max-width: 1000px) 100vw, 1000px\" \/><\/td>\n<td style=\"width: 33.3333%;\"><img decoding=\"async\" class=\"alignnone size-full wp-image-3875\" src=\"https:\/\/www.cosmepak.com\/wp-content\/uploads\/2025\/09\/61.jpg\" alt=\"\" width=\"1000\" height=\"1000\" srcset=\"https:\/\/www.cosmepak.com\/wp-content\/uploads\/2025\/09\/61.jpg 1000w, https:\/\/www.cosmepak.com\/wp-content\/uploads\/2025\/09\/61-300x300.jpg 300w, https:\/\/www.cosmepak.com\/wp-content\/uploads\/2025\/09\/61-150x150.jpg 150w, https:\/\/www.cosmepak.com\/wp-content\/uploads\/2025\/09\/61-768x768.jpg 768w, https:\/\/www.cosmepak.com\/wp-content\/uploads\/2025\/09\/61-12x12.jpg 12w, https:\/\/www.cosmepak.com\/wp-content\/uploads\/2025\/09\/61-600x600.jpg 600w, https:\/\/www.cosmepak.com\/wp-content\/uploads\/2025\/09\/61-100x100.jpg 100w\" sizes=\"(max-width: 1000px) 100vw, 1000px\" \/><\/td>\n<td style=\"width: 33.3333%;\"><img loading=\"lazy\" decoding=\"async\" class=\"alignnone size-full wp-image-3876\" src=\"https:\/\/www.cosmepak.com\/wp-content\/uploads\/2025\/09\/71-1.jpg\" alt=\"\" width=\"1000\" height=\"1000\" srcset=\"https:\/\/www.cosmepak.com\/wp-content\/uploads\/2025\/09\/71-1.jpg 1000w, https:\/\/www.cosmepak.com\/wp-content\/uploads\/2025\/09\/71-1-300x300.jpg 300w, https:\/\/www.cosmepak.com\/wp-content\/uploads\/2025\/09\/71-1-150x150.jpg 150w, https:\/\/www.cosmepak.com\/wp-content\/uploads\/2025\/09\/71-1-768x768.jpg 768w, https:\/\/www.cosmepak.com\/wp-content\/uploads\/2025\/09\/71-1-12x12.jpg 12w, https:\/\/www.cosmepak.com\/wp-content\/uploads\/2025\/09\/71-1-600x600.jpg 600w, https:\/\/www.cosmepak.com\/wp-content\/uploads\/2025\/09\/71-1-100x100.jpg 100w\" sizes=\"(max-width: 1000px) 100vw, 1000px\" \/><\/td>\n<\/tr>\n<\/tbody>\n<\/table>\n<table style=\"border-collapse: collapse; width: 100%;\">\n<tbody>\n<tr>\n<td style=\"width: 50%;\"><img loading=\"lazy\" decoding=\"async\" class=\"alignnone size-full wp-image-3877\" src=\"https:\/\/www.cosmepak.com\/wp-content\/uploads\/2025\/09\/11-1.jpg\" alt=\"\" width=\"1000\" height=\"1000\" srcset=\"https:\/\/www.cosmepak.com\/wp-content\/uploads\/2025\/09\/11-1.jpg 1000w, https:\/\/www.cosmepak.com\/wp-content\/uploads\/2025\/09\/11-1-300x300.jpg 300w, https:\/\/www.cosmepak.com\/wp-content\/uploads\/2025\/09\/11-1-150x150.jpg 150w, https:\/\/www.cosmepak.com\/wp-content\/uploads\/2025\/09\/11-1-768x768.jpg 768w, https:\/\/www.cosmepak.com\/wp-content\/uploads\/2025\/09\/11-1-12x12.jpg 12w, https:\/\/www.cosmepak.com\/wp-content\/uploads\/2025\/09\/11-1-600x600.jpg 600w, https:\/\/www.cosmepak.com\/wp-content\/uploads\/2025\/09\/11-1-100x100.jpg 100w\" sizes=\"(max-width: 1000px) 100vw, 1000px\" \/><\/td>\n<td style=\"width: 50%;\"><img loading=\"lazy\" decoding=\"async\" class=\"alignnone size-full wp-image-3878\" src=\"https:\/\/www.cosmepak.com\/wp-content\/uploads\/2025\/09\/51-1.jpg\" alt=\"\" width=\"1000\" height=\"1000\" srcset=\"https:\/\/www.cosmepak.com\/wp-content\/uploads\/2025\/09\/51-1.jpg 1000w, https:\/\/www.cosmepak.com\/wp-content\/uploads\/2025\/09\/51-1-300x300.jpg 300w, https:\/\/www.cosmepak.com\/wp-content\/uploads\/2025\/09\/51-1-150x150.jpg 150w, https:\/\/www.cosmepak.com\/wp-content\/uploads\/2025\/09\/51-1-768x768.jpg 768w, https:\/\/www.cosmepak.com\/wp-content\/uploads\/2025\/09\/51-1-12x12.jpg 12w, https:\/\/www.cosmepak.com\/wp-content\/uploads\/2025\/09\/51-1-600x600.jpg 600w, https:\/\/www.cosmepak.com\/wp-content\/uploads\/2025\/09\/51-1-100x100.jpg 100w\" sizes=\"(max-width: 1000px) 100vw, 1000px\" \/><\/td>\n<\/tr>\n<\/tbody>\n<\/table>","protected":false},"excerpt":{"rendered":"<p>Material: vidrio<\/p>\n<p>Capacidad: 30 ml\/50 ml<\/p>\n<p>Color: Aceptar personalizado (cualquier color Pantone disponible)<\/p>\n<p>Acabado de superficie: impresi\u00f3n de pantalla, estampado en caliente, gradiente de pulverizaci\u00f3n, acabado mate, etc.<\/p>\n<p>MOQ: 1000pcs \/ 10000pcs personalizado<\/p>\n<p>Muestra: muestras gratuitas disponibles<\/p>\n<p>&nbsp;<\/p>\n<p>&nbsp;<\/p>","protected":false},"featured_media":3879,"comment_status":"closed","ping_status":"closed","template":"","meta":{"_acf_changed":false},"product_brand":[],"product_cat":[15,58,19],"product_tag":[40],"class_list":{"0":"post-2945","1":"product","2":"type-product","3":"status-publish","4":"has-post-thumbnail","6":"product_cat-essential-oil-bottle","7":"product_cat-glass-essential-oil-bottle","8":"product_cat-skincare-glass-bottle","9":"product_tag-essential-oil-bottle","11":"first","12":"instock","13":"shipping-taxable","14":"product-type-simple"},"acf":[],"_links":{"self":[{"href":"https:\/\/www.cosmepak.com\/es\/wp-json\/wp\/v2\/product\/2945","targetHints":{"allow":["GET"]}}],"collection":[{"href":"https:\/\/www.cosmepak.com\/es\/wp-json\/wp\/v2\/product"}],"about":[{"href":"https:\/\/www.cosmepak.com\/es\/wp-json\/wp\/v2\/types\/product"}],"replies":[{"embeddable":true,"href":"https:\/\/www.cosmepak.com\/es\/wp-json\/wp\/v2\/comments?post=2945"}],"wp:featuredmedia":[{"embeddable":true,"href":"https:\/\/www.cosmepak.com\/es\/wp-json\/wp\/v2\/media\/3879"}],"wp:attachment":[{"href":"https:\/\/www.cosmepak.com\/es\/wp-json\/wp\/v2\/media?parent=2945"}],"wp:term":[{"taxonomy":"product_brand","embeddable":true,"href":"https:\/\/www.cosmepak.com\/es\/wp-json\/wp\/v2\/product_brand?post=2945"},{"taxonomy":"product_cat","embeddable":true,"href":"https:\/\/www.cosmepak.com\/es\/wp-json\/wp\/v2\/product_cat?post=2945"},{"taxonomy":"product_tag","embeddable":true,"href":"https:\/\/www.cosmepak.com\/es\/wp-json\/wp\/v2\/product_tag?post=2945"}],"curies":[{"name":"WP","href":"https:\/\/api.w.org\/{rel}","templated":true}]}}