{"id":2949,"date":"2025-09-11T17:08:08","date_gmt":"2025-09-11T09:08:08","guid":{"rendered":"https:\/\/www.cosmepak.com\/?post_type=product&#038;p=2949"},"modified":"2025-12-26T17:00:26","modified_gmt":"2025-12-26T09:00:26","slug":"30ml-rotating-pressing-lotion-bottle","status":"publish","type":"product","link":"https:\/\/www.cosmepak.com\/es\/product\/30ml-rotating-pressing-lotion-bottle\/","title":{"rendered":"Botella de loci\u00f3n de prensado rotativo de 30ml"},"content":{"rendered":"<table style=\"border-collapse: collapse; width: 100%; height: 216px;\">\n<tbody>\n<tr style=\"height: 24px;\">\n<td style=\"width: 40.6929%; height: 216px;\" rowspan=\"9\"><img fetchpriority=\"high\" decoding=\"async\" class=\"alignnone size-full wp-image-3789\" src=\"https:\/\/www.cosmepak.com\/wp-content\/uploads\/2025\/09\/O1CN01RM9Qcx1TbFKp1SNxl_2506382400-0-cib.jpg\" alt=\"\" width=\"1000\" height=\"1000\" srcset=\"https:\/\/www.cosmepak.com\/wp-content\/uploads\/2025\/09\/O1CN01RM9Qcx1TbFKp1SNxl_2506382400-0-cib.jpg 1000w, https:\/\/www.cosmepak.com\/wp-content\/uploads\/2025\/09\/O1CN01RM9Qcx1TbFKp1SNxl_2506382400-0-cib-300x300.jpg 300w, https:\/\/www.cosmepak.com\/wp-content\/uploads\/2025\/09\/O1CN01RM9Qcx1TbFKp1SNxl_2506382400-0-cib-150x150.jpg 150w, https:\/\/www.cosmepak.com\/wp-content\/uploads\/2025\/09\/O1CN01RM9Qcx1TbFKp1SNxl_2506382400-0-cib-768x768.jpg 768w, https:\/\/www.cosmepak.com\/wp-content\/uploads\/2025\/09\/O1CN01RM9Qcx1TbFKp1SNxl_2506382400-0-cib-12x12.jpg 12w, https:\/\/www.cosmepak.com\/wp-content\/uploads\/2025\/09\/O1CN01RM9Qcx1TbFKp1SNxl_2506382400-0-cib-600x600.jpg 600w, https:\/\/www.cosmepak.com\/wp-content\/uploads\/2025\/09\/O1CN01RM9Qcx1TbFKp1SNxl_2506382400-0-cib-100x100.jpg 100w\" sizes=\"(max-width: 1000px) 100vw, 1000px\" \/><\/td>\n<td style=\"width: 23.5109%; height: 24px; text-align: center;\">Marca<\/td>\n<td style=\"width: 35.7961%; height: 24px; text-align: center;\">\u00a0Jaunce<\/td>\n<\/tr>\n<tr style=\"height: 24px;\">\n<td style=\"width: 23.5109%; height: 24px; text-align: center;\">Capacidad<\/td>\n<td style=\"width: 35.7961%; height: 24px; text-align: center;\">30 ml<\/td>\n<\/tr>\n<tr style=\"height: 24px;\">\n<td style=\"width: 23.5109%; height: 24px; text-align: center;\">Forma<\/td>\n<td style=\"width: 35.7961%; height: 24px; text-align: center;\">Redondo<\/td>\n<\/tr>\n<tr style=\"height: 24px;\">\n<td style=\"width: 23.5109%; height: 24px; text-align: center;\">Material<\/td>\n<td style=\"width: 35.7961%; height: 24px; text-align: center;\">Vaso<\/td>\n<\/tr>\n<tr style=\"height: 24px;\">\n<td style=\"width: 23.5109%; height: 24px; text-align: center;\">Modelo<\/td>\n<td style=\"width: 35.7961%; height: 24px; text-align: center;\">JH-YM-30ML<\/td>\n<\/tr>\n<tr style=\"height: 24px;\">\n<td style=\"width: 23.5109%; height: 24px; text-align: center;\">OEM \/ ODM<\/td>\n<td style=\"width: 35.7961%; height: 24px; text-align: center;\">Aceptar<\/td>\n<\/tr>\n<tr style=\"height: 24px;\">\n<td style=\"width: 23.5109%; height: 24px; text-align: center;\">Color<\/td>\n<td style=\"width: 35.7961%; height: 24px; text-align: center;\">Cualquier color de Parton personalizado<\/td>\n<\/tr>\n<tr style=\"height: 24px;\">\n<td style=\"width: 23.5109%; height: 24px; text-align: center;\">Uso<\/td>\n<td style=\"width: 35.7961%; height: 24px; text-align: center;\">Loci\u00f3n\/Fundaci\u00f3n\/crema etc.<\/td>\n<\/tr>\n<tr style=\"height: 24px;\">\n<td style=\"width: 23.5109%; height: 24px; text-align: center;\">Moq<\/td>\n<td style=\"width: 35.7961%; height: 24px; text-align: center;\">10000pcs<\/td>\n<\/tr>\n<\/tbody>\n<\/table>\n<table style=\"border-collapse: collapse; width: 100%; height: 192px;\">\n<tbody>\n<tr style=\"height: 24px;\">\n<td style=\"width: 12.7434%; text-align: center; height: 24px;\"><strong>Capacidad<\/strong><\/td>\n<td style=\"width: 12.5142%; text-align: center; height: 24px;\"><strong>Altura total<\/strong><\/td>\n<td style=\"width: 12.5002%; text-align: center; height: 24px;\"><strong>Di\u00e1metro inferior<\/strong><\/td>\n<td style=\"width: 13.1192%; text-align: center; height: 24px;\"><b>Altura del hombro<\/b><\/td>\n<\/tr>\n<tr style=\"height: 24px;\">\n<td style=\"width: 12.7434%; text-align: center; height: 24px;\">30 ml<\/td>\n<td style=\"width: 12.5142%; text-align: center; height: 24px;\">\u2014\u062c\u0631\u0627\u0645rab compradores que quieren ser nuevos. Estos toques impulsan la belleza. Tambi\u00e9n coinciden con los deseos de los compradores para experiencias personales.<\/td>\n<td style=\"width: 12.5002%; text-align: center; height: 24px;\">46 mm<\/td>\n<td style=\"width: 13.1192%; text-align: center; height: 24px;\">42 mm<\/td>\n<\/tr>\n<\/tbody>\n<\/table>\n<p class=\"ai-center-markdown-p\">Esta botella de vidrio de 30ml se puede utilizar para mejorar el embalaje de sus productos de belleza &#8211; su dise\u00f1o es pr\u00e1ctico, elegante y multifuncional, adecuado para cosm\u00e9ticos como fundaciones, sueros faciales y lociones hidratantes.<\/p>\n<p>Esta botella est\u00e1 hecha de vidrio transparente (perfecto para mostrar el color del producto), y se complementa con exquisitos componentes met\u00e1licos de color negro y dorado (la tapa de la botella y elementos decorativos). El material de vidrio garantiza su durabilidad y proporciona una apariencia de gama alta y lujosa, mientras que las decoraciones met\u00e1licas agregan un toque de lujo, aline\u00e1ndose con la filosof\u00eda de la marca de belleza premium.<\/p>\n<p>El cuerpo transparente cil\u00edndrico est\u00e1 emparejado con una cabeza de bomba en forma de paja de forma peculiar. Esta bomba tiene una cabeza de bomba giratoria. Cuando el borde de la tapa cae, est\u00e1 en la posici\u00f3n abierta; cuando se gira hacia arriba y se suspende, se encuentra en la posici\u00f3n bloqueada. La cubierta de hombro dorada encaja perfectamente con la botella, formando un todo sin costuras e integrado.<\/p>\n<p>La capacidad de 30ml es justa y se utiliza ampliamente en lociones, esencias, l\u00edquidos de base, etc. Este modelo de botella ofrece servicio de personalizaci\u00f3n de color. Se puede hacer en color transparente o s\u00f3lido. Podemos proporcionar servicio de fabricaci\u00f3n de muestras seg\u00fan sus requisitos.<\/p>\n<p>Dos opciones de color est\u00e1n disponibles &#8211; Negro y oro. Esta botella tambi\u00e9n se puede emparejar con varios accesorios. Su excelente rendimiento de sellado garantiza una mejor conservaci\u00f3n del l\u00edquido&#8217; Actividad S.<\/p>\n<table style=\"border-collapse: collapse; width: 100%; height: 24px;\">\n<tbody>\n<tr style=\"height: 24px;\">\n<td style=\"width: 33.3333%; height: 24px;\"><img decoding=\"async\" class=\"alignnone size-full wp-image-3793\" src=\"https:\/\/www.cosmepak.com\/wp-content\/uploads\/2025\/09\/O1CN01Z7wB2L1TbFKujOYcs_2506382400-0-cib1.jpg\" alt=\"\" width=\"1000\" height=\"1000\" srcset=\"https:\/\/www.cosmepak.com\/wp-content\/uploads\/2025\/09\/O1CN01Z7wB2L1TbFKujOYcs_2506382400-0-cib1.jpg 1000w, https:\/\/www.cosmepak.com\/wp-content\/uploads\/2025\/09\/O1CN01Z7wB2L1TbFKujOYcs_2506382400-0-cib1-300x300.jpg 300w, https:\/\/www.cosmepak.com\/wp-content\/uploads\/2025\/09\/O1CN01Z7wB2L1TbFKujOYcs_2506382400-0-cib1-150x150.jpg 150w, https:\/\/www.cosmepak.com\/wp-content\/uploads\/2025\/09\/O1CN01Z7wB2L1TbFKujOYcs_2506382400-0-cib1-768x768.jpg 768w, https:\/\/www.cosmepak.com\/wp-content\/uploads\/2025\/09\/O1CN01Z7wB2L1TbFKujOYcs_2506382400-0-cib1-12x12.jpg 12w, https:\/\/www.cosmepak.com\/wp-content\/uploads\/2025\/09\/O1CN01Z7wB2L1TbFKujOYcs_2506382400-0-cib1-600x600.jpg 600w, https:\/\/www.cosmepak.com\/wp-content\/uploads\/2025\/09\/O1CN01Z7wB2L1TbFKujOYcs_2506382400-0-cib1-100x100.jpg 100w\" sizes=\"(max-width: 1000px) 100vw, 1000px\" \/><\/td>\n<td style=\"width: 33.3333%; height: 24px;\"><img decoding=\"async\" class=\"alignnone size-full wp-image-3791\" src=\"https:\/\/www.cosmepak.com\/wp-content\/uploads\/2025\/09\/O1CN01zcTLTi1TbFKlZBDZG_2506382400-0-cib1.jpg\" alt=\"\" width=\"1000\" height=\"1000\" srcset=\"https:\/\/www.cosmepak.com\/wp-content\/uploads\/2025\/09\/O1CN01zcTLTi1TbFKlZBDZG_2506382400-0-cib1.jpg 1000w, https:\/\/www.cosmepak.com\/wp-content\/uploads\/2025\/09\/O1CN01zcTLTi1TbFKlZBDZG_2506382400-0-cib1-300x300.jpg 300w, https:\/\/www.cosmepak.com\/wp-content\/uploads\/2025\/09\/O1CN01zcTLTi1TbFKlZBDZG_2506382400-0-cib1-150x150.jpg 150w, https:\/\/www.cosmepak.com\/wp-content\/uploads\/2025\/09\/O1CN01zcTLTi1TbFKlZBDZG_2506382400-0-cib1-768x768.jpg 768w, https:\/\/www.cosmepak.com\/wp-content\/uploads\/2025\/09\/O1CN01zcTLTi1TbFKlZBDZG_2506382400-0-cib1-12x12.jpg 12w, https:\/\/www.cosmepak.com\/wp-content\/uploads\/2025\/09\/O1CN01zcTLTi1TbFKlZBDZG_2506382400-0-cib1-600x600.jpg 600w, https:\/\/www.cosmepak.com\/wp-content\/uploads\/2025\/09\/O1CN01zcTLTi1TbFKlZBDZG_2506382400-0-cib1-100x100.jpg 100w\" sizes=\"(max-width: 1000px) 100vw, 1000px\" \/><\/td>\n<td style=\"width: 33.3333%; height: 24px;\"><img loading=\"lazy\" decoding=\"async\" class=\"alignnone size-full wp-image-3792\" src=\"https:\/\/www.cosmepak.com\/wp-content\/uploads\/2025\/09\/O1CN01ZTotVP1TbFKlTHrpE_2506382400-0-cib1.jpg\" alt=\"\" width=\"1000\" height=\"1000\" srcset=\"https:\/\/www.cosmepak.com\/wp-content\/uploads\/2025\/09\/O1CN01ZTotVP1TbFKlTHrpE_2506382400-0-cib1.jpg 1000w, https:\/\/www.cosmepak.com\/wp-content\/uploads\/2025\/09\/O1CN01ZTotVP1TbFKlTHrpE_2506382400-0-cib1-300x300.jpg 300w, https:\/\/www.cosmepak.com\/wp-content\/uploads\/2025\/09\/O1CN01ZTotVP1TbFKlTHrpE_2506382400-0-cib1-150x150.jpg 150w, https:\/\/www.cosmepak.com\/wp-content\/uploads\/2025\/09\/O1CN01ZTotVP1TbFKlTHrpE_2506382400-0-cib1-768x768.jpg 768w, https:\/\/www.cosmepak.com\/wp-content\/uploads\/2025\/09\/O1CN01ZTotVP1TbFKlTHrpE_2506382400-0-cib1-12x12.jpg 12w, https:\/\/www.cosmepak.com\/wp-content\/uploads\/2025\/09\/O1CN01ZTotVP1TbFKlTHrpE_2506382400-0-cib1-600x600.jpg 600w, https:\/\/www.cosmepak.com\/wp-content\/uploads\/2025\/09\/O1CN01ZTotVP1TbFKlTHrpE_2506382400-0-cib1-100x100.jpg 100w\" sizes=\"(max-width: 1000px) 100vw, 1000px\" \/><\/td>\n<\/tr>\n<\/tbody>\n<\/table>\n<table style=\"border-collapse: collapse; width: 100%;\">\n<tbody>\n<tr>\n<td style=\"width: 50%;\"><img loading=\"lazy\" decoding=\"async\" class=\"alignnone size-full wp-image-3794\" src=\"https:\/\/www.cosmepak.com\/wp-content\/uploads\/2025\/09\/21.jpg\" alt=\"\" width=\"1000\" height=\"1000\" srcset=\"https:\/\/www.cosmepak.com\/wp-content\/uploads\/2025\/09\/21.jpg 1000w, https:\/\/www.cosmepak.com\/wp-content\/uploads\/2025\/09\/21-300x300.jpg 300w, https:\/\/www.cosmepak.com\/wp-content\/uploads\/2025\/09\/21-150x150.jpg 150w, https:\/\/www.cosmepak.com\/wp-content\/uploads\/2025\/09\/21-768x768.jpg 768w, https:\/\/www.cosmepak.com\/wp-content\/uploads\/2025\/09\/21-12x12.jpg 12w, https:\/\/www.cosmepak.com\/wp-content\/uploads\/2025\/09\/21-600x600.jpg 600w, https:\/\/www.cosmepak.com\/wp-content\/uploads\/2025\/09\/21-100x100.jpg 100w\" sizes=\"(max-width: 1000px) 100vw, 1000px\" \/><\/td>\n<td style=\"width: 50%;\"><img loading=\"lazy\" decoding=\"async\" class=\"alignnone size-full wp-image-3795\" src=\"https:\/\/www.cosmepak.com\/wp-content\/uploads\/2025\/09\/51.jpg\" alt=\"\" width=\"1000\" height=\"1000\" srcset=\"https:\/\/www.cosmepak.com\/wp-content\/uploads\/2025\/09\/51.jpg 1000w, https:\/\/www.cosmepak.com\/wp-content\/uploads\/2025\/09\/51-300x300.jpg 300w, https:\/\/www.cosmepak.com\/wp-content\/uploads\/2025\/09\/51-150x150.jpg 150w, https:\/\/www.cosmepak.com\/wp-content\/uploads\/2025\/09\/51-768x768.jpg 768w, https:\/\/www.cosmepak.com\/wp-content\/uploads\/2025\/09\/51-12x12.jpg 12w, https:\/\/www.cosmepak.com\/wp-content\/uploads\/2025\/09\/51-600x600.jpg 600w, https:\/\/www.cosmepak.com\/wp-content\/uploads\/2025\/09\/51-100x100.jpg 100w\" sizes=\"(max-width: 1000px) 100vw, 1000px\" \/><\/td>\n<\/tr>\n<\/tbody>\n<\/table>\n<p>&nbsp;<\/p>","protected":false},"excerpt":{"rendered":"<p>Material: vidrio<\/p>\n<p>Capacidad: 30 ml\/50 ml<\/p>\n<p>Color: Aceptar personalizado (cualquier color Pantone disponible)<\/p>\n<p>Acabado de superficie: impresi\u00f3n de pantalla, estampado en caliente, gradiente de pulverizaci\u00f3n, acabado mate, etc.<\/p>\n<p>MOQ: 1000pcs \/ 10000pcs personalizado<\/p>\n<p>Muestra: muestras gratuitas disponibles<\/p>\n<p>&nbsp;<\/p>\n<p>&nbsp;<\/p>","protected":false},"featured_media":3796,"comment_status":"closed","ping_status":"closed","template":"","meta":{"_acf_changed":false},"product_brand":[],"product_cat":[19],"product_tag":[40],"class_list":{"0":"post-2949","1":"product","2":"type-product","3":"status-publish","4":"has-post-thumbnail","6":"product_cat-skincare-glass-bottle","7":"product_tag-essential-oil-bottle","9":"first","10":"instock","11":"shipping-taxable","12":"product-type-simple"},"acf":[],"_links":{"self":[{"href":"https:\/\/www.cosmepak.com\/es\/wp-json\/wp\/v2\/product\/2949","targetHints":{"allow":["GET"]}}],"collection":[{"href":"https:\/\/www.cosmepak.com\/es\/wp-json\/wp\/v2\/product"}],"about":[{"href":"https:\/\/www.cosmepak.com\/es\/wp-json\/wp\/v2\/types\/product"}],"replies":[{"embeddable":true,"href":"https:\/\/www.cosmepak.com\/es\/wp-json\/wp\/v2\/comments?post=2949"}],"wp:featuredmedia":[{"embeddable":true,"href":"https:\/\/www.cosmepak.com\/es\/wp-json\/wp\/v2\/media\/3796"}],"wp:attachment":[{"href":"https:\/\/www.cosmepak.com\/es\/wp-json\/wp\/v2\/media?parent=2949"}],"wp:term":[{"taxonomy":"product_brand","embeddable":true,"href":"https:\/\/www.cosmepak.com\/es\/wp-json\/wp\/v2\/product_brand?post=2949"},{"taxonomy":"product_cat","embeddable":true,"href":"https:\/\/www.cosmepak.com\/es\/wp-json\/wp\/v2\/product_cat?post=2949"},{"taxonomy":"product_tag","embeddable":true,"href":"https:\/\/www.cosmepak.com\/es\/wp-json\/wp\/v2\/product_tag?post=2949"}],"curies":[{"name":"WP","href":"https:\/\/api.w.org\/{rel}","templated":true}]}}