{"id":2998,"date":"2025-09-26T15:12:21","date_gmt":"2025-09-26T07:12:21","guid":{"rendered":"https:\/\/www.cosmepak.com\/?post_type=product&#038;p=2998"},"modified":"2025-09-26T15:12:21","modified_gmt":"2025-09-26T07:12:21","slug":"30ml-50ml-100ml-luxury-perfume-glass-bottle-thick-bottom-empty-box-with-pump-sprayer-seal","status":"publish","type":"product","link":"https:\/\/www.cosmepak.com\/es\/product\/30ml-50ml-100ml-luxury-perfume-glass-bottle-thick-bottom-empty-box-with-pump-sprayer-seal\/","title":{"rendered":"30ml 50ml 100ml botella de vidrio de perfume de lujo caja vac\u00eda de fondo gruesa con sello de pulverizador de bomba"},"content":{"rendered":"<p><strong>30ml 50ml 100ml botella de vidrio de perfume de lujo caja vac\u00eda de fondo gruesa con sello de pulverizador de bomba<\/strong><\/p>\n<table style=\"border-collapse: collapse; width: 100%;\">\n<tbody>\n<tr>\n<td style=\"width: 25.1936%;\" rowspan=\"4\"><img fetchpriority=\"high\" decoding=\"async\" class=\"alignnone size-full wp-image-3001\" src=\"https:\/\/www.cosmepak.com\/wp-content\/uploads\/2025\/09\/1.jpg\" alt=\"\" width=\"800\" height=\"800\" srcset=\"https:\/\/www.cosmepak.com\/wp-content\/uploads\/2025\/09\/1.jpg 800w, https:\/\/www.cosmepak.com\/wp-content\/uploads\/2025\/09\/1-300x300.jpg 300w, https:\/\/www.cosmepak.com\/wp-content\/uploads\/2025\/09\/1-150x150.jpg 150w, https:\/\/www.cosmepak.com\/wp-content\/uploads\/2025\/09\/1-768x768.jpg 768w, https:\/\/www.cosmepak.com\/wp-content\/uploads\/2025\/09\/1-12x12.jpg 12w, https:\/\/www.cosmepak.com\/wp-content\/uploads\/2025\/09\/1-600x600.jpg 600w, https:\/\/www.cosmepak.com\/wp-content\/uploads\/2025\/09\/1-100x100.jpg 100w\" sizes=\"(max-width: 800px) 100vw, 800px\" \/><\/td>\n<td style=\"width: 20.1367%; text-align: center;\"><strong>Capacidad<\/strong><\/td>\n<td style=\"width: 19.7368%; text-align: center;\"><strong>Tama\u00f1o del cuello<\/strong><\/td>\n<td style=\"width: 18.1889%; text-align: center;\"><strong>Di\u00e1metro<\/strong><\/td>\n<td style=\"width: 16.744%; text-align: center;\"><strong>Altura total<\/strong><\/td>\n<\/tr>\n<tr>\n<td style=\"width: 20.1367%; text-align: center;\">30 ml<\/td>\n<td style=\"width: 19.7368%; text-align: center;\">15 mm<\/td>\n<td style=\"width: 18.1889%; text-align: center;\">44 mm<\/td>\n<td style=\"width: 16.744%; text-align: center;\">89 mm<\/td>\n<\/tr>\n<tr>\n<td style=\"width: 20.1367%; text-align: center;\">50 ml<\/td>\n<td style=\"width: 19.7368%; text-align: center;\">15 mm<\/td>\n<td style=\"width: 18.1889%; text-align: center;\">51 mm<\/td>\n<td style=\"width: 16.744%; text-align: center;\">97 mm<\/td>\n<\/tr>\n<tr>\n<td style=\"width: 20.1367%; text-align: center;\">100 ml<\/td>\n<td style=\"width: 19.7368%; text-align: center;\">15 mm<\/td>\n<td style=\"width: 18.1889%; text-align: center;\">60 mm<\/td>\n<td style=\"width: 16.744%; text-align: center;\">111mm<\/td>\n<\/tr>\n<\/tbody>\n<\/table>\n<p><img decoding=\"async\" class=\"alignnone size-full wp-image-3002\" src=\"https:\/\/www.cosmepak.com\/wp-content\/uploads\/2025\/09\/8.jpg\" alt=\"\" width=\"1000\" height=\"1000\" srcset=\"https:\/\/www.cosmepak.com\/wp-content\/uploads\/2025\/09\/8.jpg 1000w, https:\/\/www.cosmepak.com\/wp-content\/uploads\/2025\/09\/8-300x300.jpg 300w, https:\/\/www.cosmepak.com\/wp-content\/uploads\/2025\/09\/8-150x150.jpg 150w, https:\/\/www.cosmepak.com\/wp-content\/uploads\/2025\/09\/8-768x768.jpg 768w, https:\/\/www.cosmepak.com\/wp-content\/uploads\/2025\/09\/8-12x12.jpg 12w, https:\/\/www.cosmepak.com\/wp-content\/uploads\/2025\/09\/8-600x600.jpg 600w, https:\/\/www.cosmepak.com\/wp-content\/uploads\/2025\/09\/8-100x100.jpg 100w\" sizes=\"(max-width: 1000px) 100vw, 1000px\" \/><\/p>\n<table style=\"border-collapse: collapse; width: 100%;\">\n<tbody>\n<tr>\n<td style=\"width: 50%;\"><img decoding=\"async\" class=\"alignnone size-full wp-image-3000\" src=\"https:\/\/www.cosmepak.com\/wp-content\/uploads\/2025\/09\/7.jpg\" alt=\"\" width=\"1000\" height=\"1000\" srcset=\"https:\/\/www.cosmepak.com\/wp-content\/uploads\/2025\/09\/7.jpg 1000w, https:\/\/www.cosmepak.com\/wp-content\/uploads\/2025\/09\/7-300x300.jpg 300w, https:\/\/www.cosmepak.com\/wp-content\/uploads\/2025\/09\/7-150x150.jpg 150w, https:\/\/www.cosmepak.com\/wp-content\/uploads\/2025\/09\/7-768x768.jpg 768w, https:\/\/www.cosmepak.com\/wp-content\/uploads\/2025\/09\/7-12x12.jpg 12w, https:\/\/www.cosmepak.com\/wp-content\/uploads\/2025\/09\/7-600x600.jpg 600w, https:\/\/www.cosmepak.com\/wp-content\/uploads\/2025\/09\/7-100x100.jpg 100w\" sizes=\"(max-width: 1000px) 100vw, 1000px\" \/><\/td>\n<td style=\"width: 50%;\"><img loading=\"lazy\" decoding=\"async\" class=\"alignnone size-full wp-image-2999\" src=\"https:\/\/www.cosmepak.com\/wp-content\/uploads\/2025\/09\/6.jpg\" alt=\"\" width=\"1000\" height=\"1000\" srcset=\"https:\/\/www.cosmepak.com\/wp-content\/uploads\/2025\/09\/6.jpg 1000w, https:\/\/www.cosmepak.com\/wp-content\/uploads\/2025\/09\/6-300x300.jpg 300w, https:\/\/www.cosmepak.com\/wp-content\/uploads\/2025\/09\/6-150x150.jpg 150w, https:\/\/www.cosmepak.com\/wp-content\/uploads\/2025\/09\/6-768x768.jpg 768w, https:\/\/www.cosmepak.com\/wp-content\/uploads\/2025\/09\/6-12x12.jpg 12w, https:\/\/www.cosmepak.com\/wp-content\/uploads\/2025\/09\/6-600x600.jpg 600w, https:\/\/www.cosmepak.com\/wp-content\/uploads\/2025\/09\/6-100x100.jpg 100w\" sizes=\"(max-width: 1000px) 100vw, 1000px\" \/><\/td>\n<\/tr>\n<\/tbody>\n<\/table>\n<p>Tama\u00f1o 1.Customizable de 30ml a 100ml: Perfecto para personalizar sus fragancias favoritas o crear combinaciones \u00fanicas, la botella de pulverizaci\u00f3n de perfume de lujo de fondo grueso de 30ml, 50ml y 100ml cuenta con una variedad de opciones de volumen para satisfacer sus preferencias y necesidades.<\/p>\n<p>2.Base m\u00e1s gruesa para la estabilidad: Equipada con un fondo robusto de 0,5 cm de grosor, esta botella de vidrio asegura que sus perfumes o aceites perfumados se mantengan de forma segura en su lugar, proporcionando seguridad y estabilidad adicionales.<\/p>\n<p>3.Construcci\u00f3n de vidrio para la preservaci\u00f3n \u00f3ptima del aroma: Hecho de vidrio de alta calidad, esta botella de perfume de lujo salvaguarda sus fragancias favoritas, evitando fugas y manteniendo su verdadero aroma aut\u00e9ntico.<\/p>\n<p>4.Elegante dise\u00f1o de forma redonda: La forma elegante y redonda de esta botella de vidrio agrega un toque de sofisticaci\u00f3n a cualquier vanidad o vestidor, lo que lo convierte en un regalo perfecto para usted o sus seres queridos.<\/p>\n<p>5. Uso vers\u00e1til para varios productos perfumados: Ideal para su uso tanto en entornos personales como profesionales, esta botella de vidrio es compatible con otros productos cosm\u00e9ticos como aceites esenciales, fragancias de habitaci\u00f3n o sprays corporales, ampliando su versatilidad y practicidad.<\/p>\n<p>6. Difusor de ca\u00f1a premium no incluido: Mientras que esta botella no&#8217; t incluyen un difusor de ca\u00f1a, it&#8217; es compatible con uno, proporcionando una experiencia de olor personalizable que se puede adaptar a sus preferencias.<\/p>\n<p>7. Respectuoso con el medio ambiente: La construcci\u00f3n de vidrio de esta botella la hace una elecci\u00f3n m\u00e1s respetuosa con el medio ambiente en comparaci\u00f3n con las alternativas pl\u00e1sticas, promoviendo la sostenibilidad y reduciendo los residuos.<\/p>\n<p>8. Material de vidrio duradero: El material de base robusto asegura que la botella de vidrio pueda soportar el uso regular, proporcionando un accesorio de larga duraci\u00f3n para perfumes, aceites esenciales y otros productos perfumados.<\/p>\n<p>9. M\u00faltiples opciones de impresi\u00f3n superficial: Elija entre una variedad de t\u00e9cnicas de impresi\u00f3n superficial, incluyendo el helado, las etiquetas, la serigraf\u00eda, la impresi\u00f3n de transferencia de calor y el estampado en caliente, para personalizar su botella y hacerla verdaderamente \u00fanica.<\/p>\n<p>10. Producto procedente de China: Produciendo botellas de vidrio de alta calidad localmente, este producto viene con la garant\u00eda de calidad y artesan\u00eda arraigada en siglos de experiencia.<\/p>\n<p><img loading=\"lazy\" decoding=\"async\" class=\"alignnone size-full wp-image-1347\" src=\"https:\/\/www.cosmepak.com\/wp-content\/uploads\/2024\/12\/\u9996\u987519202_03.jpg\" alt=\"exposici\u00f3n de f\u00e1brica\" width=\"1920\" height=\"885\" srcset=\"https:\/\/www.cosmepak.com\/wp-content\/uploads\/2024\/12\/\u9996\u987519202_03.jpg 1920w, https:\/\/www.cosmepak.com\/wp-content\/uploads\/2024\/12\/\u9996\u987519202_03-300x138.jpg 300w, https:\/\/www.cosmepak.com\/wp-content\/uploads\/2024\/12\/\u9996\u987519202_03-1024x472.jpg 1024w, https:\/\/www.cosmepak.com\/wp-content\/uploads\/2024\/12\/\u9996\u987519202_03-768x354.jpg 768w, https:\/\/www.cosmepak.com\/wp-content\/uploads\/2024\/12\/\u9996\u987519202_03-1536x708.jpg 1536w, https:\/\/www.cosmepak.com\/wp-content\/uploads\/2024\/12\/\u9996\u987519202_03-600x277.jpg 600w\" sizes=\"(max-width: 1920px) 100vw, 1920px\" \/><\/p>\n<p>Nuestra empresa se especializa en la fabricaci\u00f3n de envases cosm\u00e9ticos durante m\u00e1s de 10 a\u00f1os, ahora tenemos 1 f\u00e1brica para envases cosm\u00e9ticos de vidrio, la capacidad puede ser 200.000pcs \/ d\u00eda; 1 f\u00e1brica para el embalaje cosm\u00e9tico de pl\u00e1stico, la capacidad puede ser 50.000pcs \/ d\u00eda;<br \/>\nHab\u00edamos pasado la certificaci\u00f3n ISO9000\/14000, podemos proporcionar SGS y MSDS. Estamos bajo el principio de honestidad con cada cliente.<br \/>\n\u00a1Bienvenido para cooperar!<\/p>\n<p><img loading=\"lazy\" decoding=\"async\" class=\"alignnone size-full wp-image-1348\" src=\"https:\/\/www.cosmepak.com\/wp-content\/uploads\/2024\/12\/\u9996\u987519202_04.jpg\" alt=\"\" width=\"1920\" height=\"694\" srcset=\"https:\/\/www.cosmepak.com\/wp-content\/uploads\/2024\/12\/\u9996\u987519202_04.jpg 1920w, https:\/\/www.cosmepak.com\/wp-content\/uploads\/2024\/12\/\u9996\u987519202_04-300x108.jpg 300w, https:\/\/www.cosmepak.com\/wp-content\/uploads\/2024\/12\/\u9996\u987519202_04-1024x370.jpg 1024w, https:\/\/www.cosmepak.com\/wp-content\/uploads\/2024\/12\/\u9996\u987519202_04-768x278.jpg 768w, https:\/\/www.cosmepak.com\/wp-content\/uploads\/2024\/12\/\u9996\u987519202_04-1536x555.jpg 1536w, https:\/\/www.cosmepak.com\/wp-content\/uploads\/2024\/12\/\u9996\u987519202_04-600x217.jpg 600w\" sizes=\"(max-width: 1920px) 100vw, 1920px\" \/><img loading=\"lazy\" decoding=\"async\" class=\"alignnone size-full wp-image-1350\" src=\"https:\/\/www.cosmepak.com\/wp-content\/uploads\/2024\/12\/\u9996\u987519202_05-1.jpg\" alt=\"\" width=\"1920\" height=\"970\" srcset=\"https:\/\/www.cosmepak.com\/wp-content\/uploads\/2024\/12\/\u9996\u987519202_05-1.jpg 1920w, https:\/\/www.cosmepak.com\/wp-content\/uploads\/2024\/12\/\u9996\u987519202_05-1-300x152.jpg 300w, https:\/\/www.cosmepak.com\/wp-content\/uploads\/2024\/12\/\u9996\u987519202_05-1-1024x517.jpg 1024w, https:\/\/www.cosmepak.com\/wp-content\/uploads\/2024\/12\/\u9996\u987519202_05-1-768x388.jpg 768w, https:\/\/www.cosmepak.com\/wp-content\/uploads\/2024\/12\/\u9996\u987519202_05-1-1536x776.jpg 1536w, https:\/\/www.cosmepak.com\/wp-content\/uploads\/2024\/12\/\u9996\u987519202_05-1-600x303.jpg 600w\" sizes=\"(max-width: 1920px) 100vw, 1920px\" \/><img loading=\"lazy\" decoding=\"async\" class=\"alignnone wp-image-1351\" src=\"https:\/\/www.cosmepak.com\/wp-content\/uploads\/2024\/12\/\u7269\u6d41\u8fd0\u8f93\u753b\u9762-2.jpg\" alt=\"\" width=\"1385\" height=\"1039\" srcset=\"https:\/\/www.cosmepak.com\/wp-content\/uploads\/2024\/12\/\u7269\u6d41\u8fd0\u8f93\u753b\u9762-2.jpg 800w, https:\/\/www.cosmepak.com\/wp-content\/uploads\/2024\/12\/\u7269\u6d41\u8fd0\u8f93\u753b\u9762-2-300x225.jpg 300w, https:\/\/www.cosmepak.com\/wp-content\/uploads\/2024\/12\/\u7269\u6d41\u8fd0\u8f93\u753b\u9762-2-768x576.jpg 768w, https:\/\/www.cosmepak.com\/wp-content\/uploads\/2024\/12\/\u7269\u6d41\u8fd0\u8f93\u753b\u9762-2-600x450.jpg 600w\" sizes=\"(max-width: 1385px) 100vw, 1385px\" \/><\/p>\n<table style=\"border-collapse: collapse; width: 100%;\">\n<tbody>\n<tr>\n<td style=\"width: 33.3333%; text-align: center;\"><strong>Expresar<\/strong><\/td>\n<td style=\"width: 33.3333%; text-align: center;\"><strong>Flete a\u00e9reo<\/strong><\/td>\n<td style=\"width: 33.3333%; text-align: center;\"><strong>Transporte mar\u00edtimo<\/strong><\/td>\n<\/tr>\n<tr>\n<td style=\"width: 33.3333%; text-align: center;\">Europ 4-6day<\/p>\n<p>Am\u00e9rica del Norte 4-6day<\/p>\n<p>Sudeste de Asia 3-5 d\u00edas<\/p>\n<p>El Medio Oriente 4-6day<\/p>\n<p>Sud\u00e1frica 5-8 d\u00edas<\/td>\n<td style=\"width: 33.3333%; text-align: center;\">Europ 4-6day<\/p>\n<p>Am\u00e9rica del Norte 4-6day<\/p>\n<p>Sudeste de Asia 3-5 d\u00edas<\/p>\n<p>El Medio Oriente 4-6day<\/p>\n<p>Sud\u00e1frica 5-8 d\u00edas<\/td>\n<td style=\"width: 33.3333%; text-align: center;\">Europ 25-35day<\/p>\n<p>Am\u00e9rica del Norte 25-35 d\u00edas<\/p>\n<p>Sudeste de Asia 25-35 d\u00edas<\/p>\n<p>El Medio Oriente 25-35 d\u00edas<\/p>\n<p>Sud\u00e1frica 25-35 d\u00edas<\/td>\n<\/tr>\n<\/tbody>\n<\/table>\n<h3 id=\"faq\" class=\"ai-center-markdown-h3\" data-spm-anchor-id=\"a2700.29482153.0.i6.84e671d2THUzZL\">PREGUNTAS FRECUENTES<\/h3>\n<h4 id=\"1-why-should-you-buy-from-us-instead-of-other-suppliers\" class=\"ai-center-markdown-h4\">1. \u00bfPor qu\u00e9 debe comprar de nosotros en lugar de otros proveedores?<\/h4>\n<ol class=\"ai-center-markdown-ol\" start=\"1\">\n<li class=\"ai-center-markdown-li\">Dise\u00f1os personalizados listos en solo 3 minutos.<\/li>\n<li class=\"ai-center-markdown-li\">Servicio al cliente en l\u00ednea 24\/7.<\/li>\n<li class=\"ai-center-markdown-li\">Muestras de stock disponibles en 7 d\u00edas; muestras impresas personalizadas en 15 d\u00edas.<\/li>\n<li class=\"ai-center-markdown-li\">35 d\u00edas de plazo para la producci\u00f3n.<\/li>\n<li class=\"ai-center-markdown-li\">M\u00e1s de 10 a\u00f1os de experiencia como f\u00e1brica profesional de envases cosm\u00e9ticos.<\/li>\n<li class=\"ai-center-markdown-li\">Ventas directas de f\u00e1brica garantizando los mejores precios y servicio.<\/li>\n<li class=\"ai-center-markdown-li\">Soluci\u00f3n \u00fanica para todas las necesidades de envasado cosm\u00e9tico.<\/li>\n<\/ol>\n<h4 id=\"2-who-are-we\" class=\"ai-center-markdown-h4\">2. \u00bfQui\u00e9nes somos?<\/h4>\n<p class=\"ai-center-markdown-p\">Somos una empresa con sede en Zhejiang, China establecida en 2014. Vendemos principalmente al mercado interno (70,00%), con mercados adicionales que incluyen Ocean\u00eda (8,00%), Oriente Medio (7,00%), Asia Oriental (2,00%), Am\u00e9rica del Norte (2,00%), Europa Occidental (2,00%), Sudeste Asi\u00e1tico (2,00%), Asia del Sur (1,00%), Am\u00e9rica del Sur (1,00%), Europa del Sur (1,00%), Am\u00e9rica Central (1,00%), Europa del Norte (1,00%), \u00c1frica (1,00%) y Europa del Este (1,00%).<\/p>\n<h4 id=\"3-how-can-we-guarantee-quality\" class=\"ai-center-markdown-h4\">3. \u00bfC\u00f3mo podemos garantizar la calidad?<\/h4>\n<ul class=\"ai-center-markdown-ul\">\n<li class=\"ai-center-markdown-li\">Siempre proporcione una muestra de preproducci\u00f3n antes de la producci\u00f3n en masa.<\/li>\n<li class=\"ai-center-markdown-li\">Realizar inspecciones finales antes del env\u00edo.<\/li>\n<\/ul>\n<h4 id=\"4-what-can-you-buy-from-us\" class=\"ai-center-markdown-h4\">4. \u00bfQu\u00e9 puede comprar de nosotros?<\/h4>\n<ul class=\"ai-center-markdown-ul\">\n<li class=\"ai-center-markdown-li\">botellas de vidrio<\/li>\n<li class=\"ai-center-markdown-li\">Botellas de pl\u00e1stico \/ frascos \/ tubos<\/li>\n<li class=\"ai-center-markdown-li\">Botellas\/frascos\/tubos de aluminio<\/li>\n<li class=\"ai-center-markdown-li\">Varios materiales de envasado cosm\u00e9tico<\/li>\n<\/ul>\n<h4 id=\"5-what-services-can-we-provide\" class=\"ai-center-markdown-h4\">5. \u00bfQu\u00e9 servicios podemos ofrecer?<\/h4>\n<ul class=\"ai-center-markdown-ul\">\n<li class=\"ai-center-markdown-li\"><strong class=\"ai-center-markdown-strong\">Condiciones de entrega aceptadas:<\/strong>\u00a0FOB, CFR, CIF<\/li>\n<li class=\"ai-center-markdown-li\"><strong class=\"ai-center-markdown-strong\">Moneda de pago aceptada:<\/strong>\u00a0USD, EUR, HKD, CNY<\/li>\n<li class=\"ai-center-markdown-li\"><strong class=\"ai-center-markdown-strong\">Tipos de pago aceptados:<\/strong>\u00a0T \/ T, L \/ C, D \/ P, D \/ A<\/li>\n<li class=\"ai-center-markdown-li\"><strong class=\"ai-center-markdown-strong\">Idiomas hablados:<\/strong>\u00a0Ingl\u00e9s, chino<\/li>\n<\/ul>\n<p>&nbsp;<\/p>","protected":false},"excerpt":{"rendered":"<p>Material de botella: vidrio<\/p>\n<p>Capacidad: 30ml \/ 50ml \/ 100ml<\/p>\n<p>Color: aceptar personalizaci\u00f3n<\/p>\n<p>Acabado de superficie: serigraf\u00eda, esmalte, estampado en caliente, gradiente de pulverizaci\u00f3n, acabado mate, etc. para elegir.<\/p>\n<p>MOQ: 5000pcs;<\/p>\n<p>&nbsp;<\/p>","protected":false},"featured_media":3003,"comment_status":"closed","ping_status":"closed","template":"","meta":{"_acf_changed":false},"product_brand":[],"product_cat":[17],"product_tag":[],"class_list":{"0":"post-2998","1":"product","2":"type-product","3":"status-publish","4":"has-post-thumbnail","6":"product_cat-perfume-bottle","8":"first","9":"instock","10":"shipping-taxable","11":"product-type-simple"},"acf":[],"_links":{"self":[{"href":"https:\/\/www.cosmepak.com\/es\/wp-json\/wp\/v2\/product\/2998","targetHints":{"allow":["GET"]}}],"collection":[{"href":"https:\/\/www.cosmepak.com\/es\/wp-json\/wp\/v2\/product"}],"about":[{"href":"https:\/\/www.cosmepak.com\/es\/wp-json\/wp\/v2\/types\/product"}],"replies":[{"embeddable":true,"href":"https:\/\/www.cosmepak.com\/es\/wp-json\/wp\/v2\/comments?post=2998"}],"wp:featuredmedia":[{"embeddable":true,"href":"https:\/\/www.cosmepak.com\/es\/wp-json\/wp\/v2\/media\/3003"}],"wp:attachment":[{"href":"https:\/\/www.cosmepak.com\/es\/wp-json\/wp\/v2\/media?parent=2998"}],"wp:term":[{"taxonomy":"product_brand","embeddable":true,"href":"https:\/\/www.cosmepak.com\/es\/wp-json\/wp\/v2\/product_brand?post=2998"},{"taxonomy":"product_cat","embeddable":true,"href":"https:\/\/www.cosmepak.com\/es\/wp-json\/wp\/v2\/product_cat?post=2998"},{"taxonomy":"product_tag","embeddable":true,"href":"https:\/\/www.cosmepak.com\/es\/wp-json\/wp\/v2\/product_tag?post=2998"}],"curies":[{"name":"WP","href":"https:\/\/api.w.org\/{rel}","templated":true}]}}